{"id":4129,"date":"2019-03-08T20:53:41","date_gmt":"2019-03-08T19:53:41","guid":{"rendered":"https:\/\/sysmatec.ch\/produit\/capteur-de-temperature-bluetooth-icelsius-blue-pro\/"},"modified":"2022-02-19T17:22:25","modified_gmt":"2022-02-19T16:22:25","slug":"bluetooth-temperatursensor-icelsius-blue-pro","status":"publish","type":"product","link":"https:\/\/sysmatec.ch\/de\/Produkt\/bluetooth-temperatursensor-icelsius-blue-pro\/","title":{"rendered":"Bluetooth Temperatursensor iCelsius Blue PRO"},"content":{"rendered":"<p>iCelsius Blue ist eine batteriebetriebene Bluetooth Einheit mit einem Temperatursensor.<\/p>\n<ul>\n<li type=\"disc\">Temperatur (Spitze nur): -30 \u00b0 bis + 150 \u00b0 C<\/li>\n<li type=\"disc\">Temperatur (ganze Einheit): 0 \u00b0 bis + 35 \u00b0 C<\/li>\n<li type=\"disc\">Relative Luftfeuchtigkeit: 5% bis 95% nicht kondensierend<\/li>\n<li type=\"disc\">Maximale Betriebsh\u00f6he: 3000m<\/li>\n<li type=\"disc\">Lagertemperatur: -20 \u00b0 bis 45 \u00b0 C<\/li>\n<li type=\"disc\">Aufl\u00f6sung: 0.1 \u00b0 C<\/li>\n<li type=\"disc\">Genauigkeit: \u00b1 0.2 \u00b0 C bei 25 \u00b0 C<\/li>\n<li type=\"disc\">Abtastfrequenz: 2 Hz<\/li>\n<li type=\"disc\">Benutzer w\u00e4hlbare Einheit (Celsius \/ Fahrenheit)<\/li>\n<li type=\"disc\">Powered mit 1 CR2032s Batterie (1 enthalten)<\/li>\n<\/ul>\n<p>Sonde Abmessungen &amp; Gewicht<\/p>\n<ul>\n<li type=\"disc\">Radio: 40mm x 40mm x 10mm<\/li>\n<li type=\"disc\">Probe: 100 mm Edelstahl<\/li>\n<li type=\"disc\">Gewicht: 42g<\/li>\n<\/ul>\n<p>Kompatibilit\u00e4t<\/p>\n<ul>\n<li type=\"disc\">iPhone 6 Plus, 6, 5 s, 5c, 5, 4s, iPod touch (5. Generation), iPad Air 2, iPad Air, iPad (4. Generation), iPad (3rd gen), WICHTIG: iOS-Version 6.0 oder h\u00f6her erforderlich<\/li>\n<li type=\"disc\">Android-Ger\u00e4te: Bluetooth 4.0 (Bluetooth Smart) oder h\u00f6her, OS Version 4.3 oder h\u00f6her.<\/li>\n<\/ul>\n","protected":false},"excerpt":{"rendered":"<p>Bluetooth Temperatursensor<\/p>\n","protected":false},"featured_media":4127,"template":"","meta":{"_crdt_document":""},"product_brand":[],"product_cat":[180,378,173],"product_tag":[],"class_list":{"0":"post-4129","1":"product","2":"type-product","3":"status-publish","4":"has-post-thumbnail","6":"product_cat-messung","7":"product_cat-sensor-de","8":"product_cat-temperatur","10":"first","11":"instock","12":"taxable","13":"shipping-taxable","14":"product-type-simple"},"yoast_head":"<!-- This site is optimized with the Yoast SEO plugin v27.3 - https:\/\/yoast.com\/product\/yoast-seo-wordpress\/ -->\n<title>Bluetooth Temperatursensor iCelsius Blue PRO - Sysmatec<\/title>\n<meta name=\"description\" content=\"Bluetooth-Temperatursensor. Messbereich 0\u00b0C bis +35\u00b0C. Funktioniert mit IOS- und Android-Ger\u00e4ten.\" \/>\n<meta name=\"robots\" content=\"index, follow, max-snippet:-1, max-image-preview:large, max-video-preview:-1\" \/>\n<link rel=\"canonical\" href=\"https:\/\/sysmatec.ch\/de\/produit\/bluetooth-temperatursensor-icelsius-blue-pro\/\" \/>\n<meta property=\"og:locale\" content=\"de_DE\" \/>\n<meta property=\"og:type\" content=\"article\" \/>\n<meta property=\"og:title\" content=\"Bluetooth Temperatursensor iCelsius Blue PRO - Sysmatec\" \/>\n<meta property=\"og:description\" content=\"Bluetooth-Temperatursensor. Messbereich 0\u00b0C bis +35\u00b0C. Funktioniert mit IOS- und Android-Ger\u00e4ten.\" \/>\n<meta property=\"og:url\" content=\"https:\/\/sysmatec.ch\/de\/produit\/bluetooth-temperatursensor-icelsius-blue-pro\/\" \/>\n<meta property=\"og:site_name\" content=\"Sysmatec\" \/>\n<meta property=\"article:modified_time\" content=\"2022-02-19T16:22:25+00:00\" \/>\n<meta property=\"og:image\" content=\"https:\/\/sysmatec.ch\/wp-content\/uploads\/2019\/03\/SondeTemperature_ICelsiusBluePRO.jpg\" \/>\n\t<meta property=\"og:image:width\" content=\"183\" \/>\n\t<meta property=\"og:image:height\" content=\"88\" \/>\n\t<meta property=\"og:image:type\" content=\"image\/jpeg\" \/>\n<meta name=\"twitter:card\" content=\"summary_large_image\" \/>\n<meta name=\"twitter:label1\" content=\"Gesch\u00e4tzte Lesezeit\" \/>\n\t<meta name=\"twitter:data1\" content=\"1\u00a0Minute\" \/>\n<script type=\"application\/ld+json\" class=\"yoast-schema-graph\">{\"@context\":\"https:\\\/\\\/schema.org\",\"@graph\":[{\"@type\":\"WebPage\",\"@id\":\"https:\\\/\\\/sysmatec.ch\\\/de\\\/produit\\\/bluetooth-temperatursensor-icelsius-blue-pro\\\/\",\"url\":\"https:\\\/\\\/sysmatec.ch\\\/de\\\/produit\\\/bluetooth-temperatursensor-icelsius-blue-pro\\\/\",\"name\":\"Bluetooth Temperatursensor iCelsius Blue PRO - Sysmatec\",\"isPartOf\":{\"@id\":\"https:\\\/\\\/sysmatec.ch\\\/de\\\/#website\"},\"primaryImageOfPage\":{\"@id\":\"https:\\\/\\\/sysmatec.ch\\\/de\\\/produit\\\/bluetooth-temperatursensor-icelsius-blue-pro\\\/#primaryimage\"},\"image\":{\"@id\":\"https:\\\/\\\/sysmatec.ch\\\/de\\\/produit\\\/bluetooth-temperatursensor-icelsius-blue-pro\\\/#primaryimage\"},\"thumbnailUrl\":\"https:\\\/\\\/sysmatec.ch\\\/wp-content\\\/uploads\\\/2019\\\/03\\\/SondeTemperature_ICelsiusBluePRO.jpg\",\"datePublished\":\"2019-03-08T19:53:41+00:00\",\"dateModified\":\"2022-02-19T16:22:25+00:00\",\"description\":\"Bluetooth-Temperatursensor. Messbereich 0\u00b0C bis +35\u00b0C. Funktioniert mit IOS- und Android-Ger\u00e4ten.\",\"breadcrumb\":{\"@id\":\"https:\\\/\\\/sysmatec.ch\\\/de\\\/produit\\\/bluetooth-temperatursensor-icelsius-blue-pro\\\/#breadcrumb\"},\"inLanguage\":\"de\",\"potentialAction\":[{\"@type\":\"ReadAction\",\"target\":[\"https:\\\/\\\/sysmatec.ch\\\/de\\\/produit\\\/bluetooth-temperatursensor-icelsius-blue-pro\\\/\"]}]},{\"@type\":\"ImageObject\",\"inLanguage\":\"de\",\"@id\":\"https:\\\/\\\/sysmatec.ch\\\/de\\\/produit\\\/bluetooth-temperatursensor-icelsius-blue-pro\\\/#primaryimage\",\"url\":\"https:\\\/\\\/sysmatec.ch\\\/wp-content\\\/uploads\\\/2019\\\/03\\\/SondeTemperature_ICelsiusBluePRO.jpg\",\"contentUrl\":\"https:\\\/\\\/sysmatec.ch\\\/wp-content\\\/uploads\\\/2019\\\/03\\\/SondeTemperature_ICelsiusBluePRO.jpg\",\"width\":183,\"height\":88},{\"@type\":\"BreadcrumbList\",\"@id\":\"https:\\\/\\\/sysmatec.ch\\\/de\\\/produit\\\/bluetooth-temperatursensor-icelsius-blue-pro\\\/#breadcrumb\",\"itemListElement\":[{\"@type\":\"ListItem\",\"position\":1,\"name\":\"Accueil\",\"item\":\"https:\\\/\\\/sysmatec.ch\\\/de\\\/\"},{\"@type\":\"ListItem\",\"position\":2,\"name\":\"Die Aktivit\u00e4t von Sysmatec\",\"item\":\"https:\\\/\\\/sysmatec.ch\\\/de\\\/\"},{\"@type\":\"ListItem\",\"position\":3,\"name\":\"Bluetooth Temperatursensor iCelsius Blue PRO\"}]},{\"@type\":\"WebSite\",\"@id\":\"https:\\\/\\\/sysmatec.ch\\\/de\\\/#website\",\"url\":\"https:\\\/\\\/sysmatec.ch\\\/de\\\/\",\"name\":\"Sysmatec\",\"description\":\"Equipement de laboratoire et logiciels\",\"publisher\":{\"@id\":\"https:\\\/\\\/sysmatec.ch\\\/de\\\/#organization\"},\"potentialAction\":[{\"@type\":\"SearchAction\",\"target\":{\"@type\":\"EntryPoint\",\"urlTemplate\":\"https:\\\/\\\/sysmatec.ch\\\/de\\\/?s={search_term_string}\"},\"query-input\":{\"@type\":\"PropertyValueSpecification\",\"valueRequired\":true,\"valueName\":\"search_term_string\"}}],\"inLanguage\":\"de\"},{\"@type\":\"Organization\",\"@id\":\"https:\\\/\\\/sysmatec.ch\\\/de\\\/#organization\",\"name\":\"Sysmatec\",\"url\":\"https:\\\/\\\/sysmatec.ch\\\/de\\\/\",\"logo\":{\"@type\":\"ImageObject\",\"inLanguage\":\"de\",\"@id\":\"https:\\\/\\\/sysmatec.ch\\\/de\\\/#\\\/schema\\\/logo\\\/image\\\/\",\"url\":\"https:\\\/\\\/sysmatec.ch\\\/wp-content\\\/uploads\\\/2018\\\/11\\\/LogoSysmatec.jpg\",\"contentUrl\":\"https:\\\/\\\/sysmatec.ch\\\/wp-content\\\/uploads\\\/2018\\\/11\\\/LogoSysmatec.jpg\",\"width\":301,\"height\":297,\"caption\":\"Sysmatec\"},\"image\":{\"@id\":\"https:\\\/\\\/sysmatec.ch\\\/de\\\/#\\\/schema\\\/logo\\\/image\\\/\"}}]}<\/script>\n<!-- \/ Yoast SEO plugin. -->","yoast_head_json":{"title":"Bluetooth Temperatursensor iCelsius Blue PRO - Sysmatec","description":"Bluetooth-Temperatursensor. Messbereich 0\u00b0C bis +35\u00b0C. Funktioniert mit IOS- und Android-Ger\u00e4ten.","robots":{"index":"index","follow":"follow","max-snippet":"max-snippet:-1","max-image-preview":"max-image-preview:large","max-video-preview":"max-video-preview:-1"},"canonical":"https:\/\/sysmatec.ch\/de\/produit\/bluetooth-temperatursensor-icelsius-blue-pro\/","og_locale":"de_DE","og_type":"article","og_title":"Bluetooth Temperatursensor iCelsius Blue PRO - Sysmatec","og_description":"Bluetooth-Temperatursensor. Messbereich 0\u00b0C bis +35\u00b0C. Funktioniert mit IOS- und Android-Ger\u00e4ten.","og_url":"https:\/\/sysmatec.ch\/de\/produit\/bluetooth-temperatursensor-icelsius-blue-pro\/","og_site_name":"Sysmatec","article_modified_time":"2022-02-19T16:22:25+00:00","og_image":[{"width":183,"height":88,"url":"https:\/\/sysmatec.ch\/wp-content\/uploads\/2019\/03\/SondeTemperature_ICelsiusBluePRO.jpg","type":"image\/jpeg"}],"twitter_card":"summary_large_image","twitter_misc":{"Gesch\u00e4tzte Lesezeit":"1\u00a0Minute"},"schema":{"@context":"https:\/\/schema.org","@graph":[{"@type":"WebPage","@id":"https:\/\/sysmatec.ch\/de\/produit\/bluetooth-temperatursensor-icelsius-blue-pro\/","url":"https:\/\/sysmatec.ch\/de\/produit\/bluetooth-temperatursensor-icelsius-blue-pro\/","name":"Bluetooth Temperatursensor iCelsius Blue PRO - Sysmatec","isPartOf":{"@id":"https:\/\/sysmatec.ch\/de\/#website"},"primaryImageOfPage":{"@id":"https:\/\/sysmatec.ch\/de\/produit\/bluetooth-temperatursensor-icelsius-blue-pro\/#primaryimage"},"image":{"@id":"https:\/\/sysmatec.ch\/de\/produit\/bluetooth-temperatursensor-icelsius-blue-pro\/#primaryimage"},"thumbnailUrl":"https:\/\/sysmatec.ch\/wp-content\/uploads\/2019\/03\/SondeTemperature_ICelsiusBluePRO.jpg","datePublished":"2019-03-08T19:53:41+00:00","dateModified":"2022-02-19T16:22:25+00:00","description":"Bluetooth-Temperatursensor. Messbereich 0\u00b0C bis +35\u00b0C. Funktioniert mit IOS- und Android-Ger\u00e4ten.","breadcrumb":{"@id":"https:\/\/sysmatec.ch\/de\/produit\/bluetooth-temperatursensor-icelsius-blue-pro\/#breadcrumb"},"inLanguage":"de","potentialAction":[{"@type":"ReadAction","target":["https:\/\/sysmatec.ch\/de\/produit\/bluetooth-temperatursensor-icelsius-blue-pro\/"]}]},{"@type":"ImageObject","inLanguage":"de","@id":"https:\/\/sysmatec.ch\/de\/produit\/bluetooth-temperatursensor-icelsius-blue-pro\/#primaryimage","url":"https:\/\/sysmatec.ch\/wp-content\/uploads\/2019\/03\/SondeTemperature_ICelsiusBluePRO.jpg","contentUrl":"https:\/\/sysmatec.ch\/wp-content\/uploads\/2019\/03\/SondeTemperature_ICelsiusBluePRO.jpg","width":183,"height":88},{"@type":"BreadcrumbList","@id":"https:\/\/sysmatec.ch\/de\/produit\/bluetooth-temperatursensor-icelsius-blue-pro\/#breadcrumb","itemListElement":[{"@type":"ListItem","position":1,"name":"Accueil","item":"https:\/\/sysmatec.ch\/de\/"},{"@type":"ListItem","position":2,"name":"Die Aktivit\u00e4t von Sysmatec","item":"https:\/\/sysmatec.ch\/de\/"},{"@type":"ListItem","position":3,"name":"Bluetooth Temperatursensor iCelsius Blue PRO"}]},{"@type":"WebSite","@id":"https:\/\/sysmatec.ch\/de\/#website","url":"https:\/\/sysmatec.ch\/de\/","name":"Sysmatec","description":"Equipement de laboratoire et logiciels","publisher":{"@id":"https:\/\/sysmatec.ch\/de\/#organization"},"potentialAction":[{"@type":"SearchAction","target":{"@type":"EntryPoint","urlTemplate":"https:\/\/sysmatec.ch\/de\/?s={search_term_string}"},"query-input":{"@type":"PropertyValueSpecification","valueRequired":true,"valueName":"search_term_string"}}],"inLanguage":"de"},{"@type":"Organization","@id":"https:\/\/sysmatec.ch\/de\/#organization","name":"Sysmatec","url":"https:\/\/sysmatec.ch\/de\/","logo":{"@type":"ImageObject","inLanguage":"de","@id":"https:\/\/sysmatec.ch\/de\/#\/schema\/logo\/image\/","url":"https:\/\/sysmatec.ch\/wp-content\/uploads\/2018\/11\/LogoSysmatec.jpg","contentUrl":"https:\/\/sysmatec.ch\/wp-content\/uploads\/2018\/11\/LogoSysmatec.jpg","width":301,"height":297,"caption":"Sysmatec"},"image":{"@id":"https:\/\/sysmatec.ch\/de\/#\/schema\/logo\/image\/"}}]}},"_links":{"self":[{"href":"https:\/\/sysmatec.ch\/de\/wp-json\/wp\/v2\/product\/4129","targetHints":{"allow":["GET"]}}],"collection":[{"href":"https:\/\/sysmatec.ch\/de\/wp-json\/wp\/v2\/product"}],"about":[{"href":"https:\/\/sysmatec.ch\/de\/wp-json\/wp\/v2\/types\/product"}],"wp:featuredmedia":[{"embeddable":true,"href":"https:\/\/sysmatec.ch\/de\/wp-json\/wp\/v2\/media\/4127"}],"wp:attachment":[{"href":"https:\/\/sysmatec.ch\/de\/wp-json\/wp\/v2\/media?parent=4129"}],"wp:term":[{"taxonomy":"product_brand","embeddable":true,"href":"https:\/\/sysmatec.ch\/de\/wp-json\/wp\/v2\/product_brand?post=4129"},{"taxonomy":"product_cat","embeddable":true,"href":"https:\/\/sysmatec.ch\/de\/wp-json\/wp\/v2\/product_cat?post=4129"},{"taxonomy":"product_tag","embeddable":true,"href":"https:\/\/sysmatec.ch\/de\/wp-json\/wp\/v2\/product_tag?post=4129"}],"curies":[{"name":"wp","href":"https:\/\/api.w.org\/{rel}","templated":true}]}}