{"id":4072,"date":"2019-03-08T09:34:31","date_gmt":"2019-03-08T08:34:31","guid":{"rendered":"https:\/\/sysmatec.ch\/produit\/sonde-de-temperature-double-en-ptfe-avec-connecteur-lemo\/"},"modified":"2022-02-19T21:47:46","modified_gmt":"2022-02-19T20:47:46","slug":"doppelte-temperatur-ptfe-sonde-mit-lemo-stecker","status":"publish","type":"product","link":"https:\/\/sysmatec.ch\/de\/Produkt\/doppelte-temperatur-ptfe-sonde-mit-lemo-stecker\/","title":{"rendered":"Doppelte Temperatur PTFE Sonde mit Lemo Stecker"},"content":{"rendered":"<ul>\n<li type=\"disc\">Chemische Best\u00e4ndigkeit: sehr gut<\/li>\n<li type=\"disc\">Me\u00dfbereich: -50\u00b0C bis +250\u00b0C<\/li>\n<li type=\"disc\">T 90: 30 s<\/li>\n<li type=\"disc\">Zwei unabh\u00e4ngige Mess-Sensoren PT 100 in einem mit PTFE-ESD ummantelten Edelstahl-Rohr (1.4571). Fallschutzring \u00d8 12 mm, Bohrungs-\u00d8 f\u00fcr Erdungsanschluss 5 mm. Die Schaltkreise sind nach Norm EN 61010-2-010:2013 r\u00e4umlich voneinander getrennt.<\/li>\n<li type=\"disc\">Vermeidung elektrostatischer Aufladung<\/li>\n<li type=\"disc\">Breite der Kopplung: 27 mm<\/li>\n<\/ul>\n<table border=\"1\" width=\"591\" cellspacing=\"2\" cellpadding=\"0\">\n<tbody>\n<tr>\n<td>Ref.<\/td>\n<td>F\u00fchlernutzl\u00e4nge mm<\/td>\n<td>Probe dia. mm<\/td>\n<td>Gesamtl\u00e4nge mm<\/td>\n<\/tr>\n<tr>\n<td>P1744-20<\/td>\n<td>300<\/td>\n<td>8<\/td>\n<td>400<\/td>\n<\/tr>\n<tr>\n<td>P1744-23<\/td>\n<td>400<\/td>\n<td>8<\/td>\n<td>500<\/td>\n<\/tr>\n<tr>\n<td>P1744-30<\/td>\n<td>500<\/td>\n<td>8<\/td>\n<td>600<\/td>\n<\/tr>\n<\/tbody>\n<\/table>\n","protected":false},"excerpt":{"rendered":"<p>Doppelte Temperatur PTFE Sonde mit Lemo Stecker<\/p>\n","protected":false},"featured_media":4070,"template":"","meta":{"_crdt_document":""},"product_brand":[],"product_cat":[378,173],"product_tag":[],"class_list":{"0":"post-4072","1":"product","2":"type-product","3":"status-publish","4":"has-post-thumbnail","6":"product_cat-sensor-de","7":"product_cat-temperatur","9":"first","10":"instock","11":"taxable","12":"shipping-taxable","13":"product-type-simple"},"yoast_head":"<!-- This site is optimized with the Yoast SEO plugin v27.3 - https:\/\/yoast.com\/product\/yoast-seo-wordpress\/ -->\n<title>Doppelte Temperatur PTFE Sonde mit Lemo Stecker - Sysmatec<\/title>\n<meta name=\"description\" content=\"Doppelter PTFE-Temperaturf\u00fchler mit Lemo-Stecker. Hervorragender Widerstand. Temperaturbereich -50 \u00b0C bis 250 \u00b0C.\" \/>\n<meta name=\"robots\" content=\"index, follow, max-snippet:-1, max-image-preview:large, max-video-preview:-1\" \/>\n<link rel=\"canonical\" href=\"https:\/\/sysmatec.ch\/de\/produit\/doppelte-temperatur-ptfe-sonde-mit-lemo-stecker\/\" \/>\n<meta property=\"og:locale\" content=\"de_DE\" \/>\n<meta property=\"og:type\" content=\"article\" \/>\n<meta property=\"og:title\" content=\"Doppelte Temperatur PTFE Sonde mit Lemo Stecker - Sysmatec\" \/>\n<meta property=\"og:description\" content=\"Doppelter PTFE-Temperaturf\u00fchler mit Lemo-Stecker. Hervorragender Widerstand. Temperaturbereich -50 \u00b0C bis 250 \u00b0C.\" \/>\n<meta property=\"og:url\" content=\"https:\/\/sysmatec.ch\/de\/produit\/doppelte-temperatur-ptfe-sonde-mit-lemo-stecker\/\" \/>\n<meta property=\"og:site_name\" content=\"Sysmatec\" \/>\n<meta property=\"article:modified_time\" content=\"2022-02-19T20:47:46+00:00\" \/>\n<meta property=\"og:image\" content=\"https:\/\/sysmatec.ch\/wp-content\/uploads\/2019\/03\/SondeTemperature_BolaPTFEPt100.jpg\" \/>\n\t<meta property=\"og:image:width\" content=\"193\" \/>\n\t<meta property=\"og:image:height\" content=\"193\" \/>\n\t<meta property=\"og:image:type\" content=\"image\/jpeg\" \/>\n<meta name=\"twitter:card\" content=\"summary_large_image\" \/>\n<script type=\"application\/ld+json\" class=\"yoast-schema-graph\">{\"@context\":\"https:\\\/\\\/schema.org\",\"@graph\":[{\"@type\":\"WebPage\",\"@id\":\"https:\\\/\\\/sysmatec.ch\\\/de\\\/produit\\\/doppelte-temperatur-ptfe-sonde-mit-lemo-stecker\\\/\",\"url\":\"https:\\\/\\\/sysmatec.ch\\\/de\\\/produit\\\/doppelte-temperatur-ptfe-sonde-mit-lemo-stecker\\\/\",\"name\":\"Doppelte Temperatur PTFE Sonde mit Lemo Stecker - Sysmatec\",\"isPartOf\":{\"@id\":\"https:\\\/\\\/sysmatec.ch\\\/de\\\/#website\"},\"primaryImageOfPage\":{\"@id\":\"https:\\\/\\\/sysmatec.ch\\\/de\\\/produit\\\/doppelte-temperatur-ptfe-sonde-mit-lemo-stecker\\\/#primaryimage\"},\"image\":{\"@id\":\"https:\\\/\\\/sysmatec.ch\\\/de\\\/produit\\\/doppelte-temperatur-ptfe-sonde-mit-lemo-stecker\\\/#primaryimage\"},\"thumbnailUrl\":\"https:\\\/\\\/sysmatec.ch\\\/wp-content\\\/uploads\\\/2019\\\/03\\\/SondeTemperature_BolaPTFEPt100.jpg\",\"datePublished\":\"2019-03-08T08:34:31+00:00\",\"dateModified\":\"2022-02-19T20:47:46+00:00\",\"description\":\"Doppelter PTFE-Temperaturf\u00fchler mit Lemo-Stecker. Hervorragender Widerstand. Temperaturbereich -50 \u00b0C bis 250 \u00b0C.\",\"breadcrumb\":{\"@id\":\"https:\\\/\\\/sysmatec.ch\\\/de\\\/produit\\\/doppelte-temperatur-ptfe-sonde-mit-lemo-stecker\\\/#breadcrumb\"},\"inLanguage\":\"de\",\"potentialAction\":[{\"@type\":\"ReadAction\",\"target\":[\"https:\\\/\\\/sysmatec.ch\\\/de\\\/produit\\\/doppelte-temperatur-ptfe-sonde-mit-lemo-stecker\\\/\"]}]},{\"@type\":\"ImageObject\",\"inLanguage\":\"de\",\"@id\":\"https:\\\/\\\/sysmatec.ch\\\/de\\\/produit\\\/doppelte-temperatur-ptfe-sonde-mit-lemo-stecker\\\/#primaryimage\",\"url\":\"https:\\\/\\\/sysmatec.ch\\\/wp-content\\\/uploads\\\/2019\\\/03\\\/SondeTemperature_BolaPTFEPt100.jpg\",\"contentUrl\":\"https:\\\/\\\/sysmatec.ch\\\/wp-content\\\/uploads\\\/2019\\\/03\\\/SondeTemperature_BolaPTFEPt100.jpg\",\"width\":193,\"height\":193},{\"@type\":\"BreadcrumbList\",\"@id\":\"https:\\\/\\\/sysmatec.ch\\\/de\\\/produit\\\/doppelte-temperatur-ptfe-sonde-mit-lemo-stecker\\\/#breadcrumb\",\"itemListElement\":[{\"@type\":\"ListItem\",\"position\":1,\"name\":\"Accueil\",\"item\":\"https:\\\/\\\/sysmatec.ch\\\/de\\\/\"},{\"@type\":\"ListItem\",\"position\":2,\"name\":\"Die Aktivit\u00e4t von Sysmatec\",\"item\":\"https:\\\/\\\/sysmatec.ch\\\/de\\\/\"},{\"@type\":\"ListItem\",\"position\":3,\"name\":\"Doppelte Temperatur PTFE Sonde mit Lemo Stecker\"}]},{\"@type\":\"WebSite\",\"@id\":\"https:\\\/\\\/sysmatec.ch\\\/de\\\/#website\",\"url\":\"https:\\\/\\\/sysmatec.ch\\\/de\\\/\",\"name\":\"Sysmatec\",\"description\":\"Equipement de laboratoire et logiciels\",\"publisher\":{\"@id\":\"https:\\\/\\\/sysmatec.ch\\\/de\\\/#organization\"},\"potentialAction\":[{\"@type\":\"SearchAction\",\"target\":{\"@type\":\"EntryPoint\",\"urlTemplate\":\"https:\\\/\\\/sysmatec.ch\\\/de\\\/?s={search_term_string}\"},\"query-input\":{\"@type\":\"PropertyValueSpecification\",\"valueRequired\":true,\"valueName\":\"search_term_string\"}}],\"inLanguage\":\"de\"},{\"@type\":\"Organization\",\"@id\":\"https:\\\/\\\/sysmatec.ch\\\/de\\\/#organization\",\"name\":\"Sysmatec\",\"url\":\"https:\\\/\\\/sysmatec.ch\\\/de\\\/\",\"logo\":{\"@type\":\"ImageObject\",\"inLanguage\":\"de\",\"@id\":\"https:\\\/\\\/sysmatec.ch\\\/de\\\/#\\\/schema\\\/logo\\\/image\\\/\",\"url\":\"https:\\\/\\\/sysmatec.ch\\\/wp-content\\\/uploads\\\/2018\\\/11\\\/LogoSysmatec.jpg\",\"contentUrl\":\"https:\\\/\\\/sysmatec.ch\\\/wp-content\\\/uploads\\\/2018\\\/11\\\/LogoSysmatec.jpg\",\"width\":301,\"height\":297,\"caption\":\"Sysmatec\"},\"image\":{\"@id\":\"https:\\\/\\\/sysmatec.ch\\\/de\\\/#\\\/schema\\\/logo\\\/image\\\/\"}}]}<\/script>\n<!-- \/ Yoast SEO plugin. -->","yoast_head_json":{"title":"Doppelte Temperatur PTFE Sonde mit Lemo Stecker - Sysmatec","description":"Doppelter PTFE-Temperaturf\u00fchler mit Lemo-Stecker. Hervorragender Widerstand. Temperaturbereich -50 \u00b0C bis 250 \u00b0C.","robots":{"index":"index","follow":"follow","max-snippet":"max-snippet:-1","max-image-preview":"max-image-preview:large","max-video-preview":"max-video-preview:-1"},"canonical":"https:\/\/sysmatec.ch\/de\/produit\/doppelte-temperatur-ptfe-sonde-mit-lemo-stecker\/","og_locale":"de_DE","og_type":"article","og_title":"Doppelte Temperatur PTFE Sonde mit Lemo Stecker - Sysmatec","og_description":"Doppelter PTFE-Temperaturf\u00fchler mit Lemo-Stecker. Hervorragender Widerstand. Temperaturbereich -50 \u00b0C bis 250 \u00b0C.","og_url":"https:\/\/sysmatec.ch\/de\/produit\/doppelte-temperatur-ptfe-sonde-mit-lemo-stecker\/","og_site_name":"Sysmatec","article_modified_time":"2022-02-19T20:47:46+00:00","og_image":[{"width":193,"height":193,"url":"https:\/\/sysmatec.ch\/wp-content\/uploads\/2019\/03\/SondeTemperature_BolaPTFEPt100.jpg","type":"image\/jpeg"}],"twitter_card":"summary_large_image","schema":{"@context":"https:\/\/schema.org","@graph":[{"@type":"WebPage","@id":"https:\/\/sysmatec.ch\/de\/produit\/doppelte-temperatur-ptfe-sonde-mit-lemo-stecker\/","url":"https:\/\/sysmatec.ch\/de\/produit\/doppelte-temperatur-ptfe-sonde-mit-lemo-stecker\/","name":"Doppelte Temperatur PTFE Sonde mit Lemo Stecker - Sysmatec","isPartOf":{"@id":"https:\/\/sysmatec.ch\/de\/#website"},"primaryImageOfPage":{"@id":"https:\/\/sysmatec.ch\/de\/produit\/doppelte-temperatur-ptfe-sonde-mit-lemo-stecker\/#primaryimage"},"image":{"@id":"https:\/\/sysmatec.ch\/de\/produit\/doppelte-temperatur-ptfe-sonde-mit-lemo-stecker\/#primaryimage"},"thumbnailUrl":"https:\/\/sysmatec.ch\/wp-content\/uploads\/2019\/03\/SondeTemperature_BolaPTFEPt100.jpg","datePublished":"2019-03-08T08:34:31+00:00","dateModified":"2022-02-19T20:47:46+00:00","description":"Doppelter PTFE-Temperaturf\u00fchler mit Lemo-Stecker. Hervorragender Widerstand. Temperaturbereich -50 \u00b0C bis 250 \u00b0C.","breadcrumb":{"@id":"https:\/\/sysmatec.ch\/de\/produit\/doppelte-temperatur-ptfe-sonde-mit-lemo-stecker\/#breadcrumb"},"inLanguage":"de","potentialAction":[{"@type":"ReadAction","target":["https:\/\/sysmatec.ch\/de\/produit\/doppelte-temperatur-ptfe-sonde-mit-lemo-stecker\/"]}]},{"@type":"ImageObject","inLanguage":"de","@id":"https:\/\/sysmatec.ch\/de\/produit\/doppelte-temperatur-ptfe-sonde-mit-lemo-stecker\/#primaryimage","url":"https:\/\/sysmatec.ch\/wp-content\/uploads\/2019\/03\/SondeTemperature_BolaPTFEPt100.jpg","contentUrl":"https:\/\/sysmatec.ch\/wp-content\/uploads\/2019\/03\/SondeTemperature_BolaPTFEPt100.jpg","width":193,"height":193},{"@type":"BreadcrumbList","@id":"https:\/\/sysmatec.ch\/de\/produit\/doppelte-temperatur-ptfe-sonde-mit-lemo-stecker\/#breadcrumb","itemListElement":[{"@type":"ListItem","position":1,"name":"Accueil","item":"https:\/\/sysmatec.ch\/de\/"},{"@type":"ListItem","position":2,"name":"Die Aktivit\u00e4t von Sysmatec","item":"https:\/\/sysmatec.ch\/de\/"},{"@type":"ListItem","position":3,"name":"Doppelte Temperatur PTFE Sonde mit Lemo Stecker"}]},{"@type":"WebSite","@id":"https:\/\/sysmatec.ch\/de\/#website","url":"https:\/\/sysmatec.ch\/de\/","name":"Sysmatec","description":"Equipement de laboratoire et logiciels","publisher":{"@id":"https:\/\/sysmatec.ch\/de\/#organization"},"potentialAction":[{"@type":"SearchAction","target":{"@type":"EntryPoint","urlTemplate":"https:\/\/sysmatec.ch\/de\/?s={search_term_string}"},"query-input":{"@type":"PropertyValueSpecification","valueRequired":true,"valueName":"search_term_string"}}],"inLanguage":"de"},{"@type":"Organization","@id":"https:\/\/sysmatec.ch\/de\/#organization","name":"Sysmatec","url":"https:\/\/sysmatec.ch\/de\/","logo":{"@type":"ImageObject","inLanguage":"de","@id":"https:\/\/sysmatec.ch\/de\/#\/schema\/logo\/image\/","url":"https:\/\/sysmatec.ch\/wp-content\/uploads\/2018\/11\/LogoSysmatec.jpg","contentUrl":"https:\/\/sysmatec.ch\/wp-content\/uploads\/2018\/11\/LogoSysmatec.jpg","width":301,"height":297,"caption":"Sysmatec"},"image":{"@id":"https:\/\/sysmatec.ch\/de\/#\/schema\/logo\/image\/"}}]}},"_links":{"self":[{"href":"https:\/\/sysmatec.ch\/de\/wp-json\/wp\/v2\/product\/4072","targetHints":{"allow":["GET"]}}],"collection":[{"href":"https:\/\/sysmatec.ch\/de\/wp-json\/wp\/v2\/product"}],"about":[{"href":"https:\/\/sysmatec.ch\/de\/wp-json\/wp\/v2\/types\/product"}],"wp:featuredmedia":[{"embeddable":true,"href":"https:\/\/sysmatec.ch\/de\/wp-json\/wp\/v2\/media\/4070"}],"wp:attachment":[{"href":"https:\/\/sysmatec.ch\/de\/wp-json\/wp\/v2\/media?parent=4072"}],"wp:term":[{"taxonomy":"product_brand","embeddable":true,"href":"https:\/\/sysmatec.ch\/de\/wp-json\/wp\/v2\/product_brand?post=4072"},{"taxonomy":"product_cat","embeddable":true,"href":"https:\/\/sysmatec.ch\/de\/wp-json\/wp\/v2\/product_cat?post=4072"},{"taxonomy":"product_tag","embeddable":true,"href":"https:\/\/sysmatec.ch\/de\/wp-json\/wp\/v2\/product_tag?post=4072"}],"curies":[{"name":"wp","href":"https:\/\/api.w.org\/{rel}","templated":true}]}}