{"id":4064,"date":"2019-03-07T21:58:03","date_gmt":"2019-03-07T20:58:03","guid":{"rendered":"https:\/\/sysmatec.ch\/produit\/sonde-de-temperature-de-type-k-avec-connecteur-smtp-ptfe\/"},"modified":"2022-02-19T21:55:14","modified_gmt":"2022-02-19T20:55:14","slug":"thermoelement-k-mit-smp-stecker-ptfe","status":"publish","type":"product","link":"https:\/\/sysmatec.ch\/de\/Produkt\/thermoelement-k-mit-smp-stecker-ptfe\/","title":{"rendered":"Thermoelement K mit SMP-Stecker, PTFE"},"content":{"rendered":"<p>Thermoelement K (Ni Cr + Ni) in einem mit PTFE ummantelten Edelstahlrohr (1.4571). F\u00fchler \u00d8 8 mm, mit angespitztem F\u00fchlerende, Fallschutzring \u00d8 12 mm. Der Anschluss erfolgt durch ein gr\u00fcnes PTFE \u00fcberzogenes Anschlusskabel (1,5 m lang) mit einem SMP-Stecker.<\/p>\n<p>Chemische Best\u00e4ndigkeit: sehr gut<\/p>\n<p>Me\u00dfbereich: -50\u00b0C bis +250\u00b0C<\/p>\n<ul>\n<li>P1860-15: n\u00fctzbare L\u00e4nge: 200 mm<\/li>\n<li>P1860-20: n\u00fctzbare L\u00e4nge: 300 mm<\/li>\n<li>P1860-25: n\u00fctzbare L\u00e4nge: 500 mm<\/li>\n<\/ul>\n","protected":false},"excerpt":{"rendered":"<p>Thermoelement K mit SMP-Stecker, PTFE<\/p>\n","protected":false},"featured_media":4062,"template":"","meta":{"_crdt_document":""},"product_brand":[],"product_cat":[378,173],"product_tag":[],"class_list":{"0":"post-4064","1":"product","2":"type-product","3":"status-publish","4":"has-post-thumbnail","6":"product_cat-sensor-de","7":"product_cat-temperatur","9":"first","10":"instock","11":"taxable","12":"shipping-taxable","13":"product-type-simple"},"yoast_head":"<!-- This site is optimized with the Yoast SEO plugin v27.3 - https:\/\/yoast.com\/product\/yoast-seo-wordpress\/ -->\n<title>Thermoelement K mit SMP-Stecker, PTFE - Sysmatec<\/title>\n<meta name=\"description\" content=\"Thermoelement-Temperaturf\u00fchler aus PTFE K. Hervorragender Widerstand. Temperaturbereich -50 \u00b0C bis 250 \u00b0C.\" \/>\n<meta name=\"robots\" content=\"index, follow, max-snippet:-1, max-image-preview:large, max-video-preview:-1\" \/>\n<link rel=\"canonical\" href=\"https:\/\/sysmatec.ch\/de\/produit\/thermoelement-k-mit-smp-stecker-ptfe\/\" \/>\n<meta property=\"og:locale\" content=\"de_DE\" \/>\n<meta property=\"og:type\" content=\"article\" \/>\n<meta property=\"og:title\" content=\"Thermoelement K mit SMP-Stecker, PTFE - Sysmatec\" \/>\n<meta property=\"og:description\" content=\"Thermoelement-Temperaturf\u00fchler aus PTFE K. Hervorragender Widerstand. Temperaturbereich -50 \u00b0C bis 250 \u00b0C.\" \/>\n<meta property=\"og:url\" content=\"https:\/\/sysmatec.ch\/de\/produit\/thermoelement-k-mit-smp-stecker-ptfe\/\" \/>\n<meta property=\"og:site_name\" content=\"Sysmatec\" \/>\n<meta property=\"article:modified_time\" content=\"2022-02-19T20:55:14+00:00\" \/>\n<meta property=\"og:image\" content=\"https:\/\/sysmatec.ch\/wp-content\/uploads\/2019\/03\/SondeThermolement_BolaTypeK1.jpg\" \/>\n\t<meta property=\"og:image:width\" content=\"202\" \/>\n\t<meta property=\"og:image:height\" content=\"105\" \/>\n\t<meta property=\"og:image:type\" content=\"image\/jpeg\" \/>\n<meta name=\"twitter:card\" content=\"summary_large_image\" \/>\n<script type=\"application\/ld+json\" class=\"yoast-schema-graph\">{\"@context\":\"https:\\\/\\\/schema.org\",\"@graph\":[{\"@type\":\"WebPage\",\"@id\":\"https:\\\/\\\/sysmatec.ch\\\/de\\\/produit\\\/thermoelement-k-mit-smp-stecker-ptfe\\\/\",\"url\":\"https:\\\/\\\/sysmatec.ch\\\/de\\\/produit\\\/thermoelement-k-mit-smp-stecker-ptfe\\\/\",\"name\":\"Thermoelement K mit SMP-Stecker, PTFE - Sysmatec\",\"isPartOf\":{\"@id\":\"https:\\\/\\\/sysmatec.ch\\\/de\\\/#website\"},\"primaryImageOfPage\":{\"@id\":\"https:\\\/\\\/sysmatec.ch\\\/de\\\/produit\\\/thermoelement-k-mit-smp-stecker-ptfe\\\/#primaryimage\"},\"image\":{\"@id\":\"https:\\\/\\\/sysmatec.ch\\\/de\\\/produit\\\/thermoelement-k-mit-smp-stecker-ptfe\\\/#primaryimage\"},\"thumbnailUrl\":\"https:\\\/\\\/sysmatec.ch\\\/wp-content\\\/uploads\\\/2019\\\/03\\\/SondeThermolement_BolaTypeK1.jpg\",\"datePublished\":\"2019-03-07T20:58:03+00:00\",\"dateModified\":\"2022-02-19T20:55:14+00:00\",\"description\":\"Thermoelement-Temperaturf\u00fchler aus PTFE K. Hervorragender Widerstand. Temperaturbereich -50 \u00b0C bis 250 \u00b0C.\",\"breadcrumb\":{\"@id\":\"https:\\\/\\\/sysmatec.ch\\\/de\\\/produit\\\/thermoelement-k-mit-smp-stecker-ptfe\\\/#breadcrumb\"},\"inLanguage\":\"de\",\"potentialAction\":[{\"@type\":\"ReadAction\",\"target\":[\"https:\\\/\\\/sysmatec.ch\\\/de\\\/produit\\\/thermoelement-k-mit-smp-stecker-ptfe\\\/\"]}]},{\"@type\":\"ImageObject\",\"inLanguage\":\"de\",\"@id\":\"https:\\\/\\\/sysmatec.ch\\\/de\\\/produit\\\/thermoelement-k-mit-smp-stecker-ptfe\\\/#primaryimage\",\"url\":\"https:\\\/\\\/sysmatec.ch\\\/wp-content\\\/uploads\\\/2019\\\/03\\\/SondeThermolement_BolaTypeK1.jpg\",\"contentUrl\":\"https:\\\/\\\/sysmatec.ch\\\/wp-content\\\/uploads\\\/2019\\\/03\\\/SondeThermolement_BolaTypeK1.jpg\",\"width\":202,\"height\":105},{\"@type\":\"BreadcrumbList\",\"@id\":\"https:\\\/\\\/sysmatec.ch\\\/de\\\/produit\\\/thermoelement-k-mit-smp-stecker-ptfe\\\/#breadcrumb\",\"itemListElement\":[{\"@type\":\"ListItem\",\"position\":1,\"name\":\"Accueil\",\"item\":\"https:\\\/\\\/sysmatec.ch\\\/de\\\/\"},{\"@type\":\"ListItem\",\"position\":2,\"name\":\"Die Aktivit\u00e4t von Sysmatec\",\"item\":\"https:\\\/\\\/sysmatec.ch\\\/de\\\/\"},{\"@type\":\"ListItem\",\"position\":3,\"name\":\"Thermoelement K mit SMP-Stecker, PTFE\"}]},{\"@type\":\"WebSite\",\"@id\":\"https:\\\/\\\/sysmatec.ch\\\/de\\\/#website\",\"url\":\"https:\\\/\\\/sysmatec.ch\\\/de\\\/\",\"name\":\"Sysmatec\",\"description\":\"Equipement de laboratoire et logiciels\",\"publisher\":{\"@id\":\"https:\\\/\\\/sysmatec.ch\\\/de\\\/#organization\"},\"potentialAction\":[{\"@type\":\"SearchAction\",\"target\":{\"@type\":\"EntryPoint\",\"urlTemplate\":\"https:\\\/\\\/sysmatec.ch\\\/de\\\/?s={search_term_string}\"},\"query-input\":{\"@type\":\"PropertyValueSpecification\",\"valueRequired\":true,\"valueName\":\"search_term_string\"}}],\"inLanguage\":\"de\"},{\"@type\":\"Organization\",\"@id\":\"https:\\\/\\\/sysmatec.ch\\\/de\\\/#organization\",\"name\":\"Sysmatec\",\"url\":\"https:\\\/\\\/sysmatec.ch\\\/de\\\/\",\"logo\":{\"@type\":\"ImageObject\",\"inLanguage\":\"de\",\"@id\":\"https:\\\/\\\/sysmatec.ch\\\/de\\\/#\\\/schema\\\/logo\\\/image\\\/\",\"url\":\"https:\\\/\\\/sysmatec.ch\\\/wp-content\\\/uploads\\\/2018\\\/11\\\/LogoSysmatec.jpg\",\"contentUrl\":\"https:\\\/\\\/sysmatec.ch\\\/wp-content\\\/uploads\\\/2018\\\/11\\\/LogoSysmatec.jpg\",\"width\":301,\"height\":297,\"caption\":\"Sysmatec\"},\"image\":{\"@id\":\"https:\\\/\\\/sysmatec.ch\\\/de\\\/#\\\/schema\\\/logo\\\/image\\\/\"}}]}<\/script>\n<!-- \/ Yoast SEO plugin. -->","yoast_head_json":{"title":"Thermoelement K mit SMP-Stecker, PTFE - Sysmatec","description":"Thermoelement-Temperaturf\u00fchler aus PTFE K. Hervorragender Widerstand. Temperaturbereich -50 \u00b0C bis 250 \u00b0C.","robots":{"index":"index","follow":"follow","max-snippet":"max-snippet:-1","max-image-preview":"max-image-preview:large","max-video-preview":"max-video-preview:-1"},"canonical":"https:\/\/sysmatec.ch\/de\/produit\/thermoelement-k-mit-smp-stecker-ptfe\/","og_locale":"de_DE","og_type":"article","og_title":"Thermoelement K mit SMP-Stecker, PTFE - Sysmatec","og_description":"Thermoelement-Temperaturf\u00fchler aus PTFE K. Hervorragender Widerstand. Temperaturbereich -50 \u00b0C bis 250 \u00b0C.","og_url":"https:\/\/sysmatec.ch\/de\/produit\/thermoelement-k-mit-smp-stecker-ptfe\/","og_site_name":"Sysmatec","article_modified_time":"2022-02-19T20:55:14+00:00","og_image":[{"width":202,"height":105,"url":"https:\/\/sysmatec.ch\/wp-content\/uploads\/2019\/03\/SondeThermolement_BolaTypeK1.jpg","type":"image\/jpeg"}],"twitter_card":"summary_large_image","schema":{"@context":"https:\/\/schema.org","@graph":[{"@type":"WebPage","@id":"https:\/\/sysmatec.ch\/de\/produit\/thermoelement-k-mit-smp-stecker-ptfe\/","url":"https:\/\/sysmatec.ch\/de\/produit\/thermoelement-k-mit-smp-stecker-ptfe\/","name":"Thermoelement K mit SMP-Stecker, PTFE - Sysmatec","isPartOf":{"@id":"https:\/\/sysmatec.ch\/de\/#website"},"primaryImageOfPage":{"@id":"https:\/\/sysmatec.ch\/de\/produit\/thermoelement-k-mit-smp-stecker-ptfe\/#primaryimage"},"image":{"@id":"https:\/\/sysmatec.ch\/de\/produit\/thermoelement-k-mit-smp-stecker-ptfe\/#primaryimage"},"thumbnailUrl":"https:\/\/sysmatec.ch\/wp-content\/uploads\/2019\/03\/SondeThermolement_BolaTypeK1.jpg","datePublished":"2019-03-07T20:58:03+00:00","dateModified":"2022-02-19T20:55:14+00:00","description":"Thermoelement-Temperaturf\u00fchler aus PTFE K. Hervorragender Widerstand. Temperaturbereich -50 \u00b0C bis 250 \u00b0C.","breadcrumb":{"@id":"https:\/\/sysmatec.ch\/de\/produit\/thermoelement-k-mit-smp-stecker-ptfe\/#breadcrumb"},"inLanguage":"de","potentialAction":[{"@type":"ReadAction","target":["https:\/\/sysmatec.ch\/de\/produit\/thermoelement-k-mit-smp-stecker-ptfe\/"]}]},{"@type":"ImageObject","inLanguage":"de","@id":"https:\/\/sysmatec.ch\/de\/produit\/thermoelement-k-mit-smp-stecker-ptfe\/#primaryimage","url":"https:\/\/sysmatec.ch\/wp-content\/uploads\/2019\/03\/SondeThermolement_BolaTypeK1.jpg","contentUrl":"https:\/\/sysmatec.ch\/wp-content\/uploads\/2019\/03\/SondeThermolement_BolaTypeK1.jpg","width":202,"height":105},{"@type":"BreadcrumbList","@id":"https:\/\/sysmatec.ch\/de\/produit\/thermoelement-k-mit-smp-stecker-ptfe\/#breadcrumb","itemListElement":[{"@type":"ListItem","position":1,"name":"Accueil","item":"https:\/\/sysmatec.ch\/de\/"},{"@type":"ListItem","position":2,"name":"Die Aktivit\u00e4t von Sysmatec","item":"https:\/\/sysmatec.ch\/de\/"},{"@type":"ListItem","position":3,"name":"Thermoelement K mit SMP-Stecker, PTFE"}]},{"@type":"WebSite","@id":"https:\/\/sysmatec.ch\/de\/#website","url":"https:\/\/sysmatec.ch\/de\/","name":"Sysmatec","description":"Equipement de laboratoire et logiciels","publisher":{"@id":"https:\/\/sysmatec.ch\/de\/#organization"},"potentialAction":[{"@type":"SearchAction","target":{"@type":"EntryPoint","urlTemplate":"https:\/\/sysmatec.ch\/de\/?s={search_term_string}"},"query-input":{"@type":"PropertyValueSpecification","valueRequired":true,"valueName":"search_term_string"}}],"inLanguage":"de"},{"@type":"Organization","@id":"https:\/\/sysmatec.ch\/de\/#organization","name":"Sysmatec","url":"https:\/\/sysmatec.ch\/de\/","logo":{"@type":"ImageObject","inLanguage":"de","@id":"https:\/\/sysmatec.ch\/de\/#\/schema\/logo\/image\/","url":"https:\/\/sysmatec.ch\/wp-content\/uploads\/2018\/11\/LogoSysmatec.jpg","contentUrl":"https:\/\/sysmatec.ch\/wp-content\/uploads\/2018\/11\/LogoSysmatec.jpg","width":301,"height":297,"caption":"Sysmatec"},"image":{"@id":"https:\/\/sysmatec.ch\/de\/#\/schema\/logo\/image\/"}}]}},"_links":{"self":[{"href":"https:\/\/sysmatec.ch\/de\/wp-json\/wp\/v2\/product\/4064","targetHints":{"allow":["GET"]}}],"collection":[{"href":"https:\/\/sysmatec.ch\/de\/wp-json\/wp\/v2\/product"}],"about":[{"href":"https:\/\/sysmatec.ch\/de\/wp-json\/wp\/v2\/types\/product"}],"wp:featuredmedia":[{"embeddable":true,"href":"https:\/\/sysmatec.ch\/de\/wp-json\/wp\/v2\/media\/4062"}],"wp:attachment":[{"href":"https:\/\/sysmatec.ch\/de\/wp-json\/wp\/v2\/media?parent=4064"}],"wp:term":[{"taxonomy":"product_brand","embeddable":true,"href":"https:\/\/sysmatec.ch\/de\/wp-json\/wp\/v2\/product_brand?post=4064"},{"taxonomy":"product_cat","embeddable":true,"href":"https:\/\/sysmatec.ch\/de\/wp-json\/wp\/v2\/product_cat?post=4064"},{"taxonomy":"product_tag","embeddable":true,"href":"https:\/\/sysmatec.ch\/de\/wp-json\/wp\/v2\/product_tag?post=4064"}],"curies":[{"name":"wp","href":"https:\/\/api.w.org\/{rel}","templated":true}]}}