{"id":4023,"date":"2019-03-07T20:14:38","date_gmt":"2019-03-07T19:14:38","guid":{"rendered":"https:\/\/sysmatec.ch\/produit\/sonde-de-temperature-pt100-enrobee-de-ptfe-p1730-x\/"},"modified":"2022-02-20T10:06:40","modified_gmt":"2022-02-20T09:06:40","slug":"temperatur-sonde-aus-ptfe-p1730-x","status":"publish","type":"product","link":"https:\/\/sysmatec.ch\/de\/Produkt\/temperatur-sonde-aus-ptfe-p1730-x\/","title":{"rendered":"Temperatur Sonde aus PTFE P1730-x"},"content":{"rendered":"<p>Ideal zum Temperaturmessen in aggressiven Medien. Das eigentliche Pt100 Element befindet sich in einem PTFE-ummantelten Edelstahlrohr. Dieses Rohr sorgt f\u00fcr die notwendige Steifheit; l\u00e4sst sich aber von Hand in die gew\u00fcnschte Form biegen. Durch den nahtlosen, massiven PTFE-\u00dcberzug wird eine nahezu universelle chemische Best\u00e4ndigkeit erreicht. Im Bereich des Messpunktes ist das PTFE verj\u00fcngt, um eine m\u00f6glichst verz\u00f6gerungsfreie Messung durchf\u00fchren zu k\u00f6nnen. Das Anschlusskabel ist ebenfalls mit PTFE \u00fcberzogen und mit dem Thermof\u00fchler fest verbunden. Als Anschlusskupplung wird der Typ Lemo, Gr\u00f6\u00dfe 1, 4-polig verwendet.<\/p>\n<p>Messbereich: -50 bis 250 \u00b0C<\/p>\n<ul>\n<li>P1730-10: n\u00fctzbare L\u00e4nge: 100 mm, gesammte L\u00e4nge: 170 mm<\/li>\n<li>P1730-20: n\u00fctzbare L\u00e4nge: 300 mm, gesammte L\u00e4nge: 370 mm,<\/li>\n<li>P1730-23: n\u00fctzbare L\u00e4nge: 400 mm, gesammte L\u00e4nge: 470 mm<\/li>\n<li>P1730-25: n\u00fctzbare L\u00e4nge: 500 mm, gesammte L\u00e4nge: 570 mm<\/li>\n<\/ul>\n","protected":false},"excerpt":{"rendered":"<p>Temperatur Sonde aus PTFE<\/p>\n","protected":false},"featured_media":4018,"template":"","meta":{"_crdt_document":""},"product_brand":[],"product_cat":[378,173],"product_tag":[],"class_list":{"0":"post-4023","1":"product","2":"type-product","3":"status-publish","4":"has-post-thumbnail","6":"product_cat-sensor-de","7":"product_cat-temperatur","9":"first","10":"instock","11":"taxable","12":"shipping-taxable","13":"product-type-simple"},"yoast_head":"<!-- This site is optimized with the Yoast SEO plugin v27.3 - https:\/\/yoast.com\/product\/yoast-seo-wordpress\/ -->\n<title>Temperatur Sonde aus PTFE P1730-x - Sysmatec<\/title>\n<meta name=\"description\" content=\"PTFE-beschichteter Pt100-Temperaturf\u00fchler. Erh\u00e4ltlich in verschiedenen L\u00e4ngen. Temperaturbereich -50 bis 250 \u00b0C.\" \/>\n<meta name=\"robots\" content=\"index, follow, max-snippet:-1, max-image-preview:large, max-video-preview:-1\" \/>\n<link rel=\"canonical\" href=\"https:\/\/sysmatec.ch\/de\/produit\/temperatur-sonde-aus-ptfe-p1730-x\/\" \/>\n<meta property=\"og:locale\" content=\"de_DE\" \/>\n<meta property=\"og:type\" content=\"article\" \/>\n<meta property=\"og:title\" content=\"Temperatur Sonde aus PTFE P1730-x - Sysmatec\" \/>\n<meta property=\"og:description\" content=\"PTFE-beschichteter Pt100-Temperaturf\u00fchler. Erh\u00e4ltlich in verschiedenen L\u00e4ngen. Temperaturbereich -50 bis 250 \u00b0C.\" \/>\n<meta property=\"og:url\" content=\"https:\/\/sysmatec.ch\/de\/produit\/temperatur-sonde-aus-ptfe-p1730-x\/\" \/>\n<meta property=\"og:site_name\" content=\"Sysmatec\" \/>\n<meta property=\"article:modified_time\" content=\"2022-02-20T09:06:40+00:00\" \/>\n<meta property=\"og:image\" content=\"https:\/\/sysmatec.ch\/wp-content\/uploads\/2019\/03\/SondeTemperature_BolaT1730.gif\" \/>\n\t<meta property=\"og:image:width\" content=\"160\" \/>\n\t<meta property=\"og:image:height\" content=\"66\" \/>\n\t<meta property=\"og:image:type\" content=\"image\/gif\" \/>\n<meta name=\"twitter:card\" content=\"summary_large_image\" \/>\n<meta name=\"twitter:label1\" content=\"Gesch\u00e4tzte Lesezeit\" \/>\n\t<meta name=\"twitter:data1\" content=\"1\u00a0Minute\" \/>\n<script type=\"application\/ld+json\" class=\"yoast-schema-graph\">{\"@context\":\"https:\\\/\\\/schema.org\",\"@graph\":[{\"@type\":\"WebPage\",\"@id\":\"https:\\\/\\\/sysmatec.ch\\\/de\\\/produit\\\/temperatur-sonde-aus-ptfe-p1730-x\\\/\",\"url\":\"https:\\\/\\\/sysmatec.ch\\\/de\\\/produit\\\/temperatur-sonde-aus-ptfe-p1730-x\\\/\",\"name\":\"Temperatur Sonde aus PTFE P1730-x - Sysmatec\",\"isPartOf\":{\"@id\":\"https:\\\/\\\/sysmatec.ch\\\/de\\\/#website\"},\"primaryImageOfPage\":{\"@id\":\"https:\\\/\\\/sysmatec.ch\\\/de\\\/produit\\\/temperatur-sonde-aus-ptfe-p1730-x\\\/#primaryimage\"},\"image\":{\"@id\":\"https:\\\/\\\/sysmatec.ch\\\/de\\\/produit\\\/temperatur-sonde-aus-ptfe-p1730-x\\\/#primaryimage\"},\"thumbnailUrl\":\"https:\\\/\\\/sysmatec.ch\\\/wp-content\\\/uploads\\\/2019\\\/03\\\/SondeTemperature_BolaT1730.gif\",\"datePublished\":\"2019-03-07T19:14:38+00:00\",\"dateModified\":\"2022-02-20T09:06:40+00:00\",\"description\":\"PTFE-beschichteter Pt100-Temperaturf\u00fchler. Erh\u00e4ltlich in verschiedenen L\u00e4ngen. Temperaturbereich -50 bis 250 \u00b0C.\",\"breadcrumb\":{\"@id\":\"https:\\\/\\\/sysmatec.ch\\\/de\\\/produit\\\/temperatur-sonde-aus-ptfe-p1730-x\\\/#breadcrumb\"},\"inLanguage\":\"de\",\"potentialAction\":[{\"@type\":\"ReadAction\",\"target\":[\"https:\\\/\\\/sysmatec.ch\\\/de\\\/produit\\\/temperatur-sonde-aus-ptfe-p1730-x\\\/\"]}]},{\"@type\":\"ImageObject\",\"inLanguage\":\"de\",\"@id\":\"https:\\\/\\\/sysmatec.ch\\\/de\\\/produit\\\/temperatur-sonde-aus-ptfe-p1730-x\\\/#primaryimage\",\"url\":\"https:\\\/\\\/sysmatec.ch\\\/wp-content\\\/uploads\\\/2019\\\/03\\\/SondeTemperature_BolaT1730.gif\",\"contentUrl\":\"https:\\\/\\\/sysmatec.ch\\\/wp-content\\\/uploads\\\/2019\\\/03\\\/SondeTemperature_BolaT1730.gif\",\"width\":160,\"height\":66},{\"@type\":\"BreadcrumbList\",\"@id\":\"https:\\\/\\\/sysmatec.ch\\\/de\\\/produit\\\/temperatur-sonde-aus-ptfe-p1730-x\\\/#breadcrumb\",\"itemListElement\":[{\"@type\":\"ListItem\",\"position\":1,\"name\":\"Accueil\",\"item\":\"https:\\\/\\\/sysmatec.ch\\\/de\\\/\"},{\"@type\":\"ListItem\",\"position\":2,\"name\":\"Die Aktivit\u00e4t von Sysmatec\",\"item\":\"https:\\\/\\\/sysmatec.ch\\\/de\\\/\"},{\"@type\":\"ListItem\",\"position\":3,\"name\":\"Temperatur Sonde aus PTFE P1730-x\"}]},{\"@type\":\"WebSite\",\"@id\":\"https:\\\/\\\/sysmatec.ch\\\/de\\\/#website\",\"url\":\"https:\\\/\\\/sysmatec.ch\\\/de\\\/\",\"name\":\"Sysmatec\",\"description\":\"Equipement de laboratoire et logiciels\",\"publisher\":{\"@id\":\"https:\\\/\\\/sysmatec.ch\\\/de\\\/#organization\"},\"potentialAction\":[{\"@type\":\"SearchAction\",\"target\":{\"@type\":\"EntryPoint\",\"urlTemplate\":\"https:\\\/\\\/sysmatec.ch\\\/de\\\/?s={search_term_string}\"},\"query-input\":{\"@type\":\"PropertyValueSpecification\",\"valueRequired\":true,\"valueName\":\"search_term_string\"}}],\"inLanguage\":\"de\"},{\"@type\":\"Organization\",\"@id\":\"https:\\\/\\\/sysmatec.ch\\\/de\\\/#organization\",\"name\":\"Sysmatec\",\"url\":\"https:\\\/\\\/sysmatec.ch\\\/de\\\/\",\"logo\":{\"@type\":\"ImageObject\",\"inLanguage\":\"de\",\"@id\":\"https:\\\/\\\/sysmatec.ch\\\/de\\\/#\\\/schema\\\/logo\\\/image\\\/\",\"url\":\"https:\\\/\\\/sysmatec.ch\\\/wp-content\\\/uploads\\\/2018\\\/11\\\/LogoSysmatec.jpg\",\"contentUrl\":\"https:\\\/\\\/sysmatec.ch\\\/wp-content\\\/uploads\\\/2018\\\/11\\\/LogoSysmatec.jpg\",\"width\":301,\"height\":297,\"caption\":\"Sysmatec\"},\"image\":{\"@id\":\"https:\\\/\\\/sysmatec.ch\\\/de\\\/#\\\/schema\\\/logo\\\/image\\\/\"}}]}<\/script>\n<!-- \/ Yoast SEO plugin. -->","yoast_head_json":{"title":"Temperatur Sonde aus PTFE P1730-x - Sysmatec","description":"PTFE-beschichteter Pt100-Temperaturf\u00fchler. Erh\u00e4ltlich in verschiedenen L\u00e4ngen. Temperaturbereich -50 bis 250 \u00b0C.","robots":{"index":"index","follow":"follow","max-snippet":"max-snippet:-1","max-image-preview":"max-image-preview:large","max-video-preview":"max-video-preview:-1"},"canonical":"https:\/\/sysmatec.ch\/de\/produit\/temperatur-sonde-aus-ptfe-p1730-x\/","og_locale":"de_DE","og_type":"article","og_title":"Temperatur Sonde aus PTFE P1730-x - Sysmatec","og_description":"PTFE-beschichteter Pt100-Temperaturf\u00fchler. Erh\u00e4ltlich in verschiedenen L\u00e4ngen. Temperaturbereich -50 bis 250 \u00b0C.","og_url":"https:\/\/sysmatec.ch\/de\/produit\/temperatur-sonde-aus-ptfe-p1730-x\/","og_site_name":"Sysmatec","article_modified_time":"2022-02-20T09:06:40+00:00","og_image":[{"width":160,"height":66,"url":"https:\/\/sysmatec.ch\/wp-content\/uploads\/2019\/03\/SondeTemperature_BolaT1730.gif","type":"image\/gif"}],"twitter_card":"summary_large_image","twitter_misc":{"Gesch\u00e4tzte Lesezeit":"1\u00a0Minute"},"schema":{"@context":"https:\/\/schema.org","@graph":[{"@type":"WebPage","@id":"https:\/\/sysmatec.ch\/de\/produit\/temperatur-sonde-aus-ptfe-p1730-x\/","url":"https:\/\/sysmatec.ch\/de\/produit\/temperatur-sonde-aus-ptfe-p1730-x\/","name":"Temperatur Sonde aus PTFE P1730-x - Sysmatec","isPartOf":{"@id":"https:\/\/sysmatec.ch\/de\/#website"},"primaryImageOfPage":{"@id":"https:\/\/sysmatec.ch\/de\/produit\/temperatur-sonde-aus-ptfe-p1730-x\/#primaryimage"},"image":{"@id":"https:\/\/sysmatec.ch\/de\/produit\/temperatur-sonde-aus-ptfe-p1730-x\/#primaryimage"},"thumbnailUrl":"https:\/\/sysmatec.ch\/wp-content\/uploads\/2019\/03\/SondeTemperature_BolaT1730.gif","datePublished":"2019-03-07T19:14:38+00:00","dateModified":"2022-02-20T09:06:40+00:00","description":"PTFE-beschichteter Pt100-Temperaturf\u00fchler. Erh\u00e4ltlich in verschiedenen L\u00e4ngen. Temperaturbereich -50 bis 250 \u00b0C.","breadcrumb":{"@id":"https:\/\/sysmatec.ch\/de\/produit\/temperatur-sonde-aus-ptfe-p1730-x\/#breadcrumb"},"inLanguage":"de","potentialAction":[{"@type":"ReadAction","target":["https:\/\/sysmatec.ch\/de\/produit\/temperatur-sonde-aus-ptfe-p1730-x\/"]}]},{"@type":"ImageObject","inLanguage":"de","@id":"https:\/\/sysmatec.ch\/de\/produit\/temperatur-sonde-aus-ptfe-p1730-x\/#primaryimage","url":"https:\/\/sysmatec.ch\/wp-content\/uploads\/2019\/03\/SondeTemperature_BolaT1730.gif","contentUrl":"https:\/\/sysmatec.ch\/wp-content\/uploads\/2019\/03\/SondeTemperature_BolaT1730.gif","width":160,"height":66},{"@type":"BreadcrumbList","@id":"https:\/\/sysmatec.ch\/de\/produit\/temperatur-sonde-aus-ptfe-p1730-x\/#breadcrumb","itemListElement":[{"@type":"ListItem","position":1,"name":"Accueil","item":"https:\/\/sysmatec.ch\/de\/"},{"@type":"ListItem","position":2,"name":"Die Aktivit\u00e4t von Sysmatec","item":"https:\/\/sysmatec.ch\/de\/"},{"@type":"ListItem","position":3,"name":"Temperatur Sonde aus PTFE P1730-x"}]},{"@type":"WebSite","@id":"https:\/\/sysmatec.ch\/de\/#website","url":"https:\/\/sysmatec.ch\/de\/","name":"Sysmatec","description":"Equipement de laboratoire et logiciels","publisher":{"@id":"https:\/\/sysmatec.ch\/de\/#organization"},"potentialAction":[{"@type":"SearchAction","target":{"@type":"EntryPoint","urlTemplate":"https:\/\/sysmatec.ch\/de\/?s={search_term_string}"},"query-input":{"@type":"PropertyValueSpecification","valueRequired":true,"valueName":"search_term_string"}}],"inLanguage":"de"},{"@type":"Organization","@id":"https:\/\/sysmatec.ch\/de\/#organization","name":"Sysmatec","url":"https:\/\/sysmatec.ch\/de\/","logo":{"@type":"ImageObject","inLanguage":"de","@id":"https:\/\/sysmatec.ch\/de\/#\/schema\/logo\/image\/","url":"https:\/\/sysmatec.ch\/wp-content\/uploads\/2018\/11\/LogoSysmatec.jpg","contentUrl":"https:\/\/sysmatec.ch\/wp-content\/uploads\/2018\/11\/LogoSysmatec.jpg","width":301,"height":297,"caption":"Sysmatec"},"image":{"@id":"https:\/\/sysmatec.ch\/de\/#\/schema\/logo\/image\/"}}]}},"_links":{"self":[{"href":"https:\/\/sysmatec.ch\/de\/wp-json\/wp\/v2\/product\/4023","targetHints":{"allow":["GET"]}}],"collection":[{"href":"https:\/\/sysmatec.ch\/de\/wp-json\/wp\/v2\/product"}],"about":[{"href":"https:\/\/sysmatec.ch\/de\/wp-json\/wp\/v2\/types\/product"}],"wp:featuredmedia":[{"embeddable":true,"href":"https:\/\/sysmatec.ch\/de\/wp-json\/wp\/v2\/media\/4018"}],"wp:attachment":[{"href":"https:\/\/sysmatec.ch\/de\/wp-json\/wp\/v2\/media?parent=4023"}],"wp:term":[{"taxonomy":"product_brand","embeddable":true,"href":"https:\/\/sysmatec.ch\/de\/wp-json\/wp\/v2\/product_brand?post=4023"},{"taxonomy":"product_cat","embeddable":true,"href":"https:\/\/sysmatec.ch\/de\/wp-json\/wp\/v2\/product_cat?post=4023"},{"taxonomy":"product_tag","embeddable":true,"href":"https:\/\/sysmatec.ch\/de\/wp-json\/wp\/v2\/product_tag?post=4023"}],"curies":[{"name":"wp","href":"https:\/\/api.w.org\/{rel}","templated":true}]}}