{"id":3973,"date":"2019-03-07T13:08:46","date_gmt":"2019-03-07T12:08:46","guid":{"rendered":"https:\/\/sysmatec.ch\/produit\/testo-270-mesure-de-la-qualite-de-lhuile\/"},"modified":"2022-02-20T12:13:12","modified_gmt":"2022-02-20T11:13:12","slug":"frittieroeltester-testo-270","status":"publish","type":"product","link":"https:\/\/sysmatec.ch\/de\/Produkt\/frittieroeltester-testo-270\/","title":{"rendered":"Frittier\u00f6ltester Testo 270"},"content":{"rendered":"<p>Das Frittier\u00f6l ist verbraucht. L\u00e4ngere Nutzung ist schlecht f\u00fcr die Qualit\u00e4t der Ware und kann zu Konsumentenbeschwerden f\u00fchren. Kernst\u00fcck des Frittier\u00f6l-Messger\u00e4tes Testo 270 ist der kapazitive \u00d6l-Sensor von Testo. Mit diesem Sensor kann direkt in hei\u00dfem Frittier\u00f6l gemessen werden, wodurch schnelle Kontrollmessungen im laufenden Produktionsbetrieb m\u00f6glich sind.<\/p>\n<ul>\n<li>Sensor bruchsicher eingebettet<\/li>\n<li>Auto-Hold, inkl. Handschlaufe<\/li>\n<li>Referenz\u00f6l, Kurzanleitung<\/li>\n<li>TopSafe<\/li>\n<li>Alu-Koffer<\/li>\n<li>Kalibrier-Protokol und Batterien<\/li>\n<li>Messbereich: 0.5 bis 40.0 %TPM (Total Polar Materials), +40 bis +200 \u00b0C<\/li>\n<li>Genauigkeit: \u00b11 Digit \u00b12 %TPM (+40 bis +190 \u00b0C) , \u00b11.5 \u00b0C (bei Umgebungstemperatur von +25 \u00b0C)<\/li>\n<li>Frittier\u00f6l-Einsatztemperatur: +40 bis +200 \u00b0C<\/li>\n<li>Betriebstemp. 0 bis +50 \u00b0C<\/li>\n<\/ul>\n","protected":false},"excerpt":{"rendered":"<p>Frittier\u00f6ltester<\/p>\n","protected":false},"featured_media":3971,"template":"","meta":{"_crdt_document":""},"product_brand":[],"product_cat":[180,173],"product_tag":[],"class_list":{"0":"post-3973","1":"product","2":"type-product","3":"status-publish","4":"has-post-thumbnail","6":"product_cat-messung","7":"product_cat-temperatur","9":"first","10":"instock","11":"taxable","12":"shipping-taxable","13":"product-type-simple"},"yoast_head":"<!-- This site is optimized with the Yoast SEO plugin v27.4 - https:\/\/yoast.com\/product\/yoast-seo-wordpress\/ -->\n<title>Frittier\u00f6ltester Testo 270 - Sysmatec<\/title>\n<meta name=\"description\" content=\"Ger\u00e4t zum Messen der Qualit\u00e4t von Frittier\u00f6l. Messbereich 40 bis 200\u00b0C. Messung polarer Verbindungen in \u00d6l.\" \/>\n<meta name=\"robots\" content=\"index, follow, max-snippet:-1, max-image-preview:large, max-video-preview:-1\" \/>\n<link rel=\"canonical\" href=\"https:\/\/sysmatec.ch\/de\/produit\/frittieroeltester-testo-270\/\" \/>\n<meta property=\"og:locale\" content=\"de_DE\" \/>\n<meta property=\"og:type\" content=\"article\" \/>\n<meta property=\"og:title\" content=\"Frittier\u00f6ltester Testo 270 - Sysmatec\" \/>\n<meta property=\"og:description\" content=\"Ger\u00e4t zum Messen der Qualit\u00e4t von Frittier\u00f6l. Messbereich 40 bis 200\u00b0C. Messung polarer Verbindungen in \u00d6l.\" \/>\n<meta property=\"og:url\" content=\"https:\/\/sysmatec.ch\/de\/produit\/frittieroeltester-testo-270\/\" \/>\n<meta property=\"og:site_name\" content=\"Sysmatec\" \/>\n<meta property=\"article:modified_time\" content=\"2022-02-20T11:13:12+00:00\" \/>\n<meta property=\"og:image\" content=\"https:\/\/sysmatec.ch\/wp-content\/uploads\/2019\/03\/TesteurHuile_Testo270.jpg\" \/>\n\t<meta property=\"og:image:width\" content=\"172\" \/>\n\t<meta property=\"og:image:height\" content=\"311\" \/>\n\t<meta property=\"og:image:type\" content=\"image\/jpeg\" \/>\n<meta name=\"twitter:card\" content=\"summary_large_image\" \/>\n<script type=\"application\/ld+json\" class=\"yoast-schema-graph\">{\"@context\":\"https:\\\/\\\/schema.org\",\"@graph\":[{\"@type\":\"WebPage\",\"@id\":\"https:\\\/\\\/sysmatec.ch\\\/de\\\/produit\\\/frittieroeltester-testo-270\\\/\",\"url\":\"https:\\\/\\\/sysmatec.ch\\\/de\\\/produit\\\/frittieroeltester-testo-270\\\/\",\"name\":\"Frittier\u00f6ltester Testo 270 - Sysmatec\",\"isPartOf\":{\"@id\":\"https:\\\/\\\/sysmatec.ch\\\/de\\\/#website\"},\"primaryImageOfPage\":{\"@id\":\"https:\\\/\\\/sysmatec.ch\\\/de\\\/produit\\\/frittieroeltester-testo-270\\\/#primaryimage\"},\"image\":{\"@id\":\"https:\\\/\\\/sysmatec.ch\\\/de\\\/produit\\\/frittieroeltester-testo-270\\\/#primaryimage\"},\"thumbnailUrl\":\"https:\\\/\\\/sysmatec.ch\\\/wp-content\\\/uploads\\\/2019\\\/03\\\/TesteurHuile_Testo270.jpg\",\"datePublished\":\"2019-03-07T12:08:46+00:00\",\"dateModified\":\"2022-02-20T11:13:12+00:00\",\"description\":\"Ger\u00e4t zum Messen der Qualit\u00e4t von Frittier\u00f6l. Messbereich 40 bis 200\u00b0C. Messung polarer Verbindungen in \u00d6l.\",\"breadcrumb\":{\"@id\":\"https:\\\/\\\/sysmatec.ch\\\/de\\\/produit\\\/frittieroeltester-testo-270\\\/#breadcrumb\"},\"inLanguage\":\"de\",\"potentialAction\":[{\"@type\":\"ReadAction\",\"target\":[\"https:\\\/\\\/sysmatec.ch\\\/de\\\/produit\\\/frittieroeltester-testo-270\\\/\"]}]},{\"@type\":\"ImageObject\",\"inLanguage\":\"de\",\"@id\":\"https:\\\/\\\/sysmatec.ch\\\/de\\\/produit\\\/frittieroeltester-testo-270\\\/#primaryimage\",\"url\":\"https:\\\/\\\/sysmatec.ch\\\/wp-content\\\/uploads\\\/2019\\\/03\\\/TesteurHuile_Testo270.jpg\",\"contentUrl\":\"https:\\\/\\\/sysmatec.ch\\\/wp-content\\\/uploads\\\/2019\\\/03\\\/TesteurHuile_Testo270.jpg\",\"width\":172,\"height\":311},{\"@type\":\"BreadcrumbList\",\"@id\":\"https:\\\/\\\/sysmatec.ch\\\/de\\\/produit\\\/frittieroeltester-testo-270\\\/#breadcrumb\",\"itemListElement\":[{\"@type\":\"ListItem\",\"position\":1,\"name\":\"Accueil\",\"item\":\"https:\\\/\\\/sysmatec.ch\\\/de\\\/\"},{\"@type\":\"ListItem\",\"position\":2,\"name\":\"Die Aktivit\u00e4t von Sysmatec\",\"item\":\"https:\\\/\\\/sysmatec.ch\\\/de\\\/\"},{\"@type\":\"ListItem\",\"position\":3,\"name\":\"Frittier\u00f6ltester Testo 270\"}]},{\"@type\":\"WebSite\",\"@id\":\"https:\\\/\\\/sysmatec.ch\\\/de\\\/#website\",\"url\":\"https:\\\/\\\/sysmatec.ch\\\/de\\\/\",\"name\":\"Sysmatec\",\"description\":\"Equipement de laboratoire et logiciels\",\"publisher\":{\"@id\":\"https:\\\/\\\/sysmatec.ch\\\/de\\\/#organization\"},\"potentialAction\":[{\"@type\":\"SearchAction\",\"target\":{\"@type\":\"EntryPoint\",\"urlTemplate\":\"https:\\\/\\\/sysmatec.ch\\\/de\\\/?s={search_term_string}\"},\"query-input\":{\"@type\":\"PropertyValueSpecification\",\"valueRequired\":true,\"valueName\":\"search_term_string\"}}],\"inLanguage\":\"de\"},{\"@type\":\"Organization\",\"@id\":\"https:\\\/\\\/sysmatec.ch\\\/de\\\/#organization\",\"name\":\"Sysmatec\",\"url\":\"https:\\\/\\\/sysmatec.ch\\\/de\\\/\",\"logo\":{\"@type\":\"ImageObject\",\"inLanguage\":\"de\",\"@id\":\"https:\\\/\\\/sysmatec.ch\\\/de\\\/#\\\/schema\\\/logo\\\/image\\\/\",\"url\":\"https:\\\/\\\/sysmatec.ch\\\/wp-content\\\/uploads\\\/2018\\\/11\\\/LogoSysmatec.jpg\",\"contentUrl\":\"https:\\\/\\\/sysmatec.ch\\\/wp-content\\\/uploads\\\/2018\\\/11\\\/LogoSysmatec.jpg\",\"width\":301,\"height\":297,\"caption\":\"Sysmatec\"},\"image\":{\"@id\":\"https:\\\/\\\/sysmatec.ch\\\/de\\\/#\\\/schema\\\/logo\\\/image\\\/\"}}]}<\/script>\n<!-- \/ Yoast SEO plugin. -->","yoast_head_json":{"title":"Frittier\u00f6ltester Testo 270 - Sysmatec","description":"Ger\u00e4t zum Messen der Qualit\u00e4t von Frittier\u00f6l. Messbereich 40 bis 200\u00b0C. Messung polarer Verbindungen in \u00d6l.","robots":{"index":"index","follow":"follow","max-snippet":"max-snippet:-1","max-image-preview":"max-image-preview:large","max-video-preview":"max-video-preview:-1"},"canonical":"https:\/\/sysmatec.ch\/de\/produit\/frittieroeltester-testo-270\/","og_locale":"de_DE","og_type":"article","og_title":"Frittier\u00f6ltester Testo 270 - Sysmatec","og_description":"Ger\u00e4t zum Messen der Qualit\u00e4t von Frittier\u00f6l. Messbereich 40 bis 200\u00b0C. Messung polarer Verbindungen in \u00d6l.","og_url":"https:\/\/sysmatec.ch\/de\/produit\/frittieroeltester-testo-270\/","og_site_name":"Sysmatec","article_modified_time":"2022-02-20T11:13:12+00:00","og_image":[{"width":172,"height":311,"url":"https:\/\/sysmatec.ch\/wp-content\/uploads\/2019\/03\/TesteurHuile_Testo270.jpg","type":"image\/jpeg"}],"twitter_card":"summary_large_image","schema":{"@context":"https:\/\/schema.org","@graph":[{"@type":"WebPage","@id":"https:\/\/sysmatec.ch\/de\/produit\/frittieroeltester-testo-270\/","url":"https:\/\/sysmatec.ch\/de\/produit\/frittieroeltester-testo-270\/","name":"Frittier\u00f6ltester Testo 270 - Sysmatec","isPartOf":{"@id":"https:\/\/sysmatec.ch\/de\/#website"},"primaryImageOfPage":{"@id":"https:\/\/sysmatec.ch\/de\/produit\/frittieroeltester-testo-270\/#primaryimage"},"image":{"@id":"https:\/\/sysmatec.ch\/de\/produit\/frittieroeltester-testo-270\/#primaryimage"},"thumbnailUrl":"https:\/\/sysmatec.ch\/wp-content\/uploads\/2019\/03\/TesteurHuile_Testo270.jpg","datePublished":"2019-03-07T12:08:46+00:00","dateModified":"2022-02-20T11:13:12+00:00","description":"Ger\u00e4t zum Messen der Qualit\u00e4t von Frittier\u00f6l. Messbereich 40 bis 200\u00b0C. Messung polarer Verbindungen in \u00d6l.","breadcrumb":{"@id":"https:\/\/sysmatec.ch\/de\/produit\/frittieroeltester-testo-270\/#breadcrumb"},"inLanguage":"de","potentialAction":[{"@type":"ReadAction","target":["https:\/\/sysmatec.ch\/de\/produit\/frittieroeltester-testo-270\/"]}]},{"@type":"ImageObject","inLanguage":"de","@id":"https:\/\/sysmatec.ch\/de\/produit\/frittieroeltester-testo-270\/#primaryimage","url":"https:\/\/sysmatec.ch\/wp-content\/uploads\/2019\/03\/TesteurHuile_Testo270.jpg","contentUrl":"https:\/\/sysmatec.ch\/wp-content\/uploads\/2019\/03\/TesteurHuile_Testo270.jpg","width":172,"height":311},{"@type":"BreadcrumbList","@id":"https:\/\/sysmatec.ch\/de\/produit\/frittieroeltester-testo-270\/#breadcrumb","itemListElement":[{"@type":"ListItem","position":1,"name":"Accueil","item":"https:\/\/sysmatec.ch\/de\/"},{"@type":"ListItem","position":2,"name":"Die Aktivit\u00e4t von Sysmatec","item":"https:\/\/sysmatec.ch\/de\/"},{"@type":"ListItem","position":3,"name":"Frittier\u00f6ltester Testo 270"}]},{"@type":"WebSite","@id":"https:\/\/sysmatec.ch\/de\/#website","url":"https:\/\/sysmatec.ch\/de\/","name":"Sysmatec","description":"Equipement de laboratoire et logiciels","publisher":{"@id":"https:\/\/sysmatec.ch\/de\/#organization"},"potentialAction":[{"@type":"SearchAction","target":{"@type":"EntryPoint","urlTemplate":"https:\/\/sysmatec.ch\/de\/?s={search_term_string}"},"query-input":{"@type":"PropertyValueSpecification","valueRequired":true,"valueName":"search_term_string"}}],"inLanguage":"de"},{"@type":"Organization","@id":"https:\/\/sysmatec.ch\/de\/#organization","name":"Sysmatec","url":"https:\/\/sysmatec.ch\/de\/","logo":{"@type":"ImageObject","inLanguage":"de","@id":"https:\/\/sysmatec.ch\/de\/#\/schema\/logo\/image\/","url":"https:\/\/sysmatec.ch\/wp-content\/uploads\/2018\/11\/LogoSysmatec.jpg","contentUrl":"https:\/\/sysmatec.ch\/wp-content\/uploads\/2018\/11\/LogoSysmatec.jpg","width":301,"height":297,"caption":"Sysmatec"},"image":{"@id":"https:\/\/sysmatec.ch\/de\/#\/schema\/logo\/image\/"}}]}},"_links":{"self":[{"href":"https:\/\/sysmatec.ch\/de\/wp-json\/wp\/v2\/product\/3973","targetHints":{"allow":["GET"]}}],"collection":[{"href":"https:\/\/sysmatec.ch\/de\/wp-json\/wp\/v2\/product"}],"about":[{"href":"https:\/\/sysmatec.ch\/de\/wp-json\/wp\/v2\/types\/product"}],"wp:featuredmedia":[{"embeddable":true,"href":"https:\/\/sysmatec.ch\/de\/wp-json\/wp\/v2\/media\/3971"}],"wp:attachment":[{"href":"https:\/\/sysmatec.ch\/de\/wp-json\/wp\/v2\/media?parent=3973"}],"wp:term":[{"taxonomy":"product_brand","embeddable":true,"href":"https:\/\/sysmatec.ch\/de\/wp-json\/wp\/v2\/product_brand?post=3973"},{"taxonomy":"product_cat","embeddable":true,"href":"https:\/\/sysmatec.ch\/de\/wp-json\/wp\/v2\/product_cat?post=3973"},{"taxonomy":"product_tag","embeddable":true,"href":"https:\/\/sysmatec.ch\/de\/wp-json\/wp\/v2\/product_tag?post=3973"}],"curies":[{"name":"wp","href":"https:\/\/api.w.org\/{rel}","templated":true}]}}