{"id":3920,"date":"2019-03-06T20:50:19","date_gmt":"2019-03-06T19:50:19","guid":{"rendered":"https:\/\/sysmatec.ch\/produit\/thermometre-optotemp-2000\/"},"modified":"2022-03-26T14:24:55","modified_gmt":"2022-03-26T13:24:55","slug":"optischer-fiber-thermometer-fom","status":"publish","type":"product","link":"https:\/\/sysmatec.ch\/de\/Produkt\/optischer-fiber-thermometer-fom\/","title":{"rendered":"Optischer Fiber- Thermometer FOM"},"content":{"rendered":"<p>Die FOM-Serie bietet einen Temperaturmessbereich von -80 \u00b0C bis +300 \u00b0C sowie eine Genauigkeit von \u00b11,0 \u00b0C (+\/- 0,2 \u00b0C in relativer Temperatur).<\/p>\n<p>Einer der Vorteile der faseroptischen Temperaturerfassung besteht darin, dass die Sensoren nicht neu kalibriert werden m\u00fcssen. Faseroptische Sensoren haben eine hohe Wiederholgenauigkeit und Stabilit\u00e4t und keine Signalverschlechterung aufgrund der Sonden-\/Kabell\u00e4nge.<\/p>\n<p>Temperaturmessdaten k\u00f6nnen auf einer externen Micro-SD-Speicherkarte protokolliert und \u00fcber einen RS-485-Ausgang oder 0-10 V\/4-20 mA-Analogausg\u00e4nge an ein Drittsystem\/Datenlogger gesendet werden.<\/p>\n<p>Diese Ger\u00e4te werden f\u00fcr verschiedene Anwendungen und Umgebungen verwendet. Zu den \u00fcblichen Anwendungen geh\u00f6ren Transformatorenanlagen, chemische Verarbeitung, Pr\u00fcfung medizinischer Ger\u00e4te (MRT, PETSCAN, NMR), Mikrowellenheizung in kommerzieller Qualit\u00e4t, Lebensmittel- und Getr\u00e4nkeverarbeitung, Pr\u00fcfung von Elektrofahrzeugen und Batterien. Da faseroptische Sensoren Licht verwenden, ist das Signal sehr schnell, zuverl\u00e4ssig und wird nicht durch \u00e4u\u00dfere Kr\u00e4fte wie EMI, RFI, NMR oder Mikrowellenstrahlung beeinflusst.<\/p>\n<h2>Merkmale des faseroptischen Temperatursensors<\/h2>\n<ul>\n<li>bis zu 8 Kan\u00e4le<\/li>\n<li>Messbereich -80\u00b0C bis +300\u00b0C<\/li>\n<li>Genauigkeit \u00b11,0 \u00b0C (+\/- 0,2 \u00b0C bei relativer Temperatur)<\/li>\n<li>USB-Konnektivit\u00e4t<\/li>\n<li>kostenlose Software mit Datenprotokollierungsfunktionen<\/li>\n<li>MicroSD-Kartensteckplatz (nicht im Lieferumfang enthalten)<\/li>\n<li>Koffer f\u00fcr einfache Aufbewahrung und Transport erh\u00e4ltlich<\/li>\n<li>RS-485-, USB- und 0-10-V-\/4-20-mA-Ausgang mit FOM-AOUT-Zubeh\u00f6r<\/li>\n<li>Sonde je nach gew\u00fcnschter Lichtwellenleiterl\u00e4nge separat auszuw\u00e4hlen<\/li>\n<\/ul>\n<h2>Verf\u00fcgbare Sensoren<\/h2>\n<table width=\"255\">\n<tbody>\n<tr>\n<td width=\"80\">Referenz<\/td>\n<td width=\"175\">Beschreibung<\/td>\n<\/tr>\n<tr>\n<td>FOS-LU-2<\/td>\n<td><span class=\"VIiyi\" lang=\"de\"><span class=\"JLqJ4b\" data-language-for-alternatives=\"de\" data-language-to-translate-into=\"fr\" data-phrase-index=\"0\" data-number-of-phrases=\"1\">PTFE-Schlauch mit Polyimidspitze, 2 m Faser<\/span><\/span><\/td>\n<\/tr>\n<tr>\n<td>FOS-LU-3<\/td>\n<td><span class=\"VIiyi\" lang=\"de\"><span class=\"JLqJ4b\" data-language-for-alternatives=\"de\" data-language-to-translate-into=\"fr\" data-phrase-index=\"0\" data-number-of-phrases=\"1\">PTFE-Schlauch mit Polyimidspitze, 3 m Faser<\/span><\/span><\/td>\n<\/tr>\n<tr>\n<td>FOS-LU-5<\/td>\n<td><span class=\"VIiyi\" lang=\"de\"><span class=\"JLqJ4b\" data-language-for-alternatives=\"de\" data-language-to-translate-into=\"fr\" data-phrase-index=\"0\" data-number-of-phrases=\"1\">PTFE-Schlauch mit Polyimidspitze, 5 m Faser<\/span><\/span><\/td>\n<\/tr>\n<tr>\n<td>FOS-LU-10<\/td>\n<td><span class=\"VIiyi\" lang=\"de\"><span class=\"JLqJ4b\" data-language-for-alternatives=\"de\" data-language-to-translate-into=\"fr\" data-phrase-index=\"0\" data-number-of-phrases=\"1\">PTFE-Schlauch mit Polyimidspitze, 10 m Faser<\/span><\/span><\/td>\n<\/tr>\n<tr>\n<td>FOS-LT-2<\/td>\n<td><span class=\"VIiyi\" lang=\"de\"><span class=\"JLqJ4b\" data-language-for-alternatives=\"de\" data-language-to-translate-into=\"fr\" data-phrase-index=\"0\" data-number-of-phrases=\"1\">PTFE-Schlauch, 2 m Faser<\/span><\/span><\/td>\n<\/tr>\n<tr>\n<td>FOS-LT-3<\/td>\n<td>\u00a0<span class=\"VIiyi\" lang=\"de\"><span class=\"JLqJ4b\" data-language-for-alternatives=\"de\" data-language-to-translate-into=\"fr\" data-phrase-index=\"0\" data-number-of-phrases=\"1\">PTFE-Schlauch, 3 m Faser<\/span><\/span><\/td>\n<\/tr>\n<tr>\n<td>FOS-LT-5<\/td>\n<td>\u00a0<span class=\"VIiyi\" lang=\"de\"><span class=\"JLqJ4b\" data-language-for-alternatives=\"de\" data-language-to-translate-into=\"fr\" data-phrase-index=\"0\" data-number-of-phrases=\"1\">PTFE-Schlauch, 3 m Faser<\/span><\/span><\/td>\n<\/tr>\n<tr>\n<td>FOS-LT-10<\/td>\n<td>\u00a0<span class=\"VIiyi\" lang=\"de\"><span class=\"JLqJ4b\" data-language-for-alternatives=\"de\" data-language-to-translate-into=\"fr\" data-phrase-index=\"0\" data-number-of-phrases=\"1\">PTFE-Schlauch, 10 m Faser<\/span><\/span><\/td>\n<\/tr>\n<\/tbody>\n<\/table>\n","protected":false},"excerpt":{"rendered":"<p>Optischer Fiber- Thermometer<\/p>\n","protected":false},"featured_media":27080,"template":"","meta":{"_crdt_document":""},"product_brand":[],"product_cat":[180,173],"product_tag":[],"class_list":{"0":"post-3920","1":"product","2":"type-product","3":"status-publish","4":"has-post-thumbnail","6":"product_cat-messung","7":"product_cat-temperatur","9":"first","10":"instock","11":"taxable","12":"shipping-taxable","13":"product-type-simple"},"yoast_head":"<!-- This site is optimized with the Yoast SEO plugin v27.4 - https:\/\/yoast.com\/product\/yoast-seo-wordpress\/ -->\n<title>Optischer Fiber- Thermometer FOM - Sysmatec<\/title>\n<meta name=\"description\" content=\"Faseroptisches Thermometer unempfindlich gegen Mikrowellen-\/HF-Strahlung und Plasma. Temperaturbereich bis 300\u00b0C.\" \/>\n<meta name=\"robots\" content=\"index, follow, max-snippet:-1, max-image-preview:large, max-video-preview:-1\" \/>\n<link rel=\"canonical\" href=\"https:\/\/sysmatec.ch\/de\/produit\/optischer-fiber-thermometer-fom\/\" \/>\n<meta property=\"og:locale\" content=\"de_DE\" \/>\n<meta property=\"og:type\" content=\"article\" \/>\n<meta property=\"og:title\" content=\"Optischer Fiber- Thermometer FOM - Sysmatec\" \/>\n<meta property=\"og:description\" content=\"Faseroptisches Thermometer unempfindlich gegen Mikrowellen-\/HF-Strahlung und Plasma. Temperaturbereich bis 300\u00b0C.\" \/>\n<meta property=\"og:url\" content=\"https:\/\/sysmatec.ch\/de\/produit\/optischer-fiber-thermometer-fom\/\" \/>\n<meta property=\"og:site_name\" content=\"Sysmatec\" \/>\n<meta property=\"article:modified_time\" content=\"2022-03-26T13:24:55+00:00\" \/>\n<meta property=\"og:image\" content=\"https:\/\/sysmatec.ch\/wp-content\/uploads\/2019\/03\/Thermometre_OmegaFOM.jpg\" \/>\n\t<meta property=\"og:image:width\" content=\"450\" \/>\n\t<meta property=\"og:image:height\" content=\"450\" \/>\n\t<meta property=\"og:image:type\" content=\"image\/jpeg\" \/>\n<meta name=\"twitter:card\" content=\"summary_large_image\" \/>\n<meta name=\"twitter:label1\" content=\"Gesch\u00e4tzte Lesezeit\" \/>\n\t<meta name=\"twitter:data1\" content=\"2\u00a0Minuten\" \/>\n<script type=\"application\/ld+json\" class=\"yoast-schema-graph\">{\"@context\":\"https:\\\/\\\/schema.org\",\"@graph\":[{\"@type\":\"WebPage\",\"@id\":\"https:\\\/\\\/sysmatec.ch\\\/de\\\/produit\\\/optischer-fiber-thermometer-fom\\\/\",\"url\":\"https:\\\/\\\/sysmatec.ch\\\/de\\\/produit\\\/optischer-fiber-thermometer-fom\\\/\",\"name\":\"Optischer Fiber- Thermometer FOM - Sysmatec\",\"isPartOf\":{\"@id\":\"https:\\\/\\\/sysmatec.ch\\\/de\\\/#website\"},\"primaryImageOfPage\":{\"@id\":\"https:\\\/\\\/sysmatec.ch\\\/de\\\/produit\\\/optischer-fiber-thermometer-fom\\\/#primaryimage\"},\"image\":{\"@id\":\"https:\\\/\\\/sysmatec.ch\\\/de\\\/produit\\\/optischer-fiber-thermometer-fom\\\/#primaryimage\"},\"thumbnailUrl\":\"https:\\\/\\\/sysmatec.ch\\\/wp-content\\\/uploads\\\/2019\\\/03\\\/Thermometre_OmegaFOM.jpg\",\"datePublished\":\"2019-03-06T19:50:19+00:00\",\"dateModified\":\"2022-03-26T13:24:55+00:00\",\"description\":\"Faseroptisches Thermometer unempfindlich gegen Mikrowellen-\\\/HF-Strahlung und Plasma. Temperaturbereich bis 300\u00b0C.\",\"breadcrumb\":{\"@id\":\"https:\\\/\\\/sysmatec.ch\\\/de\\\/produit\\\/optischer-fiber-thermometer-fom\\\/#breadcrumb\"},\"inLanguage\":\"de\",\"potentialAction\":[{\"@type\":\"ReadAction\",\"target\":[\"https:\\\/\\\/sysmatec.ch\\\/de\\\/produit\\\/optischer-fiber-thermometer-fom\\\/\"]}]},{\"@type\":\"ImageObject\",\"inLanguage\":\"de\",\"@id\":\"https:\\\/\\\/sysmatec.ch\\\/de\\\/produit\\\/optischer-fiber-thermometer-fom\\\/#primaryimage\",\"url\":\"https:\\\/\\\/sysmatec.ch\\\/wp-content\\\/uploads\\\/2019\\\/03\\\/Thermometre_OmegaFOM.jpg\",\"contentUrl\":\"https:\\\/\\\/sysmatec.ch\\\/wp-content\\\/uploads\\\/2019\\\/03\\\/Thermometre_OmegaFOM.jpg\",\"width\":450,\"height\":450},{\"@type\":\"BreadcrumbList\",\"@id\":\"https:\\\/\\\/sysmatec.ch\\\/de\\\/produit\\\/optischer-fiber-thermometer-fom\\\/#breadcrumb\",\"itemListElement\":[{\"@type\":\"ListItem\",\"position\":1,\"name\":\"Accueil\",\"item\":\"https:\\\/\\\/sysmatec.ch\\\/de\\\/\"},{\"@type\":\"ListItem\",\"position\":2,\"name\":\"Die Aktivit\u00e4t von Sysmatec\",\"item\":\"https:\\\/\\\/sysmatec.ch\\\/de\\\/\"},{\"@type\":\"ListItem\",\"position\":3,\"name\":\"Optischer Fiber- Thermometer FOM\"}]},{\"@type\":\"WebSite\",\"@id\":\"https:\\\/\\\/sysmatec.ch\\\/de\\\/#website\",\"url\":\"https:\\\/\\\/sysmatec.ch\\\/de\\\/\",\"name\":\"Sysmatec\",\"description\":\"Equipement de laboratoire et logiciels\",\"publisher\":{\"@id\":\"https:\\\/\\\/sysmatec.ch\\\/de\\\/#organization\"},\"potentialAction\":[{\"@type\":\"SearchAction\",\"target\":{\"@type\":\"EntryPoint\",\"urlTemplate\":\"https:\\\/\\\/sysmatec.ch\\\/de\\\/?s={search_term_string}\"},\"query-input\":{\"@type\":\"PropertyValueSpecification\",\"valueRequired\":true,\"valueName\":\"search_term_string\"}}],\"inLanguage\":\"de\"},{\"@type\":\"Organization\",\"@id\":\"https:\\\/\\\/sysmatec.ch\\\/de\\\/#organization\",\"name\":\"Sysmatec\",\"url\":\"https:\\\/\\\/sysmatec.ch\\\/de\\\/\",\"logo\":{\"@type\":\"ImageObject\",\"inLanguage\":\"de\",\"@id\":\"https:\\\/\\\/sysmatec.ch\\\/de\\\/#\\\/schema\\\/logo\\\/image\\\/\",\"url\":\"https:\\\/\\\/sysmatec.ch\\\/wp-content\\\/uploads\\\/2018\\\/11\\\/LogoSysmatec.jpg\",\"contentUrl\":\"https:\\\/\\\/sysmatec.ch\\\/wp-content\\\/uploads\\\/2018\\\/11\\\/LogoSysmatec.jpg\",\"width\":301,\"height\":297,\"caption\":\"Sysmatec\"},\"image\":{\"@id\":\"https:\\\/\\\/sysmatec.ch\\\/de\\\/#\\\/schema\\\/logo\\\/image\\\/\"}}]}<\/script>\n<!-- \/ Yoast SEO plugin. -->","yoast_head_json":{"title":"Optischer Fiber- Thermometer FOM - Sysmatec","description":"Faseroptisches Thermometer unempfindlich gegen Mikrowellen-\/HF-Strahlung und Plasma. Temperaturbereich bis 300\u00b0C.","robots":{"index":"index","follow":"follow","max-snippet":"max-snippet:-1","max-image-preview":"max-image-preview:large","max-video-preview":"max-video-preview:-1"},"canonical":"https:\/\/sysmatec.ch\/de\/produit\/optischer-fiber-thermometer-fom\/","og_locale":"de_DE","og_type":"article","og_title":"Optischer Fiber- Thermometer FOM - Sysmatec","og_description":"Faseroptisches Thermometer unempfindlich gegen Mikrowellen-\/HF-Strahlung und Plasma. Temperaturbereich bis 300\u00b0C.","og_url":"https:\/\/sysmatec.ch\/de\/produit\/optischer-fiber-thermometer-fom\/","og_site_name":"Sysmatec","article_modified_time":"2022-03-26T13:24:55+00:00","og_image":[{"width":450,"height":450,"url":"https:\/\/sysmatec.ch\/wp-content\/uploads\/2019\/03\/Thermometre_OmegaFOM.jpg","type":"image\/jpeg"}],"twitter_card":"summary_large_image","twitter_misc":{"Gesch\u00e4tzte Lesezeit":"2\u00a0Minuten"},"schema":{"@context":"https:\/\/schema.org","@graph":[{"@type":"WebPage","@id":"https:\/\/sysmatec.ch\/de\/produit\/optischer-fiber-thermometer-fom\/","url":"https:\/\/sysmatec.ch\/de\/produit\/optischer-fiber-thermometer-fom\/","name":"Optischer Fiber- Thermometer FOM - Sysmatec","isPartOf":{"@id":"https:\/\/sysmatec.ch\/de\/#website"},"primaryImageOfPage":{"@id":"https:\/\/sysmatec.ch\/de\/produit\/optischer-fiber-thermometer-fom\/#primaryimage"},"image":{"@id":"https:\/\/sysmatec.ch\/de\/produit\/optischer-fiber-thermometer-fom\/#primaryimage"},"thumbnailUrl":"https:\/\/sysmatec.ch\/wp-content\/uploads\/2019\/03\/Thermometre_OmegaFOM.jpg","datePublished":"2019-03-06T19:50:19+00:00","dateModified":"2022-03-26T13:24:55+00:00","description":"Faseroptisches Thermometer unempfindlich gegen Mikrowellen-\/HF-Strahlung und Plasma. Temperaturbereich bis 300\u00b0C.","breadcrumb":{"@id":"https:\/\/sysmatec.ch\/de\/produit\/optischer-fiber-thermometer-fom\/#breadcrumb"},"inLanguage":"de","potentialAction":[{"@type":"ReadAction","target":["https:\/\/sysmatec.ch\/de\/produit\/optischer-fiber-thermometer-fom\/"]}]},{"@type":"ImageObject","inLanguage":"de","@id":"https:\/\/sysmatec.ch\/de\/produit\/optischer-fiber-thermometer-fom\/#primaryimage","url":"https:\/\/sysmatec.ch\/wp-content\/uploads\/2019\/03\/Thermometre_OmegaFOM.jpg","contentUrl":"https:\/\/sysmatec.ch\/wp-content\/uploads\/2019\/03\/Thermometre_OmegaFOM.jpg","width":450,"height":450},{"@type":"BreadcrumbList","@id":"https:\/\/sysmatec.ch\/de\/produit\/optischer-fiber-thermometer-fom\/#breadcrumb","itemListElement":[{"@type":"ListItem","position":1,"name":"Accueil","item":"https:\/\/sysmatec.ch\/de\/"},{"@type":"ListItem","position":2,"name":"Die Aktivit\u00e4t von Sysmatec","item":"https:\/\/sysmatec.ch\/de\/"},{"@type":"ListItem","position":3,"name":"Optischer Fiber- Thermometer FOM"}]},{"@type":"WebSite","@id":"https:\/\/sysmatec.ch\/de\/#website","url":"https:\/\/sysmatec.ch\/de\/","name":"Sysmatec","description":"Equipement de laboratoire et logiciels","publisher":{"@id":"https:\/\/sysmatec.ch\/de\/#organization"},"potentialAction":[{"@type":"SearchAction","target":{"@type":"EntryPoint","urlTemplate":"https:\/\/sysmatec.ch\/de\/?s={search_term_string}"},"query-input":{"@type":"PropertyValueSpecification","valueRequired":true,"valueName":"search_term_string"}}],"inLanguage":"de"},{"@type":"Organization","@id":"https:\/\/sysmatec.ch\/de\/#organization","name":"Sysmatec","url":"https:\/\/sysmatec.ch\/de\/","logo":{"@type":"ImageObject","inLanguage":"de","@id":"https:\/\/sysmatec.ch\/de\/#\/schema\/logo\/image\/","url":"https:\/\/sysmatec.ch\/wp-content\/uploads\/2018\/11\/LogoSysmatec.jpg","contentUrl":"https:\/\/sysmatec.ch\/wp-content\/uploads\/2018\/11\/LogoSysmatec.jpg","width":301,"height":297,"caption":"Sysmatec"},"image":{"@id":"https:\/\/sysmatec.ch\/de\/#\/schema\/logo\/image\/"}}]}},"_links":{"self":[{"href":"https:\/\/sysmatec.ch\/de\/wp-json\/wp\/v2\/product\/3920","targetHints":{"allow":["GET"]}}],"collection":[{"href":"https:\/\/sysmatec.ch\/de\/wp-json\/wp\/v2\/product"}],"about":[{"href":"https:\/\/sysmatec.ch\/de\/wp-json\/wp\/v2\/types\/product"}],"wp:featuredmedia":[{"embeddable":true,"href":"https:\/\/sysmatec.ch\/de\/wp-json\/wp\/v2\/media\/27080"}],"wp:attachment":[{"href":"https:\/\/sysmatec.ch\/de\/wp-json\/wp\/v2\/media?parent=3920"}],"wp:term":[{"taxonomy":"product_brand","embeddable":true,"href":"https:\/\/sysmatec.ch\/de\/wp-json\/wp\/v2\/product_brand?post=3920"},{"taxonomy":"product_cat","embeddable":true,"href":"https:\/\/sysmatec.ch\/de\/wp-json\/wp\/v2\/product_cat?post=3920"},{"taxonomy":"product_tag","embeddable":true,"href":"https:\/\/sysmatec.ch\/de\/wp-json\/wp\/v2\/product_tag?post=3920"}],"curies":[{"name":"wp","href":"https:\/\/api.w.org\/{rel}","templated":true}]}}