{"id":3852,"date":"2019-02-25T22:08:32","date_gmt":"2019-02-25T21:08:32","guid":{"rendered":"https:\/\/sysmatec.ch\/produit\/thermometre-refrigerateur-ou-congelateur-810-210\/"},"modified":"2022-02-21T21:48:57","modified_gmt":"2022-02-21T20:48:57","slug":"kuehlschrank-oder-gefrierschrank-thermometer-810-210","status":"publish","type":"product","link":"https:\/\/sysmatec.ch\/de\/Produkt\/kuehlschrank-oder-gefrierschrank-thermometer-810-210\/","title":{"rendered":"K\u00fchlschrank oder Gefrierschrank Thermometer 810-210"},"content":{"rendered":"<p>Die Einheit umfasst zwei Temperatursensoren, eine externe wasserdicht Sonde mit ca. 1 Meter lang Kabel und eine interne Sonde f\u00fcr die Raumtemperatur. Die externe Sonde kann an den K\u00fchlschrank Innenwand montiert werden.<\/p>\n<ul>\n<li>programmierbare akustische Alarm<\/li>\n<li>zeigt die max \/ min Temperaturen an<\/li>\n<li>Bereich -49.9 bis 69.9 \u00b0 C<\/li>\n<li>Aufl\u00f6sung 0,1 \u00b0 C<\/li>\n<li>Genauigkeit \u00b1 1 \u00b0 C<\/li>\n<li>Batterie 1,5 V AAA<\/li>\n<li>Batterielebensdauer 5000 Stunden<\/li>\n<li>Anzeige individuelle LCD<\/li>\n<li>Abmessungen 15 x 52 x 73 mm<\/li>\n<li>Gewicht 48 Gramm<\/li>\n<\/ul>\n","protected":false},"excerpt":{"rendered":"<p>K\u00fchlschrank oder Gefrierschrank Thermometer<\/p>\n","protected":false},"featured_media":3844,"template":"","meta":{"_crdt_document":""},"product_brand":[],"product_cat":[180,173],"product_tag":[],"class_list":{"0":"post-3852","1":"product","2":"type-product","3":"status-publish","4":"has-post-thumbnail","6":"product_cat-messung","7":"product_cat-temperatur","9":"first","10":"instock","11":"taxable","12":"shipping-taxable","13":"product-type-simple"},"yoast_head":"<!-- This site is optimized with the Yoast SEO plugin v27.3 - https:\/\/yoast.com\/product\/yoast-seo-wordpress\/ -->\n<title>K\u00fchlschrank oder Gefrierschrank Thermometer 810-210 - Sysmatec<\/title>\n<meta name=\"description\" content=\"K\u00fchlschrank- oder Gefrierschrankthermometer. Es enth\u00e4lt eine interne Sonde und eine externe Sonde. Messbereich von -49.9 bis 69.9 \u00b0C.\" \/>\n<meta name=\"robots\" content=\"index, follow, max-snippet:-1, max-image-preview:large, max-video-preview:-1\" \/>\n<link rel=\"canonical\" href=\"https:\/\/sysmatec.ch\/de\/produit\/kuehlschrank-oder-gefrierschrank-thermometer-810-210\/\" \/>\n<meta property=\"og:locale\" content=\"de_DE\" \/>\n<meta property=\"og:type\" content=\"article\" \/>\n<meta property=\"og:title\" content=\"K\u00fchlschrank oder Gefrierschrank Thermometer 810-210 - Sysmatec\" \/>\n<meta property=\"og:description\" content=\"K\u00fchlschrank- oder Gefrierschrankthermometer. Es enth\u00e4lt eine interne Sonde und eine externe Sonde. Messbereich von -49.9 bis 69.9 \u00b0C.\" \/>\n<meta property=\"og:url\" content=\"https:\/\/sysmatec.ch\/de\/produit\/kuehlschrank-oder-gefrierschrank-thermometer-810-210\/\" \/>\n<meta property=\"og:site_name\" content=\"Sysmatec\" \/>\n<meta property=\"article:modified_time\" content=\"2022-02-21T20:48:57+00:00\" \/>\n<meta property=\"og:image\" content=\"https:\/\/sysmatec.ch\/wp-content\/uploads\/2019\/02\/Thermometre_ETIFridgeThermometer2.jpg\" \/>\n\t<meta property=\"og:image:width\" content=\"178\" \/>\n\t<meta property=\"og:image:height\" content=\"106\" \/>\n\t<meta property=\"og:image:type\" content=\"image\/jpeg\" \/>\n<meta name=\"twitter:card\" content=\"summary_large_image\" \/>\n<script type=\"application\/ld+json\" class=\"yoast-schema-graph\">{\"@context\":\"https:\\\/\\\/schema.org\",\"@graph\":[{\"@type\":\"WebPage\",\"@id\":\"https:\\\/\\\/sysmatec.ch\\\/de\\\/produit\\\/kuehlschrank-oder-gefrierschrank-thermometer-810-210\\\/\",\"url\":\"https:\\\/\\\/sysmatec.ch\\\/de\\\/produit\\\/kuehlschrank-oder-gefrierschrank-thermometer-810-210\\\/\",\"name\":\"K\u00fchlschrank oder Gefrierschrank Thermometer 810-210 - Sysmatec\",\"isPartOf\":{\"@id\":\"https:\\\/\\\/sysmatec.ch\\\/de\\\/#website\"},\"primaryImageOfPage\":{\"@id\":\"https:\\\/\\\/sysmatec.ch\\\/de\\\/produit\\\/kuehlschrank-oder-gefrierschrank-thermometer-810-210\\\/#primaryimage\"},\"image\":{\"@id\":\"https:\\\/\\\/sysmatec.ch\\\/de\\\/produit\\\/kuehlschrank-oder-gefrierschrank-thermometer-810-210\\\/#primaryimage\"},\"thumbnailUrl\":\"https:\\\/\\\/sysmatec.ch\\\/wp-content\\\/uploads\\\/2019\\\/02\\\/Thermometre_ETIFridgeThermometer2.jpg\",\"datePublished\":\"2019-02-25T21:08:32+00:00\",\"dateModified\":\"2022-02-21T20:48:57+00:00\",\"description\":\"K\u00fchlschrank- oder Gefrierschrankthermometer. Es enth\u00e4lt eine interne Sonde und eine externe Sonde. Messbereich von -49.9 bis 69.9 \u00b0C.\",\"breadcrumb\":{\"@id\":\"https:\\\/\\\/sysmatec.ch\\\/de\\\/produit\\\/kuehlschrank-oder-gefrierschrank-thermometer-810-210\\\/#breadcrumb\"},\"inLanguage\":\"de\",\"potentialAction\":[{\"@type\":\"ReadAction\",\"target\":[\"https:\\\/\\\/sysmatec.ch\\\/de\\\/produit\\\/kuehlschrank-oder-gefrierschrank-thermometer-810-210\\\/\"]}]},{\"@type\":\"ImageObject\",\"inLanguage\":\"de\",\"@id\":\"https:\\\/\\\/sysmatec.ch\\\/de\\\/produit\\\/kuehlschrank-oder-gefrierschrank-thermometer-810-210\\\/#primaryimage\",\"url\":\"https:\\\/\\\/sysmatec.ch\\\/wp-content\\\/uploads\\\/2019\\\/02\\\/Thermometre_ETIFridgeThermometer2.jpg\",\"contentUrl\":\"https:\\\/\\\/sysmatec.ch\\\/wp-content\\\/uploads\\\/2019\\\/02\\\/Thermometre_ETIFridgeThermometer2.jpg\",\"width\":178,\"height\":106},{\"@type\":\"BreadcrumbList\",\"@id\":\"https:\\\/\\\/sysmatec.ch\\\/de\\\/produit\\\/kuehlschrank-oder-gefrierschrank-thermometer-810-210\\\/#breadcrumb\",\"itemListElement\":[{\"@type\":\"ListItem\",\"position\":1,\"name\":\"Accueil\",\"item\":\"https:\\\/\\\/sysmatec.ch\\\/de\\\/\"},{\"@type\":\"ListItem\",\"position\":2,\"name\":\"Die Aktivit\u00e4t von Sysmatec\",\"item\":\"https:\\\/\\\/sysmatec.ch\\\/de\\\/\"},{\"@type\":\"ListItem\",\"position\":3,\"name\":\"K\u00fchlschrank oder Gefrierschrank Thermometer 810-210\"}]},{\"@type\":\"WebSite\",\"@id\":\"https:\\\/\\\/sysmatec.ch\\\/de\\\/#website\",\"url\":\"https:\\\/\\\/sysmatec.ch\\\/de\\\/\",\"name\":\"Sysmatec\",\"description\":\"Equipement de laboratoire et logiciels\",\"publisher\":{\"@id\":\"https:\\\/\\\/sysmatec.ch\\\/de\\\/#organization\"},\"potentialAction\":[{\"@type\":\"SearchAction\",\"target\":{\"@type\":\"EntryPoint\",\"urlTemplate\":\"https:\\\/\\\/sysmatec.ch\\\/de\\\/?s={search_term_string}\"},\"query-input\":{\"@type\":\"PropertyValueSpecification\",\"valueRequired\":true,\"valueName\":\"search_term_string\"}}],\"inLanguage\":\"de\"},{\"@type\":\"Organization\",\"@id\":\"https:\\\/\\\/sysmatec.ch\\\/de\\\/#organization\",\"name\":\"Sysmatec\",\"url\":\"https:\\\/\\\/sysmatec.ch\\\/de\\\/\",\"logo\":{\"@type\":\"ImageObject\",\"inLanguage\":\"de\",\"@id\":\"https:\\\/\\\/sysmatec.ch\\\/de\\\/#\\\/schema\\\/logo\\\/image\\\/\",\"url\":\"https:\\\/\\\/sysmatec.ch\\\/wp-content\\\/uploads\\\/2018\\\/11\\\/LogoSysmatec.jpg\",\"contentUrl\":\"https:\\\/\\\/sysmatec.ch\\\/wp-content\\\/uploads\\\/2018\\\/11\\\/LogoSysmatec.jpg\",\"width\":301,\"height\":297,\"caption\":\"Sysmatec\"},\"image\":{\"@id\":\"https:\\\/\\\/sysmatec.ch\\\/de\\\/#\\\/schema\\\/logo\\\/image\\\/\"}}]}<\/script>\n<!-- \/ Yoast SEO plugin. -->","yoast_head_json":{"title":"K\u00fchlschrank oder Gefrierschrank Thermometer 810-210 - Sysmatec","description":"K\u00fchlschrank- oder Gefrierschrankthermometer. Es enth\u00e4lt eine interne Sonde und eine externe Sonde. Messbereich von -49.9 bis 69.9 \u00b0C.","robots":{"index":"index","follow":"follow","max-snippet":"max-snippet:-1","max-image-preview":"max-image-preview:large","max-video-preview":"max-video-preview:-1"},"canonical":"https:\/\/sysmatec.ch\/de\/produit\/kuehlschrank-oder-gefrierschrank-thermometer-810-210\/","og_locale":"de_DE","og_type":"article","og_title":"K\u00fchlschrank oder Gefrierschrank Thermometer 810-210 - Sysmatec","og_description":"K\u00fchlschrank- oder Gefrierschrankthermometer. Es enth\u00e4lt eine interne Sonde und eine externe Sonde. Messbereich von -49.9 bis 69.9 \u00b0C.","og_url":"https:\/\/sysmatec.ch\/de\/produit\/kuehlschrank-oder-gefrierschrank-thermometer-810-210\/","og_site_name":"Sysmatec","article_modified_time":"2022-02-21T20:48:57+00:00","og_image":[{"width":178,"height":106,"url":"https:\/\/sysmatec.ch\/wp-content\/uploads\/2019\/02\/Thermometre_ETIFridgeThermometer2.jpg","type":"image\/jpeg"}],"twitter_card":"summary_large_image","schema":{"@context":"https:\/\/schema.org","@graph":[{"@type":"WebPage","@id":"https:\/\/sysmatec.ch\/de\/produit\/kuehlschrank-oder-gefrierschrank-thermometer-810-210\/","url":"https:\/\/sysmatec.ch\/de\/produit\/kuehlschrank-oder-gefrierschrank-thermometer-810-210\/","name":"K\u00fchlschrank oder Gefrierschrank Thermometer 810-210 - Sysmatec","isPartOf":{"@id":"https:\/\/sysmatec.ch\/de\/#website"},"primaryImageOfPage":{"@id":"https:\/\/sysmatec.ch\/de\/produit\/kuehlschrank-oder-gefrierschrank-thermometer-810-210\/#primaryimage"},"image":{"@id":"https:\/\/sysmatec.ch\/de\/produit\/kuehlschrank-oder-gefrierschrank-thermometer-810-210\/#primaryimage"},"thumbnailUrl":"https:\/\/sysmatec.ch\/wp-content\/uploads\/2019\/02\/Thermometre_ETIFridgeThermometer2.jpg","datePublished":"2019-02-25T21:08:32+00:00","dateModified":"2022-02-21T20:48:57+00:00","description":"K\u00fchlschrank- oder Gefrierschrankthermometer. Es enth\u00e4lt eine interne Sonde und eine externe Sonde. Messbereich von -49.9 bis 69.9 \u00b0C.","breadcrumb":{"@id":"https:\/\/sysmatec.ch\/de\/produit\/kuehlschrank-oder-gefrierschrank-thermometer-810-210\/#breadcrumb"},"inLanguage":"de","potentialAction":[{"@type":"ReadAction","target":["https:\/\/sysmatec.ch\/de\/produit\/kuehlschrank-oder-gefrierschrank-thermometer-810-210\/"]}]},{"@type":"ImageObject","inLanguage":"de","@id":"https:\/\/sysmatec.ch\/de\/produit\/kuehlschrank-oder-gefrierschrank-thermometer-810-210\/#primaryimage","url":"https:\/\/sysmatec.ch\/wp-content\/uploads\/2019\/02\/Thermometre_ETIFridgeThermometer2.jpg","contentUrl":"https:\/\/sysmatec.ch\/wp-content\/uploads\/2019\/02\/Thermometre_ETIFridgeThermometer2.jpg","width":178,"height":106},{"@type":"BreadcrumbList","@id":"https:\/\/sysmatec.ch\/de\/produit\/kuehlschrank-oder-gefrierschrank-thermometer-810-210\/#breadcrumb","itemListElement":[{"@type":"ListItem","position":1,"name":"Accueil","item":"https:\/\/sysmatec.ch\/de\/"},{"@type":"ListItem","position":2,"name":"Die Aktivit\u00e4t von Sysmatec","item":"https:\/\/sysmatec.ch\/de\/"},{"@type":"ListItem","position":3,"name":"K\u00fchlschrank oder Gefrierschrank Thermometer 810-210"}]},{"@type":"WebSite","@id":"https:\/\/sysmatec.ch\/de\/#website","url":"https:\/\/sysmatec.ch\/de\/","name":"Sysmatec","description":"Equipement de laboratoire et logiciels","publisher":{"@id":"https:\/\/sysmatec.ch\/de\/#organization"},"potentialAction":[{"@type":"SearchAction","target":{"@type":"EntryPoint","urlTemplate":"https:\/\/sysmatec.ch\/de\/?s={search_term_string}"},"query-input":{"@type":"PropertyValueSpecification","valueRequired":true,"valueName":"search_term_string"}}],"inLanguage":"de"},{"@type":"Organization","@id":"https:\/\/sysmatec.ch\/de\/#organization","name":"Sysmatec","url":"https:\/\/sysmatec.ch\/de\/","logo":{"@type":"ImageObject","inLanguage":"de","@id":"https:\/\/sysmatec.ch\/de\/#\/schema\/logo\/image\/","url":"https:\/\/sysmatec.ch\/wp-content\/uploads\/2018\/11\/LogoSysmatec.jpg","contentUrl":"https:\/\/sysmatec.ch\/wp-content\/uploads\/2018\/11\/LogoSysmatec.jpg","width":301,"height":297,"caption":"Sysmatec"},"image":{"@id":"https:\/\/sysmatec.ch\/de\/#\/schema\/logo\/image\/"}}]}},"_links":{"self":[{"href":"https:\/\/sysmatec.ch\/de\/wp-json\/wp\/v2\/product\/3852","targetHints":{"allow":["GET"]}}],"collection":[{"href":"https:\/\/sysmatec.ch\/de\/wp-json\/wp\/v2\/product"}],"about":[{"href":"https:\/\/sysmatec.ch\/de\/wp-json\/wp\/v2\/types\/product"}],"wp:featuredmedia":[{"embeddable":true,"href":"https:\/\/sysmatec.ch\/de\/wp-json\/wp\/v2\/media\/3844"}],"wp:attachment":[{"href":"https:\/\/sysmatec.ch\/de\/wp-json\/wp\/v2\/media?parent=3852"}],"wp:term":[{"taxonomy":"product_brand","embeddable":true,"href":"https:\/\/sysmatec.ch\/de\/wp-json\/wp\/v2\/product_brand?post=3852"},{"taxonomy":"product_cat","embeddable":true,"href":"https:\/\/sysmatec.ch\/de\/wp-json\/wp\/v2\/product_cat?post=3852"},{"taxonomy":"product_tag","embeddable":true,"href":"https:\/\/sysmatec.ch\/de\/wp-json\/wp\/v2\/product_tag?post=3852"}],"curies":[{"name":"wp","href":"https:\/\/api.w.org\/{rel}","templated":true}]}}