{"id":3782,"date":"2019-02-24T18:47:10","date_gmt":"2019-02-24T17:47:10","guid":{"rendered":"https:\/\/sysmatec.ch\/produit\/calibrateur-de-temperature-tcs650\/"},"modified":"2022-02-22T20:20:35","modified_gmt":"2022-02-22T19:20:35","slug":"temperaturkalibrator-calsys-15-110","status":"publish","type":"product","link":"https:\/\/sysmatec.ch\/de\/Produkt\/temperaturkalibrator-calsys-15-110\/","title":{"rendered":"Temperaturkalibrator CalSys -15\/110"},"content":{"rendered":"<p>Trockenbad-Temperaturkalibrator<\/p>\n<p><span class=\"VIiyi\" lang=\"de\"><span class=\"JLqJ4b\" data-language-for-alternatives=\"de\" data-language-to-translate-into=\"en\" data-phrase-index=\"0\">Es ist ein Temperaturkalibrator zur \u00dcberpr\u00fcfung und Kalibrierung von TCs, Widerstandsthermometern, Temperaturtransmittern, Glasthermometern, Thermostaten usw.<\/span><\/span><\/p>\n<p><span class=\"VIiyi\" lang=\"de\"><span class=\"JLqJ4b\" data-language-for-alternatives=\"de\" data-language-to-translate-into=\"en\" data-phrase-index=\"0\">Dieser Kalibrator bietet einen einfach zu bedienenden tragbare Ger\u00e4t mit einem Temperaturbereich von \u201315 bis 110 \u00b0 C. Es ist ein hochstabiler Standardofen zum Kalibrieren von RTD. Dieser Kalibrator kann vor Ort f\u00fcr die Hochtemperaturkalibrierung verwendet werden und findet auch Anwendung in der Luft- und Raumfahrt, in der \u00d6lgas-Petrochemie, in der Pharmaindustrie, in der elektrischen Energie, in der Automobilindustrie und in der Materialprozessindustrie. Das Vergleichsvolumen ist ein Metallblock aus Spezialmaterial mit einem Durchmesser von 24 mm und einer L\u00e4nge von 120 mm. Niedertemperatur-Trockenblockofen basierend auf einer thermoelektrischen K\u00fchlschaltung. Dieses Modell bietet ein spezielles isothermes Geh\u00e4use, mit dem der Sensor gegen den Kalibrator kalibriert werden kann. Die Temperatur des Kalibrators wird von einem selbstabgestimmten PID-Regler mit automatischer Superfeineinstellung eingestellt und geregelt.<\/span><\/span><\/p>\n<p><span class=\"VIiyi\" lang=\"de\"><span class=\"JLqJ4b\" data-language-for-alternatives=\"de\" data-language-to-translate-into=\"en\" data-phrase-index=\"0\">Unser neu entworfenes Modell Calsys -15\/110 bietet ein besseres \u00e4sthetisches Design und eine bessere Leistung, die auf die n\u00e4chste Stufe gebracht wurde.<\/span><\/span><\/p>\n<p><span class=\"VIiyi\" lang=\"de\"><span class=\"JLqJ4b\" data-language-for-alternatives=\"de\" data-language-to-translate-into=\"en\" data-phrase-index=\"0\">Temperaturbereich: -15 \u00b0 C bis 110 \u00b0 C.<\/span><\/span><\/p>\n<p><span class=\"VIiyi\" lang=\"de\"><span class=\"JLqJ4b\" data-language-for-alternatives=\"de\" data-language-to-translate-into=\"en\" data-phrase-index=\"0\">Genauigkeit: \u00b1 0.5 \u00b0 C.<\/span><\/span><\/p>\n<p><span class=\"VIiyi\" lang=\"de\"><span class=\"JLqJ4b\" data-language-for-alternatives=\"de\" data-language-to-translate-into=\"en\" data-phrase-index=\"0\">Stabilit\u00e4t: \u00b1 0.03 \u00b0 C bei -15 \u00b0 C, \u00b1 0.05 \u00b0 C bei 0 \u00b0 C, \u00b1 0.07 \u00b0 C bei 110 \u00b0 C.<\/span><\/span><\/p>\n<p><span class=\"VIiyi\" lang=\"de\"><span class=\"JLqJ4b\" data-language-for-alternatives=\"de\" data-language-to-translate-into=\"en\" data-phrase-index=\"0\">Radiale Gleichm\u00e4\u00dfigkeit: \u00b1 0.05 \u00b0 C bei -15 \u00b0 C, \u00b1 0.07 \u00b0 C bei 0 \u00b0 C, \u00b1 0.09 \u00b0 C bei 110 \u00b0 C.<\/span><\/span><\/p>\n<p><span class=\"VIiyi\" lang=\"de\"><span class=\"JLqJ4b\" data-language-for-alternatives=\"de\" data-language-to-translate-into=\"en\" data-phrase-index=\"0\">Belastungseffekt (mit einer 6.35 mm Referenzsonde und drei 6.35 mm Sonden) 0.04 \u00b0 C.<\/span><\/span><\/p>\n<p><span class=\"VIiyi\" lang=\"de\"><span class=\"JLqJ4b\" data-language-for-alternatives=\"de\" data-language-to-translate-into=\"en\" data-phrase-index=\"0\">Hysterese: 0.02 \u00b0 C.<\/span><\/span><\/p>\n<p><span class=\"VIiyi\" lang=\"de\"><span class=\"JLqJ4b\" data-language-for-alternatives=\"de\" data-language-to-translate-into=\"en\" data-phrase-index=\"0\">Eintauchtiefe: 120 mm Au\u00dfendurchmesser einsetzen: 24 mm<\/span><\/span><\/p>\n<p><span class=\"VIiyi\" lang=\"de\"><span class=\"JLqJ4b\" data-language-for-alternatives=\"de\" data-language-to-translate-into=\"en\" data-phrase-index=\"0\">Regelungsmethode: Selbstabgestimmter PID-Regler<\/span><\/span><\/p>\n<p><span class=\"VIiyi\" lang=\"de\"><span class=\"JLqJ4b\" data-language-for-alternatives=\"de\" data-language-to-translate-into=\"en\" data-phrase-index=\"0\">Aufheizzeit: 10 min Abk\u00fchlzeit: 25 min (110 \u00b0 C bis -15 \u00b0 C)<\/span><\/span><\/p>\n<p><span class=\"VIiyi\" lang=\"de\"><span class=\"JLqJ4b\" data-language-for-alternatives=\"de\" data-language-to-translate-into=\"en\" data-phrase-index=\"0\">Aufl\u00f6sung: 0.1 \u00b0 C.<\/span><\/span><\/p>\n<p><span class=\"VIiyi\" lang=\"de\"><span class=\"JLqJ4b\" data-language-for-alternatives=\"de\" data-language-to-translate-into=\"en\" data-phrase-index=\"0\">Anzeige: LCD, \u00b0 C oder \u00b0 F vom Benutzer w\u00e4hlbar<\/span><\/span><\/p>\n<p><span class=\"VIiyi\" lang=\"de\"><span class=\"JLqJ4b\" data-language-for-alternatives=\"de\" data-language-to-translate-into=\"en\" data-phrase-index=\"0\">Gr\u00f6\u00dfe: (H x B x T) 380 (H) x 170 (B) x 188 (T) mm<\/span><\/span><\/p>\n<p><span class=\"VIiyi\" lang=\"de\"><span class=\"JLqJ4b\" data-language-for-alternatives=\"de\" data-language-to-translate-into=\"en\" data-phrase-index=\"0\">Gewicht: 11 kg<\/span><\/span><\/p>\n<p><span class=\"VIiyi\" lang=\"de\"><span class=\"JLqJ4b\" data-language-for-alternatives=\"de\" data-language-to-translate-into=\"en\" data-phrase-index=\"0\">Leistungsanforderungen: 230 VAC, 500 W (50 Hz)<\/span><\/span><\/p>\n<p><span class=\"VIiyi\" lang=\"de\"><span class=\"JLqJ4b\" data-language-for-alternatives=\"de\" data-language-to-translate-into=\"en\" data-phrase-index=\"0\">Computerschnittstelle: RS &#8211; 232<\/span><\/span><\/p>\n<p><span class=\"VIiyi\" lang=\"de\"><span class=\"JLqJ4b\" data-language-for-alternatives=\"de\" data-language-to-translate-into=\"en\" data-phrase-index=\"0\">Kalibrierung: Akkreditiertes Kalibrierungszertifikat bereitgestellt<\/span><\/span><\/p>\n<p><span class=\"VIiyi\" lang=\"de\"><span class=\"JLqJ4b\" data-language-for-alternatives=\"de\" data-language-to-translate-into=\"en\" data-phrase-index=\"0\">Betriebsbedingungen 0 \u00b0 C bis 40 \u00b0 C, 0% bis 90% relative Luftfeuchtigkeit (nicht kondensierend)<\/span><\/span><\/p>\n<p><span class=\"VIiyi\" lang=\"de\"><span class=\"JLqJ4b\" data-language-for-alternatives=\"de\" data-language-to-translate-into=\"en\" data-phrase-index=\"0\">Technische Daten g\u00fcltig unter Umgebungsbedingungen von 13 \u00b0 C bis 33 \u00b0 C.<\/span><\/span><\/p>\n","protected":false},"excerpt":{"rendered":"<p><span class=\"VIiyi\" lang=\"de\"><span class=\"JLqJ4b ChMk0b\" data-language-for-alternatives=\"de\" data-language-to-translate-into=\"en\" data-phrase-index=\"0\">Kalibrator f\u00fcr Thermometer und Temperaturdatenlogger.<\/span> <span class=\"JLqJ4b ChMk0b\" data-language-for-alternatives=\"de\" data-language-to-translate-into=\"en\" data-phrase-index=\"1\">Tragbarer, leichter und hochpr\u00e4ziser Trockenblock-Kalibrator f\u00fcr den Einsatz in Industrie- und Laborbereichen.<\/span><\/span><\/p>\n","protected":false},"featured_media":25202,"template":"","meta":{"_crdt_document":""},"product_brand":[],"product_cat":[178,173],"product_tag":[],"class_list":{"0":"post-3782","1":"product","2":"type-product","3":"status-publish","4":"has-post-thumbnail","6":"product_cat-kalibrator","7":"product_cat-temperatur","9":"first","10":"instock","11":"taxable","12":"shipping-taxable","13":"product-type-simple"},"yoast_head":"<!-- This site is optimized with the Yoast SEO plugin v27.3 - https:\/\/yoast.com\/product\/yoast-seo-wordpress\/ -->\n<title>Temperaturkalibrator CalSys -15\/110 - Sysmatec<\/title>\n<meta name=\"description\" content=\"Temperaturkalibrator, zum Kalibrieren von Thermometern. Temperaturbereich von -15\u00b0 C bis 110\u00b0 C. Transportabel.\" \/>\n<meta name=\"robots\" content=\"index, follow, max-snippet:-1, max-image-preview:large, max-video-preview:-1\" \/>\n<link rel=\"canonical\" href=\"https:\/\/sysmatec.ch\/de\/produit\/temperaturkalibrator-calsys-15-110\/\" \/>\n<meta property=\"og:locale\" content=\"de_DE\" \/>\n<meta property=\"og:type\" content=\"article\" \/>\n<meta property=\"og:title\" content=\"Temperaturkalibrator CalSys -15\/110 - Sysmatec\" \/>\n<meta property=\"og:description\" content=\"Temperaturkalibrator, zum Kalibrieren von Thermometern. Temperaturbereich von -15\u00b0 C bis 110\u00b0 C. Transportabel.\" \/>\n<meta property=\"og:url\" content=\"https:\/\/sysmatec.ch\/de\/produit\/temperaturkalibrator-calsys-15-110\/\" \/>\n<meta property=\"og:site_name\" content=\"Sysmatec\" \/>\n<meta property=\"article:modified_time\" content=\"2022-02-22T19:20:35+00:00\" \/>\n<meta property=\"og:image\" content=\"https:\/\/sysmatec.ch\/wp-content\/uploads\/2019\/02\/CalibrateurTemperature_CalSys15_110.jpg\" \/>\n\t<meta property=\"og:image:width\" content=\"542\" \/>\n\t<meta property=\"og:image:height\" content=\"487\" \/>\n\t<meta property=\"og:image:type\" content=\"image\/jpeg\" \/>\n<meta name=\"twitter:card\" content=\"summary_large_image\" \/>\n<meta name=\"twitter:label1\" content=\"Gesch\u00e4tzte Lesezeit\" \/>\n\t<meta name=\"twitter:data1\" content=\"2\u00a0Minuten\" \/>\n<script type=\"application\/ld+json\" class=\"yoast-schema-graph\">{\"@context\":\"https:\\\/\\\/schema.org\",\"@graph\":[{\"@type\":\"WebPage\",\"@id\":\"https:\\\/\\\/sysmatec.ch\\\/de\\\/produit\\\/temperaturkalibrator-calsys-15-110\\\/\",\"url\":\"https:\\\/\\\/sysmatec.ch\\\/de\\\/produit\\\/temperaturkalibrator-calsys-15-110\\\/\",\"name\":\"Temperaturkalibrator CalSys -15\\\/110 - Sysmatec\",\"isPartOf\":{\"@id\":\"https:\\\/\\\/sysmatec.ch\\\/de\\\/#website\"},\"primaryImageOfPage\":{\"@id\":\"https:\\\/\\\/sysmatec.ch\\\/de\\\/produit\\\/temperaturkalibrator-calsys-15-110\\\/#primaryimage\"},\"image\":{\"@id\":\"https:\\\/\\\/sysmatec.ch\\\/de\\\/produit\\\/temperaturkalibrator-calsys-15-110\\\/#primaryimage\"},\"thumbnailUrl\":\"https:\\\/\\\/sysmatec.ch\\\/wp-content\\\/uploads\\\/2019\\\/02\\\/CalibrateurTemperature_CalSys15_110.jpg\",\"datePublished\":\"2019-02-24T17:47:10+00:00\",\"dateModified\":\"2022-02-22T19:20:35+00:00\",\"description\":\"Temperaturkalibrator, zum Kalibrieren von Thermometern. Temperaturbereich von -15\u00b0 C bis 110\u00b0 C. Transportabel.\",\"breadcrumb\":{\"@id\":\"https:\\\/\\\/sysmatec.ch\\\/de\\\/produit\\\/temperaturkalibrator-calsys-15-110\\\/#breadcrumb\"},\"inLanguage\":\"de\",\"potentialAction\":[{\"@type\":\"ReadAction\",\"target\":[\"https:\\\/\\\/sysmatec.ch\\\/de\\\/produit\\\/temperaturkalibrator-calsys-15-110\\\/\"]}]},{\"@type\":\"ImageObject\",\"inLanguage\":\"de\",\"@id\":\"https:\\\/\\\/sysmatec.ch\\\/de\\\/produit\\\/temperaturkalibrator-calsys-15-110\\\/#primaryimage\",\"url\":\"https:\\\/\\\/sysmatec.ch\\\/wp-content\\\/uploads\\\/2019\\\/02\\\/CalibrateurTemperature_CalSys15_110.jpg\",\"contentUrl\":\"https:\\\/\\\/sysmatec.ch\\\/wp-content\\\/uploads\\\/2019\\\/02\\\/CalibrateurTemperature_CalSys15_110.jpg\",\"width\":542,\"height\":487},{\"@type\":\"BreadcrumbList\",\"@id\":\"https:\\\/\\\/sysmatec.ch\\\/de\\\/produit\\\/temperaturkalibrator-calsys-15-110\\\/#breadcrumb\",\"itemListElement\":[{\"@type\":\"ListItem\",\"position\":1,\"name\":\"Accueil\",\"item\":\"https:\\\/\\\/sysmatec.ch\\\/de\\\/\"},{\"@type\":\"ListItem\",\"position\":2,\"name\":\"Die Aktivit\u00e4t von Sysmatec\",\"item\":\"https:\\\/\\\/sysmatec.ch\\\/de\\\/\"},{\"@type\":\"ListItem\",\"position\":3,\"name\":\"Temperaturkalibrator CalSys -15\\\/110\"}]},{\"@type\":\"WebSite\",\"@id\":\"https:\\\/\\\/sysmatec.ch\\\/de\\\/#website\",\"url\":\"https:\\\/\\\/sysmatec.ch\\\/de\\\/\",\"name\":\"Sysmatec\",\"description\":\"Equipement de laboratoire et logiciels\",\"publisher\":{\"@id\":\"https:\\\/\\\/sysmatec.ch\\\/de\\\/#organization\"},\"potentialAction\":[{\"@type\":\"SearchAction\",\"target\":{\"@type\":\"EntryPoint\",\"urlTemplate\":\"https:\\\/\\\/sysmatec.ch\\\/de\\\/?s={search_term_string}\"},\"query-input\":{\"@type\":\"PropertyValueSpecification\",\"valueRequired\":true,\"valueName\":\"search_term_string\"}}],\"inLanguage\":\"de\"},{\"@type\":\"Organization\",\"@id\":\"https:\\\/\\\/sysmatec.ch\\\/de\\\/#organization\",\"name\":\"Sysmatec\",\"url\":\"https:\\\/\\\/sysmatec.ch\\\/de\\\/\",\"logo\":{\"@type\":\"ImageObject\",\"inLanguage\":\"de\",\"@id\":\"https:\\\/\\\/sysmatec.ch\\\/de\\\/#\\\/schema\\\/logo\\\/image\\\/\",\"url\":\"https:\\\/\\\/sysmatec.ch\\\/wp-content\\\/uploads\\\/2018\\\/11\\\/LogoSysmatec.jpg\",\"contentUrl\":\"https:\\\/\\\/sysmatec.ch\\\/wp-content\\\/uploads\\\/2018\\\/11\\\/LogoSysmatec.jpg\",\"width\":301,\"height\":297,\"caption\":\"Sysmatec\"},\"image\":{\"@id\":\"https:\\\/\\\/sysmatec.ch\\\/de\\\/#\\\/schema\\\/logo\\\/image\\\/\"}}]}<\/script>\n<!-- \/ Yoast SEO plugin. -->","yoast_head_json":{"title":"Temperaturkalibrator CalSys -15\/110 - Sysmatec","description":"Temperaturkalibrator, zum Kalibrieren von Thermometern. Temperaturbereich von -15\u00b0 C bis 110\u00b0 C. Transportabel.","robots":{"index":"index","follow":"follow","max-snippet":"max-snippet:-1","max-image-preview":"max-image-preview:large","max-video-preview":"max-video-preview:-1"},"canonical":"https:\/\/sysmatec.ch\/de\/produit\/temperaturkalibrator-calsys-15-110\/","og_locale":"de_DE","og_type":"article","og_title":"Temperaturkalibrator CalSys -15\/110 - Sysmatec","og_description":"Temperaturkalibrator, zum Kalibrieren von Thermometern. Temperaturbereich von -15\u00b0 C bis 110\u00b0 C. Transportabel.","og_url":"https:\/\/sysmatec.ch\/de\/produit\/temperaturkalibrator-calsys-15-110\/","og_site_name":"Sysmatec","article_modified_time":"2022-02-22T19:20:35+00:00","og_image":[{"width":542,"height":487,"url":"https:\/\/sysmatec.ch\/wp-content\/uploads\/2019\/02\/CalibrateurTemperature_CalSys15_110.jpg","type":"image\/jpeg"}],"twitter_card":"summary_large_image","twitter_misc":{"Gesch\u00e4tzte Lesezeit":"2\u00a0Minuten"},"schema":{"@context":"https:\/\/schema.org","@graph":[{"@type":"WebPage","@id":"https:\/\/sysmatec.ch\/de\/produit\/temperaturkalibrator-calsys-15-110\/","url":"https:\/\/sysmatec.ch\/de\/produit\/temperaturkalibrator-calsys-15-110\/","name":"Temperaturkalibrator CalSys -15\/110 - Sysmatec","isPartOf":{"@id":"https:\/\/sysmatec.ch\/de\/#website"},"primaryImageOfPage":{"@id":"https:\/\/sysmatec.ch\/de\/produit\/temperaturkalibrator-calsys-15-110\/#primaryimage"},"image":{"@id":"https:\/\/sysmatec.ch\/de\/produit\/temperaturkalibrator-calsys-15-110\/#primaryimage"},"thumbnailUrl":"https:\/\/sysmatec.ch\/wp-content\/uploads\/2019\/02\/CalibrateurTemperature_CalSys15_110.jpg","datePublished":"2019-02-24T17:47:10+00:00","dateModified":"2022-02-22T19:20:35+00:00","description":"Temperaturkalibrator, zum Kalibrieren von Thermometern. Temperaturbereich von -15\u00b0 C bis 110\u00b0 C. Transportabel.","breadcrumb":{"@id":"https:\/\/sysmatec.ch\/de\/produit\/temperaturkalibrator-calsys-15-110\/#breadcrumb"},"inLanguage":"de","potentialAction":[{"@type":"ReadAction","target":["https:\/\/sysmatec.ch\/de\/produit\/temperaturkalibrator-calsys-15-110\/"]}]},{"@type":"ImageObject","inLanguage":"de","@id":"https:\/\/sysmatec.ch\/de\/produit\/temperaturkalibrator-calsys-15-110\/#primaryimage","url":"https:\/\/sysmatec.ch\/wp-content\/uploads\/2019\/02\/CalibrateurTemperature_CalSys15_110.jpg","contentUrl":"https:\/\/sysmatec.ch\/wp-content\/uploads\/2019\/02\/CalibrateurTemperature_CalSys15_110.jpg","width":542,"height":487},{"@type":"BreadcrumbList","@id":"https:\/\/sysmatec.ch\/de\/produit\/temperaturkalibrator-calsys-15-110\/#breadcrumb","itemListElement":[{"@type":"ListItem","position":1,"name":"Accueil","item":"https:\/\/sysmatec.ch\/de\/"},{"@type":"ListItem","position":2,"name":"Die Aktivit\u00e4t von Sysmatec","item":"https:\/\/sysmatec.ch\/de\/"},{"@type":"ListItem","position":3,"name":"Temperaturkalibrator CalSys -15\/110"}]},{"@type":"WebSite","@id":"https:\/\/sysmatec.ch\/de\/#website","url":"https:\/\/sysmatec.ch\/de\/","name":"Sysmatec","description":"Equipement de laboratoire et logiciels","publisher":{"@id":"https:\/\/sysmatec.ch\/de\/#organization"},"potentialAction":[{"@type":"SearchAction","target":{"@type":"EntryPoint","urlTemplate":"https:\/\/sysmatec.ch\/de\/?s={search_term_string}"},"query-input":{"@type":"PropertyValueSpecification","valueRequired":true,"valueName":"search_term_string"}}],"inLanguage":"de"},{"@type":"Organization","@id":"https:\/\/sysmatec.ch\/de\/#organization","name":"Sysmatec","url":"https:\/\/sysmatec.ch\/de\/","logo":{"@type":"ImageObject","inLanguage":"de","@id":"https:\/\/sysmatec.ch\/de\/#\/schema\/logo\/image\/","url":"https:\/\/sysmatec.ch\/wp-content\/uploads\/2018\/11\/LogoSysmatec.jpg","contentUrl":"https:\/\/sysmatec.ch\/wp-content\/uploads\/2018\/11\/LogoSysmatec.jpg","width":301,"height":297,"caption":"Sysmatec"},"image":{"@id":"https:\/\/sysmatec.ch\/de\/#\/schema\/logo\/image\/"}}]}},"_links":{"self":[{"href":"https:\/\/sysmatec.ch\/de\/wp-json\/wp\/v2\/product\/3782","targetHints":{"allow":["GET"]}}],"collection":[{"href":"https:\/\/sysmatec.ch\/de\/wp-json\/wp\/v2\/product"}],"about":[{"href":"https:\/\/sysmatec.ch\/de\/wp-json\/wp\/v2\/types\/product"}],"wp:featuredmedia":[{"embeddable":true,"href":"https:\/\/sysmatec.ch\/de\/wp-json\/wp\/v2\/media\/25202"}],"wp:attachment":[{"href":"https:\/\/sysmatec.ch\/de\/wp-json\/wp\/v2\/media?parent=3782"}],"wp:term":[{"taxonomy":"product_brand","embeddable":true,"href":"https:\/\/sysmatec.ch\/de\/wp-json\/wp\/v2\/product_brand?post=3782"},{"taxonomy":"product_cat","embeddable":true,"href":"https:\/\/sysmatec.ch\/de\/wp-json\/wp\/v2\/product_cat?post=3782"},{"taxonomy":"product_tag","embeddable":true,"href":"https:\/\/sysmatec.ch\/de\/wp-json\/wp\/v2\/product_tag?post=3782"}],"curies":[{"name":"wp","href":"https:\/\/api.w.org\/{rel}","templated":true}]}}