{"id":3774,"date":"2019-02-24T18:35:34","date_gmt":"2019-02-24T17:35:34","guid":{"rendered":"https:\/\/sysmatec.ch\/produit\/calibrateur-de-temperature-tcs140\/"},"modified":"2022-02-22T20:19:14","modified_gmt":"2022-02-22T19:19:14","slug":"temperaturkalibrator-calsys-80-50","status":"publish","type":"product","link":"https:\/\/sysmatec.ch\/de\/Produkt\/temperaturkalibrator-calsys-80-50\/","title":{"rendered":"Temperaturkalibrator CalSys -80\/50"},"content":{"rendered":"<p><span class=\"VIiyi\" lang=\"de\"><span class=\"JLqJ4b ChMk0b\" data-language-for-alternatives=\"de\" data-language-to-translate-into=\"fr\" data-phrase-index=\"0\">Calsys -80\/50 ist ein einfach zu bedienender Fl\u00fcssigkeitstemperaturkalibrator mit einem Temperaturbereich von -80 bis 50 \u00b0 C. Sein hochstabiles Geh\u00e4use ist ideal f\u00fcr die Thermoelement- \/ RTD-Kalibrierung.<\/span> <span class=\"JLqJ4b ChMk0b\" data-language-for-alternatives=\"de\" data-language-to-translate-into=\"fr\" data-phrase-index=\"1\">Dank der Verwendung einer Fl\u00fcssigkeit befindet sich keine Luft zwischen den W\u00e4nden und der Sonde, was die Pr\u00e4zision dank eines hervorragenden W\u00e4rmekontakts und einer guten Homogenit\u00e4t der Temperatur im gesamten Bad verbessert.<\/span> <span class=\"JLqJ4b ChMk0b\" data-language-for-alternatives=\"de\" data-language-to-translate-into=\"fr\" data-phrase-index=\"2\">Methanol wird f\u00fcr Temperaturen unter 0 \u00b0 C, Wasser von 0 bis 80 (oder Silikon\u00f6l bis 250) verwendet.<\/span> <span class=\"JLqJ4b ChMk0b\" data-language-for-alternatives=\"de\" data-language-to-translate-into=\"fr\" data-phrase-index=\"3\">Die Fl\u00fcssigkeit wird auf die gew\u00fcnschte Temperatur erhitzt oder abgek\u00fchlt.<\/span> <span class=\"JLqJ4b ChMk0b\" data-language-for-alternatives=\"de\" data-language-to-translate-into=\"fr\" data-phrase-index=\"4\">Es gibt bis zu sieben Arten von Fl\u00fcssigkeitsb\u00e4dern.<\/span> <span class=\"JLqJ4b ChMk0b\" data-language-for-alternatives=\"de\" data-language-to-translate-into=\"fr\" data-phrase-index=\"5\">Das Volumen betr\u00e4gt 9 Liter.<\/span><\/span><\/p>\n<p><span class=\"VIiyi\" lang=\"de\"><span class=\"JLqJ4b ChMk0b\" data-language-for-alternatives=\"de\" data-language-to-translate-into=\"fr\" data-phrase-index=\"0\">Die Zugangs\u00f6ffnung betr\u00e4gt 120 x 120 mm mit einer Tiefe von 200 mm.<\/span><\/span><\/p>\n<p><span class=\"VIiyi\" lang=\"de\"><span class=\"JLqJ4b ChMk0b\" data-language-for-alternatives=\"de\" data-language-to-translate-into=\"fr\" data-phrase-index=\"2\">Die Kalibratortemperatur wird von einem selbsteinstellenden PID-Regler eingestellt und geregelt.<\/span><\/span><\/p>\n<p><span class=\"VIiyi\" lang=\"de\"><span class=\"JLqJ4b ChMk0b\" data-language-for-alternatives=\"de\" data-language-to-translate-into=\"fr\" data-phrase-index=\"4\">Es werden keine FCKW verwendet.<\/span><\/span><\/p>\n<p><span class=\"VIiyi\" lang=\"de\"><span class=\"JLqJ4b ChMk0b\" data-language-for-alternatives=\"de\" data-language-to-translate-into=\"fr\" data-phrase-index=\"6\">Er wird mit einem Kalibrierungszertifikat geliefert.<\/span> <span class=\"JLqJ4b ChMk0b\" data-language-for-alternatives=\"de\" data-language-to-translate-into=\"fr\" data-phrase-index=\"7\">Die Temperaturstabilit\u00e4t betr\u00e4gt + \/ 0,05 \u00b0 C bei 50 \u00b0 C.<\/span><\/span><\/p>\n<p><span class=\"VIiyi\" lang=\"de\"><span class=\"JLqJ4b ChMk0b\" data-language-for-alternatives=\"de\" data-language-to-translate-into=\"fr\" data-phrase-index=\"9\">Er verf\u00fcgt \u00fcber eine RS232-Schnittstelle zum Anschlie\u00dfen eines PCs.<\/span><\/span><\/p>\n","protected":false},"excerpt":{"rendered":"<p><span class=\"VIiyi\" lang=\"de\"><span class=\"JLqJ4b ChMk0b\" data-language-for-alternatives=\"de\" data-language-to-translate-into=\"fr\" data-phrase-index=\"0\">Kalibrator f\u00fcr Thermometer und Temperaturschreiber.<\/span> <span class=\"JLqJ4b ChMk0b\" data-language-for-alternatives=\"de\" data-language-to-translate-into=\"fr\" data-phrase-index=\"1\">Sehr genaues Fl\u00fcssigkeitskalibrierungsbad.<\/span> <span class=\"JLqJ4b ChMk0b\" data-language-for-alternatives=\"de\" data-language-to-translate-into=\"fr\" data-phrase-index=\"2\">Temperaturbereich -80 bis 50 \u00b0 C.<\/span><\/span><\/p>\n","protected":false},"featured_media":25190,"template":"","meta":{"_crdt_document":""},"product_brand":[],"product_cat":[178,173],"product_tag":[],"class_list":{"0":"post-3774","1":"product","2":"type-product","3":"status-publish","4":"has-post-thumbnail","6":"product_cat-kalibrator","7":"product_cat-temperatur","9":"first","10":"instock","11":"taxable","12":"shipping-taxable","13":"product-type-simple"},"yoast_head":"<!-- This site is optimized with the Yoast SEO plugin v27.3 - https:\/\/yoast.com\/product\/yoast-seo-wordpress\/ -->\n<title>Temperaturkalibrator CalSys -80\/50 - Sysmatec<\/title>\n<meta name=\"description\" content=\"Temperaturkalibrator, zum Kalibrieren von Thermometern. Temperaturbereich von -80\u00b0 C bis 50\u00b0 C. Transportabel.\" \/>\n<meta name=\"robots\" content=\"index, follow, max-snippet:-1, max-image-preview:large, max-video-preview:-1\" \/>\n<link rel=\"canonical\" href=\"https:\/\/sysmatec.ch\/de\/produit\/temperaturkalibrator-calsys-80-50\/\" \/>\n<meta property=\"og:locale\" content=\"de_DE\" \/>\n<meta property=\"og:type\" content=\"article\" \/>\n<meta property=\"og:title\" content=\"Temperaturkalibrator CalSys -80\/50 - Sysmatec\" \/>\n<meta property=\"og:description\" content=\"Temperaturkalibrator, zum Kalibrieren von Thermometern. Temperaturbereich von -80\u00b0 C bis 50\u00b0 C. Transportabel.\" \/>\n<meta property=\"og:url\" content=\"https:\/\/sysmatec.ch\/de\/produit\/temperaturkalibrator-calsys-80-50\/\" \/>\n<meta property=\"og:site_name\" content=\"Sysmatec\" \/>\n<meta property=\"article:modified_time\" content=\"2022-02-22T19:19:14+00:00\" \/>\n<meta property=\"og:image\" content=\"https:\/\/sysmatec.ch\/wp-content\/uploads\/2019\/02\/CalibrateurTemperature_CalSys80_50.jpg\" \/>\n\t<meta property=\"og:image:width\" content=\"428\" \/>\n\t<meta property=\"og:image:height\" content=\"406\" \/>\n\t<meta property=\"og:image:type\" content=\"image\/jpeg\" \/>\n<meta name=\"twitter:card\" content=\"summary_large_image\" \/>\n<meta name=\"twitter:label1\" content=\"Gesch\u00e4tzte Lesezeit\" \/>\n\t<meta name=\"twitter:data1\" content=\"1\u00a0Minute\" \/>\n<script type=\"application\/ld+json\" class=\"yoast-schema-graph\">{\"@context\":\"https:\\\/\\\/schema.org\",\"@graph\":[{\"@type\":\"WebPage\",\"@id\":\"https:\\\/\\\/sysmatec.ch\\\/de\\\/produit\\\/temperaturkalibrator-calsys-80-50\\\/\",\"url\":\"https:\\\/\\\/sysmatec.ch\\\/de\\\/produit\\\/temperaturkalibrator-calsys-80-50\\\/\",\"name\":\"Temperaturkalibrator CalSys -80\\\/50 - Sysmatec\",\"isPartOf\":{\"@id\":\"https:\\\/\\\/sysmatec.ch\\\/de\\\/#website\"},\"primaryImageOfPage\":{\"@id\":\"https:\\\/\\\/sysmatec.ch\\\/de\\\/produit\\\/temperaturkalibrator-calsys-80-50\\\/#primaryimage\"},\"image\":{\"@id\":\"https:\\\/\\\/sysmatec.ch\\\/de\\\/produit\\\/temperaturkalibrator-calsys-80-50\\\/#primaryimage\"},\"thumbnailUrl\":\"https:\\\/\\\/sysmatec.ch\\\/wp-content\\\/uploads\\\/2019\\\/02\\\/CalibrateurTemperature_CalSys80_50.jpg\",\"datePublished\":\"2019-02-24T17:35:34+00:00\",\"dateModified\":\"2022-02-22T19:19:14+00:00\",\"description\":\"Temperaturkalibrator, zum Kalibrieren von Thermometern. Temperaturbereich von -80\u00b0 C bis 50\u00b0 C. Transportabel.\",\"breadcrumb\":{\"@id\":\"https:\\\/\\\/sysmatec.ch\\\/de\\\/produit\\\/temperaturkalibrator-calsys-80-50\\\/#breadcrumb\"},\"inLanguage\":\"de\",\"potentialAction\":[{\"@type\":\"ReadAction\",\"target\":[\"https:\\\/\\\/sysmatec.ch\\\/de\\\/produit\\\/temperaturkalibrator-calsys-80-50\\\/\"]}]},{\"@type\":\"ImageObject\",\"inLanguage\":\"de\",\"@id\":\"https:\\\/\\\/sysmatec.ch\\\/de\\\/produit\\\/temperaturkalibrator-calsys-80-50\\\/#primaryimage\",\"url\":\"https:\\\/\\\/sysmatec.ch\\\/wp-content\\\/uploads\\\/2019\\\/02\\\/CalibrateurTemperature_CalSys80_50.jpg\",\"contentUrl\":\"https:\\\/\\\/sysmatec.ch\\\/wp-content\\\/uploads\\\/2019\\\/02\\\/CalibrateurTemperature_CalSys80_50.jpg\",\"width\":428,\"height\":406},{\"@type\":\"BreadcrumbList\",\"@id\":\"https:\\\/\\\/sysmatec.ch\\\/de\\\/produit\\\/temperaturkalibrator-calsys-80-50\\\/#breadcrumb\",\"itemListElement\":[{\"@type\":\"ListItem\",\"position\":1,\"name\":\"Accueil\",\"item\":\"https:\\\/\\\/sysmatec.ch\\\/de\\\/\"},{\"@type\":\"ListItem\",\"position\":2,\"name\":\"Die Aktivit\u00e4t von Sysmatec\",\"item\":\"https:\\\/\\\/sysmatec.ch\\\/de\\\/\"},{\"@type\":\"ListItem\",\"position\":3,\"name\":\"Temperaturkalibrator CalSys -80\\\/50\"}]},{\"@type\":\"WebSite\",\"@id\":\"https:\\\/\\\/sysmatec.ch\\\/de\\\/#website\",\"url\":\"https:\\\/\\\/sysmatec.ch\\\/de\\\/\",\"name\":\"Sysmatec\",\"description\":\"Equipement de laboratoire et logiciels\",\"publisher\":{\"@id\":\"https:\\\/\\\/sysmatec.ch\\\/de\\\/#organization\"},\"potentialAction\":[{\"@type\":\"SearchAction\",\"target\":{\"@type\":\"EntryPoint\",\"urlTemplate\":\"https:\\\/\\\/sysmatec.ch\\\/de\\\/?s={search_term_string}\"},\"query-input\":{\"@type\":\"PropertyValueSpecification\",\"valueRequired\":true,\"valueName\":\"search_term_string\"}}],\"inLanguage\":\"de\"},{\"@type\":\"Organization\",\"@id\":\"https:\\\/\\\/sysmatec.ch\\\/de\\\/#organization\",\"name\":\"Sysmatec\",\"url\":\"https:\\\/\\\/sysmatec.ch\\\/de\\\/\",\"logo\":{\"@type\":\"ImageObject\",\"inLanguage\":\"de\",\"@id\":\"https:\\\/\\\/sysmatec.ch\\\/de\\\/#\\\/schema\\\/logo\\\/image\\\/\",\"url\":\"https:\\\/\\\/sysmatec.ch\\\/wp-content\\\/uploads\\\/2018\\\/11\\\/LogoSysmatec.jpg\",\"contentUrl\":\"https:\\\/\\\/sysmatec.ch\\\/wp-content\\\/uploads\\\/2018\\\/11\\\/LogoSysmatec.jpg\",\"width\":301,\"height\":297,\"caption\":\"Sysmatec\"},\"image\":{\"@id\":\"https:\\\/\\\/sysmatec.ch\\\/de\\\/#\\\/schema\\\/logo\\\/image\\\/\"}}]}<\/script>\n<!-- \/ Yoast SEO plugin. -->","yoast_head_json":{"title":"Temperaturkalibrator CalSys -80\/50 - Sysmatec","description":"Temperaturkalibrator, zum Kalibrieren von Thermometern. Temperaturbereich von -80\u00b0 C bis 50\u00b0 C. Transportabel.","robots":{"index":"index","follow":"follow","max-snippet":"max-snippet:-1","max-image-preview":"max-image-preview:large","max-video-preview":"max-video-preview:-1"},"canonical":"https:\/\/sysmatec.ch\/de\/produit\/temperaturkalibrator-calsys-80-50\/","og_locale":"de_DE","og_type":"article","og_title":"Temperaturkalibrator CalSys -80\/50 - Sysmatec","og_description":"Temperaturkalibrator, zum Kalibrieren von Thermometern. Temperaturbereich von -80\u00b0 C bis 50\u00b0 C. Transportabel.","og_url":"https:\/\/sysmatec.ch\/de\/produit\/temperaturkalibrator-calsys-80-50\/","og_site_name":"Sysmatec","article_modified_time":"2022-02-22T19:19:14+00:00","og_image":[{"width":428,"height":406,"url":"https:\/\/sysmatec.ch\/wp-content\/uploads\/2019\/02\/CalibrateurTemperature_CalSys80_50.jpg","type":"image\/jpeg"}],"twitter_card":"summary_large_image","twitter_misc":{"Gesch\u00e4tzte Lesezeit":"1\u00a0Minute"},"schema":{"@context":"https:\/\/schema.org","@graph":[{"@type":"WebPage","@id":"https:\/\/sysmatec.ch\/de\/produit\/temperaturkalibrator-calsys-80-50\/","url":"https:\/\/sysmatec.ch\/de\/produit\/temperaturkalibrator-calsys-80-50\/","name":"Temperaturkalibrator CalSys -80\/50 - Sysmatec","isPartOf":{"@id":"https:\/\/sysmatec.ch\/de\/#website"},"primaryImageOfPage":{"@id":"https:\/\/sysmatec.ch\/de\/produit\/temperaturkalibrator-calsys-80-50\/#primaryimage"},"image":{"@id":"https:\/\/sysmatec.ch\/de\/produit\/temperaturkalibrator-calsys-80-50\/#primaryimage"},"thumbnailUrl":"https:\/\/sysmatec.ch\/wp-content\/uploads\/2019\/02\/CalibrateurTemperature_CalSys80_50.jpg","datePublished":"2019-02-24T17:35:34+00:00","dateModified":"2022-02-22T19:19:14+00:00","description":"Temperaturkalibrator, zum Kalibrieren von Thermometern. Temperaturbereich von -80\u00b0 C bis 50\u00b0 C. Transportabel.","breadcrumb":{"@id":"https:\/\/sysmatec.ch\/de\/produit\/temperaturkalibrator-calsys-80-50\/#breadcrumb"},"inLanguage":"de","potentialAction":[{"@type":"ReadAction","target":["https:\/\/sysmatec.ch\/de\/produit\/temperaturkalibrator-calsys-80-50\/"]}]},{"@type":"ImageObject","inLanguage":"de","@id":"https:\/\/sysmatec.ch\/de\/produit\/temperaturkalibrator-calsys-80-50\/#primaryimage","url":"https:\/\/sysmatec.ch\/wp-content\/uploads\/2019\/02\/CalibrateurTemperature_CalSys80_50.jpg","contentUrl":"https:\/\/sysmatec.ch\/wp-content\/uploads\/2019\/02\/CalibrateurTemperature_CalSys80_50.jpg","width":428,"height":406},{"@type":"BreadcrumbList","@id":"https:\/\/sysmatec.ch\/de\/produit\/temperaturkalibrator-calsys-80-50\/#breadcrumb","itemListElement":[{"@type":"ListItem","position":1,"name":"Accueil","item":"https:\/\/sysmatec.ch\/de\/"},{"@type":"ListItem","position":2,"name":"Die Aktivit\u00e4t von Sysmatec","item":"https:\/\/sysmatec.ch\/de\/"},{"@type":"ListItem","position":3,"name":"Temperaturkalibrator CalSys -80\/50"}]},{"@type":"WebSite","@id":"https:\/\/sysmatec.ch\/de\/#website","url":"https:\/\/sysmatec.ch\/de\/","name":"Sysmatec","description":"Equipement de laboratoire et logiciels","publisher":{"@id":"https:\/\/sysmatec.ch\/de\/#organization"},"potentialAction":[{"@type":"SearchAction","target":{"@type":"EntryPoint","urlTemplate":"https:\/\/sysmatec.ch\/de\/?s={search_term_string}"},"query-input":{"@type":"PropertyValueSpecification","valueRequired":true,"valueName":"search_term_string"}}],"inLanguage":"de"},{"@type":"Organization","@id":"https:\/\/sysmatec.ch\/de\/#organization","name":"Sysmatec","url":"https:\/\/sysmatec.ch\/de\/","logo":{"@type":"ImageObject","inLanguage":"de","@id":"https:\/\/sysmatec.ch\/de\/#\/schema\/logo\/image\/","url":"https:\/\/sysmatec.ch\/wp-content\/uploads\/2018\/11\/LogoSysmatec.jpg","contentUrl":"https:\/\/sysmatec.ch\/wp-content\/uploads\/2018\/11\/LogoSysmatec.jpg","width":301,"height":297,"caption":"Sysmatec"},"image":{"@id":"https:\/\/sysmatec.ch\/de\/#\/schema\/logo\/image\/"}}]}},"_links":{"self":[{"href":"https:\/\/sysmatec.ch\/de\/wp-json\/wp\/v2\/product\/3774","targetHints":{"allow":["GET"]}}],"collection":[{"href":"https:\/\/sysmatec.ch\/de\/wp-json\/wp\/v2\/product"}],"about":[{"href":"https:\/\/sysmatec.ch\/de\/wp-json\/wp\/v2\/types\/product"}],"wp:featuredmedia":[{"embeddable":true,"href":"https:\/\/sysmatec.ch\/de\/wp-json\/wp\/v2\/media\/25190"}],"wp:attachment":[{"href":"https:\/\/sysmatec.ch\/de\/wp-json\/wp\/v2\/media?parent=3774"}],"wp:term":[{"taxonomy":"product_brand","embeddable":true,"href":"https:\/\/sysmatec.ch\/de\/wp-json\/wp\/v2\/product_brand?post=3774"},{"taxonomy":"product_cat","embeddable":true,"href":"https:\/\/sysmatec.ch\/de\/wp-json\/wp\/v2\/product_cat?post=3774"},{"taxonomy":"product_tag","embeddable":true,"href":"https:\/\/sysmatec.ch\/de\/wp-json\/wp\/v2\/product_tag?post=3774"}],"curies":[{"name":"wp","href":"https:\/\/api.w.org\/{rel}","templated":true}]}}