{"id":3766,"date":"2019-02-24T18:20:59","date_gmt":"2019-02-24T17:20:59","guid":{"rendered":"https:\/\/sysmatec.ch\/produit\/calibrateur-de-temperature-calsys-35-200\/"},"modified":"2022-02-22T20:23:52","modified_gmt":"2022-02-22T19:23:52","slug":"temperatur-kalibrator-calsys-35-200","status":"publish","type":"product","link":"https:\/\/sysmatec.ch\/de\/Produkt\/temperatur-kalibrator-calsys-35-200\/","title":{"rendered":"Temperatur-Kalibrator CALSys -35 \/ 200"},"content":{"rendered":"<p>Dieser Temperatur-Kalibrator ist f\u00fcr den Berich &#8211; 35 bis 200 \u00b0 C konzipiert. Er wir mit Fl\u00fcssigkeit (Wasser + Methanol \/ Silikon\u00f6l) gef\u00fcllt. Die Fl\u00fcssigkeit wird auf die gew\u00fcnschte Temperatur abgek\u00fchlt oder erhitzt.<\/p>\n<p>Spezifikationen<\/p>\n<ul>\n<li type=\"disc\">Temp Bereich: -35 bis 200 \u00b0 C<\/li>\n<li type=\"disc\">Stabilit\u00e4t: \u00b1 0.01 \u00b0 C bei -35 \u00b0 C (Methanol) \u00b1 0.05 \u00b0 C bei 0 \u00b0 C-(Methanol) \u00b1 0.04 \u00b0 C bei 200 \u00b0 C (Silikon-\u00d6l)<\/li>\n<li type=\"disc\">Gleichm\u00e4\u00dfigkeit: \u00b1 0.03 \u00b0 C bei -35 \u00b0 C \u00b1 0.07 \u00b0 C bei 0 \u00b0 C \u00b1 0.07 \u00b0 C bei 200 \u00b0 C<\/li>\n<li type=\"disc\">Temperaturaufl\u00f6sung: 0.01 \u00b0 C<\/li>\n<li type=\"disc\">Zeit bis max Temp zu erreichen: 1.5 Stunden<\/li>\n<li type=\"disc\">K\u00fchlmedium: Wasser + Methanol<\/li>\n<li type=\"disc\">Heizung Medium: Silicon Oil<\/li>\n<li type=\"disc\">Controlling Sensor: PT-100<\/li>\n<li type=\"disc\">Volumen: 7 Ltr.<\/li>\n<li type=\"disc\">Access-Er\u00f6ffnung: 157 (L) x 142 (W)<\/li>\n<li type=\"disc\">Tiefe: 127 mm<\/li>\n<li type=\"disc\">Methode der Steuerung: Selbst Tuning PID-Regler<\/li>\n<li type=\"disc\">Computer-Schnittstelle: RS &#8211; 232<\/li>\n<li type=\"disc\">Betriebstemperatur: 20 bis 25 \u00b0 C<\/li>\n<li type=\"disc\">Medienber\u00fchrte Teil: SS-304<\/li>\n<li type=\"disc\">Spannungsversorgung: 230 V, 2.0 KW<\/li>\n<li type=\"disc\">Abmessungen: 540 (L) x 220<\/li>\n<li type=\"disc\">Gewicht: ca. 41 kg<\/li>\n<\/ul>\n","protected":false},"excerpt":{"rendered":"<p>Kalibrator f\u00fcr Thermometer und Temperatur Datenlogger<\/p>\n","protected":false},"featured_media":25194,"template":"","meta":{"_crdt_document":""},"product_brand":[],"product_cat":[178,173],"product_tag":[],"class_list":{"0":"post-3766","1":"product","2":"type-product","3":"status-publish","4":"has-post-thumbnail","6":"product_cat-kalibrator","7":"product_cat-temperatur","9":"first","10":"instock","11":"taxable","12":"shipping-taxable","13":"product-type-simple"},"yoast_head":"<!-- This site is optimized with the Yoast SEO plugin v27.3 - https:\/\/yoast.com\/product\/yoast-seo-wordpress\/ -->\n<title>Temperatur-Kalibrator CALSys -35 \/ 200 - Sysmatec<\/title>\n<meta name=\"description\" content=\"Temperaturkalibrator, zum Kalibrieren von Thermometern. Temperaturbereich von -35\u00b0 C bis 200\u00b0 C. Transportabel.\" \/>\n<meta name=\"robots\" content=\"index, follow, max-snippet:-1, max-image-preview:large, max-video-preview:-1\" \/>\n<link rel=\"canonical\" href=\"https:\/\/sysmatec.ch\/de\/produit\/temperatur-kalibrator-calsys-35-200\/\" \/>\n<meta property=\"og:locale\" content=\"de_DE\" \/>\n<meta property=\"og:type\" content=\"article\" \/>\n<meta property=\"og:title\" content=\"Temperatur-Kalibrator CALSys -35 \/ 200 - Sysmatec\" \/>\n<meta property=\"og:description\" content=\"Temperaturkalibrator, zum Kalibrieren von Thermometern. Temperaturbereich von -35\u00b0 C bis 200\u00b0 C. Transportabel.\" \/>\n<meta property=\"og:url\" content=\"https:\/\/sysmatec.ch\/de\/produit\/temperatur-kalibrator-calsys-35-200\/\" \/>\n<meta property=\"og:site_name\" content=\"Sysmatec\" \/>\n<meta property=\"article:modified_time\" content=\"2022-02-22T19:23:52+00:00\" \/>\n<meta property=\"og:image\" content=\"https:\/\/sysmatec.ch\/wp-content\/uploads\/2019\/02\/Calibrateur_TempsensCalys_35_200-1.jpg\" \/>\n\t<meta property=\"og:image:width\" content=\"549\" \/>\n\t<meta property=\"og:image:height\" content=\"502\" \/>\n\t<meta property=\"og:image:type\" content=\"image\/jpeg\" \/>\n<meta name=\"twitter:card\" content=\"summary_large_image\" \/>\n<meta name=\"twitter:label1\" content=\"Gesch\u00e4tzte Lesezeit\" \/>\n\t<meta name=\"twitter:data1\" content=\"1\u00a0Minute\" \/>\n<script type=\"application\/ld+json\" class=\"yoast-schema-graph\">{\"@context\":\"https:\\\/\\\/schema.org\",\"@graph\":[{\"@type\":\"WebPage\",\"@id\":\"https:\\\/\\\/sysmatec.ch\\\/de\\\/produit\\\/temperatur-kalibrator-calsys-35-200\\\/\",\"url\":\"https:\\\/\\\/sysmatec.ch\\\/de\\\/produit\\\/temperatur-kalibrator-calsys-35-200\\\/\",\"name\":\"Temperatur-Kalibrator CALSys -35 \\\/ 200 - Sysmatec\",\"isPartOf\":{\"@id\":\"https:\\\/\\\/sysmatec.ch\\\/de\\\/#website\"},\"primaryImageOfPage\":{\"@id\":\"https:\\\/\\\/sysmatec.ch\\\/de\\\/produit\\\/temperatur-kalibrator-calsys-35-200\\\/#primaryimage\"},\"image\":{\"@id\":\"https:\\\/\\\/sysmatec.ch\\\/de\\\/produit\\\/temperatur-kalibrator-calsys-35-200\\\/#primaryimage\"},\"thumbnailUrl\":\"https:\\\/\\\/sysmatec.ch\\\/wp-content\\\/uploads\\\/2019\\\/02\\\/Calibrateur_TempsensCalys_35_200-1.jpg\",\"datePublished\":\"2019-02-24T17:20:59+00:00\",\"dateModified\":\"2022-02-22T19:23:52+00:00\",\"description\":\"Temperaturkalibrator, zum Kalibrieren von Thermometern. Temperaturbereich von -35\u00b0 C bis 200\u00b0 C. Transportabel.\",\"breadcrumb\":{\"@id\":\"https:\\\/\\\/sysmatec.ch\\\/de\\\/produit\\\/temperatur-kalibrator-calsys-35-200\\\/#breadcrumb\"},\"inLanguage\":\"de\",\"potentialAction\":[{\"@type\":\"ReadAction\",\"target\":[\"https:\\\/\\\/sysmatec.ch\\\/de\\\/produit\\\/temperatur-kalibrator-calsys-35-200\\\/\"]}]},{\"@type\":\"ImageObject\",\"inLanguage\":\"de\",\"@id\":\"https:\\\/\\\/sysmatec.ch\\\/de\\\/produit\\\/temperatur-kalibrator-calsys-35-200\\\/#primaryimage\",\"url\":\"https:\\\/\\\/sysmatec.ch\\\/wp-content\\\/uploads\\\/2019\\\/02\\\/Calibrateur_TempsensCalys_35_200-1.jpg\",\"contentUrl\":\"https:\\\/\\\/sysmatec.ch\\\/wp-content\\\/uploads\\\/2019\\\/02\\\/Calibrateur_TempsensCalys_35_200-1.jpg\",\"width\":549,\"height\":502},{\"@type\":\"BreadcrumbList\",\"@id\":\"https:\\\/\\\/sysmatec.ch\\\/de\\\/produit\\\/temperatur-kalibrator-calsys-35-200\\\/#breadcrumb\",\"itemListElement\":[{\"@type\":\"ListItem\",\"position\":1,\"name\":\"Accueil\",\"item\":\"https:\\\/\\\/sysmatec.ch\\\/de\\\/\"},{\"@type\":\"ListItem\",\"position\":2,\"name\":\"Die Aktivit\u00e4t von Sysmatec\",\"item\":\"https:\\\/\\\/sysmatec.ch\\\/de\\\/\"},{\"@type\":\"ListItem\",\"position\":3,\"name\":\"Temperatur-Kalibrator CALSys -35 \\\/ 200\"}]},{\"@type\":\"WebSite\",\"@id\":\"https:\\\/\\\/sysmatec.ch\\\/de\\\/#website\",\"url\":\"https:\\\/\\\/sysmatec.ch\\\/de\\\/\",\"name\":\"Sysmatec\",\"description\":\"Equipement de laboratoire et logiciels\",\"publisher\":{\"@id\":\"https:\\\/\\\/sysmatec.ch\\\/de\\\/#organization\"},\"potentialAction\":[{\"@type\":\"SearchAction\",\"target\":{\"@type\":\"EntryPoint\",\"urlTemplate\":\"https:\\\/\\\/sysmatec.ch\\\/de\\\/?s={search_term_string}\"},\"query-input\":{\"@type\":\"PropertyValueSpecification\",\"valueRequired\":true,\"valueName\":\"search_term_string\"}}],\"inLanguage\":\"de\"},{\"@type\":\"Organization\",\"@id\":\"https:\\\/\\\/sysmatec.ch\\\/de\\\/#organization\",\"name\":\"Sysmatec\",\"url\":\"https:\\\/\\\/sysmatec.ch\\\/de\\\/\",\"logo\":{\"@type\":\"ImageObject\",\"inLanguage\":\"de\",\"@id\":\"https:\\\/\\\/sysmatec.ch\\\/de\\\/#\\\/schema\\\/logo\\\/image\\\/\",\"url\":\"https:\\\/\\\/sysmatec.ch\\\/wp-content\\\/uploads\\\/2018\\\/11\\\/LogoSysmatec.jpg\",\"contentUrl\":\"https:\\\/\\\/sysmatec.ch\\\/wp-content\\\/uploads\\\/2018\\\/11\\\/LogoSysmatec.jpg\",\"width\":301,\"height\":297,\"caption\":\"Sysmatec\"},\"image\":{\"@id\":\"https:\\\/\\\/sysmatec.ch\\\/de\\\/#\\\/schema\\\/logo\\\/image\\\/\"}}]}<\/script>\n<!-- \/ Yoast SEO plugin. -->","yoast_head_json":{"title":"Temperatur-Kalibrator CALSys -35 \/ 200 - Sysmatec","description":"Temperaturkalibrator, zum Kalibrieren von Thermometern. Temperaturbereich von -35\u00b0 C bis 200\u00b0 C. Transportabel.","robots":{"index":"index","follow":"follow","max-snippet":"max-snippet:-1","max-image-preview":"max-image-preview:large","max-video-preview":"max-video-preview:-1"},"canonical":"https:\/\/sysmatec.ch\/de\/produit\/temperatur-kalibrator-calsys-35-200\/","og_locale":"de_DE","og_type":"article","og_title":"Temperatur-Kalibrator CALSys -35 \/ 200 - Sysmatec","og_description":"Temperaturkalibrator, zum Kalibrieren von Thermometern. Temperaturbereich von -35\u00b0 C bis 200\u00b0 C. Transportabel.","og_url":"https:\/\/sysmatec.ch\/de\/produit\/temperatur-kalibrator-calsys-35-200\/","og_site_name":"Sysmatec","article_modified_time":"2022-02-22T19:23:52+00:00","og_image":[{"width":549,"height":502,"url":"https:\/\/sysmatec.ch\/wp-content\/uploads\/2019\/02\/Calibrateur_TempsensCalys_35_200-1.jpg","type":"image\/jpeg"}],"twitter_card":"summary_large_image","twitter_misc":{"Gesch\u00e4tzte Lesezeit":"1\u00a0Minute"},"schema":{"@context":"https:\/\/schema.org","@graph":[{"@type":"WebPage","@id":"https:\/\/sysmatec.ch\/de\/produit\/temperatur-kalibrator-calsys-35-200\/","url":"https:\/\/sysmatec.ch\/de\/produit\/temperatur-kalibrator-calsys-35-200\/","name":"Temperatur-Kalibrator CALSys -35 \/ 200 - Sysmatec","isPartOf":{"@id":"https:\/\/sysmatec.ch\/de\/#website"},"primaryImageOfPage":{"@id":"https:\/\/sysmatec.ch\/de\/produit\/temperatur-kalibrator-calsys-35-200\/#primaryimage"},"image":{"@id":"https:\/\/sysmatec.ch\/de\/produit\/temperatur-kalibrator-calsys-35-200\/#primaryimage"},"thumbnailUrl":"https:\/\/sysmatec.ch\/wp-content\/uploads\/2019\/02\/Calibrateur_TempsensCalys_35_200-1.jpg","datePublished":"2019-02-24T17:20:59+00:00","dateModified":"2022-02-22T19:23:52+00:00","description":"Temperaturkalibrator, zum Kalibrieren von Thermometern. Temperaturbereich von -35\u00b0 C bis 200\u00b0 C. Transportabel.","breadcrumb":{"@id":"https:\/\/sysmatec.ch\/de\/produit\/temperatur-kalibrator-calsys-35-200\/#breadcrumb"},"inLanguage":"de","potentialAction":[{"@type":"ReadAction","target":["https:\/\/sysmatec.ch\/de\/produit\/temperatur-kalibrator-calsys-35-200\/"]}]},{"@type":"ImageObject","inLanguage":"de","@id":"https:\/\/sysmatec.ch\/de\/produit\/temperatur-kalibrator-calsys-35-200\/#primaryimage","url":"https:\/\/sysmatec.ch\/wp-content\/uploads\/2019\/02\/Calibrateur_TempsensCalys_35_200-1.jpg","contentUrl":"https:\/\/sysmatec.ch\/wp-content\/uploads\/2019\/02\/Calibrateur_TempsensCalys_35_200-1.jpg","width":549,"height":502},{"@type":"BreadcrumbList","@id":"https:\/\/sysmatec.ch\/de\/produit\/temperatur-kalibrator-calsys-35-200\/#breadcrumb","itemListElement":[{"@type":"ListItem","position":1,"name":"Accueil","item":"https:\/\/sysmatec.ch\/de\/"},{"@type":"ListItem","position":2,"name":"Die Aktivit\u00e4t von Sysmatec","item":"https:\/\/sysmatec.ch\/de\/"},{"@type":"ListItem","position":3,"name":"Temperatur-Kalibrator CALSys -35 \/ 200"}]},{"@type":"WebSite","@id":"https:\/\/sysmatec.ch\/de\/#website","url":"https:\/\/sysmatec.ch\/de\/","name":"Sysmatec","description":"Equipement de laboratoire et logiciels","publisher":{"@id":"https:\/\/sysmatec.ch\/de\/#organization"},"potentialAction":[{"@type":"SearchAction","target":{"@type":"EntryPoint","urlTemplate":"https:\/\/sysmatec.ch\/de\/?s={search_term_string}"},"query-input":{"@type":"PropertyValueSpecification","valueRequired":true,"valueName":"search_term_string"}}],"inLanguage":"de"},{"@type":"Organization","@id":"https:\/\/sysmatec.ch\/de\/#organization","name":"Sysmatec","url":"https:\/\/sysmatec.ch\/de\/","logo":{"@type":"ImageObject","inLanguage":"de","@id":"https:\/\/sysmatec.ch\/de\/#\/schema\/logo\/image\/","url":"https:\/\/sysmatec.ch\/wp-content\/uploads\/2018\/11\/LogoSysmatec.jpg","contentUrl":"https:\/\/sysmatec.ch\/wp-content\/uploads\/2018\/11\/LogoSysmatec.jpg","width":301,"height":297,"caption":"Sysmatec"},"image":{"@id":"https:\/\/sysmatec.ch\/de\/#\/schema\/logo\/image\/"}}]}},"_links":{"self":[{"href":"https:\/\/sysmatec.ch\/de\/wp-json\/wp\/v2\/product\/3766","targetHints":{"allow":["GET"]}}],"collection":[{"href":"https:\/\/sysmatec.ch\/de\/wp-json\/wp\/v2\/product"}],"about":[{"href":"https:\/\/sysmatec.ch\/de\/wp-json\/wp\/v2\/types\/product"}],"wp:featuredmedia":[{"embeddable":true,"href":"https:\/\/sysmatec.ch\/de\/wp-json\/wp\/v2\/media\/25194"}],"wp:attachment":[{"href":"https:\/\/sysmatec.ch\/de\/wp-json\/wp\/v2\/media?parent=3766"}],"wp:term":[{"taxonomy":"product_brand","embeddable":true,"href":"https:\/\/sysmatec.ch\/de\/wp-json\/wp\/v2\/product_brand?post=3766"},{"taxonomy":"product_cat","embeddable":true,"href":"https:\/\/sysmatec.ch\/de\/wp-json\/wp\/v2\/product_cat?post=3766"},{"taxonomy":"product_tag","embeddable":true,"href":"https:\/\/sysmatec.ch\/de\/wp-json\/wp\/v2\/product_tag?post=3766"}],"curies":[{"name":"wp","href":"https:\/\/api.w.org\/{rel}","templated":true}]}}