{"id":3757,"date":"2019-02-24T17:50:06","date_gmt":"2019-02-24T16:50:06","guid":{"rendered":"https:\/\/sysmatec.ch\/produit\/calibrateur-de-temperature-3101\/"},"modified":"2022-02-23T10:39:39","modified_gmt":"2022-02-23T09:39:39","slug":"thermometer-kalibrator-3101","status":"publish","type":"product","link":"https:\/\/sysmatec.ch\/de\/Produkt\/thermometer-kalibrator-3101\/","title":{"rendered":"Thermometer Kalibrator 3101"},"content":{"rendered":"<p>Die Temperaturkalibrator 3101 ist f\u00fcr die \u00dcberpr\u00fcfung der Kalibrierung einer breiten Palette von Instrumenten, einschlie\u00dflich Digital-Thermometer und Temperaturf\u00fchler, entweder unterhalb oder oberhalb Umgebungstemperatur, entwickelt worden.<\/p>\n<p>Das Ger\u00e4t verf\u00fcgt \u00fcber zwei Zellen mit \u00d813mm Durchmesser und akzeptiert Sonde mit \u00d83.3, 4.1, 4.8, 6.4 und 9.6 mm Durchmesser. Jedes 3101 ist mit zwei Eins\u00e4tzen nach Wahl des Kunden geliefert.<\/p>\n<ul>\n<li>Messbereich: -10 bis 110 \u00b0 C<\/li>\n<li>Aufl\u00f6sung: 0.1 \u00b0 C<\/li>\n<li>Genauigkeit: \u00b1 0.5 \u00b0 C (-19 bis 99.9 \u00b0 C) \u00b1 1 \u00b0 C (100 bis 110 \u00b0 C)<\/li>\n<li>Heizzeit: Raumtemperatur bis 100 \u00b0 C nach 10 Minuten<\/li>\n<li>K\u00fchlzeit: ambient auf 0 \u00b0 C nach 10 Minuten<\/li>\n<li>auch Tiefe: 100mm<\/li>\n<li>Leistung: 230 Volt AC (115 V verf\u00fcgbar)<\/li>\n<li>Abmessungen: 89 x 152 x 186mm<\/li>\n<li>Gewicht: 1800 Gramm<\/li>\n<\/ul>\n","protected":false},"excerpt":{"rendered":"<p>Kalibrator f\u00fcr Thermometer und Temperatur Datalogger<\/p>\n","protected":false},"featured_media":3755,"template":"","meta":{"_crdt_document":""},"product_brand":[],"product_cat":[178,173],"product_tag":[],"class_list":{"0":"post-3757","1":"product","2":"type-product","3":"status-publish","4":"has-post-thumbnail","6":"product_cat-kalibrator","7":"product_cat-temperatur","9":"first","10":"instock","11":"taxable","12":"shipping-taxable","13":"product-type-simple"},"yoast_head":"<!-- This site is optimized with the Yoast SEO plugin v27.3 - https:\/\/yoast.com\/product\/yoast-seo-wordpress\/ -->\n<title>Thermometer Kalibrator 3101 - Sysmatec<\/title>\n<meta name=\"description\" content=\"Temperaturkalibrator, zum Kalibrieren von Thermometern. Temperaturbereich von -10\u00b0 C bis 110\u00b0 C. Transportabel.\" \/>\n<meta name=\"robots\" content=\"index, follow, max-snippet:-1, max-image-preview:large, max-video-preview:-1\" \/>\n<link rel=\"canonical\" href=\"https:\/\/sysmatec.ch\/de\/produit\/thermometer-kalibrator-3101\/\" \/>\n<meta property=\"og:locale\" content=\"de_DE\" \/>\n<meta property=\"og:type\" content=\"article\" \/>\n<meta property=\"og:title\" content=\"Thermometer Kalibrator 3101 - Sysmatec\" \/>\n<meta property=\"og:description\" content=\"Temperaturkalibrator, zum Kalibrieren von Thermometern. Temperaturbereich von -10\u00b0 C bis 110\u00b0 C. Transportabel.\" \/>\n<meta property=\"og:url\" content=\"https:\/\/sysmatec.ch\/de\/produit\/thermometer-kalibrator-3101\/\" \/>\n<meta property=\"og:site_name\" content=\"Sysmatec\" \/>\n<meta property=\"article:modified_time\" content=\"2022-02-23T09:39:39+00:00\" \/>\n<meta property=\"og:image\" content=\"https:\/\/sysmatec.ch\/wp-content\/uploads\/2019\/02\/Calibrateur_ETICalibrator3101.jpg\" \/>\n\t<meta property=\"og:image:width\" content=\"166\" \/>\n\t<meta property=\"og:image:height\" content=\"166\" \/>\n\t<meta property=\"og:image:type\" content=\"image\/jpeg\" \/>\n<meta name=\"twitter:card\" content=\"summary_large_image\" \/>\n<meta name=\"twitter:label1\" content=\"Gesch\u00e4tzte Lesezeit\" \/>\n\t<meta name=\"twitter:data1\" content=\"1\u00a0Minute\" \/>\n<script type=\"application\/ld+json\" class=\"yoast-schema-graph\">{\"@context\":\"https:\\\/\\\/schema.org\",\"@graph\":[{\"@type\":\"WebPage\",\"@id\":\"https:\\\/\\\/sysmatec.ch\\\/de\\\/produit\\\/thermometer-kalibrator-3101\\\/\",\"url\":\"https:\\\/\\\/sysmatec.ch\\\/de\\\/produit\\\/thermometer-kalibrator-3101\\\/\",\"name\":\"Thermometer Kalibrator 3101 - Sysmatec\",\"isPartOf\":{\"@id\":\"https:\\\/\\\/sysmatec.ch\\\/de\\\/#website\"},\"primaryImageOfPage\":{\"@id\":\"https:\\\/\\\/sysmatec.ch\\\/de\\\/produit\\\/thermometer-kalibrator-3101\\\/#primaryimage\"},\"image\":{\"@id\":\"https:\\\/\\\/sysmatec.ch\\\/de\\\/produit\\\/thermometer-kalibrator-3101\\\/#primaryimage\"},\"thumbnailUrl\":\"https:\\\/\\\/sysmatec.ch\\\/wp-content\\\/uploads\\\/2019\\\/02\\\/Calibrateur_ETICalibrator3101.jpg\",\"datePublished\":\"2019-02-24T16:50:06+00:00\",\"dateModified\":\"2022-02-23T09:39:39+00:00\",\"description\":\"Temperaturkalibrator, zum Kalibrieren von Thermometern. Temperaturbereich von -10\u00b0 C bis 110\u00b0 C. Transportabel.\",\"breadcrumb\":{\"@id\":\"https:\\\/\\\/sysmatec.ch\\\/de\\\/produit\\\/thermometer-kalibrator-3101\\\/#breadcrumb\"},\"inLanguage\":\"de\",\"potentialAction\":[{\"@type\":\"ReadAction\",\"target\":[\"https:\\\/\\\/sysmatec.ch\\\/de\\\/produit\\\/thermometer-kalibrator-3101\\\/\"]}]},{\"@type\":\"ImageObject\",\"inLanguage\":\"de\",\"@id\":\"https:\\\/\\\/sysmatec.ch\\\/de\\\/produit\\\/thermometer-kalibrator-3101\\\/#primaryimage\",\"url\":\"https:\\\/\\\/sysmatec.ch\\\/wp-content\\\/uploads\\\/2019\\\/02\\\/Calibrateur_ETICalibrator3101.jpg\",\"contentUrl\":\"https:\\\/\\\/sysmatec.ch\\\/wp-content\\\/uploads\\\/2019\\\/02\\\/Calibrateur_ETICalibrator3101.jpg\",\"width\":166,\"height\":166},{\"@type\":\"BreadcrumbList\",\"@id\":\"https:\\\/\\\/sysmatec.ch\\\/de\\\/produit\\\/thermometer-kalibrator-3101\\\/#breadcrumb\",\"itemListElement\":[{\"@type\":\"ListItem\",\"position\":1,\"name\":\"Accueil\",\"item\":\"https:\\\/\\\/sysmatec.ch\\\/de\\\/\"},{\"@type\":\"ListItem\",\"position\":2,\"name\":\"Die Aktivit\u00e4t von Sysmatec\",\"item\":\"https:\\\/\\\/sysmatec.ch\\\/de\\\/\"},{\"@type\":\"ListItem\",\"position\":3,\"name\":\"Thermometer Kalibrator 3101\"}]},{\"@type\":\"WebSite\",\"@id\":\"https:\\\/\\\/sysmatec.ch\\\/de\\\/#website\",\"url\":\"https:\\\/\\\/sysmatec.ch\\\/de\\\/\",\"name\":\"Sysmatec\",\"description\":\"Equipement de laboratoire et logiciels\",\"publisher\":{\"@id\":\"https:\\\/\\\/sysmatec.ch\\\/de\\\/#organization\"},\"potentialAction\":[{\"@type\":\"SearchAction\",\"target\":{\"@type\":\"EntryPoint\",\"urlTemplate\":\"https:\\\/\\\/sysmatec.ch\\\/de\\\/?s={search_term_string}\"},\"query-input\":{\"@type\":\"PropertyValueSpecification\",\"valueRequired\":true,\"valueName\":\"search_term_string\"}}],\"inLanguage\":\"de\"},{\"@type\":\"Organization\",\"@id\":\"https:\\\/\\\/sysmatec.ch\\\/de\\\/#organization\",\"name\":\"Sysmatec\",\"url\":\"https:\\\/\\\/sysmatec.ch\\\/de\\\/\",\"logo\":{\"@type\":\"ImageObject\",\"inLanguage\":\"de\",\"@id\":\"https:\\\/\\\/sysmatec.ch\\\/de\\\/#\\\/schema\\\/logo\\\/image\\\/\",\"url\":\"https:\\\/\\\/sysmatec.ch\\\/wp-content\\\/uploads\\\/2018\\\/11\\\/LogoSysmatec.jpg\",\"contentUrl\":\"https:\\\/\\\/sysmatec.ch\\\/wp-content\\\/uploads\\\/2018\\\/11\\\/LogoSysmatec.jpg\",\"width\":301,\"height\":297,\"caption\":\"Sysmatec\"},\"image\":{\"@id\":\"https:\\\/\\\/sysmatec.ch\\\/de\\\/#\\\/schema\\\/logo\\\/image\\\/\"}}]}<\/script>\n<!-- \/ Yoast SEO plugin. -->","yoast_head_json":{"title":"Thermometer Kalibrator 3101 - Sysmatec","description":"Temperaturkalibrator, zum Kalibrieren von Thermometern. Temperaturbereich von -10\u00b0 C bis 110\u00b0 C. Transportabel.","robots":{"index":"index","follow":"follow","max-snippet":"max-snippet:-1","max-image-preview":"max-image-preview:large","max-video-preview":"max-video-preview:-1"},"canonical":"https:\/\/sysmatec.ch\/de\/produit\/thermometer-kalibrator-3101\/","og_locale":"de_DE","og_type":"article","og_title":"Thermometer Kalibrator 3101 - Sysmatec","og_description":"Temperaturkalibrator, zum Kalibrieren von Thermometern. Temperaturbereich von -10\u00b0 C bis 110\u00b0 C. Transportabel.","og_url":"https:\/\/sysmatec.ch\/de\/produit\/thermometer-kalibrator-3101\/","og_site_name":"Sysmatec","article_modified_time":"2022-02-23T09:39:39+00:00","og_image":[{"width":166,"height":166,"url":"https:\/\/sysmatec.ch\/wp-content\/uploads\/2019\/02\/Calibrateur_ETICalibrator3101.jpg","type":"image\/jpeg"}],"twitter_card":"summary_large_image","twitter_misc":{"Gesch\u00e4tzte Lesezeit":"1\u00a0Minute"},"schema":{"@context":"https:\/\/schema.org","@graph":[{"@type":"WebPage","@id":"https:\/\/sysmatec.ch\/de\/produit\/thermometer-kalibrator-3101\/","url":"https:\/\/sysmatec.ch\/de\/produit\/thermometer-kalibrator-3101\/","name":"Thermometer Kalibrator 3101 - Sysmatec","isPartOf":{"@id":"https:\/\/sysmatec.ch\/de\/#website"},"primaryImageOfPage":{"@id":"https:\/\/sysmatec.ch\/de\/produit\/thermometer-kalibrator-3101\/#primaryimage"},"image":{"@id":"https:\/\/sysmatec.ch\/de\/produit\/thermometer-kalibrator-3101\/#primaryimage"},"thumbnailUrl":"https:\/\/sysmatec.ch\/wp-content\/uploads\/2019\/02\/Calibrateur_ETICalibrator3101.jpg","datePublished":"2019-02-24T16:50:06+00:00","dateModified":"2022-02-23T09:39:39+00:00","description":"Temperaturkalibrator, zum Kalibrieren von Thermometern. Temperaturbereich von -10\u00b0 C bis 110\u00b0 C. Transportabel.","breadcrumb":{"@id":"https:\/\/sysmatec.ch\/de\/produit\/thermometer-kalibrator-3101\/#breadcrumb"},"inLanguage":"de","potentialAction":[{"@type":"ReadAction","target":["https:\/\/sysmatec.ch\/de\/produit\/thermometer-kalibrator-3101\/"]}]},{"@type":"ImageObject","inLanguage":"de","@id":"https:\/\/sysmatec.ch\/de\/produit\/thermometer-kalibrator-3101\/#primaryimage","url":"https:\/\/sysmatec.ch\/wp-content\/uploads\/2019\/02\/Calibrateur_ETICalibrator3101.jpg","contentUrl":"https:\/\/sysmatec.ch\/wp-content\/uploads\/2019\/02\/Calibrateur_ETICalibrator3101.jpg","width":166,"height":166},{"@type":"BreadcrumbList","@id":"https:\/\/sysmatec.ch\/de\/produit\/thermometer-kalibrator-3101\/#breadcrumb","itemListElement":[{"@type":"ListItem","position":1,"name":"Accueil","item":"https:\/\/sysmatec.ch\/de\/"},{"@type":"ListItem","position":2,"name":"Die Aktivit\u00e4t von Sysmatec","item":"https:\/\/sysmatec.ch\/de\/"},{"@type":"ListItem","position":3,"name":"Thermometer Kalibrator 3101"}]},{"@type":"WebSite","@id":"https:\/\/sysmatec.ch\/de\/#website","url":"https:\/\/sysmatec.ch\/de\/","name":"Sysmatec","description":"Equipement de laboratoire et logiciels","publisher":{"@id":"https:\/\/sysmatec.ch\/de\/#organization"},"potentialAction":[{"@type":"SearchAction","target":{"@type":"EntryPoint","urlTemplate":"https:\/\/sysmatec.ch\/de\/?s={search_term_string}"},"query-input":{"@type":"PropertyValueSpecification","valueRequired":true,"valueName":"search_term_string"}}],"inLanguage":"de"},{"@type":"Organization","@id":"https:\/\/sysmatec.ch\/de\/#organization","name":"Sysmatec","url":"https:\/\/sysmatec.ch\/de\/","logo":{"@type":"ImageObject","inLanguage":"de","@id":"https:\/\/sysmatec.ch\/de\/#\/schema\/logo\/image\/","url":"https:\/\/sysmatec.ch\/wp-content\/uploads\/2018\/11\/LogoSysmatec.jpg","contentUrl":"https:\/\/sysmatec.ch\/wp-content\/uploads\/2018\/11\/LogoSysmatec.jpg","width":301,"height":297,"caption":"Sysmatec"},"image":{"@id":"https:\/\/sysmatec.ch\/de\/#\/schema\/logo\/image\/"}}]}},"_links":{"self":[{"href":"https:\/\/sysmatec.ch\/de\/wp-json\/wp\/v2\/product\/3757","targetHints":{"allow":["GET"]}}],"collection":[{"href":"https:\/\/sysmatec.ch\/de\/wp-json\/wp\/v2\/product"}],"about":[{"href":"https:\/\/sysmatec.ch\/de\/wp-json\/wp\/v2\/types\/product"}],"wp:featuredmedia":[{"embeddable":true,"href":"https:\/\/sysmatec.ch\/de\/wp-json\/wp\/v2\/media\/3755"}],"wp:attachment":[{"href":"https:\/\/sysmatec.ch\/de\/wp-json\/wp\/v2\/media?parent=3757"}],"wp:term":[{"taxonomy":"product_brand","embeddable":true,"href":"https:\/\/sysmatec.ch\/de\/wp-json\/wp\/v2\/product_brand?post=3757"},{"taxonomy":"product_cat","embeddable":true,"href":"https:\/\/sysmatec.ch\/de\/wp-json\/wp\/v2\/product_cat?post=3757"},{"taxonomy":"product_tag","embeddable":true,"href":"https:\/\/sysmatec.ch\/de\/wp-json\/wp\/v2\/product_tag?post=3757"}],"curies":[{"name":"wp","href":"https:\/\/api.w.org\/{rel}","templated":true}]}}