{"id":3750,"date":"2019-02-24T16:53:54","date_gmt":"2019-02-24T15:53:54","guid":{"rendered":"https:\/\/sysmatec.ch\/produit\/comparateur-pour-thermometre-infra-rouge\/"},"modified":"2022-02-23T10:47:51","modified_gmt":"2022-02-23T09:47:51","slug":"thermometer-komparator","status":"publish","type":"product","link":"https:\/\/sysmatec.ch\/de\/Produkt\/thermometer-komparator\/","title":{"rendered":"Thermometer Komparator"},"content":{"rendered":"<p>Der Infrarot-Thermometer Kalibrator bietet eine stabile schwarz K\u00f6rpertemperatur Quelle und ist eine kosteng\u00fcnstige M\u00f6glichkeit der \u00dcberpr\u00fcfung Infrarot-Thermometer, wenn er in Verbindung mit einer Referenz-Thermometer verwendet.<\/p>\n<p>Der Komparator besteht aus einem Aluminium Zylinder \u00d860 x 100 mm mit einer soliden mattschwarz Basis . Die Basis verf\u00fcgt \u00fcber zwei 3.5-mm-Bohrungen, eine f\u00fcr einen Verweis Thermometers Sonde und der andere f\u00fcr eine zus\u00e4tzliche Sonde, falls erforderlich.<\/p>\n<p>Der Komparator kann in jedem Umgebungstemperatur \u00fcber den Bereich von 5 bis 100 \u00b0 C eingesetzt werden Die Informationen aus dem Referenz-Thermometer kann verwendet werden, um kleine Unterschiede in den Messwerten vom Pr\u00fcfger\u00e4t zu kompensieren.<\/p>\n<p>Geliefert mit der Precision Plus Thermometer.<\/p>\n","protected":false},"excerpt":{"rendered":"<p>Thermometer Kalibrator<\/p>\n","protected":false},"featured_media":3737,"template":"","meta":{"_crdt_document":""},"product_brand":[],"product_cat":[178,173],"product_tag":[],"class_list":{"0":"post-3750","1":"product","2":"type-product","3":"status-publish","4":"has-post-thumbnail","6":"product_cat-kalibrator","7":"product_cat-temperatur","9":"first","10":"instock","11":"taxable","12":"shipping-taxable","13":"product-type-simple"},"yoast_head":"<!-- This site is optimized with the Yoast SEO plugin v27.3 - https:\/\/yoast.com\/product\/yoast-seo-wordpress\/ -->\n<title>Thermometer Komparator - Sysmatec<\/title>\n<meta name=\"description\" content=\"Dieses Ger\u00e4t erm\u00f6glicht es, die von einem Infrarotthermometer angezeigte Temperatur mit der von einem Referenzthermometer angezeigten Temperatur zu vergleichen.\" \/>\n<meta name=\"robots\" content=\"index, follow, max-snippet:-1, max-image-preview:large, max-video-preview:-1\" \/>\n<link rel=\"canonical\" href=\"https:\/\/sysmatec.ch\/de\/produit\/thermometer-komparator\/\" \/>\n<meta property=\"og:locale\" content=\"de_DE\" \/>\n<meta property=\"og:type\" content=\"article\" \/>\n<meta property=\"og:title\" content=\"Thermometer Komparator - Sysmatec\" \/>\n<meta property=\"og:description\" content=\"Dieses Ger\u00e4t erm\u00f6glicht es, die von einem Infrarotthermometer angezeigte Temperatur mit der von einem Referenzthermometer angezeigten Temperatur zu vergleichen.\" \/>\n<meta property=\"og:url\" content=\"https:\/\/sysmatec.ch\/de\/produit\/thermometer-komparator\/\" \/>\n<meta property=\"og:site_name\" content=\"Sysmatec\" \/>\n<meta property=\"article:modified_time\" content=\"2022-02-23T09:47:51+00:00\" \/>\n<meta property=\"og:image\" content=\"https:\/\/sysmatec.ch\/wp-content\/uploads\/2019\/02\/Calibrateur_ETIComparator.jpg\" \/>\n\t<meta property=\"og:image:width\" content=\"166\" \/>\n\t<meta property=\"og:image:height\" content=\"166\" \/>\n\t<meta property=\"og:image:type\" content=\"image\/jpeg\" \/>\n<meta name=\"twitter:card\" content=\"summary_large_image\" \/>\n<meta name=\"twitter:label1\" content=\"Gesch\u00e4tzte Lesezeit\" \/>\n\t<meta name=\"twitter:data1\" content=\"1\u00a0Minute\" \/>\n<script type=\"application\/ld+json\" class=\"yoast-schema-graph\">{\"@context\":\"https:\\\/\\\/schema.org\",\"@graph\":[{\"@type\":\"WebPage\",\"@id\":\"https:\\\/\\\/sysmatec.ch\\\/de\\\/produit\\\/thermometer-komparator\\\/\",\"url\":\"https:\\\/\\\/sysmatec.ch\\\/de\\\/produit\\\/thermometer-komparator\\\/\",\"name\":\"Thermometer Komparator - Sysmatec\",\"isPartOf\":{\"@id\":\"https:\\\/\\\/sysmatec.ch\\\/de\\\/#website\"},\"primaryImageOfPage\":{\"@id\":\"https:\\\/\\\/sysmatec.ch\\\/de\\\/produit\\\/thermometer-komparator\\\/#primaryimage\"},\"image\":{\"@id\":\"https:\\\/\\\/sysmatec.ch\\\/de\\\/produit\\\/thermometer-komparator\\\/#primaryimage\"},\"thumbnailUrl\":\"https:\\\/\\\/sysmatec.ch\\\/wp-content\\\/uploads\\\/2019\\\/02\\\/Calibrateur_ETIComparator.jpg\",\"datePublished\":\"2019-02-24T15:53:54+00:00\",\"dateModified\":\"2022-02-23T09:47:51+00:00\",\"description\":\"Dieses Ger\u00e4t erm\u00f6glicht es, die von einem Infrarotthermometer angezeigte Temperatur mit der von einem Referenzthermometer angezeigten Temperatur zu vergleichen.\",\"breadcrumb\":{\"@id\":\"https:\\\/\\\/sysmatec.ch\\\/de\\\/produit\\\/thermometer-komparator\\\/#breadcrumb\"},\"inLanguage\":\"de\",\"potentialAction\":[{\"@type\":\"ReadAction\",\"target\":[\"https:\\\/\\\/sysmatec.ch\\\/de\\\/produit\\\/thermometer-komparator\\\/\"]}]},{\"@type\":\"ImageObject\",\"inLanguage\":\"de\",\"@id\":\"https:\\\/\\\/sysmatec.ch\\\/de\\\/produit\\\/thermometer-komparator\\\/#primaryimage\",\"url\":\"https:\\\/\\\/sysmatec.ch\\\/wp-content\\\/uploads\\\/2019\\\/02\\\/Calibrateur_ETIComparator.jpg\",\"contentUrl\":\"https:\\\/\\\/sysmatec.ch\\\/wp-content\\\/uploads\\\/2019\\\/02\\\/Calibrateur_ETIComparator.jpg\",\"width\":166,\"height\":166},{\"@type\":\"BreadcrumbList\",\"@id\":\"https:\\\/\\\/sysmatec.ch\\\/de\\\/produit\\\/thermometer-komparator\\\/#breadcrumb\",\"itemListElement\":[{\"@type\":\"ListItem\",\"position\":1,\"name\":\"Accueil\",\"item\":\"https:\\\/\\\/sysmatec.ch\\\/de\\\/\"},{\"@type\":\"ListItem\",\"position\":2,\"name\":\"Die Aktivit\u00e4t von Sysmatec\",\"item\":\"https:\\\/\\\/sysmatec.ch\\\/de\\\/\"},{\"@type\":\"ListItem\",\"position\":3,\"name\":\"Thermometer Komparator\"}]},{\"@type\":\"WebSite\",\"@id\":\"https:\\\/\\\/sysmatec.ch\\\/de\\\/#website\",\"url\":\"https:\\\/\\\/sysmatec.ch\\\/de\\\/\",\"name\":\"Sysmatec\",\"description\":\"Equipement de laboratoire et logiciels\",\"publisher\":{\"@id\":\"https:\\\/\\\/sysmatec.ch\\\/de\\\/#organization\"},\"potentialAction\":[{\"@type\":\"SearchAction\",\"target\":{\"@type\":\"EntryPoint\",\"urlTemplate\":\"https:\\\/\\\/sysmatec.ch\\\/de\\\/?s={search_term_string}\"},\"query-input\":{\"@type\":\"PropertyValueSpecification\",\"valueRequired\":true,\"valueName\":\"search_term_string\"}}],\"inLanguage\":\"de\"},{\"@type\":\"Organization\",\"@id\":\"https:\\\/\\\/sysmatec.ch\\\/de\\\/#organization\",\"name\":\"Sysmatec\",\"url\":\"https:\\\/\\\/sysmatec.ch\\\/de\\\/\",\"logo\":{\"@type\":\"ImageObject\",\"inLanguage\":\"de\",\"@id\":\"https:\\\/\\\/sysmatec.ch\\\/de\\\/#\\\/schema\\\/logo\\\/image\\\/\",\"url\":\"https:\\\/\\\/sysmatec.ch\\\/wp-content\\\/uploads\\\/2018\\\/11\\\/LogoSysmatec.jpg\",\"contentUrl\":\"https:\\\/\\\/sysmatec.ch\\\/wp-content\\\/uploads\\\/2018\\\/11\\\/LogoSysmatec.jpg\",\"width\":301,\"height\":297,\"caption\":\"Sysmatec\"},\"image\":{\"@id\":\"https:\\\/\\\/sysmatec.ch\\\/de\\\/#\\\/schema\\\/logo\\\/image\\\/\"}}]}<\/script>\n<!-- \/ Yoast SEO plugin. -->","yoast_head_json":{"title":"Thermometer Komparator - Sysmatec","description":"Dieses Ger\u00e4t erm\u00f6glicht es, die von einem Infrarotthermometer angezeigte Temperatur mit der von einem Referenzthermometer angezeigten Temperatur zu vergleichen.","robots":{"index":"index","follow":"follow","max-snippet":"max-snippet:-1","max-image-preview":"max-image-preview:large","max-video-preview":"max-video-preview:-1"},"canonical":"https:\/\/sysmatec.ch\/de\/produit\/thermometer-komparator\/","og_locale":"de_DE","og_type":"article","og_title":"Thermometer Komparator - Sysmatec","og_description":"Dieses Ger\u00e4t erm\u00f6glicht es, die von einem Infrarotthermometer angezeigte Temperatur mit der von einem Referenzthermometer angezeigten Temperatur zu vergleichen.","og_url":"https:\/\/sysmatec.ch\/de\/produit\/thermometer-komparator\/","og_site_name":"Sysmatec","article_modified_time":"2022-02-23T09:47:51+00:00","og_image":[{"width":166,"height":166,"url":"https:\/\/sysmatec.ch\/wp-content\/uploads\/2019\/02\/Calibrateur_ETIComparator.jpg","type":"image\/jpeg"}],"twitter_card":"summary_large_image","twitter_misc":{"Gesch\u00e4tzte Lesezeit":"1\u00a0Minute"},"schema":{"@context":"https:\/\/schema.org","@graph":[{"@type":"WebPage","@id":"https:\/\/sysmatec.ch\/de\/produit\/thermometer-komparator\/","url":"https:\/\/sysmatec.ch\/de\/produit\/thermometer-komparator\/","name":"Thermometer Komparator - Sysmatec","isPartOf":{"@id":"https:\/\/sysmatec.ch\/de\/#website"},"primaryImageOfPage":{"@id":"https:\/\/sysmatec.ch\/de\/produit\/thermometer-komparator\/#primaryimage"},"image":{"@id":"https:\/\/sysmatec.ch\/de\/produit\/thermometer-komparator\/#primaryimage"},"thumbnailUrl":"https:\/\/sysmatec.ch\/wp-content\/uploads\/2019\/02\/Calibrateur_ETIComparator.jpg","datePublished":"2019-02-24T15:53:54+00:00","dateModified":"2022-02-23T09:47:51+00:00","description":"Dieses Ger\u00e4t erm\u00f6glicht es, die von einem Infrarotthermometer angezeigte Temperatur mit der von einem Referenzthermometer angezeigten Temperatur zu vergleichen.","breadcrumb":{"@id":"https:\/\/sysmatec.ch\/de\/produit\/thermometer-komparator\/#breadcrumb"},"inLanguage":"de","potentialAction":[{"@type":"ReadAction","target":["https:\/\/sysmatec.ch\/de\/produit\/thermometer-komparator\/"]}]},{"@type":"ImageObject","inLanguage":"de","@id":"https:\/\/sysmatec.ch\/de\/produit\/thermometer-komparator\/#primaryimage","url":"https:\/\/sysmatec.ch\/wp-content\/uploads\/2019\/02\/Calibrateur_ETIComparator.jpg","contentUrl":"https:\/\/sysmatec.ch\/wp-content\/uploads\/2019\/02\/Calibrateur_ETIComparator.jpg","width":166,"height":166},{"@type":"BreadcrumbList","@id":"https:\/\/sysmatec.ch\/de\/produit\/thermometer-komparator\/#breadcrumb","itemListElement":[{"@type":"ListItem","position":1,"name":"Accueil","item":"https:\/\/sysmatec.ch\/de\/"},{"@type":"ListItem","position":2,"name":"Die Aktivit\u00e4t von Sysmatec","item":"https:\/\/sysmatec.ch\/de\/"},{"@type":"ListItem","position":3,"name":"Thermometer Komparator"}]},{"@type":"WebSite","@id":"https:\/\/sysmatec.ch\/de\/#website","url":"https:\/\/sysmatec.ch\/de\/","name":"Sysmatec","description":"Equipement de laboratoire et logiciels","publisher":{"@id":"https:\/\/sysmatec.ch\/de\/#organization"},"potentialAction":[{"@type":"SearchAction","target":{"@type":"EntryPoint","urlTemplate":"https:\/\/sysmatec.ch\/de\/?s={search_term_string}"},"query-input":{"@type":"PropertyValueSpecification","valueRequired":true,"valueName":"search_term_string"}}],"inLanguage":"de"},{"@type":"Organization","@id":"https:\/\/sysmatec.ch\/de\/#organization","name":"Sysmatec","url":"https:\/\/sysmatec.ch\/de\/","logo":{"@type":"ImageObject","inLanguage":"de","@id":"https:\/\/sysmatec.ch\/de\/#\/schema\/logo\/image\/","url":"https:\/\/sysmatec.ch\/wp-content\/uploads\/2018\/11\/LogoSysmatec.jpg","contentUrl":"https:\/\/sysmatec.ch\/wp-content\/uploads\/2018\/11\/LogoSysmatec.jpg","width":301,"height":297,"caption":"Sysmatec"},"image":{"@id":"https:\/\/sysmatec.ch\/de\/#\/schema\/logo\/image\/"}}]}},"_links":{"self":[{"href":"https:\/\/sysmatec.ch\/de\/wp-json\/wp\/v2\/product\/3750","targetHints":{"allow":["GET"]}}],"collection":[{"href":"https:\/\/sysmatec.ch\/de\/wp-json\/wp\/v2\/product"}],"about":[{"href":"https:\/\/sysmatec.ch\/de\/wp-json\/wp\/v2\/types\/product"}],"wp:featuredmedia":[{"embeddable":true,"href":"https:\/\/sysmatec.ch\/de\/wp-json\/wp\/v2\/media\/3737"}],"wp:attachment":[{"href":"https:\/\/sysmatec.ch\/de\/wp-json\/wp\/v2\/media?parent=3750"}],"wp:term":[{"taxonomy":"product_brand","embeddable":true,"href":"https:\/\/sysmatec.ch\/de\/wp-json\/wp\/v2\/product_brand?post=3750"},{"taxonomy":"product_cat","embeddable":true,"href":"https:\/\/sysmatec.ch\/de\/wp-json\/wp\/v2\/product_cat?post=3750"},{"taxonomy":"product_tag","embeddable":true,"href":"https:\/\/sysmatec.ch\/de\/wp-json\/wp\/v2\/product_tag?post=3750"}],"curies":[{"name":"wp","href":"https:\/\/api.w.org\/{rel}","templated":true}]}}