{"id":3732,"date":"2019-02-24T11:58:40","date_gmt":"2019-02-24T10:58:40","guid":{"rendered":"https:\/\/sysmatec.ch\/produit\/indicateur-de-temperature-electronique-anycontrol-p\/"},"modified":"2022-02-23T10:54:25","modified_gmt":"2022-02-23T09:54:25","slug":"elektronische-temperaturanzeige-anycontrol-p","status":"publish","type":"product","link":"https:\/\/sysmatec.ch\/de\/Produkt\/elektronische-temperaturanzeige-anycontrol-p\/","title":{"rendered":"Elektronische Temperaturanzeige anycontrol P"},"content":{"rendered":"<p>Dies ist kein Datenlogger, aber es kann, um die K\u00fchlkette zu \u00fcberwachen, verwendet werden.<\/p>\n<p>Dies ist eine elektronische Temperaturanzeige, die durch Dr\u00fccken einer Taste gestartet wird. Dreifarben -LED zeigen, wenn die Temperatur den vorgegebenen Schwellenwerte \u00fcberschritten sind, an. Der Indikator kann in verschiedenen Anwendungen, wie zum Beispiel den Transport von Impfstoffen, frische Lebensmittel, Inkubatoren, etc. verwendet werden. Die Schwellen m\u00fcssen bei der Bestellung angegeben werden.<\/p>\n<p>Alarmanzeigen : rot, gr\u00fcn und blau<\/p>\n<p>Gewicht: 10g<\/p>\n<p>Aufnahmemodus : Einzelnutzung<\/p>\n<p>Akku: 3.6V Lithium CR2032<\/p>\n<p>Schutzart: IP67<\/p>\n<p>Temperaturbereich : soll bei der Bestellung definiert werden (zwischen -30 und 70 \u00b0 C)<\/p>\n<p>Temperaturgenauigkeit : \u00b1 0.5 \u00b0 C<\/p>\n<p>Messintervall : 1 Minute \/ 30 Sekunden<\/p>\n<p>Zu g\u00fcnstigen Preisen<\/p>\n","protected":false},"excerpt":{"rendered":"<p>Elektronische Temperaturanzeige<\/p>\n","protected":false},"featured_media":3730,"template":"","meta":{"_crdt_document":""},"product_brand":[],"product_cat":[172,173],"product_tag":[],"class_list":{"0":"post-3732","1":"product","2":"type-product","3":"status-publish","4":"has-post-thumbnail","6":"product_cat-einweg-logger","7":"product_cat-temperatur","9":"first","10":"instock","11":"taxable","12":"shipping-taxable","13":"product-type-simple"},"yoast_head":"<!-- This site is optimized with the Yoast SEO plugin v27.4 - https:\/\/yoast.com\/product\/yoast-seo-wordpress\/ -->\n<title>Elektronische Temperaturanzeige anycontrol P - Sysmatec<\/title>\n<meta name=\"description\" content=\"Elektronische Temperaturanzeige zur \u00dcberwachung der K\u00fchlkette. Es zeigt einen optischen Alarm an, wenn die Temperaturschwellen \u00fcberschritten werden.\" \/>\n<meta name=\"robots\" content=\"index, follow, max-snippet:-1, max-image-preview:large, max-video-preview:-1\" \/>\n<link rel=\"canonical\" href=\"https:\/\/sysmatec.ch\/de\/produit\/elektronische-temperaturanzeige-anycontrol-p\/\" \/>\n<meta property=\"og:locale\" content=\"de_DE\" \/>\n<meta property=\"og:type\" content=\"article\" \/>\n<meta property=\"og:title\" content=\"Elektronische Temperaturanzeige anycontrol P - Sysmatec\" \/>\n<meta property=\"og:description\" content=\"Elektronische Temperaturanzeige zur \u00dcberwachung der K\u00fchlkette. Es zeigt einen optischen Alarm an, wenn die Temperaturschwellen \u00fcberschritten werden.\" \/>\n<meta property=\"og:url\" content=\"https:\/\/sysmatec.ch\/de\/produit\/elektronische-temperaturanzeige-anycontrol-p\/\" \/>\n<meta property=\"og:site_name\" content=\"Sysmatec\" \/>\n<meta property=\"article:modified_time\" content=\"2022-02-23T09:54:25+00:00\" \/>\n<meta property=\"og:image\" content=\"https:\/\/sysmatec.ch\/wp-content\/uploads\/2019\/02\/Indicateur_BiologAnycontrolP.jpg\" \/>\n\t<meta property=\"og:image:width\" content=\"186\" \/>\n\t<meta property=\"og:image:height\" content=\"272\" \/>\n\t<meta property=\"og:image:type\" content=\"image\/jpeg\" \/>\n<meta name=\"twitter:card\" content=\"summary_large_image\" \/>\n<meta name=\"twitter:label1\" content=\"Gesch\u00e4tzte Lesezeit\" \/>\n\t<meta name=\"twitter:data1\" content=\"1\u00a0Minute\" \/>\n<script type=\"application\/ld+json\" class=\"yoast-schema-graph\">{\"@context\":\"https:\\\/\\\/schema.org\",\"@graph\":[{\"@type\":\"WebPage\",\"@id\":\"https:\\\/\\\/sysmatec.ch\\\/de\\\/produit\\\/elektronische-temperaturanzeige-anycontrol-p\\\/\",\"url\":\"https:\\\/\\\/sysmatec.ch\\\/de\\\/produit\\\/elektronische-temperaturanzeige-anycontrol-p\\\/\",\"name\":\"Elektronische Temperaturanzeige anycontrol P - Sysmatec\",\"isPartOf\":{\"@id\":\"https:\\\/\\\/sysmatec.ch\\\/de\\\/#website\"},\"primaryImageOfPage\":{\"@id\":\"https:\\\/\\\/sysmatec.ch\\\/de\\\/produit\\\/elektronische-temperaturanzeige-anycontrol-p\\\/#primaryimage\"},\"image\":{\"@id\":\"https:\\\/\\\/sysmatec.ch\\\/de\\\/produit\\\/elektronische-temperaturanzeige-anycontrol-p\\\/#primaryimage\"},\"thumbnailUrl\":\"https:\\\/\\\/sysmatec.ch\\\/wp-content\\\/uploads\\\/2019\\\/02\\\/Indicateur_BiologAnycontrolP.jpg\",\"datePublished\":\"2019-02-24T10:58:40+00:00\",\"dateModified\":\"2022-02-23T09:54:25+00:00\",\"description\":\"Elektronische Temperaturanzeige zur \u00dcberwachung der K\u00fchlkette. Es zeigt einen optischen Alarm an, wenn die Temperaturschwellen \u00fcberschritten werden.\",\"breadcrumb\":{\"@id\":\"https:\\\/\\\/sysmatec.ch\\\/de\\\/produit\\\/elektronische-temperaturanzeige-anycontrol-p\\\/#breadcrumb\"},\"inLanguage\":\"de\",\"potentialAction\":[{\"@type\":\"ReadAction\",\"target\":[\"https:\\\/\\\/sysmatec.ch\\\/de\\\/produit\\\/elektronische-temperaturanzeige-anycontrol-p\\\/\"]}]},{\"@type\":\"ImageObject\",\"inLanguage\":\"de\",\"@id\":\"https:\\\/\\\/sysmatec.ch\\\/de\\\/produit\\\/elektronische-temperaturanzeige-anycontrol-p\\\/#primaryimage\",\"url\":\"https:\\\/\\\/sysmatec.ch\\\/wp-content\\\/uploads\\\/2019\\\/02\\\/Indicateur_BiologAnycontrolP.jpg\",\"contentUrl\":\"https:\\\/\\\/sysmatec.ch\\\/wp-content\\\/uploads\\\/2019\\\/02\\\/Indicateur_BiologAnycontrolP.jpg\",\"width\":186,\"height\":272},{\"@type\":\"BreadcrumbList\",\"@id\":\"https:\\\/\\\/sysmatec.ch\\\/de\\\/produit\\\/elektronische-temperaturanzeige-anycontrol-p\\\/#breadcrumb\",\"itemListElement\":[{\"@type\":\"ListItem\",\"position\":1,\"name\":\"Accueil\",\"item\":\"https:\\\/\\\/sysmatec.ch\\\/de\\\/\"},{\"@type\":\"ListItem\",\"position\":2,\"name\":\"Die Aktivit\u00e4t von Sysmatec\",\"item\":\"https:\\\/\\\/sysmatec.ch\\\/de\\\/\"},{\"@type\":\"ListItem\",\"position\":3,\"name\":\"Elektronische Temperaturanzeige anycontrol P\"}]},{\"@type\":\"WebSite\",\"@id\":\"https:\\\/\\\/sysmatec.ch\\\/de\\\/#website\",\"url\":\"https:\\\/\\\/sysmatec.ch\\\/de\\\/\",\"name\":\"Sysmatec\",\"description\":\"Equipement de laboratoire et logiciels\",\"publisher\":{\"@id\":\"https:\\\/\\\/sysmatec.ch\\\/de\\\/#organization\"},\"potentialAction\":[{\"@type\":\"SearchAction\",\"target\":{\"@type\":\"EntryPoint\",\"urlTemplate\":\"https:\\\/\\\/sysmatec.ch\\\/de\\\/?s={search_term_string}\"},\"query-input\":{\"@type\":\"PropertyValueSpecification\",\"valueRequired\":true,\"valueName\":\"search_term_string\"}}],\"inLanguage\":\"de\"},{\"@type\":\"Organization\",\"@id\":\"https:\\\/\\\/sysmatec.ch\\\/de\\\/#organization\",\"name\":\"Sysmatec\",\"url\":\"https:\\\/\\\/sysmatec.ch\\\/de\\\/\",\"logo\":{\"@type\":\"ImageObject\",\"inLanguage\":\"de\",\"@id\":\"https:\\\/\\\/sysmatec.ch\\\/de\\\/#\\\/schema\\\/logo\\\/image\\\/\",\"url\":\"https:\\\/\\\/sysmatec.ch\\\/wp-content\\\/uploads\\\/2018\\\/11\\\/LogoSysmatec.jpg\",\"contentUrl\":\"https:\\\/\\\/sysmatec.ch\\\/wp-content\\\/uploads\\\/2018\\\/11\\\/LogoSysmatec.jpg\",\"width\":301,\"height\":297,\"caption\":\"Sysmatec\"},\"image\":{\"@id\":\"https:\\\/\\\/sysmatec.ch\\\/de\\\/#\\\/schema\\\/logo\\\/image\\\/\"}}]}<\/script>\n<!-- \/ Yoast SEO plugin. -->","yoast_head_json":{"title":"Elektronische Temperaturanzeige anycontrol P - Sysmatec","description":"Elektronische Temperaturanzeige zur \u00dcberwachung der K\u00fchlkette. Es zeigt einen optischen Alarm an, wenn die Temperaturschwellen \u00fcberschritten werden.","robots":{"index":"index","follow":"follow","max-snippet":"max-snippet:-1","max-image-preview":"max-image-preview:large","max-video-preview":"max-video-preview:-1"},"canonical":"https:\/\/sysmatec.ch\/de\/produit\/elektronische-temperaturanzeige-anycontrol-p\/","og_locale":"de_DE","og_type":"article","og_title":"Elektronische Temperaturanzeige anycontrol P - Sysmatec","og_description":"Elektronische Temperaturanzeige zur \u00dcberwachung der K\u00fchlkette. Es zeigt einen optischen Alarm an, wenn die Temperaturschwellen \u00fcberschritten werden.","og_url":"https:\/\/sysmatec.ch\/de\/produit\/elektronische-temperaturanzeige-anycontrol-p\/","og_site_name":"Sysmatec","article_modified_time":"2022-02-23T09:54:25+00:00","og_image":[{"width":186,"height":272,"url":"https:\/\/sysmatec.ch\/wp-content\/uploads\/2019\/02\/Indicateur_BiologAnycontrolP.jpg","type":"image\/jpeg"}],"twitter_card":"summary_large_image","twitter_misc":{"Gesch\u00e4tzte Lesezeit":"1\u00a0Minute"},"schema":{"@context":"https:\/\/schema.org","@graph":[{"@type":"WebPage","@id":"https:\/\/sysmatec.ch\/de\/produit\/elektronische-temperaturanzeige-anycontrol-p\/","url":"https:\/\/sysmatec.ch\/de\/produit\/elektronische-temperaturanzeige-anycontrol-p\/","name":"Elektronische Temperaturanzeige anycontrol P - Sysmatec","isPartOf":{"@id":"https:\/\/sysmatec.ch\/de\/#website"},"primaryImageOfPage":{"@id":"https:\/\/sysmatec.ch\/de\/produit\/elektronische-temperaturanzeige-anycontrol-p\/#primaryimage"},"image":{"@id":"https:\/\/sysmatec.ch\/de\/produit\/elektronische-temperaturanzeige-anycontrol-p\/#primaryimage"},"thumbnailUrl":"https:\/\/sysmatec.ch\/wp-content\/uploads\/2019\/02\/Indicateur_BiologAnycontrolP.jpg","datePublished":"2019-02-24T10:58:40+00:00","dateModified":"2022-02-23T09:54:25+00:00","description":"Elektronische Temperaturanzeige zur \u00dcberwachung der K\u00fchlkette. Es zeigt einen optischen Alarm an, wenn die Temperaturschwellen \u00fcberschritten werden.","breadcrumb":{"@id":"https:\/\/sysmatec.ch\/de\/produit\/elektronische-temperaturanzeige-anycontrol-p\/#breadcrumb"},"inLanguage":"de","potentialAction":[{"@type":"ReadAction","target":["https:\/\/sysmatec.ch\/de\/produit\/elektronische-temperaturanzeige-anycontrol-p\/"]}]},{"@type":"ImageObject","inLanguage":"de","@id":"https:\/\/sysmatec.ch\/de\/produit\/elektronische-temperaturanzeige-anycontrol-p\/#primaryimage","url":"https:\/\/sysmatec.ch\/wp-content\/uploads\/2019\/02\/Indicateur_BiologAnycontrolP.jpg","contentUrl":"https:\/\/sysmatec.ch\/wp-content\/uploads\/2019\/02\/Indicateur_BiologAnycontrolP.jpg","width":186,"height":272},{"@type":"BreadcrumbList","@id":"https:\/\/sysmatec.ch\/de\/produit\/elektronische-temperaturanzeige-anycontrol-p\/#breadcrumb","itemListElement":[{"@type":"ListItem","position":1,"name":"Accueil","item":"https:\/\/sysmatec.ch\/de\/"},{"@type":"ListItem","position":2,"name":"Die Aktivit\u00e4t von Sysmatec","item":"https:\/\/sysmatec.ch\/de\/"},{"@type":"ListItem","position":3,"name":"Elektronische Temperaturanzeige anycontrol P"}]},{"@type":"WebSite","@id":"https:\/\/sysmatec.ch\/de\/#website","url":"https:\/\/sysmatec.ch\/de\/","name":"Sysmatec","description":"Equipement de laboratoire et logiciels","publisher":{"@id":"https:\/\/sysmatec.ch\/de\/#organization"},"potentialAction":[{"@type":"SearchAction","target":{"@type":"EntryPoint","urlTemplate":"https:\/\/sysmatec.ch\/de\/?s={search_term_string}"},"query-input":{"@type":"PropertyValueSpecification","valueRequired":true,"valueName":"search_term_string"}}],"inLanguage":"de"},{"@type":"Organization","@id":"https:\/\/sysmatec.ch\/de\/#organization","name":"Sysmatec","url":"https:\/\/sysmatec.ch\/de\/","logo":{"@type":"ImageObject","inLanguage":"de","@id":"https:\/\/sysmatec.ch\/de\/#\/schema\/logo\/image\/","url":"https:\/\/sysmatec.ch\/wp-content\/uploads\/2018\/11\/LogoSysmatec.jpg","contentUrl":"https:\/\/sysmatec.ch\/wp-content\/uploads\/2018\/11\/LogoSysmatec.jpg","width":301,"height":297,"caption":"Sysmatec"},"image":{"@id":"https:\/\/sysmatec.ch\/de\/#\/schema\/logo\/image\/"}}]}},"_links":{"self":[{"href":"https:\/\/sysmatec.ch\/de\/wp-json\/wp\/v2\/product\/3732","targetHints":{"allow":["GET"]}}],"collection":[{"href":"https:\/\/sysmatec.ch\/de\/wp-json\/wp\/v2\/product"}],"about":[{"href":"https:\/\/sysmatec.ch\/de\/wp-json\/wp\/v2\/types\/product"}],"wp:featuredmedia":[{"embeddable":true,"href":"https:\/\/sysmatec.ch\/de\/wp-json\/wp\/v2\/media\/3730"}],"wp:attachment":[{"href":"https:\/\/sysmatec.ch\/de\/wp-json\/wp\/v2\/media?parent=3732"}],"wp:term":[{"taxonomy":"product_brand","embeddable":true,"href":"https:\/\/sysmatec.ch\/de\/wp-json\/wp\/v2\/product_brand?post=3732"},{"taxonomy":"product_cat","embeddable":true,"href":"https:\/\/sysmatec.ch\/de\/wp-json\/wp\/v2\/product_cat?post=3732"},{"taxonomy":"product_tag","embeddable":true,"href":"https:\/\/sysmatec.ch\/de\/wp-json\/wp\/v2\/product_tag?post=3732"}],"curies":[{"name":"wp","href":"https:\/\/api.w.org\/{rel}","templated":true}]}}