{"id":3696,"date":"2019-02-24T10:38:03","date_gmt":"2019-02-24T09:38:03","guid":{"rendered":"https:\/\/sysmatec.ch\/produit\/enregistreur-de-temperature-jetable-itag-4-2\/"},"modified":"2022-02-23T11:33:09","modified_gmt":"2022-02-23T10:33:09","slug":"einweg-temperaturdatenlogger-tempsafe","status":"publish","type":"product","link":"https:\/\/sysmatec.ch\/de\/Produkt\/einweg-temperaturdatenlogger-tempsafe\/","title":{"rendered":"Einweg Temperaturdatenlogger Tempsafe"},"content":{"rendered":"<p>Vorprogrammierter Einweg-PDF-Datenlogger zur Temperatur\u00fcberwachung in der K\u00fchlkette. Die St\u00e4rke dieses Datenloggers liegt in der automatischen Generierung von verschl\u00fcsselten PDF-Temperatur Bericht. Die Verschl\u00fcsselung vermeidet, dass die Daten manipuliert werden.<\/p>\n<ul>\n<li type=\"disc\">6 Modelle f\u00fcr 3 Tage, 15 Tage, 30 Tage, 45 Tage, 60 Tage, 90 Tage<\/li>\n<li type=\"disc\">Messbereich: -30 \u00b0 C bis 70 \u00b0 C<\/li>\n<li type=\"disc\">Sensor: Interner NTC<\/li>\n<li type=\"disc\">Speicherkapazit\u00e4t: 16 000 Messungen<\/li>\n<li type=\"disc\">Genauigkeit: \u00b1 0.5 \u00b0 C<\/li>\n<li type=\"disc\">Aufl\u00f6sung: 0.1 \u00b0 C<\/li>\n<li type=\"disc\">Startmodus: Manueller Start, Start \/ Stopp-Taste<\/li>\n<li type=\"disc\">Stopp-Modus: manuell oder automatisch<\/li>\n<li type=\"disc\">Aufzeichnungsintervall: 1 min bis 255 min<\/li>\n<li type=\"disc\">Alarmbereich: High und Low-Alarm (-2 und 4 \u00b0 C, andere Werte auf Anfrage)<\/li>\n<li type=\"disc\">Batterie: 3 V Lithium-Batterie<\/li>\n<li type=\"disc\">Haltbarkeit: 1 Jahr<\/li>\n<li type=\"disc\">Anschluss: USB 2.0<\/li>\n<li type=\"disc\">Kompatible Betriebssystem: WIN XP \/ 7\/8<\/li>\n<li type=\"disc\">Abmessungen: 68 mm L x 26 mm B x 5 mm H<\/li>\n<li type=\"disc\">Gewicht: ca. 10g<\/li>\n<li type=\"disc\">Verpackung \/ Material: Lebensmittelsicherheit Kunststoff-Beutel \/ Nylon + PE<\/li>\n<li type=\"disc\">Schutzklasse: IP67<\/li>\n<\/ul>\n","protected":false},"excerpt":{"rendered":"<p>Einweg Temperaturdatenlogger<\/p>\n","protected":false},"featured_media":3694,"template":"","meta":{"_crdt_document":""},"product_brand":[],"product_cat":[172,173],"product_tag":[],"class_list":{"0":"post-3696","1":"product","2":"type-product","3":"status-publish","4":"has-post-thumbnail","6":"product_cat-einweg-logger","7":"product_cat-temperatur","9":"first","10":"instock","11":"taxable","12":"shipping-taxable","13":"product-type-simple"},"yoast_head":"<!-- This site is optimized with the Yoast SEO plugin v27.3 - https:\/\/yoast.com\/product\/yoast-seo-wordpress\/ -->\n<title>Einweg Temperaturdatenlogger Tempsafe - Sysmatec<\/title>\n<meta name=\"description\" content=\"Einweg-Temperaturdatenlogger mit USB-Anschluss. Es bearbeitet direkt einen PDF-Bericht. Temperaturbereich von -30\u00b0C bis +70\u00b0C.\" \/>\n<meta name=\"robots\" content=\"index, follow, max-snippet:-1, max-image-preview:large, max-video-preview:-1\" \/>\n<link rel=\"canonical\" href=\"https:\/\/sysmatec.ch\/de\/produit\/einweg-temperaturdatenlogger-tempsafe\/\" \/>\n<meta property=\"og:locale\" content=\"de_DE\" \/>\n<meta property=\"og:type\" content=\"article\" \/>\n<meta property=\"og:title\" content=\"Einweg Temperaturdatenlogger Tempsafe - Sysmatec\" \/>\n<meta property=\"og:description\" content=\"Einweg-Temperaturdatenlogger mit USB-Anschluss. Es bearbeitet direkt einen PDF-Bericht. Temperaturbereich von -30\u00b0C bis +70\u00b0C.\" \/>\n<meta property=\"og:url\" content=\"https:\/\/sysmatec.ch\/de\/produit\/einweg-temperaturdatenlogger-tempsafe\/\" \/>\n<meta property=\"og:site_name\" content=\"Sysmatec\" \/>\n<meta property=\"article:modified_time\" content=\"2022-02-23T10:33:09+00:00\" \/>\n<meta property=\"og:image\" content=\"https:\/\/sysmatec.ch\/wp-content\/uploads\/2019\/02\/Enregistreur_ElectechTempSafe.jpg\" \/>\n\t<meta property=\"og:image:width\" content=\"182\" \/>\n\t<meta property=\"og:image:height\" content=\"104\" \/>\n\t<meta property=\"og:image:type\" content=\"image\/jpeg\" \/>\n<meta name=\"twitter:card\" content=\"summary_large_image\" \/>\n<meta name=\"twitter:label1\" content=\"Gesch\u00e4tzte Lesezeit\" \/>\n\t<meta name=\"twitter:data1\" content=\"1\u00a0Minute\" \/>\n<script type=\"application\/ld+json\" class=\"yoast-schema-graph\">{\"@context\":\"https:\\\/\\\/schema.org\",\"@graph\":[{\"@type\":\"WebPage\",\"@id\":\"https:\\\/\\\/sysmatec.ch\\\/de\\\/produit\\\/einweg-temperaturdatenlogger-tempsafe\\\/\",\"url\":\"https:\\\/\\\/sysmatec.ch\\\/de\\\/produit\\\/einweg-temperaturdatenlogger-tempsafe\\\/\",\"name\":\"Einweg Temperaturdatenlogger Tempsafe - Sysmatec\",\"isPartOf\":{\"@id\":\"https:\\\/\\\/sysmatec.ch\\\/de\\\/#website\"},\"primaryImageOfPage\":{\"@id\":\"https:\\\/\\\/sysmatec.ch\\\/de\\\/produit\\\/einweg-temperaturdatenlogger-tempsafe\\\/#primaryimage\"},\"image\":{\"@id\":\"https:\\\/\\\/sysmatec.ch\\\/de\\\/produit\\\/einweg-temperaturdatenlogger-tempsafe\\\/#primaryimage\"},\"thumbnailUrl\":\"https:\\\/\\\/sysmatec.ch\\\/wp-content\\\/uploads\\\/2019\\\/02\\\/Enregistreur_ElectechTempSafe.jpg\",\"datePublished\":\"2019-02-24T09:38:03+00:00\",\"dateModified\":\"2022-02-23T10:33:09+00:00\",\"description\":\"Einweg-Temperaturdatenlogger mit USB-Anschluss. Es bearbeitet direkt einen PDF-Bericht. Temperaturbereich von -30\u00b0C bis +70\u00b0C.\",\"breadcrumb\":{\"@id\":\"https:\\\/\\\/sysmatec.ch\\\/de\\\/produit\\\/einweg-temperaturdatenlogger-tempsafe\\\/#breadcrumb\"},\"inLanguage\":\"de\",\"potentialAction\":[{\"@type\":\"ReadAction\",\"target\":[\"https:\\\/\\\/sysmatec.ch\\\/de\\\/produit\\\/einweg-temperaturdatenlogger-tempsafe\\\/\"]}]},{\"@type\":\"ImageObject\",\"inLanguage\":\"de\",\"@id\":\"https:\\\/\\\/sysmatec.ch\\\/de\\\/produit\\\/einweg-temperaturdatenlogger-tempsafe\\\/#primaryimage\",\"url\":\"https:\\\/\\\/sysmatec.ch\\\/wp-content\\\/uploads\\\/2019\\\/02\\\/Enregistreur_ElectechTempSafe.jpg\",\"contentUrl\":\"https:\\\/\\\/sysmatec.ch\\\/wp-content\\\/uploads\\\/2019\\\/02\\\/Enregistreur_ElectechTempSafe.jpg\",\"width\":182,\"height\":104},{\"@type\":\"BreadcrumbList\",\"@id\":\"https:\\\/\\\/sysmatec.ch\\\/de\\\/produit\\\/einweg-temperaturdatenlogger-tempsafe\\\/#breadcrumb\",\"itemListElement\":[{\"@type\":\"ListItem\",\"position\":1,\"name\":\"Accueil\",\"item\":\"https:\\\/\\\/sysmatec.ch\\\/de\\\/\"},{\"@type\":\"ListItem\",\"position\":2,\"name\":\"Die Aktivit\u00e4t von Sysmatec\",\"item\":\"https:\\\/\\\/sysmatec.ch\\\/de\\\/\"},{\"@type\":\"ListItem\",\"position\":3,\"name\":\"Einweg Temperaturdatenlogger Tempsafe\"}]},{\"@type\":\"WebSite\",\"@id\":\"https:\\\/\\\/sysmatec.ch\\\/de\\\/#website\",\"url\":\"https:\\\/\\\/sysmatec.ch\\\/de\\\/\",\"name\":\"Sysmatec\",\"description\":\"Equipement de laboratoire et logiciels\",\"publisher\":{\"@id\":\"https:\\\/\\\/sysmatec.ch\\\/de\\\/#organization\"},\"potentialAction\":[{\"@type\":\"SearchAction\",\"target\":{\"@type\":\"EntryPoint\",\"urlTemplate\":\"https:\\\/\\\/sysmatec.ch\\\/de\\\/?s={search_term_string}\"},\"query-input\":{\"@type\":\"PropertyValueSpecification\",\"valueRequired\":true,\"valueName\":\"search_term_string\"}}],\"inLanguage\":\"de\"},{\"@type\":\"Organization\",\"@id\":\"https:\\\/\\\/sysmatec.ch\\\/de\\\/#organization\",\"name\":\"Sysmatec\",\"url\":\"https:\\\/\\\/sysmatec.ch\\\/de\\\/\",\"logo\":{\"@type\":\"ImageObject\",\"inLanguage\":\"de\",\"@id\":\"https:\\\/\\\/sysmatec.ch\\\/de\\\/#\\\/schema\\\/logo\\\/image\\\/\",\"url\":\"https:\\\/\\\/sysmatec.ch\\\/wp-content\\\/uploads\\\/2018\\\/11\\\/LogoSysmatec.jpg\",\"contentUrl\":\"https:\\\/\\\/sysmatec.ch\\\/wp-content\\\/uploads\\\/2018\\\/11\\\/LogoSysmatec.jpg\",\"width\":301,\"height\":297,\"caption\":\"Sysmatec\"},\"image\":{\"@id\":\"https:\\\/\\\/sysmatec.ch\\\/de\\\/#\\\/schema\\\/logo\\\/image\\\/\"}}]}<\/script>\n<!-- \/ Yoast SEO plugin. -->","yoast_head_json":{"title":"Einweg Temperaturdatenlogger Tempsafe - Sysmatec","description":"Einweg-Temperaturdatenlogger mit USB-Anschluss. Es bearbeitet direkt einen PDF-Bericht. Temperaturbereich von -30\u00b0C bis +70\u00b0C.","robots":{"index":"index","follow":"follow","max-snippet":"max-snippet:-1","max-image-preview":"max-image-preview:large","max-video-preview":"max-video-preview:-1"},"canonical":"https:\/\/sysmatec.ch\/de\/produit\/einweg-temperaturdatenlogger-tempsafe\/","og_locale":"de_DE","og_type":"article","og_title":"Einweg Temperaturdatenlogger Tempsafe - Sysmatec","og_description":"Einweg-Temperaturdatenlogger mit USB-Anschluss. Es bearbeitet direkt einen PDF-Bericht. Temperaturbereich von -30\u00b0C bis +70\u00b0C.","og_url":"https:\/\/sysmatec.ch\/de\/produit\/einweg-temperaturdatenlogger-tempsafe\/","og_site_name":"Sysmatec","article_modified_time":"2022-02-23T10:33:09+00:00","og_image":[{"width":182,"height":104,"url":"https:\/\/sysmatec.ch\/wp-content\/uploads\/2019\/02\/Enregistreur_ElectechTempSafe.jpg","type":"image\/jpeg"}],"twitter_card":"summary_large_image","twitter_misc":{"Gesch\u00e4tzte Lesezeit":"1\u00a0Minute"},"schema":{"@context":"https:\/\/schema.org","@graph":[{"@type":"WebPage","@id":"https:\/\/sysmatec.ch\/de\/produit\/einweg-temperaturdatenlogger-tempsafe\/","url":"https:\/\/sysmatec.ch\/de\/produit\/einweg-temperaturdatenlogger-tempsafe\/","name":"Einweg Temperaturdatenlogger Tempsafe - Sysmatec","isPartOf":{"@id":"https:\/\/sysmatec.ch\/de\/#website"},"primaryImageOfPage":{"@id":"https:\/\/sysmatec.ch\/de\/produit\/einweg-temperaturdatenlogger-tempsafe\/#primaryimage"},"image":{"@id":"https:\/\/sysmatec.ch\/de\/produit\/einweg-temperaturdatenlogger-tempsafe\/#primaryimage"},"thumbnailUrl":"https:\/\/sysmatec.ch\/wp-content\/uploads\/2019\/02\/Enregistreur_ElectechTempSafe.jpg","datePublished":"2019-02-24T09:38:03+00:00","dateModified":"2022-02-23T10:33:09+00:00","description":"Einweg-Temperaturdatenlogger mit USB-Anschluss. Es bearbeitet direkt einen PDF-Bericht. Temperaturbereich von -30\u00b0C bis +70\u00b0C.","breadcrumb":{"@id":"https:\/\/sysmatec.ch\/de\/produit\/einweg-temperaturdatenlogger-tempsafe\/#breadcrumb"},"inLanguage":"de","potentialAction":[{"@type":"ReadAction","target":["https:\/\/sysmatec.ch\/de\/produit\/einweg-temperaturdatenlogger-tempsafe\/"]}]},{"@type":"ImageObject","inLanguage":"de","@id":"https:\/\/sysmatec.ch\/de\/produit\/einweg-temperaturdatenlogger-tempsafe\/#primaryimage","url":"https:\/\/sysmatec.ch\/wp-content\/uploads\/2019\/02\/Enregistreur_ElectechTempSafe.jpg","contentUrl":"https:\/\/sysmatec.ch\/wp-content\/uploads\/2019\/02\/Enregistreur_ElectechTempSafe.jpg","width":182,"height":104},{"@type":"BreadcrumbList","@id":"https:\/\/sysmatec.ch\/de\/produit\/einweg-temperaturdatenlogger-tempsafe\/#breadcrumb","itemListElement":[{"@type":"ListItem","position":1,"name":"Accueil","item":"https:\/\/sysmatec.ch\/de\/"},{"@type":"ListItem","position":2,"name":"Die Aktivit\u00e4t von Sysmatec","item":"https:\/\/sysmatec.ch\/de\/"},{"@type":"ListItem","position":3,"name":"Einweg Temperaturdatenlogger Tempsafe"}]},{"@type":"WebSite","@id":"https:\/\/sysmatec.ch\/de\/#website","url":"https:\/\/sysmatec.ch\/de\/","name":"Sysmatec","description":"Equipement de laboratoire et logiciels","publisher":{"@id":"https:\/\/sysmatec.ch\/de\/#organization"},"potentialAction":[{"@type":"SearchAction","target":{"@type":"EntryPoint","urlTemplate":"https:\/\/sysmatec.ch\/de\/?s={search_term_string}"},"query-input":{"@type":"PropertyValueSpecification","valueRequired":true,"valueName":"search_term_string"}}],"inLanguage":"de"},{"@type":"Organization","@id":"https:\/\/sysmatec.ch\/de\/#organization","name":"Sysmatec","url":"https:\/\/sysmatec.ch\/de\/","logo":{"@type":"ImageObject","inLanguage":"de","@id":"https:\/\/sysmatec.ch\/de\/#\/schema\/logo\/image\/","url":"https:\/\/sysmatec.ch\/wp-content\/uploads\/2018\/11\/LogoSysmatec.jpg","contentUrl":"https:\/\/sysmatec.ch\/wp-content\/uploads\/2018\/11\/LogoSysmatec.jpg","width":301,"height":297,"caption":"Sysmatec"},"image":{"@id":"https:\/\/sysmatec.ch\/de\/#\/schema\/logo\/image\/"}}]}},"_links":{"self":[{"href":"https:\/\/sysmatec.ch\/de\/wp-json\/wp\/v2\/product\/3696","targetHints":{"allow":["GET"]}}],"collection":[{"href":"https:\/\/sysmatec.ch\/de\/wp-json\/wp\/v2\/product"}],"about":[{"href":"https:\/\/sysmatec.ch\/de\/wp-json\/wp\/v2\/types\/product"}],"wp:featuredmedia":[{"embeddable":true,"href":"https:\/\/sysmatec.ch\/de\/wp-json\/wp\/v2\/media\/3694"}],"wp:attachment":[{"href":"https:\/\/sysmatec.ch\/de\/wp-json\/wp\/v2\/media?parent=3696"}],"wp:term":[{"taxonomy":"product_brand","embeddable":true,"href":"https:\/\/sysmatec.ch\/de\/wp-json\/wp\/v2\/product_brand?post=3696"},{"taxonomy":"product_cat","embeddable":true,"href":"https:\/\/sysmatec.ch\/de\/wp-json\/wp\/v2\/product_cat?post=3696"},{"taxonomy":"product_tag","embeddable":true,"href":"https:\/\/sysmatec.ch\/de\/wp-json\/wp\/v2\/product_tag?post=3696"}],"curies":[{"name":"wp","href":"https:\/\/api.w.org\/{rel}","templated":true}]}}