{"id":3652,"date":"2019-02-23T18:21:22","date_gmt":"2019-02-23T17:21:22","guid":{"rendered":"https:\/\/sysmatec.ch\/produit\/enregistreur-de-temperature-jetable-i-plugpdf-2\/"},"modified":"2022-02-24T08:58:42","modified_gmt":"2022-02-24T07:58:42","slug":"fungal-cellulase-medusa-multiplier","status":"publish","type":"product","link":"https:\/\/sysmatec.ch\/de\/Produkt\/fungal-cellulase-medusa-multiplier\/","title":{"rendered":"Fungal cellulase Medusa Multiplier"},"content":{"rendered":"<p>Medusa Multiplier ist eine Pilzcellulase, die durch untergetauchte Fermentation des Stammes Trichoderma ressei hergestellt wird. Das Produkt enth\u00e4lt auch ein reiche Kohlenhydrataktivit\u00e4t. Medusa Multiplier ist ein Lebensmittelenzym, das den von Food Chemical Code empfohlenen Spezifikationen f\u00fcr Lebensmittelenzymprodukte entspricht und den Empfehlungen des Gemeinsamen Expertenausschusses f\u00fcr Lebensmittelzusatzstoffe (JECFA) der FAO \/ WHO entspricht.<\/p>\n<p>Anwendung<br \/>\nEs wird als Verarbeitungshilfsmittel bei der Extraktion von wertvollen Bestandteilen aus einer Vielzahl von Gem\u00fcsesubstraten eingesetzt. Erh\u00f6ht aufgrund seiner Mehrkomponentennatur den Extraktionsertrag von n\u00fctzlichen Produkten pflanzlichen Ursprungs wie der Extraktion von Oliven\u00f6l.<\/p>\n<p>Dosierung<br \/>\nF\u00fcr Erstversuche in der Extraktion wird eine Dosierung von 1% w \/ w (bezogen auf Rohmaterialtrockenmasse) der L\u00f6sung empfohlen. Diese Dosierung kann reduziert werden, wenn der Prozess optimiert wird.<br \/>\nVerpackung: 1 l, 5 l oder 25 l<\/p>\n<p>Technische Information<br \/>\nCode: 82400<br \/>\nAussehen: fl\u00fcssig<br \/>\nFarbe: Hell bis br\u00e4unlich (Farbe beeinflusst Aktivit\u00e4t nicht)<br \/>\nGeruch: G\u00e4rung leichter Geruch<br \/>\nDichte: 1.1 g \/ ml<br \/>\nL\u00f6slichkeit: Volle Wasserl\u00f6slichkeit<br \/>\nCellulaseaktivit\u00e4t:&gt; 8000 U \/ g<br \/>\nOptimaler pH-Wert: 4,5 bis 6<br \/>\nEffektiver pH-Bereich: 4 bis 7<br \/>\nOptimale Temperatur: 40 bis 65 \u00b0 C<br \/>\nWirksamer Temperaturbereich: 25 bis 75 \u00b0 C<br \/>\nLagerung: In verschlossenen Flaschen und Beh\u00e4ltern, unter milden Umgebungsbedingungen<\/p>\n","protected":false},"excerpt":{"rendered":"<p>Fungal cellulase<\/p>\n","protected":false},"featured_media":15074,"template":"","meta":{"_crdt_document":""},"product_brand":[],"product_cat":[414],"product_tag":[],"class_list":{"0":"post-3652","1":"product","2":"type-product","3":"status-publish","4":"has-post-thumbnail","6":"product_cat-enzym","8":"first","9":"instock","10":"taxable","11":"shipping-taxable","12":"product-type-simple"},"yoast_head":"<!-- This site is optimized with the Yoast SEO plugin v27.3 - https:\/\/yoast.com\/product\/yoast-seo-wordpress\/ -->\n<title>Fungal cellulase Medusa Multiplier - Sysmatec<\/title>\n<meta name=\"description\" content=\"Durch Fermentation hergestellte Pilz-Cellulase f\u00fcr die Lebensmittelindustrie. Es ist eine gute Verarbeitungshilfe bei der Extraktion.\" \/>\n<meta name=\"robots\" content=\"index, follow, max-snippet:-1, max-image-preview:large, max-video-preview:-1\" \/>\n<link rel=\"canonical\" href=\"https:\/\/sysmatec.ch\/de\/produit\/fungal-cellulase-medusa-multiplier\/\" \/>\n<meta property=\"og:locale\" content=\"de_DE\" \/>\n<meta property=\"og:type\" content=\"article\" \/>\n<meta property=\"og:title\" content=\"Fungal cellulase Medusa Multiplier - Sysmatec\" \/>\n<meta property=\"og:description\" content=\"Durch Fermentation hergestellte Pilz-Cellulase f\u00fcr die Lebensmittelindustrie. Es ist eine gute Verarbeitungshilfe bei der Extraktion.\" \/>\n<meta property=\"og:url\" content=\"https:\/\/sysmatec.ch\/de\/produit\/fungal-cellulase-medusa-multiplier\/\" \/>\n<meta property=\"og:site_name\" content=\"Sysmatec\" \/>\n<meta property=\"article:modified_time\" content=\"2022-02-24T07:58:42+00:00\" \/>\n<meta property=\"og:image\" content=\"https:\/\/sysmatec.ch\/wp-content\/uploads\/2019\/02\/Enzyme_Medusa.jpg\" \/>\n\t<meta property=\"og:image:width\" content=\"140\" \/>\n\t<meta property=\"og:image:height\" content=\"97\" \/>\n\t<meta property=\"og:image:type\" content=\"image\/jpeg\" \/>\n<meta name=\"twitter:card\" content=\"summary_large_image\" \/>\n<meta name=\"twitter:label1\" content=\"Gesch\u00e4tzte Lesezeit\" \/>\n\t<meta name=\"twitter:data1\" content=\"1\u00a0Minute\" \/>\n<script type=\"application\/ld+json\" class=\"yoast-schema-graph\">{\"@context\":\"https:\\\/\\\/schema.org\",\"@graph\":[{\"@type\":\"WebPage\",\"@id\":\"https:\\\/\\\/sysmatec.ch\\\/de\\\/produit\\\/fungal-cellulase-medusa-multiplier\\\/\",\"url\":\"https:\\\/\\\/sysmatec.ch\\\/de\\\/produit\\\/fungal-cellulase-medusa-multiplier\\\/\",\"name\":\"Fungal cellulase Medusa Multiplier - Sysmatec\",\"isPartOf\":{\"@id\":\"https:\\\/\\\/sysmatec.ch\\\/de\\\/#website\"},\"primaryImageOfPage\":{\"@id\":\"https:\\\/\\\/sysmatec.ch\\\/de\\\/produit\\\/fungal-cellulase-medusa-multiplier\\\/#primaryimage\"},\"image\":{\"@id\":\"https:\\\/\\\/sysmatec.ch\\\/de\\\/produit\\\/fungal-cellulase-medusa-multiplier\\\/#primaryimage\"},\"thumbnailUrl\":\"https:\\\/\\\/sysmatec.ch\\\/wp-content\\\/uploads\\\/2019\\\/02\\\/Enzyme_Medusa.jpg\",\"datePublished\":\"2019-02-23T17:21:22+00:00\",\"dateModified\":\"2022-02-24T07:58:42+00:00\",\"description\":\"Durch Fermentation hergestellte Pilz-Cellulase f\u00fcr die Lebensmittelindustrie. Es ist eine gute Verarbeitungshilfe bei der Extraktion.\",\"breadcrumb\":{\"@id\":\"https:\\\/\\\/sysmatec.ch\\\/de\\\/produit\\\/fungal-cellulase-medusa-multiplier\\\/#breadcrumb\"},\"inLanguage\":\"de\",\"potentialAction\":[{\"@type\":\"ReadAction\",\"target\":[\"https:\\\/\\\/sysmatec.ch\\\/de\\\/produit\\\/fungal-cellulase-medusa-multiplier\\\/\"]}]},{\"@type\":\"ImageObject\",\"inLanguage\":\"de\",\"@id\":\"https:\\\/\\\/sysmatec.ch\\\/de\\\/produit\\\/fungal-cellulase-medusa-multiplier\\\/#primaryimage\",\"url\":\"https:\\\/\\\/sysmatec.ch\\\/wp-content\\\/uploads\\\/2019\\\/02\\\/Enzyme_Medusa.jpg\",\"contentUrl\":\"https:\\\/\\\/sysmatec.ch\\\/wp-content\\\/uploads\\\/2019\\\/02\\\/Enzyme_Medusa.jpg\",\"width\":140,\"height\":97},{\"@type\":\"BreadcrumbList\",\"@id\":\"https:\\\/\\\/sysmatec.ch\\\/de\\\/produit\\\/fungal-cellulase-medusa-multiplier\\\/#breadcrumb\",\"itemListElement\":[{\"@type\":\"ListItem\",\"position\":1,\"name\":\"Accueil\",\"item\":\"https:\\\/\\\/sysmatec.ch\\\/de\\\/\"},{\"@type\":\"ListItem\",\"position\":2,\"name\":\"Die Aktivit\u00e4t von Sysmatec\",\"item\":\"https:\\\/\\\/sysmatec.ch\\\/de\\\/\"},{\"@type\":\"ListItem\",\"position\":3,\"name\":\"Fungal cellulase Medusa Multiplier\"}]},{\"@type\":\"WebSite\",\"@id\":\"https:\\\/\\\/sysmatec.ch\\\/de\\\/#website\",\"url\":\"https:\\\/\\\/sysmatec.ch\\\/de\\\/\",\"name\":\"Sysmatec\",\"description\":\"Equipement de laboratoire et logiciels\",\"publisher\":{\"@id\":\"https:\\\/\\\/sysmatec.ch\\\/de\\\/#organization\"},\"potentialAction\":[{\"@type\":\"SearchAction\",\"target\":{\"@type\":\"EntryPoint\",\"urlTemplate\":\"https:\\\/\\\/sysmatec.ch\\\/de\\\/?s={search_term_string}\"},\"query-input\":{\"@type\":\"PropertyValueSpecification\",\"valueRequired\":true,\"valueName\":\"search_term_string\"}}],\"inLanguage\":\"de\"},{\"@type\":\"Organization\",\"@id\":\"https:\\\/\\\/sysmatec.ch\\\/de\\\/#organization\",\"name\":\"Sysmatec\",\"url\":\"https:\\\/\\\/sysmatec.ch\\\/de\\\/\",\"logo\":{\"@type\":\"ImageObject\",\"inLanguage\":\"de\",\"@id\":\"https:\\\/\\\/sysmatec.ch\\\/de\\\/#\\\/schema\\\/logo\\\/image\\\/\",\"url\":\"https:\\\/\\\/sysmatec.ch\\\/wp-content\\\/uploads\\\/2018\\\/11\\\/LogoSysmatec.jpg\",\"contentUrl\":\"https:\\\/\\\/sysmatec.ch\\\/wp-content\\\/uploads\\\/2018\\\/11\\\/LogoSysmatec.jpg\",\"width\":301,\"height\":297,\"caption\":\"Sysmatec\"},\"image\":{\"@id\":\"https:\\\/\\\/sysmatec.ch\\\/de\\\/#\\\/schema\\\/logo\\\/image\\\/\"}}]}<\/script>\n<!-- \/ Yoast SEO plugin. -->","yoast_head_json":{"title":"Fungal cellulase Medusa Multiplier - Sysmatec","description":"Durch Fermentation hergestellte Pilz-Cellulase f\u00fcr die Lebensmittelindustrie. Es ist eine gute Verarbeitungshilfe bei der Extraktion.","robots":{"index":"index","follow":"follow","max-snippet":"max-snippet:-1","max-image-preview":"max-image-preview:large","max-video-preview":"max-video-preview:-1"},"canonical":"https:\/\/sysmatec.ch\/de\/produit\/fungal-cellulase-medusa-multiplier\/","og_locale":"de_DE","og_type":"article","og_title":"Fungal cellulase Medusa Multiplier - Sysmatec","og_description":"Durch Fermentation hergestellte Pilz-Cellulase f\u00fcr die Lebensmittelindustrie. Es ist eine gute Verarbeitungshilfe bei der Extraktion.","og_url":"https:\/\/sysmatec.ch\/de\/produit\/fungal-cellulase-medusa-multiplier\/","og_site_name":"Sysmatec","article_modified_time":"2022-02-24T07:58:42+00:00","og_image":[{"width":140,"height":97,"url":"https:\/\/sysmatec.ch\/wp-content\/uploads\/2019\/02\/Enzyme_Medusa.jpg","type":"image\/jpeg"}],"twitter_card":"summary_large_image","twitter_misc":{"Gesch\u00e4tzte Lesezeit":"1\u00a0Minute"},"schema":{"@context":"https:\/\/schema.org","@graph":[{"@type":"WebPage","@id":"https:\/\/sysmatec.ch\/de\/produit\/fungal-cellulase-medusa-multiplier\/","url":"https:\/\/sysmatec.ch\/de\/produit\/fungal-cellulase-medusa-multiplier\/","name":"Fungal cellulase Medusa Multiplier - Sysmatec","isPartOf":{"@id":"https:\/\/sysmatec.ch\/de\/#website"},"primaryImageOfPage":{"@id":"https:\/\/sysmatec.ch\/de\/produit\/fungal-cellulase-medusa-multiplier\/#primaryimage"},"image":{"@id":"https:\/\/sysmatec.ch\/de\/produit\/fungal-cellulase-medusa-multiplier\/#primaryimage"},"thumbnailUrl":"https:\/\/sysmatec.ch\/wp-content\/uploads\/2019\/02\/Enzyme_Medusa.jpg","datePublished":"2019-02-23T17:21:22+00:00","dateModified":"2022-02-24T07:58:42+00:00","description":"Durch Fermentation hergestellte Pilz-Cellulase f\u00fcr die Lebensmittelindustrie. Es ist eine gute Verarbeitungshilfe bei der Extraktion.","breadcrumb":{"@id":"https:\/\/sysmatec.ch\/de\/produit\/fungal-cellulase-medusa-multiplier\/#breadcrumb"},"inLanguage":"de","potentialAction":[{"@type":"ReadAction","target":["https:\/\/sysmatec.ch\/de\/produit\/fungal-cellulase-medusa-multiplier\/"]}]},{"@type":"ImageObject","inLanguage":"de","@id":"https:\/\/sysmatec.ch\/de\/produit\/fungal-cellulase-medusa-multiplier\/#primaryimage","url":"https:\/\/sysmatec.ch\/wp-content\/uploads\/2019\/02\/Enzyme_Medusa.jpg","contentUrl":"https:\/\/sysmatec.ch\/wp-content\/uploads\/2019\/02\/Enzyme_Medusa.jpg","width":140,"height":97},{"@type":"BreadcrumbList","@id":"https:\/\/sysmatec.ch\/de\/produit\/fungal-cellulase-medusa-multiplier\/#breadcrumb","itemListElement":[{"@type":"ListItem","position":1,"name":"Accueil","item":"https:\/\/sysmatec.ch\/de\/"},{"@type":"ListItem","position":2,"name":"Die Aktivit\u00e4t von Sysmatec","item":"https:\/\/sysmatec.ch\/de\/"},{"@type":"ListItem","position":3,"name":"Fungal cellulase Medusa Multiplier"}]},{"@type":"WebSite","@id":"https:\/\/sysmatec.ch\/de\/#website","url":"https:\/\/sysmatec.ch\/de\/","name":"Sysmatec","description":"Equipement de laboratoire et logiciels","publisher":{"@id":"https:\/\/sysmatec.ch\/de\/#organization"},"potentialAction":[{"@type":"SearchAction","target":{"@type":"EntryPoint","urlTemplate":"https:\/\/sysmatec.ch\/de\/?s={search_term_string}"},"query-input":{"@type":"PropertyValueSpecification","valueRequired":true,"valueName":"search_term_string"}}],"inLanguage":"de"},{"@type":"Organization","@id":"https:\/\/sysmatec.ch\/de\/#organization","name":"Sysmatec","url":"https:\/\/sysmatec.ch\/de\/","logo":{"@type":"ImageObject","inLanguage":"de","@id":"https:\/\/sysmatec.ch\/de\/#\/schema\/logo\/image\/","url":"https:\/\/sysmatec.ch\/wp-content\/uploads\/2018\/11\/LogoSysmatec.jpg","contentUrl":"https:\/\/sysmatec.ch\/wp-content\/uploads\/2018\/11\/LogoSysmatec.jpg","width":301,"height":297,"caption":"Sysmatec"},"image":{"@id":"https:\/\/sysmatec.ch\/de\/#\/schema\/logo\/image\/"}}]}},"_links":{"self":[{"href":"https:\/\/sysmatec.ch\/de\/wp-json\/wp\/v2\/product\/3652","targetHints":{"allow":["GET"]}}],"collection":[{"href":"https:\/\/sysmatec.ch\/de\/wp-json\/wp\/v2\/product"}],"about":[{"href":"https:\/\/sysmatec.ch\/de\/wp-json\/wp\/v2\/types\/product"}],"wp:featuredmedia":[{"embeddable":true,"href":"https:\/\/sysmatec.ch\/de\/wp-json\/wp\/v2\/media\/15074"}],"wp:attachment":[{"href":"https:\/\/sysmatec.ch\/de\/wp-json\/wp\/v2\/media?parent=3652"}],"wp:term":[{"taxonomy":"product_brand","embeddable":true,"href":"https:\/\/sysmatec.ch\/de\/wp-json\/wp\/v2\/product_brand?post=3652"},{"taxonomy":"product_cat","embeddable":true,"href":"https:\/\/sysmatec.ch\/de\/wp-json\/wp\/v2\/product_cat?post=3652"},{"taxonomy":"product_tag","embeddable":true,"href":"https:\/\/sysmatec.ch\/de\/wp-json\/wp\/v2\/product_tag?post=3652"}],"curies":[{"name":"wp","href":"https:\/\/api.w.org\/{rel}","templated":true}]}}