{"id":3645,"date":"2019-02-22T21:11:56","date_gmt":"2019-02-22T20:11:56","guid":{"rendered":"https:\/\/sysmatec.ch\/produit\/enregistreur-de-temperature-jetable-el-pdf\/"},"modified":"2022-02-24T09:01:29","modified_gmt":"2022-02-24T08:01:29","slug":"einweg-temperatur-datenlogger-rc12-easylog","status":"publish","type":"product","link":"https:\/\/sysmatec.ch\/de\/Produkt\/einweg-temperatur-datenlogger-rc12-easylog\/","title":{"rendered":"Einweg-Temperatur-Datenlogger RC12 easylog"},"content":{"rendered":"<p>Der preiswerte EL-PDF Datenlogger wird in Packungen zu je 10 St\u00fcck geliefert und verf\u00fcgt \u00fcber vorkonfigurierte Alarme f\u00fcr den Einsatz in K\u00fchlr\u00e4umen. Dr\u00fccken Sie einfach die Start-Taste, um mit der Aufnahme zu beginnen. Die LEDs zeigen an, wenn die Temperatur die Alarmwerte \u00fcberschritten hat. Wenn eine Aufnahmesession vorbei ist, \u00f6ffnen Sie einfach die wasserdichte Kunststoffh\u00fclle und schlie\u00dfen Sie den USB-Stecker an den PC an. Der Datenlogger erstellt dann automatisch einen PDF-Bericht, den Sie auf Ihrem PC speichern k\u00f6nnen. Die Plug-and-Play-Funktion und das kompakte, leichte Design dieses Rekorders machen es ideal f\u00fcr den Einsatz in der Logistik. Diese Datenlogger k\u00f6nnen auf Windows und Apple (Mac) computer ben\u00fctzt werden.<\/p>\n<p>Eine kumulative Alarmfunktion ist auf Anfrage verf\u00fcgbar. Es wird ausgel\u00f6st, wenn die Temperatur f\u00fcr eine bestimmte Zeit in einem bestimmten Bereich liegt. In der kumulativen Alarmzone wird eine LED angezeigt (beide LEDs blinken), aber es wird solange kein Alarm ausgel\u00f6st, bis die angegebene Zeit \u00fcberschritten wurde.<\/p>\n<p>Die Rekorder k\u00f6nnen wiederverwendet werden, aber die Batterie kann nicht ersetzt werden.<\/p>\n<ul>\n<li type=\"disc\">Messbereich: -30 bis + 60 \u00b0 C<\/li>\n<li type=\"disc\">Genauigkeit (globaler Fehler): maximal \u00b1 0.5 \u00b0 C<\/li>\n<li type=\"disc\">Anzahl der Daten: 32.600<\/li>\n<li type=\"disc\">Batterielebensdauer: 12 Monate (Minimum)<\/li>\n<li type=\"disc\">IP-Schutzart: IP67 (im Original-Plastikschutz oder EL-CC-BAG<\/li>\n<\/ul>\n<table border=\"1\" width=\"404\" cellspacing=\"2\" cellpadding=\"0\">\n<tbody>\n<tr>\n<td>Modell<\/td>\n<td>Alarme<\/td>\n<\/tr>\n<tr>\n<td>EL-PDF-1-001 PK10<\/td>\n<td>2\u00baC \/ 8\u00b0C<\/td>\n<\/tr>\n<tr>\n<td>EL-PDF-1-002 PK10<\/td>\n<td>-20\u00baC \/ -16\u00b0C<\/td>\n<\/tr>\n<tr>\n<td>EL-PDF-1-003 PK10<\/td>\n<td>12\u00baC \/ 14\u00b0C<\/td>\n<\/tr>\n<tr>\n<td>EL-PDF-1-004 PK10<\/td>\n<td>8\u00baC \/ 25\u00b0C<\/td>\n<\/tr>\n<\/tbody>\n<\/table>\n","protected":false},"excerpt":{"rendered":"<p>Einweg-Temperatur-Datenlogger<\/p>\n","protected":false},"featured_media":3643,"template":"","meta":{"_crdt_document":""},"product_brand":[],"product_cat":[172,173],"product_tag":[],"class_list":{"0":"post-3645","1":"product","2":"type-product","3":"status-publish","4":"has-post-thumbnail","6":"product_cat-einweg-logger","7":"product_cat-temperatur","9":"first","10":"instock","11":"taxable","12":"shipping-taxable","13":"product-type-simple"},"yoast_head":"<!-- This site is optimized with the Yoast SEO plugin v27.4 - https:\/\/yoast.com\/product\/yoast-seo-wordpress\/ -->\n<title>Einweg-Temperatur-Datenlogger RC12 easylog - Sysmatec<\/title>\n<meta name=\"description\" content=\"Einweg-Temperaturdatenlogger mit USB-Anschluss. Es bearbeitet einen PDF-Bericht mit Software. Temperaturbereich von -30\u00b0C bis +60\u00b0C.\" \/>\n<meta name=\"robots\" content=\"index, follow, max-snippet:-1, max-image-preview:large, max-video-preview:-1\" \/>\n<link rel=\"canonical\" href=\"https:\/\/sysmatec.ch\/de\/produit\/einweg-temperatur-datenlogger-rc12-easylog\/\" \/>\n<meta property=\"og:locale\" content=\"de_DE\" \/>\n<meta property=\"og:type\" content=\"article\" \/>\n<meta property=\"og:title\" content=\"Einweg-Temperatur-Datenlogger RC12 easylog - Sysmatec\" \/>\n<meta property=\"og:description\" content=\"Einweg-Temperaturdatenlogger mit USB-Anschluss. Es bearbeitet einen PDF-Bericht mit Software. Temperaturbereich von -30\u00b0C bis +60\u00b0C.\" \/>\n<meta property=\"og:url\" content=\"https:\/\/sysmatec.ch\/de\/produit\/einweg-temperatur-datenlogger-rc12-easylog\/\" \/>\n<meta property=\"og:site_name\" content=\"Sysmatec\" \/>\n<meta property=\"article:modified_time\" content=\"2022-02-24T08:01:29+00:00\" \/>\n<meta property=\"og:image\" content=\"https:\/\/sysmatec.ch\/wp-content\/uploads\/2019\/02\/Enregistreur_LascarELPDF.jpg\" \/>\n\t<meta property=\"og:image:width\" content=\"183\" \/>\n\t<meta property=\"og:image:height\" content=\"127\" \/>\n\t<meta property=\"og:image:type\" content=\"image\/jpeg\" \/>\n<meta name=\"twitter:card\" content=\"summary_large_image\" \/>\n<meta name=\"twitter:label1\" content=\"Gesch\u00e4tzte Lesezeit\" \/>\n\t<meta name=\"twitter:data1\" content=\"1\u00a0Minute\" \/>\n<script type=\"application\/ld+json\" class=\"yoast-schema-graph\">{\"@context\":\"https:\\\/\\\/schema.org\",\"@graph\":[{\"@type\":\"WebPage\",\"@id\":\"https:\\\/\\\/sysmatec.ch\\\/de\\\/produit\\\/einweg-temperatur-datenlogger-rc12-easylog\\\/\",\"url\":\"https:\\\/\\\/sysmatec.ch\\\/de\\\/produit\\\/einweg-temperatur-datenlogger-rc12-easylog\\\/\",\"name\":\"Einweg-Temperatur-Datenlogger RC12 easylog - Sysmatec\",\"isPartOf\":{\"@id\":\"https:\\\/\\\/sysmatec.ch\\\/de\\\/#website\"},\"primaryImageOfPage\":{\"@id\":\"https:\\\/\\\/sysmatec.ch\\\/de\\\/produit\\\/einweg-temperatur-datenlogger-rc12-easylog\\\/#primaryimage\"},\"image\":{\"@id\":\"https:\\\/\\\/sysmatec.ch\\\/de\\\/produit\\\/einweg-temperatur-datenlogger-rc12-easylog\\\/#primaryimage\"},\"thumbnailUrl\":\"https:\\\/\\\/sysmatec.ch\\\/wp-content\\\/uploads\\\/2019\\\/02\\\/Enregistreur_LascarELPDF.jpg\",\"datePublished\":\"2019-02-22T20:11:56+00:00\",\"dateModified\":\"2022-02-24T08:01:29+00:00\",\"description\":\"Einweg-Temperaturdatenlogger mit USB-Anschluss. Es bearbeitet einen PDF-Bericht mit Software. Temperaturbereich von -30\u00b0C bis +60\u00b0C.\",\"breadcrumb\":{\"@id\":\"https:\\\/\\\/sysmatec.ch\\\/de\\\/produit\\\/einweg-temperatur-datenlogger-rc12-easylog\\\/#breadcrumb\"},\"inLanguage\":\"de\",\"potentialAction\":[{\"@type\":\"ReadAction\",\"target\":[\"https:\\\/\\\/sysmatec.ch\\\/de\\\/produit\\\/einweg-temperatur-datenlogger-rc12-easylog\\\/\"]}]},{\"@type\":\"ImageObject\",\"inLanguage\":\"de\",\"@id\":\"https:\\\/\\\/sysmatec.ch\\\/de\\\/produit\\\/einweg-temperatur-datenlogger-rc12-easylog\\\/#primaryimage\",\"url\":\"https:\\\/\\\/sysmatec.ch\\\/wp-content\\\/uploads\\\/2019\\\/02\\\/Enregistreur_LascarELPDF.jpg\",\"contentUrl\":\"https:\\\/\\\/sysmatec.ch\\\/wp-content\\\/uploads\\\/2019\\\/02\\\/Enregistreur_LascarELPDF.jpg\",\"width\":183,\"height\":127},{\"@type\":\"BreadcrumbList\",\"@id\":\"https:\\\/\\\/sysmatec.ch\\\/de\\\/produit\\\/einweg-temperatur-datenlogger-rc12-easylog\\\/#breadcrumb\",\"itemListElement\":[{\"@type\":\"ListItem\",\"position\":1,\"name\":\"Accueil\",\"item\":\"https:\\\/\\\/sysmatec.ch\\\/de\\\/\"},{\"@type\":\"ListItem\",\"position\":2,\"name\":\"Die Aktivit\u00e4t von Sysmatec\",\"item\":\"https:\\\/\\\/sysmatec.ch\\\/de\\\/\"},{\"@type\":\"ListItem\",\"position\":3,\"name\":\"Einweg-Temperatur-Datenlogger RC12 easylog\"}]},{\"@type\":\"WebSite\",\"@id\":\"https:\\\/\\\/sysmatec.ch\\\/de\\\/#website\",\"url\":\"https:\\\/\\\/sysmatec.ch\\\/de\\\/\",\"name\":\"Sysmatec\",\"description\":\"Equipement de laboratoire et logiciels\",\"publisher\":{\"@id\":\"https:\\\/\\\/sysmatec.ch\\\/de\\\/#organization\"},\"potentialAction\":[{\"@type\":\"SearchAction\",\"target\":{\"@type\":\"EntryPoint\",\"urlTemplate\":\"https:\\\/\\\/sysmatec.ch\\\/de\\\/?s={search_term_string}\"},\"query-input\":{\"@type\":\"PropertyValueSpecification\",\"valueRequired\":true,\"valueName\":\"search_term_string\"}}],\"inLanguage\":\"de\"},{\"@type\":\"Organization\",\"@id\":\"https:\\\/\\\/sysmatec.ch\\\/de\\\/#organization\",\"name\":\"Sysmatec\",\"url\":\"https:\\\/\\\/sysmatec.ch\\\/de\\\/\",\"logo\":{\"@type\":\"ImageObject\",\"inLanguage\":\"de\",\"@id\":\"https:\\\/\\\/sysmatec.ch\\\/de\\\/#\\\/schema\\\/logo\\\/image\\\/\",\"url\":\"https:\\\/\\\/sysmatec.ch\\\/wp-content\\\/uploads\\\/2018\\\/11\\\/LogoSysmatec.jpg\",\"contentUrl\":\"https:\\\/\\\/sysmatec.ch\\\/wp-content\\\/uploads\\\/2018\\\/11\\\/LogoSysmatec.jpg\",\"width\":301,\"height\":297,\"caption\":\"Sysmatec\"},\"image\":{\"@id\":\"https:\\\/\\\/sysmatec.ch\\\/de\\\/#\\\/schema\\\/logo\\\/image\\\/\"}}]}<\/script>\n<!-- \/ Yoast SEO plugin. -->","yoast_head_json":{"title":"Einweg-Temperatur-Datenlogger RC12 easylog - Sysmatec","description":"Einweg-Temperaturdatenlogger mit USB-Anschluss. Es bearbeitet einen PDF-Bericht mit Software. Temperaturbereich von -30\u00b0C bis +60\u00b0C.","robots":{"index":"index","follow":"follow","max-snippet":"max-snippet:-1","max-image-preview":"max-image-preview:large","max-video-preview":"max-video-preview:-1"},"canonical":"https:\/\/sysmatec.ch\/de\/produit\/einweg-temperatur-datenlogger-rc12-easylog\/","og_locale":"de_DE","og_type":"article","og_title":"Einweg-Temperatur-Datenlogger RC12 easylog - Sysmatec","og_description":"Einweg-Temperaturdatenlogger mit USB-Anschluss. Es bearbeitet einen PDF-Bericht mit Software. Temperaturbereich von -30\u00b0C bis +60\u00b0C.","og_url":"https:\/\/sysmatec.ch\/de\/produit\/einweg-temperatur-datenlogger-rc12-easylog\/","og_site_name":"Sysmatec","article_modified_time":"2022-02-24T08:01:29+00:00","og_image":[{"width":183,"height":127,"url":"https:\/\/sysmatec.ch\/wp-content\/uploads\/2019\/02\/Enregistreur_LascarELPDF.jpg","type":"image\/jpeg"}],"twitter_card":"summary_large_image","twitter_misc":{"Gesch\u00e4tzte Lesezeit":"1\u00a0Minute"},"schema":{"@context":"https:\/\/schema.org","@graph":[{"@type":"WebPage","@id":"https:\/\/sysmatec.ch\/de\/produit\/einweg-temperatur-datenlogger-rc12-easylog\/","url":"https:\/\/sysmatec.ch\/de\/produit\/einweg-temperatur-datenlogger-rc12-easylog\/","name":"Einweg-Temperatur-Datenlogger RC12 easylog - Sysmatec","isPartOf":{"@id":"https:\/\/sysmatec.ch\/de\/#website"},"primaryImageOfPage":{"@id":"https:\/\/sysmatec.ch\/de\/produit\/einweg-temperatur-datenlogger-rc12-easylog\/#primaryimage"},"image":{"@id":"https:\/\/sysmatec.ch\/de\/produit\/einweg-temperatur-datenlogger-rc12-easylog\/#primaryimage"},"thumbnailUrl":"https:\/\/sysmatec.ch\/wp-content\/uploads\/2019\/02\/Enregistreur_LascarELPDF.jpg","datePublished":"2019-02-22T20:11:56+00:00","dateModified":"2022-02-24T08:01:29+00:00","description":"Einweg-Temperaturdatenlogger mit USB-Anschluss. Es bearbeitet einen PDF-Bericht mit Software. Temperaturbereich von -30\u00b0C bis +60\u00b0C.","breadcrumb":{"@id":"https:\/\/sysmatec.ch\/de\/produit\/einweg-temperatur-datenlogger-rc12-easylog\/#breadcrumb"},"inLanguage":"de","potentialAction":[{"@type":"ReadAction","target":["https:\/\/sysmatec.ch\/de\/produit\/einweg-temperatur-datenlogger-rc12-easylog\/"]}]},{"@type":"ImageObject","inLanguage":"de","@id":"https:\/\/sysmatec.ch\/de\/produit\/einweg-temperatur-datenlogger-rc12-easylog\/#primaryimage","url":"https:\/\/sysmatec.ch\/wp-content\/uploads\/2019\/02\/Enregistreur_LascarELPDF.jpg","contentUrl":"https:\/\/sysmatec.ch\/wp-content\/uploads\/2019\/02\/Enregistreur_LascarELPDF.jpg","width":183,"height":127},{"@type":"BreadcrumbList","@id":"https:\/\/sysmatec.ch\/de\/produit\/einweg-temperatur-datenlogger-rc12-easylog\/#breadcrumb","itemListElement":[{"@type":"ListItem","position":1,"name":"Accueil","item":"https:\/\/sysmatec.ch\/de\/"},{"@type":"ListItem","position":2,"name":"Die Aktivit\u00e4t von Sysmatec","item":"https:\/\/sysmatec.ch\/de\/"},{"@type":"ListItem","position":3,"name":"Einweg-Temperatur-Datenlogger RC12 easylog"}]},{"@type":"WebSite","@id":"https:\/\/sysmatec.ch\/de\/#website","url":"https:\/\/sysmatec.ch\/de\/","name":"Sysmatec","description":"Equipement de laboratoire et logiciels","publisher":{"@id":"https:\/\/sysmatec.ch\/de\/#organization"},"potentialAction":[{"@type":"SearchAction","target":{"@type":"EntryPoint","urlTemplate":"https:\/\/sysmatec.ch\/de\/?s={search_term_string}"},"query-input":{"@type":"PropertyValueSpecification","valueRequired":true,"valueName":"search_term_string"}}],"inLanguage":"de"},{"@type":"Organization","@id":"https:\/\/sysmatec.ch\/de\/#organization","name":"Sysmatec","url":"https:\/\/sysmatec.ch\/de\/","logo":{"@type":"ImageObject","inLanguage":"de","@id":"https:\/\/sysmatec.ch\/de\/#\/schema\/logo\/image\/","url":"https:\/\/sysmatec.ch\/wp-content\/uploads\/2018\/11\/LogoSysmatec.jpg","contentUrl":"https:\/\/sysmatec.ch\/wp-content\/uploads\/2018\/11\/LogoSysmatec.jpg","width":301,"height":297,"caption":"Sysmatec"},"image":{"@id":"https:\/\/sysmatec.ch\/de\/#\/schema\/logo\/image\/"}}]}},"_links":{"self":[{"href":"https:\/\/sysmatec.ch\/de\/wp-json\/wp\/v2\/product\/3645","targetHints":{"allow":["GET"]}}],"collection":[{"href":"https:\/\/sysmatec.ch\/de\/wp-json\/wp\/v2\/product"}],"about":[{"href":"https:\/\/sysmatec.ch\/de\/wp-json\/wp\/v2\/types\/product"}],"wp:featuredmedia":[{"embeddable":true,"href":"https:\/\/sysmatec.ch\/de\/wp-json\/wp\/v2\/media\/3643"}],"wp:attachment":[{"href":"https:\/\/sysmatec.ch\/de\/wp-json\/wp\/v2\/media?parent=3645"}],"wp:term":[{"taxonomy":"product_brand","embeddable":true,"href":"https:\/\/sysmatec.ch\/de\/wp-json\/wp\/v2\/product_brand?post=3645"},{"taxonomy":"product_cat","embeddable":true,"href":"https:\/\/sysmatec.ch\/de\/wp-json\/wp\/v2\/product_cat?post=3645"},{"taxonomy":"product_tag","embeddable":true,"href":"https:\/\/sysmatec.ch\/de\/wp-json\/wp\/v2\/product_tag?post=3645"}],"curies":[{"name":"wp","href":"https:\/\/api.w.org\/{rel}","templated":true}]}}