{"id":3639,"date":"2019-02-22T19:16:51","date_gmt":"2019-02-22T18:16:51","guid":{"rendered":"https:\/\/sysmatec.ch\/produit\/enregistreur-de-donnees-pour-tres-basses-temperatures-dsr-elt\/"},"modified":"2022-02-24T09:06:43","modified_gmt":"2022-02-24T08:06:43","slug":"datenlogger-fuer-extreme-niedrige-temperaturen-dsr-elt","status":"publish","type":"product","link":"https:\/\/sysmatec.ch\/de\/Produkt\/datenlogger-fuer-extreme-niedrige-temperaturen-dsr-elt\/","title":{"rendered":"Datenlogger f\u00fcr extreme niedrige Temperaturen DSR-ELT"},"content":{"rendered":"<p>Spezielle Sonde mit milit\u00e4rtechnischer Technologie unterst\u00fctzt die Messung von extremen niedrigen Temperaturen bis -196 \u00b0 C<\/p>\n<p>Datentransfer direkt \u00fcber USB-Schnittstelle, oder netzwerkf\u00e4hig mit RS485 Schnittstelle oder LAN<\/p>\n<p>Technische Daten<\/p>\n<ul>\n<li type=\"disc\">Temperaturmessbereich: -196 \u00b0 C bis 25 \u00b0 C<\/li>\n<li type=\"disc\">T Genauigkeit: \u00b1 1 \u00b0 C<\/li>\n<li type=\"disc\">T Aufl\u00f6sung: 0.1 \u00b0 C \/ 0,.2 \u00b0 C<\/li>\n<li type=\"disc\">Speichergr\u00f6\u00dfe: 10 918 Daten f\u00fcr die Version A, 21 840 Daten f\u00fcr die Version B, 180 000 Daten f\u00fcr die Version C, 360 000 Daten f\u00fcr die Version D<\/li>\n<li type=\"disc\">Alarm: High-Pegel und Low-Pegel, Anzeige + Signalton + Hintergrundbeleuchtung<\/li>\n<li type=\"disc\">Abtastintervall: 2 s, 5 s, 10 s, 30 s, 60 s, 255 s<\/li>\n<li type=\"disc\">Protokollierungsintervall: 2 Sekunden bis 24 Stunden<\/li>\n<li type=\"disc\">Start mit Verz\u00f6gerungszeit: 1 bis 120 s<\/li>\n<li type=\"disc\">Start Mode: Start sofort \/ Start mit Verz\u00f6gerung \/ Start mit Datum + Zeit<\/li>\n<li type=\"disc\">Endmodus: Speicher voll \/ Ueberschreibung \/ Voreinstellte Anzahle Werte \/ Zeit + Datum<\/li>\n<li type=\"disc\">Start \/ Ende: Zuf\u00e4lliger Start \/ Ende oder mit Format YYMMDD HHMMSS<\/li>\n<li type=\"disc\">Lagertemperatur: -50 \u00b0 C bis 90 \u00b0 C<\/li>\n<li type=\"disc\">ESD Schutz: \u00b1 25KV<\/li>\n<li type=\"disc\">Schnittstelle: RS232 \/ RS485 f\u00fcr Version R, USB f\u00fcr Version U, LAN f\u00fcr Version L, Kabellos f\u00fcr Version W, B, Z, F, G<\/li>\n<li type=\"disc\">Batterie: 1 x 3.6V Lithium-Batterie, CR2032<\/li>\n<li type=\"disc\">Batterielebensdauer: Typisch 1 Jahr (mit einer Abtastrate von 10 Sekunden), 5 Jahre, wenn nicht verwendet<\/li>\n<li type=\"disc\">Taktgenauigkeit: &lt;12 mins \/ Jahr<\/li>\n<li type=\"disc\">Externe Spannung: 5 bis 24V DC<\/li>\n<li type=\"disc\">Software: ANALYSE<\/li>\n<li type=\"disc\">IP-Schutzklasse IP54<\/li>\n<li type=\"disc\">Sensorabmessungen: Durchmesser 7mm x L\u00e4nge 51mm, Draht 3 m<\/li>\n<li type=\"disc\">Abmessungen: 123 \u00d7 117.3 \u00d7 33,4 mm<\/li>\n<li type=\"disc\">Anzeigefl\u00e4che 66 \u00d7 42 mm<\/li>\n<li type=\"disc\">Geh\u00e4use ABS + PC, flammwidrig, giftig und halogenfrei<\/li>\n<li type=\"disc\">Gewicht 293g<\/li>\n<\/ul>\n","protected":false},"excerpt":{"rendered":"<p>Datenlogger f\u00fcr extreme niedrige Temperaturen<\/p>\n","protected":false},"featured_media":3637,"template":"","meta":{"_crdt_document":""},"product_brand":[],"product_cat":[168,173],"product_tag":[],"class_list":{"0":"post-3639","1":"product","2":"type-product","3":"status-publish","4":"has-post-thumbnail","6":"product_cat-datenlogger","7":"product_cat-temperatur","9":"first","10":"instock","11":"taxable","12":"shipping-taxable","13":"product-type-simple"},"yoast_head":"<!-- This site is optimized with the Yoast SEO plugin v27.4 - https:\/\/yoast.com\/product\/yoast-seo-wordpress\/ -->\n<title>Datenlogger f\u00fcr extreme niedrige Temperaturen DSR-ELT - Sysmatec<\/title>\n<meta name=\"description\" content=\"Temperatur Datenlogger f\u00fcr sehr niedrige Temperaturen mit externem F\u00fchler. Temperaturbereich von -196 \u00b0C bis 25 \u00b0C.\" \/>\n<meta name=\"robots\" content=\"index, follow, max-snippet:-1, max-image-preview:large, max-video-preview:-1\" \/>\n<link rel=\"canonical\" href=\"https:\/\/sysmatec.ch\/de\/produit\/datenlogger-fuer-extreme-niedrige-temperaturen-dsr-elt\/\" \/>\n<meta property=\"og:locale\" content=\"de_DE\" \/>\n<meta property=\"og:type\" content=\"article\" \/>\n<meta property=\"og:title\" content=\"Datenlogger f\u00fcr extreme niedrige Temperaturen DSR-ELT - Sysmatec\" \/>\n<meta property=\"og:description\" content=\"Temperatur Datenlogger f\u00fcr sehr niedrige Temperaturen mit externem F\u00fchler. Temperaturbereich von -196 \u00b0C bis 25 \u00b0C.\" \/>\n<meta property=\"og:url\" content=\"https:\/\/sysmatec.ch\/de\/produit\/datenlogger-fuer-extreme-niedrige-temperaturen-dsr-elt\/\" \/>\n<meta property=\"og:site_name\" content=\"Sysmatec\" \/>\n<meta property=\"article:modified_time\" content=\"2022-02-24T08:06:43+00:00\" \/>\n<meta property=\"og:image\" content=\"https:\/\/sysmatec.ch\/wp-content\/uploads\/2019\/02\/Enregistreur_ZoglabDSR.jpg\" \/>\n\t<meta property=\"og:image:width\" content=\"182\" \/>\n\t<meta property=\"og:image:height\" content=\"222\" \/>\n\t<meta property=\"og:image:type\" content=\"image\/jpeg\" \/>\n<meta name=\"twitter:card\" content=\"summary_large_image\" \/>\n<meta name=\"twitter:label1\" content=\"Gesch\u00e4tzte Lesezeit\" \/>\n\t<meta name=\"twitter:data1\" content=\"1\u00a0Minute\" \/>\n<script type=\"application\/ld+json\" class=\"yoast-schema-graph\">{\"@context\":\"https:\\\/\\\/schema.org\",\"@graph\":[{\"@type\":\"WebPage\",\"@id\":\"https:\\\/\\\/sysmatec.ch\\\/de\\\/produit\\\/datenlogger-fuer-extreme-niedrige-temperaturen-dsr-elt\\\/\",\"url\":\"https:\\\/\\\/sysmatec.ch\\\/de\\\/produit\\\/datenlogger-fuer-extreme-niedrige-temperaturen-dsr-elt\\\/\",\"name\":\"Datenlogger f\u00fcr extreme niedrige Temperaturen DSR-ELT - Sysmatec\",\"isPartOf\":{\"@id\":\"https:\\\/\\\/sysmatec.ch\\\/de\\\/#website\"},\"primaryImageOfPage\":{\"@id\":\"https:\\\/\\\/sysmatec.ch\\\/de\\\/produit\\\/datenlogger-fuer-extreme-niedrige-temperaturen-dsr-elt\\\/#primaryimage\"},\"image\":{\"@id\":\"https:\\\/\\\/sysmatec.ch\\\/de\\\/produit\\\/datenlogger-fuer-extreme-niedrige-temperaturen-dsr-elt\\\/#primaryimage\"},\"thumbnailUrl\":\"https:\\\/\\\/sysmatec.ch\\\/wp-content\\\/uploads\\\/2019\\\/02\\\/Enregistreur_ZoglabDSR.jpg\",\"datePublished\":\"2019-02-22T18:16:51+00:00\",\"dateModified\":\"2022-02-24T08:06:43+00:00\",\"description\":\"Temperatur Datenlogger f\u00fcr sehr niedrige Temperaturen mit externem F\u00fchler. Temperaturbereich von -196 \u00b0C bis 25 \u00b0C.\",\"breadcrumb\":{\"@id\":\"https:\\\/\\\/sysmatec.ch\\\/de\\\/produit\\\/datenlogger-fuer-extreme-niedrige-temperaturen-dsr-elt\\\/#breadcrumb\"},\"inLanguage\":\"de\",\"potentialAction\":[{\"@type\":\"ReadAction\",\"target\":[\"https:\\\/\\\/sysmatec.ch\\\/de\\\/produit\\\/datenlogger-fuer-extreme-niedrige-temperaturen-dsr-elt\\\/\"]}]},{\"@type\":\"ImageObject\",\"inLanguage\":\"de\",\"@id\":\"https:\\\/\\\/sysmatec.ch\\\/de\\\/produit\\\/datenlogger-fuer-extreme-niedrige-temperaturen-dsr-elt\\\/#primaryimage\",\"url\":\"https:\\\/\\\/sysmatec.ch\\\/wp-content\\\/uploads\\\/2019\\\/02\\\/Enregistreur_ZoglabDSR.jpg\",\"contentUrl\":\"https:\\\/\\\/sysmatec.ch\\\/wp-content\\\/uploads\\\/2019\\\/02\\\/Enregistreur_ZoglabDSR.jpg\",\"width\":182,\"height\":222},{\"@type\":\"BreadcrumbList\",\"@id\":\"https:\\\/\\\/sysmatec.ch\\\/de\\\/produit\\\/datenlogger-fuer-extreme-niedrige-temperaturen-dsr-elt\\\/#breadcrumb\",\"itemListElement\":[{\"@type\":\"ListItem\",\"position\":1,\"name\":\"Accueil\",\"item\":\"https:\\\/\\\/sysmatec.ch\\\/de\\\/\"},{\"@type\":\"ListItem\",\"position\":2,\"name\":\"Die Aktivit\u00e4t von Sysmatec\",\"item\":\"https:\\\/\\\/sysmatec.ch\\\/de\\\/\"},{\"@type\":\"ListItem\",\"position\":3,\"name\":\"Datenlogger f\u00fcr extreme niedrige Temperaturen DSR-ELT\"}]},{\"@type\":\"WebSite\",\"@id\":\"https:\\\/\\\/sysmatec.ch\\\/de\\\/#website\",\"url\":\"https:\\\/\\\/sysmatec.ch\\\/de\\\/\",\"name\":\"Sysmatec\",\"description\":\"Equipement de laboratoire et logiciels\",\"publisher\":{\"@id\":\"https:\\\/\\\/sysmatec.ch\\\/de\\\/#organization\"},\"potentialAction\":[{\"@type\":\"SearchAction\",\"target\":{\"@type\":\"EntryPoint\",\"urlTemplate\":\"https:\\\/\\\/sysmatec.ch\\\/de\\\/?s={search_term_string}\"},\"query-input\":{\"@type\":\"PropertyValueSpecification\",\"valueRequired\":true,\"valueName\":\"search_term_string\"}}],\"inLanguage\":\"de\"},{\"@type\":\"Organization\",\"@id\":\"https:\\\/\\\/sysmatec.ch\\\/de\\\/#organization\",\"name\":\"Sysmatec\",\"url\":\"https:\\\/\\\/sysmatec.ch\\\/de\\\/\",\"logo\":{\"@type\":\"ImageObject\",\"inLanguage\":\"de\",\"@id\":\"https:\\\/\\\/sysmatec.ch\\\/de\\\/#\\\/schema\\\/logo\\\/image\\\/\",\"url\":\"https:\\\/\\\/sysmatec.ch\\\/wp-content\\\/uploads\\\/2018\\\/11\\\/LogoSysmatec.jpg\",\"contentUrl\":\"https:\\\/\\\/sysmatec.ch\\\/wp-content\\\/uploads\\\/2018\\\/11\\\/LogoSysmatec.jpg\",\"width\":301,\"height\":297,\"caption\":\"Sysmatec\"},\"image\":{\"@id\":\"https:\\\/\\\/sysmatec.ch\\\/de\\\/#\\\/schema\\\/logo\\\/image\\\/\"}}]}<\/script>\n<!-- \/ Yoast SEO plugin. -->","yoast_head_json":{"title":"Datenlogger f\u00fcr extreme niedrige Temperaturen DSR-ELT - Sysmatec","description":"Temperatur Datenlogger f\u00fcr sehr niedrige Temperaturen mit externem F\u00fchler. Temperaturbereich von -196 \u00b0C bis 25 \u00b0C.","robots":{"index":"index","follow":"follow","max-snippet":"max-snippet:-1","max-image-preview":"max-image-preview:large","max-video-preview":"max-video-preview:-1"},"canonical":"https:\/\/sysmatec.ch\/de\/produit\/datenlogger-fuer-extreme-niedrige-temperaturen-dsr-elt\/","og_locale":"de_DE","og_type":"article","og_title":"Datenlogger f\u00fcr extreme niedrige Temperaturen DSR-ELT - Sysmatec","og_description":"Temperatur Datenlogger f\u00fcr sehr niedrige Temperaturen mit externem F\u00fchler. Temperaturbereich von -196 \u00b0C bis 25 \u00b0C.","og_url":"https:\/\/sysmatec.ch\/de\/produit\/datenlogger-fuer-extreme-niedrige-temperaturen-dsr-elt\/","og_site_name":"Sysmatec","article_modified_time":"2022-02-24T08:06:43+00:00","og_image":[{"width":182,"height":222,"url":"https:\/\/sysmatec.ch\/wp-content\/uploads\/2019\/02\/Enregistreur_ZoglabDSR.jpg","type":"image\/jpeg"}],"twitter_card":"summary_large_image","twitter_misc":{"Gesch\u00e4tzte Lesezeit":"1\u00a0Minute"},"schema":{"@context":"https:\/\/schema.org","@graph":[{"@type":"WebPage","@id":"https:\/\/sysmatec.ch\/de\/produit\/datenlogger-fuer-extreme-niedrige-temperaturen-dsr-elt\/","url":"https:\/\/sysmatec.ch\/de\/produit\/datenlogger-fuer-extreme-niedrige-temperaturen-dsr-elt\/","name":"Datenlogger f\u00fcr extreme niedrige Temperaturen DSR-ELT - Sysmatec","isPartOf":{"@id":"https:\/\/sysmatec.ch\/de\/#website"},"primaryImageOfPage":{"@id":"https:\/\/sysmatec.ch\/de\/produit\/datenlogger-fuer-extreme-niedrige-temperaturen-dsr-elt\/#primaryimage"},"image":{"@id":"https:\/\/sysmatec.ch\/de\/produit\/datenlogger-fuer-extreme-niedrige-temperaturen-dsr-elt\/#primaryimage"},"thumbnailUrl":"https:\/\/sysmatec.ch\/wp-content\/uploads\/2019\/02\/Enregistreur_ZoglabDSR.jpg","datePublished":"2019-02-22T18:16:51+00:00","dateModified":"2022-02-24T08:06:43+00:00","description":"Temperatur Datenlogger f\u00fcr sehr niedrige Temperaturen mit externem F\u00fchler. Temperaturbereich von -196 \u00b0C bis 25 \u00b0C.","breadcrumb":{"@id":"https:\/\/sysmatec.ch\/de\/produit\/datenlogger-fuer-extreme-niedrige-temperaturen-dsr-elt\/#breadcrumb"},"inLanguage":"de","potentialAction":[{"@type":"ReadAction","target":["https:\/\/sysmatec.ch\/de\/produit\/datenlogger-fuer-extreme-niedrige-temperaturen-dsr-elt\/"]}]},{"@type":"ImageObject","inLanguage":"de","@id":"https:\/\/sysmatec.ch\/de\/produit\/datenlogger-fuer-extreme-niedrige-temperaturen-dsr-elt\/#primaryimage","url":"https:\/\/sysmatec.ch\/wp-content\/uploads\/2019\/02\/Enregistreur_ZoglabDSR.jpg","contentUrl":"https:\/\/sysmatec.ch\/wp-content\/uploads\/2019\/02\/Enregistreur_ZoglabDSR.jpg","width":182,"height":222},{"@type":"BreadcrumbList","@id":"https:\/\/sysmatec.ch\/de\/produit\/datenlogger-fuer-extreme-niedrige-temperaturen-dsr-elt\/#breadcrumb","itemListElement":[{"@type":"ListItem","position":1,"name":"Accueil","item":"https:\/\/sysmatec.ch\/de\/"},{"@type":"ListItem","position":2,"name":"Die Aktivit\u00e4t von Sysmatec","item":"https:\/\/sysmatec.ch\/de\/"},{"@type":"ListItem","position":3,"name":"Datenlogger f\u00fcr extreme niedrige Temperaturen DSR-ELT"}]},{"@type":"WebSite","@id":"https:\/\/sysmatec.ch\/de\/#website","url":"https:\/\/sysmatec.ch\/de\/","name":"Sysmatec","description":"Equipement de laboratoire et logiciels","publisher":{"@id":"https:\/\/sysmatec.ch\/de\/#organization"},"potentialAction":[{"@type":"SearchAction","target":{"@type":"EntryPoint","urlTemplate":"https:\/\/sysmatec.ch\/de\/?s={search_term_string}"},"query-input":{"@type":"PropertyValueSpecification","valueRequired":true,"valueName":"search_term_string"}}],"inLanguage":"de"},{"@type":"Organization","@id":"https:\/\/sysmatec.ch\/de\/#organization","name":"Sysmatec","url":"https:\/\/sysmatec.ch\/de\/","logo":{"@type":"ImageObject","inLanguage":"de","@id":"https:\/\/sysmatec.ch\/de\/#\/schema\/logo\/image\/","url":"https:\/\/sysmatec.ch\/wp-content\/uploads\/2018\/11\/LogoSysmatec.jpg","contentUrl":"https:\/\/sysmatec.ch\/wp-content\/uploads\/2018\/11\/LogoSysmatec.jpg","width":301,"height":297,"caption":"Sysmatec"},"image":{"@id":"https:\/\/sysmatec.ch\/de\/#\/schema\/logo\/image\/"}}]}},"_links":{"self":[{"href":"https:\/\/sysmatec.ch\/de\/wp-json\/wp\/v2\/product\/3639","targetHints":{"allow":["GET"]}}],"collection":[{"href":"https:\/\/sysmatec.ch\/de\/wp-json\/wp\/v2\/product"}],"about":[{"href":"https:\/\/sysmatec.ch\/de\/wp-json\/wp\/v2\/types\/product"}],"wp:featuredmedia":[{"embeddable":true,"href":"https:\/\/sysmatec.ch\/de\/wp-json\/wp\/v2\/media\/3637"}],"wp:attachment":[{"href":"https:\/\/sysmatec.ch\/de\/wp-json\/wp\/v2\/media?parent=3639"}],"wp:term":[{"taxonomy":"product_brand","embeddable":true,"href":"https:\/\/sysmatec.ch\/de\/wp-json\/wp\/v2\/product_brand?post=3639"},{"taxonomy":"product_cat","embeddable":true,"href":"https:\/\/sysmatec.ch\/de\/wp-json\/wp\/v2\/product_cat?post=3639"},{"taxonomy":"product_tag","embeddable":true,"href":"https:\/\/sysmatec.ch\/de\/wp-json\/wp\/v2\/product_tag?post=3639"}],"curies":[{"name":"wp","href":"https:\/\/api.w.org\/{rel}","templated":true}]}}