{"id":3631,"date":"2019-02-22T19:07:28","date_gmt":"2019-02-22T18:07:28","guid":{"rendered":"https:\/\/sysmatec.ch\/produit\/enregistreur-temperature-dwl10-a-faible-cout\/"},"modified":"2022-02-24T09:19:55","modified_gmt":"2022-02-24T08:19:55","slug":"guenstiger-temperatur-datenlogger-dwl10","status":"publish","type":"product","link":"https:\/\/sysmatec.ch\/de\/Produkt\/guenstiger-temperatur-datenlogger-dwl10\/","title":{"rendered":"G\u00fcnstiger Temperatur-Datenlogger DWL10"},"content":{"rendered":"<p>Dieser Datenlogger kann automatisch Temperaturmessungen speichern. Es verf\u00fcgt \u00fcber ein gro\u00dfes LCD-Display, das Werte und die Aufzeichnung in Echtzeit geben kann. Wenn die vom Benutzer festgelegten Grenzen \u00fcberschreitet werden, kann eine Ton- und Licht-Alarm ausgel\u00f6st werden. Die professionelle Software DGraph f\u00fcr Windows XP \/ 7\/8\/10 (32\/64 Bit) bietet zus\u00e4tzliche Datenanalysem\u00f6glichkeiten und das Exportieren in verschiedene Dateiformate (txt, xls, csv, bmp, jpg).<\/p>\n<ul>\n<li type=\"disc\">Temperaturbereich: -35 \u00b0 C bis 80 \u00b0 C (DWL10 und DWL11) oder -40 bis 125 \u00b0 C mit externem Sensor (DWL10E und DWL11E)<\/li>\n<li type=\"disc\">Temperaturgenauigkeit: \u00b1 0.3 \u00b0 C (DWL11, DWL11E) oder \u00b1 0.5 \u00b0 C (DWL10, DWL10E)<\/li>\n<li type=\"disc\">Temperaturaufl\u00f6sung 0.1 \u00b0 C<\/li>\n<li type=\"disc\">Anzahl der Lesungen 32.000 Datenelemente<\/li>\n<li type=\"disc\">Beginn: ab sofort, Knopf, Datum und Uhrzeit<\/li>\n<li type=\"disc\">Beispielrate 1 Sekunde bis 24 Stunden<\/li>\n<li type=\"disc\">Dimension 120 mm x 74 mm x 24 mm<\/li>\n<li type=\"disc\">Netto-Gewicht 130g<\/li>\n<li type=\"disc\">verwendet austauschbare AAA-Batterie oder USB-1.5-Schnittstelle an die Macht<\/li>\n<\/ul>\n","protected":false},"excerpt":{"rendered":"<p>G\u00fcnstiger Temperatur-Datenlogger<\/p>\n","protected":false},"featured_media":3629,"template":"","meta":{"_crdt_document":""},"product_brand":[],"product_cat":[168,173],"product_tag":[],"class_list":{"0":"post-3631","1":"product","2":"type-product","3":"status-publish","4":"has-post-thumbnail","6":"product_cat-datenlogger","7":"product_cat-temperatur","9":"first","10":"instock","11":"taxable","12":"shipping-taxable","13":"product-type-simple"},"yoast_head":"<!-- This site is optimized with the Yoast SEO plugin v27.3 - https:\/\/yoast.com\/product\/yoast-seo-wordpress\/ -->\n<title>G\u00fcnstiger Temperatur-Datenlogger DWL10 - Sysmatec<\/title>\n<meta name=\"description\" content=\"Temperaturschreiber mit gro\u00dfem Display und akustischem und optischem Alarm. Temperaturbereich von -35\u00b0C bis 80\u00b0C.\" \/>\n<meta name=\"robots\" content=\"index, follow, max-snippet:-1, max-image-preview:large, max-video-preview:-1\" \/>\n<link rel=\"canonical\" href=\"https:\/\/sysmatec.ch\/de\/produit\/guenstiger-temperatur-datenlogger-dwl10\/\" \/>\n<meta property=\"og:locale\" content=\"de_DE\" \/>\n<meta property=\"og:type\" content=\"article\" \/>\n<meta property=\"og:title\" content=\"G\u00fcnstiger Temperatur-Datenlogger DWL10 - Sysmatec\" \/>\n<meta property=\"og:description\" content=\"Temperaturschreiber mit gro\u00dfem Display und akustischem und optischem Alarm. Temperaturbereich von -35\u00b0C bis 80\u00b0C.\" \/>\n<meta property=\"og:url\" content=\"https:\/\/sysmatec.ch\/de\/produit\/guenstiger-temperatur-datenlogger-dwl10\/\" \/>\n<meta property=\"og:site_name\" content=\"Sysmatec\" \/>\n<meta property=\"article:modified_time\" content=\"2022-02-24T08:19:55+00:00\" \/>\n<meta property=\"og:image\" content=\"https:\/\/sysmatec.ch\/wp-content\/uploads\/2019\/02\/Enregistreur_WellzionDWL.jpg\" \/>\n\t<meta property=\"og:image:width\" content=\"185\" \/>\n\t<meta property=\"og:image:height\" content=\"306\" \/>\n\t<meta property=\"og:image:type\" content=\"image\/jpeg\" \/>\n<meta name=\"twitter:card\" content=\"summary_large_image\" \/>\n<meta name=\"twitter:label1\" content=\"Gesch\u00e4tzte Lesezeit\" \/>\n\t<meta name=\"twitter:data1\" content=\"1\u00a0Minute\" \/>\n<script type=\"application\/ld+json\" class=\"yoast-schema-graph\">{\"@context\":\"https:\\\/\\\/schema.org\",\"@graph\":[{\"@type\":\"WebPage\",\"@id\":\"https:\\\/\\\/sysmatec.ch\\\/de\\\/produit\\\/guenstiger-temperatur-datenlogger-dwl10\\\/\",\"url\":\"https:\\\/\\\/sysmatec.ch\\\/de\\\/produit\\\/guenstiger-temperatur-datenlogger-dwl10\\\/\",\"name\":\"G\u00fcnstiger Temperatur-Datenlogger DWL10 - Sysmatec\",\"isPartOf\":{\"@id\":\"https:\\\/\\\/sysmatec.ch\\\/de\\\/#website\"},\"primaryImageOfPage\":{\"@id\":\"https:\\\/\\\/sysmatec.ch\\\/de\\\/produit\\\/guenstiger-temperatur-datenlogger-dwl10\\\/#primaryimage\"},\"image\":{\"@id\":\"https:\\\/\\\/sysmatec.ch\\\/de\\\/produit\\\/guenstiger-temperatur-datenlogger-dwl10\\\/#primaryimage\"},\"thumbnailUrl\":\"https:\\\/\\\/sysmatec.ch\\\/wp-content\\\/uploads\\\/2019\\\/02\\\/Enregistreur_WellzionDWL.jpg\",\"datePublished\":\"2019-02-22T18:07:28+00:00\",\"dateModified\":\"2022-02-24T08:19:55+00:00\",\"description\":\"Temperaturschreiber mit gro\u00dfem Display und akustischem und optischem Alarm. Temperaturbereich von -35\u00b0C bis 80\u00b0C.\",\"breadcrumb\":{\"@id\":\"https:\\\/\\\/sysmatec.ch\\\/de\\\/produit\\\/guenstiger-temperatur-datenlogger-dwl10\\\/#breadcrumb\"},\"inLanguage\":\"de\",\"potentialAction\":[{\"@type\":\"ReadAction\",\"target\":[\"https:\\\/\\\/sysmatec.ch\\\/de\\\/produit\\\/guenstiger-temperatur-datenlogger-dwl10\\\/\"]}]},{\"@type\":\"ImageObject\",\"inLanguage\":\"de\",\"@id\":\"https:\\\/\\\/sysmatec.ch\\\/de\\\/produit\\\/guenstiger-temperatur-datenlogger-dwl10\\\/#primaryimage\",\"url\":\"https:\\\/\\\/sysmatec.ch\\\/wp-content\\\/uploads\\\/2019\\\/02\\\/Enregistreur_WellzionDWL.jpg\",\"contentUrl\":\"https:\\\/\\\/sysmatec.ch\\\/wp-content\\\/uploads\\\/2019\\\/02\\\/Enregistreur_WellzionDWL.jpg\",\"width\":185,\"height\":306},{\"@type\":\"BreadcrumbList\",\"@id\":\"https:\\\/\\\/sysmatec.ch\\\/de\\\/produit\\\/guenstiger-temperatur-datenlogger-dwl10\\\/#breadcrumb\",\"itemListElement\":[{\"@type\":\"ListItem\",\"position\":1,\"name\":\"Accueil\",\"item\":\"https:\\\/\\\/sysmatec.ch\\\/de\\\/\"},{\"@type\":\"ListItem\",\"position\":2,\"name\":\"Die Aktivit\u00e4t von Sysmatec\",\"item\":\"https:\\\/\\\/sysmatec.ch\\\/de\\\/\"},{\"@type\":\"ListItem\",\"position\":3,\"name\":\"G\u00fcnstiger Temperatur-Datenlogger DWL10\"}]},{\"@type\":\"WebSite\",\"@id\":\"https:\\\/\\\/sysmatec.ch\\\/de\\\/#website\",\"url\":\"https:\\\/\\\/sysmatec.ch\\\/de\\\/\",\"name\":\"Sysmatec\",\"description\":\"Equipement de laboratoire et logiciels\",\"publisher\":{\"@id\":\"https:\\\/\\\/sysmatec.ch\\\/de\\\/#organization\"},\"potentialAction\":[{\"@type\":\"SearchAction\",\"target\":{\"@type\":\"EntryPoint\",\"urlTemplate\":\"https:\\\/\\\/sysmatec.ch\\\/de\\\/?s={search_term_string}\"},\"query-input\":{\"@type\":\"PropertyValueSpecification\",\"valueRequired\":true,\"valueName\":\"search_term_string\"}}],\"inLanguage\":\"de\"},{\"@type\":\"Organization\",\"@id\":\"https:\\\/\\\/sysmatec.ch\\\/de\\\/#organization\",\"name\":\"Sysmatec\",\"url\":\"https:\\\/\\\/sysmatec.ch\\\/de\\\/\",\"logo\":{\"@type\":\"ImageObject\",\"inLanguage\":\"de\",\"@id\":\"https:\\\/\\\/sysmatec.ch\\\/de\\\/#\\\/schema\\\/logo\\\/image\\\/\",\"url\":\"https:\\\/\\\/sysmatec.ch\\\/wp-content\\\/uploads\\\/2018\\\/11\\\/LogoSysmatec.jpg\",\"contentUrl\":\"https:\\\/\\\/sysmatec.ch\\\/wp-content\\\/uploads\\\/2018\\\/11\\\/LogoSysmatec.jpg\",\"width\":301,\"height\":297,\"caption\":\"Sysmatec\"},\"image\":{\"@id\":\"https:\\\/\\\/sysmatec.ch\\\/de\\\/#\\\/schema\\\/logo\\\/image\\\/\"}}]}<\/script>\n<!-- \/ Yoast SEO plugin. -->","yoast_head_json":{"title":"G\u00fcnstiger Temperatur-Datenlogger DWL10 - Sysmatec","description":"Temperaturschreiber mit gro\u00dfem Display und akustischem und optischem Alarm. Temperaturbereich von -35\u00b0C bis 80\u00b0C.","robots":{"index":"index","follow":"follow","max-snippet":"max-snippet:-1","max-image-preview":"max-image-preview:large","max-video-preview":"max-video-preview:-1"},"canonical":"https:\/\/sysmatec.ch\/de\/produit\/guenstiger-temperatur-datenlogger-dwl10\/","og_locale":"de_DE","og_type":"article","og_title":"G\u00fcnstiger Temperatur-Datenlogger DWL10 - Sysmatec","og_description":"Temperaturschreiber mit gro\u00dfem Display und akustischem und optischem Alarm. Temperaturbereich von -35\u00b0C bis 80\u00b0C.","og_url":"https:\/\/sysmatec.ch\/de\/produit\/guenstiger-temperatur-datenlogger-dwl10\/","og_site_name":"Sysmatec","article_modified_time":"2022-02-24T08:19:55+00:00","og_image":[{"width":185,"height":306,"url":"https:\/\/sysmatec.ch\/wp-content\/uploads\/2019\/02\/Enregistreur_WellzionDWL.jpg","type":"image\/jpeg"}],"twitter_card":"summary_large_image","twitter_misc":{"Gesch\u00e4tzte Lesezeit":"1\u00a0Minute"},"schema":{"@context":"https:\/\/schema.org","@graph":[{"@type":"WebPage","@id":"https:\/\/sysmatec.ch\/de\/produit\/guenstiger-temperatur-datenlogger-dwl10\/","url":"https:\/\/sysmatec.ch\/de\/produit\/guenstiger-temperatur-datenlogger-dwl10\/","name":"G\u00fcnstiger Temperatur-Datenlogger DWL10 - Sysmatec","isPartOf":{"@id":"https:\/\/sysmatec.ch\/de\/#website"},"primaryImageOfPage":{"@id":"https:\/\/sysmatec.ch\/de\/produit\/guenstiger-temperatur-datenlogger-dwl10\/#primaryimage"},"image":{"@id":"https:\/\/sysmatec.ch\/de\/produit\/guenstiger-temperatur-datenlogger-dwl10\/#primaryimage"},"thumbnailUrl":"https:\/\/sysmatec.ch\/wp-content\/uploads\/2019\/02\/Enregistreur_WellzionDWL.jpg","datePublished":"2019-02-22T18:07:28+00:00","dateModified":"2022-02-24T08:19:55+00:00","description":"Temperaturschreiber mit gro\u00dfem Display und akustischem und optischem Alarm. Temperaturbereich von -35\u00b0C bis 80\u00b0C.","breadcrumb":{"@id":"https:\/\/sysmatec.ch\/de\/produit\/guenstiger-temperatur-datenlogger-dwl10\/#breadcrumb"},"inLanguage":"de","potentialAction":[{"@type":"ReadAction","target":["https:\/\/sysmatec.ch\/de\/produit\/guenstiger-temperatur-datenlogger-dwl10\/"]}]},{"@type":"ImageObject","inLanguage":"de","@id":"https:\/\/sysmatec.ch\/de\/produit\/guenstiger-temperatur-datenlogger-dwl10\/#primaryimage","url":"https:\/\/sysmatec.ch\/wp-content\/uploads\/2019\/02\/Enregistreur_WellzionDWL.jpg","contentUrl":"https:\/\/sysmatec.ch\/wp-content\/uploads\/2019\/02\/Enregistreur_WellzionDWL.jpg","width":185,"height":306},{"@type":"BreadcrumbList","@id":"https:\/\/sysmatec.ch\/de\/produit\/guenstiger-temperatur-datenlogger-dwl10\/#breadcrumb","itemListElement":[{"@type":"ListItem","position":1,"name":"Accueil","item":"https:\/\/sysmatec.ch\/de\/"},{"@type":"ListItem","position":2,"name":"Die Aktivit\u00e4t von Sysmatec","item":"https:\/\/sysmatec.ch\/de\/"},{"@type":"ListItem","position":3,"name":"G\u00fcnstiger Temperatur-Datenlogger DWL10"}]},{"@type":"WebSite","@id":"https:\/\/sysmatec.ch\/de\/#website","url":"https:\/\/sysmatec.ch\/de\/","name":"Sysmatec","description":"Equipement de laboratoire et logiciels","publisher":{"@id":"https:\/\/sysmatec.ch\/de\/#organization"},"potentialAction":[{"@type":"SearchAction","target":{"@type":"EntryPoint","urlTemplate":"https:\/\/sysmatec.ch\/de\/?s={search_term_string}"},"query-input":{"@type":"PropertyValueSpecification","valueRequired":true,"valueName":"search_term_string"}}],"inLanguage":"de"},{"@type":"Organization","@id":"https:\/\/sysmatec.ch\/de\/#organization","name":"Sysmatec","url":"https:\/\/sysmatec.ch\/de\/","logo":{"@type":"ImageObject","inLanguage":"de","@id":"https:\/\/sysmatec.ch\/de\/#\/schema\/logo\/image\/","url":"https:\/\/sysmatec.ch\/wp-content\/uploads\/2018\/11\/LogoSysmatec.jpg","contentUrl":"https:\/\/sysmatec.ch\/wp-content\/uploads\/2018\/11\/LogoSysmatec.jpg","width":301,"height":297,"caption":"Sysmatec"},"image":{"@id":"https:\/\/sysmatec.ch\/de\/#\/schema\/logo\/image\/"}}]}},"_links":{"self":[{"href":"https:\/\/sysmatec.ch\/de\/wp-json\/wp\/v2\/product\/3631","targetHints":{"allow":["GET"]}}],"collection":[{"href":"https:\/\/sysmatec.ch\/de\/wp-json\/wp\/v2\/product"}],"about":[{"href":"https:\/\/sysmatec.ch\/de\/wp-json\/wp\/v2\/types\/product"}],"wp:featuredmedia":[{"embeddable":true,"href":"https:\/\/sysmatec.ch\/de\/wp-json\/wp\/v2\/media\/3629"}],"wp:attachment":[{"href":"https:\/\/sysmatec.ch\/de\/wp-json\/wp\/v2\/media?parent=3631"}],"wp:term":[{"taxonomy":"product_brand","embeddable":true,"href":"https:\/\/sysmatec.ch\/de\/wp-json\/wp\/v2\/product_brand?post=3631"},{"taxonomy":"product_cat","embeddable":true,"href":"https:\/\/sysmatec.ch\/de\/wp-json\/wp\/v2\/product_cat?post=3631"},{"taxonomy":"product_tag","embeddable":true,"href":"https:\/\/sysmatec.ch\/de\/wp-json\/wp\/v2\/product_tag?post=3631"}],"curies":[{"name":"wp","href":"https:\/\/api.w.org\/{rel}","templated":true}]}}