{"id":3611,"date":"2019-02-22T18:30:49","date_gmt":"2019-02-22T17:30:49","guid":{"rendered":"https:\/\/sysmatec.ch\/produit\/enregistreur-de-temperature-ptr-avec-imprimante-integree\/"},"modified":"2022-02-24T14:34:30","modified_gmt":"2022-02-24T13:34:30","slug":"drucker-temperatur-datalogger-ptr","status":"publish","type":"product","link":"https:\/\/sysmatec.ch\/de\/Produkt\/drucker-temperatur-datalogger-ptr\/","title":{"rendered":"Drucker-Temperatur-Datalogger PTR"},"content":{"rendered":"<ul>\n<li>Vier Kan\u00e4le f\u00fcr austauschbare Thermoelemente.<\/li>\n<li>Temperaturmessbereich -200 bis 1372 \u00b0 C<\/li>\n<li>bietet Echtzeit Datum \/ Uhrzeit<\/li>\n<li>Druckt auf Anfrage oder bei Benutzer festgelegten Intervallen<\/li>\n<li>Aufl\u00f6sung: 0.1 \u00b0 C von -200 bis 299.9 \u00b0 C danach 1 \u00b0 C<\/li>\n<li>Genauigkeit: \u00b1 0.4 \u00b0 C \u00b1 0.1%<\/li>\n<li>Speicher: 4 x 8000 Werte<\/li>\n<li>Akku: Ni-MH 3.6 Volt<\/li>\n<li>Batterielebensdauer: ca. 500 Ausdrucke<\/li>\n<li>Sensor-Typ: K-Thermoelement<\/li>\n<li>Anzeige: 12.7 mm LCD<\/li>\n<li>Ma\u00dfe: 54 x 110 x 183 mm<\/li>\n<li>Gewicht: 660 Gramm<\/li>\n<li>Lieferung ohne Sonde<\/li>\n<\/ul>\n","protected":false},"excerpt":{"rendered":"<p>Drucker-Temperatur-Datalogger<\/p>\n","protected":false},"featured_media":3609,"template":"","meta":{"_crdt_document":""},"product_brand":[],"product_cat":[168,173],"product_tag":[],"class_list":{"0":"post-3611","1":"product","2":"type-product","3":"status-publish","4":"has-post-thumbnail","6":"product_cat-datenlogger","7":"product_cat-temperatur","9":"first","10":"instock","11":"taxable","12":"shipping-taxable","13":"product-type-simple"},"yoast_head":"<!-- This site is optimized with the Yoast SEO plugin v27.3 - https:\/\/yoast.com\/product\/yoast-seo-wordpress\/ -->\n<title>Drucker-Temperatur-Datalogger PTR - Sysmatec<\/title>\n<meta name=\"description\" content=\"Temperaturschreiber mit integriertem Drucker. Vier Kan\u00e4le f\u00fcr Thermoelemente. Speicher f\u00fcr ca. 4 x 8000 Daten.\" \/>\n<meta name=\"robots\" content=\"index, follow, max-snippet:-1, max-image-preview:large, max-video-preview:-1\" \/>\n<link rel=\"canonical\" href=\"https:\/\/sysmatec.ch\/de\/produit\/drucker-temperatur-datalogger-ptr\/\" \/>\n<meta property=\"og:locale\" content=\"de_DE\" \/>\n<meta property=\"og:type\" content=\"article\" \/>\n<meta property=\"og:title\" content=\"Drucker-Temperatur-Datalogger PTR - Sysmatec\" \/>\n<meta property=\"og:description\" content=\"Temperaturschreiber mit integriertem Drucker. Vier Kan\u00e4le f\u00fcr Thermoelemente. Speicher f\u00fcr ca. 4 x 8000 Daten.\" \/>\n<meta property=\"og:url\" content=\"https:\/\/sysmatec.ch\/de\/produit\/drucker-temperatur-datalogger-ptr\/\" \/>\n<meta property=\"og:site_name\" content=\"Sysmatec\" \/>\n<meta property=\"article:modified_time\" content=\"2022-02-24T13:34:30+00:00\" \/>\n<meta property=\"og:image\" content=\"https:\/\/sysmatec.ch\/wp-content\/uploads\/2019\/02\/Enregistreur_ETIPTR.jpg\" \/>\n\t<meta property=\"og:image:width\" content=\"153\" \/>\n\t<meta property=\"og:image:height\" content=\"153\" \/>\n\t<meta property=\"og:image:type\" content=\"image\/jpeg\" \/>\n<meta name=\"twitter:card\" content=\"summary_large_image\" \/>\n<script type=\"application\/ld+json\" class=\"yoast-schema-graph\">{\"@context\":\"https:\\\/\\\/schema.org\",\"@graph\":[{\"@type\":\"WebPage\",\"@id\":\"https:\\\/\\\/sysmatec.ch\\\/de\\\/produit\\\/drucker-temperatur-datalogger-ptr\\\/\",\"url\":\"https:\\\/\\\/sysmatec.ch\\\/de\\\/produit\\\/drucker-temperatur-datalogger-ptr\\\/\",\"name\":\"Drucker-Temperatur-Datalogger PTR - Sysmatec\",\"isPartOf\":{\"@id\":\"https:\\\/\\\/sysmatec.ch\\\/de\\\/#website\"},\"primaryImageOfPage\":{\"@id\":\"https:\\\/\\\/sysmatec.ch\\\/de\\\/produit\\\/drucker-temperatur-datalogger-ptr\\\/#primaryimage\"},\"image\":{\"@id\":\"https:\\\/\\\/sysmatec.ch\\\/de\\\/produit\\\/drucker-temperatur-datalogger-ptr\\\/#primaryimage\"},\"thumbnailUrl\":\"https:\\\/\\\/sysmatec.ch\\\/wp-content\\\/uploads\\\/2019\\\/02\\\/Enregistreur_ETIPTR.jpg\",\"datePublished\":\"2019-02-22T17:30:49+00:00\",\"dateModified\":\"2022-02-24T13:34:30+00:00\",\"description\":\"Temperaturschreiber mit integriertem Drucker. Vier Kan\u00e4le f\u00fcr Thermoelemente. Speicher f\u00fcr ca. 4 x 8000 Daten.\",\"breadcrumb\":{\"@id\":\"https:\\\/\\\/sysmatec.ch\\\/de\\\/produit\\\/drucker-temperatur-datalogger-ptr\\\/#breadcrumb\"},\"inLanguage\":\"de\",\"potentialAction\":[{\"@type\":\"ReadAction\",\"target\":[\"https:\\\/\\\/sysmatec.ch\\\/de\\\/produit\\\/drucker-temperatur-datalogger-ptr\\\/\"]}]},{\"@type\":\"ImageObject\",\"inLanguage\":\"de\",\"@id\":\"https:\\\/\\\/sysmatec.ch\\\/de\\\/produit\\\/drucker-temperatur-datalogger-ptr\\\/#primaryimage\",\"url\":\"https:\\\/\\\/sysmatec.ch\\\/wp-content\\\/uploads\\\/2019\\\/02\\\/Enregistreur_ETIPTR.jpg\",\"contentUrl\":\"https:\\\/\\\/sysmatec.ch\\\/wp-content\\\/uploads\\\/2019\\\/02\\\/Enregistreur_ETIPTR.jpg\",\"width\":153,\"height\":153},{\"@type\":\"BreadcrumbList\",\"@id\":\"https:\\\/\\\/sysmatec.ch\\\/de\\\/produit\\\/drucker-temperatur-datalogger-ptr\\\/#breadcrumb\",\"itemListElement\":[{\"@type\":\"ListItem\",\"position\":1,\"name\":\"Accueil\",\"item\":\"https:\\\/\\\/sysmatec.ch\\\/de\\\/\"},{\"@type\":\"ListItem\",\"position\":2,\"name\":\"Die Aktivit\u00e4t von Sysmatec\",\"item\":\"https:\\\/\\\/sysmatec.ch\\\/de\\\/\"},{\"@type\":\"ListItem\",\"position\":3,\"name\":\"Drucker-Temperatur-Datalogger PTR\"}]},{\"@type\":\"WebSite\",\"@id\":\"https:\\\/\\\/sysmatec.ch\\\/de\\\/#website\",\"url\":\"https:\\\/\\\/sysmatec.ch\\\/de\\\/\",\"name\":\"Sysmatec\",\"description\":\"Equipement de laboratoire et logiciels\",\"publisher\":{\"@id\":\"https:\\\/\\\/sysmatec.ch\\\/de\\\/#organization\"},\"potentialAction\":[{\"@type\":\"SearchAction\",\"target\":{\"@type\":\"EntryPoint\",\"urlTemplate\":\"https:\\\/\\\/sysmatec.ch\\\/de\\\/?s={search_term_string}\"},\"query-input\":{\"@type\":\"PropertyValueSpecification\",\"valueRequired\":true,\"valueName\":\"search_term_string\"}}],\"inLanguage\":\"de\"},{\"@type\":\"Organization\",\"@id\":\"https:\\\/\\\/sysmatec.ch\\\/de\\\/#organization\",\"name\":\"Sysmatec\",\"url\":\"https:\\\/\\\/sysmatec.ch\\\/de\\\/\",\"logo\":{\"@type\":\"ImageObject\",\"inLanguage\":\"de\",\"@id\":\"https:\\\/\\\/sysmatec.ch\\\/de\\\/#\\\/schema\\\/logo\\\/image\\\/\",\"url\":\"https:\\\/\\\/sysmatec.ch\\\/wp-content\\\/uploads\\\/2018\\\/11\\\/LogoSysmatec.jpg\",\"contentUrl\":\"https:\\\/\\\/sysmatec.ch\\\/wp-content\\\/uploads\\\/2018\\\/11\\\/LogoSysmatec.jpg\",\"width\":301,\"height\":297,\"caption\":\"Sysmatec\"},\"image\":{\"@id\":\"https:\\\/\\\/sysmatec.ch\\\/de\\\/#\\\/schema\\\/logo\\\/image\\\/\"}}]}<\/script>\n<!-- \/ Yoast SEO plugin. -->","yoast_head_json":{"title":"Drucker-Temperatur-Datalogger PTR - Sysmatec","description":"Temperaturschreiber mit integriertem Drucker. Vier Kan\u00e4le f\u00fcr Thermoelemente. Speicher f\u00fcr ca. 4 x 8000 Daten.","robots":{"index":"index","follow":"follow","max-snippet":"max-snippet:-1","max-image-preview":"max-image-preview:large","max-video-preview":"max-video-preview:-1"},"canonical":"https:\/\/sysmatec.ch\/de\/produit\/drucker-temperatur-datalogger-ptr\/","og_locale":"de_DE","og_type":"article","og_title":"Drucker-Temperatur-Datalogger PTR - Sysmatec","og_description":"Temperaturschreiber mit integriertem Drucker. Vier Kan\u00e4le f\u00fcr Thermoelemente. Speicher f\u00fcr ca. 4 x 8000 Daten.","og_url":"https:\/\/sysmatec.ch\/de\/produit\/drucker-temperatur-datalogger-ptr\/","og_site_name":"Sysmatec","article_modified_time":"2022-02-24T13:34:30+00:00","og_image":[{"width":153,"height":153,"url":"https:\/\/sysmatec.ch\/wp-content\/uploads\/2019\/02\/Enregistreur_ETIPTR.jpg","type":"image\/jpeg"}],"twitter_card":"summary_large_image","schema":{"@context":"https:\/\/schema.org","@graph":[{"@type":"WebPage","@id":"https:\/\/sysmatec.ch\/de\/produit\/drucker-temperatur-datalogger-ptr\/","url":"https:\/\/sysmatec.ch\/de\/produit\/drucker-temperatur-datalogger-ptr\/","name":"Drucker-Temperatur-Datalogger PTR - Sysmatec","isPartOf":{"@id":"https:\/\/sysmatec.ch\/de\/#website"},"primaryImageOfPage":{"@id":"https:\/\/sysmatec.ch\/de\/produit\/drucker-temperatur-datalogger-ptr\/#primaryimage"},"image":{"@id":"https:\/\/sysmatec.ch\/de\/produit\/drucker-temperatur-datalogger-ptr\/#primaryimage"},"thumbnailUrl":"https:\/\/sysmatec.ch\/wp-content\/uploads\/2019\/02\/Enregistreur_ETIPTR.jpg","datePublished":"2019-02-22T17:30:49+00:00","dateModified":"2022-02-24T13:34:30+00:00","description":"Temperaturschreiber mit integriertem Drucker. Vier Kan\u00e4le f\u00fcr Thermoelemente. Speicher f\u00fcr ca. 4 x 8000 Daten.","breadcrumb":{"@id":"https:\/\/sysmatec.ch\/de\/produit\/drucker-temperatur-datalogger-ptr\/#breadcrumb"},"inLanguage":"de","potentialAction":[{"@type":"ReadAction","target":["https:\/\/sysmatec.ch\/de\/produit\/drucker-temperatur-datalogger-ptr\/"]}]},{"@type":"ImageObject","inLanguage":"de","@id":"https:\/\/sysmatec.ch\/de\/produit\/drucker-temperatur-datalogger-ptr\/#primaryimage","url":"https:\/\/sysmatec.ch\/wp-content\/uploads\/2019\/02\/Enregistreur_ETIPTR.jpg","contentUrl":"https:\/\/sysmatec.ch\/wp-content\/uploads\/2019\/02\/Enregistreur_ETIPTR.jpg","width":153,"height":153},{"@type":"BreadcrumbList","@id":"https:\/\/sysmatec.ch\/de\/produit\/drucker-temperatur-datalogger-ptr\/#breadcrumb","itemListElement":[{"@type":"ListItem","position":1,"name":"Accueil","item":"https:\/\/sysmatec.ch\/de\/"},{"@type":"ListItem","position":2,"name":"Die Aktivit\u00e4t von Sysmatec","item":"https:\/\/sysmatec.ch\/de\/"},{"@type":"ListItem","position":3,"name":"Drucker-Temperatur-Datalogger PTR"}]},{"@type":"WebSite","@id":"https:\/\/sysmatec.ch\/de\/#website","url":"https:\/\/sysmatec.ch\/de\/","name":"Sysmatec","description":"Equipement de laboratoire et logiciels","publisher":{"@id":"https:\/\/sysmatec.ch\/de\/#organization"},"potentialAction":[{"@type":"SearchAction","target":{"@type":"EntryPoint","urlTemplate":"https:\/\/sysmatec.ch\/de\/?s={search_term_string}"},"query-input":{"@type":"PropertyValueSpecification","valueRequired":true,"valueName":"search_term_string"}}],"inLanguage":"de"},{"@type":"Organization","@id":"https:\/\/sysmatec.ch\/de\/#organization","name":"Sysmatec","url":"https:\/\/sysmatec.ch\/de\/","logo":{"@type":"ImageObject","inLanguage":"de","@id":"https:\/\/sysmatec.ch\/de\/#\/schema\/logo\/image\/","url":"https:\/\/sysmatec.ch\/wp-content\/uploads\/2018\/11\/LogoSysmatec.jpg","contentUrl":"https:\/\/sysmatec.ch\/wp-content\/uploads\/2018\/11\/LogoSysmatec.jpg","width":301,"height":297,"caption":"Sysmatec"},"image":{"@id":"https:\/\/sysmatec.ch\/de\/#\/schema\/logo\/image\/"}}]}},"_links":{"self":[{"href":"https:\/\/sysmatec.ch\/de\/wp-json\/wp\/v2\/product\/3611","targetHints":{"allow":["GET"]}}],"collection":[{"href":"https:\/\/sysmatec.ch\/de\/wp-json\/wp\/v2\/product"}],"about":[{"href":"https:\/\/sysmatec.ch\/de\/wp-json\/wp\/v2\/types\/product"}],"wp:featuredmedia":[{"embeddable":true,"href":"https:\/\/sysmatec.ch\/de\/wp-json\/wp\/v2\/media\/3609"}],"wp:attachment":[{"href":"https:\/\/sysmatec.ch\/de\/wp-json\/wp\/v2\/media?parent=3611"}],"wp:term":[{"taxonomy":"product_brand","embeddable":true,"href":"https:\/\/sysmatec.ch\/de\/wp-json\/wp\/v2\/product_brand?post=3611"},{"taxonomy":"product_cat","embeddable":true,"href":"https:\/\/sysmatec.ch\/de\/wp-json\/wp\/v2\/product_cat?post=3611"},{"taxonomy":"product_tag","embeddable":true,"href":"https:\/\/sysmatec.ch\/de\/wp-json\/wp\/v2\/product_tag?post=3611"}],"curies":[{"name":"wp","href":"https:\/\/api.w.org\/{rel}","templated":true}]}}