{"id":3590,"date":"2019-02-22T10:04:21","date_gmt":"2019-02-22T09:04:21","guid":{"rendered":"https:\/\/sysmatec.ch\/produit\/enregistreur-de-temperature-s-radio-pour-autoclave\/"},"modified":"2022-02-24T14:50:58","modified_gmt":"2022-02-24T13:50:58","slug":"autoklav-temperaturlogger-s-radio","status":"publish","type":"product","link":"https:\/\/sysmatec.ch\/de\/Produkt\/autoklav-temperaturlogger-s-radio\/","title":{"rendered":"Autoklav Temperaturlogger S-Radio"},"content":{"rendered":"<p>Der S-Radio ist ein Wireless-Datenlogger f\u00fcr hohe Temperaturen (bis zu 140 \u00b0 C). Er wird von einem zylindrischen K\u00f6rper aus PEEK, ein sehr widerstandsf\u00e4hig Kunststoffmaterial, und Lebensmitteln kompatibel, gemacht; Metallteile sind aus AISI316L Edelstahl. Der Hauptk\u00f6rperdurchmesser ist 30 mm, die L\u00e4nge 76 mm. Die probe hat einen Durchmesser von 3 mm und ist in unterschiedliche L\u00e4nge verf\u00fcgbar. Der Datenlogger hat daher einen Vielzahl von Anwendungen in der Lebensmittelindustrie, wo es m\u00f6glich ist, das eigentliche Produkt zu \u00fcberwachen und nicht nur die Umgebung, in der es hergestellt wird. Er wird verwendet, zum Beispiel um Kochprozesse von Fleisch und Schinken, Lebensmittelverpackungen, Dosen zu kontrollieren. Die Funk\u00fcbertragung erm\u00f6glicht am PC die Temperatur in Echtzeit zu \u00fcberwachen.<\/p>\n<ul>\n<li type=\"disc\">Temperatur\u00fcberwachung der Sterilisation und Pasteurisation Prozesse.<\/li>\n<li type=\"disc\">Autoklav Validierung nach 21 CFR Part 11 (DIN EN ISO 17665-1).<\/li>\n<li type=\"disc\">Speichergr\u00f6\u00dfe: 120 000 Daten<\/li>\n<li type=\"disc\">Speicherungsrate programmierbar von 1 jede Sekunde oder h\u00f6her<\/li>\n<li type=\"disc\">Temperaturbereich: 0 \u00b0C bis 140 \u00b0 C (bis zu 5 bar)<\/li>\n<li type=\"disc\">Temperaturaufl\u00f6sung: 0.01 \u00b0 C<\/li>\n<li type=\"disc\">Temperaturgenauigkeit: \u00b1 0.1 \u00b0 C<\/li>\n<li type=\"disc\">Abmessungen, ohne Sonde (H x T): 76 x 30 mm<\/li>\n<li type=\"disc\">Probe (H x T): 20\/50\/100\/150 x 3 mm, andere L\u00e4ngen auf Anfrage<\/li>\n<li type=\"disc\">Material: Edelstahl AISI 316L + Peek (vollst\u00e4ndig Food Grade)<\/li>\n<li type=\"disc\">Batterielebensdauer 2 Jahre bei Standardgebrauch (Benutzer austauschbar)<\/li>\n<li type=\"disc\">Schutzart IP68<\/li>\n<li type=\"disc\">Kommunikation: USB DiskInterface + Adapter<\/li>\n<\/ul>\n<p>Das System besteht aus:<\/p>\n<ul>\n<li type=\"disc\">P-Funk-Temperaturdatenlogger<\/li>\n<li type=\"disc\">DiskInterface HS<\/li>\n<li type=\"disc\">SPD-Software (kostenlos), TS-Manager oder ProcessMonitor<\/li>\n<li type=\"disc\">USB-Funkempf\u00e4nger f\u00fcr die drahtlose Kommunikation.<\/li>\n<\/ul>\n","protected":false},"excerpt":{"rendered":"<p>Autoklav Temperaturlogger<\/p>\n","protected":false},"featured_media":3588,"template":"","meta":{"_crdt_document":""},"product_brand":[],"product_cat":[168,173],"product_tag":[],"class_list":{"0":"post-3590","1":"product","2":"type-product","3":"status-publish","4":"has-post-thumbnail","6":"product_cat-datenlogger","7":"product_cat-temperatur","9":"first","10":"instock","11":"taxable","12":"shipping-taxable","13":"product-type-simple"},"yoast_head":"<!-- This site is optimized with the Yoast SEO plugin v27.4 - https:\/\/yoast.com\/product\/yoast-seo-wordpress\/ -->\n<title>Autoklav Temperaturlogger S-Radio - Sysmatec<\/title>\n<meta name=\"description\" content=\"Temperatur Datenlogger mit Funkkommunikation f\u00fcr Autoklaven. Temperaturbereich von 0\u00b0C bis 140\u00b0C.\" \/>\n<meta name=\"robots\" content=\"index, follow, max-snippet:-1, max-image-preview:large, max-video-preview:-1\" \/>\n<link rel=\"canonical\" href=\"https:\/\/sysmatec.ch\/de\/produit\/autoklav-temperaturlogger-s-radio\/\" \/>\n<meta property=\"og:locale\" content=\"de_DE\" \/>\n<meta property=\"og:type\" content=\"article\" \/>\n<meta property=\"og:title\" content=\"Autoklav Temperaturlogger S-Radio - Sysmatec\" \/>\n<meta property=\"og:description\" content=\"Temperatur Datenlogger mit Funkkommunikation f\u00fcr Autoklaven. Temperaturbereich von 0\u00b0C bis 140\u00b0C.\" \/>\n<meta property=\"og:url\" content=\"https:\/\/sysmatec.ch\/de\/produit\/autoklav-temperaturlogger-s-radio\/\" \/>\n<meta property=\"og:site_name\" content=\"Sysmatec\" \/>\n<meta property=\"article:modified_time\" content=\"2022-02-24T13:50:58+00:00\" \/>\n<meta property=\"og:image\" content=\"https:\/\/sysmatec.ch\/wp-content\/uploads\/2019\/02\/Enregistreur_TecnosoftSRadio.jpg\" \/>\n\t<meta property=\"og:image:width\" content=\"181\" \/>\n\t<meta property=\"og:image:height\" content=\"221\" \/>\n\t<meta property=\"og:image:type\" content=\"image\/jpeg\" \/>\n<meta name=\"twitter:card\" content=\"summary_large_image\" \/>\n<meta name=\"twitter:label1\" content=\"Gesch\u00e4tzte Lesezeit\" \/>\n\t<meta name=\"twitter:data1\" content=\"1\u00a0Minute\" \/>\n<script type=\"application\/ld+json\" class=\"yoast-schema-graph\">{\"@context\":\"https:\\\/\\\/schema.org\",\"@graph\":[{\"@type\":\"WebPage\",\"@id\":\"https:\\\/\\\/sysmatec.ch\\\/de\\\/produit\\\/autoklav-temperaturlogger-s-radio\\\/\",\"url\":\"https:\\\/\\\/sysmatec.ch\\\/de\\\/produit\\\/autoklav-temperaturlogger-s-radio\\\/\",\"name\":\"Autoklav Temperaturlogger S-Radio - Sysmatec\",\"isPartOf\":{\"@id\":\"https:\\\/\\\/sysmatec.ch\\\/de\\\/#website\"},\"primaryImageOfPage\":{\"@id\":\"https:\\\/\\\/sysmatec.ch\\\/de\\\/produit\\\/autoklav-temperaturlogger-s-radio\\\/#primaryimage\"},\"image\":{\"@id\":\"https:\\\/\\\/sysmatec.ch\\\/de\\\/produit\\\/autoklav-temperaturlogger-s-radio\\\/#primaryimage\"},\"thumbnailUrl\":\"https:\\\/\\\/sysmatec.ch\\\/wp-content\\\/uploads\\\/2019\\\/02\\\/Enregistreur_TecnosoftSRadio.jpg\",\"datePublished\":\"2019-02-22T09:04:21+00:00\",\"dateModified\":\"2022-02-24T13:50:58+00:00\",\"description\":\"Temperatur Datenlogger mit Funkkommunikation f\u00fcr Autoklaven. Temperaturbereich von 0\u00b0C bis 140\u00b0C.\",\"breadcrumb\":{\"@id\":\"https:\\\/\\\/sysmatec.ch\\\/de\\\/produit\\\/autoklav-temperaturlogger-s-radio\\\/#breadcrumb\"},\"inLanguage\":\"de\",\"potentialAction\":[{\"@type\":\"ReadAction\",\"target\":[\"https:\\\/\\\/sysmatec.ch\\\/de\\\/produit\\\/autoklav-temperaturlogger-s-radio\\\/\"]}]},{\"@type\":\"ImageObject\",\"inLanguage\":\"de\",\"@id\":\"https:\\\/\\\/sysmatec.ch\\\/de\\\/produit\\\/autoklav-temperaturlogger-s-radio\\\/#primaryimage\",\"url\":\"https:\\\/\\\/sysmatec.ch\\\/wp-content\\\/uploads\\\/2019\\\/02\\\/Enregistreur_TecnosoftSRadio.jpg\",\"contentUrl\":\"https:\\\/\\\/sysmatec.ch\\\/wp-content\\\/uploads\\\/2019\\\/02\\\/Enregistreur_TecnosoftSRadio.jpg\",\"width\":181,\"height\":221},{\"@type\":\"BreadcrumbList\",\"@id\":\"https:\\\/\\\/sysmatec.ch\\\/de\\\/produit\\\/autoklav-temperaturlogger-s-radio\\\/#breadcrumb\",\"itemListElement\":[{\"@type\":\"ListItem\",\"position\":1,\"name\":\"Accueil\",\"item\":\"https:\\\/\\\/sysmatec.ch\\\/de\\\/\"},{\"@type\":\"ListItem\",\"position\":2,\"name\":\"Die Aktivit\u00e4t von Sysmatec\",\"item\":\"https:\\\/\\\/sysmatec.ch\\\/de\\\/\"},{\"@type\":\"ListItem\",\"position\":3,\"name\":\"Autoklav Temperaturlogger S-Radio\"}]},{\"@type\":\"WebSite\",\"@id\":\"https:\\\/\\\/sysmatec.ch\\\/de\\\/#website\",\"url\":\"https:\\\/\\\/sysmatec.ch\\\/de\\\/\",\"name\":\"Sysmatec\",\"description\":\"Equipement de laboratoire et logiciels\",\"publisher\":{\"@id\":\"https:\\\/\\\/sysmatec.ch\\\/de\\\/#organization\"},\"potentialAction\":[{\"@type\":\"SearchAction\",\"target\":{\"@type\":\"EntryPoint\",\"urlTemplate\":\"https:\\\/\\\/sysmatec.ch\\\/de\\\/?s={search_term_string}\"},\"query-input\":{\"@type\":\"PropertyValueSpecification\",\"valueRequired\":true,\"valueName\":\"search_term_string\"}}],\"inLanguage\":\"de\"},{\"@type\":\"Organization\",\"@id\":\"https:\\\/\\\/sysmatec.ch\\\/de\\\/#organization\",\"name\":\"Sysmatec\",\"url\":\"https:\\\/\\\/sysmatec.ch\\\/de\\\/\",\"logo\":{\"@type\":\"ImageObject\",\"inLanguage\":\"de\",\"@id\":\"https:\\\/\\\/sysmatec.ch\\\/de\\\/#\\\/schema\\\/logo\\\/image\\\/\",\"url\":\"https:\\\/\\\/sysmatec.ch\\\/wp-content\\\/uploads\\\/2018\\\/11\\\/LogoSysmatec.jpg\",\"contentUrl\":\"https:\\\/\\\/sysmatec.ch\\\/wp-content\\\/uploads\\\/2018\\\/11\\\/LogoSysmatec.jpg\",\"width\":301,\"height\":297,\"caption\":\"Sysmatec\"},\"image\":{\"@id\":\"https:\\\/\\\/sysmatec.ch\\\/de\\\/#\\\/schema\\\/logo\\\/image\\\/\"}}]}<\/script>\n<!-- \/ Yoast SEO plugin. -->","yoast_head_json":{"title":"Autoklav Temperaturlogger S-Radio - Sysmatec","description":"Temperatur Datenlogger mit Funkkommunikation f\u00fcr Autoklaven. Temperaturbereich von 0\u00b0C bis 140\u00b0C.","robots":{"index":"index","follow":"follow","max-snippet":"max-snippet:-1","max-image-preview":"max-image-preview:large","max-video-preview":"max-video-preview:-1"},"canonical":"https:\/\/sysmatec.ch\/de\/produit\/autoklav-temperaturlogger-s-radio\/","og_locale":"de_DE","og_type":"article","og_title":"Autoklav Temperaturlogger S-Radio - Sysmatec","og_description":"Temperatur Datenlogger mit Funkkommunikation f\u00fcr Autoklaven. Temperaturbereich von 0\u00b0C bis 140\u00b0C.","og_url":"https:\/\/sysmatec.ch\/de\/produit\/autoklav-temperaturlogger-s-radio\/","og_site_name":"Sysmatec","article_modified_time":"2022-02-24T13:50:58+00:00","og_image":[{"width":181,"height":221,"url":"https:\/\/sysmatec.ch\/wp-content\/uploads\/2019\/02\/Enregistreur_TecnosoftSRadio.jpg","type":"image\/jpeg"}],"twitter_card":"summary_large_image","twitter_misc":{"Gesch\u00e4tzte Lesezeit":"1\u00a0Minute"},"schema":{"@context":"https:\/\/schema.org","@graph":[{"@type":"WebPage","@id":"https:\/\/sysmatec.ch\/de\/produit\/autoklav-temperaturlogger-s-radio\/","url":"https:\/\/sysmatec.ch\/de\/produit\/autoklav-temperaturlogger-s-radio\/","name":"Autoklav Temperaturlogger S-Radio - Sysmatec","isPartOf":{"@id":"https:\/\/sysmatec.ch\/de\/#website"},"primaryImageOfPage":{"@id":"https:\/\/sysmatec.ch\/de\/produit\/autoklav-temperaturlogger-s-radio\/#primaryimage"},"image":{"@id":"https:\/\/sysmatec.ch\/de\/produit\/autoklav-temperaturlogger-s-radio\/#primaryimage"},"thumbnailUrl":"https:\/\/sysmatec.ch\/wp-content\/uploads\/2019\/02\/Enregistreur_TecnosoftSRadio.jpg","datePublished":"2019-02-22T09:04:21+00:00","dateModified":"2022-02-24T13:50:58+00:00","description":"Temperatur Datenlogger mit Funkkommunikation f\u00fcr Autoklaven. Temperaturbereich von 0\u00b0C bis 140\u00b0C.","breadcrumb":{"@id":"https:\/\/sysmatec.ch\/de\/produit\/autoklav-temperaturlogger-s-radio\/#breadcrumb"},"inLanguage":"de","potentialAction":[{"@type":"ReadAction","target":["https:\/\/sysmatec.ch\/de\/produit\/autoklav-temperaturlogger-s-radio\/"]}]},{"@type":"ImageObject","inLanguage":"de","@id":"https:\/\/sysmatec.ch\/de\/produit\/autoklav-temperaturlogger-s-radio\/#primaryimage","url":"https:\/\/sysmatec.ch\/wp-content\/uploads\/2019\/02\/Enregistreur_TecnosoftSRadio.jpg","contentUrl":"https:\/\/sysmatec.ch\/wp-content\/uploads\/2019\/02\/Enregistreur_TecnosoftSRadio.jpg","width":181,"height":221},{"@type":"BreadcrumbList","@id":"https:\/\/sysmatec.ch\/de\/produit\/autoklav-temperaturlogger-s-radio\/#breadcrumb","itemListElement":[{"@type":"ListItem","position":1,"name":"Accueil","item":"https:\/\/sysmatec.ch\/de\/"},{"@type":"ListItem","position":2,"name":"Die Aktivit\u00e4t von Sysmatec","item":"https:\/\/sysmatec.ch\/de\/"},{"@type":"ListItem","position":3,"name":"Autoklav Temperaturlogger S-Radio"}]},{"@type":"WebSite","@id":"https:\/\/sysmatec.ch\/de\/#website","url":"https:\/\/sysmatec.ch\/de\/","name":"Sysmatec","description":"Equipement de laboratoire et logiciels","publisher":{"@id":"https:\/\/sysmatec.ch\/de\/#organization"},"potentialAction":[{"@type":"SearchAction","target":{"@type":"EntryPoint","urlTemplate":"https:\/\/sysmatec.ch\/de\/?s={search_term_string}"},"query-input":{"@type":"PropertyValueSpecification","valueRequired":true,"valueName":"search_term_string"}}],"inLanguage":"de"},{"@type":"Organization","@id":"https:\/\/sysmatec.ch\/de\/#organization","name":"Sysmatec","url":"https:\/\/sysmatec.ch\/de\/","logo":{"@type":"ImageObject","inLanguage":"de","@id":"https:\/\/sysmatec.ch\/de\/#\/schema\/logo\/image\/","url":"https:\/\/sysmatec.ch\/wp-content\/uploads\/2018\/11\/LogoSysmatec.jpg","contentUrl":"https:\/\/sysmatec.ch\/wp-content\/uploads\/2018\/11\/LogoSysmatec.jpg","width":301,"height":297,"caption":"Sysmatec"},"image":{"@id":"https:\/\/sysmatec.ch\/de\/#\/schema\/logo\/image\/"}}]}},"_links":{"self":[{"href":"https:\/\/sysmatec.ch\/de\/wp-json\/wp\/v2\/product\/3590","targetHints":{"allow":["GET"]}}],"collection":[{"href":"https:\/\/sysmatec.ch\/de\/wp-json\/wp\/v2\/product"}],"about":[{"href":"https:\/\/sysmatec.ch\/de\/wp-json\/wp\/v2\/types\/product"}],"wp:featuredmedia":[{"embeddable":true,"href":"https:\/\/sysmatec.ch\/de\/wp-json\/wp\/v2\/media\/3588"}],"wp:attachment":[{"href":"https:\/\/sysmatec.ch\/de\/wp-json\/wp\/v2\/media?parent=3590"}],"wp:term":[{"taxonomy":"product_brand","embeddable":true,"href":"https:\/\/sysmatec.ch\/de\/wp-json\/wp\/v2\/product_brand?post=3590"},{"taxonomy":"product_cat","embeddable":true,"href":"https:\/\/sysmatec.ch\/de\/wp-json\/wp\/v2\/product_cat?post=3590"},{"taxonomy":"product_tag","embeddable":true,"href":"https:\/\/sysmatec.ch\/de\/wp-json\/wp\/v2\/product_tag?post=3590"}],"curies":[{"name":"wp","href":"https:\/\/api.w.org\/{rel}","templated":true}]}}