{"id":3559,"date":"2019-02-21T21:00:03","date_gmt":"2019-02-21T20:00:03","guid":{"rendered":"https:\/\/sysmatec.ch\/produit\/enregistreur-de-temperature-a-transfert-sans-contact-el-nfc-1\/"},"modified":"2020-02-06T21:14:08","modified_gmt":"2020-02-06T20:14:08","slug":"beruehrungsloser-uebertragungstemperaturschreiber-el-nfc-1","status":"publish","type":"product","link":"https:\/\/sysmatec.ch\/de\/Produkt\/beruehrungsloser-uebertragungstemperaturschreiber-el-nfc-1\/","title":{"rendered":"Ber\u00fchrungsloser \u00dcbertragungstemperaturschreiber EL-NFC-1"},"content":{"rendered":"<p>Der EL-NFC-1 ist ein kleiner wasserdichter Temperaturschreiber, der Daten an ein NFC-f\u00e4higes Android-Ger\u00e4t \u00fcbertr\u00e4gt. Verwenden Sie die EasyLog NFC-Anwendung, um die Abtastrate, die Temperaturskala und die Alarmpegel f\u00fcr die Messwerte zu \u00e4ndern. Sobald die Daten heruntergeladen wurden, zeigt die Anwendung ein Diagramm der Sitzung sowie zusammenfassende Informationen wie Mindest-, H\u00f6chst- und Durchschnittswerte, durchschnittliche kinetische Temperatur und Zeit unter allen Alarmbedingungen an. Beide k\u00f6nnen auf einen PC exportiert werden.<\/p>\n<p>Spezifikationen<\/p>\n<ul>\n<li type=\"disc\">Messbereich: -20 bis + 60 \u00b0 C<\/li>\n<li type=\"disc\">Genauigkeit (Gesamtfehler): \u00b1 0.5 \u00b0 C<\/li>\n<li type=\"disc\">Aufl\u00f6sung: 0.1 \u00b0 C<\/li>\n<li type=\"disc\">Einrichtung mit der kostenlosen EasyLog NFC-App f\u00fcr Android, die Daten, Statistiken und Grafiken auf Ihrem Android-Ger\u00e4t sammelt oder sie auf Ihren Computer exportiert<\/li>\n<li type=\"disc\">Lesungen: mehr als 12.000<\/li>\n<li type=\"disc\">Akkulaufzeit: Mehr als 12 Monate verwendbar<\/li>\n<li type=\"disc\">IP-Schutzart: IP67<\/li>\n<li type=\"disc\">Abmessungen 52 x 52 mm<\/li>\n<li type=\"disc\">Polyethylen Geh\u00e4usematerial (entspricht FDA 21CFR177.1520)<\/li>\n<li type=\"disc\">EasyLog NFC App f\u00fcr Android Version 4.0 (Ice Cream Sandwich) und sp\u00e4ter<\/li>\n<li type=\"disc\">maximale Reichweite (durch den Karton): 5mm<\/li>\n<\/ul>\n","protected":false},"excerpt":{"rendered":"<p>Ber\u00fchrungsloser \u00dcbertragungstemperaturschreiber<\/p>\n","protected":false},"featured_media":3557,"template":"","meta":{"_crdt_document":""},"product_brand":[],"product_cat":[168,173],"product_tag":[],"class_list":{"0":"post-3559","1":"product","2":"type-product","3":"status-publish","4":"has-post-thumbnail","6":"product_cat-datenlogger","7":"product_cat-temperatur","9":"first","10":"instock","11":"taxable","12":"shipping-taxable","13":"product-type-simple"},"yoast_head":"<!-- This site is optimized with the Yoast SEO plugin v27.4 - https:\/\/yoast.com\/product\/yoast-seo-wordpress\/ -->\n<title>Ber\u00fchrungsloser \u00dcbertragungstemperaturschreiber EL-NFC-1 - Sysmatec<\/title>\n<meta name=\"robots\" content=\"index, follow, max-snippet:-1, max-image-preview:large, max-video-preview:-1\" \/>\n<link rel=\"canonical\" href=\"https:\/\/sysmatec.ch\/de\/produit\/beruehrungsloser-uebertragungstemperaturschreiber-el-nfc-1\/\" \/>\n<meta property=\"og:locale\" content=\"de_DE\" \/>\n<meta property=\"og:type\" content=\"article\" \/>\n<meta property=\"og:title\" content=\"Ber\u00fchrungsloser \u00dcbertragungstemperaturschreiber EL-NFC-1 - Sysmatec\" \/>\n<meta property=\"og:description\" content=\"Ber\u00fchrungsloser \u00dcbertragungstemperaturschreiber\" \/>\n<meta property=\"og:url\" content=\"https:\/\/sysmatec.ch\/de\/produit\/beruehrungsloser-uebertragungstemperaturschreiber-el-nfc-1\/\" \/>\n<meta property=\"og:site_name\" content=\"Sysmatec\" \/>\n<meta property=\"article:modified_time\" content=\"2020-02-06T20:14:08+00:00\" \/>\n<meta property=\"og:image\" content=\"https:\/\/sysmatec.ch\/wp-content\/uploads\/2019\/02\/Enregistreur_LascarNFC.jpg\" \/>\n\t<meta property=\"og:image:width\" content=\"187\" \/>\n\t<meta property=\"og:image:height\" content=\"186\" \/>\n\t<meta property=\"og:image:type\" content=\"image\/jpeg\" \/>\n<meta name=\"twitter:card\" content=\"summary_large_image\" \/>\n<meta name=\"twitter:label1\" content=\"Gesch\u00e4tzte Lesezeit\" \/>\n\t<meta name=\"twitter:data1\" content=\"1\u00a0Minute\" \/>\n<script type=\"application\/ld+json\" class=\"yoast-schema-graph\">{\"@context\":\"https:\\\/\\\/schema.org\",\"@graph\":[{\"@type\":\"WebPage\",\"@id\":\"https:\\\/\\\/sysmatec.ch\\\/de\\\/produit\\\/beruehrungsloser-uebertragungstemperaturschreiber-el-nfc-1\\\/\",\"url\":\"https:\\\/\\\/sysmatec.ch\\\/de\\\/produit\\\/beruehrungsloser-uebertragungstemperaturschreiber-el-nfc-1\\\/\",\"name\":\"Ber\u00fchrungsloser \u00dcbertragungstemperaturschreiber EL-NFC-1 - Sysmatec\",\"isPartOf\":{\"@id\":\"https:\\\/\\\/sysmatec.ch\\\/de\\\/#website\"},\"primaryImageOfPage\":{\"@id\":\"https:\\\/\\\/sysmatec.ch\\\/de\\\/produit\\\/beruehrungsloser-uebertragungstemperaturschreiber-el-nfc-1\\\/#primaryimage\"},\"image\":{\"@id\":\"https:\\\/\\\/sysmatec.ch\\\/de\\\/produit\\\/beruehrungsloser-uebertragungstemperaturschreiber-el-nfc-1\\\/#primaryimage\"},\"thumbnailUrl\":\"https:\\\/\\\/sysmatec.ch\\\/wp-content\\\/uploads\\\/2019\\\/02\\\/Enregistreur_LascarNFC.jpg\",\"datePublished\":\"2019-02-21T20:00:03+00:00\",\"dateModified\":\"2020-02-06T20:14:08+00:00\",\"breadcrumb\":{\"@id\":\"https:\\\/\\\/sysmatec.ch\\\/de\\\/produit\\\/beruehrungsloser-uebertragungstemperaturschreiber-el-nfc-1\\\/#breadcrumb\"},\"inLanguage\":\"de\",\"potentialAction\":[{\"@type\":\"ReadAction\",\"target\":[\"https:\\\/\\\/sysmatec.ch\\\/de\\\/produit\\\/beruehrungsloser-uebertragungstemperaturschreiber-el-nfc-1\\\/\"]}]},{\"@type\":\"ImageObject\",\"inLanguage\":\"de\",\"@id\":\"https:\\\/\\\/sysmatec.ch\\\/de\\\/produit\\\/beruehrungsloser-uebertragungstemperaturschreiber-el-nfc-1\\\/#primaryimage\",\"url\":\"https:\\\/\\\/sysmatec.ch\\\/wp-content\\\/uploads\\\/2019\\\/02\\\/Enregistreur_LascarNFC.jpg\",\"contentUrl\":\"https:\\\/\\\/sysmatec.ch\\\/wp-content\\\/uploads\\\/2019\\\/02\\\/Enregistreur_LascarNFC.jpg\",\"width\":187,\"height\":186},{\"@type\":\"BreadcrumbList\",\"@id\":\"https:\\\/\\\/sysmatec.ch\\\/de\\\/produit\\\/beruehrungsloser-uebertragungstemperaturschreiber-el-nfc-1\\\/#breadcrumb\",\"itemListElement\":[{\"@type\":\"ListItem\",\"position\":1,\"name\":\"Accueil\",\"item\":\"https:\\\/\\\/sysmatec.ch\\\/de\\\/\"},{\"@type\":\"ListItem\",\"position\":2,\"name\":\"Die Aktivit\u00e4t von Sysmatec\",\"item\":\"https:\\\/\\\/sysmatec.ch\\\/de\\\/\"},{\"@type\":\"ListItem\",\"position\":3,\"name\":\"Ber\u00fchrungsloser \u00dcbertragungstemperaturschreiber EL-NFC-1\"}]},{\"@type\":\"WebSite\",\"@id\":\"https:\\\/\\\/sysmatec.ch\\\/de\\\/#website\",\"url\":\"https:\\\/\\\/sysmatec.ch\\\/de\\\/\",\"name\":\"Sysmatec\",\"description\":\"Equipement de laboratoire et logiciels\",\"publisher\":{\"@id\":\"https:\\\/\\\/sysmatec.ch\\\/de\\\/#organization\"},\"potentialAction\":[{\"@type\":\"SearchAction\",\"target\":{\"@type\":\"EntryPoint\",\"urlTemplate\":\"https:\\\/\\\/sysmatec.ch\\\/de\\\/?s={search_term_string}\"},\"query-input\":{\"@type\":\"PropertyValueSpecification\",\"valueRequired\":true,\"valueName\":\"search_term_string\"}}],\"inLanguage\":\"de\"},{\"@type\":\"Organization\",\"@id\":\"https:\\\/\\\/sysmatec.ch\\\/de\\\/#organization\",\"name\":\"Sysmatec\",\"url\":\"https:\\\/\\\/sysmatec.ch\\\/de\\\/\",\"logo\":{\"@type\":\"ImageObject\",\"inLanguage\":\"de\",\"@id\":\"https:\\\/\\\/sysmatec.ch\\\/de\\\/#\\\/schema\\\/logo\\\/image\\\/\",\"url\":\"https:\\\/\\\/sysmatec.ch\\\/wp-content\\\/uploads\\\/2018\\\/11\\\/LogoSysmatec.jpg\",\"contentUrl\":\"https:\\\/\\\/sysmatec.ch\\\/wp-content\\\/uploads\\\/2018\\\/11\\\/LogoSysmatec.jpg\",\"width\":301,\"height\":297,\"caption\":\"Sysmatec\"},\"image\":{\"@id\":\"https:\\\/\\\/sysmatec.ch\\\/de\\\/#\\\/schema\\\/logo\\\/image\\\/\"}}]}<\/script>\n<!-- \/ Yoast SEO plugin. -->","yoast_head_json":{"title":"Ber\u00fchrungsloser \u00dcbertragungstemperaturschreiber EL-NFC-1 - Sysmatec","robots":{"index":"index","follow":"follow","max-snippet":"max-snippet:-1","max-image-preview":"max-image-preview:large","max-video-preview":"max-video-preview:-1"},"canonical":"https:\/\/sysmatec.ch\/de\/produit\/beruehrungsloser-uebertragungstemperaturschreiber-el-nfc-1\/","og_locale":"de_DE","og_type":"article","og_title":"Ber\u00fchrungsloser \u00dcbertragungstemperaturschreiber EL-NFC-1 - Sysmatec","og_description":"Ber\u00fchrungsloser \u00dcbertragungstemperaturschreiber","og_url":"https:\/\/sysmatec.ch\/de\/produit\/beruehrungsloser-uebertragungstemperaturschreiber-el-nfc-1\/","og_site_name":"Sysmatec","article_modified_time":"2020-02-06T20:14:08+00:00","og_image":[{"width":187,"height":186,"url":"https:\/\/sysmatec.ch\/wp-content\/uploads\/2019\/02\/Enregistreur_LascarNFC.jpg","type":"image\/jpeg"}],"twitter_card":"summary_large_image","twitter_misc":{"Gesch\u00e4tzte Lesezeit":"1\u00a0Minute"},"schema":{"@context":"https:\/\/schema.org","@graph":[{"@type":"WebPage","@id":"https:\/\/sysmatec.ch\/de\/produit\/beruehrungsloser-uebertragungstemperaturschreiber-el-nfc-1\/","url":"https:\/\/sysmatec.ch\/de\/produit\/beruehrungsloser-uebertragungstemperaturschreiber-el-nfc-1\/","name":"Ber\u00fchrungsloser \u00dcbertragungstemperaturschreiber EL-NFC-1 - Sysmatec","isPartOf":{"@id":"https:\/\/sysmatec.ch\/de\/#website"},"primaryImageOfPage":{"@id":"https:\/\/sysmatec.ch\/de\/produit\/beruehrungsloser-uebertragungstemperaturschreiber-el-nfc-1\/#primaryimage"},"image":{"@id":"https:\/\/sysmatec.ch\/de\/produit\/beruehrungsloser-uebertragungstemperaturschreiber-el-nfc-1\/#primaryimage"},"thumbnailUrl":"https:\/\/sysmatec.ch\/wp-content\/uploads\/2019\/02\/Enregistreur_LascarNFC.jpg","datePublished":"2019-02-21T20:00:03+00:00","dateModified":"2020-02-06T20:14:08+00:00","breadcrumb":{"@id":"https:\/\/sysmatec.ch\/de\/produit\/beruehrungsloser-uebertragungstemperaturschreiber-el-nfc-1\/#breadcrumb"},"inLanguage":"de","potentialAction":[{"@type":"ReadAction","target":["https:\/\/sysmatec.ch\/de\/produit\/beruehrungsloser-uebertragungstemperaturschreiber-el-nfc-1\/"]}]},{"@type":"ImageObject","inLanguage":"de","@id":"https:\/\/sysmatec.ch\/de\/produit\/beruehrungsloser-uebertragungstemperaturschreiber-el-nfc-1\/#primaryimage","url":"https:\/\/sysmatec.ch\/wp-content\/uploads\/2019\/02\/Enregistreur_LascarNFC.jpg","contentUrl":"https:\/\/sysmatec.ch\/wp-content\/uploads\/2019\/02\/Enregistreur_LascarNFC.jpg","width":187,"height":186},{"@type":"BreadcrumbList","@id":"https:\/\/sysmatec.ch\/de\/produit\/beruehrungsloser-uebertragungstemperaturschreiber-el-nfc-1\/#breadcrumb","itemListElement":[{"@type":"ListItem","position":1,"name":"Accueil","item":"https:\/\/sysmatec.ch\/de\/"},{"@type":"ListItem","position":2,"name":"Die Aktivit\u00e4t von Sysmatec","item":"https:\/\/sysmatec.ch\/de\/"},{"@type":"ListItem","position":3,"name":"Ber\u00fchrungsloser \u00dcbertragungstemperaturschreiber EL-NFC-1"}]},{"@type":"WebSite","@id":"https:\/\/sysmatec.ch\/de\/#website","url":"https:\/\/sysmatec.ch\/de\/","name":"Sysmatec","description":"Equipement de laboratoire et logiciels","publisher":{"@id":"https:\/\/sysmatec.ch\/de\/#organization"},"potentialAction":[{"@type":"SearchAction","target":{"@type":"EntryPoint","urlTemplate":"https:\/\/sysmatec.ch\/de\/?s={search_term_string}"},"query-input":{"@type":"PropertyValueSpecification","valueRequired":true,"valueName":"search_term_string"}}],"inLanguage":"de"},{"@type":"Organization","@id":"https:\/\/sysmatec.ch\/de\/#organization","name":"Sysmatec","url":"https:\/\/sysmatec.ch\/de\/","logo":{"@type":"ImageObject","inLanguage":"de","@id":"https:\/\/sysmatec.ch\/de\/#\/schema\/logo\/image\/","url":"https:\/\/sysmatec.ch\/wp-content\/uploads\/2018\/11\/LogoSysmatec.jpg","contentUrl":"https:\/\/sysmatec.ch\/wp-content\/uploads\/2018\/11\/LogoSysmatec.jpg","width":301,"height":297,"caption":"Sysmatec"},"image":{"@id":"https:\/\/sysmatec.ch\/de\/#\/schema\/logo\/image\/"}}]}},"_links":{"self":[{"href":"https:\/\/sysmatec.ch\/de\/wp-json\/wp\/v2\/product\/3559","targetHints":{"allow":["GET"]}}],"collection":[{"href":"https:\/\/sysmatec.ch\/de\/wp-json\/wp\/v2\/product"}],"about":[{"href":"https:\/\/sysmatec.ch\/de\/wp-json\/wp\/v2\/types\/product"}],"wp:featuredmedia":[{"embeddable":true,"href":"https:\/\/sysmatec.ch\/de\/wp-json\/wp\/v2\/media\/3557"}],"wp:attachment":[{"href":"https:\/\/sysmatec.ch\/de\/wp-json\/wp\/v2\/media?parent=3559"}],"wp:term":[{"taxonomy":"product_brand","embeddable":true,"href":"https:\/\/sysmatec.ch\/de\/wp-json\/wp\/v2\/product_brand?post=3559"},{"taxonomy":"product_cat","embeddable":true,"href":"https:\/\/sysmatec.ch\/de\/wp-json\/wp\/v2\/product_cat?post=3559"},{"taxonomy":"product_tag","embeddable":true,"href":"https:\/\/sysmatec.ch\/de\/wp-json\/wp\/v2\/product_tag?post=3559"}],"curies":[{"name":"wp","href":"https:\/\/api.w.org\/{rel}","templated":true}]}}