{"id":3552,"date":"2019-02-21T20:47:54","date_gmt":"2019-02-21T19:47:54","guid":{"rendered":"https:\/\/sysmatec.ch\/produit\/enregistreur-de-temperature-tempnfc-a-communication-sans-fil\/"},"modified":"2022-02-24T18:01:02","modified_gmt":"2022-02-24T17:01:02","slug":"temperatur-datalogger-temp-nfc-mit-drahtloser-kommunikation","status":"publish","type":"product","link":"https:\/\/sysmatec.ch\/de\/Produkt\/temperatur-datalogger-temp-nfc-mit-drahtloser-kommunikation\/","title":{"rendered":"Temperatur Datalogger Temp NFC mit drahtloser Kommunikation"},"content":{"rendered":"<ul>\n<li type=\"disc\">Datenlogger mit NFC-Technologie f\u00fcr die Kommunikation<\/li>\n<li type=\"disc\">Starten und Lesen von Daten unter Verwendung von NFC-Technologie Android-Ger\u00e4te (App kann bei Google Play herunterladbare werden)<\/li>\n<li type=\"disc\">Akku inbegriffen; Lebensdauer von 10 Jahren Stand-by<\/li>\n<li type=\"disc\">Manuelle Startoption mit der Start-Taste<\/li>\n<li type=\"disc\">LED-Status (Ein, Aus, OK, Alarm)<\/li>\n<li type=\"disc\">\u00dcberwacht Echtzeit-Alarm-und Transportdauer; MKT Berechnung wird durch die App ausgef\u00fchrt.<\/li>\n<li type=\"disc\">Ger\u00e4teidentifikation durch QR Code<\/li>\n<li type=\"disc\">Geolocation des Ortes der Start- und Stopp, wird mit der Mission Daten registriert<\/li>\n<li type=\"disc\">Pr\u00e4sentation der Daten in graphischer Form und Tabellen in einem PDF-Dokument<\/li>\n<li type=\"disc\">M\u00f6glichkeit der Definition von Mission-Vorlagen, um die Ger\u00e4te schnell zu starten, ohne dass alle Einstellungen jedes Mal manuell eibgeben zu m\u00fcssen<\/li>\n<li type=\"disc\">Zus\u00e4tzliche Informationen: Absender, Empf\u00e4nger, Betreiber, Notizen, etc.<\/li>\n<li type=\"disc\">F\u00e4higkeit, PDF-Berichte automatisch an vorprogrammierte Email-Adressen zu senden<\/li>\n<li type=\"disc\">Synchronisation mit dem Technosoft Cloud M\u00f6glich<\/li>\n<li type=\"disc\">Optional Kalibrierung Cetificat (NIST gleichwertig)<\/li>\n<li type=\"disc\">Abmessungen 60 x 15 x 73 mm (B x H x L) (L = 90 mm mit H\u00fclse)<\/li>\n<li type=\"disc\">Temperaturbereich -30 \u00b0 C bis 50 \u00b0 C<\/li>\n<li type=\"disc\">Temperaturaufl\u00f6sung von 0.01 \u00b0 C<\/li>\n<li type=\"disc\">Temperaturgenauigkeit \u00b1 0.5 \u00b0 C ohne Zertifikat; \u00b1 0.2 \u00b0 C mit Kalibrierzertifikat<\/li>\n<li type=\"disc\">3912 Speicherdaten (kann weniger abh\u00e4ngig von der Menge von Notizen sein)<\/li>\n<li type=\"disc\">Erfassungsrate ab 1 Sekunde (in 1 Sekunde Aufl\u00f6sung)<\/li>\n<li type=\"disc\">Akkulaufzeit 10 Jahre und drei Millionen Anmeldung<\/li>\n<\/ul>\n<p>verschiedene Versionen:<\/p>\n<ul>\n<li type=\"disc\">TS01TNFC: wieder verwendbar (neu programmierbar)<\/li>\n<li type=\"disc\">TS01TNFCC1: wieder verwendbar bis dass die n\u00e4chste Kalibration f\u00e4llig wird, Kalibrationszertifikat mit einem Punkt zwischen -30\u00b0C, 0\u00b0C, 20\u00b0C, 50\u00b0C<\/li>\n<li type=\"disc\">TS01TNFCC2: wieder verwendbar bis dass die n\u00e4chste Kalibration f\u00e4llig wird, Kalibrationszertifikat mit 4 Punkten (-30\u00b0C, 0\u00b0C, 20\u00b0C, 50\u00b0C).<\/li>\n<li type=\"disc\">TS01TNFCR: Version mit verst\u00e4rkem Geh\u00e4use<\/li>\n<\/ul>\n","protected":false},"excerpt":{"rendered":"<p>Temperatur Datalogger mit drahtloser Kommunikation<\/p>\n","protected":false},"featured_media":3550,"template":"","meta":{"_crdt_document":""},"product_brand":[],"product_cat":[168,173],"product_tag":[],"class_list":{"0":"post-3552","1":"product","2":"type-product","3":"status-publish","4":"has-post-thumbnail","6":"product_cat-datenlogger","7":"product_cat-temperatur","9":"first","10":"instock","11":"taxable","12":"shipping-taxable","13":"product-type-simple"},"yoast_head":"<!-- This site is optimized with the Yoast SEO plugin v27.4 - https:\/\/yoast.com\/product\/yoast-seo-wordpress\/ -->\n<title>Temperatur Datalogger Temp NFC mit drahtloser Kommunikation - Sysmatec<\/title>\n<meta name=\"description\" content=\"Temperatur Datenlogger mit NFC-Kommunikation. Daten k\u00f6nnen mit einem Mobiltelefon ausgelesen werden. Temperaturbereich von -30 bis 50 \u00b0C.\" \/>\n<meta name=\"robots\" content=\"index, follow, max-snippet:-1, max-image-preview:large, max-video-preview:-1\" \/>\n<link rel=\"canonical\" href=\"https:\/\/sysmatec.ch\/de\/produit\/temperatur-datalogger-temp-nfc-mit-drahtloser-kommunikation\/\" \/>\n<meta property=\"og:locale\" content=\"de_DE\" \/>\n<meta property=\"og:type\" content=\"article\" \/>\n<meta property=\"og:title\" content=\"Temperatur Datalogger Temp NFC mit drahtloser Kommunikation - Sysmatec\" \/>\n<meta property=\"og:description\" content=\"Temperatur Datenlogger mit NFC-Kommunikation. Daten k\u00f6nnen mit einem Mobiltelefon ausgelesen werden. Temperaturbereich von -30 bis 50 \u00b0C.\" \/>\n<meta property=\"og:url\" content=\"https:\/\/sysmatec.ch\/de\/produit\/temperatur-datalogger-temp-nfc-mit-drahtloser-kommunikation\/\" \/>\n<meta property=\"og:site_name\" content=\"Sysmatec\" \/>\n<meta property=\"article:modified_time\" content=\"2022-02-24T17:01:02+00:00\" \/>\n<meta property=\"og:image\" content=\"https:\/\/sysmatec.ch\/wp-content\/uploads\/2019\/02\/Enregistreur_TecnosoftTEMPNFC.jpg\" \/>\n\t<meta property=\"og:image:width\" content=\"166\" \/>\n\t<meta property=\"og:image:height\" content=\"195\" \/>\n\t<meta property=\"og:image:type\" content=\"image\/jpeg\" \/>\n<meta name=\"twitter:card\" content=\"summary_large_image\" \/>\n<meta name=\"twitter:label1\" content=\"Gesch\u00e4tzte Lesezeit\" \/>\n\t<meta name=\"twitter:data1\" content=\"1\u00a0Minute\" \/>\n<script type=\"application\/ld+json\" class=\"yoast-schema-graph\">{\"@context\":\"https:\\\/\\\/schema.org\",\"@graph\":[{\"@type\":\"WebPage\",\"@id\":\"https:\\\/\\\/sysmatec.ch\\\/de\\\/produit\\\/temperatur-datalogger-temp-nfc-mit-drahtloser-kommunikation\\\/\",\"url\":\"https:\\\/\\\/sysmatec.ch\\\/de\\\/produit\\\/temperatur-datalogger-temp-nfc-mit-drahtloser-kommunikation\\\/\",\"name\":\"Temperatur Datalogger Temp NFC mit drahtloser Kommunikation - Sysmatec\",\"isPartOf\":{\"@id\":\"https:\\\/\\\/sysmatec.ch\\\/de\\\/#website\"},\"primaryImageOfPage\":{\"@id\":\"https:\\\/\\\/sysmatec.ch\\\/de\\\/produit\\\/temperatur-datalogger-temp-nfc-mit-drahtloser-kommunikation\\\/#primaryimage\"},\"image\":{\"@id\":\"https:\\\/\\\/sysmatec.ch\\\/de\\\/produit\\\/temperatur-datalogger-temp-nfc-mit-drahtloser-kommunikation\\\/#primaryimage\"},\"thumbnailUrl\":\"https:\\\/\\\/sysmatec.ch\\\/wp-content\\\/uploads\\\/2019\\\/02\\\/Enregistreur_TecnosoftTEMPNFC.jpg\",\"datePublished\":\"2019-02-21T19:47:54+00:00\",\"dateModified\":\"2022-02-24T17:01:02+00:00\",\"description\":\"Temperatur Datenlogger mit NFC-Kommunikation. Daten k\u00f6nnen mit einem Mobiltelefon ausgelesen werden. Temperaturbereich von -30 bis 50 \u00b0C.\",\"breadcrumb\":{\"@id\":\"https:\\\/\\\/sysmatec.ch\\\/de\\\/produit\\\/temperatur-datalogger-temp-nfc-mit-drahtloser-kommunikation\\\/#breadcrumb\"},\"inLanguage\":\"de\",\"potentialAction\":[{\"@type\":\"ReadAction\",\"target\":[\"https:\\\/\\\/sysmatec.ch\\\/de\\\/produit\\\/temperatur-datalogger-temp-nfc-mit-drahtloser-kommunikation\\\/\"]}]},{\"@type\":\"ImageObject\",\"inLanguage\":\"de\",\"@id\":\"https:\\\/\\\/sysmatec.ch\\\/de\\\/produit\\\/temperatur-datalogger-temp-nfc-mit-drahtloser-kommunikation\\\/#primaryimage\",\"url\":\"https:\\\/\\\/sysmatec.ch\\\/wp-content\\\/uploads\\\/2019\\\/02\\\/Enregistreur_TecnosoftTEMPNFC.jpg\",\"contentUrl\":\"https:\\\/\\\/sysmatec.ch\\\/wp-content\\\/uploads\\\/2019\\\/02\\\/Enregistreur_TecnosoftTEMPNFC.jpg\",\"width\":166,\"height\":195},{\"@type\":\"BreadcrumbList\",\"@id\":\"https:\\\/\\\/sysmatec.ch\\\/de\\\/produit\\\/temperatur-datalogger-temp-nfc-mit-drahtloser-kommunikation\\\/#breadcrumb\",\"itemListElement\":[{\"@type\":\"ListItem\",\"position\":1,\"name\":\"Accueil\",\"item\":\"https:\\\/\\\/sysmatec.ch\\\/de\\\/\"},{\"@type\":\"ListItem\",\"position\":2,\"name\":\"Die Aktivit\u00e4t von Sysmatec\",\"item\":\"https:\\\/\\\/sysmatec.ch\\\/de\\\/\"},{\"@type\":\"ListItem\",\"position\":3,\"name\":\"Temperatur Datalogger Temp NFC mit drahtloser Kommunikation\"}]},{\"@type\":\"WebSite\",\"@id\":\"https:\\\/\\\/sysmatec.ch\\\/de\\\/#website\",\"url\":\"https:\\\/\\\/sysmatec.ch\\\/de\\\/\",\"name\":\"Sysmatec\",\"description\":\"Equipement de laboratoire et logiciels\",\"publisher\":{\"@id\":\"https:\\\/\\\/sysmatec.ch\\\/de\\\/#organization\"},\"potentialAction\":[{\"@type\":\"SearchAction\",\"target\":{\"@type\":\"EntryPoint\",\"urlTemplate\":\"https:\\\/\\\/sysmatec.ch\\\/de\\\/?s={search_term_string}\"},\"query-input\":{\"@type\":\"PropertyValueSpecification\",\"valueRequired\":true,\"valueName\":\"search_term_string\"}}],\"inLanguage\":\"de\"},{\"@type\":\"Organization\",\"@id\":\"https:\\\/\\\/sysmatec.ch\\\/de\\\/#organization\",\"name\":\"Sysmatec\",\"url\":\"https:\\\/\\\/sysmatec.ch\\\/de\\\/\",\"logo\":{\"@type\":\"ImageObject\",\"inLanguage\":\"de\",\"@id\":\"https:\\\/\\\/sysmatec.ch\\\/de\\\/#\\\/schema\\\/logo\\\/image\\\/\",\"url\":\"https:\\\/\\\/sysmatec.ch\\\/wp-content\\\/uploads\\\/2018\\\/11\\\/LogoSysmatec.jpg\",\"contentUrl\":\"https:\\\/\\\/sysmatec.ch\\\/wp-content\\\/uploads\\\/2018\\\/11\\\/LogoSysmatec.jpg\",\"width\":301,\"height\":297,\"caption\":\"Sysmatec\"},\"image\":{\"@id\":\"https:\\\/\\\/sysmatec.ch\\\/de\\\/#\\\/schema\\\/logo\\\/image\\\/\"}}]}<\/script>\n<!-- \/ Yoast SEO plugin. -->","yoast_head_json":{"title":"Temperatur Datalogger Temp NFC mit drahtloser Kommunikation - Sysmatec","description":"Temperatur Datenlogger mit NFC-Kommunikation. Daten k\u00f6nnen mit einem Mobiltelefon ausgelesen werden. Temperaturbereich von -30 bis 50 \u00b0C.","robots":{"index":"index","follow":"follow","max-snippet":"max-snippet:-1","max-image-preview":"max-image-preview:large","max-video-preview":"max-video-preview:-1"},"canonical":"https:\/\/sysmatec.ch\/de\/produit\/temperatur-datalogger-temp-nfc-mit-drahtloser-kommunikation\/","og_locale":"de_DE","og_type":"article","og_title":"Temperatur Datalogger Temp NFC mit drahtloser Kommunikation - Sysmatec","og_description":"Temperatur Datenlogger mit NFC-Kommunikation. Daten k\u00f6nnen mit einem Mobiltelefon ausgelesen werden. Temperaturbereich von -30 bis 50 \u00b0C.","og_url":"https:\/\/sysmatec.ch\/de\/produit\/temperatur-datalogger-temp-nfc-mit-drahtloser-kommunikation\/","og_site_name":"Sysmatec","article_modified_time":"2022-02-24T17:01:02+00:00","og_image":[{"width":166,"height":195,"url":"https:\/\/sysmatec.ch\/wp-content\/uploads\/2019\/02\/Enregistreur_TecnosoftTEMPNFC.jpg","type":"image\/jpeg"}],"twitter_card":"summary_large_image","twitter_misc":{"Gesch\u00e4tzte Lesezeit":"1\u00a0Minute"},"schema":{"@context":"https:\/\/schema.org","@graph":[{"@type":"WebPage","@id":"https:\/\/sysmatec.ch\/de\/produit\/temperatur-datalogger-temp-nfc-mit-drahtloser-kommunikation\/","url":"https:\/\/sysmatec.ch\/de\/produit\/temperatur-datalogger-temp-nfc-mit-drahtloser-kommunikation\/","name":"Temperatur Datalogger Temp NFC mit drahtloser Kommunikation - Sysmatec","isPartOf":{"@id":"https:\/\/sysmatec.ch\/de\/#website"},"primaryImageOfPage":{"@id":"https:\/\/sysmatec.ch\/de\/produit\/temperatur-datalogger-temp-nfc-mit-drahtloser-kommunikation\/#primaryimage"},"image":{"@id":"https:\/\/sysmatec.ch\/de\/produit\/temperatur-datalogger-temp-nfc-mit-drahtloser-kommunikation\/#primaryimage"},"thumbnailUrl":"https:\/\/sysmatec.ch\/wp-content\/uploads\/2019\/02\/Enregistreur_TecnosoftTEMPNFC.jpg","datePublished":"2019-02-21T19:47:54+00:00","dateModified":"2022-02-24T17:01:02+00:00","description":"Temperatur Datenlogger mit NFC-Kommunikation. Daten k\u00f6nnen mit einem Mobiltelefon ausgelesen werden. Temperaturbereich von -30 bis 50 \u00b0C.","breadcrumb":{"@id":"https:\/\/sysmatec.ch\/de\/produit\/temperatur-datalogger-temp-nfc-mit-drahtloser-kommunikation\/#breadcrumb"},"inLanguage":"de","potentialAction":[{"@type":"ReadAction","target":["https:\/\/sysmatec.ch\/de\/produit\/temperatur-datalogger-temp-nfc-mit-drahtloser-kommunikation\/"]}]},{"@type":"ImageObject","inLanguage":"de","@id":"https:\/\/sysmatec.ch\/de\/produit\/temperatur-datalogger-temp-nfc-mit-drahtloser-kommunikation\/#primaryimage","url":"https:\/\/sysmatec.ch\/wp-content\/uploads\/2019\/02\/Enregistreur_TecnosoftTEMPNFC.jpg","contentUrl":"https:\/\/sysmatec.ch\/wp-content\/uploads\/2019\/02\/Enregistreur_TecnosoftTEMPNFC.jpg","width":166,"height":195},{"@type":"BreadcrumbList","@id":"https:\/\/sysmatec.ch\/de\/produit\/temperatur-datalogger-temp-nfc-mit-drahtloser-kommunikation\/#breadcrumb","itemListElement":[{"@type":"ListItem","position":1,"name":"Accueil","item":"https:\/\/sysmatec.ch\/de\/"},{"@type":"ListItem","position":2,"name":"Die Aktivit\u00e4t von Sysmatec","item":"https:\/\/sysmatec.ch\/de\/"},{"@type":"ListItem","position":3,"name":"Temperatur Datalogger Temp NFC mit drahtloser Kommunikation"}]},{"@type":"WebSite","@id":"https:\/\/sysmatec.ch\/de\/#website","url":"https:\/\/sysmatec.ch\/de\/","name":"Sysmatec","description":"Equipement de laboratoire et logiciels","publisher":{"@id":"https:\/\/sysmatec.ch\/de\/#organization"},"potentialAction":[{"@type":"SearchAction","target":{"@type":"EntryPoint","urlTemplate":"https:\/\/sysmatec.ch\/de\/?s={search_term_string}"},"query-input":{"@type":"PropertyValueSpecification","valueRequired":true,"valueName":"search_term_string"}}],"inLanguage":"de"},{"@type":"Organization","@id":"https:\/\/sysmatec.ch\/de\/#organization","name":"Sysmatec","url":"https:\/\/sysmatec.ch\/de\/","logo":{"@type":"ImageObject","inLanguage":"de","@id":"https:\/\/sysmatec.ch\/de\/#\/schema\/logo\/image\/","url":"https:\/\/sysmatec.ch\/wp-content\/uploads\/2018\/11\/LogoSysmatec.jpg","contentUrl":"https:\/\/sysmatec.ch\/wp-content\/uploads\/2018\/11\/LogoSysmatec.jpg","width":301,"height":297,"caption":"Sysmatec"},"image":{"@id":"https:\/\/sysmatec.ch\/de\/#\/schema\/logo\/image\/"}}]}},"_links":{"self":[{"href":"https:\/\/sysmatec.ch\/de\/wp-json\/wp\/v2\/product\/3552","targetHints":{"allow":["GET"]}}],"collection":[{"href":"https:\/\/sysmatec.ch\/de\/wp-json\/wp\/v2\/product"}],"about":[{"href":"https:\/\/sysmatec.ch\/de\/wp-json\/wp\/v2\/types\/product"}],"wp:featuredmedia":[{"embeddable":true,"href":"https:\/\/sysmatec.ch\/de\/wp-json\/wp\/v2\/media\/3550"}],"wp:attachment":[{"href":"https:\/\/sysmatec.ch\/de\/wp-json\/wp\/v2\/media?parent=3552"}],"wp:term":[{"taxonomy":"product_brand","embeddable":true,"href":"https:\/\/sysmatec.ch\/de\/wp-json\/wp\/v2\/product_brand?post=3552"},{"taxonomy":"product_cat","embeddable":true,"href":"https:\/\/sysmatec.ch\/de\/wp-json\/wp\/v2\/product_cat?post=3552"},{"taxonomy":"product_tag","embeddable":true,"href":"https:\/\/sysmatec.ch\/de\/wp-json\/wp\/v2\/product_tag?post=3552"}],"curies":[{"name":"wp","href":"https:\/\/api.w.org\/{rel}","templated":true}]}}