{"id":3545,"date":"2019-02-21T20:33:13","date_gmt":"2019-02-21T19:33:13","guid":{"rendered":"https:\/\/sysmatec.ch\/produit\/temperature-recorder-with-gsm-communication-cos91\/"},"modified":"2022-02-24T18:07:29","modified_gmt":"2022-02-24T17:07:29","slug":"gsm-temperature-datalogger-cos91","status":"publish","type":"product","link":"https:\/\/sysmatec.ch\/de\/Produkt\/gsm-temperature-datalogger-cos91\/","title":{"rendered":"GSM Temperature datalogger COS91"},"content":{"rendered":"<p>Die Temperatur-Box ist ein autonomer Temperaturdatenlogger, der R\u00fcckverfolgbarkeit der K\u00fchlkette beim Transport sensibler G\u00fcter gew\u00e4hrleistet. Die Informationen werden in Echtzeit \u00fcber GPRS (Mobilfunknetz ) \u00fcbertragen und in der Webmonitor Web-Anwendung angezeigt.<\/p>\n<ul>\n<li type=\"disc\">Echtzeit -\u00dcberwachung, Alarmierung<\/li>\n<li type=\"disc\">Anzeige und Speicherung von Messungen auf einer Web-Anwendung<\/li>\n<li type=\"disc\">Standort auf Google Maps<\/li>\n<li type=\"disc\">Temperaturbereich : -40 bis +85 \u00b0 C +\/- 0.3 \u00b0 C<\/li>\n<li type=\"disc\">GSM-Modem: 2.5 G<\/li>\n<li type=\"disc\">Geolokalisierung: durch Software mit den Relaisantennendaten berechnet und durch die Temperatur-Box \u00fcbertragen. Im Gegensatz zu GPS, funktionniert auch in einem Transportanh\u00e4nger und Lagerhallen .<\/li>\n<li type=\"disc\">Messungfrequenz : 10 Minuten<\/li>\n<li type=\"disc\">Lokalisierungsfrequenz: 1 Stunde<\/li>\n<li type=\"disc\">\u00dcbertragungsfrequenz : 1 Stunde<\/li>\n<li type=\"disc\">Akkulaufzeit: 6 Wochen (weideraufladbar)<\/li>\n<li type=\"disc\">IP66<\/li>\n<\/ul>\n","protected":false},"excerpt":{"rendered":"<p>GSM Temperature datalogger<\/p>\n","protected":false},"featured_media":3543,"template":"","meta":{"_crdt_document":""},"product_brand":[],"product_cat":[168,173],"product_tag":[],"class_list":{"0":"post-3545","1":"product","2":"type-product","3":"status-publish","4":"has-post-thumbnail","6":"product_cat-datenlogger","7":"product_cat-temperatur","9":"first","10":"instock","11":"taxable","12":"shipping-taxable","13":"product-type-simple"},"yoast_head":"<!-- This site is optimized with the Yoast SEO plugin v27.4 - https:\/\/yoast.com\/product\/yoast-seo-wordpress\/ -->\n<title>GSM Temperature datalogger COS91 - Sysmatec<\/title>\n<meta name=\"description\" content=\"GPRS Temperaturschreiber f\u00fcr die K\u00fchlkette. Geolokalisierung m\u00f6glich. Temperaturbereich -40 bis +85\u00b0C.\" \/>\n<meta name=\"robots\" content=\"index, follow, max-snippet:-1, max-image-preview:large, max-video-preview:-1\" \/>\n<link rel=\"canonical\" href=\"https:\/\/sysmatec.ch\/de\/produit\/gsm-temperature-datalogger-cos91\/\" \/>\n<meta property=\"og:locale\" content=\"de_DE\" \/>\n<meta property=\"og:type\" content=\"article\" \/>\n<meta property=\"og:title\" content=\"GSM Temperature datalogger COS91 - Sysmatec\" \/>\n<meta property=\"og:description\" content=\"GPRS Temperaturschreiber f\u00fcr die K\u00fchlkette. Geolokalisierung m\u00f6glich. Temperaturbereich -40 bis +85\u00b0C.\" \/>\n<meta property=\"og:url\" content=\"https:\/\/sysmatec.ch\/de\/produit\/gsm-temperature-datalogger-cos91\/\" \/>\n<meta property=\"og:site_name\" content=\"Sysmatec\" \/>\n<meta property=\"article:modified_time\" content=\"2022-02-24T17:07:29+00:00\" \/>\n<meta property=\"og:image\" content=\"https:\/\/sysmatec.ch\/wp-content\/uploads\/2019\/02\/Enregistreur_NewsteoCOS91.jpg\" \/>\n\t<meta property=\"og:image:width\" content=\"185\" \/>\n\t<meta property=\"og:image:height\" content=\"353\" \/>\n\t<meta property=\"og:image:type\" content=\"image\/jpeg\" \/>\n<meta name=\"twitter:card\" content=\"summary_large_image\" \/>\n<script type=\"application\/ld+json\" class=\"yoast-schema-graph\">{\"@context\":\"https:\\\/\\\/schema.org\",\"@graph\":[{\"@type\":\"WebPage\",\"@id\":\"https:\\\/\\\/sysmatec.ch\\\/de\\\/produit\\\/gsm-temperature-datalogger-cos91\\\/\",\"url\":\"https:\\\/\\\/sysmatec.ch\\\/de\\\/produit\\\/gsm-temperature-datalogger-cos91\\\/\",\"name\":\"GSM Temperature datalogger COS91 - Sysmatec\",\"isPartOf\":{\"@id\":\"https:\\\/\\\/sysmatec.ch\\\/de\\\/#website\"},\"primaryImageOfPage\":{\"@id\":\"https:\\\/\\\/sysmatec.ch\\\/de\\\/produit\\\/gsm-temperature-datalogger-cos91\\\/#primaryimage\"},\"image\":{\"@id\":\"https:\\\/\\\/sysmatec.ch\\\/de\\\/produit\\\/gsm-temperature-datalogger-cos91\\\/#primaryimage\"},\"thumbnailUrl\":\"https:\\\/\\\/sysmatec.ch\\\/wp-content\\\/uploads\\\/2019\\\/02\\\/Enregistreur_NewsteoCOS91.jpg\",\"datePublished\":\"2019-02-21T19:33:13+00:00\",\"dateModified\":\"2022-02-24T17:07:29+00:00\",\"description\":\"GPRS Temperaturschreiber f\u00fcr die K\u00fchlkette. Geolokalisierung m\u00f6glich. Temperaturbereich -40 bis +85\u00b0C.\",\"breadcrumb\":{\"@id\":\"https:\\\/\\\/sysmatec.ch\\\/de\\\/produit\\\/gsm-temperature-datalogger-cos91\\\/#breadcrumb\"},\"inLanguage\":\"de\",\"potentialAction\":[{\"@type\":\"ReadAction\",\"target\":[\"https:\\\/\\\/sysmatec.ch\\\/de\\\/produit\\\/gsm-temperature-datalogger-cos91\\\/\"]}]},{\"@type\":\"ImageObject\",\"inLanguage\":\"de\",\"@id\":\"https:\\\/\\\/sysmatec.ch\\\/de\\\/produit\\\/gsm-temperature-datalogger-cos91\\\/#primaryimage\",\"url\":\"https:\\\/\\\/sysmatec.ch\\\/wp-content\\\/uploads\\\/2019\\\/02\\\/Enregistreur_NewsteoCOS91.jpg\",\"contentUrl\":\"https:\\\/\\\/sysmatec.ch\\\/wp-content\\\/uploads\\\/2019\\\/02\\\/Enregistreur_NewsteoCOS91.jpg\",\"width\":185,\"height\":353},{\"@type\":\"BreadcrumbList\",\"@id\":\"https:\\\/\\\/sysmatec.ch\\\/de\\\/produit\\\/gsm-temperature-datalogger-cos91\\\/#breadcrumb\",\"itemListElement\":[{\"@type\":\"ListItem\",\"position\":1,\"name\":\"Accueil\",\"item\":\"https:\\\/\\\/sysmatec.ch\\\/de\\\/\"},{\"@type\":\"ListItem\",\"position\":2,\"name\":\"Die Aktivit\u00e4t von Sysmatec\",\"item\":\"https:\\\/\\\/sysmatec.ch\\\/de\\\/\"},{\"@type\":\"ListItem\",\"position\":3,\"name\":\"GSM Temperature datalogger COS91\"}]},{\"@type\":\"WebSite\",\"@id\":\"https:\\\/\\\/sysmatec.ch\\\/de\\\/#website\",\"url\":\"https:\\\/\\\/sysmatec.ch\\\/de\\\/\",\"name\":\"Sysmatec\",\"description\":\"Equipement de laboratoire et logiciels\",\"publisher\":{\"@id\":\"https:\\\/\\\/sysmatec.ch\\\/de\\\/#organization\"},\"potentialAction\":[{\"@type\":\"SearchAction\",\"target\":{\"@type\":\"EntryPoint\",\"urlTemplate\":\"https:\\\/\\\/sysmatec.ch\\\/de\\\/?s={search_term_string}\"},\"query-input\":{\"@type\":\"PropertyValueSpecification\",\"valueRequired\":true,\"valueName\":\"search_term_string\"}}],\"inLanguage\":\"de\"},{\"@type\":\"Organization\",\"@id\":\"https:\\\/\\\/sysmatec.ch\\\/de\\\/#organization\",\"name\":\"Sysmatec\",\"url\":\"https:\\\/\\\/sysmatec.ch\\\/de\\\/\",\"logo\":{\"@type\":\"ImageObject\",\"inLanguage\":\"de\",\"@id\":\"https:\\\/\\\/sysmatec.ch\\\/de\\\/#\\\/schema\\\/logo\\\/image\\\/\",\"url\":\"https:\\\/\\\/sysmatec.ch\\\/wp-content\\\/uploads\\\/2018\\\/11\\\/LogoSysmatec.jpg\",\"contentUrl\":\"https:\\\/\\\/sysmatec.ch\\\/wp-content\\\/uploads\\\/2018\\\/11\\\/LogoSysmatec.jpg\",\"width\":301,\"height\":297,\"caption\":\"Sysmatec\"},\"image\":{\"@id\":\"https:\\\/\\\/sysmatec.ch\\\/de\\\/#\\\/schema\\\/logo\\\/image\\\/\"}}]}<\/script>\n<!-- \/ Yoast SEO plugin. -->","yoast_head_json":{"title":"GSM Temperature datalogger COS91 - Sysmatec","description":"GPRS Temperaturschreiber f\u00fcr die K\u00fchlkette. Geolokalisierung m\u00f6glich. Temperaturbereich -40 bis +85\u00b0C.","robots":{"index":"index","follow":"follow","max-snippet":"max-snippet:-1","max-image-preview":"max-image-preview:large","max-video-preview":"max-video-preview:-1"},"canonical":"https:\/\/sysmatec.ch\/de\/produit\/gsm-temperature-datalogger-cos91\/","og_locale":"de_DE","og_type":"article","og_title":"GSM Temperature datalogger COS91 - Sysmatec","og_description":"GPRS Temperaturschreiber f\u00fcr die K\u00fchlkette. Geolokalisierung m\u00f6glich. Temperaturbereich -40 bis +85\u00b0C.","og_url":"https:\/\/sysmatec.ch\/de\/produit\/gsm-temperature-datalogger-cos91\/","og_site_name":"Sysmatec","article_modified_time":"2022-02-24T17:07:29+00:00","og_image":[{"width":185,"height":353,"url":"https:\/\/sysmatec.ch\/wp-content\/uploads\/2019\/02\/Enregistreur_NewsteoCOS91.jpg","type":"image\/jpeg"}],"twitter_card":"summary_large_image","schema":{"@context":"https:\/\/schema.org","@graph":[{"@type":"WebPage","@id":"https:\/\/sysmatec.ch\/de\/produit\/gsm-temperature-datalogger-cos91\/","url":"https:\/\/sysmatec.ch\/de\/produit\/gsm-temperature-datalogger-cos91\/","name":"GSM Temperature datalogger COS91 - Sysmatec","isPartOf":{"@id":"https:\/\/sysmatec.ch\/de\/#website"},"primaryImageOfPage":{"@id":"https:\/\/sysmatec.ch\/de\/produit\/gsm-temperature-datalogger-cos91\/#primaryimage"},"image":{"@id":"https:\/\/sysmatec.ch\/de\/produit\/gsm-temperature-datalogger-cos91\/#primaryimage"},"thumbnailUrl":"https:\/\/sysmatec.ch\/wp-content\/uploads\/2019\/02\/Enregistreur_NewsteoCOS91.jpg","datePublished":"2019-02-21T19:33:13+00:00","dateModified":"2022-02-24T17:07:29+00:00","description":"GPRS Temperaturschreiber f\u00fcr die K\u00fchlkette. Geolokalisierung m\u00f6glich. Temperaturbereich -40 bis +85\u00b0C.","breadcrumb":{"@id":"https:\/\/sysmatec.ch\/de\/produit\/gsm-temperature-datalogger-cos91\/#breadcrumb"},"inLanguage":"de","potentialAction":[{"@type":"ReadAction","target":["https:\/\/sysmatec.ch\/de\/produit\/gsm-temperature-datalogger-cos91\/"]}]},{"@type":"ImageObject","inLanguage":"de","@id":"https:\/\/sysmatec.ch\/de\/produit\/gsm-temperature-datalogger-cos91\/#primaryimage","url":"https:\/\/sysmatec.ch\/wp-content\/uploads\/2019\/02\/Enregistreur_NewsteoCOS91.jpg","contentUrl":"https:\/\/sysmatec.ch\/wp-content\/uploads\/2019\/02\/Enregistreur_NewsteoCOS91.jpg","width":185,"height":353},{"@type":"BreadcrumbList","@id":"https:\/\/sysmatec.ch\/de\/produit\/gsm-temperature-datalogger-cos91\/#breadcrumb","itemListElement":[{"@type":"ListItem","position":1,"name":"Accueil","item":"https:\/\/sysmatec.ch\/de\/"},{"@type":"ListItem","position":2,"name":"Die Aktivit\u00e4t von Sysmatec","item":"https:\/\/sysmatec.ch\/de\/"},{"@type":"ListItem","position":3,"name":"GSM Temperature datalogger COS91"}]},{"@type":"WebSite","@id":"https:\/\/sysmatec.ch\/de\/#website","url":"https:\/\/sysmatec.ch\/de\/","name":"Sysmatec","description":"Equipement de laboratoire et logiciels","publisher":{"@id":"https:\/\/sysmatec.ch\/de\/#organization"},"potentialAction":[{"@type":"SearchAction","target":{"@type":"EntryPoint","urlTemplate":"https:\/\/sysmatec.ch\/de\/?s={search_term_string}"},"query-input":{"@type":"PropertyValueSpecification","valueRequired":true,"valueName":"search_term_string"}}],"inLanguage":"de"},{"@type":"Organization","@id":"https:\/\/sysmatec.ch\/de\/#organization","name":"Sysmatec","url":"https:\/\/sysmatec.ch\/de\/","logo":{"@type":"ImageObject","inLanguage":"de","@id":"https:\/\/sysmatec.ch\/de\/#\/schema\/logo\/image\/","url":"https:\/\/sysmatec.ch\/wp-content\/uploads\/2018\/11\/LogoSysmatec.jpg","contentUrl":"https:\/\/sysmatec.ch\/wp-content\/uploads\/2018\/11\/LogoSysmatec.jpg","width":301,"height":297,"caption":"Sysmatec"},"image":{"@id":"https:\/\/sysmatec.ch\/de\/#\/schema\/logo\/image\/"}}]}},"_links":{"self":[{"href":"https:\/\/sysmatec.ch\/de\/wp-json\/wp\/v2\/product\/3545","targetHints":{"allow":["GET"]}}],"collection":[{"href":"https:\/\/sysmatec.ch\/de\/wp-json\/wp\/v2\/product"}],"about":[{"href":"https:\/\/sysmatec.ch\/de\/wp-json\/wp\/v2\/types\/product"}],"wp:featuredmedia":[{"embeddable":true,"href":"https:\/\/sysmatec.ch\/de\/wp-json\/wp\/v2\/media\/3543"}],"wp:attachment":[{"href":"https:\/\/sysmatec.ch\/de\/wp-json\/wp\/v2\/media?parent=3545"}],"wp:term":[{"taxonomy":"product_brand","embeddable":true,"href":"https:\/\/sysmatec.ch\/de\/wp-json\/wp\/v2\/product_brand?post=3545"},{"taxonomy":"product_cat","embeddable":true,"href":"https:\/\/sysmatec.ch\/de\/wp-json\/wp\/v2\/product_cat?post=3545"},{"taxonomy":"product_tag","embeddable":true,"href":"https:\/\/sysmatec.ch\/de\/wp-json\/wp\/v2\/product_tag?post=3545"}],"curies":[{"name":"wp","href":"https:\/\/api.w.org\/{rel}","templated":true}]}}