{"id":3533,"date":"2019-02-21T20:15:23","date_gmt":"2019-02-21T19:15:23","guid":{"rendered":"https:\/\/sysmatec.ch\/produit\/enregistreur-de-temperature-gsm-serie-gsm1x\/"},"modified":"2022-02-24T18:39:23","modified_gmt":"2022-02-24T17:39:23","slug":"gsm-temperature-datalogger-gsm1x-serie","status":"publish","type":"product","link":"https:\/\/sysmatec.ch\/de\/Produkt\/gsm-temperature-datalogger-gsm1x-serie\/","title":{"rendered":"GSM Temperature datalogger GSM1X Serie"},"content":{"rendered":"<p>Dieser Temperatur-Datenlogger verwendet das GSM-Netz f\u00fcr die Kommunikation. Er kann Alarme und Temperaturwerte per SMS senden. Er verf\u00fcgt \u00fcber ein gro\u00dfes LCD-Display, das Messwerte anzeigt. Dieses Ger\u00e4t kann Alarmmeldungen an GSM-Mobiltelefon senden, wenn z.B. eingestellten Temperaturgrenzen \u00fcberschreitet werden. Der Benutzer kann den Datenlogger \u00fcber ein beliebiges Mobiltelefon anrufen um Temperaturmesswerte zu erhalten.<\/p>\n<p>Weitere professionelle Anwendungen k\u00f6nnen durch die Einzel-PC-Software DGraphTM unter Windows XP \/ 7\/8 (32\/64 Bit) zur Verf\u00fcgung gestellt werden. Die Software ist einfach zu installieren und erlaubt die Daten direkt \u00fcber die USB Schnitstelle zu lesen. Der Benutzer kann die Daten anzeigen, analysieren und exportieren (txt, xls, csv, bmp, jpg).<\/p>\n<p>Spezifikationen<\/p>\n<ul>\n<li type=\"disc\">Temperaturbereich: -20 \u00b0 C bis 80 \u00b0 C mit internen Sonde, -40 bis 125 \u00b0C mit externen Sensoren (geliefert)<\/li>\n<li type=\"disc\">Temperaturgenauigkeit: +\/- 0.3 \u00b0 C (GSM11, GSM11E) oder +\/- 0.5 \u00b0 C (GSM10, GSM10E), Aufl\u00f6sung 0.1 \u00b0 C<\/li>\n<li type=\"disc\">Batterieautonomie mit aktivierten GPRS-Kommunikation: 1-3 Tage<\/li>\n<li type=\"disc\">Speicherkapazit\u00e4t: 32 000 Werte<\/li>\n<li type=\"disc\">Zeitintervall 1 s bis 24 h<\/li>\n<li type=\"disc\">Lithium Batterie (2600 mA)<\/li>\n<li type=\"disc\">Dimension: 140x74x24 mm<\/li>\n<li type=\"disc\">Gewicht: ca. 100 g<\/li>\n<li type=\"disc\">Version GSM10\/GSM11 mit internen Sensor und GSM10E\/GSM11E mit externen Sensoren (mit dem Logger geliefert)<\/li>\n<li type=\"disc\">Software in Englisch<\/li>\n<li type=\"disc\">ohne SIM-Karte geliefert<\/li>\n<\/ul>\n","protected":false},"excerpt":{"rendered":"<p>GSM Temperature Datalogger<\/p>\n","protected":false},"featured_media":3531,"template":"","meta":{"_crdt_document":""},"product_brand":[],"product_cat":[168,173],"product_tag":[],"class_list":{"0":"post-3533","1":"product","2":"type-product","3":"status-publish","4":"has-post-thumbnail","6":"product_cat-datenlogger","7":"product_cat-temperatur","9":"first","10":"instock","11":"taxable","12":"shipping-taxable","13":"product-type-simple"},"yoast_head":"<!-- This site is optimized with the Yoast SEO plugin v27.4 - https:\/\/yoast.com\/product\/yoast-seo-wordpress\/ -->\n<title>GSM Temperature datalogger GSM1X Serie - Sysmatec<\/title>\n<meta name=\"description\" content=\"Temperaturschreiber mit GSM-Kommunikation f\u00fcr die K\u00fchlkette. Temperaturbereich -20 bis 80 \u00b0C. Echtzeit-Alarme.\" \/>\n<meta name=\"robots\" content=\"index, follow, max-snippet:-1, max-image-preview:large, max-video-preview:-1\" \/>\n<link rel=\"canonical\" href=\"https:\/\/sysmatec.ch\/de\/produit\/gsm-temperature-datalogger-gsm1x-serie\/\" \/>\n<meta property=\"og:locale\" content=\"de_DE\" \/>\n<meta property=\"og:type\" content=\"article\" \/>\n<meta property=\"og:title\" content=\"GSM Temperature datalogger GSM1X Serie - Sysmatec\" \/>\n<meta property=\"og:description\" content=\"Temperaturschreiber mit GSM-Kommunikation f\u00fcr die K\u00fchlkette. Temperaturbereich -20 bis 80 \u00b0C. Echtzeit-Alarme.\" \/>\n<meta property=\"og:url\" content=\"https:\/\/sysmatec.ch\/de\/produit\/gsm-temperature-datalogger-gsm1x-serie\/\" \/>\n<meta property=\"og:site_name\" content=\"Sysmatec\" \/>\n<meta property=\"article:modified_time\" content=\"2022-02-24T17:39:23+00:00\" \/>\n<meta property=\"og:image\" content=\"https:\/\/sysmatec.ch\/wp-content\/uploads\/2019\/02\/Enregistreur_WellzionGSM.jpg\" \/>\n\t<meta property=\"og:image:width\" content=\"186\" \/>\n\t<meta property=\"og:image:height\" content=\"200\" \/>\n\t<meta property=\"og:image:type\" content=\"image\/jpeg\" \/>\n<meta name=\"twitter:card\" content=\"summary_large_image\" \/>\n<meta name=\"twitter:label1\" content=\"Gesch\u00e4tzte Lesezeit\" \/>\n\t<meta name=\"twitter:data1\" content=\"1\u00a0Minute\" \/>\n<script type=\"application\/ld+json\" class=\"yoast-schema-graph\">{\"@context\":\"https:\\\/\\\/schema.org\",\"@graph\":[{\"@type\":\"WebPage\",\"@id\":\"https:\\\/\\\/sysmatec.ch\\\/de\\\/produit\\\/gsm-temperature-datalogger-gsm1x-serie\\\/\",\"url\":\"https:\\\/\\\/sysmatec.ch\\\/de\\\/produit\\\/gsm-temperature-datalogger-gsm1x-serie\\\/\",\"name\":\"GSM Temperature datalogger GSM1X Serie - Sysmatec\",\"isPartOf\":{\"@id\":\"https:\\\/\\\/sysmatec.ch\\\/de\\\/#website\"},\"primaryImageOfPage\":{\"@id\":\"https:\\\/\\\/sysmatec.ch\\\/de\\\/produit\\\/gsm-temperature-datalogger-gsm1x-serie\\\/#primaryimage\"},\"image\":{\"@id\":\"https:\\\/\\\/sysmatec.ch\\\/de\\\/produit\\\/gsm-temperature-datalogger-gsm1x-serie\\\/#primaryimage\"},\"thumbnailUrl\":\"https:\\\/\\\/sysmatec.ch\\\/wp-content\\\/uploads\\\/2019\\\/02\\\/Enregistreur_WellzionGSM.jpg\",\"datePublished\":\"2019-02-21T19:15:23+00:00\",\"dateModified\":\"2022-02-24T17:39:23+00:00\",\"description\":\"Temperaturschreiber mit GSM-Kommunikation f\u00fcr die K\u00fchlkette. Temperaturbereich -20 bis 80 \u00b0C. Echtzeit-Alarme.\",\"breadcrumb\":{\"@id\":\"https:\\\/\\\/sysmatec.ch\\\/de\\\/produit\\\/gsm-temperature-datalogger-gsm1x-serie\\\/#breadcrumb\"},\"inLanguage\":\"de\",\"potentialAction\":[{\"@type\":\"ReadAction\",\"target\":[\"https:\\\/\\\/sysmatec.ch\\\/de\\\/produit\\\/gsm-temperature-datalogger-gsm1x-serie\\\/\"]}]},{\"@type\":\"ImageObject\",\"inLanguage\":\"de\",\"@id\":\"https:\\\/\\\/sysmatec.ch\\\/de\\\/produit\\\/gsm-temperature-datalogger-gsm1x-serie\\\/#primaryimage\",\"url\":\"https:\\\/\\\/sysmatec.ch\\\/wp-content\\\/uploads\\\/2019\\\/02\\\/Enregistreur_WellzionGSM.jpg\",\"contentUrl\":\"https:\\\/\\\/sysmatec.ch\\\/wp-content\\\/uploads\\\/2019\\\/02\\\/Enregistreur_WellzionGSM.jpg\",\"width\":186,\"height\":200},{\"@type\":\"BreadcrumbList\",\"@id\":\"https:\\\/\\\/sysmatec.ch\\\/de\\\/produit\\\/gsm-temperature-datalogger-gsm1x-serie\\\/#breadcrumb\",\"itemListElement\":[{\"@type\":\"ListItem\",\"position\":1,\"name\":\"Accueil\",\"item\":\"https:\\\/\\\/sysmatec.ch\\\/de\\\/\"},{\"@type\":\"ListItem\",\"position\":2,\"name\":\"Die Aktivit\u00e4t von Sysmatec\",\"item\":\"https:\\\/\\\/sysmatec.ch\\\/de\\\/\"},{\"@type\":\"ListItem\",\"position\":3,\"name\":\"GSM Temperature datalogger GSM1X Serie\"}]},{\"@type\":\"WebSite\",\"@id\":\"https:\\\/\\\/sysmatec.ch\\\/de\\\/#website\",\"url\":\"https:\\\/\\\/sysmatec.ch\\\/de\\\/\",\"name\":\"Sysmatec\",\"description\":\"Equipement de laboratoire et logiciels\",\"publisher\":{\"@id\":\"https:\\\/\\\/sysmatec.ch\\\/de\\\/#organization\"},\"potentialAction\":[{\"@type\":\"SearchAction\",\"target\":{\"@type\":\"EntryPoint\",\"urlTemplate\":\"https:\\\/\\\/sysmatec.ch\\\/de\\\/?s={search_term_string}\"},\"query-input\":{\"@type\":\"PropertyValueSpecification\",\"valueRequired\":true,\"valueName\":\"search_term_string\"}}],\"inLanguage\":\"de\"},{\"@type\":\"Organization\",\"@id\":\"https:\\\/\\\/sysmatec.ch\\\/de\\\/#organization\",\"name\":\"Sysmatec\",\"url\":\"https:\\\/\\\/sysmatec.ch\\\/de\\\/\",\"logo\":{\"@type\":\"ImageObject\",\"inLanguage\":\"de\",\"@id\":\"https:\\\/\\\/sysmatec.ch\\\/de\\\/#\\\/schema\\\/logo\\\/image\\\/\",\"url\":\"https:\\\/\\\/sysmatec.ch\\\/wp-content\\\/uploads\\\/2018\\\/11\\\/LogoSysmatec.jpg\",\"contentUrl\":\"https:\\\/\\\/sysmatec.ch\\\/wp-content\\\/uploads\\\/2018\\\/11\\\/LogoSysmatec.jpg\",\"width\":301,\"height\":297,\"caption\":\"Sysmatec\"},\"image\":{\"@id\":\"https:\\\/\\\/sysmatec.ch\\\/de\\\/#\\\/schema\\\/logo\\\/image\\\/\"}}]}<\/script>\n<!-- \/ Yoast SEO plugin. -->","yoast_head_json":{"title":"GSM Temperature datalogger GSM1X Serie - Sysmatec","description":"Temperaturschreiber mit GSM-Kommunikation f\u00fcr die K\u00fchlkette. Temperaturbereich -20 bis 80 \u00b0C. Echtzeit-Alarme.","robots":{"index":"index","follow":"follow","max-snippet":"max-snippet:-1","max-image-preview":"max-image-preview:large","max-video-preview":"max-video-preview:-1"},"canonical":"https:\/\/sysmatec.ch\/de\/produit\/gsm-temperature-datalogger-gsm1x-serie\/","og_locale":"de_DE","og_type":"article","og_title":"GSM Temperature datalogger GSM1X Serie - Sysmatec","og_description":"Temperaturschreiber mit GSM-Kommunikation f\u00fcr die K\u00fchlkette. Temperaturbereich -20 bis 80 \u00b0C. Echtzeit-Alarme.","og_url":"https:\/\/sysmatec.ch\/de\/produit\/gsm-temperature-datalogger-gsm1x-serie\/","og_site_name":"Sysmatec","article_modified_time":"2022-02-24T17:39:23+00:00","og_image":[{"width":186,"height":200,"url":"https:\/\/sysmatec.ch\/wp-content\/uploads\/2019\/02\/Enregistreur_WellzionGSM.jpg","type":"image\/jpeg"}],"twitter_card":"summary_large_image","twitter_misc":{"Gesch\u00e4tzte Lesezeit":"1\u00a0Minute"},"schema":{"@context":"https:\/\/schema.org","@graph":[{"@type":"WebPage","@id":"https:\/\/sysmatec.ch\/de\/produit\/gsm-temperature-datalogger-gsm1x-serie\/","url":"https:\/\/sysmatec.ch\/de\/produit\/gsm-temperature-datalogger-gsm1x-serie\/","name":"GSM Temperature datalogger GSM1X Serie - Sysmatec","isPartOf":{"@id":"https:\/\/sysmatec.ch\/de\/#website"},"primaryImageOfPage":{"@id":"https:\/\/sysmatec.ch\/de\/produit\/gsm-temperature-datalogger-gsm1x-serie\/#primaryimage"},"image":{"@id":"https:\/\/sysmatec.ch\/de\/produit\/gsm-temperature-datalogger-gsm1x-serie\/#primaryimage"},"thumbnailUrl":"https:\/\/sysmatec.ch\/wp-content\/uploads\/2019\/02\/Enregistreur_WellzionGSM.jpg","datePublished":"2019-02-21T19:15:23+00:00","dateModified":"2022-02-24T17:39:23+00:00","description":"Temperaturschreiber mit GSM-Kommunikation f\u00fcr die K\u00fchlkette. Temperaturbereich -20 bis 80 \u00b0C. Echtzeit-Alarme.","breadcrumb":{"@id":"https:\/\/sysmatec.ch\/de\/produit\/gsm-temperature-datalogger-gsm1x-serie\/#breadcrumb"},"inLanguage":"de","potentialAction":[{"@type":"ReadAction","target":["https:\/\/sysmatec.ch\/de\/produit\/gsm-temperature-datalogger-gsm1x-serie\/"]}]},{"@type":"ImageObject","inLanguage":"de","@id":"https:\/\/sysmatec.ch\/de\/produit\/gsm-temperature-datalogger-gsm1x-serie\/#primaryimage","url":"https:\/\/sysmatec.ch\/wp-content\/uploads\/2019\/02\/Enregistreur_WellzionGSM.jpg","contentUrl":"https:\/\/sysmatec.ch\/wp-content\/uploads\/2019\/02\/Enregistreur_WellzionGSM.jpg","width":186,"height":200},{"@type":"BreadcrumbList","@id":"https:\/\/sysmatec.ch\/de\/produit\/gsm-temperature-datalogger-gsm1x-serie\/#breadcrumb","itemListElement":[{"@type":"ListItem","position":1,"name":"Accueil","item":"https:\/\/sysmatec.ch\/de\/"},{"@type":"ListItem","position":2,"name":"Die Aktivit\u00e4t von Sysmatec","item":"https:\/\/sysmatec.ch\/de\/"},{"@type":"ListItem","position":3,"name":"GSM Temperature datalogger GSM1X Serie"}]},{"@type":"WebSite","@id":"https:\/\/sysmatec.ch\/de\/#website","url":"https:\/\/sysmatec.ch\/de\/","name":"Sysmatec","description":"Equipement de laboratoire et logiciels","publisher":{"@id":"https:\/\/sysmatec.ch\/de\/#organization"},"potentialAction":[{"@type":"SearchAction","target":{"@type":"EntryPoint","urlTemplate":"https:\/\/sysmatec.ch\/de\/?s={search_term_string}"},"query-input":{"@type":"PropertyValueSpecification","valueRequired":true,"valueName":"search_term_string"}}],"inLanguage":"de"},{"@type":"Organization","@id":"https:\/\/sysmatec.ch\/de\/#organization","name":"Sysmatec","url":"https:\/\/sysmatec.ch\/de\/","logo":{"@type":"ImageObject","inLanguage":"de","@id":"https:\/\/sysmatec.ch\/de\/#\/schema\/logo\/image\/","url":"https:\/\/sysmatec.ch\/wp-content\/uploads\/2018\/11\/LogoSysmatec.jpg","contentUrl":"https:\/\/sysmatec.ch\/wp-content\/uploads\/2018\/11\/LogoSysmatec.jpg","width":301,"height":297,"caption":"Sysmatec"},"image":{"@id":"https:\/\/sysmatec.ch\/de\/#\/schema\/logo\/image\/"}}]}},"_links":{"self":[{"href":"https:\/\/sysmatec.ch\/de\/wp-json\/wp\/v2\/product\/3533","targetHints":{"allow":["GET"]}}],"collection":[{"href":"https:\/\/sysmatec.ch\/de\/wp-json\/wp\/v2\/product"}],"about":[{"href":"https:\/\/sysmatec.ch\/de\/wp-json\/wp\/v2\/types\/product"}],"wp:featuredmedia":[{"embeddable":true,"href":"https:\/\/sysmatec.ch\/de\/wp-json\/wp\/v2\/media\/3531"}],"wp:attachment":[{"href":"https:\/\/sysmatec.ch\/de\/wp-json\/wp\/v2\/media?parent=3533"}],"wp:term":[{"taxonomy":"product_brand","embeddable":true,"href":"https:\/\/sysmatec.ch\/de\/wp-json\/wp\/v2\/product_brand?post=3533"},{"taxonomy":"product_cat","embeddable":true,"href":"https:\/\/sysmatec.ch\/de\/wp-json\/wp\/v2\/product_cat?post=3533"},{"taxonomy":"product_tag","embeddable":true,"href":"https:\/\/sysmatec.ch\/de\/wp-json\/wp\/v2\/product_tag?post=3533"}],"curies":[{"name":"wp","href":"https:\/\/api.w.org\/{rel}","templated":true}]}}