{"id":3517,"date":"2019-02-21T17:17:28","date_gmt":"2019-02-21T16:17:28","guid":{"rendered":"https:\/\/sysmatec.ch\/produit\/enregistreur-temperature-msr385wd-avec-afficheur-et-capteurs-sans-fil\/"},"modified":"2022-02-24T18:48:05","modified_gmt":"2022-02-24T17:48:05","slug":"logger-fuer-temperatur-luftfeuchtigkeit-druck-msr385wd","status":"publish","type":"product","link":"https:\/\/sysmatec.ch\/de\/Produkt\/logger-fuer-temperatur-luftfeuchtigkeit-druck-msr385wd\/","title":{"rendered":"Logger f\u00fcr Temperatur, Luftfeuchtigkeit und Druck MSR385WD"},"content":{"rendered":"<p>Nominiert als \u201eElektronik Produkt des Jahres 2017 in der Deutschlands Fachzeitschrift Elektronik.<\/p>\n<p>Durch die hervorragende W\u00e4rmebest\u00e4ndigkeit seiner Sendemodule (MSR385SM) erlaubt der neue Funk-Datenlogger messtechnische Anwendungen selbst bei hohen Arbeitstemperaturen von bis zu +125 \u00b0C. Die Messwert\u00fcbertragung der mit Temperatur-, Feuchte- und Drucksensoren ausgestatteten Sendemodule erfolgt dabei im lizenzfreien Frequenzbereich von 868 MHz und \u00fcber Distanzen von bis zu 500 m. Ein optimiertes Power-Management sorgt daf\u00fcr, dass die Energieversorgung der Mini-Sendemodule je nach H\u00e4ufigkeit der Messungen und Funk\u00fcbertragungen f\u00fcr bis zu f\u00fcnf Jahre gew\u00e4hrleistet wird.<\/p>\n<p>Die vom Datenlogger aufgenommenen Messwerte der Sendemodule k\u00f6nnen via USB-Schnittstelle ausgelesen und mit der MSR PC-Software zur Datenanalyse weiter verarbeitet werden. Der MSR385WD besitzt eine farbige OLED-Anzeige, verf\u00fcgt \u00fcber eine Speicherkapazit\u00e4t von \u00fcber einer Million Messwerte und kann mit bis zu zehn Sendemodulen ausgestattet werden.<\/p>\n<p>Option: GSM Modul, gibt die M\u00f6glichkeit die Daten and die MSR Cloud (Visualiserung, Alarmmierung,&#8230;).<\/p>\n<p>Sir k\u00f6nnen unten Ihrer\u00a0Datenlogger zusammenstellen:<br \/>\n<iframe loading=\"lazy\" style=\"border: 0px; padding: 0; margin: 0;\" src=\"https:\/\/www.msr.ch\/de\/affiliate\/msr385wd.php?ver=Sysmatec\" width=\"695\" height=\"4300\" frameborder=\"0\" scrolling=\"no\"><span class=\"mce_SELRES_start\" style=\"width: 0px; line-height: 0; overflow: hidden; display: inline-block;\" data-mce-type=\"bookmark\">\ufeff<\/span><span class=\"mce_SELRES_start\" style=\"width: 0px; line-height: 0; overflow: hidden; display: inline-block;\" data-mce-type=\"bookmark\">\ufeff<\/span><span class=\"mce_SELRES_start\" style=\"width: 0px; line-height: 0; overflow: hidden; display: inline-block;\" data-mce-type=\"bookmark\">\ufeff<\/span><span class=\"mce_SELRES_start\" style=\"width: 0px; line-height: 0; overflow: hidden; display: inline-block;\" data-mce-type=\"bookmark\">\ufeff<\/span><span class=\"mce_SELRES_start\" style=\"width: 0px; line-height: 0; overflow: hidden; display: inline-block;\" data-mce-type=\"bookmark\">\ufeff<\/span><span class=\"mce_SELRES_start\" style=\"width: 0px; line-height: 0; overflow: hidden; display: inline-block;\" data-mce-type=\"bookmark\">\ufeff<\/span><span class=\"mce_SELRES_start\" style=\"width: 0px; line-height: 0; overflow: hidden; display: inline-block;\" data-mce-type=\"bookmark\">\ufeff<\/span><\/iframe><\/p>\n","protected":false},"excerpt":{"rendered":"<p>Temperatur, Feuchte und Umgebungsdruck Datenlogger mit Funk-Sensoren <span style=\"display: inline !important; float: none; background-color: #ffffff; color: #333333; cursor: text; font-family: Georgia,'Times New Roman','Bitstream Charter',Times,serif; font-size: 16px; font-style: normal; font-variant: normal; font-weight: 400; letter-spacing: normal; orphans: 2; text-align: left; text-decoration: none; text-indent: 0px; text-transform: none; -webkit-text-stroke-width: 0px; white-space: normal; word-spacing: 0px;\">f\u00fcr Betriebstemperaturen bis zu +125 \u00b0C<\/span><\/p>\n","protected":false},"featured_media":3515,"template":"","meta":{"_crdt_document":""},"product_brand":[],"product_cat":[168,169,175,173],"product_tag":[],"class_list":{"0":"post-3517","1":"product","2":"type-product","3":"status-publish","4":"has-post-thumbnail","6":"product_cat-datenlogger","7":"product_cat-druck","8":"product_cat-feuchte","9":"product_cat-temperatur","11":"first","12":"instock","13":"taxable","14":"shipping-taxable","15":"product-type-simple"},"yoast_head":"<!-- This site is optimized with the Yoast SEO plugin v27.4 - https:\/\/yoast.com\/product\/yoast-seo-wordpress\/ -->\n<title>Logger f\u00fcr Temperatur, Luftfeuchtigkeit und Druck MSR385WD - Sysmatec<\/title>\n<meta name=\"description\" content=\"Temperatur-, Feuchtigkeits- und Umgebungsdruckschreiber. Kommunikation der Sensormodule mit dem Rekorder \u00fcber Funkwellen.\" \/>\n<meta name=\"robots\" content=\"index, follow, max-snippet:-1, max-image-preview:large, max-video-preview:-1\" \/>\n<link rel=\"canonical\" href=\"https:\/\/sysmatec.ch\/de\/produit\/logger-fuer-temperatur-luftfeuchtigkeit-druck-msr385wd\/\" \/>\n<meta property=\"og:locale\" content=\"de_DE\" \/>\n<meta property=\"og:type\" content=\"article\" \/>\n<meta property=\"og:title\" content=\"Logger f\u00fcr Temperatur, Luftfeuchtigkeit und Druck MSR385WD - Sysmatec\" \/>\n<meta property=\"og:description\" content=\"Temperatur-, Feuchtigkeits- und Umgebungsdruckschreiber. Kommunikation der Sensormodule mit dem Rekorder \u00fcber Funkwellen.\" \/>\n<meta property=\"og:url\" content=\"https:\/\/sysmatec.ch\/de\/produit\/logger-fuer-temperatur-luftfeuchtigkeit-druck-msr385wd\/\" \/>\n<meta property=\"og:site_name\" content=\"Sysmatec\" \/>\n<meta property=\"article:modified_time\" content=\"2022-02-24T17:48:05+00:00\" \/>\n<meta property=\"og:image\" content=\"https:\/\/sysmatec.ch\/wp-content\/uploads\/2019\/02\/Enregistreur_MSR385WD.jpg\" \/>\n\t<meta property=\"og:image:width\" content=\"181\" \/>\n\t<meta property=\"og:image:height\" content=\"216\" \/>\n\t<meta property=\"og:image:type\" content=\"image\/jpeg\" \/>\n<meta name=\"twitter:card\" content=\"summary_large_image\" \/>\n<meta name=\"twitter:label1\" content=\"Gesch\u00e4tzte Lesezeit\" \/>\n\t<meta name=\"twitter:data1\" content=\"1\u00a0Minute\" \/>\n<script type=\"application\/ld+json\" class=\"yoast-schema-graph\">{\"@context\":\"https:\\\/\\\/schema.org\",\"@graph\":[{\"@type\":\"WebPage\",\"@id\":\"https:\\\/\\\/sysmatec.ch\\\/de\\\/produit\\\/logger-fuer-temperatur-luftfeuchtigkeit-druck-msr385wd\\\/\",\"url\":\"https:\\\/\\\/sysmatec.ch\\\/de\\\/produit\\\/logger-fuer-temperatur-luftfeuchtigkeit-druck-msr385wd\\\/\",\"name\":\"Logger f\u00fcr Temperatur, Luftfeuchtigkeit und Druck MSR385WD - Sysmatec\",\"isPartOf\":{\"@id\":\"https:\\\/\\\/sysmatec.ch\\\/de\\\/#website\"},\"primaryImageOfPage\":{\"@id\":\"https:\\\/\\\/sysmatec.ch\\\/de\\\/produit\\\/logger-fuer-temperatur-luftfeuchtigkeit-druck-msr385wd\\\/#primaryimage\"},\"image\":{\"@id\":\"https:\\\/\\\/sysmatec.ch\\\/de\\\/produit\\\/logger-fuer-temperatur-luftfeuchtigkeit-druck-msr385wd\\\/#primaryimage\"},\"thumbnailUrl\":\"https:\\\/\\\/sysmatec.ch\\\/wp-content\\\/uploads\\\/2019\\\/02\\\/Enregistreur_MSR385WD.jpg\",\"datePublished\":\"2019-02-21T16:17:28+00:00\",\"dateModified\":\"2022-02-24T17:48:05+00:00\",\"description\":\"Temperatur-, Feuchtigkeits- und Umgebungsdruckschreiber. Kommunikation der Sensormodule mit dem Rekorder \u00fcber Funkwellen.\",\"breadcrumb\":{\"@id\":\"https:\\\/\\\/sysmatec.ch\\\/de\\\/produit\\\/logger-fuer-temperatur-luftfeuchtigkeit-druck-msr385wd\\\/#breadcrumb\"},\"inLanguage\":\"de\",\"potentialAction\":[{\"@type\":\"ReadAction\",\"target\":[\"https:\\\/\\\/sysmatec.ch\\\/de\\\/produit\\\/logger-fuer-temperatur-luftfeuchtigkeit-druck-msr385wd\\\/\"]}]},{\"@type\":\"ImageObject\",\"inLanguage\":\"de\",\"@id\":\"https:\\\/\\\/sysmatec.ch\\\/de\\\/produit\\\/logger-fuer-temperatur-luftfeuchtigkeit-druck-msr385wd\\\/#primaryimage\",\"url\":\"https:\\\/\\\/sysmatec.ch\\\/wp-content\\\/uploads\\\/2019\\\/02\\\/Enregistreur_MSR385WD.jpg\",\"contentUrl\":\"https:\\\/\\\/sysmatec.ch\\\/wp-content\\\/uploads\\\/2019\\\/02\\\/Enregistreur_MSR385WD.jpg\",\"width\":181,\"height\":216},{\"@type\":\"BreadcrumbList\",\"@id\":\"https:\\\/\\\/sysmatec.ch\\\/de\\\/produit\\\/logger-fuer-temperatur-luftfeuchtigkeit-druck-msr385wd\\\/#breadcrumb\",\"itemListElement\":[{\"@type\":\"ListItem\",\"position\":1,\"name\":\"Accueil\",\"item\":\"https:\\\/\\\/sysmatec.ch\\\/de\\\/\"},{\"@type\":\"ListItem\",\"position\":2,\"name\":\"Die Aktivit\u00e4t von Sysmatec\",\"item\":\"https:\\\/\\\/sysmatec.ch\\\/de\\\/\"},{\"@type\":\"ListItem\",\"position\":3,\"name\":\"Logger f\u00fcr Temperatur, Luftfeuchtigkeit und Druck MSR385WD\"}]},{\"@type\":\"WebSite\",\"@id\":\"https:\\\/\\\/sysmatec.ch\\\/de\\\/#website\",\"url\":\"https:\\\/\\\/sysmatec.ch\\\/de\\\/\",\"name\":\"Sysmatec\",\"description\":\"Equipement de laboratoire et logiciels\",\"publisher\":{\"@id\":\"https:\\\/\\\/sysmatec.ch\\\/de\\\/#organization\"},\"potentialAction\":[{\"@type\":\"SearchAction\",\"target\":{\"@type\":\"EntryPoint\",\"urlTemplate\":\"https:\\\/\\\/sysmatec.ch\\\/de\\\/?s={search_term_string}\"},\"query-input\":{\"@type\":\"PropertyValueSpecification\",\"valueRequired\":true,\"valueName\":\"search_term_string\"}}],\"inLanguage\":\"de\"},{\"@type\":\"Organization\",\"@id\":\"https:\\\/\\\/sysmatec.ch\\\/de\\\/#organization\",\"name\":\"Sysmatec\",\"url\":\"https:\\\/\\\/sysmatec.ch\\\/de\\\/\",\"logo\":{\"@type\":\"ImageObject\",\"inLanguage\":\"de\",\"@id\":\"https:\\\/\\\/sysmatec.ch\\\/de\\\/#\\\/schema\\\/logo\\\/image\\\/\",\"url\":\"https:\\\/\\\/sysmatec.ch\\\/wp-content\\\/uploads\\\/2018\\\/11\\\/LogoSysmatec.jpg\",\"contentUrl\":\"https:\\\/\\\/sysmatec.ch\\\/wp-content\\\/uploads\\\/2018\\\/11\\\/LogoSysmatec.jpg\",\"width\":301,\"height\":297,\"caption\":\"Sysmatec\"},\"image\":{\"@id\":\"https:\\\/\\\/sysmatec.ch\\\/de\\\/#\\\/schema\\\/logo\\\/image\\\/\"}}]}<\/script>\n<!-- \/ Yoast SEO plugin. -->","yoast_head_json":{"title":"Logger f\u00fcr Temperatur, Luftfeuchtigkeit und Druck MSR385WD - Sysmatec","description":"Temperatur-, Feuchtigkeits- und Umgebungsdruckschreiber. Kommunikation der Sensormodule mit dem Rekorder \u00fcber Funkwellen.","robots":{"index":"index","follow":"follow","max-snippet":"max-snippet:-1","max-image-preview":"max-image-preview:large","max-video-preview":"max-video-preview:-1"},"canonical":"https:\/\/sysmatec.ch\/de\/produit\/logger-fuer-temperatur-luftfeuchtigkeit-druck-msr385wd\/","og_locale":"de_DE","og_type":"article","og_title":"Logger f\u00fcr Temperatur, Luftfeuchtigkeit und Druck MSR385WD - Sysmatec","og_description":"Temperatur-, Feuchtigkeits- und Umgebungsdruckschreiber. Kommunikation der Sensormodule mit dem Rekorder \u00fcber Funkwellen.","og_url":"https:\/\/sysmatec.ch\/de\/produit\/logger-fuer-temperatur-luftfeuchtigkeit-druck-msr385wd\/","og_site_name":"Sysmatec","article_modified_time":"2022-02-24T17:48:05+00:00","og_image":[{"width":181,"height":216,"url":"https:\/\/sysmatec.ch\/wp-content\/uploads\/2019\/02\/Enregistreur_MSR385WD.jpg","type":"image\/jpeg"}],"twitter_card":"summary_large_image","twitter_misc":{"Gesch\u00e4tzte Lesezeit":"1\u00a0Minute"},"schema":{"@context":"https:\/\/schema.org","@graph":[{"@type":"WebPage","@id":"https:\/\/sysmatec.ch\/de\/produit\/logger-fuer-temperatur-luftfeuchtigkeit-druck-msr385wd\/","url":"https:\/\/sysmatec.ch\/de\/produit\/logger-fuer-temperatur-luftfeuchtigkeit-druck-msr385wd\/","name":"Logger f\u00fcr Temperatur, Luftfeuchtigkeit und Druck MSR385WD - Sysmatec","isPartOf":{"@id":"https:\/\/sysmatec.ch\/de\/#website"},"primaryImageOfPage":{"@id":"https:\/\/sysmatec.ch\/de\/produit\/logger-fuer-temperatur-luftfeuchtigkeit-druck-msr385wd\/#primaryimage"},"image":{"@id":"https:\/\/sysmatec.ch\/de\/produit\/logger-fuer-temperatur-luftfeuchtigkeit-druck-msr385wd\/#primaryimage"},"thumbnailUrl":"https:\/\/sysmatec.ch\/wp-content\/uploads\/2019\/02\/Enregistreur_MSR385WD.jpg","datePublished":"2019-02-21T16:17:28+00:00","dateModified":"2022-02-24T17:48:05+00:00","description":"Temperatur-, Feuchtigkeits- und Umgebungsdruckschreiber. Kommunikation der Sensormodule mit dem Rekorder \u00fcber Funkwellen.","breadcrumb":{"@id":"https:\/\/sysmatec.ch\/de\/produit\/logger-fuer-temperatur-luftfeuchtigkeit-druck-msr385wd\/#breadcrumb"},"inLanguage":"de","potentialAction":[{"@type":"ReadAction","target":["https:\/\/sysmatec.ch\/de\/produit\/logger-fuer-temperatur-luftfeuchtigkeit-druck-msr385wd\/"]}]},{"@type":"ImageObject","inLanguage":"de","@id":"https:\/\/sysmatec.ch\/de\/produit\/logger-fuer-temperatur-luftfeuchtigkeit-druck-msr385wd\/#primaryimage","url":"https:\/\/sysmatec.ch\/wp-content\/uploads\/2019\/02\/Enregistreur_MSR385WD.jpg","contentUrl":"https:\/\/sysmatec.ch\/wp-content\/uploads\/2019\/02\/Enregistreur_MSR385WD.jpg","width":181,"height":216},{"@type":"BreadcrumbList","@id":"https:\/\/sysmatec.ch\/de\/produit\/logger-fuer-temperatur-luftfeuchtigkeit-druck-msr385wd\/#breadcrumb","itemListElement":[{"@type":"ListItem","position":1,"name":"Accueil","item":"https:\/\/sysmatec.ch\/de\/"},{"@type":"ListItem","position":2,"name":"Die Aktivit\u00e4t von Sysmatec","item":"https:\/\/sysmatec.ch\/de\/"},{"@type":"ListItem","position":3,"name":"Logger f\u00fcr Temperatur, Luftfeuchtigkeit und Druck MSR385WD"}]},{"@type":"WebSite","@id":"https:\/\/sysmatec.ch\/de\/#website","url":"https:\/\/sysmatec.ch\/de\/","name":"Sysmatec","description":"Equipement de laboratoire et logiciels","publisher":{"@id":"https:\/\/sysmatec.ch\/de\/#organization"},"potentialAction":[{"@type":"SearchAction","target":{"@type":"EntryPoint","urlTemplate":"https:\/\/sysmatec.ch\/de\/?s={search_term_string}"},"query-input":{"@type":"PropertyValueSpecification","valueRequired":true,"valueName":"search_term_string"}}],"inLanguage":"de"},{"@type":"Organization","@id":"https:\/\/sysmatec.ch\/de\/#organization","name":"Sysmatec","url":"https:\/\/sysmatec.ch\/de\/","logo":{"@type":"ImageObject","inLanguage":"de","@id":"https:\/\/sysmatec.ch\/de\/#\/schema\/logo\/image\/","url":"https:\/\/sysmatec.ch\/wp-content\/uploads\/2018\/11\/LogoSysmatec.jpg","contentUrl":"https:\/\/sysmatec.ch\/wp-content\/uploads\/2018\/11\/LogoSysmatec.jpg","width":301,"height":297,"caption":"Sysmatec"},"image":{"@id":"https:\/\/sysmatec.ch\/de\/#\/schema\/logo\/image\/"}}]}},"_links":{"self":[{"href":"https:\/\/sysmatec.ch\/de\/wp-json\/wp\/v2\/product\/3517","targetHints":{"allow":["GET"]}}],"collection":[{"href":"https:\/\/sysmatec.ch\/de\/wp-json\/wp\/v2\/product"}],"about":[{"href":"https:\/\/sysmatec.ch\/de\/wp-json\/wp\/v2\/types\/product"}],"wp:featuredmedia":[{"embeddable":true,"href":"https:\/\/sysmatec.ch\/de\/wp-json\/wp\/v2\/media\/3515"}],"wp:attachment":[{"href":"https:\/\/sysmatec.ch\/de\/wp-json\/wp\/v2\/media?parent=3517"}],"wp:term":[{"taxonomy":"product_brand","embeddable":true,"href":"https:\/\/sysmatec.ch\/de\/wp-json\/wp\/v2\/product_brand?post=3517"},{"taxonomy":"product_cat","embeddable":true,"href":"https:\/\/sysmatec.ch\/de\/wp-json\/wp\/v2\/product_cat?post=3517"},{"taxonomy":"product_tag","embeddable":true,"href":"https:\/\/sysmatec.ch\/de\/wp-json\/wp\/v2\/product_tag?post=3517"}],"curies":[{"name":"wp","href":"https:\/\/api.w.org\/{rel}","templated":true}]}}