{"id":3510,"date":"2019-02-21T17:08:07","date_gmt":"2019-02-21T16:08:07","guid":{"rendered":"https:\/\/sysmatec.ch\/produit\/enregistreur-de-temperature-pgo-avec-communication-bluetooth\/"},"modified":"2022-02-24T18:51:59","modified_gmt":"2022-02-24T17:51:59","slug":"temperaturdatenlogger-pgo-mit-bluetooth-kommunikation","status":"publish","type":"product","link":"https:\/\/sysmatec.ch\/de\/Produkt\/temperaturdatenlogger-pgo-mit-bluetooth-kommunikation\/","title":{"rendered":"Temperaturdatenlogger PGO mit Bluetooth-Kommunikation"},"content":{"rendered":"<p>f\u00fcr niedrige Temperaturen<\/p>\n<p>Es erfasst und \u00fcbertr\u00e4gt Temperaturdaten und Alarme kabellos an Ihre Smartphones und Tablets. Kein Kabel oder Leser ist erforderlich. Laden Sie einfach die Verigo App f\u00fcr AndroidTM oder iOSTM auf Ihr Smart-Ger\u00e4t herunter und starten Sie Ihren Pod.<\/p>\n<p>Das Pod Cryo-Modell wird mit einer externen Sonde geliefert, die \u00fcber ein 2-Meter-Kabel mit dem Geh\u00e4use verbunden ist.<\/p>\n<p>Sie k\u00f6nnen Ihren Pod f\u00fcr jede \u00dcberwachungssitzung einfach mit der Verigo Mobile App einrichten. Passen Sie alle Protokoll- und Alarmeinstellungen an und geben Sie einen benutzerdefinierten Namen ein oder scannen Sie einen Produkt-Barcode, indem Sie einfach auf Ihr Telefon oder Tablet tippen.<\/p>\n<p>Die mobile App erlaubt den Benutzern, alle Pods bis zu 30 Meter in Echtzeit mit ihren aktuellen Temperaturwerten und Warnungen anzuzeigen.<\/p>\n<p>Alle Daten werden in der Cloud automatisch \u00fcber die sichere Webanwendung von Verigo gespeichert, sodass Benutzer nach vollst\u00e4ndigen Datens\u00e4tzen suchen, Standortpunkte anzeigen und PDF- und CSV-Dateien f\u00fcr die Analyse von Daten generieren k\u00f6nnen.<\/p>\n<ul>\n<li type=\"disc\">Messbereich der Sonde: -200 \u00b0 C bis 100 \u00b0 C<\/li>\n<li type=\"disc\">Aufl\u00f6sung 0.01 \u00b0 C<\/li>\n<li type=\"disc\">Genauigkeit: -35 \u00b0 C bis -20 \u00b0 C \u00b1 0.50 \u00b0 C, -200 bis 100 \u00b0 C \u00b1 3.9 \u00b0 C<\/li>\n<li type=\"disc\">Kommunikation: drahtlose \u00dcbertragungsreichweite bis zu 30 Metern<\/li>\n<li type=\"disc\">Die St\u00e4rke des Signals ist in der mobilen Anwendung sichtbar<\/li>\n<li type=\"disc\">Aufzeichnungsintervall: 1 Minute bis 18 Stunden, konfigurierbar durch den Benutzer.<\/li>\n<li type=\"disc\">Der Benutzer kann aktivieren oder deaktivieren (Aufzeichnung erfolgt, wenn sich die Temperatur \u00e4ndert) Sampling-Intervall 30 Sekunden.<\/li>\n<li type=\"disc\">Start: Per Knopf oder mit Mobile App (sofortige und verz\u00f6gerte Registrierung, Uhrzeit oder Datum und Uhrzeit einstellen)<\/li>\n<li type=\"disc\">Beenden Sie die Verwendung der mobilen App (die Datenprotokollierung stoppt auch, wenn der Speicher voll ist)<\/li>\n<li type=\"disc\">Alarme: Vom Benutzer \u00fcber den gesamten Betriebsbereich konfigurierbar<\/li>\n<li type=\"disc\">Benachrichtigungen: Aktivieren oder deaktivieren Sie SMS \/ E-Mail-Benachrichtigungen, die auf Alarme hinweisen.<\/li>\n<\/ul>\n","protected":false},"excerpt":{"rendered":"<p>Temperaturdatenlogger mit Bluetooth-Kommunikation<\/p>\n","protected":false},"featured_media":3508,"template":"","meta":{"_crdt_document":""},"product_brand":[],"product_cat":[168,173],"product_tag":[],"class_list":{"0":"post-3510","1":"product","2":"type-product","3":"status-publish","4":"has-post-thumbnail","6":"product_cat-datenlogger","7":"product_cat-temperatur","9":"first","10":"instock","11":"taxable","12":"shipping-taxable","13":"product-type-simple"},"yoast_head":"<!-- This site is optimized with the Yoast SEO plugin v27.4 - https:\/\/yoast.com\/product\/yoast-seo-wordpress\/ -->\n<title>Temperaturdatenlogger PGO mit Bluetooth-Kommunikation - Sysmatec<\/title>\n<meta name=\"description\" content=\"Datenlogger f\u00fcr niedrige Temperaturen mit Bluetooth-Kommunikation. Es hat einen externen Sensor. Messbereich von -200\u00b0C bis 100\u00b0C.\" \/>\n<meta name=\"robots\" content=\"index, follow, max-snippet:-1, max-image-preview:large, max-video-preview:-1\" \/>\n<link rel=\"canonical\" href=\"https:\/\/sysmatec.ch\/de\/produit\/temperaturdatenlogger-pgo-mit-bluetooth-kommunikation\/\" \/>\n<meta property=\"og:locale\" content=\"de_DE\" \/>\n<meta property=\"og:type\" content=\"article\" \/>\n<meta property=\"og:title\" content=\"Temperaturdatenlogger PGO mit Bluetooth-Kommunikation - Sysmatec\" \/>\n<meta property=\"og:description\" content=\"Datenlogger f\u00fcr niedrige Temperaturen mit Bluetooth-Kommunikation. Es hat einen externen Sensor. Messbereich von -200\u00b0C bis 100\u00b0C.\" \/>\n<meta property=\"og:url\" content=\"https:\/\/sysmatec.ch\/de\/produit\/temperaturdatenlogger-pgo-mit-bluetooth-kommunikation\/\" \/>\n<meta property=\"og:site_name\" content=\"Sysmatec\" \/>\n<meta property=\"article:modified_time\" content=\"2022-02-24T17:51:59+00:00\" \/>\n<meta property=\"og:image\" content=\"https:\/\/sysmatec.ch\/wp-content\/uploads\/2019\/02\/Enregistreur_VerigoPGO.jpg\" \/>\n\t<meta property=\"og:image:width\" content=\"182\" \/>\n\t<meta property=\"og:image:height\" content=\"217\" \/>\n\t<meta property=\"og:image:type\" content=\"image\/jpeg\" \/>\n<meta name=\"twitter:card\" content=\"summary_large_image\" \/>\n<meta name=\"twitter:label1\" content=\"Gesch\u00e4tzte Lesezeit\" \/>\n\t<meta name=\"twitter:data1\" content=\"1\u00a0Minute\" \/>\n<script type=\"application\/ld+json\" class=\"yoast-schema-graph\">{\"@context\":\"https:\\\/\\\/schema.org\",\"@graph\":[{\"@type\":\"WebPage\",\"@id\":\"https:\\\/\\\/sysmatec.ch\\\/de\\\/produit\\\/temperaturdatenlogger-pgo-mit-bluetooth-kommunikation\\\/\",\"url\":\"https:\\\/\\\/sysmatec.ch\\\/de\\\/produit\\\/temperaturdatenlogger-pgo-mit-bluetooth-kommunikation\\\/\",\"name\":\"Temperaturdatenlogger PGO mit Bluetooth-Kommunikation - Sysmatec\",\"isPartOf\":{\"@id\":\"https:\\\/\\\/sysmatec.ch\\\/de\\\/#website\"},\"primaryImageOfPage\":{\"@id\":\"https:\\\/\\\/sysmatec.ch\\\/de\\\/produit\\\/temperaturdatenlogger-pgo-mit-bluetooth-kommunikation\\\/#primaryimage\"},\"image\":{\"@id\":\"https:\\\/\\\/sysmatec.ch\\\/de\\\/produit\\\/temperaturdatenlogger-pgo-mit-bluetooth-kommunikation\\\/#primaryimage\"},\"thumbnailUrl\":\"https:\\\/\\\/sysmatec.ch\\\/wp-content\\\/uploads\\\/2019\\\/02\\\/Enregistreur_VerigoPGO.jpg\",\"datePublished\":\"2019-02-21T16:08:07+00:00\",\"dateModified\":\"2022-02-24T17:51:59+00:00\",\"description\":\"Datenlogger f\u00fcr niedrige Temperaturen mit Bluetooth-Kommunikation. Es hat einen externen Sensor. Messbereich von -200\u00b0C bis 100\u00b0C.\",\"breadcrumb\":{\"@id\":\"https:\\\/\\\/sysmatec.ch\\\/de\\\/produit\\\/temperaturdatenlogger-pgo-mit-bluetooth-kommunikation\\\/#breadcrumb\"},\"inLanguage\":\"de\",\"potentialAction\":[{\"@type\":\"ReadAction\",\"target\":[\"https:\\\/\\\/sysmatec.ch\\\/de\\\/produit\\\/temperaturdatenlogger-pgo-mit-bluetooth-kommunikation\\\/\"]}]},{\"@type\":\"ImageObject\",\"inLanguage\":\"de\",\"@id\":\"https:\\\/\\\/sysmatec.ch\\\/de\\\/produit\\\/temperaturdatenlogger-pgo-mit-bluetooth-kommunikation\\\/#primaryimage\",\"url\":\"https:\\\/\\\/sysmatec.ch\\\/wp-content\\\/uploads\\\/2019\\\/02\\\/Enregistreur_VerigoPGO.jpg\",\"contentUrl\":\"https:\\\/\\\/sysmatec.ch\\\/wp-content\\\/uploads\\\/2019\\\/02\\\/Enregistreur_VerigoPGO.jpg\",\"width\":182,\"height\":217},{\"@type\":\"BreadcrumbList\",\"@id\":\"https:\\\/\\\/sysmatec.ch\\\/de\\\/produit\\\/temperaturdatenlogger-pgo-mit-bluetooth-kommunikation\\\/#breadcrumb\",\"itemListElement\":[{\"@type\":\"ListItem\",\"position\":1,\"name\":\"Accueil\",\"item\":\"https:\\\/\\\/sysmatec.ch\\\/de\\\/\"},{\"@type\":\"ListItem\",\"position\":2,\"name\":\"Die Aktivit\u00e4t von Sysmatec\",\"item\":\"https:\\\/\\\/sysmatec.ch\\\/de\\\/\"},{\"@type\":\"ListItem\",\"position\":3,\"name\":\"Temperaturdatenlogger PGO mit Bluetooth-Kommunikation\"}]},{\"@type\":\"WebSite\",\"@id\":\"https:\\\/\\\/sysmatec.ch\\\/de\\\/#website\",\"url\":\"https:\\\/\\\/sysmatec.ch\\\/de\\\/\",\"name\":\"Sysmatec\",\"description\":\"Equipement de laboratoire et logiciels\",\"publisher\":{\"@id\":\"https:\\\/\\\/sysmatec.ch\\\/de\\\/#organization\"},\"potentialAction\":[{\"@type\":\"SearchAction\",\"target\":{\"@type\":\"EntryPoint\",\"urlTemplate\":\"https:\\\/\\\/sysmatec.ch\\\/de\\\/?s={search_term_string}\"},\"query-input\":{\"@type\":\"PropertyValueSpecification\",\"valueRequired\":true,\"valueName\":\"search_term_string\"}}],\"inLanguage\":\"de\"},{\"@type\":\"Organization\",\"@id\":\"https:\\\/\\\/sysmatec.ch\\\/de\\\/#organization\",\"name\":\"Sysmatec\",\"url\":\"https:\\\/\\\/sysmatec.ch\\\/de\\\/\",\"logo\":{\"@type\":\"ImageObject\",\"inLanguage\":\"de\",\"@id\":\"https:\\\/\\\/sysmatec.ch\\\/de\\\/#\\\/schema\\\/logo\\\/image\\\/\",\"url\":\"https:\\\/\\\/sysmatec.ch\\\/wp-content\\\/uploads\\\/2018\\\/11\\\/LogoSysmatec.jpg\",\"contentUrl\":\"https:\\\/\\\/sysmatec.ch\\\/wp-content\\\/uploads\\\/2018\\\/11\\\/LogoSysmatec.jpg\",\"width\":301,\"height\":297,\"caption\":\"Sysmatec\"},\"image\":{\"@id\":\"https:\\\/\\\/sysmatec.ch\\\/de\\\/#\\\/schema\\\/logo\\\/image\\\/\"}}]}<\/script>\n<!-- \/ Yoast SEO plugin. -->","yoast_head_json":{"title":"Temperaturdatenlogger PGO mit Bluetooth-Kommunikation - Sysmatec","description":"Datenlogger f\u00fcr niedrige Temperaturen mit Bluetooth-Kommunikation. Es hat einen externen Sensor. Messbereich von -200\u00b0C bis 100\u00b0C.","robots":{"index":"index","follow":"follow","max-snippet":"max-snippet:-1","max-image-preview":"max-image-preview:large","max-video-preview":"max-video-preview:-1"},"canonical":"https:\/\/sysmatec.ch\/de\/produit\/temperaturdatenlogger-pgo-mit-bluetooth-kommunikation\/","og_locale":"de_DE","og_type":"article","og_title":"Temperaturdatenlogger PGO mit Bluetooth-Kommunikation - Sysmatec","og_description":"Datenlogger f\u00fcr niedrige Temperaturen mit Bluetooth-Kommunikation. Es hat einen externen Sensor. Messbereich von -200\u00b0C bis 100\u00b0C.","og_url":"https:\/\/sysmatec.ch\/de\/produit\/temperaturdatenlogger-pgo-mit-bluetooth-kommunikation\/","og_site_name":"Sysmatec","article_modified_time":"2022-02-24T17:51:59+00:00","og_image":[{"width":182,"height":217,"url":"https:\/\/sysmatec.ch\/wp-content\/uploads\/2019\/02\/Enregistreur_VerigoPGO.jpg","type":"image\/jpeg"}],"twitter_card":"summary_large_image","twitter_misc":{"Gesch\u00e4tzte Lesezeit":"1\u00a0Minute"},"schema":{"@context":"https:\/\/schema.org","@graph":[{"@type":"WebPage","@id":"https:\/\/sysmatec.ch\/de\/produit\/temperaturdatenlogger-pgo-mit-bluetooth-kommunikation\/","url":"https:\/\/sysmatec.ch\/de\/produit\/temperaturdatenlogger-pgo-mit-bluetooth-kommunikation\/","name":"Temperaturdatenlogger PGO mit Bluetooth-Kommunikation - Sysmatec","isPartOf":{"@id":"https:\/\/sysmatec.ch\/de\/#website"},"primaryImageOfPage":{"@id":"https:\/\/sysmatec.ch\/de\/produit\/temperaturdatenlogger-pgo-mit-bluetooth-kommunikation\/#primaryimage"},"image":{"@id":"https:\/\/sysmatec.ch\/de\/produit\/temperaturdatenlogger-pgo-mit-bluetooth-kommunikation\/#primaryimage"},"thumbnailUrl":"https:\/\/sysmatec.ch\/wp-content\/uploads\/2019\/02\/Enregistreur_VerigoPGO.jpg","datePublished":"2019-02-21T16:08:07+00:00","dateModified":"2022-02-24T17:51:59+00:00","description":"Datenlogger f\u00fcr niedrige Temperaturen mit Bluetooth-Kommunikation. Es hat einen externen Sensor. Messbereich von -200\u00b0C bis 100\u00b0C.","breadcrumb":{"@id":"https:\/\/sysmatec.ch\/de\/produit\/temperaturdatenlogger-pgo-mit-bluetooth-kommunikation\/#breadcrumb"},"inLanguage":"de","potentialAction":[{"@type":"ReadAction","target":["https:\/\/sysmatec.ch\/de\/produit\/temperaturdatenlogger-pgo-mit-bluetooth-kommunikation\/"]}]},{"@type":"ImageObject","inLanguage":"de","@id":"https:\/\/sysmatec.ch\/de\/produit\/temperaturdatenlogger-pgo-mit-bluetooth-kommunikation\/#primaryimage","url":"https:\/\/sysmatec.ch\/wp-content\/uploads\/2019\/02\/Enregistreur_VerigoPGO.jpg","contentUrl":"https:\/\/sysmatec.ch\/wp-content\/uploads\/2019\/02\/Enregistreur_VerigoPGO.jpg","width":182,"height":217},{"@type":"BreadcrumbList","@id":"https:\/\/sysmatec.ch\/de\/produit\/temperaturdatenlogger-pgo-mit-bluetooth-kommunikation\/#breadcrumb","itemListElement":[{"@type":"ListItem","position":1,"name":"Accueil","item":"https:\/\/sysmatec.ch\/de\/"},{"@type":"ListItem","position":2,"name":"Die Aktivit\u00e4t von Sysmatec","item":"https:\/\/sysmatec.ch\/de\/"},{"@type":"ListItem","position":3,"name":"Temperaturdatenlogger PGO mit Bluetooth-Kommunikation"}]},{"@type":"WebSite","@id":"https:\/\/sysmatec.ch\/de\/#website","url":"https:\/\/sysmatec.ch\/de\/","name":"Sysmatec","description":"Equipement de laboratoire et logiciels","publisher":{"@id":"https:\/\/sysmatec.ch\/de\/#organization"},"potentialAction":[{"@type":"SearchAction","target":{"@type":"EntryPoint","urlTemplate":"https:\/\/sysmatec.ch\/de\/?s={search_term_string}"},"query-input":{"@type":"PropertyValueSpecification","valueRequired":true,"valueName":"search_term_string"}}],"inLanguage":"de"},{"@type":"Organization","@id":"https:\/\/sysmatec.ch\/de\/#organization","name":"Sysmatec","url":"https:\/\/sysmatec.ch\/de\/","logo":{"@type":"ImageObject","inLanguage":"de","@id":"https:\/\/sysmatec.ch\/de\/#\/schema\/logo\/image\/","url":"https:\/\/sysmatec.ch\/wp-content\/uploads\/2018\/11\/LogoSysmatec.jpg","contentUrl":"https:\/\/sysmatec.ch\/wp-content\/uploads\/2018\/11\/LogoSysmatec.jpg","width":301,"height":297,"caption":"Sysmatec"},"image":{"@id":"https:\/\/sysmatec.ch\/de\/#\/schema\/logo\/image\/"}}]}},"_links":{"self":[{"href":"https:\/\/sysmatec.ch\/de\/wp-json\/wp\/v2\/product\/3510","targetHints":{"allow":["GET"]}}],"collection":[{"href":"https:\/\/sysmatec.ch\/de\/wp-json\/wp\/v2\/product"}],"about":[{"href":"https:\/\/sysmatec.ch\/de\/wp-json\/wp\/v2\/types\/product"}],"wp:featuredmedia":[{"embeddable":true,"href":"https:\/\/sysmatec.ch\/de\/wp-json\/wp\/v2\/media\/3508"}],"wp:attachment":[{"href":"https:\/\/sysmatec.ch\/de\/wp-json\/wp\/v2\/media?parent=3510"}],"wp:term":[{"taxonomy":"product_brand","embeddable":true,"href":"https:\/\/sysmatec.ch\/de\/wp-json\/wp\/v2\/product_brand?post=3510"},{"taxonomy":"product_cat","embeddable":true,"href":"https:\/\/sysmatec.ch\/de\/wp-json\/wp\/v2\/product_cat?post=3510"},{"taxonomy":"product_tag","embeddable":true,"href":"https:\/\/sysmatec.ch\/de\/wp-json\/wp\/v2\/product_tag?post=3510"}],"curies":[{"name":"wp","href":"https:\/\/api.w.org\/{rel}","templated":true}]}}