{"id":3503,"date":"2019-02-21T09:23:33","date_gmt":"2019-02-21T08:23:33","guid":{"rendered":"https:\/\/sysmatec.ch\/produit\/enregistreur-de-temperature-pb2-avec-communication-bluetooth\/"},"modified":"2022-02-24T20:51:25","modified_gmt":"2022-02-24T19:51:25","slug":"bluetooth-temperaturdatenlogger-pb2","status":"publish","type":"product","link":"https:\/\/sysmatec.ch\/de\/Produkt\/bluetooth-temperaturdatenlogger-pb2\/","title":{"rendered":"Bluetooth Temperaturdatenlogger PB2"},"content":{"rendered":"<p>Der Environmental Data Logger Pod erfasst und \u00fcbertr\u00e4gt Temperatur- und Alarmdaten an Ihre drahtlosen Smartphones oder Tablets. Kein Kabel oder Leser ist erforderlich. Laden Sie einfach die Verigo App f\u00fcr AndroidTM oder iOSTM auf Ihr Smart-Ger\u00e4t herunter und starten Sie Ihren Pod.<\/p>\n<p>Benutzer k\u00f6nnen ihren Pod f\u00fcr jede \u00dcberwachungssitzung anpassen, indem sie einen separaten Namen eingeben, den Barcode des Produkts scannen, Temperaturschwellenwerte festlegen und sie f\u00fcr jede einzelne Anwendung vollst\u00e4ndig konfigurieren.<\/p>\n<p>W\u00e4hrend der Nutzung erlaubt die mobile App den Benutzern, alle Pods bis zu 30 Meter in Echtzeit mit ihren aktuellen Temperaturwerten und Warnungen anzuzeigen.<\/p>\n<p>Alle Daten werden in der Cloud \u00fcber die sichere Web-Anwendung von Verigo gespeichert, so dass Benutzer nach vollst\u00e4ndigen Datens\u00e4tzen aller Pod-Daten suchen, Standortpunkte einsehen und PDF- und CSV-Dateien f\u00fcr Analyse und Analyse generieren k\u00f6nnen.<\/p>\n<ul>\n<li type=\"disc\">Messbereich: -25 \u00b0 C bis 60 \u00b0 C<\/li>\n<li type=\"disc\">Genauigkeit: + 0.5 \u00b0 C maximal (von -20 \u00b0 C bis 60 \u00b0 C)<\/li>\n<li type=\"disc\">Aufl\u00f6sung 0.01 \u00b0 C<\/li>\n<li type=\"disc\">Reaktionszeit (T90) weniger als 20 min (im Luftstrom &lt;0.2 m \/ s)<\/li>\n<li type=\"disc\">Kommunikation: drahtlose \u00dcbertragungsreichweite bis zu 30 Metern<\/li>\n<li type=\"disc\">Die St\u00e4rke des Signals ist in der mobilen Anwendung sichtbar<\/li>\n<li type=\"disc\">Das Aufzeichnungsintervall kann von 1 Minute bis 18 Stunden programmiert werden. Der Benutzer kann sie aktivieren oder deaktivieren (die Aufzeichnung erfolgt, wenn sich die Temperatur \u00e4ndert). 30 Sekunden Abtastintervall<\/li>\n<li type=\"disc\">Starten Sie die Aufnahme per Button oder Mobile App: Sofortige und verz\u00f6gerte Aufnahme (stellen Sie das Verz\u00f6gerungsintervall oder das Datum und die Uhrzeit ein)<\/li>\n<li type=\"disc\">Verwenden Sie die mobile App nicht mehr (die Datenprotokollierung wird beendet, wenn der Speicher voll ist)<\/li>\n<li type=\"disc\">Alarme: Vom Benutzer \u00fcber den gesamten Betriebsbereich konfigurierbar<\/li>\n<li type=\"disc\">Benachrichtigungen: M\u00f6glichkeit zum Aktivieren oder Deaktivieren von SMS- \/ E-Mail-Benachrichtigungen, die Sensorschwellenausschl\u00e4ge anzeigen.<\/li>\n<\/ul>\n","protected":false},"excerpt":{"rendered":"<p>Bluetooth Temperaturdatenlogger<\/p>\n","protected":false},"featured_media":3501,"template":"","meta":{"_crdt_document":""},"product_brand":[],"product_cat":[168,173],"product_tag":[],"class_list":{"0":"post-3503","1":"product","2":"type-product","3":"status-publish","4":"has-post-thumbnail","6":"product_cat-datenlogger","7":"product_cat-temperatur","9":"first","10":"instock","11":"taxable","12":"shipping-taxable","13":"product-type-simple"},"yoast_head":"<!-- This site is optimized with the Yoast SEO plugin v27.4 - https:\/\/yoast.com\/product\/yoast-seo-wordpress\/ -->\n<title>Bluetooth Temperaturdatenlogger PB2 - Sysmatec<\/title>\n<meta name=\"description\" content=\"Temperaturschreiber mit Bluetooth-Kommunikation. Messbereich von -25\u00b0 C bis 60\u00b0 C. \u00dcbertragungsreichweite ca. 30 m.\" \/>\n<meta name=\"robots\" content=\"index, follow, max-snippet:-1, max-image-preview:large, max-video-preview:-1\" \/>\n<link rel=\"canonical\" href=\"https:\/\/sysmatec.ch\/de\/produit\/bluetooth-temperaturdatenlogger-pb2\/\" \/>\n<meta property=\"og:locale\" content=\"de_DE\" \/>\n<meta property=\"og:type\" content=\"article\" \/>\n<meta property=\"og:title\" content=\"Bluetooth Temperaturdatenlogger PB2 - Sysmatec\" \/>\n<meta property=\"og:description\" content=\"Temperaturschreiber mit Bluetooth-Kommunikation. Messbereich von -25\u00b0 C bis 60\u00b0 C. \u00dcbertragungsreichweite ca. 30 m.\" \/>\n<meta property=\"og:url\" content=\"https:\/\/sysmatec.ch\/de\/produit\/bluetooth-temperaturdatenlogger-pb2\/\" \/>\n<meta property=\"og:site_name\" content=\"Sysmatec\" \/>\n<meta property=\"article:modified_time\" content=\"2022-02-24T19:51:25+00:00\" \/>\n<meta property=\"og:image\" content=\"https:\/\/sysmatec.ch\/wp-content\/uploads\/2019\/02\/Enregistreur_VerigoPB2.jpg\" \/>\n\t<meta property=\"og:image:width\" content=\"188\" \/>\n\t<meta property=\"og:image:height\" content=\"399\" \/>\n\t<meta property=\"og:image:type\" content=\"image\/jpeg\" \/>\n<meta name=\"twitter:card\" content=\"summary_large_image\" \/>\n<meta name=\"twitter:label1\" content=\"Gesch\u00e4tzte Lesezeit\" \/>\n\t<meta name=\"twitter:data1\" content=\"1\u00a0Minute\" \/>\n<script type=\"application\/ld+json\" class=\"yoast-schema-graph\">{\"@context\":\"https:\\\/\\\/schema.org\",\"@graph\":[{\"@type\":\"WebPage\",\"@id\":\"https:\\\/\\\/sysmatec.ch\\\/de\\\/produit\\\/bluetooth-temperaturdatenlogger-pb2\\\/\",\"url\":\"https:\\\/\\\/sysmatec.ch\\\/de\\\/produit\\\/bluetooth-temperaturdatenlogger-pb2\\\/\",\"name\":\"Bluetooth Temperaturdatenlogger PB2 - Sysmatec\",\"isPartOf\":{\"@id\":\"https:\\\/\\\/sysmatec.ch\\\/de\\\/#website\"},\"primaryImageOfPage\":{\"@id\":\"https:\\\/\\\/sysmatec.ch\\\/de\\\/produit\\\/bluetooth-temperaturdatenlogger-pb2\\\/#primaryimage\"},\"image\":{\"@id\":\"https:\\\/\\\/sysmatec.ch\\\/de\\\/produit\\\/bluetooth-temperaturdatenlogger-pb2\\\/#primaryimage\"},\"thumbnailUrl\":\"https:\\\/\\\/sysmatec.ch\\\/wp-content\\\/uploads\\\/2019\\\/02\\\/Enregistreur_VerigoPB2.jpg\",\"datePublished\":\"2019-02-21T08:23:33+00:00\",\"dateModified\":\"2022-02-24T19:51:25+00:00\",\"description\":\"Temperaturschreiber mit Bluetooth-Kommunikation. Messbereich von -25\u00b0 C bis 60\u00b0 C. \u00dcbertragungsreichweite ca. 30 m.\",\"breadcrumb\":{\"@id\":\"https:\\\/\\\/sysmatec.ch\\\/de\\\/produit\\\/bluetooth-temperaturdatenlogger-pb2\\\/#breadcrumb\"},\"inLanguage\":\"de\",\"potentialAction\":[{\"@type\":\"ReadAction\",\"target\":[\"https:\\\/\\\/sysmatec.ch\\\/de\\\/produit\\\/bluetooth-temperaturdatenlogger-pb2\\\/\"]}]},{\"@type\":\"ImageObject\",\"inLanguage\":\"de\",\"@id\":\"https:\\\/\\\/sysmatec.ch\\\/de\\\/produit\\\/bluetooth-temperaturdatenlogger-pb2\\\/#primaryimage\",\"url\":\"https:\\\/\\\/sysmatec.ch\\\/wp-content\\\/uploads\\\/2019\\\/02\\\/Enregistreur_VerigoPB2.jpg\",\"contentUrl\":\"https:\\\/\\\/sysmatec.ch\\\/wp-content\\\/uploads\\\/2019\\\/02\\\/Enregistreur_VerigoPB2.jpg\",\"width\":188,\"height\":399},{\"@type\":\"BreadcrumbList\",\"@id\":\"https:\\\/\\\/sysmatec.ch\\\/de\\\/produit\\\/bluetooth-temperaturdatenlogger-pb2\\\/#breadcrumb\",\"itemListElement\":[{\"@type\":\"ListItem\",\"position\":1,\"name\":\"Accueil\",\"item\":\"https:\\\/\\\/sysmatec.ch\\\/de\\\/\"},{\"@type\":\"ListItem\",\"position\":2,\"name\":\"Die Aktivit\u00e4t von Sysmatec\",\"item\":\"https:\\\/\\\/sysmatec.ch\\\/de\\\/\"},{\"@type\":\"ListItem\",\"position\":3,\"name\":\"Bluetooth Temperaturdatenlogger PB2\"}]},{\"@type\":\"WebSite\",\"@id\":\"https:\\\/\\\/sysmatec.ch\\\/de\\\/#website\",\"url\":\"https:\\\/\\\/sysmatec.ch\\\/de\\\/\",\"name\":\"Sysmatec\",\"description\":\"Equipement de laboratoire et logiciels\",\"publisher\":{\"@id\":\"https:\\\/\\\/sysmatec.ch\\\/de\\\/#organization\"},\"potentialAction\":[{\"@type\":\"SearchAction\",\"target\":{\"@type\":\"EntryPoint\",\"urlTemplate\":\"https:\\\/\\\/sysmatec.ch\\\/de\\\/?s={search_term_string}\"},\"query-input\":{\"@type\":\"PropertyValueSpecification\",\"valueRequired\":true,\"valueName\":\"search_term_string\"}}],\"inLanguage\":\"de\"},{\"@type\":\"Organization\",\"@id\":\"https:\\\/\\\/sysmatec.ch\\\/de\\\/#organization\",\"name\":\"Sysmatec\",\"url\":\"https:\\\/\\\/sysmatec.ch\\\/de\\\/\",\"logo\":{\"@type\":\"ImageObject\",\"inLanguage\":\"de\",\"@id\":\"https:\\\/\\\/sysmatec.ch\\\/de\\\/#\\\/schema\\\/logo\\\/image\\\/\",\"url\":\"https:\\\/\\\/sysmatec.ch\\\/wp-content\\\/uploads\\\/2018\\\/11\\\/LogoSysmatec.jpg\",\"contentUrl\":\"https:\\\/\\\/sysmatec.ch\\\/wp-content\\\/uploads\\\/2018\\\/11\\\/LogoSysmatec.jpg\",\"width\":301,\"height\":297,\"caption\":\"Sysmatec\"},\"image\":{\"@id\":\"https:\\\/\\\/sysmatec.ch\\\/de\\\/#\\\/schema\\\/logo\\\/image\\\/\"}}]}<\/script>\n<!-- \/ Yoast SEO plugin. -->","yoast_head_json":{"title":"Bluetooth Temperaturdatenlogger PB2 - Sysmatec","description":"Temperaturschreiber mit Bluetooth-Kommunikation. Messbereich von -25\u00b0 C bis 60\u00b0 C. \u00dcbertragungsreichweite ca. 30 m.","robots":{"index":"index","follow":"follow","max-snippet":"max-snippet:-1","max-image-preview":"max-image-preview:large","max-video-preview":"max-video-preview:-1"},"canonical":"https:\/\/sysmatec.ch\/de\/produit\/bluetooth-temperaturdatenlogger-pb2\/","og_locale":"de_DE","og_type":"article","og_title":"Bluetooth Temperaturdatenlogger PB2 - Sysmatec","og_description":"Temperaturschreiber mit Bluetooth-Kommunikation. Messbereich von -25\u00b0 C bis 60\u00b0 C. \u00dcbertragungsreichweite ca. 30 m.","og_url":"https:\/\/sysmatec.ch\/de\/produit\/bluetooth-temperaturdatenlogger-pb2\/","og_site_name":"Sysmatec","article_modified_time":"2022-02-24T19:51:25+00:00","og_image":[{"width":188,"height":399,"url":"https:\/\/sysmatec.ch\/wp-content\/uploads\/2019\/02\/Enregistreur_VerigoPB2.jpg","type":"image\/jpeg"}],"twitter_card":"summary_large_image","twitter_misc":{"Gesch\u00e4tzte Lesezeit":"1\u00a0Minute"},"schema":{"@context":"https:\/\/schema.org","@graph":[{"@type":"WebPage","@id":"https:\/\/sysmatec.ch\/de\/produit\/bluetooth-temperaturdatenlogger-pb2\/","url":"https:\/\/sysmatec.ch\/de\/produit\/bluetooth-temperaturdatenlogger-pb2\/","name":"Bluetooth Temperaturdatenlogger PB2 - Sysmatec","isPartOf":{"@id":"https:\/\/sysmatec.ch\/de\/#website"},"primaryImageOfPage":{"@id":"https:\/\/sysmatec.ch\/de\/produit\/bluetooth-temperaturdatenlogger-pb2\/#primaryimage"},"image":{"@id":"https:\/\/sysmatec.ch\/de\/produit\/bluetooth-temperaturdatenlogger-pb2\/#primaryimage"},"thumbnailUrl":"https:\/\/sysmatec.ch\/wp-content\/uploads\/2019\/02\/Enregistreur_VerigoPB2.jpg","datePublished":"2019-02-21T08:23:33+00:00","dateModified":"2022-02-24T19:51:25+00:00","description":"Temperaturschreiber mit Bluetooth-Kommunikation. Messbereich von -25\u00b0 C bis 60\u00b0 C. \u00dcbertragungsreichweite ca. 30 m.","breadcrumb":{"@id":"https:\/\/sysmatec.ch\/de\/produit\/bluetooth-temperaturdatenlogger-pb2\/#breadcrumb"},"inLanguage":"de","potentialAction":[{"@type":"ReadAction","target":["https:\/\/sysmatec.ch\/de\/produit\/bluetooth-temperaturdatenlogger-pb2\/"]}]},{"@type":"ImageObject","inLanguage":"de","@id":"https:\/\/sysmatec.ch\/de\/produit\/bluetooth-temperaturdatenlogger-pb2\/#primaryimage","url":"https:\/\/sysmatec.ch\/wp-content\/uploads\/2019\/02\/Enregistreur_VerigoPB2.jpg","contentUrl":"https:\/\/sysmatec.ch\/wp-content\/uploads\/2019\/02\/Enregistreur_VerigoPB2.jpg","width":188,"height":399},{"@type":"BreadcrumbList","@id":"https:\/\/sysmatec.ch\/de\/produit\/bluetooth-temperaturdatenlogger-pb2\/#breadcrumb","itemListElement":[{"@type":"ListItem","position":1,"name":"Accueil","item":"https:\/\/sysmatec.ch\/de\/"},{"@type":"ListItem","position":2,"name":"Die Aktivit\u00e4t von Sysmatec","item":"https:\/\/sysmatec.ch\/de\/"},{"@type":"ListItem","position":3,"name":"Bluetooth Temperaturdatenlogger PB2"}]},{"@type":"WebSite","@id":"https:\/\/sysmatec.ch\/de\/#website","url":"https:\/\/sysmatec.ch\/de\/","name":"Sysmatec","description":"Equipement de laboratoire et logiciels","publisher":{"@id":"https:\/\/sysmatec.ch\/de\/#organization"},"potentialAction":[{"@type":"SearchAction","target":{"@type":"EntryPoint","urlTemplate":"https:\/\/sysmatec.ch\/de\/?s={search_term_string}"},"query-input":{"@type":"PropertyValueSpecification","valueRequired":true,"valueName":"search_term_string"}}],"inLanguage":"de"},{"@type":"Organization","@id":"https:\/\/sysmatec.ch\/de\/#organization","name":"Sysmatec","url":"https:\/\/sysmatec.ch\/de\/","logo":{"@type":"ImageObject","inLanguage":"de","@id":"https:\/\/sysmatec.ch\/de\/#\/schema\/logo\/image\/","url":"https:\/\/sysmatec.ch\/wp-content\/uploads\/2018\/11\/LogoSysmatec.jpg","contentUrl":"https:\/\/sysmatec.ch\/wp-content\/uploads\/2018\/11\/LogoSysmatec.jpg","width":301,"height":297,"caption":"Sysmatec"},"image":{"@id":"https:\/\/sysmatec.ch\/de\/#\/schema\/logo\/image\/"}}]}},"_links":{"self":[{"href":"https:\/\/sysmatec.ch\/de\/wp-json\/wp\/v2\/product\/3503","targetHints":{"allow":["GET"]}}],"collection":[{"href":"https:\/\/sysmatec.ch\/de\/wp-json\/wp\/v2\/product"}],"about":[{"href":"https:\/\/sysmatec.ch\/de\/wp-json\/wp\/v2\/types\/product"}],"wp:featuredmedia":[{"embeddable":true,"href":"https:\/\/sysmatec.ch\/de\/wp-json\/wp\/v2\/media\/3501"}],"wp:attachment":[{"href":"https:\/\/sysmatec.ch\/de\/wp-json\/wp\/v2\/media?parent=3503"}],"wp:term":[{"taxonomy":"product_brand","embeddable":true,"href":"https:\/\/sysmatec.ch\/de\/wp-json\/wp\/v2\/product_brand?post=3503"},{"taxonomy":"product_cat","embeddable":true,"href":"https:\/\/sysmatec.ch\/de\/wp-json\/wp\/v2\/product_cat?post=3503"},{"taxonomy":"product_tag","embeddable":true,"href":"https:\/\/sysmatec.ch\/de\/wp-json\/wp\/v2\/product_tag?post=3503"}],"curies":[{"name":"wp","href":"https:\/\/api.w.org\/{rel}","templated":true}]}}