{"id":3489,"date":"2019-02-21T09:02:27","date_gmt":"2019-02-21T08:02:27","guid":{"rendered":"https:\/\/sysmatec.ch\/produit\/enregistreur-de-temperature-sans-fil-msr147wd-avec-capteurs-enfichables\/"},"modified":"2022-02-24T21:03:33","modified_gmt":"2022-02-24T20:03:33","slug":"funk-temperatur-datenlogger-msr147wd-mit-steckbarem-sensor","status":"publish","type":"product","link":"https:\/\/sysmatec.ch\/de\/Produkt\/funk-temperatur-datenlogger-msr147wd-mit-steckbarem-sensor\/","title":{"rendered":"Funk-Temperatur Datenlogger MSR147WD mit steckbaren Sensoren"},"content":{"rendered":"<p>Physiologische Parameter wie Hauttemperatur und \u2013feuchte pr\u00e4zise aufzeichnen und drahtlos \u00fcberwachen \u2013 dies erm\u00f6glicht Ihnen der mit Bluetooth Low Energy (BLE) und einer Speicherkapazit\u00e4t von 1 Mio. Messwerten ausgestattete MSR147WD. Der Funk-Datenlogger verf\u00fcgt \u00fcber 5 Anschl\u00fcsse f\u00fcr steckbare Feuchte- und Temperatursensoren.<\/p>\n<p>Die Sensoren f\u00fcr den MSR147WD sind einzeln ausbau- und einsetzbar. Mittels automatischer Konfigurationsfunktion erkennt der Datenlogger sofort, wenn ein Sensor eingesteckt wird. Die Kalibrationsdaten werden im entsprechenden Sensor hinterlegt. Abrufen k\u00f6nnen Sie die gemessenen Werte jederzeit online mittels BLE oder \u00fcber USB. Die MSR Data Logger-App erlaubt Ihnen, Datenaufzeichnungen aus der Ferne zu starten und zu stoppen sowie die gemessenen Werte auf Ihrem Smartphone auszulesen und an die MSR SmartCloud zu \u00fcbertragen.<\/p>\n<h2>Datenlogger-Anwendungsbereich<\/h2>\n<ul>\n<li type=\"disc\">Probandenversuche in Klimakabinen, unter kontrollierten Bedingungen: Hauttemperatur und \u2013 feuchte, Mikroklimatemperatur und -feuchte (Partialdruck im Mikroklima)<\/li>\n<li type=\"disc\">Feldversuche z.B. beim Skifahren, Joggen, Radfahren, Schwimmen, Feuerwehreins\u00e4tze, Milit\u00e4r, Schuhfeuchtemessungen, Motorrad- und Velohelme, Rucksackmessungen etc.<\/li>\n<li type=\"disc\">Schlafversuche: Hautfeuchte- und Temperatur, Schlafh\u00f6hlentemperatur und -feuchte, Druck\u00e4nderungen bei Luftbetten beim Bewegen (exaktes Monitoring des Bewegungsablaufs m\u00f6glich)<\/li>\n<li type=\"disc\">Medizinbereich: Hauttemperatur\/-feuchte bei St\u00fctzstr\u00fcmpfen, Temperatur-\/Feuchteverlauf bei Wundpflastern, Messung der W\u00e4rmemenge bei K\u00fchl- und Heizpflastern (Effizienz des K\u00fchl-, respektive des Heizeffektes)<\/li>\n<li type=\"disc\">Testmessungen f\u00fcr Giessereischutz- oder andere Funktions- oder Arbeitsbekleidung<\/li>\n<\/ul>\n<p>Sie k\u00f6nnen hier Ihrer\u00a0Datenlogger zusammenstellen:<br \/>\n<iframe loading=\"lazy\" style=\"border: 0px; padding: 0; margin: 0;\" src=\"https:\/\/www.msr.ch\/de\/affiliate\/msr147wd.php?ver=Sysmatec\" name=\"value\" width=\"695\" height=\"3300\" frameborder=\"0\" scrolling=\"no\"><span class=\"mce_SELRES_start\" style=\"width: 0px; line-height: 0; overflow: hidden; display: inline-block;\" data-mce-type=\"bookmark\">\ufeff<\/span><span class=\"mce_SELRES_start\" style=\"width: 0px; line-height: 0; overflow: hidden; display: inline-block;\" data-mce-type=\"bookmark\">\ufeff<\/span><span class=\"mce_SELRES_start\" style=\"width: 0px; line-height: 0; overflow: hidden; display: inline-block;\" data-mce-type=\"bookmark\">\ufeff<\/span><\/iframe><\/p>\n","protected":false},"excerpt":{"rendered":"<p>Funk (BLE) Temperatur, Feuchte, Druck und Beschleunigung Datenlogger<\/p>\n","protected":false},"featured_media":3487,"template":"","meta":{"_crdt_document":""},"product_brand":[],"product_cat":[168,173],"product_tag":[],"class_list":{"0":"post-3489","1":"product","2":"type-product","3":"status-publish","4":"has-post-thumbnail","6":"product_cat-datenlogger","7":"product_cat-temperatur","9":"first","10":"instock","11":"taxable","12":"shipping-taxable","13":"product-type-simple"},"yoast_head":"<!-- This site is optimized with the Yoast SEO plugin v27.4 - https:\/\/yoast.com\/product\/yoast-seo-wordpress\/ -->\n<title>Funk-Temperatur Datenlogger MSR147WD mit steckbaren Sensoren - Sysmatec<\/title>\n<meta name=\"description\" content=\"Drahtloser Temperatur-, Feuchtigkeits-, Druck- und Beschleunigungslogger mit Bluetooth Low Energy. Es kann mit bis zu 5 steckbaren Sensoren best\u00fcckt werden.\" \/>\n<meta name=\"robots\" content=\"index, follow, max-snippet:-1, max-image-preview:large, max-video-preview:-1\" \/>\n<link rel=\"canonical\" href=\"https:\/\/sysmatec.ch\/de\/produit\/funk-temperatur-datenlogger-msr147wd-mit-steckbarem-sensor\/\" \/>\n<meta property=\"og:locale\" content=\"de_DE\" \/>\n<meta property=\"og:type\" content=\"article\" \/>\n<meta property=\"og:title\" content=\"Funk-Temperatur Datenlogger MSR147WD mit steckbaren Sensoren - Sysmatec\" \/>\n<meta property=\"og:description\" content=\"Drahtloser Temperatur-, Feuchtigkeits-, Druck- und Beschleunigungslogger mit Bluetooth Low Energy. Es kann mit bis zu 5 steckbaren Sensoren best\u00fcckt werden.\" \/>\n<meta property=\"og:url\" content=\"https:\/\/sysmatec.ch\/de\/produit\/funk-temperatur-datenlogger-msr147wd-mit-steckbarem-sensor\/\" \/>\n<meta property=\"og:site_name\" content=\"Sysmatec\" \/>\n<meta property=\"article:modified_time\" content=\"2022-02-24T20:03:33+00:00\" \/>\n<meta property=\"og:image\" content=\"https:\/\/sysmatec.ch\/wp-content\/uploads\/2019\/02\/Enregistreur_MSR147WD.jpg\" \/>\n\t<meta property=\"og:image:width\" content=\"189\" \/>\n\t<meta property=\"og:image:height\" content=\"126\" \/>\n\t<meta property=\"og:image:type\" content=\"image\/jpeg\" \/>\n<meta name=\"twitter:card\" content=\"summary_large_image\" \/>\n<meta name=\"twitter:label1\" content=\"Gesch\u00e4tzte Lesezeit\" \/>\n\t<meta name=\"twitter:data1\" content=\"1\u00a0Minute\" \/>\n<script type=\"application\/ld+json\" class=\"yoast-schema-graph\">{\"@context\":\"https:\\\/\\\/schema.org\",\"@graph\":[{\"@type\":\"WebPage\",\"@id\":\"https:\\\/\\\/sysmatec.ch\\\/de\\\/produit\\\/funk-temperatur-datenlogger-msr147wd-mit-steckbarem-sensor\\\/\",\"url\":\"https:\\\/\\\/sysmatec.ch\\\/de\\\/produit\\\/funk-temperatur-datenlogger-msr147wd-mit-steckbarem-sensor\\\/\",\"name\":\"Funk-Temperatur Datenlogger MSR147WD mit steckbaren Sensoren - Sysmatec\",\"isPartOf\":{\"@id\":\"https:\\\/\\\/sysmatec.ch\\\/de\\\/#website\"},\"primaryImageOfPage\":{\"@id\":\"https:\\\/\\\/sysmatec.ch\\\/de\\\/produit\\\/funk-temperatur-datenlogger-msr147wd-mit-steckbarem-sensor\\\/#primaryimage\"},\"image\":{\"@id\":\"https:\\\/\\\/sysmatec.ch\\\/de\\\/produit\\\/funk-temperatur-datenlogger-msr147wd-mit-steckbarem-sensor\\\/#primaryimage\"},\"thumbnailUrl\":\"https:\\\/\\\/sysmatec.ch\\\/wp-content\\\/uploads\\\/2019\\\/02\\\/Enregistreur_MSR147WD.jpg\",\"datePublished\":\"2019-02-21T08:02:27+00:00\",\"dateModified\":\"2022-02-24T20:03:33+00:00\",\"description\":\"Drahtloser Temperatur-, Feuchtigkeits-, Druck- und Beschleunigungslogger mit Bluetooth Low Energy. Es kann mit bis zu 5 steckbaren Sensoren best\u00fcckt werden.\",\"breadcrumb\":{\"@id\":\"https:\\\/\\\/sysmatec.ch\\\/de\\\/produit\\\/funk-temperatur-datenlogger-msr147wd-mit-steckbarem-sensor\\\/#breadcrumb\"},\"inLanguage\":\"de\",\"potentialAction\":[{\"@type\":\"ReadAction\",\"target\":[\"https:\\\/\\\/sysmatec.ch\\\/de\\\/produit\\\/funk-temperatur-datenlogger-msr147wd-mit-steckbarem-sensor\\\/\"]}]},{\"@type\":\"ImageObject\",\"inLanguage\":\"de\",\"@id\":\"https:\\\/\\\/sysmatec.ch\\\/de\\\/produit\\\/funk-temperatur-datenlogger-msr147wd-mit-steckbarem-sensor\\\/#primaryimage\",\"url\":\"https:\\\/\\\/sysmatec.ch\\\/wp-content\\\/uploads\\\/2019\\\/02\\\/Enregistreur_MSR147WD.jpg\",\"contentUrl\":\"https:\\\/\\\/sysmatec.ch\\\/wp-content\\\/uploads\\\/2019\\\/02\\\/Enregistreur_MSR147WD.jpg\",\"width\":189,\"height\":126},{\"@type\":\"BreadcrumbList\",\"@id\":\"https:\\\/\\\/sysmatec.ch\\\/de\\\/produit\\\/funk-temperatur-datenlogger-msr147wd-mit-steckbarem-sensor\\\/#breadcrumb\",\"itemListElement\":[{\"@type\":\"ListItem\",\"position\":1,\"name\":\"Accueil\",\"item\":\"https:\\\/\\\/sysmatec.ch\\\/de\\\/\"},{\"@type\":\"ListItem\",\"position\":2,\"name\":\"Die Aktivit\u00e4t von Sysmatec\",\"item\":\"https:\\\/\\\/sysmatec.ch\\\/de\\\/\"},{\"@type\":\"ListItem\",\"position\":3,\"name\":\"Funk-Temperatur Datenlogger MSR147WD mit steckbaren Sensoren\"}]},{\"@type\":\"WebSite\",\"@id\":\"https:\\\/\\\/sysmatec.ch\\\/de\\\/#website\",\"url\":\"https:\\\/\\\/sysmatec.ch\\\/de\\\/\",\"name\":\"Sysmatec\",\"description\":\"Equipement de laboratoire et logiciels\",\"publisher\":{\"@id\":\"https:\\\/\\\/sysmatec.ch\\\/de\\\/#organization\"},\"potentialAction\":[{\"@type\":\"SearchAction\",\"target\":{\"@type\":\"EntryPoint\",\"urlTemplate\":\"https:\\\/\\\/sysmatec.ch\\\/de\\\/?s={search_term_string}\"},\"query-input\":{\"@type\":\"PropertyValueSpecification\",\"valueRequired\":true,\"valueName\":\"search_term_string\"}}],\"inLanguage\":\"de\"},{\"@type\":\"Organization\",\"@id\":\"https:\\\/\\\/sysmatec.ch\\\/de\\\/#organization\",\"name\":\"Sysmatec\",\"url\":\"https:\\\/\\\/sysmatec.ch\\\/de\\\/\",\"logo\":{\"@type\":\"ImageObject\",\"inLanguage\":\"de\",\"@id\":\"https:\\\/\\\/sysmatec.ch\\\/de\\\/#\\\/schema\\\/logo\\\/image\\\/\",\"url\":\"https:\\\/\\\/sysmatec.ch\\\/wp-content\\\/uploads\\\/2018\\\/11\\\/LogoSysmatec.jpg\",\"contentUrl\":\"https:\\\/\\\/sysmatec.ch\\\/wp-content\\\/uploads\\\/2018\\\/11\\\/LogoSysmatec.jpg\",\"width\":301,\"height\":297,\"caption\":\"Sysmatec\"},\"image\":{\"@id\":\"https:\\\/\\\/sysmatec.ch\\\/de\\\/#\\\/schema\\\/logo\\\/image\\\/\"}}]}<\/script>\n<!-- \/ Yoast SEO plugin. -->","yoast_head_json":{"title":"Funk-Temperatur Datenlogger MSR147WD mit steckbaren Sensoren - Sysmatec","description":"Drahtloser Temperatur-, Feuchtigkeits-, Druck- und Beschleunigungslogger mit Bluetooth Low Energy. Es kann mit bis zu 5 steckbaren Sensoren best\u00fcckt werden.","robots":{"index":"index","follow":"follow","max-snippet":"max-snippet:-1","max-image-preview":"max-image-preview:large","max-video-preview":"max-video-preview:-1"},"canonical":"https:\/\/sysmatec.ch\/de\/produit\/funk-temperatur-datenlogger-msr147wd-mit-steckbarem-sensor\/","og_locale":"de_DE","og_type":"article","og_title":"Funk-Temperatur Datenlogger MSR147WD mit steckbaren Sensoren - Sysmatec","og_description":"Drahtloser Temperatur-, Feuchtigkeits-, Druck- und Beschleunigungslogger mit Bluetooth Low Energy. Es kann mit bis zu 5 steckbaren Sensoren best\u00fcckt werden.","og_url":"https:\/\/sysmatec.ch\/de\/produit\/funk-temperatur-datenlogger-msr147wd-mit-steckbarem-sensor\/","og_site_name":"Sysmatec","article_modified_time":"2022-02-24T20:03:33+00:00","og_image":[{"width":189,"height":126,"url":"https:\/\/sysmatec.ch\/wp-content\/uploads\/2019\/02\/Enregistreur_MSR147WD.jpg","type":"image\/jpeg"}],"twitter_card":"summary_large_image","twitter_misc":{"Gesch\u00e4tzte Lesezeit":"1\u00a0Minute"},"schema":{"@context":"https:\/\/schema.org","@graph":[{"@type":"WebPage","@id":"https:\/\/sysmatec.ch\/de\/produit\/funk-temperatur-datenlogger-msr147wd-mit-steckbarem-sensor\/","url":"https:\/\/sysmatec.ch\/de\/produit\/funk-temperatur-datenlogger-msr147wd-mit-steckbarem-sensor\/","name":"Funk-Temperatur Datenlogger MSR147WD mit steckbaren Sensoren - Sysmatec","isPartOf":{"@id":"https:\/\/sysmatec.ch\/de\/#website"},"primaryImageOfPage":{"@id":"https:\/\/sysmatec.ch\/de\/produit\/funk-temperatur-datenlogger-msr147wd-mit-steckbarem-sensor\/#primaryimage"},"image":{"@id":"https:\/\/sysmatec.ch\/de\/produit\/funk-temperatur-datenlogger-msr147wd-mit-steckbarem-sensor\/#primaryimage"},"thumbnailUrl":"https:\/\/sysmatec.ch\/wp-content\/uploads\/2019\/02\/Enregistreur_MSR147WD.jpg","datePublished":"2019-02-21T08:02:27+00:00","dateModified":"2022-02-24T20:03:33+00:00","description":"Drahtloser Temperatur-, Feuchtigkeits-, Druck- und Beschleunigungslogger mit Bluetooth Low Energy. Es kann mit bis zu 5 steckbaren Sensoren best\u00fcckt werden.","breadcrumb":{"@id":"https:\/\/sysmatec.ch\/de\/produit\/funk-temperatur-datenlogger-msr147wd-mit-steckbarem-sensor\/#breadcrumb"},"inLanguage":"de","potentialAction":[{"@type":"ReadAction","target":["https:\/\/sysmatec.ch\/de\/produit\/funk-temperatur-datenlogger-msr147wd-mit-steckbarem-sensor\/"]}]},{"@type":"ImageObject","inLanguage":"de","@id":"https:\/\/sysmatec.ch\/de\/produit\/funk-temperatur-datenlogger-msr147wd-mit-steckbarem-sensor\/#primaryimage","url":"https:\/\/sysmatec.ch\/wp-content\/uploads\/2019\/02\/Enregistreur_MSR147WD.jpg","contentUrl":"https:\/\/sysmatec.ch\/wp-content\/uploads\/2019\/02\/Enregistreur_MSR147WD.jpg","width":189,"height":126},{"@type":"BreadcrumbList","@id":"https:\/\/sysmatec.ch\/de\/produit\/funk-temperatur-datenlogger-msr147wd-mit-steckbarem-sensor\/#breadcrumb","itemListElement":[{"@type":"ListItem","position":1,"name":"Accueil","item":"https:\/\/sysmatec.ch\/de\/"},{"@type":"ListItem","position":2,"name":"Die Aktivit\u00e4t von Sysmatec","item":"https:\/\/sysmatec.ch\/de\/"},{"@type":"ListItem","position":3,"name":"Funk-Temperatur Datenlogger MSR147WD mit steckbaren Sensoren"}]},{"@type":"WebSite","@id":"https:\/\/sysmatec.ch\/de\/#website","url":"https:\/\/sysmatec.ch\/de\/","name":"Sysmatec","description":"Equipement de laboratoire et logiciels","publisher":{"@id":"https:\/\/sysmatec.ch\/de\/#organization"},"potentialAction":[{"@type":"SearchAction","target":{"@type":"EntryPoint","urlTemplate":"https:\/\/sysmatec.ch\/de\/?s={search_term_string}"},"query-input":{"@type":"PropertyValueSpecification","valueRequired":true,"valueName":"search_term_string"}}],"inLanguage":"de"},{"@type":"Organization","@id":"https:\/\/sysmatec.ch\/de\/#organization","name":"Sysmatec","url":"https:\/\/sysmatec.ch\/de\/","logo":{"@type":"ImageObject","inLanguage":"de","@id":"https:\/\/sysmatec.ch\/de\/#\/schema\/logo\/image\/","url":"https:\/\/sysmatec.ch\/wp-content\/uploads\/2018\/11\/LogoSysmatec.jpg","contentUrl":"https:\/\/sysmatec.ch\/wp-content\/uploads\/2018\/11\/LogoSysmatec.jpg","width":301,"height":297,"caption":"Sysmatec"},"image":{"@id":"https:\/\/sysmatec.ch\/de\/#\/schema\/logo\/image\/"}}]}},"_links":{"self":[{"href":"https:\/\/sysmatec.ch\/de\/wp-json\/wp\/v2\/product\/3489","targetHints":{"allow":["GET"]}}],"collection":[{"href":"https:\/\/sysmatec.ch\/de\/wp-json\/wp\/v2\/product"}],"about":[{"href":"https:\/\/sysmatec.ch\/de\/wp-json\/wp\/v2\/types\/product"}],"wp:featuredmedia":[{"embeddable":true,"href":"https:\/\/sysmatec.ch\/de\/wp-json\/wp\/v2\/media\/3487"}],"wp:attachment":[{"href":"https:\/\/sysmatec.ch\/de\/wp-json\/wp\/v2\/media?parent=3489"}],"wp:term":[{"taxonomy":"product_brand","embeddable":true,"href":"https:\/\/sysmatec.ch\/de\/wp-json\/wp\/v2\/product_brand?post=3489"},{"taxonomy":"product_cat","embeddable":true,"href":"https:\/\/sysmatec.ch\/de\/wp-json\/wp\/v2\/product_cat?post=3489"},{"taxonomy":"product_tag","embeddable":true,"href":"https:\/\/sysmatec.ch\/de\/wp-json\/wp\/v2\/product_tag?post=3489"}],"curies":[{"name":"wp","href":"https:\/\/api.w.org\/{rel}","templated":true}]}}