{"id":3483,"date":"2019-02-21T08:52:25","date_gmt":"2019-02-21T07:52:25","guid":{"rendered":"https:\/\/sysmatec.ch\/produit\/enregistreur-temperature-humidite-msr145wd-avec-afficheur-et-communication-bluetooth\/"},"modified":"2022-02-24T21:07:35","modified_gmt":"2022-02-24T20:07:35","slug":"temperatur-feuchtigkeits-druck-licht-beschleunigungs-logger-msr145wd","status":"publish","type":"product","link":"https:\/\/sysmatec.ch\/de\/Produkt\/temperatur-feuchtigkeits-druck-licht-beschleunigungs-logger-msr145wd\/","title":{"rendered":"Temperatur-, Feuchtigkeits-, Druck-, Licht- und Beschleunigungslogger MSR145WD"},"content":{"rendered":"<p>Die drahtlose Version des MSR145 Datenloggers erm\u00f6glicht Ihnen mittels der Nahbereich-Funktechnik Bluetooth Low Energy (BLE) eine komfortable und pr\u00e4zise Daten\u00fcberwachung. Mit der Smartphone-App k\u00f6nnen Sie die aktuellen und zuletzt gespeicherten Werte jederzeit und ohne Verz\u00f6gerung abrufen. Das Smartphone, ein PC oder unsere BLE-Empf\u00e4nger-Box k\u00f6nnen die Messdaten bei Bedarf an die MSR SmartCloud weiterleiten.<\/p>\n<p>Zur kompakten Anzeige von Daten und Grafiken k\u00f6nnen Sie den MSR145WD Datenlogger neu mit einem farbigen OLED-Display ausstatten lassen. Die hohe Anzeigequalit\u00e4t erm\u00f6glicht Ihnen das einfache Ablesen von Messwerten selbst bei v\u00f6lliger Dunkelheit und aus praktisch jedem Betrachtungswinkel. Das Ein- und Ausschalten des Displays erfolgt manuell, konfigurieren lassen sich die gew\u00fcnschten Anzeigedaten im MSR PC-Software Programm \u00abSet up\u00bb.<\/p>\n<p>Messgr\u00f6sse: Temperatur, relative Feuchte, Luftdruck, Fl\u00fcssigkeitsdruck, Dehnungsmessstreifen, Beschleunigung (Schock), Licht.<\/p>\n<p>Vorteile:<\/p>\n<ul>\n<li type=\"disc\">Record starten und stoppen via MSR App (z.B. mit Smartphone)<\/li>\n<li type=\"disc\">Verschiedene L\u00f6sungen f\u00fcr die Daten zu lesen: Zeitfenster der BLE-Verbindung individuell w\u00e4hlen, BLE-Verbindung 1 x zu jeder vollen Stunde, 5 Min. lang, per Taster<\/li>\n<li>Kostenloser Zugang zur MSR SmartCloud, Speicherplatz f\u00fcr max. 100\u2018000 Messwerte. Datenspeicherung f\u00fcr bis zu 3 Monate.<\/li>\n<\/ul>\n<p>Sie k\u00f6nnen hier Ihrer\u00a0Datenlogger zusammenstellen:<br \/>\n<iframe loading=\"lazy\" style=\"border: 0px; padding: 0; margin: 0;\" src=\"https:\/\/www.msr.ch\/de\/affiliate\/msr145wd.php?ver=Sysmatec\" width=\"695\" height=\"4720\" frameborder=\"0\" scrolling=\"no\"><span class=\"mce_SELRES_start\" style=\"width: 0px; line-height: 0; overflow: hidden; display: inline-block;\" data-mce-type=\"bookmark\">\ufeff<\/span><span class=\"mce_SELRES_start\" style=\"width: 0px; line-height: 0; overflow: hidden; display: inline-block;\" data-mce-type=\"bookmark\">\ufeff<\/span><span class=\"mce_SELRES_start\" style=\"width: 0px; line-height: 0; overflow: hidden; display: inline-block;\" data-mce-type=\"bookmark\">\ufeff<\/span><span class=\"mce_SELRES_start\" style=\"width: 0px; line-height: 0; overflow: hidden; display: inline-block;\" data-mce-type=\"bookmark\">\ufeff<\/span><\/iframe><\/p>\n","protected":false},"excerpt":{"rendered":"<p>Temperatur-, Feuchtigkeit-, Druck-, Licht- und Beschleunigungslogger mit Anzeige und Bluetooth Kommunikation<\/p>\n","protected":false},"featured_media":3481,"template":"","meta":{"_crdt_document":""},"product_brand":[],"product_cat":[288,168,169,175,206,173],"product_tag":[],"class_list":{"0":"post-3483","1":"product","2":"type-product","3":"status-publish","4":"has-post-thumbnail","6":"product_cat-beschleunigung","7":"product_cat-datenlogger","8":"product_cat-druck","9":"product_cat-feuchte","10":"product_cat-licht","11":"product_cat-temperatur","13":"first","14":"instock","15":"taxable","16":"shipping-taxable","17":"product-type-simple"},"yoast_head":"<!-- This site is optimized with the Yoast SEO plugin v27.4 - https:\/\/yoast.com\/product\/yoast-seo-wordpress\/ -->\n<title>Temperatur-, Feuchtigkeits-, Druck-, Licht- und Beschleunigungslogger MSR145WD - Sysmatec<\/title>\n<meta name=\"description\" content=\"Modularer Rekorder f\u00fcr Temperatur, Feuchtigkeit, Druck, Licht und Beschleunigung. Kommunikation \u00fcber Bluetooth Low Energy.\" \/>\n<meta name=\"robots\" content=\"index, follow, max-snippet:-1, max-image-preview:large, max-video-preview:-1\" \/>\n<link rel=\"canonical\" href=\"https:\/\/sysmatec.ch\/de\/produit\/temperatur-feuchtigkeits-druck-licht-beschleunigungs-logger-msr145wd\/\" \/>\n<meta property=\"og:locale\" content=\"de_DE\" \/>\n<meta property=\"og:type\" content=\"article\" \/>\n<meta property=\"og:title\" content=\"Temperatur-, Feuchtigkeits-, Druck-, Licht- und Beschleunigungslogger MSR145WD - Sysmatec\" \/>\n<meta property=\"og:description\" content=\"Modularer Rekorder f\u00fcr Temperatur, Feuchtigkeit, Druck, Licht und Beschleunigung. Kommunikation \u00fcber Bluetooth Low Energy.\" \/>\n<meta property=\"og:url\" content=\"https:\/\/sysmatec.ch\/de\/produit\/temperatur-feuchtigkeits-druck-licht-beschleunigungs-logger-msr145wd\/\" \/>\n<meta property=\"og:site_name\" content=\"Sysmatec\" \/>\n<meta property=\"article:modified_time\" content=\"2022-02-24T20:07:35+00:00\" \/>\n<meta property=\"og:image\" content=\"https:\/\/sysmatec.ch\/wp-content\/uploads\/2019\/02\/Enregistreur_MSR145WD.jpg\" \/>\n\t<meta property=\"og:image:width\" content=\"187\" \/>\n\t<meta property=\"og:image:height\" content=\"114\" \/>\n\t<meta property=\"og:image:type\" content=\"image\/jpeg\" \/>\n<meta name=\"twitter:card\" content=\"summary_large_image\" \/>\n<meta name=\"twitter:label1\" content=\"Gesch\u00e4tzte Lesezeit\" \/>\n\t<meta name=\"twitter:data1\" content=\"1\u00a0Minute\" \/>\n<script type=\"application\/ld+json\" class=\"yoast-schema-graph\">{\"@context\":\"https:\\\/\\\/schema.org\",\"@graph\":[{\"@type\":\"WebPage\",\"@id\":\"https:\\\/\\\/sysmatec.ch\\\/de\\\/produit\\\/temperatur-feuchtigkeits-druck-licht-beschleunigungs-logger-msr145wd\\\/\",\"url\":\"https:\\\/\\\/sysmatec.ch\\\/de\\\/produit\\\/temperatur-feuchtigkeits-druck-licht-beschleunigungs-logger-msr145wd\\\/\",\"name\":\"Temperatur-, Feuchtigkeits-, Druck-, Licht- und Beschleunigungslogger MSR145WD - Sysmatec\",\"isPartOf\":{\"@id\":\"https:\\\/\\\/sysmatec.ch\\\/de\\\/#website\"},\"primaryImageOfPage\":{\"@id\":\"https:\\\/\\\/sysmatec.ch\\\/de\\\/produit\\\/temperatur-feuchtigkeits-druck-licht-beschleunigungs-logger-msr145wd\\\/#primaryimage\"},\"image\":{\"@id\":\"https:\\\/\\\/sysmatec.ch\\\/de\\\/produit\\\/temperatur-feuchtigkeits-druck-licht-beschleunigungs-logger-msr145wd\\\/#primaryimage\"},\"thumbnailUrl\":\"https:\\\/\\\/sysmatec.ch\\\/wp-content\\\/uploads\\\/2019\\\/02\\\/Enregistreur_MSR145WD.jpg\",\"datePublished\":\"2019-02-21T07:52:25+00:00\",\"dateModified\":\"2022-02-24T20:07:35+00:00\",\"description\":\"Modularer Rekorder f\u00fcr Temperatur, Feuchtigkeit, Druck, Licht und Beschleunigung. Kommunikation \u00fcber Bluetooth Low Energy.\",\"breadcrumb\":{\"@id\":\"https:\\\/\\\/sysmatec.ch\\\/de\\\/produit\\\/temperatur-feuchtigkeits-druck-licht-beschleunigungs-logger-msr145wd\\\/#breadcrumb\"},\"inLanguage\":\"de\",\"potentialAction\":[{\"@type\":\"ReadAction\",\"target\":[\"https:\\\/\\\/sysmatec.ch\\\/de\\\/produit\\\/temperatur-feuchtigkeits-druck-licht-beschleunigungs-logger-msr145wd\\\/\"]}]},{\"@type\":\"ImageObject\",\"inLanguage\":\"de\",\"@id\":\"https:\\\/\\\/sysmatec.ch\\\/de\\\/produit\\\/temperatur-feuchtigkeits-druck-licht-beschleunigungs-logger-msr145wd\\\/#primaryimage\",\"url\":\"https:\\\/\\\/sysmatec.ch\\\/wp-content\\\/uploads\\\/2019\\\/02\\\/Enregistreur_MSR145WD.jpg\",\"contentUrl\":\"https:\\\/\\\/sysmatec.ch\\\/wp-content\\\/uploads\\\/2019\\\/02\\\/Enregistreur_MSR145WD.jpg\",\"width\":187,\"height\":114},{\"@type\":\"BreadcrumbList\",\"@id\":\"https:\\\/\\\/sysmatec.ch\\\/de\\\/produit\\\/temperatur-feuchtigkeits-druck-licht-beschleunigungs-logger-msr145wd\\\/#breadcrumb\",\"itemListElement\":[{\"@type\":\"ListItem\",\"position\":1,\"name\":\"Accueil\",\"item\":\"https:\\\/\\\/sysmatec.ch\\\/de\\\/\"},{\"@type\":\"ListItem\",\"position\":2,\"name\":\"Die Aktivit\u00e4t von Sysmatec\",\"item\":\"https:\\\/\\\/sysmatec.ch\\\/de\\\/\"},{\"@type\":\"ListItem\",\"position\":3,\"name\":\"Temperatur-, Feuchtigkeits-, Druck-, Licht- und Beschleunigungslogger MSR145WD\"}]},{\"@type\":\"WebSite\",\"@id\":\"https:\\\/\\\/sysmatec.ch\\\/de\\\/#website\",\"url\":\"https:\\\/\\\/sysmatec.ch\\\/de\\\/\",\"name\":\"Sysmatec\",\"description\":\"Equipement de laboratoire et logiciels\",\"publisher\":{\"@id\":\"https:\\\/\\\/sysmatec.ch\\\/de\\\/#organization\"},\"potentialAction\":[{\"@type\":\"SearchAction\",\"target\":{\"@type\":\"EntryPoint\",\"urlTemplate\":\"https:\\\/\\\/sysmatec.ch\\\/de\\\/?s={search_term_string}\"},\"query-input\":{\"@type\":\"PropertyValueSpecification\",\"valueRequired\":true,\"valueName\":\"search_term_string\"}}],\"inLanguage\":\"de\"},{\"@type\":\"Organization\",\"@id\":\"https:\\\/\\\/sysmatec.ch\\\/de\\\/#organization\",\"name\":\"Sysmatec\",\"url\":\"https:\\\/\\\/sysmatec.ch\\\/de\\\/\",\"logo\":{\"@type\":\"ImageObject\",\"inLanguage\":\"de\",\"@id\":\"https:\\\/\\\/sysmatec.ch\\\/de\\\/#\\\/schema\\\/logo\\\/image\\\/\",\"url\":\"https:\\\/\\\/sysmatec.ch\\\/wp-content\\\/uploads\\\/2018\\\/11\\\/LogoSysmatec.jpg\",\"contentUrl\":\"https:\\\/\\\/sysmatec.ch\\\/wp-content\\\/uploads\\\/2018\\\/11\\\/LogoSysmatec.jpg\",\"width\":301,\"height\":297,\"caption\":\"Sysmatec\"},\"image\":{\"@id\":\"https:\\\/\\\/sysmatec.ch\\\/de\\\/#\\\/schema\\\/logo\\\/image\\\/\"}}]}<\/script>\n<!-- \/ Yoast SEO plugin. -->","yoast_head_json":{"title":"Temperatur-, Feuchtigkeits-, Druck-, Licht- und Beschleunigungslogger MSR145WD - Sysmatec","description":"Modularer Rekorder f\u00fcr Temperatur, Feuchtigkeit, Druck, Licht und Beschleunigung. Kommunikation \u00fcber Bluetooth Low Energy.","robots":{"index":"index","follow":"follow","max-snippet":"max-snippet:-1","max-image-preview":"max-image-preview:large","max-video-preview":"max-video-preview:-1"},"canonical":"https:\/\/sysmatec.ch\/de\/produit\/temperatur-feuchtigkeits-druck-licht-beschleunigungs-logger-msr145wd\/","og_locale":"de_DE","og_type":"article","og_title":"Temperatur-, Feuchtigkeits-, Druck-, Licht- und Beschleunigungslogger MSR145WD - Sysmatec","og_description":"Modularer Rekorder f\u00fcr Temperatur, Feuchtigkeit, Druck, Licht und Beschleunigung. Kommunikation \u00fcber Bluetooth Low Energy.","og_url":"https:\/\/sysmatec.ch\/de\/produit\/temperatur-feuchtigkeits-druck-licht-beschleunigungs-logger-msr145wd\/","og_site_name":"Sysmatec","article_modified_time":"2022-02-24T20:07:35+00:00","og_image":[{"width":187,"height":114,"url":"https:\/\/sysmatec.ch\/wp-content\/uploads\/2019\/02\/Enregistreur_MSR145WD.jpg","type":"image\/jpeg"}],"twitter_card":"summary_large_image","twitter_misc":{"Gesch\u00e4tzte Lesezeit":"1\u00a0Minute"},"schema":{"@context":"https:\/\/schema.org","@graph":[{"@type":"WebPage","@id":"https:\/\/sysmatec.ch\/de\/produit\/temperatur-feuchtigkeits-druck-licht-beschleunigungs-logger-msr145wd\/","url":"https:\/\/sysmatec.ch\/de\/produit\/temperatur-feuchtigkeits-druck-licht-beschleunigungs-logger-msr145wd\/","name":"Temperatur-, Feuchtigkeits-, Druck-, Licht- und Beschleunigungslogger MSR145WD - Sysmatec","isPartOf":{"@id":"https:\/\/sysmatec.ch\/de\/#website"},"primaryImageOfPage":{"@id":"https:\/\/sysmatec.ch\/de\/produit\/temperatur-feuchtigkeits-druck-licht-beschleunigungs-logger-msr145wd\/#primaryimage"},"image":{"@id":"https:\/\/sysmatec.ch\/de\/produit\/temperatur-feuchtigkeits-druck-licht-beschleunigungs-logger-msr145wd\/#primaryimage"},"thumbnailUrl":"https:\/\/sysmatec.ch\/wp-content\/uploads\/2019\/02\/Enregistreur_MSR145WD.jpg","datePublished":"2019-02-21T07:52:25+00:00","dateModified":"2022-02-24T20:07:35+00:00","description":"Modularer Rekorder f\u00fcr Temperatur, Feuchtigkeit, Druck, Licht und Beschleunigung. Kommunikation \u00fcber Bluetooth Low Energy.","breadcrumb":{"@id":"https:\/\/sysmatec.ch\/de\/produit\/temperatur-feuchtigkeits-druck-licht-beschleunigungs-logger-msr145wd\/#breadcrumb"},"inLanguage":"de","potentialAction":[{"@type":"ReadAction","target":["https:\/\/sysmatec.ch\/de\/produit\/temperatur-feuchtigkeits-druck-licht-beschleunigungs-logger-msr145wd\/"]}]},{"@type":"ImageObject","inLanguage":"de","@id":"https:\/\/sysmatec.ch\/de\/produit\/temperatur-feuchtigkeits-druck-licht-beschleunigungs-logger-msr145wd\/#primaryimage","url":"https:\/\/sysmatec.ch\/wp-content\/uploads\/2019\/02\/Enregistreur_MSR145WD.jpg","contentUrl":"https:\/\/sysmatec.ch\/wp-content\/uploads\/2019\/02\/Enregistreur_MSR145WD.jpg","width":187,"height":114},{"@type":"BreadcrumbList","@id":"https:\/\/sysmatec.ch\/de\/produit\/temperatur-feuchtigkeits-druck-licht-beschleunigungs-logger-msr145wd\/#breadcrumb","itemListElement":[{"@type":"ListItem","position":1,"name":"Accueil","item":"https:\/\/sysmatec.ch\/de\/"},{"@type":"ListItem","position":2,"name":"Die Aktivit\u00e4t von Sysmatec","item":"https:\/\/sysmatec.ch\/de\/"},{"@type":"ListItem","position":3,"name":"Temperatur-, Feuchtigkeits-, Druck-, Licht- und Beschleunigungslogger MSR145WD"}]},{"@type":"WebSite","@id":"https:\/\/sysmatec.ch\/de\/#website","url":"https:\/\/sysmatec.ch\/de\/","name":"Sysmatec","description":"Equipement de laboratoire et logiciels","publisher":{"@id":"https:\/\/sysmatec.ch\/de\/#organization"},"potentialAction":[{"@type":"SearchAction","target":{"@type":"EntryPoint","urlTemplate":"https:\/\/sysmatec.ch\/de\/?s={search_term_string}"},"query-input":{"@type":"PropertyValueSpecification","valueRequired":true,"valueName":"search_term_string"}}],"inLanguage":"de"},{"@type":"Organization","@id":"https:\/\/sysmatec.ch\/de\/#organization","name":"Sysmatec","url":"https:\/\/sysmatec.ch\/de\/","logo":{"@type":"ImageObject","inLanguage":"de","@id":"https:\/\/sysmatec.ch\/de\/#\/schema\/logo\/image\/","url":"https:\/\/sysmatec.ch\/wp-content\/uploads\/2018\/11\/LogoSysmatec.jpg","contentUrl":"https:\/\/sysmatec.ch\/wp-content\/uploads\/2018\/11\/LogoSysmatec.jpg","width":301,"height":297,"caption":"Sysmatec"},"image":{"@id":"https:\/\/sysmatec.ch\/de\/#\/schema\/logo\/image\/"}}]}},"_links":{"self":[{"href":"https:\/\/sysmatec.ch\/de\/wp-json\/wp\/v2\/product\/3483","targetHints":{"allow":["GET"]}}],"collection":[{"href":"https:\/\/sysmatec.ch\/de\/wp-json\/wp\/v2\/product"}],"about":[{"href":"https:\/\/sysmatec.ch\/de\/wp-json\/wp\/v2\/types\/product"}],"wp:featuredmedia":[{"embeddable":true,"href":"https:\/\/sysmatec.ch\/de\/wp-json\/wp\/v2\/media\/3481"}],"wp:attachment":[{"href":"https:\/\/sysmatec.ch\/de\/wp-json\/wp\/v2\/media?parent=3483"}],"wp:term":[{"taxonomy":"product_brand","embeddable":true,"href":"https:\/\/sysmatec.ch\/de\/wp-json\/wp\/v2\/product_brand?post=3483"},{"taxonomy":"product_cat","embeddable":true,"href":"https:\/\/sysmatec.ch\/de\/wp-json\/wp\/v2\/product_cat?post=3483"},{"taxonomy":"product_tag","embeddable":true,"href":"https:\/\/sysmatec.ch\/de\/wp-json\/wp\/v2\/product_tag?post=3483"}],"curies":[{"name":"wp","href":"https:\/\/api.w.org\/{rel}","templated":true}]}}