{"id":3475,"date":"2019-02-21T08:18:14","date_gmt":"2019-02-21T07:18:14","guid":{"rendered":"https:\/\/sysmatec.ch\/produit\/enregistreur-de-temperature-wifi-testo-saveris-2\/"},"modified":"2022-02-25T08:23:29","modified_gmt":"2022-02-25T07:23:29","slug":"wifi-temperatur-datenlogger-testo-saveris-2","status":"publish","type":"product","link":"https:\/\/sysmatec.ch\/de\/Produkt\/wifi-temperatur-datenlogger-testo-saveris-2\/","title":{"rendered":"Wifi Temperatur-Datenlogger Testo Saveris 2"},"content":{"rendered":"<p>Alle relevanten Temperaturmesswerte werden von speziell entwickelten Funk-Datenloggern pr\u00e4zise aufgezeichnet und \u00fcber WLAN direkt in einen Online-Datenspeicher \u2013 die Testo-Cloud \u2013 gesendet und gespeichert.<\/p>\n<p>Die Testo-Cloud ist auch das zentrale Bedienelement des gesamten Systems. Per Smartphone, Tablet oder PC k\u00f6nnen Sie hier jederzeit die Messwerte abrufen und auswerten, Ihre Funk-Datenlogger konfigurieren und Grenzwertalarme einstellen. Sollten Grenzwerte verletzt werden, alarmiert Sie das System sofort per E-Mail oder SMS (optional).<\/p>\n<p>Die Funk-Datenlogger sind batteriebetrieben und mit einem Speicher f\u00fcr 10 000 Messwerte ausgestattet. Sollte einmal auf Grund eines lokalen Stromausfalls Ihr WLAN ausfallen, so messen die Funk-Datenlogger im vorgegebenen Messtakt weiter, bis das Netzwerk wieder zur Verf\u00fcgung steht.<\/p>\n<p>Es gibt im Moment 2 Cloud L\u00f6sungen:<\/p>\n<table border=\"1\" width=\"548\" cellspacing=\"2\" cellpadding=\"0\">\n<tbody>\n<tr>\n<td>Cloud<\/td>\n<td>Basic (kostenlos)<\/td>\n<td>Advanced<\/td>\n<\/tr>\n<tr>\n<td>Messtakt<\/td>\n<td align=\"right\">15 min (fix)<\/td>\n<td align=\"right\">1 min. bis 24 h<\/td>\n<\/tr>\n<tr>\n<td>Kommunikationstakt<\/td>\n<td align=\"right\">15 min (fix)<\/td>\n<td align=\"right\">1 min. bis 24 h<\/td>\n<\/tr>\n<tr>\n<td>Datenspeicherung<\/td>\n<td align=\"right\">3 Monate<\/td>\n<td align=\"right\">12 Monate<\/td>\n<\/tr>\n<tr>\n<td>Berichte (pdf, csv)<\/td>\n<td align=\"right\">manuel<\/td>\n<td align=\"right\">automatisch und manuel<\/td>\n<\/tr>\n<tr>\n<td>Anzahl Benutzer pro Konto<\/td>\n<td align=\"right\">1<\/td>\n<td align=\"right\">5<\/td>\n<\/tr>\n<tr>\n<td>Anzahl Funk-Datenlogger pro Konto<\/td>\n<td align=\"right\">unlimitiert<\/td>\n<td align=\"right\">unlimitiert<\/td>\n<\/tr>\n<tr>\n<td>E-Mail-Alarmierung<\/td>\n<td align=\"right\">ja<\/td>\n<td align=\"right\">ja<\/td>\n<\/tr>\n<tr>\n<td>SMS-Alarmierung<\/td>\n<td align=\"right\">nein<\/td>\n<td align=\"right\">oui<\/td>\n<\/tr>\n<tr>\n<td>System-Benachrichtigungen<\/td>\n<td align=\"right\">Benachrichtigung bei geringem Batteriestand<\/td>\n<td align=\"right\">Benachrichtigung bei geringem BatteriestandFunkverbindung unterbrochen<\/p>\n<p>Stromversorgung unterbrochen<\/td>\n<\/tr>\n<\/tbody>\n<\/table>\n<p>Verschiedene Versionen.<\/p>\n<p>Testo Saveris 2-T1: Funk-Datenlogger (WLAN) mit Display und internem NTC Temperatursensor (-30 bis 50 \u00b0C, +\/- 0.5 \u00b0C), inkl. USB-Kabel, Wandhalterung, Batterien und Kalibrierprotokoll<\/p>\n<p>Testo Saveris 2-T2; Funk-Datenlogger (WLAN) mit Display zur Messung von Temperatur, zwei Anschl\u00fcsse f\u00fcr externe NTC-Temperaturf\u00fchler (-50 bis 150 \u00b0C +\/- 0.3 \u00b0C) oder T\u00fcrkontakte, inkl. USB-Kabel, Wandhalterung, Batterien und Kalibrierprotokoll<\/p>\n<p>testo Saveris 2-T3; Funk-Datenlogger (WLAN) mit Display zur Messung von Temperatur, zwei Anschl\u00fcsse f\u00fcr externe TE-Temperaturf\u00fchler (Typen K, T, J) inkl. USB-Kabel, Wandhalterung, Batterien und Kalibrierprotokoll<\/p>\n<p>Aufl\u00f6sung: 0.1 \u00b0C<\/p>\n<p>Spannungsversorgung: 4 x AA AlMn Mignonzellen; Netzteil optional<\/p>\n<p>Batterie-Standzeit: 24 Monate bei 25 \u00b0C<\/p>\n<p>Abmessung: 95 x 75 x 30 mm<\/p>\n<p>Gewicht: 240 g<\/p>\n","protected":false},"excerpt":{"rendered":"<p>Wifi Temperatur-Datenlogger<\/p>\n","protected":false},"featured_media":3473,"template":"","meta":{"_crdt_document":""},"product_brand":[],"product_cat":[168,173],"product_tag":[],"class_list":{"0":"post-3475","1":"product","2":"type-product","3":"status-publish","4":"has-post-thumbnail","6":"product_cat-datenlogger","7":"product_cat-temperatur","9":"first","10":"instock","11":"taxable","12":"shipping-taxable","13":"product-type-simple"},"yoast_head":"<!-- This site is optimized with the Yoast SEO plugin v27.4 - https:\/\/yoast.com\/product\/yoast-seo-wordpress\/ -->\n<title>Wifi Temperatur-Datenlogger Testo Saveris 2 - Sysmatec<\/title>\n<meta name=\"description\" content=\"Wifi-Kommunikationstemperaturschreiber. Temperaturbereich -30 bis 50 \u00b0C. Auch in einer Version f\u00fcr externe Sonden erh\u00e4ltlich.\" \/>\n<meta name=\"robots\" content=\"index, follow, max-snippet:-1, max-image-preview:large, max-video-preview:-1\" \/>\n<link rel=\"canonical\" href=\"https:\/\/sysmatec.ch\/de\/produit\/wifi-temperatur-datenlogger-testo-saveris-2\/\" \/>\n<meta property=\"og:locale\" content=\"de_DE\" \/>\n<meta property=\"og:type\" content=\"article\" \/>\n<meta property=\"og:title\" content=\"Wifi Temperatur-Datenlogger Testo Saveris 2 - Sysmatec\" \/>\n<meta property=\"og:description\" content=\"Wifi-Kommunikationstemperaturschreiber. Temperaturbereich -30 bis 50 \u00b0C. Auch in einer Version f\u00fcr externe Sonden erh\u00e4ltlich.\" \/>\n<meta property=\"og:url\" content=\"https:\/\/sysmatec.ch\/de\/produit\/wifi-temperatur-datenlogger-testo-saveris-2\/\" \/>\n<meta property=\"og:site_name\" content=\"Sysmatec\" \/>\n<meta property=\"article:modified_time\" content=\"2022-02-25T07:23:29+00:00\" \/>\n<meta property=\"og:image\" content=\"https:\/\/sysmatec.ch\/wp-content\/uploads\/2019\/02\/Enregistreur_TestoSaveris2.jpg\" \/>\n\t<meta property=\"og:image:width\" content=\"183\" \/>\n\t<meta property=\"og:image:height\" content=\"262\" \/>\n\t<meta property=\"og:image:type\" content=\"image\/jpeg\" \/>\n<meta name=\"twitter:card\" content=\"summary_large_image\" \/>\n<meta name=\"twitter:label1\" content=\"Gesch\u00e4tzte Lesezeit\" \/>\n\t<meta name=\"twitter:data1\" content=\"1\u00a0Minute\" \/>\n<script type=\"application\/ld+json\" class=\"yoast-schema-graph\">{\"@context\":\"https:\\\/\\\/schema.org\",\"@graph\":[{\"@type\":\"WebPage\",\"@id\":\"https:\\\/\\\/sysmatec.ch\\\/de\\\/produit\\\/wifi-temperatur-datenlogger-testo-saveris-2\\\/\",\"url\":\"https:\\\/\\\/sysmatec.ch\\\/de\\\/produit\\\/wifi-temperatur-datenlogger-testo-saveris-2\\\/\",\"name\":\"Wifi Temperatur-Datenlogger Testo Saveris 2 - Sysmatec\",\"isPartOf\":{\"@id\":\"https:\\\/\\\/sysmatec.ch\\\/de\\\/#website\"},\"primaryImageOfPage\":{\"@id\":\"https:\\\/\\\/sysmatec.ch\\\/de\\\/produit\\\/wifi-temperatur-datenlogger-testo-saveris-2\\\/#primaryimage\"},\"image\":{\"@id\":\"https:\\\/\\\/sysmatec.ch\\\/de\\\/produit\\\/wifi-temperatur-datenlogger-testo-saveris-2\\\/#primaryimage\"},\"thumbnailUrl\":\"https:\\\/\\\/sysmatec.ch\\\/wp-content\\\/uploads\\\/2019\\\/02\\\/Enregistreur_TestoSaveris2.jpg\",\"datePublished\":\"2019-02-21T07:18:14+00:00\",\"dateModified\":\"2022-02-25T07:23:29+00:00\",\"description\":\"Wifi-Kommunikationstemperaturschreiber. Temperaturbereich -30 bis 50 \u00b0C. Auch in einer Version f\u00fcr externe Sonden erh\u00e4ltlich.\",\"breadcrumb\":{\"@id\":\"https:\\\/\\\/sysmatec.ch\\\/de\\\/produit\\\/wifi-temperatur-datenlogger-testo-saveris-2\\\/#breadcrumb\"},\"inLanguage\":\"de\",\"potentialAction\":[{\"@type\":\"ReadAction\",\"target\":[\"https:\\\/\\\/sysmatec.ch\\\/de\\\/produit\\\/wifi-temperatur-datenlogger-testo-saveris-2\\\/\"]}]},{\"@type\":\"ImageObject\",\"inLanguage\":\"de\",\"@id\":\"https:\\\/\\\/sysmatec.ch\\\/de\\\/produit\\\/wifi-temperatur-datenlogger-testo-saveris-2\\\/#primaryimage\",\"url\":\"https:\\\/\\\/sysmatec.ch\\\/wp-content\\\/uploads\\\/2019\\\/02\\\/Enregistreur_TestoSaveris2.jpg\",\"contentUrl\":\"https:\\\/\\\/sysmatec.ch\\\/wp-content\\\/uploads\\\/2019\\\/02\\\/Enregistreur_TestoSaveris2.jpg\",\"width\":183,\"height\":262},{\"@type\":\"BreadcrumbList\",\"@id\":\"https:\\\/\\\/sysmatec.ch\\\/de\\\/produit\\\/wifi-temperatur-datenlogger-testo-saveris-2\\\/#breadcrumb\",\"itemListElement\":[{\"@type\":\"ListItem\",\"position\":1,\"name\":\"Accueil\",\"item\":\"https:\\\/\\\/sysmatec.ch\\\/de\\\/\"},{\"@type\":\"ListItem\",\"position\":2,\"name\":\"Die Aktivit\u00e4t von Sysmatec\",\"item\":\"https:\\\/\\\/sysmatec.ch\\\/de\\\/\"},{\"@type\":\"ListItem\",\"position\":3,\"name\":\"Wifi Temperatur-Datenlogger Testo Saveris 2\"}]},{\"@type\":\"WebSite\",\"@id\":\"https:\\\/\\\/sysmatec.ch\\\/de\\\/#website\",\"url\":\"https:\\\/\\\/sysmatec.ch\\\/de\\\/\",\"name\":\"Sysmatec\",\"description\":\"Equipement de laboratoire et logiciels\",\"publisher\":{\"@id\":\"https:\\\/\\\/sysmatec.ch\\\/de\\\/#organization\"},\"potentialAction\":[{\"@type\":\"SearchAction\",\"target\":{\"@type\":\"EntryPoint\",\"urlTemplate\":\"https:\\\/\\\/sysmatec.ch\\\/de\\\/?s={search_term_string}\"},\"query-input\":{\"@type\":\"PropertyValueSpecification\",\"valueRequired\":true,\"valueName\":\"search_term_string\"}}],\"inLanguage\":\"de\"},{\"@type\":\"Organization\",\"@id\":\"https:\\\/\\\/sysmatec.ch\\\/de\\\/#organization\",\"name\":\"Sysmatec\",\"url\":\"https:\\\/\\\/sysmatec.ch\\\/de\\\/\",\"logo\":{\"@type\":\"ImageObject\",\"inLanguage\":\"de\",\"@id\":\"https:\\\/\\\/sysmatec.ch\\\/de\\\/#\\\/schema\\\/logo\\\/image\\\/\",\"url\":\"https:\\\/\\\/sysmatec.ch\\\/wp-content\\\/uploads\\\/2018\\\/11\\\/LogoSysmatec.jpg\",\"contentUrl\":\"https:\\\/\\\/sysmatec.ch\\\/wp-content\\\/uploads\\\/2018\\\/11\\\/LogoSysmatec.jpg\",\"width\":301,\"height\":297,\"caption\":\"Sysmatec\"},\"image\":{\"@id\":\"https:\\\/\\\/sysmatec.ch\\\/de\\\/#\\\/schema\\\/logo\\\/image\\\/\"}}]}<\/script>\n<!-- \/ Yoast SEO plugin. -->","yoast_head_json":{"title":"Wifi Temperatur-Datenlogger Testo Saveris 2 - Sysmatec","description":"Wifi-Kommunikationstemperaturschreiber. Temperaturbereich -30 bis 50 \u00b0C. Auch in einer Version f\u00fcr externe Sonden erh\u00e4ltlich.","robots":{"index":"index","follow":"follow","max-snippet":"max-snippet:-1","max-image-preview":"max-image-preview:large","max-video-preview":"max-video-preview:-1"},"canonical":"https:\/\/sysmatec.ch\/de\/produit\/wifi-temperatur-datenlogger-testo-saveris-2\/","og_locale":"de_DE","og_type":"article","og_title":"Wifi Temperatur-Datenlogger Testo Saveris 2 - Sysmatec","og_description":"Wifi-Kommunikationstemperaturschreiber. Temperaturbereich -30 bis 50 \u00b0C. Auch in einer Version f\u00fcr externe Sonden erh\u00e4ltlich.","og_url":"https:\/\/sysmatec.ch\/de\/produit\/wifi-temperatur-datenlogger-testo-saveris-2\/","og_site_name":"Sysmatec","article_modified_time":"2022-02-25T07:23:29+00:00","og_image":[{"width":183,"height":262,"url":"https:\/\/sysmatec.ch\/wp-content\/uploads\/2019\/02\/Enregistreur_TestoSaveris2.jpg","type":"image\/jpeg"}],"twitter_card":"summary_large_image","twitter_misc":{"Gesch\u00e4tzte Lesezeit":"1\u00a0Minute"},"schema":{"@context":"https:\/\/schema.org","@graph":[{"@type":"WebPage","@id":"https:\/\/sysmatec.ch\/de\/produit\/wifi-temperatur-datenlogger-testo-saveris-2\/","url":"https:\/\/sysmatec.ch\/de\/produit\/wifi-temperatur-datenlogger-testo-saveris-2\/","name":"Wifi Temperatur-Datenlogger Testo Saveris 2 - Sysmatec","isPartOf":{"@id":"https:\/\/sysmatec.ch\/de\/#website"},"primaryImageOfPage":{"@id":"https:\/\/sysmatec.ch\/de\/produit\/wifi-temperatur-datenlogger-testo-saveris-2\/#primaryimage"},"image":{"@id":"https:\/\/sysmatec.ch\/de\/produit\/wifi-temperatur-datenlogger-testo-saveris-2\/#primaryimage"},"thumbnailUrl":"https:\/\/sysmatec.ch\/wp-content\/uploads\/2019\/02\/Enregistreur_TestoSaveris2.jpg","datePublished":"2019-02-21T07:18:14+00:00","dateModified":"2022-02-25T07:23:29+00:00","description":"Wifi-Kommunikationstemperaturschreiber. Temperaturbereich -30 bis 50 \u00b0C. Auch in einer Version f\u00fcr externe Sonden erh\u00e4ltlich.","breadcrumb":{"@id":"https:\/\/sysmatec.ch\/de\/produit\/wifi-temperatur-datenlogger-testo-saveris-2\/#breadcrumb"},"inLanguage":"de","potentialAction":[{"@type":"ReadAction","target":["https:\/\/sysmatec.ch\/de\/produit\/wifi-temperatur-datenlogger-testo-saveris-2\/"]}]},{"@type":"ImageObject","inLanguage":"de","@id":"https:\/\/sysmatec.ch\/de\/produit\/wifi-temperatur-datenlogger-testo-saveris-2\/#primaryimage","url":"https:\/\/sysmatec.ch\/wp-content\/uploads\/2019\/02\/Enregistreur_TestoSaveris2.jpg","contentUrl":"https:\/\/sysmatec.ch\/wp-content\/uploads\/2019\/02\/Enregistreur_TestoSaveris2.jpg","width":183,"height":262},{"@type":"BreadcrumbList","@id":"https:\/\/sysmatec.ch\/de\/produit\/wifi-temperatur-datenlogger-testo-saveris-2\/#breadcrumb","itemListElement":[{"@type":"ListItem","position":1,"name":"Accueil","item":"https:\/\/sysmatec.ch\/de\/"},{"@type":"ListItem","position":2,"name":"Die Aktivit\u00e4t von Sysmatec","item":"https:\/\/sysmatec.ch\/de\/"},{"@type":"ListItem","position":3,"name":"Wifi Temperatur-Datenlogger Testo Saveris 2"}]},{"@type":"WebSite","@id":"https:\/\/sysmatec.ch\/de\/#website","url":"https:\/\/sysmatec.ch\/de\/","name":"Sysmatec","description":"Equipement de laboratoire et logiciels","publisher":{"@id":"https:\/\/sysmatec.ch\/de\/#organization"},"potentialAction":[{"@type":"SearchAction","target":{"@type":"EntryPoint","urlTemplate":"https:\/\/sysmatec.ch\/de\/?s={search_term_string}"},"query-input":{"@type":"PropertyValueSpecification","valueRequired":true,"valueName":"search_term_string"}}],"inLanguage":"de"},{"@type":"Organization","@id":"https:\/\/sysmatec.ch\/de\/#organization","name":"Sysmatec","url":"https:\/\/sysmatec.ch\/de\/","logo":{"@type":"ImageObject","inLanguage":"de","@id":"https:\/\/sysmatec.ch\/de\/#\/schema\/logo\/image\/","url":"https:\/\/sysmatec.ch\/wp-content\/uploads\/2018\/11\/LogoSysmatec.jpg","contentUrl":"https:\/\/sysmatec.ch\/wp-content\/uploads\/2018\/11\/LogoSysmatec.jpg","width":301,"height":297,"caption":"Sysmatec"},"image":{"@id":"https:\/\/sysmatec.ch\/de\/#\/schema\/logo\/image\/"}}]}},"_links":{"self":[{"href":"https:\/\/sysmatec.ch\/de\/wp-json\/wp\/v2\/product\/3475","targetHints":{"allow":["GET"]}}],"collection":[{"href":"https:\/\/sysmatec.ch\/de\/wp-json\/wp\/v2\/product"}],"about":[{"href":"https:\/\/sysmatec.ch\/de\/wp-json\/wp\/v2\/types\/product"}],"wp:featuredmedia":[{"embeddable":true,"href":"https:\/\/sysmatec.ch\/de\/wp-json\/wp\/v2\/media\/3473"}],"wp:attachment":[{"href":"https:\/\/sysmatec.ch\/de\/wp-json\/wp\/v2\/media?parent=3475"}],"wp:term":[{"taxonomy":"product_brand","embeddable":true,"href":"https:\/\/sysmatec.ch\/de\/wp-json\/wp\/v2\/product_brand?post=3475"},{"taxonomy":"product_cat","embeddable":true,"href":"https:\/\/sysmatec.ch\/de\/wp-json\/wp\/v2\/product_cat?post=3475"},{"taxonomy":"product_tag","embeddable":true,"href":"https:\/\/sysmatec.ch\/de\/wp-json\/wp\/v2\/product_tag?post=3475"}],"curies":[{"name":"wp","href":"https:\/\/api.w.org\/{rel}","templated":true}]}}