{"id":3461,"date":"2019-02-20T21:59:10","date_gmt":"2019-02-20T20:59:10","guid":{"rendered":"https:\/\/sysmatec.ch\/produit\/enregistreur-de-temperature-i-celsius-sans-fil-wifi\/"},"modified":"2022-02-25T08:34:28","modified_gmt":"2022-02-25T07:34:28","slug":"wireless-temperature-datenlogger-i-celsius","status":"publish","type":"product","link":"https:\/\/sysmatec.ch\/de\/Produkt\/wireless-temperature-datenlogger-i-celsius\/","title":{"rendered":"Wireless Temperature Datenlogger I-Celsius"},"content":{"rendered":"<p>Erweitern Sie Ihre Smartphones \/ Tablets mit WiFi Drahtlose Sensoren f\u00fcr den privaten Gebrauch in Anwendungen wie Kochen, Gesundheit, Umwelt.<\/p>\n<p>Verschiedene Sonden zur Verf\u00fcgung.<\/p>\n<ul>\n<li>Standard Temperatur-Sonde: 0-100 \u00b0 C<\/li>\n<li>RH \/ Temperaturf\u00fchle<\/li>\n<li>K\u00f6rper Temperatur-Sonde mit 0.05 \u00b0 Genauigkeit.<\/li>\n<\/ul>\n<p>Es gibt eine App, iCelsius 2.0, f\u00fcr iOS (iPhone, iPad, iPod touch und iPad Mini) und Android (Smartphone und Tablet). Diese App beinhaltet die Unterst\u00fctzung f\u00fcr mehrere praktische Anwendungen, einschlie\u00dflich die \u00dcberwachung, Alarmierung, Meldungen, gemeinsame Nutzung von Daten (z. B. tweet, share on facebook etc.), um die Fern\u00fcberwachung zu erleichtern. Es gibt auch einen Server in der Cloud, um die Sensor-Daten an die App auf Ihrem Handy oder Tablet zu schicken. Dies erm\u00f6glicht die \u00dcberwachung auch wenn der direkte WiFi-Verbindung unterbrochen ist.<\/p>\n","protected":false},"excerpt":{"rendered":"<p>Wireless Temperature Datenlogger<\/p>\n","protected":false},"featured_media":3459,"template":"","meta":{"_crdt_document":""},"product_brand":[],"product_cat":[168,173],"product_tag":[],"class_list":{"0":"post-3461","1":"product","2":"type-product","3":"status-publish","4":"has-post-thumbnail","6":"product_cat-datenlogger","7":"product_cat-temperatur","9":"first","10":"instock","11":"taxable","12":"shipping-taxable","13":"product-type-simple"},"yoast_head":"<!-- This site is optimized with the Yoast SEO plugin v27.4 - https:\/\/yoast.com\/product\/yoast-seo-wordpress\/ -->\n<title>Wireless Temperature Datenlogger I-Celsius - Sysmatec<\/title>\n<meta name=\"description\" content=\"Drahtloser WLAN-Temperaturlogger. Verschiedene F\u00fchler f\u00fcr Temperaturbereiche von 0 bis 100\u00b0C verf\u00fcgbar.\" \/>\n<meta name=\"robots\" content=\"index, follow, max-snippet:-1, max-image-preview:large, max-video-preview:-1\" \/>\n<link rel=\"canonical\" href=\"https:\/\/sysmatec.ch\/de\/produit\/wireless-temperature-datenlogger-i-celsius\/\" \/>\n<meta property=\"og:locale\" content=\"de_DE\" \/>\n<meta property=\"og:type\" content=\"article\" \/>\n<meta property=\"og:title\" content=\"Wireless Temperature Datenlogger I-Celsius - Sysmatec\" \/>\n<meta property=\"og:description\" content=\"Drahtloser WLAN-Temperaturlogger. Verschiedene F\u00fchler f\u00fcr Temperaturbereiche von 0 bis 100\u00b0C verf\u00fcgbar.\" \/>\n<meta property=\"og:url\" content=\"https:\/\/sysmatec.ch\/de\/produit\/wireless-temperature-datenlogger-i-celsius\/\" \/>\n<meta property=\"og:site_name\" content=\"Sysmatec\" \/>\n<meta property=\"article:modified_time\" content=\"2022-02-25T07:34:28+00:00\" \/>\n<meta property=\"og:image\" content=\"https:\/\/sysmatec.ch\/wp-content\/uploads\/2019\/02\/Enregistreur_AginovaICelsiusWL1.jpg\" \/>\n\t<meta property=\"og:image:width\" content=\"182\" \/>\n\t<meta property=\"og:image:height\" content=\"109\" \/>\n\t<meta property=\"og:image:type\" content=\"image\/jpeg\" \/>\n<meta name=\"twitter:card\" content=\"summary_large_image\" \/>\n<meta name=\"twitter:label1\" content=\"Gesch\u00e4tzte Lesezeit\" \/>\n\t<meta name=\"twitter:data1\" content=\"1\u00a0Minute\" \/>\n<script type=\"application\/ld+json\" class=\"yoast-schema-graph\">{\"@context\":\"https:\\\/\\\/schema.org\",\"@graph\":[{\"@type\":\"WebPage\",\"@id\":\"https:\\\/\\\/sysmatec.ch\\\/de\\\/produit\\\/wireless-temperature-datenlogger-i-celsius\\\/\",\"url\":\"https:\\\/\\\/sysmatec.ch\\\/de\\\/produit\\\/wireless-temperature-datenlogger-i-celsius\\\/\",\"name\":\"Wireless Temperature Datenlogger I-Celsius - Sysmatec\",\"isPartOf\":{\"@id\":\"https:\\\/\\\/sysmatec.ch\\\/de\\\/#website\"},\"primaryImageOfPage\":{\"@id\":\"https:\\\/\\\/sysmatec.ch\\\/de\\\/produit\\\/wireless-temperature-datenlogger-i-celsius\\\/#primaryimage\"},\"image\":{\"@id\":\"https:\\\/\\\/sysmatec.ch\\\/de\\\/produit\\\/wireless-temperature-datenlogger-i-celsius\\\/#primaryimage\"},\"thumbnailUrl\":\"https:\\\/\\\/sysmatec.ch\\\/wp-content\\\/uploads\\\/2019\\\/02\\\/Enregistreur_AginovaICelsiusWL1.jpg\",\"datePublished\":\"2019-02-20T20:59:10+00:00\",\"dateModified\":\"2022-02-25T07:34:28+00:00\",\"description\":\"Drahtloser WLAN-Temperaturlogger. Verschiedene F\u00fchler f\u00fcr Temperaturbereiche von 0 bis 100\u00b0C verf\u00fcgbar.\",\"breadcrumb\":{\"@id\":\"https:\\\/\\\/sysmatec.ch\\\/de\\\/produit\\\/wireless-temperature-datenlogger-i-celsius\\\/#breadcrumb\"},\"inLanguage\":\"de\",\"potentialAction\":[{\"@type\":\"ReadAction\",\"target\":[\"https:\\\/\\\/sysmatec.ch\\\/de\\\/produit\\\/wireless-temperature-datenlogger-i-celsius\\\/\"]}]},{\"@type\":\"ImageObject\",\"inLanguage\":\"de\",\"@id\":\"https:\\\/\\\/sysmatec.ch\\\/de\\\/produit\\\/wireless-temperature-datenlogger-i-celsius\\\/#primaryimage\",\"url\":\"https:\\\/\\\/sysmatec.ch\\\/wp-content\\\/uploads\\\/2019\\\/02\\\/Enregistreur_AginovaICelsiusWL1.jpg\",\"contentUrl\":\"https:\\\/\\\/sysmatec.ch\\\/wp-content\\\/uploads\\\/2019\\\/02\\\/Enregistreur_AginovaICelsiusWL1.jpg\",\"width\":182,\"height\":109},{\"@type\":\"BreadcrumbList\",\"@id\":\"https:\\\/\\\/sysmatec.ch\\\/de\\\/produit\\\/wireless-temperature-datenlogger-i-celsius\\\/#breadcrumb\",\"itemListElement\":[{\"@type\":\"ListItem\",\"position\":1,\"name\":\"Accueil\",\"item\":\"https:\\\/\\\/sysmatec.ch\\\/de\\\/\"},{\"@type\":\"ListItem\",\"position\":2,\"name\":\"Die Aktivit\u00e4t von Sysmatec\",\"item\":\"https:\\\/\\\/sysmatec.ch\\\/de\\\/\"},{\"@type\":\"ListItem\",\"position\":3,\"name\":\"Wireless Temperature Datenlogger I-Celsius\"}]},{\"@type\":\"WebSite\",\"@id\":\"https:\\\/\\\/sysmatec.ch\\\/de\\\/#website\",\"url\":\"https:\\\/\\\/sysmatec.ch\\\/de\\\/\",\"name\":\"Sysmatec\",\"description\":\"Equipement de laboratoire et logiciels\",\"publisher\":{\"@id\":\"https:\\\/\\\/sysmatec.ch\\\/de\\\/#organization\"},\"potentialAction\":[{\"@type\":\"SearchAction\",\"target\":{\"@type\":\"EntryPoint\",\"urlTemplate\":\"https:\\\/\\\/sysmatec.ch\\\/de\\\/?s={search_term_string}\"},\"query-input\":{\"@type\":\"PropertyValueSpecification\",\"valueRequired\":true,\"valueName\":\"search_term_string\"}}],\"inLanguage\":\"de\"},{\"@type\":\"Organization\",\"@id\":\"https:\\\/\\\/sysmatec.ch\\\/de\\\/#organization\",\"name\":\"Sysmatec\",\"url\":\"https:\\\/\\\/sysmatec.ch\\\/de\\\/\",\"logo\":{\"@type\":\"ImageObject\",\"inLanguage\":\"de\",\"@id\":\"https:\\\/\\\/sysmatec.ch\\\/de\\\/#\\\/schema\\\/logo\\\/image\\\/\",\"url\":\"https:\\\/\\\/sysmatec.ch\\\/wp-content\\\/uploads\\\/2018\\\/11\\\/LogoSysmatec.jpg\",\"contentUrl\":\"https:\\\/\\\/sysmatec.ch\\\/wp-content\\\/uploads\\\/2018\\\/11\\\/LogoSysmatec.jpg\",\"width\":301,\"height\":297,\"caption\":\"Sysmatec\"},\"image\":{\"@id\":\"https:\\\/\\\/sysmatec.ch\\\/de\\\/#\\\/schema\\\/logo\\\/image\\\/\"}}]}<\/script>\n<!-- \/ Yoast SEO plugin. -->","yoast_head_json":{"title":"Wireless Temperature Datenlogger I-Celsius - Sysmatec","description":"Drahtloser WLAN-Temperaturlogger. Verschiedene F\u00fchler f\u00fcr Temperaturbereiche von 0 bis 100\u00b0C verf\u00fcgbar.","robots":{"index":"index","follow":"follow","max-snippet":"max-snippet:-1","max-image-preview":"max-image-preview:large","max-video-preview":"max-video-preview:-1"},"canonical":"https:\/\/sysmatec.ch\/de\/produit\/wireless-temperature-datenlogger-i-celsius\/","og_locale":"de_DE","og_type":"article","og_title":"Wireless Temperature Datenlogger I-Celsius - Sysmatec","og_description":"Drahtloser WLAN-Temperaturlogger. Verschiedene F\u00fchler f\u00fcr Temperaturbereiche von 0 bis 100\u00b0C verf\u00fcgbar.","og_url":"https:\/\/sysmatec.ch\/de\/produit\/wireless-temperature-datenlogger-i-celsius\/","og_site_name":"Sysmatec","article_modified_time":"2022-02-25T07:34:28+00:00","og_image":[{"width":182,"height":109,"url":"https:\/\/sysmatec.ch\/wp-content\/uploads\/2019\/02\/Enregistreur_AginovaICelsiusWL1.jpg","type":"image\/jpeg"}],"twitter_card":"summary_large_image","twitter_misc":{"Gesch\u00e4tzte Lesezeit":"1\u00a0Minute"},"schema":{"@context":"https:\/\/schema.org","@graph":[{"@type":"WebPage","@id":"https:\/\/sysmatec.ch\/de\/produit\/wireless-temperature-datenlogger-i-celsius\/","url":"https:\/\/sysmatec.ch\/de\/produit\/wireless-temperature-datenlogger-i-celsius\/","name":"Wireless Temperature Datenlogger I-Celsius - Sysmatec","isPartOf":{"@id":"https:\/\/sysmatec.ch\/de\/#website"},"primaryImageOfPage":{"@id":"https:\/\/sysmatec.ch\/de\/produit\/wireless-temperature-datenlogger-i-celsius\/#primaryimage"},"image":{"@id":"https:\/\/sysmatec.ch\/de\/produit\/wireless-temperature-datenlogger-i-celsius\/#primaryimage"},"thumbnailUrl":"https:\/\/sysmatec.ch\/wp-content\/uploads\/2019\/02\/Enregistreur_AginovaICelsiusWL1.jpg","datePublished":"2019-02-20T20:59:10+00:00","dateModified":"2022-02-25T07:34:28+00:00","description":"Drahtloser WLAN-Temperaturlogger. Verschiedene F\u00fchler f\u00fcr Temperaturbereiche von 0 bis 100\u00b0C verf\u00fcgbar.","breadcrumb":{"@id":"https:\/\/sysmatec.ch\/de\/produit\/wireless-temperature-datenlogger-i-celsius\/#breadcrumb"},"inLanguage":"de","potentialAction":[{"@type":"ReadAction","target":["https:\/\/sysmatec.ch\/de\/produit\/wireless-temperature-datenlogger-i-celsius\/"]}]},{"@type":"ImageObject","inLanguage":"de","@id":"https:\/\/sysmatec.ch\/de\/produit\/wireless-temperature-datenlogger-i-celsius\/#primaryimage","url":"https:\/\/sysmatec.ch\/wp-content\/uploads\/2019\/02\/Enregistreur_AginovaICelsiusWL1.jpg","contentUrl":"https:\/\/sysmatec.ch\/wp-content\/uploads\/2019\/02\/Enregistreur_AginovaICelsiusWL1.jpg","width":182,"height":109},{"@type":"BreadcrumbList","@id":"https:\/\/sysmatec.ch\/de\/produit\/wireless-temperature-datenlogger-i-celsius\/#breadcrumb","itemListElement":[{"@type":"ListItem","position":1,"name":"Accueil","item":"https:\/\/sysmatec.ch\/de\/"},{"@type":"ListItem","position":2,"name":"Die Aktivit\u00e4t von Sysmatec","item":"https:\/\/sysmatec.ch\/de\/"},{"@type":"ListItem","position":3,"name":"Wireless Temperature Datenlogger I-Celsius"}]},{"@type":"WebSite","@id":"https:\/\/sysmatec.ch\/de\/#website","url":"https:\/\/sysmatec.ch\/de\/","name":"Sysmatec","description":"Equipement de laboratoire et logiciels","publisher":{"@id":"https:\/\/sysmatec.ch\/de\/#organization"},"potentialAction":[{"@type":"SearchAction","target":{"@type":"EntryPoint","urlTemplate":"https:\/\/sysmatec.ch\/de\/?s={search_term_string}"},"query-input":{"@type":"PropertyValueSpecification","valueRequired":true,"valueName":"search_term_string"}}],"inLanguage":"de"},{"@type":"Organization","@id":"https:\/\/sysmatec.ch\/de\/#organization","name":"Sysmatec","url":"https:\/\/sysmatec.ch\/de\/","logo":{"@type":"ImageObject","inLanguage":"de","@id":"https:\/\/sysmatec.ch\/de\/#\/schema\/logo\/image\/","url":"https:\/\/sysmatec.ch\/wp-content\/uploads\/2018\/11\/LogoSysmatec.jpg","contentUrl":"https:\/\/sysmatec.ch\/wp-content\/uploads\/2018\/11\/LogoSysmatec.jpg","width":301,"height":297,"caption":"Sysmatec"},"image":{"@id":"https:\/\/sysmatec.ch\/de\/#\/schema\/logo\/image\/"}}]}},"_links":{"self":[{"href":"https:\/\/sysmatec.ch\/de\/wp-json\/wp\/v2\/product\/3461","targetHints":{"allow":["GET"]}}],"collection":[{"href":"https:\/\/sysmatec.ch\/de\/wp-json\/wp\/v2\/product"}],"about":[{"href":"https:\/\/sysmatec.ch\/de\/wp-json\/wp\/v2\/types\/product"}],"wp:featuredmedia":[{"embeddable":true,"href":"https:\/\/sysmatec.ch\/de\/wp-json\/wp\/v2\/media\/3459"}],"wp:attachment":[{"href":"https:\/\/sysmatec.ch\/de\/wp-json\/wp\/v2\/media?parent=3461"}],"wp:term":[{"taxonomy":"product_brand","embeddable":true,"href":"https:\/\/sysmatec.ch\/de\/wp-json\/wp\/v2\/product_brand?post=3461"},{"taxonomy":"product_cat","embeddable":true,"href":"https:\/\/sysmatec.ch\/de\/wp-json\/wp\/v2\/product_cat?post=3461"},{"taxonomy":"product_tag","embeddable":true,"href":"https:\/\/sysmatec.ch\/de\/wp-json\/wp\/v2\/product_tag?post=3461"}],"curies":[{"name":"wp","href":"https:\/\/api.w.org\/{rel}","templated":true}]}}