{"id":3454,"date":"2019-02-20T21:51:10","date_gmt":"2019-02-20T20:51:10","guid":{"rendered":"https:\/\/sysmatec.ch\/produit\/enregistreur-de-temperature-sans-fil-el-wifi-t\/"},"modified":"2022-02-25T08:39:11","modified_gmt":"2022-02-25T07:39:11","slug":"drahtlose-temperaturlogger-el-wifi-t","status":"publish","type":"product","link":"https:\/\/sysmatec.ch\/de\/Produkt\/drahtlose-temperaturlogger-el-wifi-t\/","title":{"rendered":"Drahtlose Temperaturlogger EL-Wifi-T"},"content":{"rendered":"<p>WiFi-F\u00e4higkeit und integriertem Display<\/p>\n<p>Drahtlose Konnektivit\u00e4t zum PC \u00fcber WiFi<\/p>\n<p>Anzeigen und analysieren von mehreren Sensoren mit der PC- Anwendung, einschlie\u00dflich sofortiger Grafik historischer Daten<\/p>\n<p>Messbereich von -20 bis +60 \u00b0 C<\/p>\n<p>Interne wiederaufladbare Lithium -Polymer-Akku<\/p>\n<p>Kalibrierzertifikat lieferbar<\/p>\n<p>Die EL-WiFi-T-Sensor misst die Umgebungstemperatur. Die Daten werden drahtlos \u00fcber ein WLAN-Netzwerk zu einem PC gesendet, und dort als Grafik angezeigt oder in Excel exportiert.<\/p>\n<p>W\u00e4hrend der Konfiguration wird der Sensor mit dem PC verbunden. Er sucht dann den Wifi Netz. Dann kann er \u00fcberall innerhalb der Reichweite des Netzwerks platziert werden. Wenn der Sensor die Verbindung mit dem Netzwerk verliert, werden die Daten lokal gespeichert bis die Verbindung mit dem PC wieder aufgestellt wird (maximal 120 Tage bei 10 Sek. Zeitintervall ). Die Reichweite des Sensors kann mit WiFi Extender erh\u00f6ht werden.<\/p>\n<p>Wenn der Datenlogger mit dem PC f\u00fcr den Cloud konfiguriert worden ist, kann er auch \u00fcber das Internet von jedem Ort der Welt verwaltet werden. Sie k\u00f6nnen mit Ihrem Smartphone (Apple App oder Android App), Tablet-PC oder PC die Daten abfragen. Sie k\u00f6nnen auch E-Mail-Benachrichtigung bekommen. Es gibt daf\u00fcr drei Konto-Arten:<\/p>\n<ul>\n<li type=\"disc\">Free: 45 Tagen Lagerung , 100 E-Mail Alerts \/ Monat, 2 Ger\u00e4te max.<\/li>\n<li type=\"disc\">Personal: Unbegrenzte Datenspeicherung, unbegrenzte E-Mail Benachrichtigungen , Multi- Daten-Export , Druck von Berichten<\/li>\n<li type=\"disc\">Professional: Unbegrenzte Datenspeicherung, unbegrenzte E-Mail Benachrichtigungen , Multi- Daten-Export , Druck von Berichten, mehrere Standorte , mehrere Benutzer , Administrationsbereich , Ger\u00e4te Audit-Trail<\/li>\n<\/ul>\n<p>Es gibt auch andere Datenlogger-Versionen verf\u00fcgbar.<\/p>\n<ul>\n<li type=\"disc\">EL-Wifi -T+: es ist ein niedriger batteriebetriebenes Ger\u00e4t, mit besserer Genauigkeit, \u00b1 0.1 \u00b0C zwischen -10 und +60 \u00b0 C, \u00b1 0.15 \u00b0C zwischen -20 und +60 \u00b0 C<\/li>\n<li type=\"disc\">EL-Wifi-TP : mit externen F\u00fchler, Messbereich -40 bis +125 \u00b0 C, Temperaturgenauigkeit \u00b1 0.6 ( -10 bis +70 \u00b0 C)<\/li>\n<li type=\"disc\">EL-Wifi-TP+: mit externen F\u00fchler, Messbereich -40 bis +125 \u00b0 C, Temperaturgenauigkeit \u00b1 0.1 \u00b0 C (-10 bis +70 \u00b0 C)<\/li>\n<li type=\"disc\">EL-Wifi-TC mit externen F\u00fchler (Thermoelement), Messbereich -80 bis +400 \u00b0 C (andere Bereiche mit anderen Sonden ), Temperaturgenauigkeit \u00b1 1.5 \u00b0 C<\/li>\n<\/ul>\n<p>Jede Art von Datenlogger existiert auch in einer 21Part11-Version. 21CFR Cloud-Abonnement bietet alle Flexibilit\u00e4t der Fern\u00fcberwachung und kann als Teil eines 21CFR-kompatiblen Systems installiert werden. Zu den Features geh\u00f6ren die berechtigungsbasierte Nutzung, die Abgrenzung der Berechtigungsstufe und das vollst\u00e4ndige Systemaudit, um sicherzustellen, dass die Daten\u00fcberwachung und -sammlung gem\u00e4\u00df dem 21CFR Part 11-Standard geregelt wird.<\/p>\n","protected":false},"excerpt":{"rendered":"<p>Drahtlose Temperaturlogger<\/p>\n","protected":false},"featured_media":3452,"template":"","meta":{"_crdt_document":""},"product_brand":[],"product_cat":[168,173],"product_tag":[],"class_list":{"0":"post-3454","1":"product","2":"type-product","3":"status-publish","4":"has-post-thumbnail","6":"product_cat-datenlogger","7":"product_cat-temperatur","9":"first","10":"instock","11":"taxable","12":"shipping-taxable","13":"product-type-simple"},"yoast_head":"<!-- This site is optimized with the Yoast SEO plugin v27.4 - https:\/\/yoast.com\/product\/yoast-seo-wordpress\/ -->\n<title>Drahtlose Temperaturlogger EL-Wifi-T - Sysmatec<\/title>\n<meta name=\"description\" content=\"Drahtloser WLAN-Temperaturlogger. Daten k\u00f6nnen in einer Cloud oder lokal gespeichert werden. Versionen mit externem Sensor verf\u00fcgbar.\" \/>\n<meta name=\"robots\" content=\"index, follow, max-snippet:-1, max-image-preview:large, max-video-preview:-1\" \/>\n<link rel=\"canonical\" href=\"https:\/\/sysmatec.ch\/de\/produit\/drahtlose-temperaturlogger-el-wifi-t\/\" \/>\n<meta property=\"og:locale\" content=\"de_DE\" \/>\n<meta property=\"og:type\" content=\"article\" \/>\n<meta property=\"og:title\" content=\"Drahtlose Temperaturlogger EL-Wifi-T - Sysmatec\" \/>\n<meta property=\"og:description\" content=\"Drahtloser WLAN-Temperaturlogger. Daten k\u00f6nnen in einer Cloud oder lokal gespeichert werden. Versionen mit externem Sensor verf\u00fcgbar.\" \/>\n<meta property=\"og:url\" content=\"https:\/\/sysmatec.ch\/de\/produit\/drahtlose-temperaturlogger-el-wifi-t\/\" \/>\n<meta property=\"og:site_name\" content=\"Sysmatec\" \/>\n<meta property=\"article:modified_time\" content=\"2022-02-25T07:39:11+00:00\" \/>\n<meta property=\"og:image\" content=\"https:\/\/sysmatec.ch\/wp-content\/uploads\/2019\/02\/Enregistreur_LascarELWifiT.jpg\" \/>\n\t<meta property=\"og:image:width\" content=\"181\" \/>\n\t<meta property=\"og:image:height\" content=\"236\" \/>\n\t<meta property=\"og:image:type\" content=\"image\/jpeg\" \/>\n<meta name=\"twitter:card\" content=\"summary_large_image\" \/>\n<meta name=\"twitter:label1\" content=\"Gesch\u00e4tzte Lesezeit\" \/>\n\t<meta name=\"twitter:data1\" content=\"2\u00a0Minuten\" \/>\n<script type=\"application\/ld+json\" class=\"yoast-schema-graph\">{\"@context\":\"https:\\\/\\\/schema.org\",\"@graph\":[{\"@type\":\"WebPage\",\"@id\":\"https:\\\/\\\/sysmatec.ch\\\/de\\\/produit\\\/drahtlose-temperaturlogger-el-wifi-t\\\/\",\"url\":\"https:\\\/\\\/sysmatec.ch\\\/de\\\/produit\\\/drahtlose-temperaturlogger-el-wifi-t\\\/\",\"name\":\"Drahtlose Temperaturlogger EL-Wifi-T - Sysmatec\",\"isPartOf\":{\"@id\":\"https:\\\/\\\/sysmatec.ch\\\/de\\\/#website\"},\"primaryImageOfPage\":{\"@id\":\"https:\\\/\\\/sysmatec.ch\\\/de\\\/produit\\\/drahtlose-temperaturlogger-el-wifi-t\\\/#primaryimage\"},\"image\":{\"@id\":\"https:\\\/\\\/sysmatec.ch\\\/de\\\/produit\\\/drahtlose-temperaturlogger-el-wifi-t\\\/#primaryimage\"},\"thumbnailUrl\":\"https:\\\/\\\/sysmatec.ch\\\/wp-content\\\/uploads\\\/2019\\\/02\\\/Enregistreur_LascarELWifiT.jpg\",\"datePublished\":\"2019-02-20T20:51:10+00:00\",\"dateModified\":\"2022-02-25T07:39:11+00:00\",\"description\":\"Drahtloser WLAN-Temperaturlogger. Daten k\u00f6nnen in einer Cloud oder lokal gespeichert werden. Versionen mit externem Sensor verf\u00fcgbar.\",\"breadcrumb\":{\"@id\":\"https:\\\/\\\/sysmatec.ch\\\/de\\\/produit\\\/drahtlose-temperaturlogger-el-wifi-t\\\/#breadcrumb\"},\"inLanguage\":\"de\",\"potentialAction\":[{\"@type\":\"ReadAction\",\"target\":[\"https:\\\/\\\/sysmatec.ch\\\/de\\\/produit\\\/drahtlose-temperaturlogger-el-wifi-t\\\/\"]}]},{\"@type\":\"ImageObject\",\"inLanguage\":\"de\",\"@id\":\"https:\\\/\\\/sysmatec.ch\\\/de\\\/produit\\\/drahtlose-temperaturlogger-el-wifi-t\\\/#primaryimage\",\"url\":\"https:\\\/\\\/sysmatec.ch\\\/wp-content\\\/uploads\\\/2019\\\/02\\\/Enregistreur_LascarELWifiT.jpg\",\"contentUrl\":\"https:\\\/\\\/sysmatec.ch\\\/wp-content\\\/uploads\\\/2019\\\/02\\\/Enregistreur_LascarELWifiT.jpg\",\"width\":181,\"height\":236},{\"@type\":\"BreadcrumbList\",\"@id\":\"https:\\\/\\\/sysmatec.ch\\\/de\\\/produit\\\/drahtlose-temperaturlogger-el-wifi-t\\\/#breadcrumb\",\"itemListElement\":[{\"@type\":\"ListItem\",\"position\":1,\"name\":\"Accueil\",\"item\":\"https:\\\/\\\/sysmatec.ch\\\/de\\\/\"},{\"@type\":\"ListItem\",\"position\":2,\"name\":\"Die Aktivit\u00e4t von Sysmatec\",\"item\":\"https:\\\/\\\/sysmatec.ch\\\/de\\\/\"},{\"@type\":\"ListItem\",\"position\":3,\"name\":\"Drahtlose Temperaturlogger EL-Wifi-T\"}]},{\"@type\":\"WebSite\",\"@id\":\"https:\\\/\\\/sysmatec.ch\\\/de\\\/#website\",\"url\":\"https:\\\/\\\/sysmatec.ch\\\/de\\\/\",\"name\":\"Sysmatec\",\"description\":\"Equipement de laboratoire et logiciels\",\"publisher\":{\"@id\":\"https:\\\/\\\/sysmatec.ch\\\/de\\\/#organization\"},\"potentialAction\":[{\"@type\":\"SearchAction\",\"target\":{\"@type\":\"EntryPoint\",\"urlTemplate\":\"https:\\\/\\\/sysmatec.ch\\\/de\\\/?s={search_term_string}\"},\"query-input\":{\"@type\":\"PropertyValueSpecification\",\"valueRequired\":true,\"valueName\":\"search_term_string\"}}],\"inLanguage\":\"de\"},{\"@type\":\"Organization\",\"@id\":\"https:\\\/\\\/sysmatec.ch\\\/de\\\/#organization\",\"name\":\"Sysmatec\",\"url\":\"https:\\\/\\\/sysmatec.ch\\\/de\\\/\",\"logo\":{\"@type\":\"ImageObject\",\"inLanguage\":\"de\",\"@id\":\"https:\\\/\\\/sysmatec.ch\\\/de\\\/#\\\/schema\\\/logo\\\/image\\\/\",\"url\":\"https:\\\/\\\/sysmatec.ch\\\/wp-content\\\/uploads\\\/2018\\\/11\\\/LogoSysmatec.jpg\",\"contentUrl\":\"https:\\\/\\\/sysmatec.ch\\\/wp-content\\\/uploads\\\/2018\\\/11\\\/LogoSysmatec.jpg\",\"width\":301,\"height\":297,\"caption\":\"Sysmatec\"},\"image\":{\"@id\":\"https:\\\/\\\/sysmatec.ch\\\/de\\\/#\\\/schema\\\/logo\\\/image\\\/\"}}]}<\/script>\n<!-- \/ Yoast SEO plugin. -->","yoast_head_json":{"title":"Drahtlose Temperaturlogger EL-Wifi-T - Sysmatec","description":"Drahtloser WLAN-Temperaturlogger. Daten k\u00f6nnen in einer Cloud oder lokal gespeichert werden. Versionen mit externem Sensor verf\u00fcgbar.","robots":{"index":"index","follow":"follow","max-snippet":"max-snippet:-1","max-image-preview":"max-image-preview:large","max-video-preview":"max-video-preview:-1"},"canonical":"https:\/\/sysmatec.ch\/de\/produit\/drahtlose-temperaturlogger-el-wifi-t\/","og_locale":"de_DE","og_type":"article","og_title":"Drahtlose Temperaturlogger EL-Wifi-T - Sysmatec","og_description":"Drahtloser WLAN-Temperaturlogger. Daten k\u00f6nnen in einer Cloud oder lokal gespeichert werden. Versionen mit externem Sensor verf\u00fcgbar.","og_url":"https:\/\/sysmatec.ch\/de\/produit\/drahtlose-temperaturlogger-el-wifi-t\/","og_site_name":"Sysmatec","article_modified_time":"2022-02-25T07:39:11+00:00","og_image":[{"width":181,"height":236,"url":"https:\/\/sysmatec.ch\/wp-content\/uploads\/2019\/02\/Enregistreur_LascarELWifiT.jpg","type":"image\/jpeg"}],"twitter_card":"summary_large_image","twitter_misc":{"Gesch\u00e4tzte Lesezeit":"2\u00a0Minuten"},"schema":{"@context":"https:\/\/schema.org","@graph":[{"@type":"WebPage","@id":"https:\/\/sysmatec.ch\/de\/produit\/drahtlose-temperaturlogger-el-wifi-t\/","url":"https:\/\/sysmatec.ch\/de\/produit\/drahtlose-temperaturlogger-el-wifi-t\/","name":"Drahtlose Temperaturlogger EL-Wifi-T - Sysmatec","isPartOf":{"@id":"https:\/\/sysmatec.ch\/de\/#website"},"primaryImageOfPage":{"@id":"https:\/\/sysmatec.ch\/de\/produit\/drahtlose-temperaturlogger-el-wifi-t\/#primaryimage"},"image":{"@id":"https:\/\/sysmatec.ch\/de\/produit\/drahtlose-temperaturlogger-el-wifi-t\/#primaryimage"},"thumbnailUrl":"https:\/\/sysmatec.ch\/wp-content\/uploads\/2019\/02\/Enregistreur_LascarELWifiT.jpg","datePublished":"2019-02-20T20:51:10+00:00","dateModified":"2022-02-25T07:39:11+00:00","description":"Drahtloser WLAN-Temperaturlogger. Daten k\u00f6nnen in einer Cloud oder lokal gespeichert werden. Versionen mit externem Sensor verf\u00fcgbar.","breadcrumb":{"@id":"https:\/\/sysmatec.ch\/de\/produit\/drahtlose-temperaturlogger-el-wifi-t\/#breadcrumb"},"inLanguage":"de","potentialAction":[{"@type":"ReadAction","target":["https:\/\/sysmatec.ch\/de\/produit\/drahtlose-temperaturlogger-el-wifi-t\/"]}]},{"@type":"ImageObject","inLanguage":"de","@id":"https:\/\/sysmatec.ch\/de\/produit\/drahtlose-temperaturlogger-el-wifi-t\/#primaryimage","url":"https:\/\/sysmatec.ch\/wp-content\/uploads\/2019\/02\/Enregistreur_LascarELWifiT.jpg","contentUrl":"https:\/\/sysmatec.ch\/wp-content\/uploads\/2019\/02\/Enregistreur_LascarELWifiT.jpg","width":181,"height":236},{"@type":"BreadcrumbList","@id":"https:\/\/sysmatec.ch\/de\/produit\/drahtlose-temperaturlogger-el-wifi-t\/#breadcrumb","itemListElement":[{"@type":"ListItem","position":1,"name":"Accueil","item":"https:\/\/sysmatec.ch\/de\/"},{"@type":"ListItem","position":2,"name":"Die Aktivit\u00e4t von Sysmatec","item":"https:\/\/sysmatec.ch\/de\/"},{"@type":"ListItem","position":3,"name":"Drahtlose Temperaturlogger EL-Wifi-T"}]},{"@type":"WebSite","@id":"https:\/\/sysmatec.ch\/de\/#website","url":"https:\/\/sysmatec.ch\/de\/","name":"Sysmatec","description":"Equipement de laboratoire et logiciels","publisher":{"@id":"https:\/\/sysmatec.ch\/de\/#organization"},"potentialAction":[{"@type":"SearchAction","target":{"@type":"EntryPoint","urlTemplate":"https:\/\/sysmatec.ch\/de\/?s={search_term_string}"},"query-input":{"@type":"PropertyValueSpecification","valueRequired":true,"valueName":"search_term_string"}}],"inLanguage":"de"},{"@type":"Organization","@id":"https:\/\/sysmatec.ch\/de\/#organization","name":"Sysmatec","url":"https:\/\/sysmatec.ch\/de\/","logo":{"@type":"ImageObject","inLanguage":"de","@id":"https:\/\/sysmatec.ch\/de\/#\/schema\/logo\/image\/","url":"https:\/\/sysmatec.ch\/wp-content\/uploads\/2018\/11\/LogoSysmatec.jpg","contentUrl":"https:\/\/sysmatec.ch\/wp-content\/uploads\/2018\/11\/LogoSysmatec.jpg","width":301,"height":297,"caption":"Sysmatec"},"image":{"@id":"https:\/\/sysmatec.ch\/de\/#\/schema\/logo\/image\/"}}]}},"_links":{"self":[{"href":"https:\/\/sysmatec.ch\/de\/wp-json\/wp\/v2\/product\/3454","targetHints":{"allow":["GET"]}}],"collection":[{"href":"https:\/\/sysmatec.ch\/de\/wp-json\/wp\/v2\/product"}],"about":[{"href":"https:\/\/sysmatec.ch\/de\/wp-json\/wp\/v2\/types\/product"}],"wp:featuredmedia":[{"embeddable":true,"href":"https:\/\/sysmatec.ch\/de\/wp-json\/wp\/v2\/media\/3452"}],"wp:attachment":[{"href":"https:\/\/sysmatec.ch\/de\/wp-json\/wp\/v2\/media?parent=3454"}],"wp:term":[{"taxonomy":"product_brand","embeddable":true,"href":"https:\/\/sysmatec.ch\/de\/wp-json\/wp\/v2\/product_brand?post=3454"},{"taxonomy":"product_cat","embeddable":true,"href":"https:\/\/sysmatec.ch\/de\/wp-json\/wp\/v2\/product_cat?post=3454"},{"taxonomy":"product_tag","embeddable":true,"href":"https:\/\/sysmatec.ch\/de\/wp-json\/wp\/v2\/product_tag?post=3454"}],"curies":[{"name":"wp","href":"https:\/\/api.w.org\/{rel}","templated":true}]}}