{"id":3432,"date":"2019-02-20T20:39:41","date_gmt":"2019-02-20T19:39:41","guid":{"rendered":"https:\/\/sysmatec.ch\/produit\/enregistreur-de-temperature-a-transmission-par-onde-radio-newsteo\/"},"modified":"2022-02-25T19:02:54","modified_gmt":"2022-02-25T18:02:54","slug":"temperatur-funk-datenlogger-newsteo","status":"publish","type":"product","link":"https:\/\/sysmatec.ch\/de\/Produkt\/temperatur-funk-datenlogger-newsteo\/","title":{"rendered":"Temperatur-Funk-Datenlogger Newsteo"},"content":{"rendered":"<p>Echtzeit\u00fcbertragung von Temperaturmessungen (an einem PC, Monitoring Modus) oder Datenlogger w\u00e4hrend eines Warentransportes mit sp\u00e4terer \u00dcbergabe der Messwerte (Recording Modus).<\/p>\n<p>Bis zu 500 Loggern k\u00f6nnen an einen PC durch die USB Antenne verbunden werden. Es ist auch m\u00f6glich, den PC mit einem Ethernet-Gateway zu verbinden. Die Datenlogger kommunizieren mit dem Gateway (Kollektor) um die Daten an eine zentrale Datenbank zu sendet.<\/p>\n<h2>Datenlogger Spezifikationen<\/h2>\n<ul>\n<li>interner F\u00fchler<\/li>\n<li>Temperatur-Messbereich: -40 bis 70 \u00b0C, Aufl\u00f6sung 0.1 \u00b0C<\/li>\n<li>Genauigkeit: \u00b10,6 \u00b0C bei 25 \u00b0C (LOG21) und \u00b10.3 \u00b0C bei 25 \u00b0C (LOG26)<\/li>\n<li>Speicherungsintervall: einstellbar, 1 Sekunde bis 4 Std<\/li>\n<li>Speicher: 32768 Punkte<\/li>\n<li>Minimaler und maximaler Wert<\/li>\n<li>Lithium Thionyle Batterie 1\/2 AA oder AA, modelabh\u00e4ngig<\/li>\n<li>Betriebsdauer auf Batterie: 2 Jahre (1 Messung\/10 Minute) , ist auch von der Temperatur abh\u00e4ngig (bei 60 \u00b0C ist der Betriebsdauer ca. 1 Monate).<\/li>\n<li>IP54<\/li>\n<li>Masse: 96 mm x 40 mm x 20 mm (Antenne: 90mm)<\/li>\n<li>Reichweite: 30 m bis 1 km (es gibt verschiedene Antenne)<\/li>\n<li>Frequenz: ISM 868 MHz (Europa); 915 MHz (USA)<\/li>\n<li>Starten kann mit einem Magnet aktiviert werden<\/li>\n<li>Die drahtlose Warneinrichtung WARN12 mit Licht und Ton Alarmierung<\/li>\n<\/ul>\n<p>Anwendung<\/p>\n<ul>\n<li>Lager\u00fcberwachung<\/li>\n<li>Transport\u00fcberwachung von frischen, tiefgek\u00fchlten Lebensmitteln, Medikamenten<\/li>\n<\/ul>\n<table border=\"1\" width=\"550\" cellspacing=\"2\" cellpadding=\"0\">\n<tbody>\n<tr>\n<td>Ref.<\/td>\n<td>Bereich (\u00b0C)<\/td>\n<td>Geh\u00e4use<\/td>\n<td>Max. Reichweite (m)<\/td>\n<td>Antenne<\/td>\n<\/tr>\n<tr>\n<td>LOM16<\/td>\n<td>-40\u00b0C bis +60\u00b0C +\/- 0.3\u00b0C<\/td>\n<td>IP67<\/td>\n<td>200<\/td>\n<td>innen<\/td>\n<\/tr>\n<tr>\n<td>LOG11<\/td>\n<td>-40\u00b0C bis +70\u00b0C +\/- 0.6\u00b0C<\/td>\n<td>IP54<\/td>\n<td>30<\/td>\n<td>innen<\/td>\n<\/tr>\n<tr>\n<td>LOG16<\/td>\n<td>-40\u00b0C bis +70\u00b0C +\/- 0.3\u00b0C<\/td>\n<td>IP54<\/td>\n<td>30<\/td>\n<td>innen<\/td>\n<\/tr>\n<tr>\n<td>LOG21<\/td>\n<td>-40\u00b0C bis +70\u00b0C +\/- 0.6\u00b0C<\/td>\n<td>IP54<\/td>\n<td>800<\/td>\n<td>aussen, 1\/4 Welle<\/td>\n<\/tr>\n<tr>\n<td>LOG26<\/td>\n<td>-40\u00b0C bis +70\u00b0C +\/- 0.3\u00b0C<\/td>\n<td>IP54<\/td>\n<td>800<\/td>\n<td>aussen, 1\/4 Welle<\/td>\n<\/tr>\n<tr>\n<td>LOG31<\/td>\n<td>-40\u00b0C bis +85\u00b0C +\/- 0.6\u00b0C<\/td>\n<td>IP65<\/td>\n<td>900<\/td>\n<td>aussen, 1\/2 Welle<\/td>\n<\/tr>\n<tr>\n<td>LOG36<\/td>\n<td>-40\u00b0C bis +85\u00b0C +\/- 0.3\u00b0C<\/td>\n<td>IP65<\/td>\n<td>900<\/td>\n<td>aussen, 1\/2 Welle<\/td>\n<\/tr>\n<\/tbody>\n<\/table>\n<p>Temperatur + Stosse, Model TRE 52<\/p>\n<ul>\n<li type=\"disc\">Temperaturbereich : -40\u00b0C bis +85\u00b0C, +\/-0.3\u00b0C bei 25\u00b0C<\/li>\n<li type=\"disc\">Beschleunigung: -16g bis +16g<\/li>\n<li type=\"disc\">Max Reichweite: 40 m<\/li>\n<\/ul>\n","protected":false},"excerpt":{"rendered":"<p>Temperatur-Funk-Datenlogger<\/p>\n","protected":false},"featured_media":3424,"template":"","meta":{"_crdt_document":""},"product_brand":[],"product_cat":[168,173],"product_tag":[],"class_list":{"0":"post-3432","1":"product","2":"type-product","3":"status-publish","4":"has-post-thumbnail","6":"product_cat-datenlogger","7":"product_cat-temperatur","9":"first","10":"instock","11":"taxable","12":"shipping-taxable","13":"product-type-simple"},"yoast_head":"<!-- This site is optimized with the Yoast SEO plugin v27.4 - https:\/\/yoast.com\/product\/yoast-seo-wordpress\/ -->\n<title>Temperatur-Funk-Datenlogger Newsteo - Sysmatec<\/title>\n<meta name=\"description\" content=\"Temperaturschreiber f\u00fcr Funkwellen\u00fcbertragung. Messbereiche zwischen -40 und 85\u00b0C. Unterschiedliche Antennen f\u00fcr unterschiedliche Reichweiten.\" \/>\n<meta name=\"robots\" content=\"index, follow, max-snippet:-1, max-image-preview:large, max-video-preview:-1\" \/>\n<link rel=\"canonical\" href=\"https:\/\/sysmatec.ch\/de\/produit\/temperatur-funk-datenlogger-newsteo\/\" \/>\n<meta property=\"og:locale\" content=\"de_DE\" \/>\n<meta property=\"og:type\" content=\"article\" \/>\n<meta property=\"og:title\" content=\"Temperatur-Funk-Datenlogger Newsteo - Sysmatec\" \/>\n<meta property=\"og:description\" content=\"Temperaturschreiber f\u00fcr Funkwellen\u00fcbertragung. Messbereiche zwischen -40 und 85\u00b0C. Unterschiedliche Antennen f\u00fcr unterschiedliche Reichweiten.\" \/>\n<meta property=\"og:url\" content=\"https:\/\/sysmatec.ch\/de\/produit\/temperatur-funk-datenlogger-newsteo\/\" \/>\n<meta property=\"og:site_name\" content=\"Sysmatec\" \/>\n<meta property=\"article:modified_time\" content=\"2022-02-25T18:02:54+00:00\" \/>\n<meta property=\"og:image\" content=\"https:\/\/sysmatec.ch\/wp-content\/uploads\/2019\/02\/Enregistreur_NewsteoLog211.gif\" \/>\n\t<meta property=\"og:image:width\" content=\"148\" \/>\n\t<meta property=\"og:image:height\" content=\"148\" \/>\n\t<meta property=\"og:image:type\" content=\"image\/gif\" \/>\n<meta name=\"twitter:card\" content=\"summary_large_image\" \/>\n<meta name=\"twitter:label1\" content=\"Gesch\u00e4tzte Lesezeit\" \/>\n\t<meta name=\"twitter:data1\" content=\"2\u00a0Minuten\" \/>\n<script type=\"application\/ld+json\" class=\"yoast-schema-graph\">{\"@context\":\"https:\\\/\\\/schema.org\",\"@graph\":[{\"@type\":\"WebPage\",\"@id\":\"https:\\\/\\\/sysmatec.ch\\\/de\\\/produit\\\/temperatur-funk-datenlogger-newsteo\\\/\",\"url\":\"https:\\\/\\\/sysmatec.ch\\\/de\\\/produit\\\/temperatur-funk-datenlogger-newsteo\\\/\",\"name\":\"Temperatur-Funk-Datenlogger Newsteo - Sysmatec\",\"isPartOf\":{\"@id\":\"https:\\\/\\\/sysmatec.ch\\\/de\\\/#website\"},\"primaryImageOfPage\":{\"@id\":\"https:\\\/\\\/sysmatec.ch\\\/de\\\/produit\\\/temperatur-funk-datenlogger-newsteo\\\/#primaryimage\"},\"image\":{\"@id\":\"https:\\\/\\\/sysmatec.ch\\\/de\\\/produit\\\/temperatur-funk-datenlogger-newsteo\\\/#primaryimage\"},\"thumbnailUrl\":\"https:\\\/\\\/sysmatec.ch\\\/wp-content\\\/uploads\\\/2019\\\/02\\\/Enregistreur_NewsteoLog211.gif\",\"datePublished\":\"2019-02-20T19:39:41+00:00\",\"dateModified\":\"2022-02-25T18:02:54+00:00\",\"description\":\"Temperaturschreiber f\u00fcr Funkwellen\u00fcbertragung. Messbereiche zwischen -40 und 85\u00b0C. Unterschiedliche Antennen f\u00fcr unterschiedliche Reichweiten.\",\"breadcrumb\":{\"@id\":\"https:\\\/\\\/sysmatec.ch\\\/de\\\/produit\\\/temperatur-funk-datenlogger-newsteo\\\/#breadcrumb\"},\"inLanguage\":\"de\",\"potentialAction\":[{\"@type\":\"ReadAction\",\"target\":[\"https:\\\/\\\/sysmatec.ch\\\/de\\\/produit\\\/temperatur-funk-datenlogger-newsteo\\\/\"]}]},{\"@type\":\"ImageObject\",\"inLanguage\":\"de\",\"@id\":\"https:\\\/\\\/sysmatec.ch\\\/de\\\/produit\\\/temperatur-funk-datenlogger-newsteo\\\/#primaryimage\",\"url\":\"https:\\\/\\\/sysmatec.ch\\\/wp-content\\\/uploads\\\/2019\\\/02\\\/Enregistreur_NewsteoLog211.gif\",\"contentUrl\":\"https:\\\/\\\/sysmatec.ch\\\/wp-content\\\/uploads\\\/2019\\\/02\\\/Enregistreur_NewsteoLog211.gif\",\"width\":148,\"height\":148},{\"@type\":\"BreadcrumbList\",\"@id\":\"https:\\\/\\\/sysmatec.ch\\\/de\\\/produit\\\/temperatur-funk-datenlogger-newsteo\\\/#breadcrumb\",\"itemListElement\":[{\"@type\":\"ListItem\",\"position\":1,\"name\":\"Accueil\",\"item\":\"https:\\\/\\\/sysmatec.ch\\\/de\\\/\"},{\"@type\":\"ListItem\",\"position\":2,\"name\":\"Die Aktivit\u00e4t von Sysmatec\",\"item\":\"https:\\\/\\\/sysmatec.ch\\\/de\\\/\"},{\"@type\":\"ListItem\",\"position\":3,\"name\":\"Temperatur-Funk-Datenlogger Newsteo\"}]},{\"@type\":\"WebSite\",\"@id\":\"https:\\\/\\\/sysmatec.ch\\\/de\\\/#website\",\"url\":\"https:\\\/\\\/sysmatec.ch\\\/de\\\/\",\"name\":\"Sysmatec\",\"description\":\"Equipement de laboratoire et logiciels\",\"publisher\":{\"@id\":\"https:\\\/\\\/sysmatec.ch\\\/de\\\/#organization\"},\"potentialAction\":[{\"@type\":\"SearchAction\",\"target\":{\"@type\":\"EntryPoint\",\"urlTemplate\":\"https:\\\/\\\/sysmatec.ch\\\/de\\\/?s={search_term_string}\"},\"query-input\":{\"@type\":\"PropertyValueSpecification\",\"valueRequired\":true,\"valueName\":\"search_term_string\"}}],\"inLanguage\":\"de\"},{\"@type\":\"Organization\",\"@id\":\"https:\\\/\\\/sysmatec.ch\\\/de\\\/#organization\",\"name\":\"Sysmatec\",\"url\":\"https:\\\/\\\/sysmatec.ch\\\/de\\\/\",\"logo\":{\"@type\":\"ImageObject\",\"inLanguage\":\"de\",\"@id\":\"https:\\\/\\\/sysmatec.ch\\\/de\\\/#\\\/schema\\\/logo\\\/image\\\/\",\"url\":\"https:\\\/\\\/sysmatec.ch\\\/wp-content\\\/uploads\\\/2018\\\/11\\\/LogoSysmatec.jpg\",\"contentUrl\":\"https:\\\/\\\/sysmatec.ch\\\/wp-content\\\/uploads\\\/2018\\\/11\\\/LogoSysmatec.jpg\",\"width\":301,\"height\":297,\"caption\":\"Sysmatec\"},\"image\":{\"@id\":\"https:\\\/\\\/sysmatec.ch\\\/de\\\/#\\\/schema\\\/logo\\\/image\\\/\"}}]}<\/script>\n<!-- \/ Yoast SEO plugin. -->","yoast_head_json":{"title":"Temperatur-Funk-Datenlogger Newsteo - Sysmatec","description":"Temperaturschreiber f\u00fcr Funkwellen\u00fcbertragung. Messbereiche zwischen -40 und 85\u00b0C. Unterschiedliche Antennen f\u00fcr unterschiedliche Reichweiten.","robots":{"index":"index","follow":"follow","max-snippet":"max-snippet:-1","max-image-preview":"max-image-preview:large","max-video-preview":"max-video-preview:-1"},"canonical":"https:\/\/sysmatec.ch\/de\/produit\/temperatur-funk-datenlogger-newsteo\/","og_locale":"de_DE","og_type":"article","og_title":"Temperatur-Funk-Datenlogger Newsteo - Sysmatec","og_description":"Temperaturschreiber f\u00fcr Funkwellen\u00fcbertragung. Messbereiche zwischen -40 und 85\u00b0C. Unterschiedliche Antennen f\u00fcr unterschiedliche Reichweiten.","og_url":"https:\/\/sysmatec.ch\/de\/produit\/temperatur-funk-datenlogger-newsteo\/","og_site_name":"Sysmatec","article_modified_time":"2022-02-25T18:02:54+00:00","og_image":[{"width":148,"height":148,"url":"https:\/\/sysmatec.ch\/wp-content\/uploads\/2019\/02\/Enregistreur_NewsteoLog211.gif","type":"image\/gif"}],"twitter_card":"summary_large_image","twitter_misc":{"Gesch\u00e4tzte Lesezeit":"2\u00a0Minuten"},"schema":{"@context":"https:\/\/schema.org","@graph":[{"@type":"WebPage","@id":"https:\/\/sysmatec.ch\/de\/produit\/temperatur-funk-datenlogger-newsteo\/","url":"https:\/\/sysmatec.ch\/de\/produit\/temperatur-funk-datenlogger-newsteo\/","name":"Temperatur-Funk-Datenlogger Newsteo - Sysmatec","isPartOf":{"@id":"https:\/\/sysmatec.ch\/de\/#website"},"primaryImageOfPage":{"@id":"https:\/\/sysmatec.ch\/de\/produit\/temperatur-funk-datenlogger-newsteo\/#primaryimage"},"image":{"@id":"https:\/\/sysmatec.ch\/de\/produit\/temperatur-funk-datenlogger-newsteo\/#primaryimage"},"thumbnailUrl":"https:\/\/sysmatec.ch\/wp-content\/uploads\/2019\/02\/Enregistreur_NewsteoLog211.gif","datePublished":"2019-02-20T19:39:41+00:00","dateModified":"2022-02-25T18:02:54+00:00","description":"Temperaturschreiber f\u00fcr Funkwellen\u00fcbertragung. Messbereiche zwischen -40 und 85\u00b0C. Unterschiedliche Antennen f\u00fcr unterschiedliche Reichweiten.","breadcrumb":{"@id":"https:\/\/sysmatec.ch\/de\/produit\/temperatur-funk-datenlogger-newsteo\/#breadcrumb"},"inLanguage":"de","potentialAction":[{"@type":"ReadAction","target":["https:\/\/sysmatec.ch\/de\/produit\/temperatur-funk-datenlogger-newsteo\/"]}]},{"@type":"ImageObject","inLanguage":"de","@id":"https:\/\/sysmatec.ch\/de\/produit\/temperatur-funk-datenlogger-newsteo\/#primaryimage","url":"https:\/\/sysmatec.ch\/wp-content\/uploads\/2019\/02\/Enregistreur_NewsteoLog211.gif","contentUrl":"https:\/\/sysmatec.ch\/wp-content\/uploads\/2019\/02\/Enregistreur_NewsteoLog211.gif","width":148,"height":148},{"@type":"BreadcrumbList","@id":"https:\/\/sysmatec.ch\/de\/produit\/temperatur-funk-datenlogger-newsteo\/#breadcrumb","itemListElement":[{"@type":"ListItem","position":1,"name":"Accueil","item":"https:\/\/sysmatec.ch\/de\/"},{"@type":"ListItem","position":2,"name":"Die Aktivit\u00e4t von Sysmatec","item":"https:\/\/sysmatec.ch\/de\/"},{"@type":"ListItem","position":3,"name":"Temperatur-Funk-Datenlogger Newsteo"}]},{"@type":"WebSite","@id":"https:\/\/sysmatec.ch\/de\/#website","url":"https:\/\/sysmatec.ch\/de\/","name":"Sysmatec","description":"Equipement de laboratoire et logiciels","publisher":{"@id":"https:\/\/sysmatec.ch\/de\/#organization"},"potentialAction":[{"@type":"SearchAction","target":{"@type":"EntryPoint","urlTemplate":"https:\/\/sysmatec.ch\/de\/?s={search_term_string}"},"query-input":{"@type":"PropertyValueSpecification","valueRequired":true,"valueName":"search_term_string"}}],"inLanguage":"de"},{"@type":"Organization","@id":"https:\/\/sysmatec.ch\/de\/#organization","name":"Sysmatec","url":"https:\/\/sysmatec.ch\/de\/","logo":{"@type":"ImageObject","inLanguage":"de","@id":"https:\/\/sysmatec.ch\/de\/#\/schema\/logo\/image\/","url":"https:\/\/sysmatec.ch\/wp-content\/uploads\/2018\/11\/LogoSysmatec.jpg","contentUrl":"https:\/\/sysmatec.ch\/wp-content\/uploads\/2018\/11\/LogoSysmatec.jpg","width":301,"height":297,"caption":"Sysmatec"},"image":{"@id":"https:\/\/sysmatec.ch\/de\/#\/schema\/logo\/image\/"}}]}},"_links":{"self":[{"href":"https:\/\/sysmatec.ch\/de\/wp-json\/wp\/v2\/product\/3432","targetHints":{"allow":["GET"]}}],"collection":[{"href":"https:\/\/sysmatec.ch\/de\/wp-json\/wp\/v2\/product"}],"about":[{"href":"https:\/\/sysmatec.ch\/de\/wp-json\/wp\/v2\/types\/product"}],"wp:featuredmedia":[{"embeddable":true,"href":"https:\/\/sysmatec.ch\/de\/wp-json\/wp\/v2\/media\/3424"}],"wp:attachment":[{"href":"https:\/\/sysmatec.ch\/de\/wp-json\/wp\/v2\/media?parent=3432"}],"wp:term":[{"taxonomy":"product_brand","embeddable":true,"href":"https:\/\/sysmatec.ch\/de\/wp-json\/wp\/v2\/product_brand?post=3432"},{"taxonomy":"product_cat","embeddable":true,"href":"https:\/\/sysmatec.ch\/de\/wp-json\/wp\/v2\/product_cat?post=3432"},{"taxonomy":"product_tag","embeddable":true,"href":"https:\/\/sysmatec.ch\/de\/wp-json\/wp\/v2\/product_tag?post=3432"}],"curies":[{"name":"wp","href":"https:\/\/api.w.org\/{rel}","templated":true}]}}