{"id":3409,"date":"2019-02-20T11:55:44","date_gmt":"2019-02-20T10:55:44","guid":{"rendered":"https:\/\/sysmatec.ch\/produit\/enregistreur-de-temperature-el-sgd43-atp\/"},"modified":"2022-02-25T19:20:14","modified_gmt":"2022-02-25T18:20:14","slug":"temperatur-datenlogger-el-sgd43-atp","status":"publish","type":"product","link":"https:\/\/sysmatec.ch\/de\/Produkt\/temperatur-datenlogger-el-sgd43-atp\/","title":{"rendered":"Temperatur-Datenlogger EL-SGD43-ATP"},"content":{"rendered":"<p>Der EL-SGD43-ATP ist ein Vierkanal-Temperaturdatenlogger basierend auf Lascars PanelPilotACE Plattform. Das Kit enth\u00e4lt ein 4.3 &#8220; Panel Anzeigeeinheit mit kapazitiven Touchscreen, ein Vier-Kanal-Thermistor-Temperaturf\u00fchler Elektronik und kompatibel Temperatur F\u00fchlern. Die Daten k\u00f6nnen als Echtzeit-Messwerte f\u00fcr die 4 Kan\u00e4le, aber auch als Live-Trenddiagramme angezeigt werden.<\/p>\n<p>Der Logger kann bei Sampleraten von 5 Sekunden bis zu 1 Million Messwerte pro Kanal speichern. Die Daten k\u00f6nnen \u00fcber USB mit Lascars kostenlos Device Utility-Software heruntergeladen werden.<\/p>\n<p>F\u00fcr fortgeschrittene Anwender kann die Benutzeroberfl\u00e4che mit der kostenlosen PanelPilotACE Design Studio-Software per Drag-and-Drop angepasst werden.<\/p>\n<ul>\n<li type=\"disc\">Temperaturbereich mit dem mitgelieferten Sonden: -40 \u00b0 C bis + 80 \u00b0 C<\/li>\n<li type=\"disc\">Interne Aufl\u00f6sung: 0.01 \u00b0 C<\/li>\n<li type=\"disc\">Temperaturgenauigkeit: \u00b1 1.0 \u00b0 C<\/li>\n<li type=\"disc\">Anzahl der Messwerte (pro Kanal): 100 000<\/li>\n<li type=\"disc\">Aufzeichnungsrate: 5 Sekunden bis 12 Stunden<\/li>\n<li type=\"disc\">Anzahl der Kan\u00e4le: bis zu 4<\/li>\n<li type=\"disc\">Au\u00dfenma\u00dfe: 119.3 x 79.8 x 25.0 mm<\/li>\n<li type=\"disc\">Kommunikationsprotokolle: USB &amp; RS232<\/li>\n<\/ul>\n<p>im Paket enthalten:<\/p>\n<ul>\n<li type=\"disc\">4 x 1 m Thermistorsonde mit 3.5-mm-Stecker (EL-PROBE2-1.0M-TP)<\/li>\n<li type=\"disc\">Mini-USB-Kabel (USB-Kabel A-MF)<\/li>\n<\/ul>\n<p>EL-SGD70-ATP: gleiche Bezeichnung aber mit 7 &#8220; Panel<\/p>\n","protected":false},"excerpt":{"rendered":"<p>Temperatur-Datenlogger<\/p>\n","protected":false},"featured_media":3407,"template":"","meta":{"_crdt_document":""},"product_brand":[],"product_cat":[168,173],"product_tag":[],"class_list":{"0":"post-3409","1":"product","2":"type-product","3":"status-publish","4":"has-post-thumbnail","6":"product_cat-datenlogger","7":"product_cat-temperatur","9":"first","10":"instock","11":"taxable","12":"shipping-taxable","13":"product-type-simple"},"yoast_head":"<!-- This site is optimized with the Yoast SEO plugin v27.4 - https:\/\/yoast.com\/product\/yoast-seo-wordpress\/ -->\n<title>Temperatur-Datenlogger EL-SGD43-ATP - Sysmatec<\/title>\n<meta name=\"description\" content=\"Vierkanal-Temperaturdatenlogger f\u00fcr Thermistoren. Messbereich mit den mitgelieferten Thermistoren von -40 bis 80\u00b0C.\" \/>\n<meta name=\"robots\" content=\"index, follow, max-snippet:-1, max-image-preview:large, max-video-preview:-1\" \/>\n<link rel=\"canonical\" href=\"https:\/\/sysmatec.ch\/de\/produit\/temperatur-datenlogger-el-sgd43-atp\/\" \/>\n<meta property=\"og:locale\" content=\"de_DE\" \/>\n<meta property=\"og:type\" content=\"article\" \/>\n<meta property=\"og:title\" content=\"Temperatur-Datenlogger EL-SGD43-ATP - Sysmatec\" \/>\n<meta property=\"og:description\" content=\"Vierkanal-Temperaturdatenlogger f\u00fcr Thermistoren. Messbereich mit den mitgelieferten Thermistoren von -40 bis 80\u00b0C.\" \/>\n<meta property=\"og:url\" content=\"https:\/\/sysmatec.ch\/de\/produit\/temperatur-datenlogger-el-sgd43-atp\/\" \/>\n<meta property=\"og:site_name\" content=\"Sysmatec\" \/>\n<meta property=\"article:modified_time\" content=\"2022-02-25T18:20:14+00:00\" \/>\n<meta property=\"og:image\" content=\"https:\/\/sysmatec.ch\/wp-content\/uploads\/2019\/02\/Enregistreur_LascarELSGD43ATP.jpg\" \/>\n\t<meta property=\"og:image:width\" content=\"183\" \/>\n\t<meta property=\"og:image:height\" content=\"113\" \/>\n\t<meta property=\"og:image:type\" content=\"image\/jpeg\" \/>\n<meta name=\"twitter:card\" content=\"summary_large_image\" \/>\n<meta name=\"twitter:label1\" content=\"Gesch\u00e4tzte Lesezeit\" \/>\n\t<meta name=\"twitter:data1\" content=\"1\u00a0Minute\" \/>\n<script type=\"application\/ld+json\" class=\"yoast-schema-graph\">{\"@context\":\"https:\\\/\\\/schema.org\",\"@graph\":[{\"@type\":\"WebPage\",\"@id\":\"https:\\\/\\\/sysmatec.ch\\\/de\\\/produit\\\/temperatur-datenlogger-el-sgd43-atp\\\/\",\"url\":\"https:\\\/\\\/sysmatec.ch\\\/de\\\/produit\\\/temperatur-datenlogger-el-sgd43-atp\\\/\",\"name\":\"Temperatur-Datenlogger EL-SGD43-ATP - Sysmatec\",\"isPartOf\":{\"@id\":\"https:\\\/\\\/sysmatec.ch\\\/de\\\/#website\"},\"primaryImageOfPage\":{\"@id\":\"https:\\\/\\\/sysmatec.ch\\\/de\\\/produit\\\/temperatur-datenlogger-el-sgd43-atp\\\/#primaryimage\"},\"image\":{\"@id\":\"https:\\\/\\\/sysmatec.ch\\\/de\\\/produit\\\/temperatur-datenlogger-el-sgd43-atp\\\/#primaryimage\"},\"thumbnailUrl\":\"https:\\\/\\\/sysmatec.ch\\\/wp-content\\\/uploads\\\/2019\\\/02\\\/Enregistreur_LascarELSGD43ATP.jpg\",\"datePublished\":\"2019-02-20T10:55:44+00:00\",\"dateModified\":\"2022-02-25T18:20:14+00:00\",\"description\":\"Vierkanal-Temperaturdatenlogger f\u00fcr Thermistoren. Messbereich mit den mitgelieferten Thermistoren von -40 bis 80\u00b0C.\",\"breadcrumb\":{\"@id\":\"https:\\\/\\\/sysmatec.ch\\\/de\\\/produit\\\/temperatur-datenlogger-el-sgd43-atp\\\/#breadcrumb\"},\"inLanguage\":\"de\",\"potentialAction\":[{\"@type\":\"ReadAction\",\"target\":[\"https:\\\/\\\/sysmatec.ch\\\/de\\\/produit\\\/temperatur-datenlogger-el-sgd43-atp\\\/\"]}]},{\"@type\":\"ImageObject\",\"inLanguage\":\"de\",\"@id\":\"https:\\\/\\\/sysmatec.ch\\\/de\\\/produit\\\/temperatur-datenlogger-el-sgd43-atp\\\/#primaryimage\",\"url\":\"https:\\\/\\\/sysmatec.ch\\\/wp-content\\\/uploads\\\/2019\\\/02\\\/Enregistreur_LascarELSGD43ATP.jpg\",\"contentUrl\":\"https:\\\/\\\/sysmatec.ch\\\/wp-content\\\/uploads\\\/2019\\\/02\\\/Enregistreur_LascarELSGD43ATP.jpg\",\"width\":183,\"height\":113},{\"@type\":\"BreadcrumbList\",\"@id\":\"https:\\\/\\\/sysmatec.ch\\\/de\\\/produit\\\/temperatur-datenlogger-el-sgd43-atp\\\/#breadcrumb\",\"itemListElement\":[{\"@type\":\"ListItem\",\"position\":1,\"name\":\"Accueil\",\"item\":\"https:\\\/\\\/sysmatec.ch\\\/de\\\/\"},{\"@type\":\"ListItem\",\"position\":2,\"name\":\"Die Aktivit\u00e4t von Sysmatec\",\"item\":\"https:\\\/\\\/sysmatec.ch\\\/de\\\/\"},{\"@type\":\"ListItem\",\"position\":3,\"name\":\"Temperatur-Datenlogger EL-SGD43-ATP\"}]},{\"@type\":\"WebSite\",\"@id\":\"https:\\\/\\\/sysmatec.ch\\\/de\\\/#website\",\"url\":\"https:\\\/\\\/sysmatec.ch\\\/de\\\/\",\"name\":\"Sysmatec\",\"description\":\"Equipement de laboratoire et logiciels\",\"publisher\":{\"@id\":\"https:\\\/\\\/sysmatec.ch\\\/de\\\/#organization\"},\"potentialAction\":[{\"@type\":\"SearchAction\",\"target\":{\"@type\":\"EntryPoint\",\"urlTemplate\":\"https:\\\/\\\/sysmatec.ch\\\/de\\\/?s={search_term_string}\"},\"query-input\":{\"@type\":\"PropertyValueSpecification\",\"valueRequired\":true,\"valueName\":\"search_term_string\"}}],\"inLanguage\":\"de\"},{\"@type\":\"Organization\",\"@id\":\"https:\\\/\\\/sysmatec.ch\\\/de\\\/#organization\",\"name\":\"Sysmatec\",\"url\":\"https:\\\/\\\/sysmatec.ch\\\/de\\\/\",\"logo\":{\"@type\":\"ImageObject\",\"inLanguage\":\"de\",\"@id\":\"https:\\\/\\\/sysmatec.ch\\\/de\\\/#\\\/schema\\\/logo\\\/image\\\/\",\"url\":\"https:\\\/\\\/sysmatec.ch\\\/wp-content\\\/uploads\\\/2018\\\/11\\\/LogoSysmatec.jpg\",\"contentUrl\":\"https:\\\/\\\/sysmatec.ch\\\/wp-content\\\/uploads\\\/2018\\\/11\\\/LogoSysmatec.jpg\",\"width\":301,\"height\":297,\"caption\":\"Sysmatec\"},\"image\":{\"@id\":\"https:\\\/\\\/sysmatec.ch\\\/de\\\/#\\\/schema\\\/logo\\\/image\\\/\"}}]}<\/script>\n<!-- \/ Yoast SEO plugin. -->","yoast_head_json":{"title":"Temperatur-Datenlogger EL-SGD43-ATP - Sysmatec","description":"Vierkanal-Temperaturdatenlogger f\u00fcr Thermistoren. Messbereich mit den mitgelieferten Thermistoren von -40 bis 80\u00b0C.","robots":{"index":"index","follow":"follow","max-snippet":"max-snippet:-1","max-image-preview":"max-image-preview:large","max-video-preview":"max-video-preview:-1"},"canonical":"https:\/\/sysmatec.ch\/de\/produit\/temperatur-datenlogger-el-sgd43-atp\/","og_locale":"de_DE","og_type":"article","og_title":"Temperatur-Datenlogger EL-SGD43-ATP - Sysmatec","og_description":"Vierkanal-Temperaturdatenlogger f\u00fcr Thermistoren. Messbereich mit den mitgelieferten Thermistoren von -40 bis 80\u00b0C.","og_url":"https:\/\/sysmatec.ch\/de\/produit\/temperatur-datenlogger-el-sgd43-atp\/","og_site_name":"Sysmatec","article_modified_time":"2022-02-25T18:20:14+00:00","og_image":[{"width":183,"height":113,"url":"https:\/\/sysmatec.ch\/wp-content\/uploads\/2019\/02\/Enregistreur_LascarELSGD43ATP.jpg","type":"image\/jpeg"}],"twitter_card":"summary_large_image","twitter_misc":{"Gesch\u00e4tzte Lesezeit":"1\u00a0Minute"},"schema":{"@context":"https:\/\/schema.org","@graph":[{"@type":"WebPage","@id":"https:\/\/sysmatec.ch\/de\/produit\/temperatur-datenlogger-el-sgd43-atp\/","url":"https:\/\/sysmatec.ch\/de\/produit\/temperatur-datenlogger-el-sgd43-atp\/","name":"Temperatur-Datenlogger EL-SGD43-ATP - Sysmatec","isPartOf":{"@id":"https:\/\/sysmatec.ch\/de\/#website"},"primaryImageOfPage":{"@id":"https:\/\/sysmatec.ch\/de\/produit\/temperatur-datenlogger-el-sgd43-atp\/#primaryimage"},"image":{"@id":"https:\/\/sysmatec.ch\/de\/produit\/temperatur-datenlogger-el-sgd43-atp\/#primaryimage"},"thumbnailUrl":"https:\/\/sysmatec.ch\/wp-content\/uploads\/2019\/02\/Enregistreur_LascarELSGD43ATP.jpg","datePublished":"2019-02-20T10:55:44+00:00","dateModified":"2022-02-25T18:20:14+00:00","description":"Vierkanal-Temperaturdatenlogger f\u00fcr Thermistoren. Messbereich mit den mitgelieferten Thermistoren von -40 bis 80\u00b0C.","breadcrumb":{"@id":"https:\/\/sysmatec.ch\/de\/produit\/temperatur-datenlogger-el-sgd43-atp\/#breadcrumb"},"inLanguage":"de","potentialAction":[{"@type":"ReadAction","target":["https:\/\/sysmatec.ch\/de\/produit\/temperatur-datenlogger-el-sgd43-atp\/"]}]},{"@type":"ImageObject","inLanguage":"de","@id":"https:\/\/sysmatec.ch\/de\/produit\/temperatur-datenlogger-el-sgd43-atp\/#primaryimage","url":"https:\/\/sysmatec.ch\/wp-content\/uploads\/2019\/02\/Enregistreur_LascarELSGD43ATP.jpg","contentUrl":"https:\/\/sysmatec.ch\/wp-content\/uploads\/2019\/02\/Enregistreur_LascarELSGD43ATP.jpg","width":183,"height":113},{"@type":"BreadcrumbList","@id":"https:\/\/sysmatec.ch\/de\/produit\/temperatur-datenlogger-el-sgd43-atp\/#breadcrumb","itemListElement":[{"@type":"ListItem","position":1,"name":"Accueil","item":"https:\/\/sysmatec.ch\/de\/"},{"@type":"ListItem","position":2,"name":"Die Aktivit\u00e4t von Sysmatec","item":"https:\/\/sysmatec.ch\/de\/"},{"@type":"ListItem","position":3,"name":"Temperatur-Datenlogger EL-SGD43-ATP"}]},{"@type":"WebSite","@id":"https:\/\/sysmatec.ch\/de\/#website","url":"https:\/\/sysmatec.ch\/de\/","name":"Sysmatec","description":"Equipement de laboratoire et logiciels","publisher":{"@id":"https:\/\/sysmatec.ch\/de\/#organization"},"potentialAction":[{"@type":"SearchAction","target":{"@type":"EntryPoint","urlTemplate":"https:\/\/sysmatec.ch\/de\/?s={search_term_string}"},"query-input":{"@type":"PropertyValueSpecification","valueRequired":true,"valueName":"search_term_string"}}],"inLanguage":"de"},{"@type":"Organization","@id":"https:\/\/sysmatec.ch\/de\/#organization","name":"Sysmatec","url":"https:\/\/sysmatec.ch\/de\/","logo":{"@type":"ImageObject","inLanguage":"de","@id":"https:\/\/sysmatec.ch\/de\/#\/schema\/logo\/image\/","url":"https:\/\/sysmatec.ch\/wp-content\/uploads\/2018\/11\/LogoSysmatec.jpg","contentUrl":"https:\/\/sysmatec.ch\/wp-content\/uploads\/2018\/11\/LogoSysmatec.jpg","width":301,"height":297,"caption":"Sysmatec"},"image":{"@id":"https:\/\/sysmatec.ch\/de\/#\/schema\/logo\/image\/"}}]}},"_links":{"self":[{"href":"https:\/\/sysmatec.ch\/de\/wp-json\/wp\/v2\/product\/3409","targetHints":{"allow":["GET"]}}],"collection":[{"href":"https:\/\/sysmatec.ch\/de\/wp-json\/wp\/v2\/product"}],"about":[{"href":"https:\/\/sysmatec.ch\/de\/wp-json\/wp\/v2\/types\/product"}],"wp:featuredmedia":[{"embeddable":true,"href":"https:\/\/sysmatec.ch\/de\/wp-json\/wp\/v2\/media\/3407"}],"wp:attachment":[{"href":"https:\/\/sysmatec.ch\/de\/wp-json\/wp\/v2\/media?parent=3409"}],"wp:term":[{"taxonomy":"product_brand","embeddable":true,"href":"https:\/\/sysmatec.ch\/de\/wp-json\/wp\/v2\/product_brand?post=3409"},{"taxonomy":"product_cat","embeddable":true,"href":"https:\/\/sysmatec.ch\/de\/wp-json\/wp\/v2\/product_cat?post=3409"},{"taxonomy":"product_tag","embeddable":true,"href":"https:\/\/sysmatec.ch\/de\/wp-json\/wp\/v2\/product_tag?post=3409"}],"curies":[{"name":"wp","href":"https:\/\/api.w.org\/{rel}","templated":true}]}}