{"id":3362,"date":"2019-02-19T18:14:49","date_gmt":"2019-02-19T17:14:49","guid":{"rendered":"https:\/\/sysmatec.ch\/produit\/enregistreur-de-temperature-testo-175-t2\/"},"modified":"2022-02-25T21:12:56","modified_gmt":"2022-02-25T20:12:56","slug":"temperature-data-logger-testo-175-t2","status":"publish","type":"product","link":"https:\/\/sysmatec.ch\/de\/Produkt\/temperature-data-logger-testo-175-t2\/","title":{"rendered":"Temperature Data logger Testo 175-T2"},"content":{"rendered":"<ul>\n<li>Kan\u00e4le mit int. Sensor + Stecker f\u00fcr eine 2. Sonde, inkl. Wandhalterung und Kalibrierprotokoll<\/li>\n<li>Messbereich interne Sonde: -35 bis +55 \u00b0C (NTC Sensor)<\/li>\n<li>Messbereich externe Sonde: -40 bis 120 \u00b0C (NTC Sensor)<\/li>\n<li>Genauigkeit der internen Sonde: \u00b10.5 \u00b0C (-20 bis +55 \u00b0C), \u00b11 \u00b0C (-35 bis -20 \u00b0C)<\/li>\n<li>Genauigkeit der externer Sonde: \u00b10.3 \u00b0C (-25 bis +55 \u00b0C), \u00b10,5 \u00b0C (ausserhalb)<\/li>\n<li>Speicher: 1 Million Werte, USB Schnittstelle<\/li>\n<li>Speicherungsintervall: 10 Sek &#8211; 24 Std<\/li>\n<li>Betriebstemperatur: -35 bis +55 \u00b0C<\/li>\n<li>Batterietyp: Alkali Mangan Microzellen AAA<\/li>\n<li>Betriebsdauer: ca 3 Jahre<\/li>\n<li>Abmessung: 89 x 53 x 27 mm, IP65<\/li>\n<li>Wenn der Datenlogger an dem PC angeschlossen ist, k\u00f6nnen die Daten auch &#8218;Live&#8216; als Kurven angezeigt werden.<\/li>\n<\/ul>\n","protected":false},"excerpt":{"rendered":"<p>Temperature Data logger<\/p>\n","protected":false},"featured_media":3360,"template":"","meta":{"_crdt_document":""},"product_brand":[],"product_cat":[168,173],"product_tag":[],"class_list":{"0":"post-3362","1":"product","2":"type-product","3":"status-publish","4":"has-post-thumbnail","6":"product_cat-datenlogger","7":"product_cat-temperatur","9":"first","10":"instock","11":"taxable","12":"shipping-taxable","13":"product-type-simple"},"yoast_head":"<!-- This site is optimized with the Yoast SEO plugin v27.4 - https:\/\/yoast.com\/product\/yoast-seo-wordpress\/ -->\n<title>Temperature Data logger Testo 175-T2 - Sysmatec<\/title>\n<meta name=\"description\" content=\"Temperaturschreiber f\u00fcr einen Innenf\u00fchler und einen Au\u00dfenf\u00fchler. Gro\u00dfer Speicher f\u00fcr 1 000 000 Daten.\" \/>\n<meta name=\"robots\" content=\"index, follow, max-snippet:-1, max-image-preview:large, max-video-preview:-1\" \/>\n<link rel=\"canonical\" href=\"https:\/\/sysmatec.ch\/de\/produit\/temperature-data-logger-testo-175-t2\/\" \/>\n<meta property=\"og:locale\" content=\"de_DE\" \/>\n<meta property=\"og:type\" content=\"article\" \/>\n<meta property=\"og:title\" content=\"Temperature Data logger Testo 175-T2 - Sysmatec\" \/>\n<meta property=\"og:description\" content=\"Temperaturschreiber f\u00fcr einen Innenf\u00fchler und einen Au\u00dfenf\u00fchler. Gro\u00dfer Speicher f\u00fcr 1 000 000 Daten.\" \/>\n<meta property=\"og:url\" content=\"https:\/\/sysmatec.ch\/de\/produit\/temperature-data-logger-testo-175-t2\/\" \/>\n<meta property=\"og:site_name\" content=\"Sysmatec\" \/>\n<meta property=\"article:modified_time\" content=\"2022-02-25T20:12:56+00:00\" \/>\n<meta name=\"twitter:card\" content=\"summary_large_image\" \/>\n<script type=\"application\/ld+json\" class=\"yoast-schema-graph\">{\"@context\":\"https:\\\/\\\/schema.org\",\"@graph\":[{\"@type\":\"WebPage\",\"@id\":\"https:\\\/\\\/sysmatec.ch\\\/de\\\/produit\\\/temperature-data-logger-testo-175-t2\\\/\",\"url\":\"https:\\\/\\\/sysmatec.ch\\\/de\\\/produit\\\/temperature-data-logger-testo-175-t2\\\/\",\"name\":\"Temperature Data logger Testo 175-T2 - Sysmatec\",\"isPartOf\":{\"@id\":\"https:\\\/\\\/sysmatec.ch\\\/de\\\/#website\"},\"primaryImageOfPage\":{\"@id\":\"https:\\\/\\\/sysmatec.ch\\\/de\\\/produit\\\/temperature-data-logger-testo-175-t2\\\/#primaryimage\"},\"image\":{\"@id\":\"https:\\\/\\\/sysmatec.ch\\\/de\\\/produit\\\/temperature-data-logger-testo-175-t2\\\/#primaryimage\"},\"thumbnailUrl\":\"https:\\\/\\\/sysmatec.ch\\\/wp-content\\\/uploads\\\/2019\\\/02\\\/Enregistreur_Testo175T2.jpg\",\"datePublished\":\"2019-02-19T17:14:49+00:00\",\"dateModified\":\"2022-02-25T20:12:56+00:00\",\"description\":\"Temperaturschreiber f\u00fcr einen Innenf\u00fchler und einen Au\u00dfenf\u00fchler. Gro\u00dfer Speicher f\u00fcr 1 000 000 Daten.\",\"breadcrumb\":{\"@id\":\"https:\\\/\\\/sysmatec.ch\\\/de\\\/produit\\\/temperature-data-logger-testo-175-t2\\\/#breadcrumb\"},\"inLanguage\":\"de\",\"potentialAction\":[{\"@type\":\"ReadAction\",\"target\":[\"https:\\\/\\\/sysmatec.ch\\\/de\\\/produit\\\/temperature-data-logger-testo-175-t2\\\/\"]}]},{\"@type\":\"ImageObject\",\"inLanguage\":\"de\",\"@id\":\"https:\\\/\\\/sysmatec.ch\\\/de\\\/produit\\\/temperature-data-logger-testo-175-t2\\\/#primaryimage\",\"url\":\"https:\\\/\\\/sysmatec.ch\\\/wp-content\\\/uploads\\\/2019\\\/02\\\/Enregistreur_Testo175T2.jpg\",\"contentUrl\":\"https:\\\/\\\/sysmatec.ch\\\/wp-content\\\/uploads\\\/2019\\\/02\\\/Enregistreur_Testo175T2.jpg\",\"width\":145,\"height\":177},{\"@type\":\"BreadcrumbList\",\"@id\":\"https:\\\/\\\/sysmatec.ch\\\/de\\\/produit\\\/temperature-data-logger-testo-175-t2\\\/#breadcrumb\",\"itemListElement\":[{\"@type\":\"ListItem\",\"position\":1,\"name\":\"Accueil\",\"item\":\"https:\\\/\\\/sysmatec.ch\\\/de\\\/\"},{\"@type\":\"ListItem\",\"position\":2,\"name\":\"Die Aktivit\u00e4t von Sysmatec\",\"item\":\"https:\\\/\\\/sysmatec.ch\\\/de\\\/\"},{\"@type\":\"ListItem\",\"position\":3,\"name\":\"Temperature Data logger Testo 175-T2\"}]},{\"@type\":\"WebSite\",\"@id\":\"https:\\\/\\\/sysmatec.ch\\\/de\\\/#website\",\"url\":\"https:\\\/\\\/sysmatec.ch\\\/de\\\/\",\"name\":\"Sysmatec\",\"description\":\"Equipement de laboratoire et logiciels\",\"publisher\":{\"@id\":\"https:\\\/\\\/sysmatec.ch\\\/de\\\/#organization\"},\"potentialAction\":[{\"@type\":\"SearchAction\",\"target\":{\"@type\":\"EntryPoint\",\"urlTemplate\":\"https:\\\/\\\/sysmatec.ch\\\/de\\\/?s={search_term_string}\"},\"query-input\":{\"@type\":\"PropertyValueSpecification\",\"valueRequired\":true,\"valueName\":\"search_term_string\"}}],\"inLanguage\":\"de\"},{\"@type\":\"Organization\",\"@id\":\"https:\\\/\\\/sysmatec.ch\\\/de\\\/#organization\",\"name\":\"Sysmatec\",\"url\":\"https:\\\/\\\/sysmatec.ch\\\/de\\\/\",\"logo\":{\"@type\":\"ImageObject\",\"inLanguage\":\"de\",\"@id\":\"https:\\\/\\\/sysmatec.ch\\\/de\\\/#\\\/schema\\\/logo\\\/image\\\/\",\"url\":\"https:\\\/\\\/sysmatec.ch\\\/wp-content\\\/uploads\\\/2018\\\/11\\\/LogoSysmatec.jpg\",\"contentUrl\":\"https:\\\/\\\/sysmatec.ch\\\/wp-content\\\/uploads\\\/2018\\\/11\\\/LogoSysmatec.jpg\",\"width\":301,\"height\":297,\"caption\":\"Sysmatec\"},\"image\":{\"@id\":\"https:\\\/\\\/sysmatec.ch\\\/de\\\/#\\\/schema\\\/logo\\\/image\\\/\"}}]}<\/script>\n<!-- \/ Yoast SEO plugin. -->","yoast_head_json":{"title":"Temperature Data logger Testo 175-T2 - Sysmatec","description":"Temperaturschreiber f\u00fcr einen Innenf\u00fchler und einen Au\u00dfenf\u00fchler. Gro\u00dfer Speicher f\u00fcr 1 000 000 Daten.","robots":{"index":"index","follow":"follow","max-snippet":"max-snippet:-1","max-image-preview":"max-image-preview:large","max-video-preview":"max-video-preview:-1"},"canonical":"https:\/\/sysmatec.ch\/de\/produit\/temperature-data-logger-testo-175-t2\/","og_locale":"de_DE","og_type":"article","og_title":"Temperature Data logger Testo 175-T2 - Sysmatec","og_description":"Temperaturschreiber f\u00fcr einen Innenf\u00fchler und einen Au\u00dfenf\u00fchler. Gro\u00dfer Speicher f\u00fcr 1 000 000 Daten.","og_url":"https:\/\/sysmatec.ch\/de\/produit\/temperature-data-logger-testo-175-t2\/","og_site_name":"Sysmatec","article_modified_time":"2022-02-25T20:12:56+00:00","twitter_card":"summary_large_image","schema":{"@context":"https:\/\/schema.org","@graph":[{"@type":"WebPage","@id":"https:\/\/sysmatec.ch\/de\/produit\/temperature-data-logger-testo-175-t2\/","url":"https:\/\/sysmatec.ch\/de\/produit\/temperature-data-logger-testo-175-t2\/","name":"Temperature Data logger Testo 175-T2 - Sysmatec","isPartOf":{"@id":"https:\/\/sysmatec.ch\/de\/#website"},"primaryImageOfPage":{"@id":"https:\/\/sysmatec.ch\/de\/produit\/temperature-data-logger-testo-175-t2\/#primaryimage"},"image":{"@id":"https:\/\/sysmatec.ch\/de\/produit\/temperature-data-logger-testo-175-t2\/#primaryimage"},"thumbnailUrl":"https:\/\/sysmatec.ch\/wp-content\/uploads\/2019\/02\/Enregistreur_Testo175T2.jpg","datePublished":"2019-02-19T17:14:49+00:00","dateModified":"2022-02-25T20:12:56+00:00","description":"Temperaturschreiber f\u00fcr einen Innenf\u00fchler und einen Au\u00dfenf\u00fchler. Gro\u00dfer Speicher f\u00fcr 1 000 000 Daten.","breadcrumb":{"@id":"https:\/\/sysmatec.ch\/de\/produit\/temperature-data-logger-testo-175-t2\/#breadcrumb"},"inLanguage":"de","potentialAction":[{"@type":"ReadAction","target":["https:\/\/sysmatec.ch\/de\/produit\/temperature-data-logger-testo-175-t2\/"]}]},{"@type":"ImageObject","inLanguage":"de","@id":"https:\/\/sysmatec.ch\/de\/produit\/temperature-data-logger-testo-175-t2\/#primaryimage","url":"https:\/\/sysmatec.ch\/wp-content\/uploads\/2019\/02\/Enregistreur_Testo175T2.jpg","contentUrl":"https:\/\/sysmatec.ch\/wp-content\/uploads\/2019\/02\/Enregistreur_Testo175T2.jpg","width":145,"height":177},{"@type":"BreadcrumbList","@id":"https:\/\/sysmatec.ch\/de\/produit\/temperature-data-logger-testo-175-t2\/#breadcrumb","itemListElement":[{"@type":"ListItem","position":1,"name":"Accueil","item":"https:\/\/sysmatec.ch\/de\/"},{"@type":"ListItem","position":2,"name":"Die Aktivit\u00e4t von Sysmatec","item":"https:\/\/sysmatec.ch\/de\/"},{"@type":"ListItem","position":3,"name":"Temperature Data logger Testo 175-T2"}]},{"@type":"WebSite","@id":"https:\/\/sysmatec.ch\/de\/#website","url":"https:\/\/sysmatec.ch\/de\/","name":"Sysmatec","description":"Equipement de laboratoire et logiciels","publisher":{"@id":"https:\/\/sysmatec.ch\/de\/#organization"},"potentialAction":[{"@type":"SearchAction","target":{"@type":"EntryPoint","urlTemplate":"https:\/\/sysmatec.ch\/de\/?s={search_term_string}"},"query-input":{"@type":"PropertyValueSpecification","valueRequired":true,"valueName":"search_term_string"}}],"inLanguage":"de"},{"@type":"Organization","@id":"https:\/\/sysmatec.ch\/de\/#organization","name":"Sysmatec","url":"https:\/\/sysmatec.ch\/de\/","logo":{"@type":"ImageObject","inLanguage":"de","@id":"https:\/\/sysmatec.ch\/de\/#\/schema\/logo\/image\/","url":"https:\/\/sysmatec.ch\/wp-content\/uploads\/2018\/11\/LogoSysmatec.jpg","contentUrl":"https:\/\/sysmatec.ch\/wp-content\/uploads\/2018\/11\/LogoSysmatec.jpg","width":301,"height":297,"caption":"Sysmatec"},"image":{"@id":"https:\/\/sysmatec.ch\/de\/#\/schema\/logo\/image\/"}}]}},"_links":{"self":[{"href":"https:\/\/sysmatec.ch\/de\/wp-json\/wp\/v2\/product\/3362","targetHints":{"allow":["GET"]}}],"collection":[{"href":"https:\/\/sysmatec.ch\/de\/wp-json\/wp\/v2\/product"}],"about":[{"href":"https:\/\/sysmatec.ch\/de\/wp-json\/wp\/v2\/types\/product"}],"wp:featuredmedia":[{"embeddable":true,"href":"https:\/\/sysmatec.ch\/de\/wp-json\/wp\/v2\/media\/3360"}],"wp:attachment":[{"href":"https:\/\/sysmatec.ch\/de\/wp-json\/wp\/v2\/media?parent=3362"}],"wp:term":[{"taxonomy":"product_brand","embeddable":true,"href":"https:\/\/sysmatec.ch\/de\/wp-json\/wp\/v2\/product_brand?post=3362"},{"taxonomy":"product_cat","embeddable":true,"href":"https:\/\/sysmatec.ch\/de\/wp-json\/wp\/v2\/product_cat?post=3362"},{"taxonomy":"product_tag","embeddable":true,"href":"https:\/\/sysmatec.ch\/de\/wp-json\/wp\/v2\/product_tag?post=3362"}],"curies":[{"name":"wp","href":"https:\/\/api.w.org\/{rel}","templated":true}]}}