{"id":3354,"date":"2019-02-19T18:07:16","date_gmt":"2019-02-19T17:07:16","guid":{"rendered":"https:\/\/sysmatec.ch\/produit\/enregistreur-de-temperature-testo-175-t1\/"},"modified":"2022-02-25T21:16:18","modified_gmt":"2022-02-25T20:16:18","slug":"temperatur-datalogger-testo-175-t1","status":"publish","type":"product","link":"https:\/\/sysmatec.ch\/de\/Produkt\/temperatur-datalogger-testo-175-t1\/","title":{"rendered":"Temperatur Datalogger Testo 175-T1"},"content":{"rendered":"<ul>\n<li>1 Kanal mit internem Sensor, inkl. Wandhalterung und Kalibrierprotokoll<\/li>\n<li>Temperatur-Messbereich: -35 bis +55 \u00b0C<\/li>\n<li>Genauigkeit: \u00b10.5 \u00b0C (-20 bis +70 \u00b0C), \u00b11 \u00b0C (-35 bis -20.1 \u00b0C)<\/li>\n<li>Aufl\u00f6sung: 0.1 \u00b0C (-20 bis +70 \u00b0C), 0.3 \u00b0C (-35 bis -20.1 \u00b0C)<\/li>\n<li>Speicher: 1 Million Werte, USB Schnittstelle<\/li>\n<li>Speicherungsintervall: 10 Sek &#8211; 24 Std<\/li>\n<li>Betriebstemperatur: -35 \u00e0 +70 \u00b0C<\/li>\n<li>Batterietyp: Alkali Mangan Microzellen AAA<\/li>\n<li>Betriebsdauer: ca 3 Jahre<\/li>\n<li>Abmessung: 89 x 53 x 27 mm, IP65<\/li>\n<li>Lieferumfang: Datenlogger testo 175 T1 inklusive Wandhalterung, Schloss, Batterien, Kalibrierprotokoll und Bedienungsanleitung<\/li>\n<li>Wenn der Datenlogger an dem PC angeschlossen ist, k\u00f6nnen die Daten auch &#8218;Live&#8216; als Kurven angezeigt werden.<\/li>\n<\/ul>\n<p>Optionen<\/p>\n<ul>\n<li>SD-Karte zum Einsammeln von Messdaten der Datenlogger<\/li>\n<li>Software ComSoft 3 mit USB Kabel: Basic (Ref. 0554 1766), Professionnel (Ref. 0554 830), oder CFR 21 Part 11 (Ref. 0554 821)<\/li>\n<li>Ethernet Adapter<\/li>\n<\/ul>\n","protected":false},"excerpt":{"rendered":"<p>Temperatur Datalogger<\/p>\n","protected":false},"featured_media":3352,"template":"","meta":{"_crdt_document":""},"product_brand":[],"product_cat":[168,173],"product_tag":[],"class_list":{"0":"post-3354","1":"product","2":"type-product","3":"status-publish","4":"has-post-thumbnail","6":"product_cat-datenlogger","7":"product_cat-temperatur","9":"first","10":"instock","11":"taxable","12":"shipping-taxable","13":"product-type-simple"},"yoast_head":"<!-- This site is optimized with the Yoast SEO plugin v27.3 - https:\/\/yoast.com\/product\/yoast-seo-wordpress\/ -->\n<title>Temperatur Datalogger Testo 175-T1 - Sysmatec<\/title>\n<meta name=\"description\" content=\"Temperaturschreiber f\u00fcr eine interne Sonde. Gro\u00dfer Speicher f\u00fcr 1.000.000 Daten. Messbereich von -35 bis +55\u00b0C.\" \/>\n<meta name=\"robots\" content=\"index, follow, max-snippet:-1, max-image-preview:large, max-video-preview:-1\" \/>\n<link rel=\"canonical\" href=\"https:\/\/sysmatec.ch\/de\/produit\/temperatur-datalogger-testo-175-t1\/\" \/>\n<meta property=\"og:locale\" content=\"de_DE\" \/>\n<meta property=\"og:type\" content=\"article\" \/>\n<meta property=\"og:title\" content=\"Temperatur Datalogger Testo 175-T1 - Sysmatec\" \/>\n<meta property=\"og:description\" content=\"Temperaturschreiber f\u00fcr eine interne Sonde. Gro\u00dfer Speicher f\u00fcr 1.000.000 Daten. Messbereich von -35 bis +55\u00b0C.\" \/>\n<meta property=\"og:url\" content=\"https:\/\/sysmatec.ch\/de\/produit\/temperatur-datalogger-testo-175-t1\/\" \/>\n<meta property=\"og:site_name\" content=\"Sysmatec\" \/>\n<meta property=\"article:modified_time\" content=\"2022-02-25T20:16:18+00:00\" \/>\n<meta property=\"og:image\" content=\"https:\/\/sysmatec.ch\/wp-content\/uploads\/2019\/02\/Enregistreur_Testo175T1.jpg\" \/>\n\t<meta property=\"og:image:width\" content=\"149\" \/>\n\t<meta property=\"og:image:height\" content=\"180\" \/>\n\t<meta property=\"og:image:type\" content=\"image\/jpeg\" \/>\n<meta name=\"twitter:card\" content=\"summary_large_image\" \/>\n<meta name=\"twitter:label1\" content=\"Gesch\u00e4tzte Lesezeit\" \/>\n\t<meta name=\"twitter:data1\" content=\"1\u00a0Minute\" \/>\n<script type=\"application\/ld+json\" class=\"yoast-schema-graph\">{\"@context\":\"https:\\\/\\\/schema.org\",\"@graph\":[{\"@type\":\"WebPage\",\"@id\":\"https:\\\/\\\/sysmatec.ch\\\/de\\\/produit\\\/temperatur-datalogger-testo-175-t1\\\/\",\"url\":\"https:\\\/\\\/sysmatec.ch\\\/de\\\/produit\\\/temperatur-datalogger-testo-175-t1\\\/\",\"name\":\"Temperatur Datalogger Testo 175-T1 - Sysmatec\",\"isPartOf\":{\"@id\":\"https:\\\/\\\/sysmatec.ch\\\/de\\\/#website\"},\"primaryImageOfPage\":{\"@id\":\"https:\\\/\\\/sysmatec.ch\\\/de\\\/produit\\\/temperatur-datalogger-testo-175-t1\\\/#primaryimage\"},\"image\":{\"@id\":\"https:\\\/\\\/sysmatec.ch\\\/de\\\/produit\\\/temperatur-datalogger-testo-175-t1\\\/#primaryimage\"},\"thumbnailUrl\":\"https:\\\/\\\/sysmatec.ch\\\/wp-content\\\/uploads\\\/2019\\\/02\\\/Enregistreur_Testo175T1.jpg\",\"datePublished\":\"2019-02-19T17:07:16+00:00\",\"dateModified\":\"2022-02-25T20:16:18+00:00\",\"description\":\"Temperaturschreiber f\u00fcr eine interne Sonde. Gro\u00dfer Speicher f\u00fcr 1.000.000 Daten. Messbereich von -35 bis +55\u00b0C.\",\"breadcrumb\":{\"@id\":\"https:\\\/\\\/sysmatec.ch\\\/de\\\/produit\\\/temperatur-datalogger-testo-175-t1\\\/#breadcrumb\"},\"inLanguage\":\"de\",\"potentialAction\":[{\"@type\":\"ReadAction\",\"target\":[\"https:\\\/\\\/sysmatec.ch\\\/de\\\/produit\\\/temperatur-datalogger-testo-175-t1\\\/\"]}]},{\"@type\":\"ImageObject\",\"inLanguage\":\"de\",\"@id\":\"https:\\\/\\\/sysmatec.ch\\\/de\\\/produit\\\/temperatur-datalogger-testo-175-t1\\\/#primaryimage\",\"url\":\"https:\\\/\\\/sysmatec.ch\\\/wp-content\\\/uploads\\\/2019\\\/02\\\/Enregistreur_Testo175T1.jpg\",\"contentUrl\":\"https:\\\/\\\/sysmatec.ch\\\/wp-content\\\/uploads\\\/2019\\\/02\\\/Enregistreur_Testo175T1.jpg\",\"width\":149,\"height\":180},{\"@type\":\"BreadcrumbList\",\"@id\":\"https:\\\/\\\/sysmatec.ch\\\/de\\\/produit\\\/temperatur-datalogger-testo-175-t1\\\/#breadcrumb\",\"itemListElement\":[{\"@type\":\"ListItem\",\"position\":1,\"name\":\"Accueil\",\"item\":\"https:\\\/\\\/sysmatec.ch\\\/de\\\/\"},{\"@type\":\"ListItem\",\"position\":2,\"name\":\"Die Aktivit\u00e4t von Sysmatec\",\"item\":\"https:\\\/\\\/sysmatec.ch\\\/de\\\/\"},{\"@type\":\"ListItem\",\"position\":3,\"name\":\"Temperatur Datalogger Testo 175-T1\"}]},{\"@type\":\"WebSite\",\"@id\":\"https:\\\/\\\/sysmatec.ch\\\/de\\\/#website\",\"url\":\"https:\\\/\\\/sysmatec.ch\\\/de\\\/\",\"name\":\"Sysmatec\",\"description\":\"Equipement de laboratoire et logiciels\",\"publisher\":{\"@id\":\"https:\\\/\\\/sysmatec.ch\\\/de\\\/#organization\"},\"potentialAction\":[{\"@type\":\"SearchAction\",\"target\":{\"@type\":\"EntryPoint\",\"urlTemplate\":\"https:\\\/\\\/sysmatec.ch\\\/de\\\/?s={search_term_string}\"},\"query-input\":{\"@type\":\"PropertyValueSpecification\",\"valueRequired\":true,\"valueName\":\"search_term_string\"}}],\"inLanguage\":\"de\"},{\"@type\":\"Organization\",\"@id\":\"https:\\\/\\\/sysmatec.ch\\\/de\\\/#organization\",\"name\":\"Sysmatec\",\"url\":\"https:\\\/\\\/sysmatec.ch\\\/de\\\/\",\"logo\":{\"@type\":\"ImageObject\",\"inLanguage\":\"de\",\"@id\":\"https:\\\/\\\/sysmatec.ch\\\/de\\\/#\\\/schema\\\/logo\\\/image\\\/\",\"url\":\"https:\\\/\\\/sysmatec.ch\\\/wp-content\\\/uploads\\\/2018\\\/11\\\/LogoSysmatec.jpg\",\"contentUrl\":\"https:\\\/\\\/sysmatec.ch\\\/wp-content\\\/uploads\\\/2018\\\/11\\\/LogoSysmatec.jpg\",\"width\":301,\"height\":297,\"caption\":\"Sysmatec\"},\"image\":{\"@id\":\"https:\\\/\\\/sysmatec.ch\\\/de\\\/#\\\/schema\\\/logo\\\/image\\\/\"}}]}<\/script>\n<!-- \/ Yoast SEO plugin. -->","yoast_head_json":{"title":"Temperatur Datalogger Testo 175-T1 - Sysmatec","description":"Temperaturschreiber f\u00fcr eine interne Sonde. Gro\u00dfer Speicher f\u00fcr 1.000.000 Daten. Messbereich von -35 bis +55\u00b0C.","robots":{"index":"index","follow":"follow","max-snippet":"max-snippet:-1","max-image-preview":"max-image-preview:large","max-video-preview":"max-video-preview:-1"},"canonical":"https:\/\/sysmatec.ch\/de\/produit\/temperatur-datalogger-testo-175-t1\/","og_locale":"de_DE","og_type":"article","og_title":"Temperatur Datalogger Testo 175-T1 - Sysmatec","og_description":"Temperaturschreiber f\u00fcr eine interne Sonde. Gro\u00dfer Speicher f\u00fcr 1.000.000 Daten. Messbereich von -35 bis +55\u00b0C.","og_url":"https:\/\/sysmatec.ch\/de\/produit\/temperatur-datalogger-testo-175-t1\/","og_site_name":"Sysmatec","article_modified_time":"2022-02-25T20:16:18+00:00","og_image":[{"width":149,"height":180,"url":"https:\/\/sysmatec.ch\/wp-content\/uploads\/2019\/02\/Enregistreur_Testo175T1.jpg","type":"image\/jpeg"}],"twitter_card":"summary_large_image","twitter_misc":{"Gesch\u00e4tzte Lesezeit":"1\u00a0Minute"},"schema":{"@context":"https:\/\/schema.org","@graph":[{"@type":"WebPage","@id":"https:\/\/sysmatec.ch\/de\/produit\/temperatur-datalogger-testo-175-t1\/","url":"https:\/\/sysmatec.ch\/de\/produit\/temperatur-datalogger-testo-175-t1\/","name":"Temperatur Datalogger Testo 175-T1 - Sysmatec","isPartOf":{"@id":"https:\/\/sysmatec.ch\/de\/#website"},"primaryImageOfPage":{"@id":"https:\/\/sysmatec.ch\/de\/produit\/temperatur-datalogger-testo-175-t1\/#primaryimage"},"image":{"@id":"https:\/\/sysmatec.ch\/de\/produit\/temperatur-datalogger-testo-175-t1\/#primaryimage"},"thumbnailUrl":"https:\/\/sysmatec.ch\/wp-content\/uploads\/2019\/02\/Enregistreur_Testo175T1.jpg","datePublished":"2019-02-19T17:07:16+00:00","dateModified":"2022-02-25T20:16:18+00:00","description":"Temperaturschreiber f\u00fcr eine interne Sonde. Gro\u00dfer Speicher f\u00fcr 1.000.000 Daten. Messbereich von -35 bis +55\u00b0C.","breadcrumb":{"@id":"https:\/\/sysmatec.ch\/de\/produit\/temperatur-datalogger-testo-175-t1\/#breadcrumb"},"inLanguage":"de","potentialAction":[{"@type":"ReadAction","target":["https:\/\/sysmatec.ch\/de\/produit\/temperatur-datalogger-testo-175-t1\/"]}]},{"@type":"ImageObject","inLanguage":"de","@id":"https:\/\/sysmatec.ch\/de\/produit\/temperatur-datalogger-testo-175-t1\/#primaryimage","url":"https:\/\/sysmatec.ch\/wp-content\/uploads\/2019\/02\/Enregistreur_Testo175T1.jpg","contentUrl":"https:\/\/sysmatec.ch\/wp-content\/uploads\/2019\/02\/Enregistreur_Testo175T1.jpg","width":149,"height":180},{"@type":"BreadcrumbList","@id":"https:\/\/sysmatec.ch\/de\/produit\/temperatur-datalogger-testo-175-t1\/#breadcrumb","itemListElement":[{"@type":"ListItem","position":1,"name":"Accueil","item":"https:\/\/sysmatec.ch\/de\/"},{"@type":"ListItem","position":2,"name":"Die Aktivit\u00e4t von Sysmatec","item":"https:\/\/sysmatec.ch\/de\/"},{"@type":"ListItem","position":3,"name":"Temperatur Datalogger Testo 175-T1"}]},{"@type":"WebSite","@id":"https:\/\/sysmatec.ch\/de\/#website","url":"https:\/\/sysmatec.ch\/de\/","name":"Sysmatec","description":"Equipement de laboratoire et logiciels","publisher":{"@id":"https:\/\/sysmatec.ch\/de\/#organization"},"potentialAction":[{"@type":"SearchAction","target":{"@type":"EntryPoint","urlTemplate":"https:\/\/sysmatec.ch\/de\/?s={search_term_string}"},"query-input":{"@type":"PropertyValueSpecification","valueRequired":true,"valueName":"search_term_string"}}],"inLanguage":"de"},{"@type":"Organization","@id":"https:\/\/sysmatec.ch\/de\/#organization","name":"Sysmatec","url":"https:\/\/sysmatec.ch\/de\/","logo":{"@type":"ImageObject","inLanguage":"de","@id":"https:\/\/sysmatec.ch\/de\/#\/schema\/logo\/image\/","url":"https:\/\/sysmatec.ch\/wp-content\/uploads\/2018\/11\/LogoSysmatec.jpg","contentUrl":"https:\/\/sysmatec.ch\/wp-content\/uploads\/2018\/11\/LogoSysmatec.jpg","width":301,"height":297,"caption":"Sysmatec"},"image":{"@id":"https:\/\/sysmatec.ch\/de\/#\/schema\/logo\/image\/"}}]}},"_links":{"self":[{"href":"https:\/\/sysmatec.ch\/de\/wp-json\/wp\/v2\/product\/3354","targetHints":{"allow":["GET"]}}],"collection":[{"href":"https:\/\/sysmatec.ch\/de\/wp-json\/wp\/v2\/product"}],"about":[{"href":"https:\/\/sysmatec.ch\/de\/wp-json\/wp\/v2\/types\/product"}],"wp:featuredmedia":[{"embeddable":true,"href":"https:\/\/sysmatec.ch\/de\/wp-json\/wp\/v2\/media\/3352"}],"wp:attachment":[{"href":"https:\/\/sysmatec.ch\/de\/wp-json\/wp\/v2\/media?parent=3354"}],"wp:term":[{"taxonomy":"product_brand","embeddable":true,"href":"https:\/\/sysmatec.ch\/de\/wp-json\/wp\/v2\/product_brand?post=3354"},{"taxonomy":"product_cat","embeddable":true,"href":"https:\/\/sysmatec.ch\/de\/wp-json\/wp\/v2\/product_cat?post=3354"},{"taxonomy":"product_tag","embeddable":true,"href":"https:\/\/sysmatec.ch\/de\/wp-json\/wp\/v2\/product_tag?post=3354"}],"curies":[{"name":"wp","href":"https:\/\/api.w.org\/{rel}","templated":true}]}}