{"id":3282,"date":"2019-02-17T18:55:12","date_gmt":"2019-02-17T17:55:12","guid":{"rendered":"https:\/\/sysmatec.ch\/produit\/hand-grip-dynamometer-map\/"},"modified":"2022-02-26T13:12:34","modified_gmt":"2022-02-26T12:12:34","slug":"handkraftmesser-map","status":"publish","type":"product","link":"https:\/\/sysmatec.ch\/de\/Produkt\/handkraftmesser-map\/","title":{"rendered":"Handkraftmesser MAP"},"content":{"rendered":"<ul>\n<li type=\"disc\">Besonders geeignet f\u00fcr den Einsatz in Rehabilitationszentren<\/li>\n<li type=\"disc\">Echtzeit-Modus: zeigt direkt die aktuelle Kraft an<\/li>\n<li type=\"disc\">Spitzenwert-Modus: zeigt die Maximalkraft eines Handgriffs an<\/li>\n<li type=\"disc\">Durchschnitts-Modus: Errechnet die durchschnittliche Kraft aus zwei Handgriffen<\/li>\n<li type=\"disc\">Z\u00e4hl-Modus: z\u00e4hlt die Anzahl der Pressvorg\u00e4nge, die eine zuvor definierte Grenzkraft \u00fcbersteigt<\/li>\n<li type=\"disc\">Im Rahmen eines Rehabilitations-Programms erlaubt dies dem medizinischen Personal den Fitness-Zustand der Hand des Patienten zu pr\u00fcfen und kontrolliert zu trainieren<\/li>\n<li type=\"disc\">Sichere und komfortable Handhabung durch rutschsichere Gummi-Griffe<\/li>\n<li type=\"disc\">Einheitenumschaltung von kg auf lb m\u00f6glich<\/li>\n<li type=\"disc\">Auswechselbare Federn erm\u00f6glichen schnelles \u00c4ndern der Kapaziti\u00e4t (Zus\u00e4tzliche Feders\u00e4tze f\u00fcr 20 kg und 40 kg sind im Lieferumfang enthalten)<\/li>\n<li type=\"disc\">Durch die unterschiedlichen H\u00e4rtegrade der einzelnen Federn ist der Handkraftmesser universell bei den verschiedensten Patientengruppen einsetzbar, wie z. B. bei Kindern, Senioren oder in der Sportmedizin<\/li>\n<li type=\"disc\">Stabiler Koffer zum sicheren und einfachen Transport sowie zur Aufbewahrung der zus\u00e4tzlichen Feders\u00e4tze, serienm\u00e4\u00dfig, B\u00d7T\u00d7H 350x265x85 mm<\/li>\n<\/ul>\n<table border=\"1\" width=\"437\" cellspacing=\"0\" cellpadding=\"2\">\n<tbody>\n<tr>\n<td>Modell<\/td>\n<td width=\"10%\">Ablesbarkeit<\/td>\n<td width=\"10%\">W\u00e4gebereich<\/td>\n<\/tr>\n<tr>\n<td>MAP80K1S<\/td>\n<td width=\"10%\">kg<\/td>\n<td width=\"10%\">kg<\/td>\n<\/tr>\n<tr>\n<td>MAP80K1<\/td>\n<td width=\"10%\">0.1<\/td>\n<td width=\"10%\">80<\/td>\n<\/tr>\n<tr>\n<td>MAP130K1<\/td>\n<td width=\"10%\">0.1<\/td>\n<td width=\"10%\">80<\/td>\n<\/tr>\n<\/tbody>\n<\/table>\n","protected":false},"excerpt":{"rendered":"<p><span class=\"VIiyi\" lang=\"de\"><span class=\"JLqJ4b ChMk0b\" data-language-for-alternatives=\"de\" data-language-to-translate-into=\"fr\" data-phrase-index=\"0\">Dynamometer mit Griff, der zur Rehabilitation nach Unf\u00e4llen verwendet werden kann, um die St\u00e4rke der Hand zu messen.<\/span> <span class=\"JLqJ4b ChMk0b\" data-language-for-alternatives=\"de\" data-language-to-translate-into=\"fr\" data-phrase-index=\"1\">Verschiedene Betriebsarten.<\/span> MAP80K1S ist eine kleine<span class=\"JLqJ4b ChMk0b\" data-language-for-alternatives=\"de\" data-language-to-translate-into=\"fr\" data-phrase-index=\"2\">\u00a0Version f\u00fcr Kinder.<\/span><\/span><\/p>\n","protected":false},"featured_media":25102,"template":"","meta":{"_crdt_document":""},"product_brand":[],"product_cat":[165,330],"product_tag":[],"class_list":{"0":"post-3282","1":"product","2":"type-product","3":"status-publish","4":"has-post-thumbnail","6":"product_cat-gewicht","7":"product_cat-medizinisch","9":"first","10":"instock","11":"taxable","12":"shipping-taxable","13":"purchasable","14":"product-type-variable"},"yoast_head":"<!-- This site is optimized with the Yoast SEO plugin v27.4 - https:\/\/yoast.com\/product\/yoast-seo-wordpress\/ -->\n<title>Handkraftmesser MAP - Sysmatec<\/title>\n<meta name=\"description\" content=\"Griffdynamometer zur Messung der Schlie\u00dfkraft der Hand. Messbereich von 0 bis 80 kg. Geeignet f\u00fcr Rehabilitationszentren.\" \/>\n<meta name=\"robots\" content=\"index, follow, max-snippet:-1, max-image-preview:large, max-video-preview:-1\" \/>\n<link rel=\"canonical\" href=\"https:\/\/sysmatec.ch\/de\/produit\/handkraftmesser-map\/\" \/>\n<meta property=\"og:locale\" content=\"de_DE\" \/>\n<meta property=\"og:type\" content=\"article\" \/>\n<meta property=\"og:title\" content=\"Handkraftmesser MAP - Sysmatec\" \/>\n<meta property=\"og:description\" content=\"Griffdynamometer zur Messung der Schlie\u00dfkraft der Hand. Messbereich von 0 bis 80 kg. Geeignet f\u00fcr Rehabilitationszentren.\" \/>\n<meta property=\"og:url\" content=\"https:\/\/sysmatec.ch\/de\/produit\/handkraftmesser-map\/\" \/>\n<meta property=\"og:site_name\" content=\"Sysmatec\" \/>\n<meta property=\"article:modified_time\" content=\"2022-02-26T12:12:34+00:00\" \/>\n<meta property=\"og:image\" content=\"https:\/\/sysmatec.ch\/wp-content\/uploads\/2019\/02\/Balance_MAP-80K1S-scaled.jpg\" \/>\n\t<meta property=\"og:image:width\" content=\"2560\" \/>\n\t<meta property=\"og:image:height\" content=\"2185\" \/>\n\t<meta property=\"og:image:type\" content=\"image\/jpeg\" \/>\n<meta name=\"twitter:card\" content=\"summary_large_image\" \/>\n<meta name=\"twitter:label1\" content=\"Gesch\u00e4tzte Lesezeit\" \/>\n\t<meta name=\"twitter:data1\" content=\"1\u00a0Minute\" \/>\n<script type=\"application\/ld+json\" class=\"yoast-schema-graph\">{\"@context\":\"https:\\\/\\\/schema.org\",\"@graph\":[{\"@type\":\"WebPage\",\"@id\":\"https:\\\/\\\/sysmatec.ch\\\/de\\\/produit\\\/handkraftmesser-map\\\/\",\"url\":\"https:\\\/\\\/sysmatec.ch\\\/de\\\/produit\\\/handkraftmesser-map\\\/\",\"name\":\"Handkraftmesser MAP - Sysmatec\",\"isPartOf\":{\"@id\":\"https:\\\/\\\/sysmatec.ch\\\/de\\\/#website\"},\"primaryImageOfPage\":{\"@id\":\"https:\\\/\\\/sysmatec.ch\\\/de\\\/produit\\\/handkraftmesser-map\\\/#primaryimage\"},\"image\":{\"@id\":\"https:\\\/\\\/sysmatec.ch\\\/de\\\/produit\\\/handkraftmesser-map\\\/#primaryimage\"},\"thumbnailUrl\":\"https:\\\/\\\/sysmatec.ch\\\/wp-content\\\/uploads\\\/2019\\\/02\\\/Balance_MAP-80K1S-scaled.jpg\",\"datePublished\":\"2019-02-17T17:55:12+00:00\",\"dateModified\":\"2022-02-26T12:12:34+00:00\",\"description\":\"Griffdynamometer zur Messung der Schlie\u00dfkraft der Hand. Messbereich von 0 bis 80 kg. Geeignet f\u00fcr Rehabilitationszentren.\",\"breadcrumb\":{\"@id\":\"https:\\\/\\\/sysmatec.ch\\\/de\\\/produit\\\/handkraftmesser-map\\\/#breadcrumb\"},\"inLanguage\":\"de\",\"potentialAction\":[{\"@type\":\"ReadAction\",\"target\":[\"https:\\\/\\\/sysmatec.ch\\\/de\\\/produit\\\/handkraftmesser-map\\\/\"]}]},{\"@type\":\"ImageObject\",\"inLanguage\":\"de\",\"@id\":\"https:\\\/\\\/sysmatec.ch\\\/de\\\/produit\\\/handkraftmesser-map\\\/#primaryimage\",\"url\":\"https:\\\/\\\/sysmatec.ch\\\/wp-content\\\/uploads\\\/2019\\\/02\\\/Balance_MAP-80K1S-scaled.jpg\",\"contentUrl\":\"https:\\\/\\\/sysmatec.ch\\\/wp-content\\\/uploads\\\/2019\\\/02\\\/Balance_MAP-80K1S-scaled.jpg\",\"width\":2560,\"height\":2185},{\"@type\":\"BreadcrumbList\",\"@id\":\"https:\\\/\\\/sysmatec.ch\\\/de\\\/produit\\\/handkraftmesser-map\\\/#breadcrumb\",\"itemListElement\":[{\"@type\":\"ListItem\",\"position\":1,\"name\":\"Accueil\",\"item\":\"https:\\\/\\\/sysmatec.ch\\\/de\\\/\"},{\"@type\":\"ListItem\",\"position\":2,\"name\":\"Die Aktivit\u00e4t von Sysmatec\",\"item\":\"https:\\\/\\\/sysmatec.ch\\\/de\\\/\"},{\"@type\":\"ListItem\",\"position\":3,\"name\":\"Handkraftmesser MAP\"}]},{\"@type\":\"WebSite\",\"@id\":\"https:\\\/\\\/sysmatec.ch\\\/de\\\/#website\",\"url\":\"https:\\\/\\\/sysmatec.ch\\\/de\\\/\",\"name\":\"Sysmatec\",\"description\":\"Equipement de laboratoire et logiciels\",\"publisher\":{\"@id\":\"https:\\\/\\\/sysmatec.ch\\\/de\\\/#organization\"},\"potentialAction\":[{\"@type\":\"SearchAction\",\"target\":{\"@type\":\"EntryPoint\",\"urlTemplate\":\"https:\\\/\\\/sysmatec.ch\\\/de\\\/?s={search_term_string}\"},\"query-input\":{\"@type\":\"PropertyValueSpecification\",\"valueRequired\":true,\"valueName\":\"search_term_string\"}}],\"inLanguage\":\"de\"},{\"@type\":\"Organization\",\"@id\":\"https:\\\/\\\/sysmatec.ch\\\/de\\\/#organization\",\"name\":\"Sysmatec\",\"url\":\"https:\\\/\\\/sysmatec.ch\\\/de\\\/\",\"logo\":{\"@type\":\"ImageObject\",\"inLanguage\":\"de\",\"@id\":\"https:\\\/\\\/sysmatec.ch\\\/de\\\/#\\\/schema\\\/logo\\\/image\\\/\",\"url\":\"https:\\\/\\\/sysmatec.ch\\\/wp-content\\\/uploads\\\/2018\\\/11\\\/LogoSysmatec.jpg\",\"contentUrl\":\"https:\\\/\\\/sysmatec.ch\\\/wp-content\\\/uploads\\\/2018\\\/11\\\/LogoSysmatec.jpg\",\"width\":301,\"height\":297,\"caption\":\"Sysmatec\"},\"image\":{\"@id\":\"https:\\\/\\\/sysmatec.ch\\\/de\\\/#\\\/schema\\\/logo\\\/image\\\/\"}}]}<\/script>\n<!-- \/ Yoast SEO plugin. -->","yoast_head_json":{"title":"Handkraftmesser MAP - Sysmatec","description":"Griffdynamometer zur Messung der Schlie\u00dfkraft der Hand. Messbereich von 0 bis 80 kg. Geeignet f\u00fcr Rehabilitationszentren.","robots":{"index":"index","follow":"follow","max-snippet":"max-snippet:-1","max-image-preview":"max-image-preview:large","max-video-preview":"max-video-preview:-1"},"canonical":"https:\/\/sysmatec.ch\/de\/produit\/handkraftmesser-map\/","og_locale":"de_DE","og_type":"article","og_title":"Handkraftmesser MAP - Sysmatec","og_description":"Griffdynamometer zur Messung der Schlie\u00dfkraft der Hand. Messbereich von 0 bis 80 kg. Geeignet f\u00fcr Rehabilitationszentren.","og_url":"https:\/\/sysmatec.ch\/de\/produit\/handkraftmesser-map\/","og_site_name":"Sysmatec","article_modified_time":"2022-02-26T12:12:34+00:00","og_image":[{"width":2560,"height":2185,"url":"https:\/\/sysmatec.ch\/wp-content\/uploads\/2019\/02\/Balance_MAP-80K1S-scaled.jpg","type":"image\/jpeg"}],"twitter_card":"summary_large_image","twitter_misc":{"Gesch\u00e4tzte Lesezeit":"1\u00a0Minute"},"schema":{"@context":"https:\/\/schema.org","@graph":[{"@type":"WebPage","@id":"https:\/\/sysmatec.ch\/de\/produit\/handkraftmesser-map\/","url":"https:\/\/sysmatec.ch\/de\/produit\/handkraftmesser-map\/","name":"Handkraftmesser MAP - Sysmatec","isPartOf":{"@id":"https:\/\/sysmatec.ch\/de\/#website"},"primaryImageOfPage":{"@id":"https:\/\/sysmatec.ch\/de\/produit\/handkraftmesser-map\/#primaryimage"},"image":{"@id":"https:\/\/sysmatec.ch\/de\/produit\/handkraftmesser-map\/#primaryimage"},"thumbnailUrl":"https:\/\/sysmatec.ch\/wp-content\/uploads\/2019\/02\/Balance_MAP-80K1S-scaled.jpg","datePublished":"2019-02-17T17:55:12+00:00","dateModified":"2022-02-26T12:12:34+00:00","description":"Griffdynamometer zur Messung der Schlie\u00dfkraft der Hand. Messbereich von 0 bis 80 kg. Geeignet f\u00fcr Rehabilitationszentren.","breadcrumb":{"@id":"https:\/\/sysmatec.ch\/de\/produit\/handkraftmesser-map\/#breadcrumb"},"inLanguage":"de","potentialAction":[{"@type":"ReadAction","target":["https:\/\/sysmatec.ch\/de\/produit\/handkraftmesser-map\/"]}]},{"@type":"ImageObject","inLanguage":"de","@id":"https:\/\/sysmatec.ch\/de\/produit\/handkraftmesser-map\/#primaryimage","url":"https:\/\/sysmatec.ch\/wp-content\/uploads\/2019\/02\/Balance_MAP-80K1S-scaled.jpg","contentUrl":"https:\/\/sysmatec.ch\/wp-content\/uploads\/2019\/02\/Balance_MAP-80K1S-scaled.jpg","width":2560,"height":2185},{"@type":"BreadcrumbList","@id":"https:\/\/sysmatec.ch\/de\/produit\/handkraftmesser-map\/#breadcrumb","itemListElement":[{"@type":"ListItem","position":1,"name":"Accueil","item":"https:\/\/sysmatec.ch\/de\/"},{"@type":"ListItem","position":2,"name":"Die Aktivit\u00e4t von Sysmatec","item":"https:\/\/sysmatec.ch\/de\/"},{"@type":"ListItem","position":3,"name":"Handkraftmesser MAP"}]},{"@type":"WebSite","@id":"https:\/\/sysmatec.ch\/de\/#website","url":"https:\/\/sysmatec.ch\/de\/","name":"Sysmatec","description":"Equipement de laboratoire et logiciels","publisher":{"@id":"https:\/\/sysmatec.ch\/de\/#organization"},"potentialAction":[{"@type":"SearchAction","target":{"@type":"EntryPoint","urlTemplate":"https:\/\/sysmatec.ch\/de\/?s={search_term_string}"},"query-input":{"@type":"PropertyValueSpecification","valueRequired":true,"valueName":"search_term_string"}}],"inLanguage":"de"},{"@type":"Organization","@id":"https:\/\/sysmatec.ch\/de\/#organization","name":"Sysmatec","url":"https:\/\/sysmatec.ch\/de\/","logo":{"@type":"ImageObject","inLanguage":"de","@id":"https:\/\/sysmatec.ch\/de\/#\/schema\/logo\/image\/","url":"https:\/\/sysmatec.ch\/wp-content\/uploads\/2018\/11\/LogoSysmatec.jpg","contentUrl":"https:\/\/sysmatec.ch\/wp-content\/uploads\/2018\/11\/LogoSysmatec.jpg","width":301,"height":297,"caption":"Sysmatec"},"image":{"@id":"https:\/\/sysmatec.ch\/de\/#\/schema\/logo\/image\/"}}]}},"_links":{"self":[{"href":"https:\/\/sysmatec.ch\/de\/wp-json\/wp\/v2\/product\/3282","targetHints":{"allow":["GET"]}}],"collection":[{"href":"https:\/\/sysmatec.ch\/de\/wp-json\/wp\/v2\/product"}],"about":[{"href":"https:\/\/sysmatec.ch\/de\/wp-json\/wp\/v2\/types\/product"}],"wp:featuredmedia":[{"embeddable":true,"href":"https:\/\/sysmatec.ch\/de\/wp-json\/wp\/v2\/media\/25102"}],"wp:attachment":[{"href":"https:\/\/sysmatec.ch\/de\/wp-json\/wp\/v2\/media?parent=3282"}],"wp:term":[{"taxonomy":"product_brand","embeddable":true,"href":"https:\/\/sysmatec.ch\/de\/wp-json\/wp\/v2\/product_brand?post=3282"},{"taxonomy":"product_cat","embeddable":true,"href":"https:\/\/sysmatec.ch\/de\/wp-json\/wp\/v2\/product_cat?post=3282"},{"taxonomy":"product_tag","embeddable":true,"href":"https:\/\/sysmatec.ch\/de\/wp-json\/wp\/v2\/product_tag?post=3282"}],"curies":[{"name":"wp","href":"https:\/\/api.w.org\/{rel}","templated":true}]}}