{"id":3260,"date":"2019-02-17T18:36:06","date_gmt":"2019-02-17T17:36:06","guid":{"rendered":"https:\/\/sysmatec.ch\/produit\/kern-mcb-chair-scale\/"},"modified":"2022-02-26T14:16:16","modified_gmt":"2022-02-26T13:16:16","slug":"kern-mcb-rollstuhlwaage","status":"publish","type":"product","link":"https:\/\/sysmatec.ch\/de\/Produkt\/kern-mcb-rollstuhlwaage\/","title":{"rendered":"KERN MCB Rollstuhlwaage"},"content":{"rendered":"<ul>\n<li>Eichklasse III (Eichung optional)<\/li>\n<li>Medizinzulassung nach 93\/42\/EWG<\/li>\n<li>Fahrbare Ausf\u00fchrung mit Feststellbremsen an allen R\u00e4dern<\/li>\n<li>Hold-Funktion: bei W\u00e4gestillstand wird die Gewichtsanzeige automatisch bis zur Bet\u00e4tigung der HOLD-Taste &#8218;eingefroren&#8216;<\/li>\n<li>BMI-Funktion zur Ermittlung von Normalgewicht\/\u00dcbergewicht<\/li>\n<li>Diese Stuhlwaage ist das ideale Messinstrument f\u00fcr Altenheime, Reha-Zentren und Kliniken mit hohem Patientenaufkommen, einschlie\u00dflich Wiegungen im adip\u00f6sen Bereich bis 300 kg<\/li>\n<li>Durch ihre vier R\u00e4der und das geringe Eigengewicht gew\u00e4hrleistet diese Stuhlwaage ein H\u00f6chstma\u00df an Mobilit\u00e4t im Verbringen zum Patienten. Dadurch wird eine h\u00f6here Zeiteffizienz des Klinikpersonals sowie eine verbesserte Sicherheit der Patienten erreicht, die in ihrem gewohnten Umfeld gewogen werden k\u00f6nnen.<\/li>\n<li>F\u00fcr gebrechliche Patienten bietet die bequeme Stuhlform sicheren Halt w\u00e4hrend der Wiegung<\/li>\n<li>Diese Stuhlwaage ist nach Industrieanforderungen entwickelt, was eine hohe Langzeitstabilit\u00e4t gew\u00e4hrleistet<\/li>\n<li>Umklappbare Armlehnen erleichtern das Platznehmen. Ideal f\u00fcr \u00fcbergewichtige Patienten oder zum barrierefreien Umsetzen bspw. vom Bett auf die Stuhlwaage<\/li>\n<li>In der EU ist bei Waagen mit Zweckbestimmung als Medizinprodukt die Eichung gesetzlich vorgeschrieben.<\/li>\n<\/ul>\n<table border=\"1\" width=\"437\" cellspacing=\"0\" cellpadding=\"2\">\n<tbody>\n<tr>\n<td>Waage Modell<\/td>\n<td width=\"10%\">Ablesbarkeit<\/td>\n<td width=\"10%\">W\u00e4gebereich<\/td>\n<\/tr>\n<tr>\n<td><\/td>\n<td width=\"10%\">kg<\/td>\n<td width=\"10%\">kg<\/td>\n<\/tr>\n<tr>\n<td>MCB 300K100M<\/td>\n<td width=\"10%\">0.1<\/td>\n<td width=\"10%\">300<\/td>\n<\/tr>\n<\/tbody>\n<\/table>\n","protected":false},"excerpt":{"rendered":"<p>Stuhlwaage mit Eich- und Medizinzulassung f\u00fcr den professionellen Einsatz in der medizinischen Diagnostik. Medizinzulassung nach 93\/42\/EWG. BMI-Funktion zur Ermittlung von Untergewicht \/ Normalgewicht \/ \u00dcbergewicht<\/p>\n","protected":false},"featured_media":3258,"template":"","meta":{"_crdt_document":""},"product_brand":[],"product_cat":[165,330],"product_tag":[],"class_list":{"0":"post-3260","1":"product","2":"type-product","3":"status-publish","4":"has-post-thumbnail","6":"product_cat-gewicht","7":"product_cat-medizinisch","9":"first","10":"instock","11":"taxable","12":"shipping-taxable","13":"purchasable","14":"product-type-simple"},"yoast_head":"<!-- This site is optimized with the Yoast SEO plugin v27.3 - https:\/\/yoast.com\/product\/yoast-seo-wordpress\/ -->\n<title>KERN MCB Rollstuhlwaage - Sysmatec<\/title>\n<meta name=\"description\" content=\"Rollstuhlwaage mit medizinischer Zulassung 93\/42\/EWG. Gewichtsbereich von 0 bis 300 kg. BMI-Funktion.\" \/>\n<meta name=\"robots\" content=\"index, follow, max-snippet:-1, max-image-preview:large, max-video-preview:-1\" \/>\n<link rel=\"canonical\" href=\"https:\/\/sysmatec.ch\/de\/produit\/kern-mcb-rollstuhlwaage\/\" \/>\n<meta property=\"og:locale\" content=\"de_DE\" \/>\n<meta property=\"og:type\" content=\"article\" \/>\n<meta property=\"og:title\" content=\"KERN MCB Rollstuhlwaage - Sysmatec\" \/>\n<meta property=\"og:description\" content=\"Rollstuhlwaage mit medizinischer Zulassung 93\/42\/EWG. Gewichtsbereich von 0 bis 300 kg. BMI-Funktion.\" \/>\n<meta property=\"og:url\" content=\"https:\/\/sysmatec.ch\/de\/produit\/kern-mcb-rollstuhlwaage\/\" \/>\n<meta property=\"og:site_name\" content=\"Sysmatec\" \/>\n<meta property=\"article:modified_time\" content=\"2022-02-26T13:16:16+00:00\" \/>\n<meta property=\"og:image\" content=\"https:\/\/sysmatec.ch\/wp-content\/uploads\/2019\/02\/Balance_KernMCB.jpg\" \/>\n\t<meta property=\"og:image:width\" content=\"180\" \/>\n\t<meta property=\"og:image:height\" content=\"220\" \/>\n\t<meta property=\"og:image:type\" content=\"image\/jpeg\" \/>\n<meta name=\"twitter:card\" content=\"summary_large_image\" \/>\n<meta name=\"twitter:label1\" content=\"Gesch\u00e4tzte Lesezeit\" \/>\n\t<meta name=\"twitter:data1\" content=\"1\u00a0Minute\" \/>\n<script type=\"application\/ld+json\" class=\"yoast-schema-graph\">{\"@context\":\"https:\\\/\\\/schema.org\",\"@graph\":[{\"@type\":\"WebPage\",\"@id\":\"https:\\\/\\\/sysmatec.ch\\\/de\\\/produit\\\/kern-mcb-rollstuhlwaage\\\/\",\"url\":\"https:\\\/\\\/sysmatec.ch\\\/de\\\/produit\\\/kern-mcb-rollstuhlwaage\\\/\",\"name\":\"KERN MCB Rollstuhlwaage - Sysmatec\",\"isPartOf\":{\"@id\":\"https:\\\/\\\/sysmatec.ch\\\/de\\\/#website\"},\"primaryImageOfPage\":{\"@id\":\"https:\\\/\\\/sysmatec.ch\\\/de\\\/produit\\\/kern-mcb-rollstuhlwaage\\\/#primaryimage\"},\"image\":{\"@id\":\"https:\\\/\\\/sysmatec.ch\\\/de\\\/produit\\\/kern-mcb-rollstuhlwaage\\\/#primaryimage\"},\"thumbnailUrl\":\"https:\\\/\\\/sysmatec.ch\\\/wp-content\\\/uploads\\\/2019\\\/02\\\/Balance_KernMCB.jpg\",\"datePublished\":\"2019-02-17T17:36:06+00:00\",\"dateModified\":\"2022-02-26T13:16:16+00:00\",\"description\":\"Rollstuhlwaage mit medizinischer Zulassung 93\\\/42\\\/EWG. Gewichtsbereich von 0 bis 300 kg. BMI-Funktion.\",\"breadcrumb\":{\"@id\":\"https:\\\/\\\/sysmatec.ch\\\/de\\\/produit\\\/kern-mcb-rollstuhlwaage\\\/#breadcrumb\"},\"inLanguage\":\"de\",\"potentialAction\":[{\"@type\":\"ReadAction\",\"target\":[\"https:\\\/\\\/sysmatec.ch\\\/de\\\/produit\\\/kern-mcb-rollstuhlwaage\\\/\"]}]},{\"@type\":\"ImageObject\",\"inLanguage\":\"de\",\"@id\":\"https:\\\/\\\/sysmatec.ch\\\/de\\\/produit\\\/kern-mcb-rollstuhlwaage\\\/#primaryimage\",\"url\":\"https:\\\/\\\/sysmatec.ch\\\/wp-content\\\/uploads\\\/2019\\\/02\\\/Balance_KernMCB.jpg\",\"contentUrl\":\"https:\\\/\\\/sysmatec.ch\\\/wp-content\\\/uploads\\\/2019\\\/02\\\/Balance_KernMCB.jpg\",\"width\":180,\"height\":220},{\"@type\":\"BreadcrumbList\",\"@id\":\"https:\\\/\\\/sysmatec.ch\\\/de\\\/produit\\\/kern-mcb-rollstuhlwaage\\\/#breadcrumb\",\"itemListElement\":[{\"@type\":\"ListItem\",\"position\":1,\"name\":\"Accueil\",\"item\":\"https:\\\/\\\/sysmatec.ch\\\/de\\\/\"},{\"@type\":\"ListItem\",\"position\":2,\"name\":\"Die Aktivit\u00e4t von Sysmatec\",\"item\":\"https:\\\/\\\/sysmatec.ch\\\/de\\\/\"},{\"@type\":\"ListItem\",\"position\":3,\"name\":\"KERN MCB Rollstuhlwaage\"}]},{\"@type\":\"WebSite\",\"@id\":\"https:\\\/\\\/sysmatec.ch\\\/de\\\/#website\",\"url\":\"https:\\\/\\\/sysmatec.ch\\\/de\\\/\",\"name\":\"Sysmatec\",\"description\":\"Equipement de laboratoire et logiciels\",\"publisher\":{\"@id\":\"https:\\\/\\\/sysmatec.ch\\\/de\\\/#organization\"},\"potentialAction\":[{\"@type\":\"SearchAction\",\"target\":{\"@type\":\"EntryPoint\",\"urlTemplate\":\"https:\\\/\\\/sysmatec.ch\\\/de\\\/?s={search_term_string}\"},\"query-input\":{\"@type\":\"PropertyValueSpecification\",\"valueRequired\":true,\"valueName\":\"search_term_string\"}}],\"inLanguage\":\"de\"},{\"@type\":\"Organization\",\"@id\":\"https:\\\/\\\/sysmatec.ch\\\/de\\\/#organization\",\"name\":\"Sysmatec\",\"url\":\"https:\\\/\\\/sysmatec.ch\\\/de\\\/\",\"logo\":{\"@type\":\"ImageObject\",\"inLanguage\":\"de\",\"@id\":\"https:\\\/\\\/sysmatec.ch\\\/de\\\/#\\\/schema\\\/logo\\\/image\\\/\",\"url\":\"https:\\\/\\\/sysmatec.ch\\\/wp-content\\\/uploads\\\/2018\\\/11\\\/LogoSysmatec.jpg\",\"contentUrl\":\"https:\\\/\\\/sysmatec.ch\\\/wp-content\\\/uploads\\\/2018\\\/11\\\/LogoSysmatec.jpg\",\"width\":301,\"height\":297,\"caption\":\"Sysmatec\"},\"image\":{\"@id\":\"https:\\\/\\\/sysmatec.ch\\\/de\\\/#\\\/schema\\\/logo\\\/image\\\/\"}}]}<\/script>\n<!-- \/ Yoast SEO plugin. -->","yoast_head_json":{"title":"KERN MCB Rollstuhlwaage - Sysmatec","description":"Rollstuhlwaage mit medizinischer Zulassung 93\/42\/EWG. Gewichtsbereich von 0 bis 300 kg. BMI-Funktion.","robots":{"index":"index","follow":"follow","max-snippet":"max-snippet:-1","max-image-preview":"max-image-preview:large","max-video-preview":"max-video-preview:-1"},"canonical":"https:\/\/sysmatec.ch\/de\/produit\/kern-mcb-rollstuhlwaage\/","og_locale":"de_DE","og_type":"article","og_title":"KERN MCB Rollstuhlwaage - Sysmatec","og_description":"Rollstuhlwaage mit medizinischer Zulassung 93\/42\/EWG. Gewichtsbereich von 0 bis 300 kg. BMI-Funktion.","og_url":"https:\/\/sysmatec.ch\/de\/produit\/kern-mcb-rollstuhlwaage\/","og_site_name":"Sysmatec","article_modified_time":"2022-02-26T13:16:16+00:00","og_image":[{"width":180,"height":220,"url":"https:\/\/sysmatec.ch\/wp-content\/uploads\/2019\/02\/Balance_KernMCB.jpg","type":"image\/jpeg"}],"twitter_card":"summary_large_image","twitter_misc":{"Gesch\u00e4tzte Lesezeit":"1\u00a0Minute"},"schema":{"@context":"https:\/\/schema.org","@graph":[{"@type":"WebPage","@id":"https:\/\/sysmatec.ch\/de\/produit\/kern-mcb-rollstuhlwaage\/","url":"https:\/\/sysmatec.ch\/de\/produit\/kern-mcb-rollstuhlwaage\/","name":"KERN MCB Rollstuhlwaage - Sysmatec","isPartOf":{"@id":"https:\/\/sysmatec.ch\/de\/#website"},"primaryImageOfPage":{"@id":"https:\/\/sysmatec.ch\/de\/produit\/kern-mcb-rollstuhlwaage\/#primaryimage"},"image":{"@id":"https:\/\/sysmatec.ch\/de\/produit\/kern-mcb-rollstuhlwaage\/#primaryimage"},"thumbnailUrl":"https:\/\/sysmatec.ch\/wp-content\/uploads\/2019\/02\/Balance_KernMCB.jpg","datePublished":"2019-02-17T17:36:06+00:00","dateModified":"2022-02-26T13:16:16+00:00","description":"Rollstuhlwaage mit medizinischer Zulassung 93\/42\/EWG. Gewichtsbereich von 0 bis 300 kg. BMI-Funktion.","breadcrumb":{"@id":"https:\/\/sysmatec.ch\/de\/produit\/kern-mcb-rollstuhlwaage\/#breadcrumb"},"inLanguage":"de","potentialAction":[{"@type":"ReadAction","target":["https:\/\/sysmatec.ch\/de\/produit\/kern-mcb-rollstuhlwaage\/"]}]},{"@type":"ImageObject","inLanguage":"de","@id":"https:\/\/sysmatec.ch\/de\/produit\/kern-mcb-rollstuhlwaage\/#primaryimage","url":"https:\/\/sysmatec.ch\/wp-content\/uploads\/2019\/02\/Balance_KernMCB.jpg","contentUrl":"https:\/\/sysmatec.ch\/wp-content\/uploads\/2019\/02\/Balance_KernMCB.jpg","width":180,"height":220},{"@type":"BreadcrumbList","@id":"https:\/\/sysmatec.ch\/de\/produit\/kern-mcb-rollstuhlwaage\/#breadcrumb","itemListElement":[{"@type":"ListItem","position":1,"name":"Accueil","item":"https:\/\/sysmatec.ch\/de\/"},{"@type":"ListItem","position":2,"name":"Die Aktivit\u00e4t von Sysmatec","item":"https:\/\/sysmatec.ch\/de\/"},{"@type":"ListItem","position":3,"name":"KERN MCB Rollstuhlwaage"}]},{"@type":"WebSite","@id":"https:\/\/sysmatec.ch\/de\/#website","url":"https:\/\/sysmatec.ch\/de\/","name":"Sysmatec","description":"Equipement de laboratoire et logiciels","publisher":{"@id":"https:\/\/sysmatec.ch\/de\/#organization"},"potentialAction":[{"@type":"SearchAction","target":{"@type":"EntryPoint","urlTemplate":"https:\/\/sysmatec.ch\/de\/?s={search_term_string}"},"query-input":{"@type":"PropertyValueSpecification","valueRequired":true,"valueName":"search_term_string"}}],"inLanguage":"de"},{"@type":"Organization","@id":"https:\/\/sysmatec.ch\/de\/#organization","name":"Sysmatec","url":"https:\/\/sysmatec.ch\/de\/","logo":{"@type":"ImageObject","inLanguage":"de","@id":"https:\/\/sysmatec.ch\/de\/#\/schema\/logo\/image\/","url":"https:\/\/sysmatec.ch\/wp-content\/uploads\/2018\/11\/LogoSysmatec.jpg","contentUrl":"https:\/\/sysmatec.ch\/wp-content\/uploads\/2018\/11\/LogoSysmatec.jpg","width":301,"height":297,"caption":"Sysmatec"},"image":{"@id":"https:\/\/sysmatec.ch\/de\/#\/schema\/logo\/image\/"}}]}},"_links":{"self":[{"href":"https:\/\/sysmatec.ch\/de\/wp-json\/wp\/v2\/product\/3260","targetHints":{"allow":["GET"]}}],"collection":[{"href":"https:\/\/sysmatec.ch\/de\/wp-json\/wp\/v2\/product"}],"about":[{"href":"https:\/\/sysmatec.ch\/de\/wp-json\/wp\/v2\/types\/product"}],"wp:featuredmedia":[{"embeddable":true,"href":"https:\/\/sysmatec.ch\/de\/wp-json\/wp\/v2\/media\/3258"}],"wp:attachment":[{"href":"https:\/\/sysmatec.ch\/de\/wp-json\/wp\/v2\/media?parent=3260"}],"wp:term":[{"taxonomy":"product_brand","embeddable":true,"href":"https:\/\/sysmatec.ch\/de\/wp-json\/wp\/v2\/product_brand?post=3260"},{"taxonomy":"product_cat","embeddable":true,"href":"https:\/\/sysmatec.ch\/de\/wp-json\/wp\/v2\/product_cat?post=3260"},{"taxonomy":"product_tag","embeddable":true,"href":"https:\/\/sysmatec.ch\/de\/wp-json\/wp\/v2\/product_tag?post=3260"}],"curies":[{"name":"wp","href":"https:\/\/api.w.org\/{rel}","templated":true}]}}