{"id":3232,"date":"2019-02-17T10:54:10","date_gmt":"2019-02-17T09:54:10","guid":{"rendered":"https:\/\/sysmatec.ch\/produit\/plateforme-de-pesee-kern-mws\/"},"modified":"2022-02-26T15:36:19","modified_gmt":"2022-02-26T14:36:19","slug":"rollstuhlwaage-kern-mws","status":"publish","type":"product","link":"https:\/\/sysmatec.ch\/de\/Produkt\/rollstuhlwaage-kern-mws\/","title":{"rendered":"Rollstuhlwaage KERN MWS"},"content":{"rendered":"<ul id=\"kernList1\">\n<li>Eichklasse III (<a>Eichung<\/a>\u00a0optional)<\/li>\n<li>Medizinzulassung nach 93\/42\/EWG<\/li>\n<li>Besonders geeignet f\u00fcr das Wiegen von Patienten in Rollst\u00fchlen, durch die beidseitg befahrbare Plattform mit niedriger Bauh\u00f6he und einem Speicher f\u00fcr Tara-Gewichte von bis zu f\u00fcnf (Elektro-) Rollst\u00fchlen<\/li>\n<li>Die gro\u00dfe W\u00e4geplatte aus Stahl eignet sich ebenfalls ideal zum Wiegen von Patienten im Adipositasbereich<\/li>\n<li>Niedrige Bauh\u00f6he der Plattform sowie integrierte Auffahrrampen an beiden Seiten erleichtern das Auffahren<\/li>\n<li>Sicheres und rutschfreies Aufstellen durch h\u00f6henverstellbare Gummif\u00fc\u00dfe<\/li>\n<li>Libelle zum exakten\u00a0<a>Nivellieren<\/a>\u00a0der Waage serienm\u00e4\u00dfig<\/li>\n<li><a>Hold-Funktion<\/a>: Bei unruhig stehenden oder sitzenden Patienten wird \u00fcber Mittelwertbildung ein stabiler W\u00e4gewert ermittelt und &#8222;eingefroren&#8220;. So bleibt gen\u00fcgend Zeit sich dem Patienten zu widmen und anschlie\u00dfend in Ruhe den W\u00e4gewert abzulesen<\/li>\n<li>Intuitive Bedienung \u00fcber Tastenblock<\/li>\n<li><a>PRE-TARE<\/a>-Funktion f\u00fcr 5 Gewichtswerte<\/li>\n<li>BMI-Funktion zur Ermittlung von Untergewicht\/Normalgewicht\/\u00dcbergewicht<\/li>\n<li>Auswerteger\u00e4t mit 2 Magneten auf der R\u00fcckseite, ideal w\u00e4hrend des Transports oder zum Befestigen an metallischen Oberfl\u00e4chen<\/li>\n<li>Batterie- und Netzbetrieb m\u00f6glich<\/li>\n<li>Wandhalterung zur Wandmontage des Auswerteger\u00e4ts serienm\u00e4\u00dfig<\/li>\n<li>\n<div id=\"verweis_01\">Waage kann mittels 2 Rollen und 1 Handgriff bequem transportiert und platzsparend verstaut werden<\/div>\n<\/li>\n<li>\n<div id=\"verweis_03\">\u00a0Drei Waagen in einer: Durch das praktische Halteb\u00fcgel-Set KERN MWS-A02, kann die Rollstuhlwaage MWS 300K100NM mit wenigen Handgriffen in eine Multifunktionswaage verwandelt werden. So k\u00f6nnen Patienten freistehend, gest\u00fctzt auf die Halteb\u00fcgel oder in einem Rollstuhl gewogen werden. Das Auswerteger\u00e4t kann ergonomisch g\u00fcnstig direkt am Halteb\u00fcgel montiert werden<\/div>\n<\/li>\n<li>Batterie- und Netzbetrieb m\u00f6glich, Akkubetrieb optional<\/li>\n<\/ul>\n<p>In der EU ist bei Waagen mit Zweckbestimmung als Medizinprodukt die\u00a0<a>Eichung<\/a>\u00a0gesetzlich vorgeschrieben, bitte gleich mitbestellen. Hierzu ben\u00f6tigen wir Aufstellungsort und PLZ.<\/p>\n<table border=\"1\" width=\"437\" cellspacing=\"0\" cellpadding=\"2\">\n<tbody>\n<tr>\n<td>Waage Modell<\/td>\n<td width=\"10%\">Ablesbarkeit<\/td>\n<td width=\"10%\">W\u00e4gebereich<\/td>\n<\/tr>\n<tr>\n<td><\/td>\n<td width=\"10%\">kg<\/td>\n<td width=\"10%\">kg<\/td>\n<\/tr>\n<tr>\n<td>MWS 300K100M<\/td>\n<td width=\"10%\">0.1<\/td>\n<td width=\"10%\">300<\/td>\n<\/tr>\n<tr>\n<td>MWS 400K100DM<\/td>\n<td width=\"10%\">0.1\/0.2<\/td>\n<td width=\"10%\">300\/400<\/td>\n<\/tr>\n<\/tbody>\n<\/table>\n","protected":false},"excerpt":{"rendered":"<p>Rollstuhlwaage mit niedriger Bauh\u00f6he f\u00fcr bequemes Auffahren &#8211; mit Eich- und Medizinzulassung nach 93\/42\/EWG f\u00fcr den professionellen Einsatz in der medizinischen Diagnostik. BMI Berechnung.<\/p>\n","protected":false},"featured_media":25063,"template":"","meta":{"_crdt_document":""},"product_brand":[],"product_cat":[165,330],"product_tag":[],"class_list":{"0":"post-3232","1":"product","2":"type-product","3":"status-publish","4":"has-post-thumbnail","6":"product_cat-gewicht","7":"product_cat-medizinisch","9":"first","10":"instock","11":"taxable","12":"shipping-taxable","13":"purchasable","14":"product-type-variable"},"yoast_head":"<!-- This site is optimized with the Yoast SEO plugin v27.3 - https:\/\/yoast.com\/product\/yoast-seo-wordpress\/ -->\n<title>Rollstuhlwaage KERN MWS - Sysmatec<\/title>\n<meta name=\"description\" content=\"Waage f\u00fcr Trage oder Rollstuhl mit medizinischer Zulassung 93\/42\/EWG. Gewichtsbereich von 0 bis 400 kg. Mit Auffahrrampe.\" \/>\n<meta name=\"robots\" content=\"index, follow, max-snippet:-1, max-image-preview:large, max-video-preview:-1\" \/>\n<link rel=\"canonical\" href=\"https:\/\/sysmatec.ch\/de\/produit\/rollstuhlwaage-kern-mws\/\" \/>\n<meta property=\"og:locale\" content=\"de_DE\" \/>\n<meta property=\"og:type\" content=\"article\" \/>\n<meta property=\"og:title\" content=\"Rollstuhlwaage KERN MWS - Sysmatec\" \/>\n<meta property=\"og:description\" content=\"Waage f\u00fcr Trage oder Rollstuhl mit medizinischer Zulassung 93\/42\/EWG. Gewichtsbereich von 0 bis 400 kg. Mit Auffahrrampe.\" \/>\n<meta property=\"og:url\" content=\"https:\/\/sysmatec.ch\/de\/produit\/rollstuhlwaage-kern-mws\/\" \/>\n<meta property=\"og:site_name\" content=\"Sysmatec\" \/>\n<meta property=\"article:modified_time\" content=\"2022-02-26T14:36:19+00:00\" \/>\n<meta property=\"og:image\" content=\"https:\/\/sysmatec.ch\/wp-content\/uploads\/2019\/02\/Balance_MWS-400K-100DM-1024x636.jpg\" \/>\n\t<meta property=\"og:image:width\" content=\"1024\" \/>\n\t<meta property=\"og:image:height\" content=\"636\" \/>\n\t<meta property=\"og:image:type\" content=\"image\/jpeg\" \/>\n<meta name=\"twitter:card\" content=\"summary_large_image\" \/>\n<meta name=\"twitter:label1\" content=\"Gesch\u00e4tzte Lesezeit\" \/>\n\t<meta name=\"twitter:data1\" content=\"2\u00a0Minuten\" \/>\n<script type=\"application\/ld+json\" class=\"yoast-schema-graph\">{\"@context\":\"https:\\\/\\\/schema.org\",\"@graph\":[{\"@type\":\"WebPage\",\"@id\":\"https:\\\/\\\/sysmatec.ch\\\/de\\\/produit\\\/rollstuhlwaage-kern-mws\\\/\",\"url\":\"https:\\\/\\\/sysmatec.ch\\\/de\\\/produit\\\/rollstuhlwaage-kern-mws\\\/\",\"name\":\"Rollstuhlwaage KERN MWS - Sysmatec\",\"isPartOf\":{\"@id\":\"https:\\\/\\\/sysmatec.ch\\\/de\\\/#website\"},\"primaryImageOfPage\":{\"@id\":\"https:\\\/\\\/sysmatec.ch\\\/de\\\/produit\\\/rollstuhlwaage-kern-mws\\\/#primaryimage\"},\"image\":{\"@id\":\"https:\\\/\\\/sysmatec.ch\\\/de\\\/produit\\\/rollstuhlwaage-kern-mws\\\/#primaryimage\"},\"thumbnailUrl\":\"https:\\\/\\\/sysmatec.ch\\\/wp-content\\\/uploads\\\/2019\\\/02\\\/Balance_MWS-400K-100DM-scaled.jpg\",\"datePublished\":\"2019-02-17T09:54:10+00:00\",\"dateModified\":\"2022-02-26T14:36:19+00:00\",\"description\":\"Waage f\u00fcr Trage oder Rollstuhl mit medizinischer Zulassung 93\\\/42\\\/EWG. Gewichtsbereich von 0 bis 400 kg. Mit Auffahrrampe.\",\"breadcrumb\":{\"@id\":\"https:\\\/\\\/sysmatec.ch\\\/de\\\/produit\\\/rollstuhlwaage-kern-mws\\\/#breadcrumb\"},\"inLanguage\":\"de\",\"potentialAction\":[{\"@type\":\"ReadAction\",\"target\":[\"https:\\\/\\\/sysmatec.ch\\\/de\\\/produit\\\/rollstuhlwaage-kern-mws\\\/\"]}]},{\"@type\":\"ImageObject\",\"inLanguage\":\"de\",\"@id\":\"https:\\\/\\\/sysmatec.ch\\\/de\\\/produit\\\/rollstuhlwaage-kern-mws\\\/#primaryimage\",\"url\":\"https:\\\/\\\/sysmatec.ch\\\/wp-content\\\/uploads\\\/2019\\\/02\\\/Balance_MWS-400K-100DM-scaled.jpg\",\"contentUrl\":\"https:\\\/\\\/sysmatec.ch\\\/wp-content\\\/uploads\\\/2019\\\/02\\\/Balance_MWS-400K-100DM-scaled.jpg\",\"width\":2560,\"height\":1590},{\"@type\":\"BreadcrumbList\",\"@id\":\"https:\\\/\\\/sysmatec.ch\\\/de\\\/produit\\\/rollstuhlwaage-kern-mws\\\/#breadcrumb\",\"itemListElement\":[{\"@type\":\"ListItem\",\"position\":1,\"name\":\"Accueil\",\"item\":\"https:\\\/\\\/sysmatec.ch\\\/de\\\/\"},{\"@type\":\"ListItem\",\"position\":2,\"name\":\"Die Aktivit\u00e4t von Sysmatec\",\"item\":\"https:\\\/\\\/sysmatec.ch\\\/de\\\/\"},{\"@type\":\"ListItem\",\"position\":3,\"name\":\"Rollstuhlwaage KERN MWS\"}]},{\"@type\":\"WebSite\",\"@id\":\"https:\\\/\\\/sysmatec.ch\\\/de\\\/#website\",\"url\":\"https:\\\/\\\/sysmatec.ch\\\/de\\\/\",\"name\":\"Sysmatec\",\"description\":\"Equipement de laboratoire et logiciels\",\"publisher\":{\"@id\":\"https:\\\/\\\/sysmatec.ch\\\/de\\\/#organization\"},\"potentialAction\":[{\"@type\":\"SearchAction\",\"target\":{\"@type\":\"EntryPoint\",\"urlTemplate\":\"https:\\\/\\\/sysmatec.ch\\\/de\\\/?s={search_term_string}\"},\"query-input\":{\"@type\":\"PropertyValueSpecification\",\"valueRequired\":true,\"valueName\":\"search_term_string\"}}],\"inLanguage\":\"de\"},{\"@type\":\"Organization\",\"@id\":\"https:\\\/\\\/sysmatec.ch\\\/de\\\/#organization\",\"name\":\"Sysmatec\",\"url\":\"https:\\\/\\\/sysmatec.ch\\\/de\\\/\",\"logo\":{\"@type\":\"ImageObject\",\"inLanguage\":\"de\",\"@id\":\"https:\\\/\\\/sysmatec.ch\\\/de\\\/#\\\/schema\\\/logo\\\/image\\\/\",\"url\":\"https:\\\/\\\/sysmatec.ch\\\/wp-content\\\/uploads\\\/2018\\\/11\\\/LogoSysmatec.jpg\",\"contentUrl\":\"https:\\\/\\\/sysmatec.ch\\\/wp-content\\\/uploads\\\/2018\\\/11\\\/LogoSysmatec.jpg\",\"width\":301,\"height\":297,\"caption\":\"Sysmatec\"},\"image\":{\"@id\":\"https:\\\/\\\/sysmatec.ch\\\/de\\\/#\\\/schema\\\/logo\\\/image\\\/\"}}]}<\/script>\n<!-- \/ Yoast SEO plugin. -->","yoast_head_json":{"title":"Rollstuhlwaage KERN MWS - Sysmatec","description":"Waage f\u00fcr Trage oder Rollstuhl mit medizinischer Zulassung 93\/42\/EWG. Gewichtsbereich von 0 bis 400 kg. Mit Auffahrrampe.","robots":{"index":"index","follow":"follow","max-snippet":"max-snippet:-1","max-image-preview":"max-image-preview:large","max-video-preview":"max-video-preview:-1"},"canonical":"https:\/\/sysmatec.ch\/de\/produit\/rollstuhlwaage-kern-mws\/","og_locale":"de_DE","og_type":"article","og_title":"Rollstuhlwaage KERN MWS - Sysmatec","og_description":"Waage f\u00fcr Trage oder Rollstuhl mit medizinischer Zulassung 93\/42\/EWG. Gewichtsbereich von 0 bis 400 kg. Mit Auffahrrampe.","og_url":"https:\/\/sysmatec.ch\/de\/produit\/rollstuhlwaage-kern-mws\/","og_site_name":"Sysmatec","article_modified_time":"2022-02-26T14:36:19+00:00","og_image":[{"width":1024,"height":636,"url":"https:\/\/sysmatec.ch\/wp-content\/uploads\/2019\/02\/Balance_MWS-400K-100DM-1024x636.jpg","type":"image\/jpeg"}],"twitter_card":"summary_large_image","twitter_misc":{"Gesch\u00e4tzte Lesezeit":"2\u00a0Minuten"},"schema":{"@context":"https:\/\/schema.org","@graph":[{"@type":"WebPage","@id":"https:\/\/sysmatec.ch\/de\/produit\/rollstuhlwaage-kern-mws\/","url":"https:\/\/sysmatec.ch\/de\/produit\/rollstuhlwaage-kern-mws\/","name":"Rollstuhlwaage KERN MWS - Sysmatec","isPartOf":{"@id":"https:\/\/sysmatec.ch\/de\/#website"},"primaryImageOfPage":{"@id":"https:\/\/sysmatec.ch\/de\/produit\/rollstuhlwaage-kern-mws\/#primaryimage"},"image":{"@id":"https:\/\/sysmatec.ch\/de\/produit\/rollstuhlwaage-kern-mws\/#primaryimage"},"thumbnailUrl":"https:\/\/sysmatec.ch\/wp-content\/uploads\/2019\/02\/Balance_MWS-400K-100DM-scaled.jpg","datePublished":"2019-02-17T09:54:10+00:00","dateModified":"2022-02-26T14:36:19+00:00","description":"Waage f\u00fcr Trage oder Rollstuhl mit medizinischer Zulassung 93\/42\/EWG. Gewichtsbereich von 0 bis 400 kg. Mit Auffahrrampe.","breadcrumb":{"@id":"https:\/\/sysmatec.ch\/de\/produit\/rollstuhlwaage-kern-mws\/#breadcrumb"},"inLanguage":"de","potentialAction":[{"@type":"ReadAction","target":["https:\/\/sysmatec.ch\/de\/produit\/rollstuhlwaage-kern-mws\/"]}]},{"@type":"ImageObject","inLanguage":"de","@id":"https:\/\/sysmatec.ch\/de\/produit\/rollstuhlwaage-kern-mws\/#primaryimage","url":"https:\/\/sysmatec.ch\/wp-content\/uploads\/2019\/02\/Balance_MWS-400K-100DM-scaled.jpg","contentUrl":"https:\/\/sysmatec.ch\/wp-content\/uploads\/2019\/02\/Balance_MWS-400K-100DM-scaled.jpg","width":2560,"height":1590},{"@type":"BreadcrumbList","@id":"https:\/\/sysmatec.ch\/de\/produit\/rollstuhlwaage-kern-mws\/#breadcrumb","itemListElement":[{"@type":"ListItem","position":1,"name":"Accueil","item":"https:\/\/sysmatec.ch\/de\/"},{"@type":"ListItem","position":2,"name":"Die Aktivit\u00e4t von Sysmatec","item":"https:\/\/sysmatec.ch\/de\/"},{"@type":"ListItem","position":3,"name":"Rollstuhlwaage KERN MWS"}]},{"@type":"WebSite","@id":"https:\/\/sysmatec.ch\/de\/#website","url":"https:\/\/sysmatec.ch\/de\/","name":"Sysmatec","description":"Equipement de laboratoire et logiciels","publisher":{"@id":"https:\/\/sysmatec.ch\/de\/#organization"},"potentialAction":[{"@type":"SearchAction","target":{"@type":"EntryPoint","urlTemplate":"https:\/\/sysmatec.ch\/de\/?s={search_term_string}"},"query-input":{"@type":"PropertyValueSpecification","valueRequired":true,"valueName":"search_term_string"}}],"inLanguage":"de"},{"@type":"Organization","@id":"https:\/\/sysmatec.ch\/de\/#organization","name":"Sysmatec","url":"https:\/\/sysmatec.ch\/de\/","logo":{"@type":"ImageObject","inLanguage":"de","@id":"https:\/\/sysmatec.ch\/de\/#\/schema\/logo\/image\/","url":"https:\/\/sysmatec.ch\/wp-content\/uploads\/2018\/11\/LogoSysmatec.jpg","contentUrl":"https:\/\/sysmatec.ch\/wp-content\/uploads\/2018\/11\/LogoSysmatec.jpg","width":301,"height":297,"caption":"Sysmatec"},"image":{"@id":"https:\/\/sysmatec.ch\/de\/#\/schema\/logo\/image\/"}}]}},"_links":{"self":[{"href":"https:\/\/sysmatec.ch\/de\/wp-json\/wp\/v2\/product\/3232","targetHints":{"allow":["GET"]}}],"collection":[{"href":"https:\/\/sysmatec.ch\/de\/wp-json\/wp\/v2\/product"}],"about":[{"href":"https:\/\/sysmatec.ch\/de\/wp-json\/wp\/v2\/types\/product"}],"wp:featuredmedia":[{"embeddable":true,"href":"https:\/\/sysmatec.ch\/de\/wp-json\/wp\/v2\/media\/25063"}],"wp:attachment":[{"href":"https:\/\/sysmatec.ch\/de\/wp-json\/wp\/v2\/media?parent=3232"}],"wp:term":[{"taxonomy":"product_brand","embeddable":true,"href":"https:\/\/sysmatec.ch\/de\/wp-json\/wp\/v2\/product_brand?post=3232"},{"taxonomy":"product_cat","embeddable":true,"href":"https:\/\/sysmatec.ch\/de\/wp-json\/wp\/v2\/product_cat?post=3232"},{"taxonomy":"product_tag","embeddable":true,"href":"https:\/\/sysmatec.ch\/de\/wp-json\/wp\/v2\/product_tag?post=3232"}],"curies":[{"name":"wp","href":"https:\/\/api.w.org\/{rel}","templated":true}]}}