{"id":32056,"date":"2026-05-04T11:30:15","date_gmt":"2026-05-04T09:30:15","guid":{"rendered":"https:\/\/sysmatec.ch\/?post_type=product&#038;p=32056"},"modified":"2026-05-04T14:11:08","modified_gmt":"2026-05-04T12:11:08","slug":"explosionsgeschuetzer-antistatischer-ptfe-schlauch","status":"publish","type":"product","link":"https:\/\/sysmatec.ch\/de\/Produkt\/explosionsgeschuetzer-antistatischer-ptfe-schlauch\/","title":{"rendered":"Explosionsgesch\u00fctzer, antistatischer PTFE-Schlauch"},"content":{"rendered":"<p>Dieses PTFE-Schlauch(Polytetrafluorethylen) besitzt dank einer speziellen \u201eantistatischen Mischung\u201c aus reinem PTFE und sehr feinem, sehr reinem Kohlenstaub (weniger als 2,5 %) eine sehr gute elektrische Leitf\u00e4higkeit.<\/p>\n<h2>Merkmale<\/h2>\n<ul>\n<li>Farbe: Schwarz<\/li>\n<li>Hohe Chemikalienbest\u00e4ndigkeit dank PTFE<\/li>\n<li>Elektrischer Widerstand unter 1000 k\u03a9 gem\u00e4\u00df DIN EN 12115<\/li>\n<li>Ideal f\u00fcr lichtempfindliche Substanzen<\/li>\n<li>Antistatische Anwendungen in explosionsgef\u00e4hrdeten Bereichen (Explosionsschutz), z. B. f\u00fcr den Transport von L\u00f6sungsmitteln oder Alkoholen<\/li>\n<li>Temperaturbest\u00e4ndigkeit: -200 \u00b0C bis +250 \u00b0C<\/li>\n<li>Chemikalienbest\u00e4ndigkeit: Ausgezeichnet<\/li>\n<li>Leitf\u00e4higkeit: 1000 k\u03a9<\/li>\n<\/ul>\n<p>&nbsp;<\/p>\n<table width=\"480\">\n<tbody>\n<tr>\n<td width=\"80\">Ref. Nr<\/td>\n<td width=\"80\">Innendurchmesser mm<\/td>\n<td width=\"80\">Aussendurchmesser mm<\/td>\n<td width=\"80\">Wandst\u00e4rke mm<\/td>\n<td width=\"80\">Biegeradius mm (\u00e0 23 \u00b0C)<\/td>\n<td width=\"80\">Berstdruck bar (bei 23 \u00b0C)<\/td>\n<\/tr>\n<tr>\n<td>S1827-10<\/td>\n<td>(1\/32&#8243;) &#8211; 0,8<\/td>\n<td>(1\/16&#8243;) &#8211; 1,6<\/td>\n<td>0,4<\/td>\n<td>7<\/td>\n<td>140<\/td>\n<\/tr>\n<tr>\n<td>S1827-26<\/td>\n<td>(1\/16&#8243;) &#8211; 1,6<\/td>\n<td>(1\/8&#8243;) &#8211; 3,2<\/td>\n<td>0,8<\/td>\n<td>13<\/td>\n<td>140<\/td>\n<\/tr>\n<tr>\n<td>S1827-30<\/td>\n<td>2,0<\/td>\n<td>3,0<\/td>\n<td>0,5<\/td>\n<td>18<\/td>\n<td>70<\/td>\n<\/tr>\n<tr>\n<td>S1827-32<\/td>\n<td>2,0<\/td>\n<td>4,0<\/td>\n<td>1,0<\/td>\n<td>16<\/td>\n<td>140<\/td>\n<\/tr>\n<tr>\n<td>S1827-34<\/td>\n<td>3,0<\/td>\n<td>4,0<\/td>\n<td>0,5<\/td>\n<td>32<\/td>\n<td>46<\/td>\n<\/tr>\n<tr>\n<td>S1827-40<\/td>\n<td>4,0<\/td>\n<td>6,0<\/td>\n<td>1,0<\/td>\n<td>36<\/td>\n<td>70<\/td>\n<\/tr>\n<tr>\n<td>S1827-42<\/td>\n<td>(11\/64&#8243;) &#8211; 4,35<\/td>\n<td>(1\/4&#8243;) &#8211; 6,35<\/td>\n<td>1,0<\/td>\n<td>40<\/td>\n<td>64<\/td>\n<\/tr>\n<tr>\n<td>S1827-50<\/td>\n<td>6,0<\/td>\n<td>8,0<\/td>\n<td>1,0<\/td>\n<td>64<\/td>\n<td>46<\/td>\n<\/tr>\n<tr>\n<td>S1827-60<\/td>\n<td>8,0<\/td>\n<td>10,0<\/td>\n<td>1,0<\/td>\n<td>100<\/td>\n<td>35<\/td>\n<\/tr>\n<tr>\n<td>S1827-64<\/td>\n<td>10,0<\/td>\n<td>12,0<\/td>\n<td>1,0<\/td>\n<td>144<\/td>\n<td>28<\/td>\n<\/tr>\n<tr>\n<td>S1827-68<\/td>\n<td>12,0<\/td>\n<td>14,0<\/td>\n<td>1,0<\/td>\n<td>196<\/td>\n<td>23<\/td>\n<\/tr>\n<tr>\n<td>S1827-74<\/td>\n<td>14,0<\/td>\n<td>16,0<\/td>\n<td>1,0<\/td>\n<td>256<\/td>\n<td>20<\/td>\n<\/tr>\n<\/tbody>\n<\/table>\n","protected":false},"excerpt":{"rendered":"<p>PTFE (Polytetrafluorethylen) antistatischer explosionsgesch\u00fctzter Schlauch<\/p>\n","protected":false},"featured_media":32060,"template":"","meta":{"_crdt_document":""},"product_brand":[],"product_cat":[285,279],"product_tag":[],"class_list":{"0":"post-32056","1":"product","2":"type-product","3":"status-publish","4":"has-post-thumbnail","6":"product_cat-schlauch","7":"product_cat-verbrauchsmaterial","9":"first","10":"instock","11":"taxable","12":"shipping-taxable","13":"product-type-simple"},"yoast_head":"<!-- This site is optimized with the Yoast SEO plugin v27.5 - https:\/\/yoast.com\/product\/yoast-seo-wordpress\/ -->\n<title>Explosionsgesch\u00fctzer, antistatischer PTFE-Schlauch - Sysmatec<\/title>\n<meta name=\"description\" content=\"Explosionsgesch\u00fctzter, antistatischer PTFE-Schlauch dank in das Polymer eingearbeiteter Kohlenstoffpartikel, die ihn leitf\u00e4hig machen. Ausgezeichnete Chemikalienbest\u00e4ndigkeit. Erh\u00e4ltlich in verschiedenen Durchmessern.\" \/>\n<meta name=\"robots\" content=\"index, follow, max-snippet:-1, max-image-preview:large, max-video-preview:-1\" \/>\n<link rel=\"canonical\" href=\"https:\/\/sysmatec.ch\/de\/Produkt\/explosionsgeschuetzer-antistatischer-ptfe-schlauch\/\" \/>\n<meta property=\"og:locale\" content=\"de_DE\" \/>\n<meta property=\"og:type\" content=\"article\" \/>\n<meta property=\"og:title\" content=\"Explosionsgesch\u00fctzer, antistatischer PTFE-Schlauch - Sysmatec\" \/>\n<meta property=\"og:description\" content=\"Explosionsgesch\u00fctzter, antistatischer PTFE-Schlauch dank in das Polymer eingearbeiteter Kohlenstoffpartikel, die ihn leitf\u00e4hig machen. Ausgezeichnete Chemikalienbest\u00e4ndigkeit. Erh\u00e4ltlich in verschiedenen Durchmessern.\" \/>\n<meta property=\"og:url\" content=\"https:\/\/sysmatec.ch\/de\/Produkt\/explosionsgeschuetzer-antistatischer-ptfe-schlauch\/\" \/>\n<meta property=\"og:site_name\" content=\"Sysmatec\" \/>\n<meta property=\"article:modified_time\" content=\"2026-05-04T12:11:08+00:00\" \/>\n<meta property=\"og:image\" content=\"https:\/\/sysmatec.ch\/wp-content\/uploads\/2026\/05\/TuyauPTFEAntistatique_BolaS1827.jpg\" \/>\n\t<meta property=\"og:image:width\" content=\"459\" \/>\n\t<meta property=\"og:image:height\" content=\"448\" \/>\n\t<meta property=\"og:image:type\" content=\"image\/jpeg\" \/>\n<meta name=\"twitter:card\" content=\"summary_large_image\" \/>\n<meta name=\"twitter:label1\" content=\"Gesch\u00e4tzte Lesezeit\" \/>\n\t<meta name=\"twitter:data1\" content=\"2\u00a0Minuten\" \/>\n<script type=\"application\/ld+json\" class=\"yoast-schema-graph\">{\"@context\":\"https:\\\/\\\/schema.org\",\"@graph\":[{\"@type\":\"WebPage\",\"@id\":\"https:\\\/\\\/sysmatec.ch\\\/de\\\/Produkt\\\/explosionsgeschuetzer-antistatischer-ptfe-schlauch\\\/\",\"url\":\"https:\\\/\\\/sysmatec.ch\\\/de\\\/Produkt\\\/explosionsgeschuetzer-antistatischer-ptfe-schlauch\\\/\",\"name\":\"Explosionsgesch\u00fctzer, antistatischer PTFE-Schlauch - Sysmatec\",\"isPartOf\":{\"@id\":\"https:\\\/\\\/sysmatec.ch\\\/de\\\/#website\"},\"primaryImageOfPage\":{\"@id\":\"https:\\\/\\\/sysmatec.ch\\\/de\\\/Produkt\\\/explosionsgeschuetzer-antistatischer-ptfe-schlauch\\\/#primaryimage\"},\"image\":{\"@id\":\"https:\\\/\\\/sysmatec.ch\\\/de\\\/Produkt\\\/explosionsgeschuetzer-antistatischer-ptfe-schlauch\\\/#primaryimage\"},\"thumbnailUrl\":\"https:\\\/\\\/sysmatec.ch\\\/wp-content\\\/uploads\\\/2026\\\/05\\\/TuyauPTFEAntistatique_BolaS1827.jpg\",\"datePublished\":\"2026-05-04T09:30:15+00:00\",\"dateModified\":\"2026-05-04T12:11:08+00:00\",\"description\":\"Explosionsgesch\u00fctzter, antistatischer PTFE-Schlauch dank in das Polymer eingearbeiteter Kohlenstoffpartikel, die ihn leitf\u00e4hig machen. Ausgezeichnete Chemikalienbest\u00e4ndigkeit. Erh\u00e4ltlich in verschiedenen Durchmessern.\",\"breadcrumb\":{\"@id\":\"https:\\\/\\\/sysmatec.ch\\\/de\\\/Produkt\\\/explosionsgeschuetzer-antistatischer-ptfe-schlauch\\\/#breadcrumb\"},\"inLanguage\":\"de\",\"potentialAction\":[{\"@type\":\"ReadAction\",\"target\":[\"https:\\\/\\\/sysmatec.ch\\\/de\\\/Produkt\\\/explosionsgeschuetzer-antistatischer-ptfe-schlauch\\\/\"]}]},{\"@type\":\"ImageObject\",\"inLanguage\":\"de\",\"@id\":\"https:\\\/\\\/sysmatec.ch\\\/de\\\/Produkt\\\/explosionsgeschuetzer-antistatischer-ptfe-schlauch\\\/#primaryimage\",\"url\":\"https:\\\/\\\/sysmatec.ch\\\/wp-content\\\/uploads\\\/2026\\\/05\\\/TuyauPTFEAntistatique_BolaS1827.jpg\",\"contentUrl\":\"https:\\\/\\\/sysmatec.ch\\\/wp-content\\\/uploads\\\/2026\\\/05\\\/TuyauPTFEAntistatique_BolaS1827.jpg\",\"width\":459,\"height\":448},{\"@type\":\"BreadcrumbList\",\"@id\":\"https:\\\/\\\/sysmatec.ch\\\/de\\\/Produkt\\\/explosionsgeschuetzer-antistatischer-ptfe-schlauch\\\/#breadcrumb\",\"itemListElement\":[{\"@type\":\"ListItem\",\"position\":1,\"name\":\"Accueil\",\"item\":\"https:\\\/\\\/sysmatec.ch\\\/de\\\/\"},{\"@type\":\"ListItem\",\"position\":2,\"name\":\"Die Aktivit\u00e4t von Sysmatec\",\"item\":\"https:\\\/\\\/sysmatec.ch\\\/de\\\/\"},{\"@type\":\"ListItem\",\"position\":3,\"name\":\"Explosionsgesch\u00fctzer, antistatischer PTFE-Schlauch\"}]},{\"@type\":\"WebSite\",\"@id\":\"https:\\\/\\\/sysmatec.ch\\\/de\\\/#website\",\"url\":\"https:\\\/\\\/sysmatec.ch\\\/de\\\/\",\"name\":\"Sysmatec\",\"description\":\"Equipement de laboratoire et logiciels\",\"publisher\":{\"@id\":\"https:\\\/\\\/sysmatec.ch\\\/de\\\/#organization\"},\"potentialAction\":[{\"@type\":\"SearchAction\",\"target\":{\"@type\":\"EntryPoint\",\"urlTemplate\":\"https:\\\/\\\/sysmatec.ch\\\/de\\\/?s={search_term_string}\"},\"query-input\":{\"@type\":\"PropertyValueSpecification\",\"valueRequired\":true,\"valueName\":\"search_term_string\"}}],\"inLanguage\":\"de\"},{\"@type\":\"Organization\",\"@id\":\"https:\\\/\\\/sysmatec.ch\\\/de\\\/#organization\",\"name\":\"Sysmatec\",\"url\":\"https:\\\/\\\/sysmatec.ch\\\/de\\\/\",\"logo\":{\"@type\":\"ImageObject\",\"inLanguage\":\"de\",\"@id\":\"https:\\\/\\\/sysmatec.ch\\\/de\\\/#\\\/schema\\\/logo\\\/image\\\/\",\"url\":\"https:\\\/\\\/sysmatec.ch\\\/wp-content\\\/uploads\\\/2018\\\/11\\\/LogoSysmatec.jpg\",\"contentUrl\":\"https:\\\/\\\/sysmatec.ch\\\/wp-content\\\/uploads\\\/2018\\\/11\\\/LogoSysmatec.jpg\",\"width\":301,\"height\":297,\"caption\":\"Sysmatec\"},\"image\":{\"@id\":\"https:\\\/\\\/sysmatec.ch\\\/de\\\/#\\\/schema\\\/logo\\\/image\\\/\"}}]}<\/script>\n<!-- \/ Yoast SEO plugin. -->","yoast_head_json":{"title":"Explosionsgesch\u00fctzer, antistatischer PTFE-Schlauch - Sysmatec","description":"Explosionsgesch\u00fctzter, antistatischer PTFE-Schlauch dank in das Polymer eingearbeiteter Kohlenstoffpartikel, die ihn leitf\u00e4hig machen. Ausgezeichnete Chemikalienbest\u00e4ndigkeit. Erh\u00e4ltlich in verschiedenen Durchmessern.","robots":{"index":"index","follow":"follow","max-snippet":"max-snippet:-1","max-image-preview":"max-image-preview:large","max-video-preview":"max-video-preview:-1"},"canonical":"https:\/\/sysmatec.ch\/de\/Produkt\/explosionsgeschuetzer-antistatischer-ptfe-schlauch\/","og_locale":"de_DE","og_type":"article","og_title":"Explosionsgesch\u00fctzer, antistatischer PTFE-Schlauch - Sysmatec","og_description":"Explosionsgesch\u00fctzter, antistatischer PTFE-Schlauch dank in das Polymer eingearbeiteter Kohlenstoffpartikel, die ihn leitf\u00e4hig machen. Ausgezeichnete Chemikalienbest\u00e4ndigkeit. Erh\u00e4ltlich in verschiedenen Durchmessern.","og_url":"https:\/\/sysmatec.ch\/de\/Produkt\/explosionsgeschuetzer-antistatischer-ptfe-schlauch\/","og_site_name":"Sysmatec","article_modified_time":"2026-05-04T12:11:08+00:00","og_image":[{"width":459,"height":448,"url":"https:\/\/sysmatec.ch\/wp-content\/uploads\/2026\/05\/TuyauPTFEAntistatique_BolaS1827.jpg","type":"image\/jpeg"}],"twitter_card":"summary_large_image","twitter_misc":{"Gesch\u00e4tzte Lesezeit":"2\u00a0Minuten"},"schema":{"@context":"https:\/\/schema.org","@graph":[{"@type":"WebPage","@id":"https:\/\/sysmatec.ch\/de\/Produkt\/explosionsgeschuetzer-antistatischer-ptfe-schlauch\/","url":"https:\/\/sysmatec.ch\/de\/Produkt\/explosionsgeschuetzer-antistatischer-ptfe-schlauch\/","name":"Explosionsgesch\u00fctzer, antistatischer PTFE-Schlauch - Sysmatec","isPartOf":{"@id":"https:\/\/sysmatec.ch\/de\/#website"},"primaryImageOfPage":{"@id":"https:\/\/sysmatec.ch\/de\/Produkt\/explosionsgeschuetzer-antistatischer-ptfe-schlauch\/#primaryimage"},"image":{"@id":"https:\/\/sysmatec.ch\/de\/Produkt\/explosionsgeschuetzer-antistatischer-ptfe-schlauch\/#primaryimage"},"thumbnailUrl":"https:\/\/sysmatec.ch\/wp-content\/uploads\/2026\/05\/TuyauPTFEAntistatique_BolaS1827.jpg","datePublished":"2026-05-04T09:30:15+00:00","dateModified":"2026-05-04T12:11:08+00:00","description":"Explosionsgesch\u00fctzter, antistatischer PTFE-Schlauch dank in das Polymer eingearbeiteter Kohlenstoffpartikel, die ihn leitf\u00e4hig machen. Ausgezeichnete Chemikalienbest\u00e4ndigkeit. Erh\u00e4ltlich in verschiedenen Durchmessern.","breadcrumb":{"@id":"https:\/\/sysmatec.ch\/de\/Produkt\/explosionsgeschuetzer-antistatischer-ptfe-schlauch\/#breadcrumb"},"inLanguage":"de","potentialAction":[{"@type":"ReadAction","target":["https:\/\/sysmatec.ch\/de\/Produkt\/explosionsgeschuetzer-antistatischer-ptfe-schlauch\/"]}]},{"@type":"ImageObject","inLanguage":"de","@id":"https:\/\/sysmatec.ch\/de\/Produkt\/explosionsgeschuetzer-antistatischer-ptfe-schlauch\/#primaryimage","url":"https:\/\/sysmatec.ch\/wp-content\/uploads\/2026\/05\/TuyauPTFEAntistatique_BolaS1827.jpg","contentUrl":"https:\/\/sysmatec.ch\/wp-content\/uploads\/2026\/05\/TuyauPTFEAntistatique_BolaS1827.jpg","width":459,"height":448},{"@type":"BreadcrumbList","@id":"https:\/\/sysmatec.ch\/de\/Produkt\/explosionsgeschuetzer-antistatischer-ptfe-schlauch\/#breadcrumb","itemListElement":[{"@type":"ListItem","position":1,"name":"Accueil","item":"https:\/\/sysmatec.ch\/de\/"},{"@type":"ListItem","position":2,"name":"Die Aktivit\u00e4t von Sysmatec","item":"https:\/\/sysmatec.ch\/de\/"},{"@type":"ListItem","position":3,"name":"Explosionsgesch\u00fctzer, antistatischer PTFE-Schlauch"}]},{"@type":"WebSite","@id":"https:\/\/sysmatec.ch\/de\/#website","url":"https:\/\/sysmatec.ch\/de\/","name":"Sysmatec","description":"Equipement de laboratoire et logiciels","publisher":{"@id":"https:\/\/sysmatec.ch\/de\/#organization"},"potentialAction":[{"@type":"SearchAction","target":{"@type":"EntryPoint","urlTemplate":"https:\/\/sysmatec.ch\/de\/?s={search_term_string}"},"query-input":{"@type":"PropertyValueSpecification","valueRequired":true,"valueName":"search_term_string"}}],"inLanguage":"de"},{"@type":"Organization","@id":"https:\/\/sysmatec.ch\/de\/#organization","name":"Sysmatec","url":"https:\/\/sysmatec.ch\/de\/","logo":{"@type":"ImageObject","inLanguage":"de","@id":"https:\/\/sysmatec.ch\/de\/#\/schema\/logo\/image\/","url":"https:\/\/sysmatec.ch\/wp-content\/uploads\/2018\/11\/LogoSysmatec.jpg","contentUrl":"https:\/\/sysmatec.ch\/wp-content\/uploads\/2018\/11\/LogoSysmatec.jpg","width":301,"height":297,"caption":"Sysmatec"},"image":{"@id":"https:\/\/sysmatec.ch\/de\/#\/schema\/logo\/image\/"}}]}},"_links":{"self":[{"href":"https:\/\/sysmatec.ch\/de\/wp-json\/wp\/v2\/product\/32056","targetHints":{"allow":["GET"]}}],"collection":[{"href":"https:\/\/sysmatec.ch\/de\/wp-json\/wp\/v2\/product"}],"about":[{"href":"https:\/\/sysmatec.ch\/de\/wp-json\/wp\/v2\/types\/product"}],"wp:featuredmedia":[{"embeddable":true,"href":"https:\/\/sysmatec.ch\/de\/wp-json\/wp\/v2\/media\/32060"}],"wp:attachment":[{"href":"https:\/\/sysmatec.ch\/de\/wp-json\/wp\/v2\/media?parent=32056"}],"wp:term":[{"taxonomy":"product_brand","embeddable":true,"href":"https:\/\/sysmatec.ch\/de\/wp-json\/wp\/v2\/product_brand?post=32056"},{"taxonomy":"product_cat","embeddable":true,"href":"https:\/\/sysmatec.ch\/de\/wp-json\/wp\/v2\/product_cat?post=32056"},{"taxonomy":"product_tag","embeddable":true,"href":"https:\/\/sysmatec.ch\/de\/wp-json\/wp\/v2\/product_tag?post=32056"}],"curies":[{"name":"wp","href":"https:\/\/api.w.org\/{rel}","templated":true}]}}