{"id":32044,"date":"2026-04-09T18:18:26","date_gmt":"2026-04-09T16:18:26","guid":{"rendered":"https:\/\/sysmatec.ch\/?post_type=product&#038;p=32044"},"modified":"2026-04-09T18:52:10","modified_gmt":"2026-04-09T16:52:10","slug":"vertikale-oberflaechenprobenahme-mit-reachem","status":"publish","type":"product","link":"https:\/\/sysmatec.ch\/de\/Produkt\/vertikale-oberflaechenprobenahme-mit-reachem\/","title":{"rendered":"Vertikale Oberfl\u00e4chenprobenahme mit Reach&#8217;em"},"content":{"rendered":"<p>Dies ist ein leichter und robuster Adapter f\u00fcr den Sani-Stick. Er wird an einer handels\u00fcblichen Teleskopstange befestigt und optimiert so die Probenahme in der H\u00f6he.<\/p>\n<p>Dieser Stangenadapter reduziert den Bedarf an Leitern und instabilen Plattformen. Er tr\u00e4gt zur Erh\u00f6hung der Bedienersicherheit bei Probenahmen in der H\u00f6he bei und gew\u00e4hrleistet gleichzeitig Stabilit\u00e4t und Kontrolle. Er ist temperaturbest\u00e4ndig von -80 \u00b0C bis +80 \u00b0C.<\/p>\n<p>Der Reach\u2019em-Adapter ist f\u00fcr die in industriellen Umgebungen \u00fcblicherweise verwendeten Teleskopstangen konzipiert und gew\u00e4hrleistet eine stabile und sichere Befestigung, wodurch die Integration in bestehende Anlagen erleichtert wird. Die verwendete Stange muss \u00fcber ein kompatibles ACME-Gewinde verf\u00fcgen.<\/p>\n<h2>Verwendung<\/h2>\n<ul>\n<li>Schrauben Sie den Reach&#8217;em auf eine kompatible Teleskopstange.<\/li>\n<li>F\u00fchren Sie den Sani-Stick in die Adapter\u00f6ffnung ein.<\/li>\n<li>F\u00fchren Sie den Abstrich gem\u00e4\u00df Ihrer Anleitung durch.<\/li>\n<li>Entfernen Sie den Sani-Stick, ohne den Schwamm zu ber\u00fchren.<\/li>\n<li>Entnehmen Sie den Schwamm durch Dr\u00fccken des Clips in einen sterilen Beutel.<\/li>\n<li>Schrauben Sie den Reach&#8217;em ab und reinigen Sie ihn.<\/li>\n<\/ul>\n<p>Kode: 6-47-136<\/p>\n","protected":false},"excerpt":{"rendered":"<p>Adapter f\u00fcr die Oberfl\u00e4chenprobenahme in der H\u00f6he<\/p>\n","protected":false},"featured_media":32049,"template":"","meta":{"_crdt_document":""},"product_brand":[],"product_cat":[134,279],"product_tag":[],"class_list":{"0":"post-32044","1":"product","2":"type-product","3":"status-publish","4":"has-post-thumbnail","6":"product_cat-probe","7":"product_cat-verbrauchsmaterial","9":"first","10":"instock","11":"taxable","12":"shipping-taxable","13":"product-type-simple"},"yoast_head":"<!-- This site is optimized with the Yoast SEO plugin v27.4 - https:\/\/yoast.com\/product\/yoast-seo-wordpress\/ -->\n<title>Vertikale Oberfl\u00e4chenprobenahme mit Reach&#039;em - Sysmatec<\/title>\n<meta name=\"description\" content=\"Adapter f\u00fcr die Oberfl\u00e4chenprobenahme in der H\u00f6he an Decken mit starrem Griff und ber\u00fchrungslosem Schwammausl\u00f6semechanismus.\" \/>\n<meta name=\"robots\" content=\"index, follow, max-snippet:-1, max-image-preview:large, max-video-preview:-1\" \/>\n<link rel=\"canonical\" href=\"https:\/\/sysmatec.ch\/de\/Produkt\/vertikale-oberflaechenprobenahme-mit-reachem\/\" \/>\n<meta property=\"og:locale\" content=\"de_DE\" \/>\n<meta property=\"og:type\" content=\"article\" \/>\n<meta property=\"og:title\" content=\"Vertikale Oberfl\u00e4chenprobenahme mit Reach&#039;em - Sysmatec\" \/>\n<meta property=\"og:description\" content=\"Adapter f\u00fcr die Oberfl\u00e4chenprobenahme in der H\u00f6he an Decken mit starrem Griff und ber\u00fchrungslosem Schwammausl\u00f6semechanismus.\" \/>\n<meta property=\"og:url\" content=\"https:\/\/sysmatec.ch\/de\/Produkt\/vertikale-oberflaechenprobenahme-mit-reachem\/\" \/>\n<meta property=\"og:site_name\" content=\"Sysmatec\" \/>\n<meta property=\"article:modified_time\" content=\"2026-04-09T16:52:10+00:00\" \/>\n<meta property=\"og:image\" content=\"https:\/\/sysmatec.ch\/wp-content\/uploads\/2026\/04\/AdapateurEchantillonnage_LabplasReachem.jpg\" \/>\n\t<meta property=\"og:image:width\" content=\"420\" \/>\n\t<meta property=\"og:image:height\" content=\"424\" \/>\n\t<meta property=\"og:image:type\" content=\"image\/jpeg\" \/>\n<meta name=\"twitter:card\" content=\"summary_large_image\" \/>\n<meta name=\"twitter:label1\" content=\"Gesch\u00e4tzte Lesezeit\" \/>\n\t<meta name=\"twitter:data1\" content=\"1\u00a0Minute\" \/>\n<script type=\"application\/ld+json\" class=\"yoast-schema-graph\">{\"@context\":\"https:\\\/\\\/schema.org\",\"@graph\":[{\"@type\":\"WebPage\",\"@id\":\"https:\\\/\\\/sysmatec.ch\\\/de\\\/Produkt\\\/vertikale-oberflaechenprobenahme-mit-reachem\\\/\",\"url\":\"https:\\\/\\\/sysmatec.ch\\\/de\\\/Produkt\\\/vertikale-oberflaechenprobenahme-mit-reachem\\\/\",\"name\":\"Vertikale Oberfl\u00e4chenprobenahme mit Reach'em - Sysmatec\",\"isPartOf\":{\"@id\":\"https:\\\/\\\/sysmatec.ch\\\/de\\\/#website\"},\"primaryImageOfPage\":{\"@id\":\"https:\\\/\\\/sysmatec.ch\\\/de\\\/Produkt\\\/vertikale-oberflaechenprobenahme-mit-reachem\\\/#primaryimage\"},\"image\":{\"@id\":\"https:\\\/\\\/sysmatec.ch\\\/de\\\/Produkt\\\/vertikale-oberflaechenprobenahme-mit-reachem\\\/#primaryimage\"},\"thumbnailUrl\":\"https:\\\/\\\/sysmatec.ch\\\/wp-content\\\/uploads\\\/2026\\\/04\\\/AdapateurEchantillonnage_LabplasReachem.jpg\",\"datePublished\":\"2026-04-09T16:18:26+00:00\",\"dateModified\":\"2026-04-09T16:52:10+00:00\",\"description\":\"Adapter f\u00fcr die Oberfl\u00e4chenprobenahme in der H\u00f6he an Decken mit starrem Griff und ber\u00fchrungslosem Schwammausl\u00f6semechanismus.\",\"breadcrumb\":{\"@id\":\"https:\\\/\\\/sysmatec.ch\\\/de\\\/Produkt\\\/vertikale-oberflaechenprobenahme-mit-reachem\\\/#breadcrumb\"},\"inLanguage\":\"de\",\"potentialAction\":[{\"@type\":\"ReadAction\",\"target\":[\"https:\\\/\\\/sysmatec.ch\\\/de\\\/Produkt\\\/vertikale-oberflaechenprobenahme-mit-reachem\\\/\"]}]},{\"@type\":\"ImageObject\",\"inLanguage\":\"de\",\"@id\":\"https:\\\/\\\/sysmatec.ch\\\/de\\\/Produkt\\\/vertikale-oberflaechenprobenahme-mit-reachem\\\/#primaryimage\",\"url\":\"https:\\\/\\\/sysmatec.ch\\\/wp-content\\\/uploads\\\/2026\\\/04\\\/AdapateurEchantillonnage_LabplasReachem.jpg\",\"contentUrl\":\"https:\\\/\\\/sysmatec.ch\\\/wp-content\\\/uploads\\\/2026\\\/04\\\/AdapateurEchantillonnage_LabplasReachem.jpg\",\"width\":420,\"height\":424},{\"@type\":\"BreadcrumbList\",\"@id\":\"https:\\\/\\\/sysmatec.ch\\\/de\\\/Produkt\\\/vertikale-oberflaechenprobenahme-mit-reachem\\\/#breadcrumb\",\"itemListElement\":[{\"@type\":\"ListItem\",\"position\":1,\"name\":\"Accueil\",\"item\":\"https:\\\/\\\/sysmatec.ch\\\/de\\\/\"},{\"@type\":\"ListItem\",\"position\":2,\"name\":\"Die Aktivit\u00e4t von Sysmatec\",\"item\":\"https:\\\/\\\/sysmatec.ch\\\/de\\\/\"},{\"@type\":\"ListItem\",\"position\":3,\"name\":\"Vertikale Oberfl\u00e4chenprobenahme mit Reach&#8217;em\"}]},{\"@type\":\"WebSite\",\"@id\":\"https:\\\/\\\/sysmatec.ch\\\/de\\\/#website\",\"url\":\"https:\\\/\\\/sysmatec.ch\\\/de\\\/\",\"name\":\"Sysmatec\",\"description\":\"Equipement de laboratoire et logiciels\",\"publisher\":{\"@id\":\"https:\\\/\\\/sysmatec.ch\\\/de\\\/#organization\"},\"potentialAction\":[{\"@type\":\"SearchAction\",\"target\":{\"@type\":\"EntryPoint\",\"urlTemplate\":\"https:\\\/\\\/sysmatec.ch\\\/de\\\/?s={search_term_string}\"},\"query-input\":{\"@type\":\"PropertyValueSpecification\",\"valueRequired\":true,\"valueName\":\"search_term_string\"}}],\"inLanguage\":\"de\"},{\"@type\":\"Organization\",\"@id\":\"https:\\\/\\\/sysmatec.ch\\\/de\\\/#organization\",\"name\":\"Sysmatec\",\"url\":\"https:\\\/\\\/sysmatec.ch\\\/de\\\/\",\"logo\":{\"@type\":\"ImageObject\",\"inLanguage\":\"de\",\"@id\":\"https:\\\/\\\/sysmatec.ch\\\/de\\\/#\\\/schema\\\/logo\\\/image\\\/\",\"url\":\"https:\\\/\\\/sysmatec.ch\\\/wp-content\\\/uploads\\\/2018\\\/11\\\/LogoSysmatec.jpg\",\"contentUrl\":\"https:\\\/\\\/sysmatec.ch\\\/wp-content\\\/uploads\\\/2018\\\/11\\\/LogoSysmatec.jpg\",\"width\":301,\"height\":297,\"caption\":\"Sysmatec\"},\"image\":{\"@id\":\"https:\\\/\\\/sysmatec.ch\\\/de\\\/#\\\/schema\\\/logo\\\/image\\\/\"}}]}<\/script>\n<!-- \/ Yoast SEO plugin. -->","yoast_head_json":{"title":"Vertikale Oberfl\u00e4chenprobenahme mit Reach'em - Sysmatec","description":"Adapter f\u00fcr die Oberfl\u00e4chenprobenahme in der H\u00f6he an Decken mit starrem Griff und ber\u00fchrungslosem Schwammausl\u00f6semechanismus.","robots":{"index":"index","follow":"follow","max-snippet":"max-snippet:-1","max-image-preview":"max-image-preview:large","max-video-preview":"max-video-preview:-1"},"canonical":"https:\/\/sysmatec.ch\/de\/Produkt\/vertikale-oberflaechenprobenahme-mit-reachem\/","og_locale":"de_DE","og_type":"article","og_title":"Vertikale Oberfl\u00e4chenprobenahme mit Reach'em - Sysmatec","og_description":"Adapter f\u00fcr die Oberfl\u00e4chenprobenahme in der H\u00f6he an Decken mit starrem Griff und ber\u00fchrungslosem Schwammausl\u00f6semechanismus.","og_url":"https:\/\/sysmatec.ch\/de\/Produkt\/vertikale-oberflaechenprobenahme-mit-reachem\/","og_site_name":"Sysmatec","article_modified_time":"2026-04-09T16:52:10+00:00","og_image":[{"width":420,"height":424,"url":"https:\/\/sysmatec.ch\/wp-content\/uploads\/2026\/04\/AdapateurEchantillonnage_LabplasReachem.jpg","type":"image\/jpeg"}],"twitter_card":"summary_large_image","twitter_misc":{"Gesch\u00e4tzte Lesezeit":"1\u00a0Minute"},"schema":{"@context":"https:\/\/schema.org","@graph":[{"@type":"WebPage","@id":"https:\/\/sysmatec.ch\/de\/Produkt\/vertikale-oberflaechenprobenahme-mit-reachem\/","url":"https:\/\/sysmatec.ch\/de\/Produkt\/vertikale-oberflaechenprobenahme-mit-reachem\/","name":"Vertikale Oberfl\u00e4chenprobenahme mit Reach'em - Sysmatec","isPartOf":{"@id":"https:\/\/sysmatec.ch\/de\/#website"},"primaryImageOfPage":{"@id":"https:\/\/sysmatec.ch\/de\/Produkt\/vertikale-oberflaechenprobenahme-mit-reachem\/#primaryimage"},"image":{"@id":"https:\/\/sysmatec.ch\/de\/Produkt\/vertikale-oberflaechenprobenahme-mit-reachem\/#primaryimage"},"thumbnailUrl":"https:\/\/sysmatec.ch\/wp-content\/uploads\/2026\/04\/AdapateurEchantillonnage_LabplasReachem.jpg","datePublished":"2026-04-09T16:18:26+00:00","dateModified":"2026-04-09T16:52:10+00:00","description":"Adapter f\u00fcr die Oberfl\u00e4chenprobenahme in der H\u00f6he an Decken mit starrem Griff und ber\u00fchrungslosem Schwammausl\u00f6semechanismus.","breadcrumb":{"@id":"https:\/\/sysmatec.ch\/de\/Produkt\/vertikale-oberflaechenprobenahme-mit-reachem\/#breadcrumb"},"inLanguage":"de","potentialAction":[{"@type":"ReadAction","target":["https:\/\/sysmatec.ch\/de\/Produkt\/vertikale-oberflaechenprobenahme-mit-reachem\/"]}]},{"@type":"ImageObject","inLanguage":"de","@id":"https:\/\/sysmatec.ch\/de\/Produkt\/vertikale-oberflaechenprobenahme-mit-reachem\/#primaryimage","url":"https:\/\/sysmatec.ch\/wp-content\/uploads\/2026\/04\/AdapateurEchantillonnage_LabplasReachem.jpg","contentUrl":"https:\/\/sysmatec.ch\/wp-content\/uploads\/2026\/04\/AdapateurEchantillonnage_LabplasReachem.jpg","width":420,"height":424},{"@type":"BreadcrumbList","@id":"https:\/\/sysmatec.ch\/de\/Produkt\/vertikale-oberflaechenprobenahme-mit-reachem\/#breadcrumb","itemListElement":[{"@type":"ListItem","position":1,"name":"Accueil","item":"https:\/\/sysmatec.ch\/de\/"},{"@type":"ListItem","position":2,"name":"Die Aktivit\u00e4t von Sysmatec","item":"https:\/\/sysmatec.ch\/de\/"},{"@type":"ListItem","position":3,"name":"Vertikale Oberfl\u00e4chenprobenahme mit Reach&#8217;em"}]},{"@type":"WebSite","@id":"https:\/\/sysmatec.ch\/de\/#website","url":"https:\/\/sysmatec.ch\/de\/","name":"Sysmatec","description":"Equipement de laboratoire et logiciels","publisher":{"@id":"https:\/\/sysmatec.ch\/de\/#organization"},"potentialAction":[{"@type":"SearchAction","target":{"@type":"EntryPoint","urlTemplate":"https:\/\/sysmatec.ch\/de\/?s={search_term_string}"},"query-input":{"@type":"PropertyValueSpecification","valueRequired":true,"valueName":"search_term_string"}}],"inLanguage":"de"},{"@type":"Organization","@id":"https:\/\/sysmatec.ch\/de\/#organization","name":"Sysmatec","url":"https:\/\/sysmatec.ch\/de\/","logo":{"@type":"ImageObject","inLanguage":"de","@id":"https:\/\/sysmatec.ch\/de\/#\/schema\/logo\/image\/","url":"https:\/\/sysmatec.ch\/wp-content\/uploads\/2018\/11\/LogoSysmatec.jpg","contentUrl":"https:\/\/sysmatec.ch\/wp-content\/uploads\/2018\/11\/LogoSysmatec.jpg","width":301,"height":297,"caption":"Sysmatec"},"image":{"@id":"https:\/\/sysmatec.ch\/de\/#\/schema\/logo\/image\/"}}]}},"_links":{"self":[{"href":"https:\/\/sysmatec.ch\/de\/wp-json\/wp\/v2\/product\/32044","targetHints":{"allow":["GET"]}}],"collection":[{"href":"https:\/\/sysmatec.ch\/de\/wp-json\/wp\/v2\/product"}],"about":[{"href":"https:\/\/sysmatec.ch\/de\/wp-json\/wp\/v2\/types\/product"}],"wp:featuredmedia":[{"embeddable":true,"href":"https:\/\/sysmatec.ch\/de\/wp-json\/wp\/v2\/media\/32049"}],"wp:attachment":[{"href":"https:\/\/sysmatec.ch\/de\/wp-json\/wp\/v2\/media?parent=32044"}],"wp:term":[{"taxonomy":"product_brand","embeddable":true,"href":"https:\/\/sysmatec.ch\/de\/wp-json\/wp\/v2\/product_brand?post=32044"},{"taxonomy":"product_cat","embeddable":true,"href":"https:\/\/sysmatec.ch\/de\/wp-json\/wp\/v2\/product_cat?post=32044"},{"taxonomy":"product_tag","embeddable":true,"href":"https:\/\/sysmatec.ch\/de\/wp-json\/wp\/v2\/product_tag?post=32044"}],"curies":[{"name":"wp","href":"https:\/\/api.w.org\/{rel}","templated":true}]}}