{"id":32019,"date":"2026-03-30T20:45:04","date_gmt":"2026-03-30T18:45:04","guid":{"rendered":"https:\/\/sysmatec.ch\/?post_type=product&#038;p=32019"},"modified":"2026-03-30T21:28:06","modified_gmt":"2026-03-30T19:28:06","slug":"handhomogenisator-zur-probendispersion-d-160","status":"publish","type":"product","link":"https:\/\/sysmatec.ch\/de\/Produkt\/handhomogenisator-zur-probendispersion-d-160\/","title":{"rendered":"Handhomogenisator zur Probendispersion D-160"},"content":{"rendered":"<p>Dieser Homogenisator erm\u00f6glicht die schnelle und effiziente Homogenisierung von Proben in biologischen, klinischen und Forschungslaboren. Mit einem variablen Drehzahlbereich von 8.000\u201332.000 U\/min und verschiedenen Verarbeitungsvolumina stabilisiert, dispergiert und emulgiert er Probenmatrices mithilfe vollst\u00e4ndig autoklavierbarer Dispergierwellen aus Edelstahl 316L. Die leichte Bauweise erlaubt eine pr\u00e4zise manuelle Bedienung f\u00fcr die routinem\u00e4\u00dfige Probenvorbereitung.<\/p>\n<p>Der Homogenisator D-160 erzeugt hohe Rotor-Stator-Scherkr\u00e4fte bei linearen Geschwindigkeiten von 6,3 m\/s bis 14 m\/s. Die 10-stufige Drehzahlregelung erm\u00f6glicht eine pr\u00e4zise Probenverarbeitung und gew\u00e4hrleistet eine gleichm\u00e4\u00dfige Dispergierung, Emulgierung und Partikelgr\u00f6\u00dfenreduktion auch komplexer biologischer Matrices. Dies garantiert eine reproduzierbare Homogenisierung von Gewebe, Zellsuspensionen und viskosen Proben bis zu 5.000 mPas.<\/p>\n<h2>Vorteile<\/h2>\n<ul>\n<li>Unterst\u00fctzt einen breiten Volumenbereich (0,1\u2013250 ml) durch austauschbare Dispergierwellen<\/li>\n<li>Die Konstruktion aus Edelstahl 316L gew\u00e4hrleistet Langlebigkeit und vollst\u00e4ndige Autoklavierbarkeit<\/li>\n<li>Hohe Scherleistung, geeignet f\u00fcr den Aufschluss von Gewebe, Hefen, Pflanzen und Bakterien<\/li>\n<li>Geringer Ger\u00e4uschpegel von nur 72 dB(A) f\u00fcr komfortables Arbeiten am Arbeitsplatz<\/li>\n<li>10-stufige, benutzergesteuerte Geschwindigkeitsregelung f\u00fcr reproduzierbare Homogenisierungsabl\u00e4ufe<\/li>\n<li>Kompaktes, tragbares Design mit ergonomischer Handform.<\/li>\n<li>Kompatibel mit Standard-Laborstativen f\u00fcr l\u00e4ngere Mischvorg\u00e4nge.<\/li>\n<\/ul>\n<h2>Verteilersch\u00e4chte<\/h2>\n<p>mit dem Ger\u00e4t geliefert<\/p>\n<p>DS-160\/5, ref 18900543<\/p>\n<ul>\n<li>Volumen 0,1\u201350 ml<\/li>\n<li>Max. Umfangsgeschwindigkeit 6,3 m\/s<\/li>\n<li>Material: Edelstahl 316L<\/li>\n<li>Anwendung: Gemische aus kleinen Mengen Feststoff\/Fl\u00fcssigkeit<\/li>\n<li>Funktion: Dispergierwerkzeug f\u00fcr feste\/fl\u00fcssige Medien<\/li>\n<\/ul>\n<p>DS-160\/7, ref.\u00a0 18900815<\/p>\n<ul>\n<li>Volumen 1\u2013150 ml<\/li>\n<li>Max. Umfangsgeschwindigkeit 10 m\/s<\/li>\n<li>Material: Edelstahl 316L<\/li>\n<li>Anwendung: Kleine Mengen von Feststoff-\/Fl\u00fcssigkeitsgemischen<\/li>\n<li>Funktion: Dispergierwerkzeug f\u00fcr Feststoff-\/Fl\u00fcssigkeitsmedien<\/li>\n<\/ul>\n<p>DS-160\/10, ref. 18900544<\/p>\n<ul>\n<li>Volumen 1\u2013250 ml<\/li>\n<li>Max. Umfangsgeschwindigkeit 14 m\/s<\/li>\n<li>Material: Edelstahl 316L<\/li>\n<li>Anwendung: Gemische aus kleinen Mengen Feststoff\/Fl\u00fcssigkeit<\/li>\n<li>Funktion: Dispergierwerkzeug f\u00fcr Feststoff\/Fl\u00fcssigkeit<\/li>\n<\/ul>\n<h2>Spezifikationen<\/h2>\n<ul>\n<li>Drehzahlbereich 8000\u201332000 U\/min<\/li>\n<li>Maximale Umfangsgeschwindigkeit 6.3, 10, 14 m\/s<\/li>\n<li>Geschwindigkeitsstufen 10<\/li>\n<li>Arbeitsvolumen [H\u2082O] 0,1\u201350 ml (Dispergierwelle DS-160\/5), 1\u2013150 ml (Dispergierwelle DS-160\/7), 1\u2013250 ml (Dispergierwelle DS-160\/10)<\/li>\n<li>Max. Viskosit\u00e4t: 5.000 mPas<\/li>\n<li>Material der Dispergierwelle: Edelstahl SS 316L, PTFE<\/li>\n<li>Ger\u00e4uschpegel: 72 dB(A)<\/li>\n<li>Schutzart: IP20<\/li>\n<li>Spannung, Frequenz: 110\u2013120 V \/ 60 Hz, 220\u2013240 V \/ 50\u201360 Hz<\/li>\n<li>Leistung: 160 W<\/li>\n<li>Motortyp: Wechselstrommotor mit Kohleb\u00fcrsten<\/li>\n<li>Abmessungen (B \u00d7 T \u00d7 H): 45 mm \u00d7 55 mm \u00d7 190 mm<\/li>\n<li>Gewicht: 0,54 kg<\/li>\n<li>Zul\u00e4ssige Umgebungstemperatur und -feuchtigkeit: 0\u201340 \u00b0C, 85 % relative Luftfeuchtigkeit<\/li>\n<\/ul>\n<p>&nbsp;<\/p>\n","protected":false},"excerpt":{"rendered":"<p>Gewebezerkleinerer und Homogenisator.<\/p>\n","protected":false},"featured_media":32024,"template":"","meta":{"_crdt_document":""},"product_brand":[],"product_cat":[95,163],"product_tag":[],"class_list":{"0":"post-32019","1":"product","2":"type-product","3":"status-publish","4":"has-post-thumbnail","6":"product_cat-motor-de","7":"product_cat-muehle","9":"first","10":"instock","11":"taxable","12":"shipping-taxable","13":"product-type-simple"},"yoast_head":"<!-- This site is optimized with the Yoast SEO plugin v27.4 - https:\/\/yoast.com\/product\/yoast-seo-wordpress\/ -->\n<title>Handhomogenisator zur Probendispersion D-160 - Sysmatec<\/title>\n<meta name=\"description\" content=\"Gewebezerkleinerer und Homogenisator. Motordrehzahl von 8.000 bis 32.000 U\/min. Arbeitsvolumen von 0,1 bis 250 ml.\" \/>\n<meta name=\"robots\" content=\"index, follow, max-snippet:-1, max-image-preview:large, max-video-preview:-1\" \/>\n<link rel=\"canonical\" href=\"https:\/\/sysmatec.ch\/de\/Produkt\/handhomogenisator-zur-probendispersion-d-160\/\" \/>\n<meta property=\"og:locale\" content=\"de_DE\" \/>\n<meta property=\"og:type\" content=\"article\" \/>\n<meta property=\"og:title\" content=\"Handhomogenisator zur Probendispersion D-160 - Sysmatec\" \/>\n<meta property=\"og:description\" content=\"Gewebezerkleinerer und Homogenisator. Motordrehzahl von 8.000 bis 32.000 U\/min. Arbeitsvolumen von 0,1 bis 250 ml.\" \/>\n<meta property=\"og:url\" content=\"https:\/\/sysmatec.ch\/de\/Produkt\/handhomogenisator-zur-probendispersion-d-160\/\" \/>\n<meta property=\"og:site_name\" content=\"Sysmatec\" \/>\n<meta property=\"article:modified_time\" content=\"2026-03-30T19:28:06+00:00\" \/>\n<meta property=\"og:image\" content=\"https:\/\/sysmatec.ch\/wp-content\/uploads\/2026\/03\/Broyeur_D160AELab.jpg\" \/>\n\t<meta property=\"og:image:width\" content=\"428\" \/>\n\t<meta property=\"og:image:height\" content=\"528\" \/>\n\t<meta property=\"og:image:type\" content=\"image\/jpeg\" \/>\n<meta name=\"twitter:card\" content=\"summary_large_image\" \/>\n<meta name=\"twitter:label1\" content=\"Gesch\u00e4tzte Lesezeit\" \/>\n\t<meta name=\"twitter:data1\" content=\"2\u00a0Minuten\" \/>\n<script type=\"application\/ld+json\" class=\"yoast-schema-graph\">{\"@context\":\"https:\\\/\\\/schema.org\",\"@graph\":[{\"@type\":\"WebPage\",\"@id\":\"https:\\\/\\\/sysmatec.ch\\\/de\\\/Produkt\\\/handhomogenisator-zur-probendispersion-d-160\\\/\",\"url\":\"https:\\\/\\\/sysmatec.ch\\\/de\\\/Produkt\\\/handhomogenisator-zur-probendispersion-d-160\\\/\",\"name\":\"Handhomogenisator zur Probendispersion D-160 - Sysmatec\",\"isPartOf\":{\"@id\":\"https:\\\/\\\/sysmatec.ch\\\/de\\\/#website\"},\"primaryImageOfPage\":{\"@id\":\"https:\\\/\\\/sysmatec.ch\\\/de\\\/Produkt\\\/handhomogenisator-zur-probendispersion-d-160\\\/#primaryimage\"},\"image\":{\"@id\":\"https:\\\/\\\/sysmatec.ch\\\/de\\\/Produkt\\\/handhomogenisator-zur-probendispersion-d-160\\\/#primaryimage\"},\"thumbnailUrl\":\"https:\\\/\\\/sysmatec.ch\\\/wp-content\\\/uploads\\\/2026\\\/03\\\/Broyeur_D160AELab.jpg\",\"datePublished\":\"2026-03-30T18:45:04+00:00\",\"dateModified\":\"2026-03-30T19:28:06+00:00\",\"description\":\"Gewebezerkleinerer und Homogenisator. Motordrehzahl von 8.000 bis 32.000 U\\\/min. Arbeitsvolumen von 0,1 bis 250 ml.\",\"breadcrumb\":{\"@id\":\"https:\\\/\\\/sysmatec.ch\\\/de\\\/Produkt\\\/handhomogenisator-zur-probendispersion-d-160\\\/#breadcrumb\"},\"inLanguage\":\"de\",\"potentialAction\":[{\"@type\":\"ReadAction\",\"target\":[\"https:\\\/\\\/sysmatec.ch\\\/de\\\/Produkt\\\/handhomogenisator-zur-probendispersion-d-160\\\/\"]}]},{\"@type\":\"ImageObject\",\"inLanguage\":\"de\",\"@id\":\"https:\\\/\\\/sysmatec.ch\\\/de\\\/Produkt\\\/handhomogenisator-zur-probendispersion-d-160\\\/#primaryimage\",\"url\":\"https:\\\/\\\/sysmatec.ch\\\/wp-content\\\/uploads\\\/2026\\\/03\\\/Broyeur_D160AELab.jpg\",\"contentUrl\":\"https:\\\/\\\/sysmatec.ch\\\/wp-content\\\/uploads\\\/2026\\\/03\\\/Broyeur_D160AELab.jpg\",\"width\":428,\"height\":528},{\"@type\":\"BreadcrumbList\",\"@id\":\"https:\\\/\\\/sysmatec.ch\\\/de\\\/Produkt\\\/handhomogenisator-zur-probendispersion-d-160\\\/#breadcrumb\",\"itemListElement\":[{\"@type\":\"ListItem\",\"position\":1,\"name\":\"Accueil\",\"item\":\"https:\\\/\\\/sysmatec.ch\\\/de\\\/\"},{\"@type\":\"ListItem\",\"position\":2,\"name\":\"Die Aktivit\u00e4t von Sysmatec\",\"item\":\"https:\\\/\\\/sysmatec.ch\\\/de\\\/\"},{\"@type\":\"ListItem\",\"position\":3,\"name\":\"Handhomogenisator zur Probendispersion D-160\"}]},{\"@type\":\"WebSite\",\"@id\":\"https:\\\/\\\/sysmatec.ch\\\/de\\\/#website\",\"url\":\"https:\\\/\\\/sysmatec.ch\\\/de\\\/\",\"name\":\"Sysmatec\",\"description\":\"Equipement de laboratoire et logiciels\",\"publisher\":{\"@id\":\"https:\\\/\\\/sysmatec.ch\\\/de\\\/#organization\"},\"potentialAction\":[{\"@type\":\"SearchAction\",\"target\":{\"@type\":\"EntryPoint\",\"urlTemplate\":\"https:\\\/\\\/sysmatec.ch\\\/de\\\/?s={search_term_string}\"},\"query-input\":{\"@type\":\"PropertyValueSpecification\",\"valueRequired\":true,\"valueName\":\"search_term_string\"}}],\"inLanguage\":\"de\"},{\"@type\":\"Organization\",\"@id\":\"https:\\\/\\\/sysmatec.ch\\\/de\\\/#organization\",\"name\":\"Sysmatec\",\"url\":\"https:\\\/\\\/sysmatec.ch\\\/de\\\/\",\"logo\":{\"@type\":\"ImageObject\",\"inLanguage\":\"de\",\"@id\":\"https:\\\/\\\/sysmatec.ch\\\/de\\\/#\\\/schema\\\/logo\\\/image\\\/\",\"url\":\"https:\\\/\\\/sysmatec.ch\\\/wp-content\\\/uploads\\\/2018\\\/11\\\/LogoSysmatec.jpg\",\"contentUrl\":\"https:\\\/\\\/sysmatec.ch\\\/wp-content\\\/uploads\\\/2018\\\/11\\\/LogoSysmatec.jpg\",\"width\":301,\"height\":297,\"caption\":\"Sysmatec\"},\"image\":{\"@id\":\"https:\\\/\\\/sysmatec.ch\\\/de\\\/#\\\/schema\\\/logo\\\/image\\\/\"}}]}<\/script>\n<!-- \/ Yoast SEO plugin. -->","yoast_head_json":{"title":"Handhomogenisator zur Probendispersion D-160 - Sysmatec","description":"Gewebezerkleinerer und Homogenisator. Motordrehzahl von 8.000 bis 32.000 U\/min. Arbeitsvolumen von 0,1 bis 250 ml.","robots":{"index":"index","follow":"follow","max-snippet":"max-snippet:-1","max-image-preview":"max-image-preview:large","max-video-preview":"max-video-preview:-1"},"canonical":"https:\/\/sysmatec.ch\/de\/Produkt\/handhomogenisator-zur-probendispersion-d-160\/","og_locale":"de_DE","og_type":"article","og_title":"Handhomogenisator zur Probendispersion D-160 - Sysmatec","og_description":"Gewebezerkleinerer und Homogenisator. Motordrehzahl von 8.000 bis 32.000 U\/min. Arbeitsvolumen von 0,1 bis 250 ml.","og_url":"https:\/\/sysmatec.ch\/de\/Produkt\/handhomogenisator-zur-probendispersion-d-160\/","og_site_name":"Sysmatec","article_modified_time":"2026-03-30T19:28:06+00:00","og_image":[{"width":428,"height":528,"url":"https:\/\/sysmatec.ch\/wp-content\/uploads\/2026\/03\/Broyeur_D160AELab.jpg","type":"image\/jpeg"}],"twitter_card":"summary_large_image","twitter_misc":{"Gesch\u00e4tzte Lesezeit":"2\u00a0Minuten"},"schema":{"@context":"https:\/\/schema.org","@graph":[{"@type":"WebPage","@id":"https:\/\/sysmatec.ch\/de\/Produkt\/handhomogenisator-zur-probendispersion-d-160\/","url":"https:\/\/sysmatec.ch\/de\/Produkt\/handhomogenisator-zur-probendispersion-d-160\/","name":"Handhomogenisator zur Probendispersion D-160 - Sysmatec","isPartOf":{"@id":"https:\/\/sysmatec.ch\/de\/#website"},"primaryImageOfPage":{"@id":"https:\/\/sysmatec.ch\/de\/Produkt\/handhomogenisator-zur-probendispersion-d-160\/#primaryimage"},"image":{"@id":"https:\/\/sysmatec.ch\/de\/Produkt\/handhomogenisator-zur-probendispersion-d-160\/#primaryimage"},"thumbnailUrl":"https:\/\/sysmatec.ch\/wp-content\/uploads\/2026\/03\/Broyeur_D160AELab.jpg","datePublished":"2026-03-30T18:45:04+00:00","dateModified":"2026-03-30T19:28:06+00:00","description":"Gewebezerkleinerer und Homogenisator. Motordrehzahl von 8.000 bis 32.000 U\/min. Arbeitsvolumen von 0,1 bis 250 ml.","breadcrumb":{"@id":"https:\/\/sysmatec.ch\/de\/Produkt\/handhomogenisator-zur-probendispersion-d-160\/#breadcrumb"},"inLanguage":"de","potentialAction":[{"@type":"ReadAction","target":["https:\/\/sysmatec.ch\/de\/Produkt\/handhomogenisator-zur-probendispersion-d-160\/"]}]},{"@type":"ImageObject","inLanguage":"de","@id":"https:\/\/sysmatec.ch\/de\/Produkt\/handhomogenisator-zur-probendispersion-d-160\/#primaryimage","url":"https:\/\/sysmatec.ch\/wp-content\/uploads\/2026\/03\/Broyeur_D160AELab.jpg","contentUrl":"https:\/\/sysmatec.ch\/wp-content\/uploads\/2026\/03\/Broyeur_D160AELab.jpg","width":428,"height":528},{"@type":"BreadcrumbList","@id":"https:\/\/sysmatec.ch\/de\/Produkt\/handhomogenisator-zur-probendispersion-d-160\/#breadcrumb","itemListElement":[{"@type":"ListItem","position":1,"name":"Accueil","item":"https:\/\/sysmatec.ch\/de\/"},{"@type":"ListItem","position":2,"name":"Die Aktivit\u00e4t von Sysmatec","item":"https:\/\/sysmatec.ch\/de\/"},{"@type":"ListItem","position":3,"name":"Handhomogenisator zur Probendispersion D-160"}]},{"@type":"WebSite","@id":"https:\/\/sysmatec.ch\/de\/#website","url":"https:\/\/sysmatec.ch\/de\/","name":"Sysmatec","description":"Equipement de laboratoire et logiciels","publisher":{"@id":"https:\/\/sysmatec.ch\/de\/#organization"},"potentialAction":[{"@type":"SearchAction","target":{"@type":"EntryPoint","urlTemplate":"https:\/\/sysmatec.ch\/de\/?s={search_term_string}"},"query-input":{"@type":"PropertyValueSpecification","valueRequired":true,"valueName":"search_term_string"}}],"inLanguage":"de"},{"@type":"Organization","@id":"https:\/\/sysmatec.ch\/de\/#organization","name":"Sysmatec","url":"https:\/\/sysmatec.ch\/de\/","logo":{"@type":"ImageObject","inLanguage":"de","@id":"https:\/\/sysmatec.ch\/de\/#\/schema\/logo\/image\/","url":"https:\/\/sysmatec.ch\/wp-content\/uploads\/2018\/11\/LogoSysmatec.jpg","contentUrl":"https:\/\/sysmatec.ch\/wp-content\/uploads\/2018\/11\/LogoSysmatec.jpg","width":301,"height":297,"caption":"Sysmatec"},"image":{"@id":"https:\/\/sysmatec.ch\/de\/#\/schema\/logo\/image\/"}}]}},"_links":{"self":[{"href":"https:\/\/sysmatec.ch\/de\/wp-json\/wp\/v2\/product\/32019","targetHints":{"allow":["GET"]}}],"collection":[{"href":"https:\/\/sysmatec.ch\/de\/wp-json\/wp\/v2\/product"}],"about":[{"href":"https:\/\/sysmatec.ch\/de\/wp-json\/wp\/v2\/types\/product"}],"wp:featuredmedia":[{"embeddable":true,"href":"https:\/\/sysmatec.ch\/de\/wp-json\/wp\/v2\/media\/32024"}],"wp:attachment":[{"href":"https:\/\/sysmatec.ch\/de\/wp-json\/wp\/v2\/media?parent=32019"}],"wp:term":[{"taxonomy":"product_brand","embeddable":true,"href":"https:\/\/sysmatec.ch\/de\/wp-json\/wp\/v2\/product_brand?post=32019"},{"taxonomy":"product_cat","embeddable":true,"href":"https:\/\/sysmatec.ch\/de\/wp-json\/wp\/v2\/product_cat?post=32019"},{"taxonomy":"product_tag","embeddable":true,"href":"https:\/\/sysmatec.ch\/de\/wp-json\/wp\/v2\/product_tag?post=32019"}],"curies":[{"name":"wp","href":"https:\/\/api.w.org\/{rel}","templated":true}]}}