{"id":32013,"date":"2026-03-30T18:48:34","date_gmt":"2026-03-30T16:48:34","guid":{"rendered":"https:\/\/sysmatec.ch\/?post_type=product&#038;p=32013"},"modified":"2026-03-30T19:21:22","modified_gmt":"2026-03-30T17:21:22","slug":"gewebezerkleinerer-und-homogenisator-t10-battery-complete","status":"publish","type":"product","link":"https:\/\/sysmatec.ch\/de\/Produkt\/gewebezerkleinerer-und-homogenisator-t10-battery-complete\/","title":{"rendered":"Gewebezerkleinerer und Homogenisator T10 Battery Complete"},"content":{"rendered":"<p>Es ist eine Komplettl\u00f6sung f\u00fcr den Dispergierbetrieb auf dem Labortisch und umfasst im Lieferumfang ein wiederverwendbares Dispergierwerkzeug aus Edelstahl (5 mm), ein Stativ und eine Klemme.<\/p>\n<h2>Beschreibung<\/h2>\n<ul>\n<li>Gro\u00dfes LCD-Display f\u00fcr die klare Darstellung der Parameter<\/li>\n<li>B\u00fcrstenloser DC-Motor f\u00fcr leiseren Betrieb<\/li>\n<li>Pr\u00e4zise Geschwindigkeitseinstellung mit numerischen Werten<\/li>\n<li>Timer- und Z\u00e4hlerfunktionen f\u00fcr reproduzierbaren und pr\u00e4zisen Betrieb<\/li>\n<li>Wiederaufladbarer Akku mit zwei Ladem\u00f6glichkeiten: entweder direkt \u00fcber ein USB-C-Kabel oder \u00fcber eine Ladeklemme<\/li>\n<\/ul>\n<h2>Technische Daten<\/h2>\n<table id=\"tech_data\" cellspacing=\"0\" cellpadding=\"0\">\n<tbody>\n<tr class=\"ika-flex-table-row\">\n<td class=\"ika-flex-table-column\">Motorleistung Aufnahme<\/td>\n<td class=\"ika-flex-table-column\">30 W<\/td>\n<\/tr>\n<tr class=\"ika-flex-table-row\">\n<td class=\"ika-flex-table-column\">Motorleistung Abgabe<\/td>\n<td class=\"ika-flex-table-column\">25 W<\/td>\n<\/tr>\n<tr class=\"ika-flex-table-row\">\n<td class=\"ika-flex-table-column\">Bearbeitbares Volumen (H2O)<\/td>\n<td class=\"ika-flex-table-column\">0.0005 &#8211; 0.1 l<\/td>\n<\/tr>\n<tr class=\"ika-flex-table-row\">\n<td class=\"ika-flex-table-column\">Viskosit\u00e4t max.<\/td>\n<td class=\"ika-flex-table-column\">200 mPas<\/td>\n<\/tr>\n<tr class=\"ika-flex-table-row\">\n<td class=\"ika-flex-table-column\">Drehzahlbereich<\/td>\n<td class=\"ika-flex-table-column\">8000 &#8211; 30000 rpm<\/td>\n<\/tr>\n<tr class=\"ika-flex-table-row\">\n<td class=\"ika-flex-table-column\">Drehzahlabweichung<\/td>\n<td class=\"ika-flex-table-column\">5 %<\/td>\n<\/tr>\n<tr class=\"ika-flex-table-row\">\n<td class=\"ika-flex-table-column\">Drehzahlanzeige<\/td>\n<td class=\"ika-flex-table-column\">LCD<\/td>\n<\/tr>\n<tr class=\"ika-flex-table-row\">\n<td class=\"ika-flex-table-column\">Einstellm\u00f6glichkeit Drehzahl<\/td>\n<td class=\"ika-flex-table-column\">Stufenlos<\/td>\n<\/tr>\n<tr class=\"ika-flex-table-row\">\n<td class=\"ika-flex-table-column\">Lautst\u00e4rke ohne Werkzeug<\/td>\n<td class=\"ika-flex-table-column\">65 dB(A)<\/td>\n<\/tr>\n<tr class=\"ika-flex-table-row\">\n<td class=\"ika-flex-table-column\">Motorprinzip<\/td>\n<td class=\"ika-flex-table-column\">B\u00fcrstenlos Gleichstrom<\/td>\n<\/tr>\n<tr class=\"ika-flex-table-row\">\n<td class=\"ika-flex-table-column\">Processtyp<\/td>\n<td class=\"ika-flex-table-column\">batch<\/td>\n<\/tr>\n<tr class=\"ika-flex-table-row\">\n<td class=\"ika-flex-table-column\">Einschaltdauer EIN<\/td>\n<td class=\"ika-flex-table-column\">10 min<\/td>\n<\/tr>\n<tr class=\"ika-flex-table-row\">\n<td class=\"ika-flex-table-column\">Einschaltdauer AUS<\/td>\n<td class=\"ika-flex-table-column\">5 min<\/td>\n<\/tr>\n<tr class=\"ika-flex-table-row\">\n<td class=\"ika-flex-table-column\">Zeitschaltuhr<\/td>\n<td class=\"ika-flex-table-column\">ja<\/td>\n<\/tr>\n<tr class=\"ika-flex-table-row\">\n<td class=\"ika-flex-table-column\">Anzeige Zeitschaltuhr<\/td>\n<td class=\"ika-flex-table-column\">LCD<\/td>\n<\/tr>\n<tr class=\"ika-flex-table-row\">\n<td class=\"ika-flex-table-column\">Abmessungen (B x H x T)<\/td>\n<td class=\"ika-flex-table-column\">53 x 239 x 70 mm<\/td>\n<\/tr>\n<tr class=\"ika-flex-table-row\">\n<td class=\"ika-flex-table-column\">Gewicht<\/td>\n<td class=\"ika-flex-table-column\">0.5 kg<\/td>\n<\/tr>\n<tr class=\"ika-flex-table-row\">\n<td class=\"ika-flex-table-column\">Zul\u00e4ssiger Umgebungstemperaturbereich<\/td>\n<td class=\"ika-flex-table-column\">5 &#8211; 40 \u00b0C<\/td>\n<\/tr>\n<tr class=\"ika-flex-table-row\">\n<td class=\"ika-flex-table-column\">Zul\u00e4ssige Relative Feuchte<\/td>\n<td class=\"ika-flex-table-column\">80 %<\/td>\n<\/tr>\n<tr class=\"ika-flex-table-row\">\n<td class=\"ika-flex-table-column\">USB Schnittstelle<\/td>\n<td class=\"ika-flex-table-column\">USB-C<\/td>\n<\/tr>\n<tr class=\"ika-flex-table-row\">\n<td class=\"ika-flex-table-column\">Ger\u00e4teaufnahmeleistung max.<\/td>\n<td class=\"ika-flex-table-column\">45 W<\/td>\n<\/tr>\n<tr class=\"ika-flex-table-row\">\n<td class=\"ika-flex-table-column\">Ger\u00e4teaufnahmeleistung Standby<\/td>\n<td class=\"ika-flex-table-column\">0.1 W<\/td>\n<\/tr>\n<tr class=\"ika-flex-table-row\">\n<td class=\"ika-flex-table-column\">Gleichspannung<\/td>\n<td class=\"ika-flex-table-column\">15 V=<\/td>\n<\/tr>\n<tr class=\"ika-flex-table-row\">\n<td class=\"ika-flex-table-column\">Stromaufnahme<\/td>\n<td class=\"ika-flex-table-column\">3000 mA<\/td>\n<\/tr>\n<\/tbody>\n<\/table>\n<h2>Lieferumfang<\/h2>\n<ul>\n<li>T 10 battery ULTRA-TURRAX\u00ae<\/li>\n<li>S 10 N &#8211; 5 G Dispergierwerkzeug<\/li>\n<li>H 44 Kreuzmuffe<\/li>\n<li>R 104 Stativ<\/li>\n<\/ul>\n<p>&nbsp;<\/p>\n","protected":false},"excerpt":{"rendered":"<p>Gewebezerkleinerer und Homogenisator.<\/p>\n","protected":false},"featured_media":32016,"template":"","meta":{"_crdt_document":""},"product_brand":[],"product_cat":[95,163],"product_tag":[],"class_list":{"0":"post-32013","1":"product","2":"type-product","3":"status-publish","4":"has-post-thumbnail","6":"product_cat-motor-de","7":"product_cat-muehle","9":"first","10":"instock","11":"taxable","12":"shipping-taxable","13":"product-type-simple"},"yoast_head":"<!-- This site is optimized with the Yoast SEO plugin v27.4 - https:\/\/yoast.com\/product\/yoast-seo-wordpress\/ -->\n<title>Gewebezerkleinerer und Homogenisator T10 Battery Complete - Sysmatec<\/title>\n<meta name=\"description\" content=\"Gewebezerkleinerer und Homogenisator. Motordrehzahl von 8.000 bis 30.000 U\/min. Arbeitsvolumen von 0,5 bis 100 ml.\" \/>\n<meta name=\"robots\" content=\"index, follow, max-snippet:-1, max-image-preview:large, max-video-preview:-1\" \/>\n<link rel=\"canonical\" href=\"https:\/\/sysmatec.ch\/de\/Produkt\/gewebezerkleinerer-und-homogenisator-t10-battery-complete\/\" \/>\n<meta property=\"og:locale\" content=\"de_DE\" \/>\n<meta property=\"og:type\" content=\"article\" \/>\n<meta property=\"og:title\" content=\"Gewebezerkleinerer und Homogenisator T10 Battery Complete - Sysmatec\" \/>\n<meta property=\"og:description\" content=\"Gewebezerkleinerer und Homogenisator. Motordrehzahl von 8.000 bis 30.000 U\/min. Arbeitsvolumen von 0,5 bis 100 ml.\" \/>\n<meta property=\"og:url\" content=\"https:\/\/sysmatec.ch\/de\/Produkt\/gewebezerkleinerer-und-homogenisator-t10-battery-complete\/\" \/>\n<meta property=\"og:site_name\" content=\"Sysmatec\" \/>\n<meta property=\"article:modified_time\" content=\"2026-03-30T17:21:22+00:00\" \/>\n<meta property=\"og:image\" content=\"https:\/\/sysmatec.ch\/wp-content\/uploads\/2026\/03\/Broyeur_IKAT10.jpg\" \/>\n\t<meta property=\"og:image:width\" content=\"685\" \/>\n\t<meta property=\"og:image:height\" content=\"841\" \/>\n\t<meta property=\"og:image:type\" content=\"image\/jpeg\" \/>\n<meta name=\"twitter:card\" content=\"summary_large_image\" \/>\n<meta name=\"twitter:label1\" content=\"Gesch\u00e4tzte Lesezeit\" \/>\n\t<meta name=\"twitter:data1\" content=\"2\u00a0Minuten\" \/>\n<script type=\"application\/ld+json\" class=\"yoast-schema-graph\">{\"@context\":\"https:\\\/\\\/schema.org\",\"@graph\":[{\"@type\":\"WebPage\",\"@id\":\"https:\\\/\\\/sysmatec.ch\\\/de\\\/Produkt\\\/gewebezerkleinerer-und-homogenisator-t10-battery-complete\\\/\",\"url\":\"https:\\\/\\\/sysmatec.ch\\\/de\\\/Produkt\\\/gewebezerkleinerer-und-homogenisator-t10-battery-complete\\\/\",\"name\":\"Gewebezerkleinerer und Homogenisator T10 Battery Complete - Sysmatec\",\"isPartOf\":{\"@id\":\"https:\\\/\\\/sysmatec.ch\\\/de\\\/#website\"},\"primaryImageOfPage\":{\"@id\":\"https:\\\/\\\/sysmatec.ch\\\/de\\\/Produkt\\\/gewebezerkleinerer-und-homogenisator-t10-battery-complete\\\/#primaryimage\"},\"image\":{\"@id\":\"https:\\\/\\\/sysmatec.ch\\\/de\\\/Produkt\\\/gewebezerkleinerer-und-homogenisator-t10-battery-complete\\\/#primaryimage\"},\"thumbnailUrl\":\"https:\\\/\\\/sysmatec.ch\\\/wp-content\\\/uploads\\\/2026\\\/03\\\/Broyeur_IKAT10.jpg\",\"datePublished\":\"2026-03-30T16:48:34+00:00\",\"dateModified\":\"2026-03-30T17:21:22+00:00\",\"description\":\"Gewebezerkleinerer und Homogenisator. Motordrehzahl von 8.000 bis 30.000 U\\\/min. Arbeitsvolumen von 0,5 bis 100 ml.\",\"breadcrumb\":{\"@id\":\"https:\\\/\\\/sysmatec.ch\\\/de\\\/Produkt\\\/gewebezerkleinerer-und-homogenisator-t10-battery-complete\\\/#breadcrumb\"},\"inLanguage\":\"de\",\"potentialAction\":[{\"@type\":\"ReadAction\",\"target\":[\"https:\\\/\\\/sysmatec.ch\\\/de\\\/Produkt\\\/gewebezerkleinerer-und-homogenisator-t10-battery-complete\\\/\"]}]},{\"@type\":\"ImageObject\",\"inLanguage\":\"de\",\"@id\":\"https:\\\/\\\/sysmatec.ch\\\/de\\\/Produkt\\\/gewebezerkleinerer-und-homogenisator-t10-battery-complete\\\/#primaryimage\",\"url\":\"https:\\\/\\\/sysmatec.ch\\\/wp-content\\\/uploads\\\/2026\\\/03\\\/Broyeur_IKAT10.jpg\",\"contentUrl\":\"https:\\\/\\\/sysmatec.ch\\\/wp-content\\\/uploads\\\/2026\\\/03\\\/Broyeur_IKAT10.jpg\",\"width\":685,\"height\":841},{\"@type\":\"BreadcrumbList\",\"@id\":\"https:\\\/\\\/sysmatec.ch\\\/de\\\/Produkt\\\/gewebezerkleinerer-und-homogenisator-t10-battery-complete\\\/#breadcrumb\",\"itemListElement\":[{\"@type\":\"ListItem\",\"position\":1,\"name\":\"Accueil\",\"item\":\"https:\\\/\\\/sysmatec.ch\\\/de\\\/\"},{\"@type\":\"ListItem\",\"position\":2,\"name\":\"Die Aktivit\u00e4t von Sysmatec\",\"item\":\"https:\\\/\\\/sysmatec.ch\\\/de\\\/\"},{\"@type\":\"ListItem\",\"position\":3,\"name\":\"Gewebezerkleinerer und Homogenisator T10 Battery Complete\"}]},{\"@type\":\"WebSite\",\"@id\":\"https:\\\/\\\/sysmatec.ch\\\/de\\\/#website\",\"url\":\"https:\\\/\\\/sysmatec.ch\\\/de\\\/\",\"name\":\"Sysmatec\",\"description\":\"Equipement de laboratoire et logiciels\",\"publisher\":{\"@id\":\"https:\\\/\\\/sysmatec.ch\\\/de\\\/#organization\"},\"potentialAction\":[{\"@type\":\"SearchAction\",\"target\":{\"@type\":\"EntryPoint\",\"urlTemplate\":\"https:\\\/\\\/sysmatec.ch\\\/de\\\/?s={search_term_string}\"},\"query-input\":{\"@type\":\"PropertyValueSpecification\",\"valueRequired\":true,\"valueName\":\"search_term_string\"}}],\"inLanguage\":\"de\"},{\"@type\":\"Organization\",\"@id\":\"https:\\\/\\\/sysmatec.ch\\\/de\\\/#organization\",\"name\":\"Sysmatec\",\"url\":\"https:\\\/\\\/sysmatec.ch\\\/de\\\/\",\"logo\":{\"@type\":\"ImageObject\",\"inLanguage\":\"de\",\"@id\":\"https:\\\/\\\/sysmatec.ch\\\/de\\\/#\\\/schema\\\/logo\\\/image\\\/\",\"url\":\"https:\\\/\\\/sysmatec.ch\\\/wp-content\\\/uploads\\\/2018\\\/11\\\/LogoSysmatec.jpg\",\"contentUrl\":\"https:\\\/\\\/sysmatec.ch\\\/wp-content\\\/uploads\\\/2018\\\/11\\\/LogoSysmatec.jpg\",\"width\":301,\"height\":297,\"caption\":\"Sysmatec\"},\"image\":{\"@id\":\"https:\\\/\\\/sysmatec.ch\\\/de\\\/#\\\/schema\\\/logo\\\/image\\\/\"}}]}<\/script>\n<!-- \/ Yoast SEO plugin. -->","yoast_head_json":{"title":"Gewebezerkleinerer und Homogenisator T10 Battery Complete - Sysmatec","description":"Gewebezerkleinerer und Homogenisator. Motordrehzahl von 8.000 bis 30.000 U\/min. Arbeitsvolumen von 0,5 bis 100 ml.","robots":{"index":"index","follow":"follow","max-snippet":"max-snippet:-1","max-image-preview":"max-image-preview:large","max-video-preview":"max-video-preview:-1"},"canonical":"https:\/\/sysmatec.ch\/de\/Produkt\/gewebezerkleinerer-und-homogenisator-t10-battery-complete\/","og_locale":"de_DE","og_type":"article","og_title":"Gewebezerkleinerer und Homogenisator T10 Battery Complete - Sysmatec","og_description":"Gewebezerkleinerer und Homogenisator. Motordrehzahl von 8.000 bis 30.000 U\/min. Arbeitsvolumen von 0,5 bis 100 ml.","og_url":"https:\/\/sysmatec.ch\/de\/Produkt\/gewebezerkleinerer-und-homogenisator-t10-battery-complete\/","og_site_name":"Sysmatec","article_modified_time":"2026-03-30T17:21:22+00:00","og_image":[{"width":685,"height":841,"url":"https:\/\/sysmatec.ch\/wp-content\/uploads\/2026\/03\/Broyeur_IKAT10.jpg","type":"image\/jpeg"}],"twitter_card":"summary_large_image","twitter_misc":{"Gesch\u00e4tzte Lesezeit":"2\u00a0Minuten"},"schema":{"@context":"https:\/\/schema.org","@graph":[{"@type":"WebPage","@id":"https:\/\/sysmatec.ch\/de\/Produkt\/gewebezerkleinerer-und-homogenisator-t10-battery-complete\/","url":"https:\/\/sysmatec.ch\/de\/Produkt\/gewebezerkleinerer-und-homogenisator-t10-battery-complete\/","name":"Gewebezerkleinerer und Homogenisator T10 Battery Complete - Sysmatec","isPartOf":{"@id":"https:\/\/sysmatec.ch\/de\/#website"},"primaryImageOfPage":{"@id":"https:\/\/sysmatec.ch\/de\/Produkt\/gewebezerkleinerer-und-homogenisator-t10-battery-complete\/#primaryimage"},"image":{"@id":"https:\/\/sysmatec.ch\/de\/Produkt\/gewebezerkleinerer-und-homogenisator-t10-battery-complete\/#primaryimage"},"thumbnailUrl":"https:\/\/sysmatec.ch\/wp-content\/uploads\/2026\/03\/Broyeur_IKAT10.jpg","datePublished":"2026-03-30T16:48:34+00:00","dateModified":"2026-03-30T17:21:22+00:00","description":"Gewebezerkleinerer und Homogenisator. Motordrehzahl von 8.000 bis 30.000 U\/min. Arbeitsvolumen von 0,5 bis 100 ml.","breadcrumb":{"@id":"https:\/\/sysmatec.ch\/de\/Produkt\/gewebezerkleinerer-und-homogenisator-t10-battery-complete\/#breadcrumb"},"inLanguage":"de","potentialAction":[{"@type":"ReadAction","target":["https:\/\/sysmatec.ch\/de\/Produkt\/gewebezerkleinerer-und-homogenisator-t10-battery-complete\/"]}]},{"@type":"ImageObject","inLanguage":"de","@id":"https:\/\/sysmatec.ch\/de\/Produkt\/gewebezerkleinerer-und-homogenisator-t10-battery-complete\/#primaryimage","url":"https:\/\/sysmatec.ch\/wp-content\/uploads\/2026\/03\/Broyeur_IKAT10.jpg","contentUrl":"https:\/\/sysmatec.ch\/wp-content\/uploads\/2026\/03\/Broyeur_IKAT10.jpg","width":685,"height":841},{"@type":"BreadcrumbList","@id":"https:\/\/sysmatec.ch\/de\/Produkt\/gewebezerkleinerer-und-homogenisator-t10-battery-complete\/#breadcrumb","itemListElement":[{"@type":"ListItem","position":1,"name":"Accueil","item":"https:\/\/sysmatec.ch\/de\/"},{"@type":"ListItem","position":2,"name":"Die Aktivit\u00e4t von Sysmatec","item":"https:\/\/sysmatec.ch\/de\/"},{"@type":"ListItem","position":3,"name":"Gewebezerkleinerer und Homogenisator T10 Battery Complete"}]},{"@type":"WebSite","@id":"https:\/\/sysmatec.ch\/de\/#website","url":"https:\/\/sysmatec.ch\/de\/","name":"Sysmatec","description":"Equipement de laboratoire et logiciels","publisher":{"@id":"https:\/\/sysmatec.ch\/de\/#organization"},"potentialAction":[{"@type":"SearchAction","target":{"@type":"EntryPoint","urlTemplate":"https:\/\/sysmatec.ch\/de\/?s={search_term_string}"},"query-input":{"@type":"PropertyValueSpecification","valueRequired":true,"valueName":"search_term_string"}}],"inLanguage":"de"},{"@type":"Organization","@id":"https:\/\/sysmatec.ch\/de\/#organization","name":"Sysmatec","url":"https:\/\/sysmatec.ch\/de\/","logo":{"@type":"ImageObject","inLanguage":"de","@id":"https:\/\/sysmatec.ch\/de\/#\/schema\/logo\/image\/","url":"https:\/\/sysmatec.ch\/wp-content\/uploads\/2018\/11\/LogoSysmatec.jpg","contentUrl":"https:\/\/sysmatec.ch\/wp-content\/uploads\/2018\/11\/LogoSysmatec.jpg","width":301,"height":297,"caption":"Sysmatec"},"image":{"@id":"https:\/\/sysmatec.ch\/de\/#\/schema\/logo\/image\/"}}]}},"_links":{"self":[{"href":"https:\/\/sysmatec.ch\/de\/wp-json\/wp\/v2\/product\/32013","targetHints":{"allow":["GET"]}}],"collection":[{"href":"https:\/\/sysmatec.ch\/de\/wp-json\/wp\/v2\/product"}],"about":[{"href":"https:\/\/sysmatec.ch\/de\/wp-json\/wp\/v2\/types\/product"}],"wp:featuredmedia":[{"embeddable":true,"href":"https:\/\/sysmatec.ch\/de\/wp-json\/wp\/v2\/media\/32016"}],"wp:attachment":[{"href":"https:\/\/sysmatec.ch\/de\/wp-json\/wp\/v2\/media?parent=32013"}],"wp:term":[{"taxonomy":"product_brand","embeddable":true,"href":"https:\/\/sysmatec.ch\/de\/wp-json\/wp\/v2\/product_brand?post=32013"},{"taxonomy":"product_cat","embeddable":true,"href":"https:\/\/sysmatec.ch\/de\/wp-json\/wp\/v2\/product_cat?post=32013"},{"taxonomy":"product_tag","embeddable":true,"href":"https:\/\/sysmatec.ch\/de\/wp-json\/wp\/v2\/product_tag?post=32013"}],"curies":[{"name":"wp","href":"https:\/\/api.w.org\/{rel}","templated":true}]}}