{"id":31954,"date":"2026-03-24T16:24:53","date_gmt":"2026-03-24T15:24:53","guid":{"rendered":"https:\/\/sysmatec.ch\/?post_type=product&#038;p=31954"},"modified":"2026-03-24T16:51:41","modified_gmt":"2026-03-24T15:51:41","slug":"ultra-gefrierschrank-sanyo-mdf-u7386s-668-l","status":"publish","type":"product","link":"https:\/\/sysmatec.ch\/de\/Produkt\/ultra-gefrierschrank-sanyo-mdf-u7386s-668-l\/","title":{"rendered":"Ultra-Gefrierschrank SANYO MDF-U7386S (668 l)"},"content":{"rendered":"<p>Konzipiert f\u00fcr die Lagerung bei extrem niedrigen Temperaturen bis -86 \u00b0C. Robustes und bew\u00e4hrtes Ger\u00e4t, geeignet f\u00fcr Labore, Biobanken und wissenschaftliche Anwendungen.<\/p>\n<p>Integriertes Alarmsystem (Temperatur\/Sicherheit) f\u00fcr zuverl\u00e4ssigen Betrieb.<\/p>\n<p>Regelm\u00e4\u00dfige Wartung mit j\u00e4hrlicher \u00dcberwachung bis Juli 2025.<\/p>\n<p>Verkauf im Zustand, ohne Gew\u00e4hrleistung.<\/p>\n<p>Preis: CHF 750.\u2013 \/ St\u00fcck (Rabatt bei Abnahme mehrerer Einheiten m\u00f6glich)<\/p>\n","protected":false},"excerpt":{"rendered":"<p>SANYO MDF-U7386S Ultra-Gefrierschrank, bis zu -86 \u00b0C<\/p>\n","protected":false},"featured_media":31958,"template":"","meta":{"_crdt_document":""},"product_brand":[],"product_cat":[272,359],"product_tag":[],"class_list":{"0":"post-31954","1":"product","2":"type-product","3":"status-publish","4":"has-post-thumbnail","6":"product_cat-gebraucht","7":"product_cat-laborgerate","9":"first","10":"instock","11":"taxable","12":"shipping-taxable","13":"product-type-simple"},"yoast_head":"<!-- This site is optimized with the Yoast SEO plugin v27.4 - https:\/\/yoast.com\/product\/yoast-seo-wordpress\/ -->\n<title>Ultra-Gefrierschrank SANYO MDF-U7386S (668 l) - Sysmatec<\/title>\n<meta name=\"description\" content=\"SANYO MDF-U7386S Ultra-Gefrierschrank, bis zu -86 \u00b0C\" \/>\n<meta name=\"robots\" content=\"index, follow, max-snippet:-1, max-image-preview:large, max-video-preview:-1\" \/>\n<link rel=\"canonical\" href=\"https:\/\/sysmatec.ch\/de\/Produkt\/ultra-gefrierschrank-sanyo-mdf-u7386s-668-l\/\" \/>\n<meta property=\"og:locale\" content=\"de_DE\" \/>\n<meta property=\"og:type\" content=\"article\" \/>\n<meta property=\"og:title\" content=\"Ultra-Gefrierschrank SANYO MDF-U7386S (668 l) - Sysmatec\" \/>\n<meta property=\"og:description\" content=\"SANYO MDF-U7386S Ultra-Gefrierschrank, bis zu -86 \u00b0C\" \/>\n<meta property=\"og:url\" content=\"https:\/\/sysmatec.ch\/de\/Produkt\/ultra-gefrierschrank-sanyo-mdf-u7386s-668-l\/\" \/>\n<meta property=\"og:site_name\" content=\"Sysmatec\" \/>\n<meta property=\"article:modified_time\" content=\"2026-03-24T15:51:41+00:00\" \/>\n<meta property=\"og:image\" content=\"https:\/\/sysmatec.ch\/wp-content\/uploads\/2026\/03\/CongelateurSanyo1.jpg\" \/>\n\t<meta property=\"og:image:width\" content=\"309\" \/>\n\t<meta property=\"og:image:height\" content=\"416\" \/>\n\t<meta property=\"og:image:type\" content=\"image\/jpeg\" \/>\n<meta name=\"twitter:card\" content=\"summary_large_image\" \/>\n<meta name=\"twitter:label1\" content=\"Gesch\u00e4tzte Lesezeit\" \/>\n\t<meta name=\"twitter:data1\" content=\"1\u00a0Minute\" \/>\n<script type=\"application\/ld+json\" class=\"yoast-schema-graph\">{\"@context\":\"https:\\\/\\\/schema.org\",\"@graph\":[{\"@type\":\"WebPage\",\"@id\":\"https:\\\/\\\/sysmatec.ch\\\/de\\\/Produkt\\\/ultra-gefrierschrank-sanyo-mdf-u7386s-668-l\\\/\",\"url\":\"https:\\\/\\\/sysmatec.ch\\\/de\\\/Produkt\\\/ultra-gefrierschrank-sanyo-mdf-u7386s-668-l\\\/\",\"name\":\"Ultra-Gefrierschrank SANYO MDF-U7386S (668 l) - Sysmatec\",\"isPartOf\":{\"@id\":\"https:\\\/\\\/sysmatec.ch\\\/de\\\/#website\"},\"primaryImageOfPage\":{\"@id\":\"https:\\\/\\\/sysmatec.ch\\\/de\\\/Produkt\\\/ultra-gefrierschrank-sanyo-mdf-u7386s-668-l\\\/#primaryimage\"},\"image\":{\"@id\":\"https:\\\/\\\/sysmatec.ch\\\/de\\\/Produkt\\\/ultra-gefrierschrank-sanyo-mdf-u7386s-668-l\\\/#primaryimage\"},\"thumbnailUrl\":\"https:\\\/\\\/sysmatec.ch\\\/wp-content\\\/uploads\\\/2026\\\/03\\\/CongelateurSanyo1.jpg\",\"datePublished\":\"2026-03-24T15:24:53+00:00\",\"dateModified\":\"2026-03-24T15:51:41+00:00\",\"description\":\"SANYO MDF-U7386S Ultra-Gefrierschrank, bis zu -86 \u00b0C\",\"breadcrumb\":{\"@id\":\"https:\\\/\\\/sysmatec.ch\\\/de\\\/Produkt\\\/ultra-gefrierschrank-sanyo-mdf-u7386s-668-l\\\/#breadcrumb\"},\"inLanguage\":\"de\",\"potentialAction\":[{\"@type\":\"ReadAction\",\"target\":[\"https:\\\/\\\/sysmatec.ch\\\/de\\\/Produkt\\\/ultra-gefrierschrank-sanyo-mdf-u7386s-668-l\\\/\"]}]},{\"@type\":\"ImageObject\",\"inLanguage\":\"de\",\"@id\":\"https:\\\/\\\/sysmatec.ch\\\/de\\\/Produkt\\\/ultra-gefrierschrank-sanyo-mdf-u7386s-668-l\\\/#primaryimage\",\"url\":\"https:\\\/\\\/sysmatec.ch\\\/wp-content\\\/uploads\\\/2026\\\/03\\\/CongelateurSanyo1.jpg\",\"contentUrl\":\"https:\\\/\\\/sysmatec.ch\\\/wp-content\\\/uploads\\\/2026\\\/03\\\/CongelateurSanyo1.jpg\",\"width\":309,\"height\":416},{\"@type\":\"BreadcrumbList\",\"@id\":\"https:\\\/\\\/sysmatec.ch\\\/de\\\/Produkt\\\/ultra-gefrierschrank-sanyo-mdf-u7386s-668-l\\\/#breadcrumb\",\"itemListElement\":[{\"@type\":\"ListItem\",\"position\":1,\"name\":\"Accueil\",\"item\":\"https:\\\/\\\/sysmatec.ch\\\/de\\\/\"},{\"@type\":\"ListItem\",\"position\":2,\"name\":\"Die Aktivit\u00e4t von Sysmatec\",\"item\":\"https:\\\/\\\/sysmatec.ch\\\/de\\\/\"},{\"@type\":\"ListItem\",\"position\":3,\"name\":\"Ultra-Gefrierschrank SANYO MDF-U7386S (668 l)\"}]},{\"@type\":\"WebSite\",\"@id\":\"https:\\\/\\\/sysmatec.ch\\\/de\\\/#website\",\"url\":\"https:\\\/\\\/sysmatec.ch\\\/de\\\/\",\"name\":\"Sysmatec\",\"description\":\"Equipement de laboratoire et logiciels\",\"publisher\":{\"@id\":\"https:\\\/\\\/sysmatec.ch\\\/de\\\/#organization\"},\"potentialAction\":[{\"@type\":\"SearchAction\",\"target\":{\"@type\":\"EntryPoint\",\"urlTemplate\":\"https:\\\/\\\/sysmatec.ch\\\/de\\\/?s={search_term_string}\"},\"query-input\":{\"@type\":\"PropertyValueSpecification\",\"valueRequired\":true,\"valueName\":\"search_term_string\"}}],\"inLanguage\":\"de\"},{\"@type\":\"Organization\",\"@id\":\"https:\\\/\\\/sysmatec.ch\\\/de\\\/#organization\",\"name\":\"Sysmatec\",\"url\":\"https:\\\/\\\/sysmatec.ch\\\/de\\\/\",\"logo\":{\"@type\":\"ImageObject\",\"inLanguage\":\"de\",\"@id\":\"https:\\\/\\\/sysmatec.ch\\\/de\\\/#\\\/schema\\\/logo\\\/image\\\/\",\"url\":\"https:\\\/\\\/sysmatec.ch\\\/wp-content\\\/uploads\\\/2018\\\/11\\\/LogoSysmatec.jpg\",\"contentUrl\":\"https:\\\/\\\/sysmatec.ch\\\/wp-content\\\/uploads\\\/2018\\\/11\\\/LogoSysmatec.jpg\",\"width\":301,\"height\":297,\"caption\":\"Sysmatec\"},\"image\":{\"@id\":\"https:\\\/\\\/sysmatec.ch\\\/de\\\/#\\\/schema\\\/logo\\\/image\\\/\"}}]}<\/script>\n<!-- \/ Yoast SEO plugin. -->","yoast_head_json":{"title":"Ultra-Gefrierschrank SANYO MDF-U7386S (668 l) - Sysmatec","description":"SANYO MDF-U7386S Ultra-Gefrierschrank, bis zu -86 \u00b0C","robots":{"index":"index","follow":"follow","max-snippet":"max-snippet:-1","max-image-preview":"max-image-preview:large","max-video-preview":"max-video-preview:-1"},"canonical":"https:\/\/sysmatec.ch\/de\/Produkt\/ultra-gefrierschrank-sanyo-mdf-u7386s-668-l\/","og_locale":"de_DE","og_type":"article","og_title":"Ultra-Gefrierschrank SANYO MDF-U7386S (668 l) - Sysmatec","og_description":"SANYO MDF-U7386S Ultra-Gefrierschrank, bis zu -86 \u00b0C","og_url":"https:\/\/sysmatec.ch\/de\/Produkt\/ultra-gefrierschrank-sanyo-mdf-u7386s-668-l\/","og_site_name":"Sysmatec","article_modified_time":"2026-03-24T15:51:41+00:00","og_image":[{"width":309,"height":416,"url":"https:\/\/sysmatec.ch\/wp-content\/uploads\/2026\/03\/CongelateurSanyo1.jpg","type":"image\/jpeg"}],"twitter_card":"summary_large_image","twitter_misc":{"Gesch\u00e4tzte Lesezeit":"1\u00a0Minute"},"schema":{"@context":"https:\/\/schema.org","@graph":[{"@type":"WebPage","@id":"https:\/\/sysmatec.ch\/de\/Produkt\/ultra-gefrierschrank-sanyo-mdf-u7386s-668-l\/","url":"https:\/\/sysmatec.ch\/de\/Produkt\/ultra-gefrierschrank-sanyo-mdf-u7386s-668-l\/","name":"Ultra-Gefrierschrank SANYO MDF-U7386S (668 l) - Sysmatec","isPartOf":{"@id":"https:\/\/sysmatec.ch\/de\/#website"},"primaryImageOfPage":{"@id":"https:\/\/sysmatec.ch\/de\/Produkt\/ultra-gefrierschrank-sanyo-mdf-u7386s-668-l\/#primaryimage"},"image":{"@id":"https:\/\/sysmatec.ch\/de\/Produkt\/ultra-gefrierschrank-sanyo-mdf-u7386s-668-l\/#primaryimage"},"thumbnailUrl":"https:\/\/sysmatec.ch\/wp-content\/uploads\/2026\/03\/CongelateurSanyo1.jpg","datePublished":"2026-03-24T15:24:53+00:00","dateModified":"2026-03-24T15:51:41+00:00","description":"SANYO MDF-U7386S Ultra-Gefrierschrank, bis zu -86 \u00b0C","breadcrumb":{"@id":"https:\/\/sysmatec.ch\/de\/Produkt\/ultra-gefrierschrank-sanyo-mdf-u7386s-668-l\/#breadcrumb"},"inLanguage":"de","potentialAction":[{"@type":"ReadAction","target":["https:\/\/sysmatec.ch\/de\/Produkt\/ultra-gefrierschrank-sanyo-mdf-u7386s-668-l\/"]}]},{"@type":"ImageObject","inLanguage":"de","@id":"https:\/\/sysmatec.ch\/de\/Produkt\/ultra-gefrierschrank-sanyo-mdf-u7386s-668-l\/#primaryimage","url":"https:\/\/sysmatec.ch\/wp-content\/uploads\/2026\/03\/CongelateurSanyo1.jpg","contentUrl":"https:\/\/sysmatec.ch\/wp-content\/uploads\/2026\/03\/CongelateurSanyo1.jpg","width":309,"height":416},{"@type":"BreadcrumbList","@id":"https:\/\/sysmatec.ch\/de\/Produkt\/ultra-gefrierschrank-sanyo-mdf-u7386s-668-l\/#breadcrumb","itemListElement":[{"@type":"ListItem","position":1,"name":"Accueil","item":"https:\/\/sysmatec.ch\/de\/"},{"@type":"ListItem","position":2,"name":"Die Aktivit\u00e4t von Sysmatec","item":"https:\/\/sysmatec.ch\/de\/"},{"@type":"ListItem","position":3,"name":"Ultra-Gefrierschrank SANYO MDF-U7386S (668 l)"}]},{"@type":"WebSite","@id":"https:\/\/sysmatec.ch\/de\/#website","url":"https:\/\/sysmatec.ch\/de\/","name":"Sysmatec","description":"Equipement de laboratoire et logiciels","publisher":{"@id":"https:\/\/sysmatec.ch\/de\/#organization"},"potentialAction":[{"@type":"SearchAction","target":{"@type":"EntryPoint","urlTemplate":"https:\/\/sysmatec.ch\/de\/?s={search_term_string}"},"query-input":{"@type":"PropertyValueSpecification","valueRequired":true,"valueName":"search_term_string"}}],"inLanguage":"de"},{"@type":"Organization","@id":"https:\/\/sysmatec.ch\/de\/#organization","name":"Sysmatec","url":"https:\/\/sysmatec.ch\/de\/","logo":{"@type":"ImageObject","inLanguage":"de","@id":"https:\/\/sysmatec.ch\/de\/#\/schema\/logo\/image\/","url":"https:\/\/sysmatec.ch\/wp-content\/uploads\/2018\/11\/LogoSysmatec.jpg","contentUrl":"https:\/\/sysmatec.ch\/wp-content\/uploads\/2018\/11\/LogoSysmatec.jpg","width":301,"height":297,"caption":"Sysmatec"},"image":{"@id":"https:\/\/sysmatec.ch\/de\/#\/schema\/logo\/image\/"}}]}},"_links":{"self":[{"href":"https:\/\/sysmatec.ch\/de\/wp-json\/wp\/v2\/product\/31954","targetHints":{"allow":["GET"]}}],"collection":[{"href":"https:\/\/sysmatec.ch\/de\/wp-json\/wp\/v2\/product"}],"about":[{"href":"https:\/\/sysmatec.ch\/de\/wp-json\/wp\/v2\/types\/product"}],"wp:featuredmedia":[{"embeddable":true,"href":"https:\/\/sysmatec.ch\/de\/wp-json\/wp\/v2\/media\/31958"}],"wp:attachment":[{"href":"https:\/\/sysmatec.ch\/de\/wp-json\/wp\/v2\/media?parent=31954"}],"wp:term":[{"taxonomy":"product_brand","embeddable":true,"href":"https:\/\/sysmatec.ch\/de\/wp-json\/wp\/v2\/product_brand?post=31954"},{"taxonomy":"product_cat","embeddable":true,"href":"https:\/\/sysmatec.ch\/de\/wp-json\/wp\/v2\/product_cat?post=31954"},{"taxonomy":"product_tag","embeddable":true,"href":"https:\/\/sysmatec.ch\/de\/wp-json\/wp\/v2\/product_tag?post=31954"}],"curies":[{"name":"wp","href":"https:\/\/api.w.org\/{rel}","templated":true}]}}