{"id":3185,"date":"2019-02-17T10:01:42","date_gmt":"2019-02-17T09:01:42","guid":{"rendered":"https:\/\/sysmatec.ch\/produit\/pese-personne-kern-mpc\/"},"modified":"2022-02-26T17:31:17","modified_gmt":"2022-02-26T16:31:17","slug":"personenwaage-kern-mpc","status":"publish","type":"product","link":"https:\/\/sysmatec.ch\/de\/Produkt\/personenwaage-kern-mpc\/","title":{"rendered":"Personenwaage KERN MPC"},"content":{"rendered":"<div id=\"verweis_03\">\n<ul id=\"kernList1\">\n<li>Eichklasse III (<a>Eichung<\/a>\u00a0optional)<\/li>\n<li>Medizinzulassung nach 93\/42\/EWG<\/li>\n<li>Der Bestseller f\u00fcr Arztpraxen, Apotheken und Krankenh\u00e4user<\/li>\n<li>Robuste Ausf\u00fchrung f\u00fcr den t\u00e4glichen Gebrauch im professionellen Umfeld<\/li>\n<li>Ergonomisch optimierte Bauform<\/li>\n<li>Hygienisch und leicht zu reinigen<\/li>\n<li>Sicheres und rutschfreies Aufstellen durch h\u00f6henverstellbare Gummif\u00fc\u00dfe<\/li>\n<li>Libelle zum exakten\u00a0<a>Nivellieren<\/a>\u00a0der Waage serienm\u00e4\u00dfig<\/li>\n<li>KERN MPC 300K-1LM: Stabiler Haltegriff zum Transport der Waage<\/li>\n<li>Auswerteger\u00e4t vielseitig positionierbar: z. B. freistehend oder an die Wand geschraubt. Wandhalterung zur Wandmontage des Anzeigeger\u00e4ts serienm\u00e4\u00dfig<\/li>\n<li>Gro\u00dfe Trittfl\u00e4che mit rutschfreier und abriebfester Oberfl\u00e4che aus Kunststoff, f\u00fcr optimale Standsicherheit des Patienten<\/li>\n<li><a>Hold-Funktion<\/a>: Bei unruhig stehenden Patienten wird \u00fcber Mittelwertbildung ein stabiler W\u00e4gewert ermittelt und \u201eeingefroren\u201c. So bleibt gen\u00fcgend Zeit, sich dem Patienten zu widmen und anschlie\u00dfend in Ruhe den W\u00e4gewert abzulesen<\/li>\n<li>BMI-Funktion zur Ermittlung von Untergewicht\/Normalgewicht\/\u00dcbergewicht<\/li>\n<li>Mutter-Kind-Funktion: das durch W\u00e4gung ermittelte Gewicht der Mutter wird per Knopfdruck auf Null gestellt. Anschlie\u00dfend werden Mutter und Kind gemeinsam gewogen. Das Gewicht des Kindes wird nun direkt im Display angezeigt. Besonders angenehm f\u00fcr Kleinkinder, die dadurch sicher und geborgen auf dem Arm der Mutter gewogen werden k\u00f6nnen<\/li>\n<li>Feinanzeige: durch Tastendruck kann die\u00a0<a>Ablesbarkeit [d]<\/a>\u00a0f\u00fcr 5 Sekunden um 1 Stelle erh\u00f6ht werden<\/li>\n<li>Batterie- und Netzbetrieb m\u00f6glich, Akkubetrieb optional<\/li>\n<\/ul>\n<p>In vielen L\u00e4nder ist bei Waagen mit Zweckbestimmung als Medizinprodukt die <a>Eichung<\/a>\u00a0gesetzlich vorgeschrieben, bitte gleich mitbestellen. Hierzu ben\u00f6tigen wir Aufstellungsort und PLZ.<\/p>\n<ul id=\"kernList1\"><\/ul>\n<\/div>\n<table border=\"1\" width=\"437\" cellspacing=\"0\" cellpadding=\"2\">\n<tbody>\n<tr>\n<td>Waage Modell<\/td>\n<td width=\"10%\">Platte<\/td>\n<td width=\"10%\">Ablersbarkeit<\/td>\n<td width=\"10%\">W\u00e4gebereich<\/td>\n<\/tr>\n<tr>\n<td><\/td>\n<td width=\"10%\">mm<\/td>\n<td width=\"10%\">kg<\/td>\n<td width=\"10%\">kg<\/td>\n<\/tr>\n<tr>\n<td>MPC 250K100M<\/td>\n<td width=\"10%\">365&#215;370<\/td>\n<td width=\"10%\">0.1<\/td>\n<td width=\"10%\">250<\/td>\n<\/tr>\n<tr>\n<td><a>MPC 300K-1M<\/a><\/td>\n<td width=\"10%\">365&#215;370<\/td>\n<td width=\"10%\">0.1<\/td>\n<td width=\"10%\">300<\/td>\n<\/tr>\n<tr>\n<td>MPC 300K-1LM<\/td>\n<td width=\"10%\">400&#215;500<\/td>\n<td width=\"10%\">0.1<\/td>\n<td width=\"10%\">300<\/td>\n<\/tr>\n<\/tbody>\n<\/table>\n","protected":false},"excerpt":{"rendered":"<p><span class=\"VIiyi\" lang=\"de\"><span class=\"JLqJ4b ChMk0b\" data-language-for-alternatives=\"de\" data-language-to-translate-into=\"fr\" data-phrase-index=\"0\">Professionelle Personenwaage mit Lizenz und medizinischer Zulassung f\u00fcr den professionellen Einsatz in der medizinischen Diagnose. Optionale Eichung M.<\/span><\/span><\/p>\n","protected":false},"featured_media":24949,"template":"","meta":{"_crdt_document":""},"product_brand":[],"product_cat":[165,330],"product_tag":[],"class_list":{"0":"post-3185","1":"product","2":"type-product","3":"status-publish","4":"has-post-thumbnail","6":"product_cat-gewicht","7":"product_cat-medizinisch","9":"first","10":"instock","11":"taxable","12":"shipping-taxable","13":"purchasable","14":"product-type-variable"},"yoast_head":"<!-- This site is optimized with the Yoast SEO plugin v27.3 - https:\/\/yoast.com\/product\/yoast-seo-wordpress\/ -->\n<title>Personenwaage KERN MPC - Sysmatec<\/title>\n<meta name=\"description\" content=\"Personenwaage mit medizinischer Zulassung 93\/42\/EWG. Das Gewicht reicht von 0 bis 250\/300 kg. BMI-Funktion. Unabh\u00e4ngige Anzeige.\" \/>\n<meta name=\"robots\" content=\"index, follow, max-snippet:-1, max-image-preview:large, max-video-preview:-1\" \/>\n<link rel=\"canonical\" href=\"https:\/\/sysmatec.ch\/de\/produit\/personenwaage-kern-mpc\/\" \/>\n<meta property=\"og:locale\" content=\"de_DE\" \/>\n<meta property=\"og:type\" content=\"article\" \/>\n<meta property=\"og:title\" content=\"Personenwaage KERN MPC - Sysmatec\" \/>\n<meta property=\"og:description\" content=\"Personenwaage mit medizinischer Zulassung 93\/42\/EWG. Das Gewicht reicht von 0 bis 250\/300 kg. BMI-Funktion. Unabh\u00e4ngige Anzeige.\" \/>\n<meta property=\"og:url\" content=\"https:\/\/sysmatec.ch\/de\/produit\/personenwaage-kern-mpc\/\" \/>\n<meta property=\"og:site_name\" content=\"Sysmatec\" \/>\n<meta property=\"article:modified_time\" content=\"2022-02-26T16:31:17+00:00\" \/>\n<meta property=\"og:image\" content=\"https:\/\/sysmatec.ch\/wp-content\/uploads\/2019\/02\/Balance_MPC-250K100M_0005-scaled.jpg\" \/>\n\t<meta property=\"og:image:width\" content=\"2560\" \/>\n\t<meta property=\"og:image:height\" content=\"1674\" \/>\n\t<meta property=\"og:image:type\" content=\"image\/jpeg\" \/>\n<meta name=\"twitter:card\" content=\"summary_large_image\" \/>\n<meta name=\"twitter:label1\" content=\"Gesch\u00e4tzte Lesezeit\" \/>\n\t<meta name=\"twitter:data1\" content=\"2\u00a0Minuten\" \/>\n<script type=\"application\/ld+json\" class=\"yoast-schema-graph\">{\"@context\":\"https:\\\/\\\/schema.org\",\"@graph\":[{\"@type\":\"WebPage\",\"@id\":\"https:\\\/\\\/sysmatec.ch\\\/de\\\/produit\\\/personenwaage-kern-mpc\\\/\",\"url\":\"https:\\\/\\\/sysmatec.ch\\\/de\\\/produit\\\/personenwaage-kern-mpc\\\/\",\"name\":\"Personenwaage KERN MPC - Sysmatec\",\"isPartOf\":{\"@id\":\"https:\\\/\\\/sysmatec.ch\\\/de\\\/#website\"},\"primaryImageOfPage\":{\"@id\":\"https:\\\/\\\/sysmatec.ch\\\/de\\\/produit\\\/personenwaage-kern-mpc\\\/#primaryimage\"},\"image\":{\"@id\":\"https:\\\/\\\/sysmatec.ch\\\/de\\\/produit\\\/personenwaage-kern-mpc\\\/#primaryimage\"},\"thumbnailUrl\":\"https:\\\/\\\/sysmatec.ch\\\/wp-content\\\/uploads\\\/2019\\\/02\\\/Balance_MPC-250K100M_0005-scaled.jpg\",\"datePublished\":\"2019-02-17T09:01:42+00:00\",\"dateModified\":\"2022-02-26T16:31:17+00:00\",\"description\":\"Personenwaage mit medizinischer Zulassung 93\\\/42\\\/EWG. Das Gewicht reicht von 0 bis 250\\\/300 kg. BMI-Funktion. Unabh\u00e4ngige Anzeige.\",\"breadcrumb\":{\"@id\":\"https:\\\/\\\/sysmatec.ch\\\/de\\\/produit\\\/personenwaage-kern-mpc\\\/#breadcrumb\"},\"inLanguage\":\"de\",\"potentialAction\":[{\"@type\":\"ReadAction\",\"target\":[\"https:\\\/\\\/sysmatec.ch\\\/de\\\/produit\\\/personenwaage-kern-mpc\\\/\"]}]},{\"@type\":\"ImageObject\",\"inLanguage\":\"de\",\"@id\":\"https:\\\/\\\/sysmatec.ch\\\/de\\\/produit\\\/personenwaage-kern-mpc\\\/#primaryimage\",\"url\":\"https:\\\/\\\/sysmatec.ch\\\/wp-content\\\/uploads\\\/2019\\\/02\\\/Balance_MPC-250K100M_0005-scaled.jpg\",\"contentUrl\":\"https:\\\/\\\/sysmatec.ch\\\/wp-content\\\/uploads\\\/2019\\\/02\\\/Balance_MPC-250K100M_0005-scaled.jpg\",\"width\":2560,\"height\":1674},{\"@type\":\"BreadcrumbList\",\"@id\":\"https:\\\/\\\/sysmatec.ch\\\/de\\\/produit\\\/personenwaage-kern-mpc\\\/#breadcrumb\",\"itemListElement\":[{\"@type\":\"ListItem\",\"position\":1,\"name\":\"Accueil\",\"item\":\"https:\\\/\\\/sysmatec.ch\\\/de\\\/\"},{\"@type\":\"ListItem\",\"position\":2,\"name\":\"Die Aktivit\u00e4t von Sysmatec\",\"item\":\"https:\\\/\\\/sysmatec.ch\\\/de\\\/\"},{\"@type\":\"ListItem\",\"position\":3,\"name\":\"Personenwaage KERN MPC\"}]},{\"@type\":\"WebSite\",\"@id\":\"https:\\\/\\\/sysmatec.ch\\\/de\\\/#website\",\"url\":\"https:\\\/\\\/sysmatec.ch\\\/de\\\/\",\"name\":\"Sysmatec\",\"description\":\"Equipement de laboratoire et logiciels\",\"publisher\":{\"@id\":\"https:\\\/\\\/sysmatec.ch\\\/de\\\/#organization\"},\"potentialAction\":[{\"@type\":\"SearchAction\",\"target\":{\"@type\":\"EntryPoint\",\"urlTemplate\":\"https:\\\/\\\/sysmatec.ch\\\/de\\\/?s={search_term_string}\"},\"query-input\":{\"@type\":\"PropertyValueSpecification\",\"valueRequired\":true,\"valueName\":\"search_term_string\"}}],\"inLanguage\":\"de\"},{\"@type\":\"Organization\",\"@id\":\"https:\\\/\\\/sysmatec.ch\\\/de\\\/#organization\",\"name\":\"Sysmatec\",\"url\":\"https:\\\/\\\/sysmatec.ch\\\/de\\\/\",\"logo\":{\"@type\":\"ImageObject\",\"inLanguage\":\"de\",\"@id\":\"https:\\\/\\\/sysmatec.ch\\\/de\\\/#\\\/schema\\\/logo\\\/image\\\/\",\"url\":\"https:\\\/\\\/sysmatec.ch\\\/wp-content\\\/uploads\\\/2018\\\/11\\\/LogoSysmatec.jpg\",\"contentUrl\":\"https:\\\/\\\/sysmatec.ch\\\/wp-content\\\/uploads\\\/2018\\\/11\\\/LogoSysmatec.jpg\",\"width\":301,\"height\":297,\"caption\":\"Sysmatec\"},\"image\":{\"@id\":\"https:\\\/\\\/sysmatec.ch\\\/de\\\/#\\\/schema\\\/logo\\\/image\\\/\"}}]}<\/script>\n<!-- \/ Yoast SEO plugin. -->","yoast_head_json":{"title":"Personenwaage KERN MPC - Sysmatec","description":"Personenwaage mit medizinischer Zulassung 93\/42\/EWG. Das Gewicht reicht von 0 bis 250\/300 kg. BMI-Funktion. Unabh\u00e4ngige Anzeige.","robots":{"index":"index","follow":"follow","max-snippet":"max-snippet:-1","max-image-preview":"max-image-preview:large","max-video-preview":"max-video-preview:-1"},"canonical":"https:\/\/sysmatec.ch\/de\/produit\/personenwaage-kern-mpc\/","og_locale":"de_DE","og_type":"article","og_title":"Personenwaage KERN MPC - Sysmatec","og_description":"Personenwaage mit medizinischer Zulassung 93\/42\/EWG. Das Gewicht reicht von 0 bis 250\/300 kg. BMI-Funktion. Unabh\u00e4ngige Anzeige.","og_url":"https:\/\/sysmatec.ch\/de\/produit\/personenwaage-kern-mpc\/","og_site_name":"Sysmatec","article_modified_time":"2022-02-26T16:31:17+00:00","og_image":[{"width":2560,"height":1674,"url":"https:\/\/sysmatec.ch\/wp-content\/uploads\/2019\/02\/Balance_MPC-250K100M_0005-scaled.jpg","type":"image\/jpeg"}],"twitter_card":"summary_large_image","twitter_misc":{"Gesch\u00e4tzte Lesezeit":"2\u00a0Minuten"},"schema":{"@context":"https:\/\/schema.org","@graph":[{"@type":"WebPage","@id":"https:\/\/sysmatec.ch\/de\/produit\/personenwaage-kern-mpc\/","url":"https:\/\/sysmatec.ch\/de\/produit\/personenwaage-kern-mpc\/","name":"Personenwaage KERN MPC - Sysmatec","isPartOf":{"@id":"https:\/\/sysmatec.ch\/de\/#website"},"primaryImageOfPage":{"@id":"https:\/\/sysmatec.ch\/de\/produit\/personenwaage-kern-mpc\/#primaryimage"},"image":{"@id":"https:\/\/sysmatec.ch\/de\/produit\/personenwaage-kern-mpc\/#primaryimage"},"thumbnailUrl":"https:\/\/sysmatec.ch\/wp-content\/uploads\/2019\/02\/Balance_MPC-250K100M_0005-scaled.jpg","datePublished":"2019-02-17T09:01:42+00:00","dateModified":"2022-02-26T16:31:17+00:00","description":"Personenwaage mit medizinischer Zulassung 93\/42\/EWG. Das Gewicht reicht von 0 bis 250\/300 kg. BMI-Funktion. Unabh\u00e4ngige Anzeige.","breadcrumb":{"@id":"https:\/\/sysmatec.ch\/de\/produit\/personenwaage-kern-mpc\/#breadcrumb"},"inLanguage":"de","potentialAction":[{"@type":"ReadAction","target":["https:\/\/sysmatec.ch\/de\/produit\/personenwaage-kern-mpc\/"]}]},{"@type":"ImageObject","inLanguage":"de","@id":"https:\/\/sysmatec.ch\/de\/produit\/personenwaage-kern-mpc\/#primaryimage","url":"https:\/\/sysmatec.ch\/wp-content\/uploads\/2019\/02\/Balance_MPC-250K100M_0005-scaled.jpg","contentUrl":"https:\/\/sysmatec.ch\/wp-content\/uploads\/2019\/02\/Balance_MPC-250K100M_0005-scaled.jpg","width":2560,"height":1674},{"@type":"BreadcrumbList","@id":"https:\/\/sysmatec.ch\/de\/produit\/personenwaage-kern-mpc\/#breadcrumb","itemListElement":[{"@type":"ListItem","position":1,"name":"Accueil","item":"https:\/\/sysmatec.ch\/de\/"},{"@type":"ListItem","position":2,"name":"Die Aktivit\u00e4t von Sysmatec","item":"https:\/\/sysmatec.ch\/de\/"},{"@type":"ListItem","position":3,"name":"Personenwaage KERN MPC"}]},{"@type":"WebSite","@id":"https:\/\/sysmatec.ch\/de\/#website","url":"https:\/\/sysmatec.ch\/de\/","name":"Sysmatec","description":"Equipement de laboratoire et logiciels","publisher":{"@id":"https:\/\/sysmatec.ch\/de\/#organization"},"potentialAction":[{"@type":"SearchAction","target":{"@type":"EntryPoint","urlTemplate":"https:\/\/sysmatec.ch\/de\/?s={search_term_string}"},"query-input":{"@type":"PropertyValueSpecification","valueRequired":true,"valueName":"search_term_string"}}],"inLanguage":"de"},{"@type":"Organization","@id":"https:\/\/sysmatec.ch\/de\/#organization","name":"Sysmatec","url":"https:\/\/sysmatec.ch\/de\/","logo":{"@type":"ImageObject","inLanguage":"de","@id":"https:\/\/sysmatec.ch\/de\/#\/schema\/logo\/image\/","url":"https:\/\/sysmatec.ch\/wp-content\/uploads\/2018\/11\/LogoSysmatec.jpg","contentUrl":"https:\/\/sysmatec.ch\/wp-content\/uploads\/2018\/11\/LogoSysmatec.jpg","width":301,"height":297,"caption":"Sysmatec"},"image":{"@id":"https:\/\/sysmatec.ch\/de\/#\/schema\/logo\/image\/"}}]}},"_links":{"self":[{"href":"https:\/\/sysmatec.ch\/de\/wp-json\/wp\/v2\/product\/3185","targetHints":{"allow":["GET"]}}],"collection":[{"href":"https:\/\/sysmatec.ch\/de\/wp-json\/wp\/v2\/product"}],"about":[{"href":"https:\/\/sysmatec.ch\/de\/wp-json\/wp\/v2\/types\/product"}],"wp:featuredmedia":[{"embeddable":true,"href":"https:\/\/sysmatec.ch\/de\/wp-json\/wp\/v2\/media\/24949"}],"wp:attachment":[{"href":"https:\/\/sysmatec.ch\/de\/wp-json\/wp\/v2\/media?parent=3185"}],"wp:term":[{"taxonomy":"product_brand","embeddable":true,"href":"https:\/\/sysmatec.ch\/de\/wp-json\/wp\/v2\/product_brand?post=3185"},{"taxonomy":"product_cat","embeddable":true,"href":"https:\/\/sysmatec.ch\/de\/wp-json\/wp\/v2\/product_cat?post=3185"},{"taxonomy":"product_tag","embeddable":true,"href":"https:\/\/sysmatec.ch\/de\/wp-json\/wp\/v2\/product_tag?post=3185"}],"curies":[{"name":"wp","href":"https:\/\/api.w.org\/{rel}","templated":true}]}}