{"id":31835,"date":"2026-03-14T14:42:59","date_gmt":"2026-03-14T13:42:59","guid":{"rendered":"https:\/\/sysmatec.ch\/?post_type=product&#038;p=31835"},"modified":"2026-03-21T18:14:57","modified_gmt":"2026-03-21T17:14:57","slug":"potentiometrischer-titrator-atp1000","status":"publish","type":"product","link":"https:\/\/sysmatec.ch\/de\/Produkt\/potentiometrischer-titrator-atp1000\/","title":{"rendered":"Potentiometrischer Titrator ATP1000"},"content":{"rendered":"<p>Titrationseinheit, R\u00fchrwerk, Titrationsflasche und Elektrodenhalter sind in diesem All-in-One-Ger\u00e4t zentral integriert.<\/p>\n<p>Automatische Reinigung und Reagenzzugabe erleichtern die Bedienung erheblich. Kontinuierliche Titrationen sind durch die automatische Reagenzzugabe m\u00f6glich. Alle Leitungen werden mehrfach automatisch gereinigt und gesp\u00fclt. Im Fl\u00fcssigkeitsanschlussbereich verbleiben keine L\u00f6sungsreste. Das Ger\u00e4t ist mit den meisten starken S\u00e4uren, Basen und organischen L\u00f6sungsmitteln kompatibel, wodurch Kreuzkontaminationen der Proben effektiv reduziert und die Genauigkeit und Zuverl\u00e4ssigkeit der Daten gew\u00e4hrleistet werden.<\/p>\n<h2>Vorteile<\/h2>\n<ul>\n<li>Automatische Datenerfassung und -speicherung erm\u00f6glichen den Bedienern eine komfortable Nachverfolgung und Analyse der Daten und gew\u00e4hrleisten deren Authentizit\u00e4t und Zuverl\u00e4ssigkeit.<\/li>\n<li>Die automatische Endpunkterkennung minimiert menschliche Fehler und gew\u00e4hrleistet h\u00f6chste Genauigkeit. Titrationsergebnisse und -daten werden automatisch gespeichert und ausgedruckt; vollst\u00e4ndige Titrationsdaten stehen f\u00fcr Analysen und Forschung zur Verf\u00fcgung.<\/li>\n<li>Umweltfreundliches Design: Pr\u00e4zise Titrationen reduzieren den Reagenzienverbrauch und die Kosten. itrationsflasche und Verschlusskappe verhindern die Kontamination des Reagenz durch die Luft und die Freisetzung von Ger\u00fcchen in den Raum.<\/li>\n<\/ul>\n<h2>Spezifikationen<\/h2>\n<ul>\n<li>10\u2033-Farb-Touchscreen (kapazitiv)<\/li>\n<li>essbereich: mV: -2000,0 bis 2000,0 mV \/ pH: -2,00 bis 16,00 pH \/ Temperatur: -5 bis 120 \u00b0C<\/li>\n<li>Messaufl\u00f6sung: 0,1 mV \/ 0,01 pH \/ 0,1 \u00b0C<\/li>\n<li>Genauigkeit: mV-Wert: \u00b1 0,1 mV, \u00b1 0,03 % FS, Temperatur: \u00b1 0,1 \u00b0C (ohne Sondenfehler)<\/li>\n<li>Wiederholgenauigkeit der Titration: \u2264 0,2 %<\/li>\n<li>Wiederholgenauigkeit der Elektronik: \u2264 0,2 mV<\/li>\n<li>Stabilit\u00e4t der Elektronik: \u00b1 0,3 mV\/3 h<\/li>\n<li>Inklusive 10-ml-B\u00fcrette<\/li>\n<li>Aufl\u00f6sung der B\u00fcrette: 1\/96000<\/li>\n<li>Stromversorgung: 110\u2013240 V, 50\/60 Hz<\/li>\n<li>Betriebsumgebung: 10 \u00b0C bis 37 \u00b0C, bis zu 70 % relative Luftfeuchtigkeit<\/li>\n<li>R\u00fchrgeschwindigkeit 10\u2013100 %, in 10-%-Schritten<\/li>\n<li>Versand &amp; Gewicht: 56 \u00d7 49 \u00d7 41 cm, 11 kg<\/li>\n<\/ul>\n<h2>Im Lieferumfang enthalten<\/h2>\n<ul>\n<li>Titrationsger\u00e4t (1 St\u00fcck)<\/li>\n<li>St\u00fctzstange (1 St\u00fcck)<\/li>\n<li>Elektrodenhalter (2 St\u00fcck)<\/li>\n<li>Benutzerhandbuch (1 Exemplar auf USB-Stick)<\/li>\n<li>Netzteil (1 St\u00fcck)<\/li>\n<li>Probenbecher (150 ml)<\/li>\n<li>Titrantflasche (500 ml)<\/li>\n<li>Dosierspitzen (2 St\u00fcck)<\/li>\n<li>pH-Puffer (4,00, 6,86, 9,18) (je 50 ml) (1 Set)<\/li>\n<li>Kurzschlussstecker (1 St\u00fcck)<\/li>\n<li>pH-Sonde (1 St\u00fcck)<\/li>\n<li>Temperatursonde (1 St\u00fcck)<\/li>\n<li>R\u00fchrkugel (1 St\u00fcck)<\/li>\n<li>Verschluss f\u00fcr Titrantflasche (1 Set)<\/li>\n<li>Trockenrohr (1 St\u00fcck)<\/li>\n<li>Indikator-Silica-Trockenmittel (100 g)<\/li>\n<li>Netzkabel (1 St\u00fcck)<\/li>\n<li>Mikronfilterpatrone (1 St\u00fcck)<\/li>\n<\/ul>\n<h2>Download<\/h2>\n<p><a href=\"https:\/\/sysmatec.ch\/wp-content\/uploads\/2026\/03\/Electrode-Application-Guide-1.pdf\">Electrode Application Guide<\/a><\/p>\n","protected":false},"excerpt":{"rendered":"<p>Automatisches Titrationsger\u00e4t f\u00fcr Titrationen wie pH-Wert-, Redox- und Ionen-Titrationen.<\/p>\n","protected":false},"featured_media":31839,"template":"","meta":{"_crdt_document":""},"product_brand":[],"product_cat":[185,370],"product_tag":[],"class_list":{"0":"post-31835","1":"product","2":"type-product","3":"status-publish","4":"has-post-thumbnail","6":"product_cat-analyzer-de","7":"product_cat-wasser","9":"first","10":"instock","11":"taxable","12":"shipping-taxable","13":"product-type-simple"},"yoast_head":"<!-- This site is optimized with the Yoast SEO plugin v27.3 - https:\/\/yoast.com\/product\/yoast-seo-wordpress\/ -->\n<title>Potentiometrischer Titrator ATP1000 - Sysmatec<\/title>\n<meta name=\"description\" content=\"Automatisches Titrationsger\u00e4t f\u00fcr Titrationen wie pH-Wert-, Redox- und Ionenmessungen. Lieferung inklusive pH-Elektrode, Pumpe und Titrationsfl\u00fcssigkeitsflasche.\" \/>\n<meta name=\"robots\" content=\"index, follow, max-snippet:-1, max-image-preview:large, max-video-preview:-1\" \/>\n<link rel=\"canonical\" href=\"https:\/\/sysmatec.ch\/de\/product\/potentiometrischer-titrator-atp1000\/\" \/>\n<meta property=\"og:locale\" content=\"de_DE\" \/>\n<meta property=\"og:type\" content=\"article\" \/>\n<meta property=\"og:title\" content=\"Potentiometrischer Titrator ATP1000 - Sysmatec\" \/>\n<meta property=\"og:description\" content=\"Automatisches Titrationsger\u00e4t f\u00fcr Titrationen wie pH-Wert-, Redox- und Ionenmessungen. Lieferung inklusive pH-Elektrode, Pumpe und Titrationsfl\u00fcssigkeitsflasche.\" \/>\n<meta property=\"og:url\" content=\"https:\/\/sysmatec.ch\/de\/product\/potentiometrischer-titrator-atp1000\/\" \/>\n<meta property=\"og:site_name\" content=\"Sysmatec\" \/>\n<meta property=\"article:modified_time\" content=\"2026-03-21T17:14:57+00:00\" \/>\n<meta property=\"og:image\" content=\"https:\/\/sysmatec.ch\/wp-content\/uploads\/2026\/03\/Titration_ATP1000Peakii.jpg\" \/>\n\t<meta property=\"og:image:width\" content=\"812\" \/>\n\t<meta property=\"og:image:height\" content=\"627\" \/>\n\t<meta property=\"og:image:type\" content=\"image\/jpeg\" \/>\n<meta name=\"twitter:card\" content=\"summary_large_image\" \/>\n<meta name=\"twitter:label1\" content=\"Gesch\u00e4tzte Lesezeit\" \/>\n\t<meta name=\"twitter:data1\" content=\"2\u00a0Minuten\" \/>\n<script type=\"application\/ld+json\" class=\"yoast-schema-graph\">{\"@context\":\"https:\\\/\\\/schema.org\",\"@graph\":[{\"@type\":\"WebPage\",\"@id\":\"https:\\\/\\\/sysmatec.ch\\\/de\\\/product\\\/potentiometrischer-titrator-atp1000\\\/\",\"url\":\"https:\\\/\\\/sysmatec.ch\\\/de\\\/product\\\/potentiometrischer-titrator-atp1000\\\/\",\"name\":\"Potentiometrischer Titrator ATP1000 - Sysmatec\",\"isPartOf\":{\"@id\":\"https:\\\/\\\/sysmatec.ch\\\/de\\\/#website\"},\"primaryImageOfPage\":{\"@id\":\"https:\\\/\\\/sysmatec.ch\\\/de\\\/product\\\/potentiometrischer-titrator-atp1000\\\/#primaryimage\"},\"image\":{\"@id\":\"https:\\\/\\\/sysmatec.ch\\\/de\\\/product\\\/potentiometrischer-titrator-atp1000\\\/#primaryimage\"},\"thumbnailUrl\":\"https:\\\/\\\/sysmatec.ch\\\/wp-content\\\/uploads\\\/2026\\\/03\\\/Titration_ATP1000Peakii.jpg\",\"datePublished\":\"2026-03-14T13:42:59+00:00\",\"dateModified\":\"2026-03-21T17:14:57+00:00\",\"description\":\"Automatisches Titrationsger\u00e4t f\u00fcr Titrationen wie pH-Wert-, Redox- und Ionenmessungen. Lieferung inklusive pH-Elektrode, Pumpe und Titrationsfl\u00fcssigkeitsflasche.\",\"breadcrumb\":{\"@id\":\"https:\\\/\\\/sysmatec.ch\\\/de\\\/product\\\/potentiometrischer-titrator-atp1000\\\/#breadcrumb\"},\"inLanguage\":\"de\",\"potentialAction\":[{\"@type\":\"ReadAction\",\"target\":[\"https:\\\/\\\/sysmatec.ch\\\/de\\\/product\\\/potentiometrischer-titrator-atp1000\\\/\"]}]},{\"@type\":\"ImageObject\",\"inLanguage\":\"de\",\"@id\":\"https:\\\/\\\/sysmatec.ch\\\/de\\\/product\\\/potentiometrischer-titrator-atp1000\\\/#primaryimage\",\"url\":\"https:\\\/\\\/sysmatec.ch\\\/wp-content\\\/uploads\\\/2026\\\/03\\\/Titration_ATP1000Peakii.jpg\",\"contentUrl\":\"https:\\\/\\\/sysmatec.ch\\\/wp-content\\\/uploads\\\/2026\\\/03\\\/Titration_ATP1000Peakii.jpg\",\"width\":812,\"height\":627},{\"@type\":\"BreadcrumbList\",\"@id\":\"https:\\\/\\\/sysmatec.ch\\\/de\\\/product\\\/potentiometrischer-titrator-atp1000\\\/#breadcrumb\",\"itemListElement\":[{\"@type\":\"ListItem\",\"position\":1,\"name\":\"Accueil\",\"item\":\"https:\\\/\\\/sysmatec.ch\\\/de\\\/\"},{\"@type\":\"ListItem\",\"position\":2,\"name\":\"Die Aktivit\u00e4t von Sysmatec\",\"item\":\"https:\\\/\\\/sysmatec.ch\\\/de\\\/\"},{\"@type\":\"ListItem\",\"position\":3,\"name\":\"Potentiometrischer Titrator ATP1000\"}]},{\"@type\":\"WebSite\",\"@id\":\"https:\\\/\\\/sysmatec.ch\\\/de\\\/#website\",\"url\":\"https:\\\/\\\/sysmatec.ch\\\/de\\\/\",\"name\":\"Sysmatec\",\"description\":\"Equipement de laboratoire et logiciels\",\"publisher\":{\"@id\":\"https:\\\/\\\/sysmatec.ch\\\/de\\\/#organization\"},\"potentialAction\":[{\"@type\":\"SearchAction\",\"target\":{\"@type\":\"EntryPoint\",\"urlTemplate\":\"https:\\\/\\\/sysmatec.ch\\\/de\\\/?s={search_term_string}\"},\"query-input\":{\"@type\":\"PropertyValueSpecification\",\"valueRequired\":true,\"valueName\":\"search_term_string\"}}],\"inLanguage\":\"de\"},{\"@type\":\"Organization\",\"@id\":\"https:\\\/\\\/sysmatec.ch\\\/de\\\/#organization\",\"name\":\"Sysmatec\",\"url\":\"https:\\\/\\\/sysmatec.ch\\\/de\\\/\",\"logo\":{\"@type\":\"ImageObject\",\"inLanguage\":\"de\",\"@id\":\"https:\\\/\\\/sysmatec.ch\\\/de\\\/#\\\/schema\\\/logo\\\/image\\\/\",\"url\":\"https:\\\/\\\/sysmatec.ch\\\/wp-content\\\/uploads\\\/2018\\\/11\\\/LogoSysmatec.jpg\",\"contentUrl\":\"https:\\\/\\\/sysmatec.ch\\\/wp-content\\\/uploads\\\/2018\\\/11\\\/LogoSysmatec.jpg\",\"width\":301,\"height\":297,\"caption\":\"Sysmatec\"},\"image\":{\"@id\":\"https:\\\/\\\/sysmatec.ch\\\/de\\\/#\\\/schema\\\/logo\\\/image\\\/\"}}]}<\/script>\n<!-- \/ Yoast SEO plugin. -->","yoast_head_json":{"title":"Potentiometrischer Titrator ATP1000 - Sysmatec","description":"Automatisches Titrationsger\u00e4t f\u00fcr Titrationen wie pH-Wert-, Redox- und Ionenmessungen. Lieferung inklusive pH-Elektrode, Pumpe und Titrationsfl\u00fcssigkeitsflasche.","robots":{"index":"index","follow":"follow","max-snippet":"max-snippet:-1","max-image-preview":"max-image-preview:large","max-video-preview":"max-video-preview:-1"},"canonical":"https:\/\/sysmatec.ch\/de\/product\/potentiometrischer-titrator-atp1000\/","og_locale":"de_DE","og_type":"article","og_title":"Potentiometrischer Titrator ATP1000 - Sysmatec","og_description":"Automatisches Titrationsger\u00e4t f\u00fcr Titrationen wie pH-Wert-, Redox- und Ionenmessungen. Lieferung inklusive pH-Elektrode, Pumpe und Titrationsfl\u00fcssigkeitsflasche.","og_url":"https:\/\/sysmatec.ch\/de\/product\/potentiometrischer-titrator-atp1000\/","og_site_name":"Sysmatec","article_modified_time":"2026-03-21T17:14:57+00:00","og_image":[{"width":812,"height":627,"url":"https:\/\/sysmatec.ch\/wp-content\/uploads\/2026\/03\/Titration_ATP1000Peakii.jpg","type":"image\/jpeg"}],"twitter_card":"summary_large_image","twitter_misc":{"Gesch\u00e4tzte Lesezeit":"2\u00a0Minuten"},"schema":{"@context":"https:\/\/schema.org","@graph":[{"@type":"WebPage","@id":"https:\/\/sysmatec.ch\/de\/product\/potentiometrischer-titrator-atp1000\/","url":"https:\/\/sysmatec.ch\/de\/product\/potentiometrischer-titrator-atp1000\/","name":"Potentiometrischer Titrator ATP1000 - Sysmatec","isPartOf":{"@id":"https:\/\/sysmatec.ch\/de\/#website"},"primaryImageOfPage":{"@id":"https:\/\/sysmatec.ch\/de\/product\/potentiometrischer-titrator-atp1000\/#primaryimage"},"image":{"@id":"https:\/\/sysmatec.ch\/de\/product\/potentiometrischer-titrator-atp1000\/#primaryimage"},"thumbnailUrl":"https:\/\/sysmatec.ch\/wp-content\/uploads\/2026\/03\/Titration_ATP1000Peakii.jpg","datePublished":"2026-03-14T13:42:59+00:00","dateModified":"2026-03-21T17:14:57+00:00","description":"Automatisches Titrationsger\u00e4t f\u00fcr Titrationen wie pH-Wert-, Redox- und Ionenmessungen. Lieferung inklusive pH-Elektrode, Pumpe und Titrationsfl\u00fcssigkeitsflasche.","breadcrumb":{"@id":"https:\/\/sysmatec.ch\/de\/product\/potentiometrischer-titrator-atp1000\/#breadcrumb"},"inLanguage":"de","potentialAction":[{"@type":"ReadAction","target":["https:\/\/sysmatec.ch\/de\/product\/potentiometrischer-titrator-atp1000\/"]}]},{"@type":"ImageObject","inLanguage":"de","@id":"https:\/\/sysmatec.ch\/de\/product\/potentiometrischer-titrator-atp1000\/#primaryimage","url":"https:\/\/sysmatec.ch\/wp-content\/uploads\/2026\/03\/Titration_ATP1000Peakii.jpg","contentUrl":"https:\/\/sysmatec.ch\/wp-content\/uploads\/2026\/03\/Titration_ATP1000Peakii.jpg","width":812,"height":627},{"@type":"BreadcrumbList","@id":"https:\/\/sysmatec.ch\/de\/product\/potentiometrischer-titrator-atp1000\/#breadcrumb","itemListElement":[{"@type":"ListItem","position":1,"name":"Accueil","item":"https:\/\/sysmatec.ch\/de\/"},{"@type":"ListItem","position":2,"name":"Die Aktivit\u00e4t von Sysmatec","item":"https:\/\/sysmatec.ch\/de\/"},{"@type":"ListItem","position":3,"name":"Potentiometrischer Titrator ATP1000"}]},{"@type":"WebSite","@id":"https:\/\/sysmatec.ch\/de\/#website","url":"https:\/\/sysmatec.ch\/de\/","name":"Sysmatec","description":"Equipement de laboratoire et logiciels","publisher":{"@id":"https:\/\/sysmatec.ch\/de\/#organization"},"potentialAction":[{"@type":"SearchAction","target":{"@type":"EntryPoint","urlTemplate":"https:\/\/sysmatec.ch\/de\/?s={search_term_string}"},"query-input":{"@type":"PropertyValueSpecification","valueRequired":true,"valueName":"search_term_string"}}],"inLanguage":"de"},{"@type":"Organization","@id":"https:\/\/sysmatec.ch\/de\/#organization","name":"Sysmatec","url":"https:\/\/sysmatec.ch\/de\/","logo":{"@type":"ImageObject","inLanguage":"de","@id":"https:\/\/sysmatec.ch\/de\/#\/schema\/logo\/image\/","url":"https:\/\/sysmatec.ch\/wp-content\/uploads\/2018\/11\/LogoSysmatec.jpg","contentUrl":"https:\/\/sysmatec.ch\/wp-content\/uploads\/2018\/11\/LogoSysmatec.jpg","width":301,"height":297,"caption":"Sysmatec"},"image":{"@id":"https:\/\/sysmatec.ch\/de\/#\/schema\/logo\/image\/"}}]}},"_links":{"self":[{"href":"https:\/\/sysmatec.ch\/de\/wp-json\/wp\/v2\/product\/31835","targetHints":{"allow":["GET"]}}],"collection":[{"href":"https:\/\/sysmatec.ch\/de\/wp-json\/wp\/v2\/product"}],"about":[{"href":"https:\/\/sysmatec.ch\/de\/wp-json\/wp\/v2\/types\/product"}],"wp:featuredmedia":[{"embeddable":true,"href":"https:\/\/sysmatec.ch\/de\/wp-json\/wp\/v2\/media\/31839"}],"wp:attachment":[{"href":"https:\/\/sysmatec.ch\/de\/wp-json\/wp\/v2\/media?parent=31835"}],"wp:term":[{"taxonomy":"product_brand","embeddable":true,"href":"https:\/\/sysmatec.ch\/de\/wp-json\/wp\/v2\/product_brand?post=31835"},{"taxonomy":"product_cat","embeddable":true,"href":"https:\/\/sysmatec.ch\/de\/wp-json\/wp\/v2\/product_cat?post=31835"},{"taxonomy":"product_tag","embeddable":true,"href":"https:\/\/sysmatec.ch\/de\/wp-json\/wp\/v2\/product_tag?post=31835"}],"curies":[{"name":"wp","href":"https:\/\/api.w.org\/{rel}","templated":true}]}}