{"id":31815,"date":"2026-02-18T18:26:15","date_gmt":"2026-02-18T17:26:15","guid":{"rendered":"https:\/\/sysmatec.ch\/?post_type=product&#038;p=31815"},"modified":"2026-02-18T20:21:18","modified_gmt":"2026-02-18T19:21:18","slug":"transport-schock-und-beschleunigung-datenlogger-msr-175pro","status":"publish","type":"product","link":"https:\/\/sysmatec.ch\/de\/Produkt\/transport-schock-und-beschleunigung-datenlogger-msr-175pro\/","title":{"rendered":"Transport-Schock- und Beschleunigung-Datenlogger MSR 175PRO"},"content":{"rendered":"<p>Der MSR 175Pro Datenlogger erm\u00f6glicht die pr\u00e4zise \u00dcberwachung von mechanischen Schock- und Stossbelastungen sowie klimatischen Einfl\u00fcssen w\u00e4hrend des Transports von Trans formatoren und Schwerlastg\u00fctern. Die erfassten Messdaten liefern eine zuverl\u00e4ssige Grundlage f\u00fcr fundierte Schadensanalysen und eine klare Haftungszuordnung.<\/p>\n<h2>Vorteile des Schock Datenlogger<\/h2>\n<ul>\n<li type=\"disc\">Beschleunigungsmessung f\u00fcr hochdynamische Schockereignisse. Zuverl\u00e4ssige Erfassung kurzzeitiger Stossbelastungen.<\/li>\n<li type=\"disc\">Flexible Messkonfiguration: Einstellbare Mess- und Speicherraten sowie mehrere Schockmessmodi.<\/li>\n<li type=\"disc\">Signalaufbereitung f\u00fcr pr\u00e4zise Auswertung<\/li>\n<li type=\"disc\">Anti-Aliasing-, Dezimations- und Hochpassfilter zur Trennung relevanter Schockereignisse von statischen Belastungen<\/li>\n<li type=\"disc\">Ereignisspeicherung je nach Messmodus:-Ringspeicher f\u00fcr bis zu 1\u2019000 Schockereignisse -nicht \u00fcberschreibbarer Zusatzspeicher<\/li>\n<li>Integrierter, im Geh\u00e4use verbauter 3-Achsen-Beschleunigungssensor, Messbereich wahlweise <strong>\u00b110 g<\/strong>,\u00a0<strong>\u00b120 g<\/strong>\u00a0oder\u00a0<strong>\u00b140 g<\/strong><\/li>\n<li><strong>einstellbare Mess- und Speicherrate: 4 Hz, 8 Hz, 16 Hz, 31 Hz, 62 Hz, 125 Hz, 250 Hz, 500 Hz, 1000 Hz, 2000 Hz, 4000 Hz<\/strong><\/li>\n<li>mehrere Schock-Messmodi<\/li>\n<li>Verwendung von<strong>\u00a0Anti-Aliasing-Filter\u00a0<\/strong>und<strong>\u00a0Dezimationsfilter<\/strong><\/li>\n<li><strong>Hochpass-Filter\u00a0<\/strong>zur Entfernung der statischen Beschleunigung (Erdbeschleunigung)<\/li>\n<li>Schock-Schwellwerte ab 0,5 g stufenweise einstellbar<\/li>\n<li>1 interner Temperatursensor inklusive, je nach Variante zus\u00e4tzlich je 1 interner Feuchte-, Druck- und Lichtsensor, Mess-\/Speicherrate alle 10 Min. \/ 30 Min.<\/li>\n<li><strong>auswechselbare\u00a0<\/strong><strong>Li-SOCI<sub>2<\/sub>Batterie, Batterielaufzeit mind. 2 Jahre<\/strong><\/li>\n<li>farbige LED zur Statusindikation<\/li>\n<\/ul>\n<h2>Sensoren<\/h2>\n<table width=\"320\">\n<tbody>\n<tr>\n<td width=\"80\">Interner Sensor<\/td>\n<td width=\"80\">Messbereich<\/td>\n<td width=\"80\">Genauigkeit (max. Abweichung)<\/td>\n<td width=\"80\">Mess-\/Speicherrate<\/td>\n<\/tr>\n<tr>\n<td width=\"80\">3-Achsen-Beschleunigung<\/td>\n<td width=\"80\">\u00b110 g, \u00b120 g, \u00b140 g (-20\u2026+65 \u00b0C)<\/td>\n<td width=\"80\"><\/td>\n<td width=\"80\">4 Hz, 8 Hz, 16 Hz, 31 Hz, 62 Hz, 125 Hz, 250 Hz, 500 Hz, 1000 Hz, 2000 Hz, 4000 Hz<\/td>\n<\/tr>\n<tr>\n<td width=\"80\">Temperatur<\/td>\n<td width=\"80\">-20\u2026+65 \u00b0C<\/td>\n<td width=\"80\">\u00b10,5 \u00b0C (-10\u2026+65 \u00b0C)<\/td>\n<td width=\"80\">10 Min. \/ 30 Min.<\/td>\n<\/tr>\n<tr>\n<td rowspan=\"4\" width=\"80\">Relative Feuchte<\/td>\n<td width=\"80\">0\u2026100 % rel. Feuchte<\/td>\n<td width=\"80\">\u00b12 % rel. Feuchte<\/td>\n<td rowspan=\"4\" width=\"80\">10 Min. \/ 30 Min.<\/td>\n<\/tr>\n<tr>\n<td width=\"80\">(-20\u2026+65 \u00b0C)<\/td>\n<td width=\"80\">(10\u202685 %, 0\u2026+40 \u00b0C)<\/td>\n<\/tr>\n<tr>\n<td width=\"80\"><\/td>\n<td width=\"80\">\u00b14 % rel. Feuchte<\/td>\n<\/tr>\n<tr>\n<td width=\"80\"><\/td>\n<td width=\"80\">(85\u202695 %, 0\u2026+40 \u00b0C)<\/td>\n<\/tr>\n<tr>\n<td rowspan=\"3\" width=\"80\">Luftdruck<\/td>\n<td width=\"80\">0\u20262000 mbar absolut<\/td>\n<td width=\"80\">\u00b12,5 mbar<\/td>\n<td rowspan=\"3\" width=\"80\">10 Min. \/ 30 Min.<\/td>\n<\/tr>\n<tr>\n<td width=\"80\">(-20\u2026+65 \u00b0C)<\/td>\n<td width=\"80\">(750\u20261100 mbar<\/td>\n<\/tr>\n<tr>\n<td width=\"80\"><\/td>\n<td width=\"80\">absolut, +25\u2009\u00b0C)<\/td>\n<\/tr>\n<tr>\n<td width=\"80\">Licht<\/td>\n<td width=\"80\">0\u202683\u2019000 lx<\/td>\n<td width=\"80\">max. Empfindlichkeit bei 550 nm<\/td>\n<td width=\"80\">10 Min. \/ 30 Min.<\/td>\n<\/tr>\n<tr>\n<td rowspan=\"2\" width=\"80\">Lage<\/td>\n<td colspan=\"3\" width=\"240\">Zur Lageerfassung wird alle 10 Min. \/ 30 Min. in allen 3 Achsen die<\/td>\n<\/tr>\n<tr>\n<td colspan=\"3\" width=\"240\">statische Beschleunigung gemessen und gespeichert.<\/td>\n<\/tr>\n<\/tbody>\n<\/table>\n<h2>Datenlogger spezifische Daten (Ref. 175B54T9AA6PRO)<\/h2>\n<ul>\n<li>Beschleunigung \u00b110 g, \u00b120 g oder \u00b140 g (w\u00e4hlbar)<\/li>\n<li>Temperatur -25 bis +65 \u00b0C<\/li>\n<\/ul>\n<h2>Datenlogger spezifische Daten (Ref. 175B54T6H3P5AA6L3PRO)<\/h2>\n<ul>\n<li>Beschleunigung \u00b110 g, \u00b120 g oder \u00b140 g (w\u00e4hlbar)<\/li>\n<li>Temperatur -20 bis +65 \u00b0C<\/li>\n<li>Relative Feuchte 0 bis 100 %<\/li>\n<li>Luftdruck 0 bis 2000 mbar abs.<\/li>\n<li>Licht 0 bis 83 000 lx,<\/li>\n<\/ul>\n<h2>Allgemeine technische Daten zum Transport-Datenlogger<\/h2>\n<table class=\"msr-spec-table\" border=\"0\" width=\"100%\" cellspacing=\"0\" cellpadding=\"4\">\n<tbody>\n<tr>\n<td>Speicherkapazit\u00e4t<\/td>\n<td class=\"data_td_border\">\u00fcber 2\u2019000\u2019000 Messwerte<\/td>\n<\/tr>\n<tr>\n<td class=\"data_td_border\">Schockereignisse<\/td>\n<td class=\"data_td_border\">1\u2019000 im Ringspeicher + 1\u2019000 im Zusatzspeicher<\/td>\n<\/tr>\n<tr>\n<td class=\"data_td_border\">Medium<\/td>\n<td class=\"data_td_border\">Luft<\/td>\n<\/tr>\n<tr>\n<td class=\"data_td_border\">Farbe<\/td>\n<td class=\"data_td_border\">Bernstein\/Blau<\/td>\n<\/tr>\n<tr>\n<td class=\"data_td_border\">Taster<\/td>\n<td class=\"data_td_border\">Messung starten\/Status abfragen<\/td>\n<\/tr>\n<tr>\n<td class=\"data_td_border\" valign=\"top\">Spannungsversorgung<\/td>\n<td class=\"data_td_border\">auswechselbare Li-SOCI<sub>2<\/sub>-Batterie (SAFT LSH 14 3.6 V, 5.8 Ah), Batterielaufzeit mindestens 2 Jahre.<\/td>\n<\/tr>\n<tr>\n<td class=\"data_td_border\">Interface<\/td>\n<td class=\"data_td_border\">USB<\/td>\n<\/tr>\n<tr>\n<td class=\"data_td_border\" valign=\"top\">Software-Paket<\/td>\n<td class=\"data_td_border\">MSR175-Dashboard-Software, MSR Report Generator, kostenlose MSR ShockViewer Basis-Version.<br \/>\nAnforderungen an den PC: ab Windows 7<\/td>\n<\/tr>\n<tr>\n<td colspan=\"2\"><b class=\"txt_dark_grey\">Betriebsbedingungen:<\/b><\/td>\n<\/tr>\n<tr>\n<td class=\"data_td_border\">Temperatur:<\/td>\n<td class=\"data_td_border\">-20\u2026+65 \u00b0C<\/td>\n<\/tr>\n<tr>\n<td colspan=\"2\"><b class=\"txt_dark_grey\">Optimale Lagerbedingungen:<\/b><\/td>\n<\/tr>\n<tr>\n<td class=\"data_td_border\">Temperatur:<br \/>\nFeuchte:<\/td>\n<td class=\"data_td_border\">+5 \u00b0C\u2026+45 \u00b0C (ideale Lagerbedingungen f\u00fcr Batterie)<br \/>\n10\u202695 % relative Feuchte, nicht kondensierend<\/td>\n<\/tr>\n<tr>\n<td class=\"data_td_border\" valign=\"top\"><b class=\"txt_dark_grey\">Normen:<\/b><\/td>\n<td class=\"data_td_border\">Der MSR175Pro entspricht der EU-Richtlinie RoHS\/WEEE.<\/td>\n<\/tr>\n<\/tbody>\n<\/table>\n<p data-start=\"1353\" data-end=\"1424\">Im Lieferumfang enthalten sind drei leistungsf\u00e4hige Software-Tools:<\/p>\n<p data-start=\"2077\" data-end=\"2297\">\u2022\u00a0MSR Dashboard\u00a0zur einfachen Konfiguration der Datenlogger, Verwaltung mehrerer Ger\u00e4te und schnellen Datenauslesung \u00fcber USB<br data-start=\"2129\" data-end=\"2132\" \/>\u2022\u00a0MSR ReportGenerator\u00a0zur automatischen Erstellung transportrelevanter Berichte<br data-start=\"2211\" data-end=\"2214\" \/>\u2022\u00a0MSR ShockViewer zur detaillierten Analyse, Visualisierung und Auswertung von Schockverl\u00e4ufen und dynamischen Ereignissen<\/p>\n","protected":false},"excerpt":{"rendered":"<p>Sto\u00dfrekorder, optional Temperatur-, Feuchtigkeits-, Druck- und Licht- Rekorder f\u00fcr den Transport. Hohe Autonomie<\/p>\n","protected":false},"featured_media":31819,"template":"","meta":{"_crdt_document":""},"product_brand":[],"product_cat":[288,168,169,175,206,173],"product_tag":[],"class_list":{"0":"post-31815","1":"product","2":"type-product","3":"status-publish","4":"has-post-thumbnail","6":"product_cat-beschleunigung","7":"product_cat-datenlogger","8":"product_cat-druck","9":"product_cat-feuchte","10":"product_cat-licht","11":"product_cat-temperatur","13":"first","14":"instock","15":"taxable","16":"shipping-taxable","17":"product-type-simple"},"yoast_head":"<!-- This site is optimized with the Yoast SEO plugin v27.4 - https:\/\/yoast.com\/product\/yoast-seo-wordpress\/ -->\n<title>Transport-Schock- und Beschleunigung-Datenlogger MSR 175PRO - Sysmatec<\/title>\n<meta name=\"description\" content=\"Sto\u00df- und Beschleunigungsrekorder. Optionale Aufzeichnung von Druck, Luftfeuchtigkeit, Temperatur und Licht. Ideal f\u00fcr den Transport.\" \/>\n<meta name=\"robots\" content=\"index, follow, max-snippet:-1, max-image-preview:large, max-video-preview:-1\" \/>\n<link rel=\"canonical\" href=\"https:\/\/sysmatec.ch\/de\/Produkt\/transport-schock-und-beschleunigung-datenlogger-msr-175pro\/\" \/>\n<meta property=\"og:locale\" content=\"de_DE\" \/>\n<meta property=\"og:type\" content=\"article\" \/>\n<meta property=\"og:title\" content=\"Transport-Schock- und Beschleunigung-Datenlogger MSR 175PRO - Sysmatec\" \/>\n<meta property=\"og:description\" content=\"Sto\u00df- und Beschleunigungsrekorder. Optionale Aufzeichnung von Druck, Luftfeuchtigkeit, Temperatur und Licht. Ideal f\u00fcr den Transport.\" \/>\n<meta property=\"og:url\" content=\"https:\/\/sysmatec.ch\/de\/Produkt\/transport-schock-und-beschleunigung-datenlogger-msr-175pro\/\" \/>\n<meta property=\"og:site_name\" content=\"Sysmatec\" \/>\n<meta property=\"article:modified_time\" content=\"2026-02-18T19:21:18+00:00\" \/>\n<meta property=\"og:image\" content=\"https:\/\/sysmatec.ch\/wp-content\/uploads\/2026\/02\/EnregistreurChocs_MSR175Pro.jpg\" \/>\n\t<meta property=\"og:image:width\" content=\"851\" \/>\n\t<meta property=\"og:image:height\" content=\"573\" \/>\n\t<meta property=\"og:image:type\" content=\"image\/jpeg\" \/>\n<meta name=\"twitter:card\" content=\"summary_large_image\" \/>\n<meta name=\"twitter:label1\" content=\"Gesch\u00e4tzte Lesezeit\" \/>\n\t<meta name=\"twitter:data1\" content=\"3\u00a0Minuten\" \/>\n<script type=\"application\/ld+json\" class=\"yoast-schema-graph\">{\"@context\":\"https:\\\/\\\/schema.org\",\"@graph\":[{\"@type\":\"WebPage\",\"@id\":\"https:\\\/\\\/sysmatec.ch\\\/de\\\/Produkt\\\/transport-schock-und-beschleunigung-datenlogger-msr-175pro\\\/\",\"url\":\"https:\\\/\\\/sysmatec.ch\\\/de\\\/Produkt\\\/transport-schock-und-beschleunigung-datenlogger-msr-175pro\\\/\",\"name\":\"Transport-Schock- und Beschleunigung-Datenlogger MSR 175PRO - Sysmatec\",\"isPartOf\":{\"@id\":\"https:\\\/\\\/sysmatec.ch\\\/de\\\/#website\"},\"primaryImageOfPage\":{\"@id\":\"https:\\\/\\\/sysmatec.ch\\\/de\\\/Produkt\\\/transport-schock-und-beschleunigung-datenlogger-msr-175pro\\\/#primaryimage\"},\"image\":{\"@id\":\"https:\\\/\\\/sysmatec.ch\\\/de\\\/Produkt\\\/transport-schock-und-beschleunigung-datenlogger-msr-175pro\\\/#primaryimage\"},\"thumbnailUrl\":\"https:\\\/\\\/sysmatec.ch\\\/wp-content\\\/uploads\\\/2026\\\/02\\\/EnregistreurChocs_MSR175Pro.jpg\",\"datePublished\":\"2026-02-18T17:26:15+00:00\",\"dateModified\":\"2026-02-18T19:21:18+00:00\",\"description\":\"Sto\u00df- und Beschleunigungsrekorder. Optionale Aufzeichnung von Druck, Luftfeuchtigkeit, Temperatur und Licht. Ideal f\u00fcr den Transport.\",\"breadcrumb\":{\"@id\":\"https:\\\/\\\/sysmatec.ch\\\/de\\\/Produkt\\\/transport-schock-und-beschleunigung-datenlogger-msr-175pro\\\/#breadcrumb\"},\"inLanguage\":\"de\",\"potentialAction\":[{\"@type\":\"ReadAction\",\"target\":[\"https:\\\/\\\/sysmatec.ch\\\/de\\\/Produkt\\\/transport-schock-und-beschleunigung-datenlogger-msr-175pro\\\/\"]}]},{\"@type\":\"ImageObject\",\"inLanguage\":\"de\",\"@id\":\"https:\\\/\\\/sysmatec.ch\\\/de\\\/Produkt\\\/transport-schock-und-beschleunigung-datenlogger-msr-175pro\\\/#primaryimage\",\"url\":\"https:\\\/\\\/sysmatec.ch\\\/wp-content\\\/uploads\\\/2026\\\/02\\\/EnregistreurChocs_MSR175Pro.jpg\",\"contentUrl\":\"https:\\\/\\\/sysmatec.ch\\\/wp-content\\\/uploads\\\/2026\\\/02\\\/EnregistreurChocs_MSR175Pro.jpg\",\"width\":851,\"height\":573},{\"@type\":\"BreadcrumbList\",\"@id\":\"https:\\\/\\\/sysmatec.ch\\\/de\\\/Produkt\\\/transport-schock-und-beschleunigung-datenlogger-msr-175pro\\\/#breadcrumb\",\"itemListElement\":[{\"@type\":\"ListItem\",\"position\":1,\"name\":\"Accueil\",\"item\":\"https:\\\/\\\/sysmatec.ch\\\/de\\\/\"},{\"@type\":\"ListItem\",\"position\":2,\"name\":\"Die Aktivit\u00e4t von Sysmatec\",\"item\":\"https:\\\/\\\/sysmatec.ch\\\/de\\\/\"},{\"@type\":\"ListItem\",\"position\":3,\"name\":\"Transport-Schock- und Beschleunigung-Datenlogger MSR 175PRO\"}]},{\"@type\":\"WebSite\",\"@id\":\"https:\\\/\\\/sysmatec.ch\\\/de\\\/#website\",\"url\":\"https:\\\/\\\/sysmatec.ch\\\/de\\\/\",\"name\":\"Sysmatec\",\"description\":\"Equipement de laboratoire et logiciels\",\"publisher\":{\"@id\":\"https:\\\/\\\/sysmatec.ch\\\/de\\\/#organization\"},\"potentialAction\":[{\"@type\":\"SearchAction\",\"target\":{\"@type\":\"EntryPoint\",\"urlTemplate\":\"https:\\\/\\\/sysmatec.ch\\\/de\\\/?s={search_term_string}\"},\"query-input\":{\"@type\":\"PropertyValueSpecification\",\"valueRequired\":true,\"valueName\":\"search_term_string\"}}],\"inLanguage\":\"de\"},{\"@type\":\"Organization\",\"@id\":\"https:\\\/\\\/sysmatec.ch\\\/de\\\/#organization\",\"name\":\"Sysmatec\",\"url\":\"https:\\\/\\\/sysmatec.ch\\\/de\\\/\",\"logo\":{\"@type\":\"ImageObject\",\"inLanguage\":\"de\",\"@id\":\"https:\\\/\\\/sysmatec.ch\\\/de\\\/#\\\/schema\\\/logo\\\/image\\\/\",\"url\":\"https:\\\/\\\/sysmatec.ch\\\/wp-content\\\/uploads\\\/2018\\\/11\\\/LogoSysmatec.jpg\",\"contentUrl\":\"https:\\\/\\\/sysmatec.ch\\\/wp-content\\\/uploads\\\/2018\\\/11\\\/LogoSysmatec.jpg\",\"width\":301,\"height\":297,\"caption\":\"Sysmatec\"},\"image\":{\"@id\":\"https:\\\/\\\/sysmatec.ch\\\/de\\\/#\\\/schema\\\/logo\\\/image\\\/\"}}]}<\/script>\n<!-- \/ Yoast SEO plugin. -->","yoast_head_json":{"title":"Transport-Schock- und Beschleunigung-Datenlogger MSR 175PRO - Sysmatec","description":"Sto\u00df- und Beschleunigungsrekorder. Optionale Aufzeichnung von Druck, Luftfeuchtigkeit, Temperatur und Licht. Ideal f\u00fcr den Transport.","robots":{"index":"index","follow":"follow","max-snippet":"max-snippet:-1","max-image-preview":"max-image-preview:large","max-video-preview":"max-video-preview:-1"},"canonical":"https:\/\/sysmatec.ch\/de\/Produkt\/transport-schock-und-beschleunigung-datenlogger-msr-175pro\/","og_locale":"de_DE","og_type":"article","og_title":"Transport-Schock- und Beschleunigung-Datenlogger MSR 175PRO - Sysmatec","og_description":"Sto\u00df- und Beschleunigungsrekorder. Optionale Aufzeichnung von Druck, Luftfeuchtigkeit, Temperatur und Licht. Ideal f\u00fcr den Transport.","og_url":"https:\/\/sysmatec.ch\/de\/Produkt\/transport-schock-und-beschleunigung-datenlogger-msr-175pro\/","og_site_name":"Sysmatec","article_modified_time":"2026-02-18T19:21:18+00:00","og_image":[{"width":851,"height":573,"url":"https:\/\/sysmatec.ch\/wp-content\/uploads\/2026\/02\/EnregistreurChocs_MSR175Pro.jpg","type":"image\/jpeg"}],"twitter_card":"summary_large_image","twitter_misc":{"Gesch\u00e4tzte Lesezeit":"3\u00a0Minuten"},"schema":{"@context":"https:\/\/schema.org","@graph":[{"@type":"WebPage","@id":"https:\/\/sysmatec.ch\/de\/Produkt\/transport-schock-und-beschleunigung-datenlogger-msr-175pro\/","url":"https:\/\/sysmatec.ch\/de\/Produkt\/transport-schock-und-beschleunigung-datenlogger-msr-175pro\/","name":"Transport-Schock- und Beschleunigung-Datenlogger MSR 175PRO - Sysmatec","isPartOf":{"@id":"https:\/\/sysmatec.ch\/de\/#website"},"primaryImageOfPage":{"@id":"https:\/\/sysmatec.ch\/de\/Produkt\/transport-schock-und-beschleunigung-datenlogger-msr-175pro\/#primaryimage"},"image":{"@id":"https:\/\/sysmatec.ch\/de\/Produkt\/transport-schock-und-beschleunigung-datenlogger-msr-175pro\/#primaryimage"},"thumbnailUrl":"https:\/\/sysmatec.ch\/wp-content\/uploads\/2026\/02\/EnregistreurChocs_MSR175Pro.jpg","datePublished":"2026-02-18T17:26:15+00:00","dateModified":"2026-02-18T19:21:18+00:00","description":"Sto\u00df- und Beschleunigungsrekorder. Optionale Aufzeichnung von Druck, Luftfeuchtigkeit, Temperatur und Licht. Ideal f\u00fcr den Transport.","breadcrumb":{"@id":"https:\/\/sysmatec.ch\/de\/Produkt\/transport-schock-und-beschleunigung-datenlogger-msr-175pro\/#breadcrumb"},"inLanguage":"de","potentialAction":[{"@type":"ReadAction","target":["https:\/\/sysmatec.ch\/de\/Produkt\/transport-schock-und-beschleunigung-datenlogger-msr-175pro\/"]}]},{"@type":"ImageObject","inLanguage":"de","@id":"https:\/\/sysmatec.ch\/de\/Produkt\/transport-schock-und-beschleunigung-datenlogger-msr-175pro\/#primaryimage","url":"https:\/\/sysmatec.ch\/wp-content\/uploads\/2026\/02\/EnregistreurChocs_MSR175Pro.jpg","contentUrl":"https:\/\/sysmatec.ch\/wp-content\/uploads\/2026\/02\/EnregistreurChocs_MSR175Pro.jpg","width":851,"height":573},{"@type":"BreadcrumbList","@id":"https:\/\/sysmatec.ch\/de\/Produkt\/transport-schock-und-beschleunigung-datenlogger-msr-175pro\/#breadcrumb","itemListElement":[{"@type":"ListItem","position":1,"name":"Accueil","item":"https:\/\/sysmatec.ch\/de\/"},{"@type":"ListItem","position":2,"name":"Die Aktivit\u00e4t von Sysmatec","item":"https:\/\/sysmatec.ch\/de\/"},{"@type":"ListItem","position":3,"name":"Transport-Schock- und Beschleunigung-Datenlogger MSR 175PRO"}]},{"@type":"WebSite","@id":"https:\/\/sysmatec.ch\/de\/#website","url":"https:\/\/sysmatec.ch\/de\/","name":"Sysmatec","description":"Equipement de laboratoire et logiciels","publisher":{"@id":"https:\/\/sysmatec.ch\/de\/#organization"},"potentialAction":[{"@type":"SearchAction","target":{"@type":"EntryPoint","urlTemplate":"https:\/\/sysmatec.ch\/de\/?s={search_term_string}"},"query-input":{"@type":"PropertyValueSpecification","valueRequired":true,"valueName":"search_term_string"}}],"inLanguage":"de"},{"@type":"Organization","@id":"https:\/\/sysmatec.ch\/de\/#organization","name":"Sysmatec","url":"https:\/\/sysmatec.ch\/de\/","logo":{"@type":"ImageObject","inLanguage":"de","@id":"https:\/\/sysmatec.ch\/de\/#\/schema\/logo\/image\/","url":"https:\/\/sysmatec.ch\/wp-content\/uploads\/2018\/11\/LogoSysmatec.jpg","contentUrl":"https:\/\/sysmatec.ch\/wp-content\/uploads\/2018\/11\/LogoSysmatec.jpg","width":301,"height":297,"caption":"Sysmatec"},"image":{"@id":"https:\/\/sysmatec.ch\/de\/#\/schema\/logo\/image\/"}}]}},"_links":{"self":[{"href":"https:\/\/sysmatec.ch\/de\/wp-json\/wp\/v2\/product\/31815","targetHints":{"allow":["GET"]}}],"collection":[{"href":"https:\/\/sysmatec.ch\/de\/wp-json\/wp\/v2\/product"}],"about":[{"href":"https:\/\/sysmatec.ch\/de\/wp-json\/wp\/v2\/types\/product"}],"wp:featuredmedia":[{"embeddable":true,"href":"https:\/\/sysmatec.ch\/de\/wp-json\/wp\/v2\/media\/31819"}],"wp:attachment":[{"href":"https:\/\/sysmatec.ch\/de\/wp-json\/wp\/v2\/media?parent=31815"}],"wp:term":[{"taxonomy":"product_brand","embeddable":true,"href":"https:\/\/sysmatec.ch\/de\/wp-json\/wp\/v2\/product_brand?post=31815"},{"taxonomy":"product_cat","embeddable":true,"href":"https:\/\/sysmatec.ch\/de\/wp-json\/wp\/v2\/product_cat?post=31815"},{"taxonomy":"product_tag","embeddable":true,"href":"https:\/\/sysmatec.ch\/de\/wp-json\/wp\/v2\/product_tag?post=31815"}],"curies":[{"name":"wp","href":"https:\/\/api.w.org\/{rel}","templated":true}]}}