{"id":31800,"date":"2026-02-17T10:39:41","date_gmt":"2026-02-17T09:39:41","guid":{"rendered":"https:\/\/sysmatec.ch\/?post_type=product&#038;p=31800"},"modified":"2026-02-17T12:28:45","modified_gmt":"2026-02-17T11:28:45","slug":"ph-saeure-und-so2-analysator-fuer-wein-titra-evo","status":"publish","type":"product","link":"https:\/\/sysmatec.ch\/de\/Produkt\/ph-saeure-und-so2-analysator-fuer-wein-titra-evo\/","title":{"rendered":"pH-, S\u00e4ure- und SO2-Analysator f\u00fcr Wein Titra EVO"},"content":{"rendered":"<p>Das Analyseger\u00e4t misst pH-Wert, Gesamts\u00e4ure, fl\u00fcchtige S\u00e4ure sowie freies und gebundenes SO\u2082 in Weinen, Mosten, alkoholischen Getr\u00e4nken und Essigen. Es ist in drei Ausf\u00fchrungen erh\u00e4ltlich:<\/p>\n<ul>\n<li>Messung von pH-Wert, Gesamts\u00e4ure und fl\u00fcchtiger S\u00e4ure im Destillat<\/li>\n<li>Messung von freiem und gebundenem SO\u2082<\/li>\n<li>Messung von pH-Wert, Gesamts\u00e4ure, fl\u00fcchtiger S\u00e4ure sowie freiem und gebundenem SO\u2082 im Destillat<\/li>\n<\/ul>\n<p>Das Ger\u00e4t kann mit einem Probenwechsler kombiniert werden (maximal 14 Proben).<\/p>\n<h2>Iodometrische Bestimmung von SO2<\/h2>\n<p>Mithilfe einer Doppelplatinelektrode, die das Auftreten eines elektrischen Stroms in der Probe detektiert, f\u00fchrt das Ger\u00e4t die Titration durch und stoppt automatisch, sobald ein \u00dcberschuss an Iodid-\/Iodat-Oxidationsl\u00f6sung vorliegt. Das Ger\u00e4t berechnet das Ergebnis gem\u00e4\u00df dem gew\u00e4hlten Programm (freies oder gesamtes SO\u2082) und zeigt es innerhalb weniger Sekunden direkt auf dem Bildschirm an.<\/p>\n<h2>S\u00e4ure- und pH-Wert-Messung<\/h2>\n<p>Dieses Ger\u00e4t dient zur pH-Wert-Bestimmung und zur direkten Quantifizierung der Gesamts\u00e4ure sowie der fl\u00fcchtigen S\u00e4ure nach der Extraktion. Es beseitigt die Schwierigkeit der Interpretation des Farbumschlags am Ende der Titration und bietet optimale Pr\u00e4zision und Reproduzierbarkeit der Ergebnisse.<\/p>\n<h2>Vorteile<\/h2>\n<ul>\n<li>Direkte Ergebnisanzeige auf dem Bildschirm<\/li>\n<li>Ergonomischer Touchscreen<\/li>\n<li>Einfache und schnelle Analysen (unter 1 Minute)<\/li>\n<li>Automatische Reagenzzugabe<\/li>\n<li>Integrierter Magnetr\u00fchrer<\/li>\n<li>Automatische Temperaturkorrektur<\/li>\n<li>Einfache \u00dcberwachung des pH-Elektrodenstatus<\/li>\n<li>Geringer Wartungsaufwand<\/li>\n<li>Gut zug\u00e4ngliche Komponenten<\/li>\n<li>Klare Kennzeichnung von Zuleitungen und Schl\u00e4uchen (Titrationsl\u00f6sung, Reagenzien)<\/li>\n<li>Kontinuierliche Visualisierung des\/der Spritzenpumpenkolbens\/-kolben<\/li>\n<li>Einfacher Anschluss des Probenwechslers<\/li>\n<\/ul>\n<h2>Merkmale<\/h2>\n<table width=\"511\">\n<tbody>\n<tr>\n<td width=\"153\">Ger\u00e4t<\/td>\n<td width=\"163\">SO2<\/td>\n<td width=\"195\">Acidit\u00e9<\/td>\n<\/tr>\n<tr>\n<td>Art der Titration<\/td>\n<td>Potentiometrisch<\/td>\n<td>pH-metrisch<\/td>\n<\/tr>\n<tr>\n<td>Probenart<\/td>\n<td colspan=\"2\">Weine, Moste, alkoholische Getr\u00e4nke, Essige.<\/td>\n<\/tr>\n<tr>\n<td>Messbereich<\/td>\n<td width=\"163\">Freies SO2: 5 bis 200 mg\/l<br \/>\nGesamt-SO2: 10 bis 500 mg\/l<\/td>\n<td width=\"195\">pH 0\u202614<br \/>\nAT: 0\u20269,8 g\/l (als Schwefels\u00e4ure H\u2082SO\u2084)<br \/>\n0\u202615 g\/l (als Weins\u00e4ure C\u2084H\u2086O\u2086)<\/td>\n<\/tr>\n<tr>\n<td>Messungen<\/td>\n<td>Freies SO2, Gesamt SO2<\/td>\n<td width=\"195\">pH-Wert, Gesamts\u00e4ure, fl\u00fcchtige S\u00e4ure (bezogen auf das aus 20 ml Probe extrahierte Destillat)<br \/>\nFreie Titration, Manuelle Titration<\/td>\n<\/tr>\n<tr>\n<td>Aufl\u00f6sung<\/td>\n<td>0,1 mg\/l<\/td>\n<td width=\"195\">pH : 0,01<br \/>\nTemperatur: 0,1\u00b0C<br \/>\nS\u00e4uregehalt: 0,01 g\/L H2SO4<\/td>\n<\/tr>\n<tr>\n<td>Spritzenkapazit\u00e4t<\/td>\n<td>15 ml<\/td>\n<td width=\"195\">15 ml<\/td>\n<\/tr>\n<tr>\n<td>Kalibration<\/td>\n<td>Durch Polarisation (nicht oft)<\/td>\n<td width=\"195\">T\u00e4gliche Kalibrierung der pH-Elektrode an 2 Punkten mit Auswahl von Pufferwerten<\/td>\n<\/tr>\n<tr>\n<td>Elektrode<\/td>\n<td>Potentiometer, ungef\u00fclltes Glas, Doppelplatinspitze, DIN-Anschluss<\/td>\n<td width=\"195\">pH-Meter, nachf\u00fcllbares Glas, offene Dipolstelle, f\u00fcr Lebensmittelproben, BNC-Anschluss, Elektrolyt: 3 mol\/l KCl<\/td>\n<\/tr>\n<tr>\n<td>Temperatursonde<\/td>\n<td><\/td>\n<td width=\"195\">Typ NTC, CINCH Stecker<\/td>\n<\/tr>\n<tr>\n<td>Zugabe der Reagenzien<\/td>\n<td colspan=\"2\">Inbegriffen<\/td>\n<\/tr>\n<tr>\n<td>Speicher<\/td>\n<td colspan=\"2\">Ungef\u00e4hr 4 GB (mehrere hundert Scans)<\/td>\n<\/tr>\n<tr>\n<td>Anschl\u00fcsse<\/td>\n<td colspan=\"2\" width=\"358\">USB: Export der Ergebnisse in eine mit vielen Softwareprogrammen, einschlie\u00dflich Excel, kompatible Datei \u00fcber einen USB-Stick.<br \/>\nSerielle Schnittstelle: Stromversorgung und Steuerung des Probenwechslers.<\/td>\n<\/tr>\n<tr>\n<td>Anzeige\/Schnittstelle<\/td>\n<td colspan=\"2\">7-Zoll-Farb-Touchscreen<\/td>\n<\/tr>\n<tr>\n<td>Identifizierung von Analysen<\/td>\n<td colspan=\"2\">Datum, Uhrzeit, Name<\/td>\n<\/tr>\n<tr>\n<td>Sprachen<\/td>\n<td colspan=\"2\">Franz\u00f6sisch, Englisch, Spanisch<\/td>\n<\/tr>\n<tr>\n<td>Stromspeisung<\/td>\n<td colspan=\"2\">\u00a0100\/240 V AC, 50\/60 Hz (Adapter 15V CA)<\/td>\n<\/tr>\n<tr>\n<td>Material<\/td>\n<td colspan=\"2\">ABS UL94VO, Silikon, Edelstahl<\/td>\n<\/tr>\n<tr>\n<td>Umgebung<\/td>\n<td colspan=\"2\" width=\"358\">15 bis 25 \u00b0C \u2013 relative Luftfeuchtigkeit 20\u201380 %<br \/>\nBel\u00fcfteter und staubfreier Raum<\/td>\n<\/tr>\n<tr>\n<td>Garantie<\/td>\n<td colspan=\"2\">1 Jahr (ausgenommen Elektroden und Sonden, Schl\u00e4uche, Zubeh\u00f6r)<\/td>\n<\/tr>\n<\/tbody>\n<\/table>\n<p>&nbsp;<\/p>\n","protected":false},"excerpt":{"rendered":"<p>Messung von pH-Wert, S\u00e4uregehalt und SO2 in Wein und anderen Getr\u00e4nken<\/p>\n","protected":false},"featured_media":31804,"template":"","meta":{"_crdt_document":""},"product_brand":[],"product_cat":[188,395],"product_tag":[],"class_list":{"0":"post-31800","1":"product","2":"type-product","3":"status-publish","4":"has-post-thumbnail","6":"product_cat-analyse-de","7":"product_cat-wein","9":"first","10":"instock","11":"taxable","12":"shipping-taxable","13":"product-type-simple"},"yoast_head":"<!-- This site is optimized with the Yoast SEO plugin v27.4 - https:\/\/yoast.com\/product\/yoast-seo-wordpress\/ -->\n<title>pH-, S\u00e4ure- und SO2-Analysator f\u00fcr Wein Titra EVO - Sysmatec<\/title>\n<meta name=\"description\" content=\"Automatisches Titrationsger\u00e4t zur Messung von pH-Wert, Gesamts\u00e4ure und fl\u00fcchtiger S\u00e4ure in Destillaten sowie von freiem und gebundenem SO2 in Wein und anderen Getr\u00e4nken\" \/>\n<meta name=\"robots\" content=\"index, follow, max-snippet:-1, max-image-preview:large, max-video-preview:-1\" \/>\n<link rel=\"canonical\" href=\"https:\/\/sysmatec.ch\/de\/Produkt\/ph-saeure-und-so2-analysator-fuer-wein-titra-evo\/\" \/>\n<meta property=\"og:locale\" content=\"de_DE\" \/>\n<meta property=\"og:type\" content=\"article\" \/>\n<meta property=\"og:title\" content=\"pH-, S\u00e4ure- und SO2-Analysator f\u00fcr Wein Titra EVO - Sysmatec\" \/>\n<meta property=\"og:description\" content=\"Automatisches Titrationsger\u00e4t zur Messung von pH-Wert, Gesamts\u00e4ure und fl\u00fcchtiger S\u00e4ure in Destillaten sowie von freiem und gebundenem SO2 in Wein und anderen Getr\u00e4nken\" \/>\n<meta property=\"og:url\" content=\"https:\/\/sysmatec.ch\/de\/Produkt\/ph-saeure-und-so2-analysator-fuer-wein-titra-evo\/\" \/>\n<meta property=\"og:site_name\" content=\"Sysmatec\" \/>\n<meta property=\"article:modified_time\" content=\"2026-02-17T11:28:45+00:00\" \/>\n<meta property=\"og:image\" content=\"https:\/\/sysmatec.ch\/wp-content\/uploads\/2026\/02\/Titrateur_pH_SO2_EVODujardinSalleron.jpg\" \/>\n\t<meta property=\"og:image:width\" content=\"887\" \/>\n\t<meta property=\"og:image:height\" content=\"681\" \/>\n\t<meta property=\"og:image:type\" content=\"image\/jpeg\" \/>\n<meta name=\"twitter:card\" content=\"summary_large_image\" \/>\n<meta name=\"twitter:label1\" content=\"Gesch\u00e4tzte Lesezeit\" \/>\n\t<meta name=\"twitter:data1\" content=\"3\u00a0Minuten\" \/>\n<script type=\"application\/ld+json\" class=\"yoast-schema-graph\">{\"@context\":\"https:\\\/\\\/schema.org\",\"@graph\":[{\"@type\":\"WebPage\",\"@id\":\"https:\\\/\\\/sysmatec.ch\\\/de\\\/Produkt\\\/ph-saeure-und-so2-analysator-fuer-wein-titra-evo\\\/\",\"url\":\"https:\\\/\\\/sysmatec.ch\\\/de\\\/Produkt\\\/ph-saeure-und-so2-analysator-fuer-wein-titra-evo\\\/\",\"name\":\"pH-, S\u00e4ure- und SO2-Analysator f\u00fcr Wein Titra EVO - Sysmatec\",\"isPartOf\":{\"@id\":\"https:\\\/\\\/sysmatec.ch\\\/de\\\/#website\"},\"primaryImageOfPage\":{\"@id\":\"https:\\\/\\\/sysmatec.ch\\\/de\\\/Produkt\\\/ph-saeure-und-so2-analysator-fuer-wein-titra-evo\\\/#primaryimage\"},\"image\":{\"@id\":\"https:\\\/\\\/sysmatec.ch\\\/de\\\/Produkt\\\/ph-saeure-und-so2-analysator-fuer-wein-titra-evo\\\/#primaryimage\"},\"thumbnailUrl\":\"https:\\\/\\\/sysmatec.ch\\\/wp-content\\\/uploads\\\/2026\\\/02\\\/Titrateur_pH_SO2_EVODujardinSalleron.jpg\",\"datePublished\":\"2026-02-17T09:39:41+00:00\",\"dateModified\":\"2026-02-17T11:28:45+00:00\",\"description\":\"Automatisches Titrationsger\u00e4t zur Messung von pH-Wert, Gesamts\u00e4ure und fl\u00fcchtiger S\u00e4ure in Destillaten sowie von freiem und gebundenem SO2 in Wein und anderen Getr\u00e4nken\",\"breadcrumb\":{\"@id\":\"https:\\\/\\\/sysmatec.ch\\\/de\\\/Produkt\\\/ph-saeure-und-so2-analysator-fuer-wein-titra-evo\\\/#breadcrumb\"},\"inLanguage\":\"de\",\"potentialAction\":[{\"@type\":\"ReadAction\",\"target\":[\"https:\\\/\\\/sysmatec.ch\\\/de\\\/Produkt\\\/ph-saeure-und-so2-analysator-fuer-wein-titra-evo\\\/\"]}]},{\"@type\":\"ImageObject\",\"inLanguage\":\"de\",\"@id\":\"https:\\\/\\\/sysmatec.ch\\\/de\\\/Produkt\\\/ph-saeure-und-so2-analysator-fuer-wein-titra-evo\\\/#primaryimage\",\"url\":\"https:\\\/\\\/sysmatec.ch\\\/wp-content\\\/uploads\\\/2026\\\/02\\\/Titrateur_pH_SO2_EVODujardinSalleron.jpg\",\"contentUrl\":\"https:\\\/\\\/sysmatec.ch\\\/wp-content\\\/uploads\\\/2026\\\/02\\\/Titrateur_pH_SO2_EVODujardinSalleron.jpg\",\"width\":887,\"height\":681},{\"@type\":\"BreadcrumbList\",\"@id\":\"https:\\\/\\\/sysmatec.ch\\\/de\\\/Produkt\\\/ph-saeure-und-so2-analysator-fuer-wein-titra-evo\\\/#breadcrumb\",\"itemListElement\":[{\"@type\":\"ListItem\",\"position\":1,\"name\":\"Accueil\",\"item\":\"https:\\\/\\\/sysmatec.ch\\\/de\\\/\"},{\"@type\":\"ListItem\",\"position\":2,\"name\":\"Die Aktivit\u00e4t von Sysmatec\",\"item\":\"https:\\\/\\\/sysmatec.ch\\\/de\\\/\"},{\"@type\":\"ListItem\",\"position\":3,\"name\":\"pH-, S\u00e4ure- und SO2-Analysator f\u00fcr Wein Titra EVO\"}]},{\"@type\":\"WebSite\",\"@id\":\"https:\\\/\\\/sysmatec.ch\\\/de\\\/#website\",\"url\":\"https:\\\/\\\/sysmatec.ch\\\/de\\\/\",\"name\":\"Sysmatec\",\"description\":\"Equipement de laboratoire et logiciels\",\"publisher\":{\"@id\":\"https:\\\/\\\/sysmatec.ch\\\/de\\\/#organization\"},\"potentialAction\":[{\"@type\":\"SearchAction\",\"target\":{\"@type\":\"EntryPoint\",\"urlTemplate\":\"https:\\\/\\\/sysmatec.ch\\\/de\\\/?s={search_term_string}\"},\"query-input\":{\"@type\":\"PropertyValueSpecification\",\"valueRequired\":true,\"valueName\":\"search_term_string\"}}],\"inLanguage\":\"de\"},{\"@type\":\"Organization\",\"@id\":\"https:\\\/\\\/sysmatec.ch\\\/de\\\/#organization\",\"name\":\"Sysmatec\",\"url\":\"https:\\\/\\\/sysmatec.ch\\\/de\\\/\",\"logo\":{\"@type\":\"ImageObject\",\"inLanguage\":\"de\",\"@id\":\"https:\\\/\\\/sysmatec.ch\\\/de\\\/#\\\/schema\\\/logo\\\/image\\\/\",\"url\":\"https:\\\/\\\/sysmatec.ch\\\/wp-content\\\/uploads\\\/2018\\\/11\\\/LogoSysmatec.jpg\",\"contentUrl\":\"https:\\\/\\\/sysmatec.ch\\\/wp-content\\\/uploads\\\/2018\\\/11\\\/LogoSysmatec.jpg\",\"width\":301,\"height\":297,\"caption\":\"Sysmatec\"},\"image\":{\"@id\":\"https:\\\/\\\/sysmatec.ch\\\/de\\\/#\\\/schema\\\/logo\\\/image\\\/\"}}]}<\/script>\n<!-- \/ Yoast SEO plugin. -->","yoast_head_json":{"title":"pH-, S\u00e4ure- und SO2-Analysator f\u00fcr Wein Titra EVO - Sysmatec","description":"Automatisches Titrationsger\u00e4t zur Messung von pH-Wert, Gesamts\u00e4ure und fl\u00fcchtiger S\u00e4ure in Destillaten sowie von freiem und gebundenem SO2 in Wein und anderen Getr\u00e4nken","robots":{"index":"index","follow":"follow","max-snippet":"max-snippet:-1","max-image-preview":"max-image-preview:large","max-video-preview":"max-video-preview:-1"},"canonical":"https:\/\/sysmatec.ch\/de\/Produkt\/ph-saeure-und-so2-analysator-fuer-wein-titra-evo\/","og_locale":"de_DE","og_type":"article","og_title":"pH-, S\u00e4ure- und SO2-Analysator f\u00fcr Wein Titra EVO - Sysmatec","og_description":"Automatisches Titrationsger\u00e4t zur Messung von pH-Wert, Gesamts\u00e4ure und fl\u00fcchtiger S\u00e4ure in Destillaten sowie von freiem und gebundenem SO2 in Wein und anderen Getr\u00e4nken","og_url":"https:\/\/sysmatec.ch\/de\/Produkt\/ph-saeure-und-so2-analysator-fuer-wein-titra-evo\/","og_site_name":"Sysmatec","article_modified_time":"2026-02-17T11:28:45+00:00","og_image":[{"width":887,"height":681,"url":"https:\/\/sysmatec.ch\/wp-content\/uploads\/2026\/02\/Titrateur_pH_SO2_EVODujardinSalleron.jpg","type":"image\/jpeg"}],"twitter_card":"summary_large_image","twitter_misc":{"Gesch\u00e4tzte Lesezeit":"3\u00a0Minuten"},"schema":{"@context":"https:\/\/schema.org","@graph":[{"@type":"WebPage","@id":"https:\/\/sysmatec.ch\/de\/Produkt\/ph-saeure-und-so2-analysator-fuer-wein-titra-evo\/","url":"https:\/\/sysmatec.ch\/de\/Produkt\/ph-saeure-und-so2-analysator-fuer-wein-titra-evo\/","name":"pH-, S\u00e4ure- und SO2-Analysator f\u00fcr Wein Titra EVO - Sysmatec","isPartOf":{"@id":"https:\/\/sysmatec.ch\/de\/#website"},"primaryImageOfPage":{"@id":"https:\/\/sysmatec.ch\/de\/Produkt\/ph-saeure-und-so2-analysator-fuer-wein-titra-evo\/#primaryimage"},"image":{"@id":"https:\/\/sysmatec.ch\/de\/Produkt\/ph-saeure-und-so2-analysator-fuer-wein-titra-evo\/#primaryimage"},"thumbnailUrl":"https:\/\/sysmatec.ch\/wp-content\/uploads\/2026\/02\/Titrateur_pH_SO2_EVODujardinSalleron.jpg","datePublished":"2026-02-17T09:39:41+00:00","dateModified":"2026-02-17T11:28:45+00:00","description":"Automatisches Titrationsger\u00e4t zur Messung von pH-Wert, Gesamts\u00e4ure und fl\u00fcchtiger S\u00e4ure in Destillaten sowie von freiem und gebundenem SO2 in Wein und anderen Getr\u00e4nken","breadcrumb":{"@id":"https:\/\/sysmatec.ch\/de\/Produkt\/ph-saeure-und-so2-analysator-fuer-wein-titra-evo\/#breadcrumb"},"inLanguage":"de","potentialAction":[{"@type":"ReadAction","target":["https:\/\/sysmatec.ch\/de\/Produkt\/ph-saeure-und-so2-analysator-fuer-wein-titra-evo\/"]}]},{"@type":"ImageObject","inLanguage":"de","@id":"https:\/\/sysmatec.ch\/de\/Produkt\/ph-saeure-und-so2-analysator-fuer-wein-titra-evo\/#primaryimage","url":"https:\/\/sysmatec.ch\/wp-content\/uploads\/2026\/02\/Titrateur_pH_SO2_EVODujardinSalleron.jpg","contentUrl":"https:\/\/sysmatec.ch\/wp-content\/uploads\/2026\/02\/Titrateur_pH_SO2_EVODujardinSalleron.jpg","width":887,"height":681},{"@type":"BreadcrumbList","@id":"https:\/\/sysmatec.ch\/de\/Produkt\/ph-saeure-und-so2-analysator-fuer-wein-titra-evo\/#breadcrumb","itemListElement":[{"@type":"ListItem","position":1,"name":"Accueil","item":"https:\/\/sysmatec.ch\/de\/"},{"@type":"ListItem","position":2,"name":"Die Aktivit\u00e4t von Sysmatec","item":"https:\/\/sysmatec.ch\/de\/"},{"@type":"ListItem","position":3,"name":"pH-, S\u00e4ure- und SO2-Analysator f\u00fcr Wein Titra EVO"}]},{"@type":"WebSite","@id":"https:\/\/sysmatec.ch\/de\/#website","url":"https:\/\/sysmatec.ch\/de\/","name":"Sysmatec","description":"Equipement de laboratoire et logiciels","publisher":{"@id":"https:\/\/sysmatec.ch\/de\/#organization"},"potentialAction":[{"@type":"SearchAction","target":{"@type":"EntryPoint","urlTemplate":"https:\/\/sysmatec.ch\/de\/?s={search_term_string}"},"query-input":{"@type":"PropertyValueSpecification","valueRequired":true,"valueName":"search_term_string"}}],"inLanguage":"de"},{"@type":"Organization","@id":"https:\/\/sysmatec.ch\/de\/#organization","name":"Sysmatec","url":"https:\/\/sysmatec.ch\/de\/","logo":{"@type":"ImageObject","inLanguage":"de","@id":"https:\/\/sysmatec.ch\/de\/#\/schema\/logo\/image\/","url":"https:\/\/sysmatec.ch\/wp-content\/uploads\/2018\/11\/LogoSysmatec.jpg","contentUrl":"https:\/\/sysmatec.ch\/wp-content\/uploads\/2018\/11\/LogoSysmatec.jpg","width":301,"height":297,"caption":"Sysmatec"},"image":{"@id":"https:\/\/sysmatec.ch\/de\/#\/schema\/logo\/image\/"}}]}},"_links":{"self":[{"href":"https:\/\/sysmatec.ch\/de\/wp-json\/wp\/v2\/product\/31800","targetHints":{"allow":["GET"]}}],"collection":[{"href":"https:\/\/sysmatec.ch\/de\/wp-json\/wp\/v2\/product"}],"about":[{"href":"https:\/\/sysmatec.ch\/de\/wp-json\/wp\/v2\/types\/product"}],"wp:featuredmedia":[{"embeddable":true,"href":"https:\/\/sysmatec.ch\/de\/wp-json\/wp\/v2\/media\/31804"}],"wp:attachment":[{"href":"https:\/\/sysmatec.ch\/de\/wp-json\/wp\/v2\/media?parent=31800"}],"wp:term":[{"taxonomy":"product_brand","embeddable":true,"href":"https:\/\/sysmatec.ch\/de\/wp-json\/wp\/v2\/product_brand?post=31800"},{"taxonomy":"product_cat","embeddable":true,"href":"https:\/\/sysmatec.ch\/de\/wp-json\/wp\/v2\/product_cat?post=31800"},{"taxonomy":"product_tag","embeddable":true,"href":"https:\/\/sysmatec.ch\/de\/wp-json\/wp\/v2\/product_tag?post=31800"}],"curies":[{"name":"wp","href":"https:\/\/api.w.org\/{rel}","templated":true}]}}