{"id":3178,"date":"2019-02-17T09:52:18","date_gmt":"2019-02-17T08:52:18","guid":{"rendered":"https:\/\/sysmatec.ch\/produit\/pese-personne-kern-mfb\/"},"modified":"2022-02-26T17:36:19","modified_gmt":"2022-02-26T16:36:19","slug":"temperatur-feuchtigkeits-und-lichtdatenlogger-mit-4g-kommunikation-ws1pro4g","status":"publish","type":"product","link":"https:\/\/sysmatec.ch\/de\/Produkt\/temperatur-feuchtigkeits-und-lichtdatenlogger-mit-4g-kommunikation-ws1pro4g\/","title":{"rendered":"Temperatur-, Feuchtigkeits- und Lichtdatenlogger mit 4G-Kommunikation WS1Pro4G"},"content":{"rendered":"<div class=\"FFpbKc\"><\/div>\n<p id=\"c15\" class=\"oBOnKe\">Dieses drahtlose, intelligente Muti-Sensor-Ger\u00e4t WS1 Pro-4G unterst\u00fctzt WiFi, GPRS und 4G Netzwerk. Es ist nicht mehr auf LAN beschr\u00e4nkt. WS1 Pro-4G kann auch mit DS18B20-Temperaturf\u00fchler und RS485-F\u00fchler verbunden werden.<\/p>\n<ul>\n<li class=\"oBOnKe\">Materialien: Flammbest\u00e4ndiges ABS &amp; PC<\/li>\n<li class=\"oBOnKe\">Batterien: 4 * AA (nicht im Lieferumfang enthalten, Alkalibatterie empfohlen) \/ Micro-USB-Stromversorgung (DC 5 V)<\/li>\n<li class=\"oBOnKe\">Akkulaufzeit mit SIM-Karte: 3-6 Wochen<\/li>\n<li class=\"oBOnKe\">Abmessungen: 126 * 86 * 22.5 mm<\/li>\n<li class=\"oBOnKe\">Eingebauter Speicher: &gt; 300 000 Sensormesswerte<\/li>\n<li class=\"oBOnKe\">Anschl\u00fcsse: 2 * Micro-USB<\/li>\n<li class=\"oBOnKe\">Externe Sensoren: DS18B20 Temperaturf\u00fchler, RS485<\/li>\n<li class=\"oBOnKe\">Interne Sensoren: Temperatur, Feuchtigkeit, Umgebungslich<\/li>\n<li class=\"oBOnKe\">Netzwerkunterst\u00fctzung: WiFi, GPRS, 4G<\/li>\n<li class=\"oBOnKe\">Unterst\u00fctzt Micro-SIM-Karte (15 * 12 * 0,8 mm)<\/li>\n<\/ul>\n","protected":false},"excerpt":{"rendered":"<p><span class=\"VIiyi\" lang=\"de\"><span class=\"JLqJ4b ChMk0b\" data-language-for-alternatives=\"de\" data-language-to-translate-into=\"en\" data-phrase-index=\"0\">Drahtloser Datenlogger mit 4G-Netzwerk f\u00fcr Temperatur, Luftfeuchtigkeit oder Licht.<\/span> <span class=\"JLqJ4b ChMk0b\" data-language-for-alternatives=\"de\" data-language-to-translate-into=\"en\" data-phrase-index=\"1\">Existieren mit internen und externen Sensoren.<\/span><\/span><\/p>\n","protected":false},"featured_media":25242,"template":"","meta":{"_crdt_document":""},"product_brand":[],"product_cat":[168,175,165,206,173],"product_tag":[],"class_list":{"0":"post-3178","1":"product","2":"type-product","3":"status-publish","4":"has-post-thumbnail","6":"product_cat-datenlogger","7":"product_cat-feuchte","8":"product_cat-gewicht","9":"product_cat-licht","10":"product_cat-temperatur","12":"first","13":"instock","14":"taxable","15":"shipping-taxable","16":"product-type-simple"},"yoast_head":"<!-- This site is optimized with the Yoast SEO plugin v27.4 - https:\/\/yoast.com\/product\/yoast-seo-wordpress\/ -->\n<title>Temperatur-, Feuchtigkeits- und Lichtdatenlogger mit 4G-Kommunikation WS1Pro4G - Sysmatec<\/title>\n<meta name=\"description\" content=\"Kabelloser Temperatur-, Feuchtigkeits- und Lichtrekorder. Die Daten werden in einer Cloud \u00fcber das GPRS- oder 4G-Netzwerk aufgezeichnet.\" \/>\n<meta name=\"robots\" content=\"index, follow, max-snippet:-1, max-image-preview:large, max-video-preview:-1\" \/>\n<link rel=\"canonical\" href=\"https:\/\/sysmatec.ch\/de\/produit\/temperatur-feuchtigkeits-und-lichtdatenlogger-mit-4g-kommunikation-ws1pro4g\/\" \/>\n<meta property=\"og:locale\" content=\"de_DE\" \/>\n<meta property=\"og:type\" content=\"article\" \/>\n<meta property=\"og:title\" content=\"Temperatur-, Feuchtigkeits- und Lichtdatenlogger mit 4G-Kommunikation WS1Pro4G - Sysmatec\" \/>\n<meta property=\"og:description\" content=\"Kabelloser Temperatur-, Feuchtigkeits- und Lichtrekorder. Die Daten werden in einer Cloud \u00fcber das GPRS- oder 4G-Netzwerk aufgezeichnet.\" \/>\n<meta property=\"og:url\" content=\"https:\/\/sysmatec.ch\/de\/produit\/temperatur-feuchtigkeits-und-lichtdatenlogger-mit-4g-kommunikation-ws1pro4g\/\" \/>\n<meta property=\"og:site_name\" content=\"Sysmatec\" \/>\n<meta property=\"article:modified_time\" content=\"2022-02-26T16:36:19+00:00\" \/>\n<meta property=\"og:image\" content=\"https:\/\/sysmatec.ch\/wp-content\/uploads\/2019\/02\/TemperatureDataloggerWS1-Pro-4G.jpg\" \/>\n\t<meta property=\"og:image:width\" content=\"368\" \/>\n\t<meta property=\"og:image:height\" content=\"257\" \/>\n\t<meta property=\"og:image:type\" content=\"image\/jpeg\" \/>\n<meta name=\"twitter:card\" content=\"summary_large_image\" \/>\n<meta name=\"twitter:label1\" content=\"Gesch\u00e4tzte Lesezeit\" \/>\n\t<meta name=\"twitter:data1\" content=\"1\u00a0Minute\" \/>\n<script type=\"application\/ld+json\" class=\"yoast-schema-graph\">{\"@context\":\"https:\\\/\\\/schema.org\",\"@graph\":[{\"@type\":\"WebPage\",\"@id\":\"https:\\\/\\\/sysmatec.ch\\\/de\\\/produit\\\/temperatur-feuchtigkeits-und-lichtdatenlogger-mit-4g-kommunikation-ws1pro4g\\\/\",\"url\":\"https:\\\/\\\/sysmatec.ch\\\/de\\\/produit\\\/temperatur-feuchtigkeits-und-lichtdatenlogger-mit-4g-kommunikation-ws1pro4g\\\/\",\"name\":\"Temperatur-, Feuchtigkeits- und Lichtdatenlogger mit 4G-Kommunikation WS1Pro4G - Sysmatec\",\"isPartOf\":{\"@id\":\"https:\\\/\\\/sysmatec.ch\\\/de\\\/#website\"},\"primaryImageOfPage\":{\"@id\":\"https:\\\/\\\/sysmatec.ch\\\/de\\\/produit\\\/temperatur-feuchtigkeits-und-lichtdatenlogger-mit-4g-kommunikation-ws1pro4g\\\/#primaryimage\"},\"image\":{\"@id\":\"https:\\\/\\\/sysmatec.ch\\\/de\\\/produit\\\/temperatur-feuchtigkeits-und-lichtdatenlogger-mit-4g-kommunikation-ws1pro4g\\\/#primaryimage\"},\"thumbnailUrl\":\"https:\\\/\\\/sysmatec.ch\\\/wp-content\\\/uploads\\\/2019\\\/02\\\/TemperatureDataloggerWS1-Pro-4G.jpg\",\"datePublished\":\"2019-02-17T08:52:18+00:00\",\"dateModified\":\"2022-02-26T16:36:19+00:00\",\"description\":\"Kabelloser Temperatur-, Feuchtigkeits- und Lichtrekorder. Die Daten werden in einer Cloud \u00fcber das GPRS- oder 4G-Netzwerk aufgezeichnet.\",\"breadcrumb\":{\"@id\":\"https:\\\/\\\/sysmatec.ch\\\/de\\\/produit\\\/temperatur-feuchtigkeits-und-lichtdatenlogger-mit-4g-kommunikation-ws1pro4g\\\/#breadcrumb\"},\"inLanguage\":\"de\",\"potentialAction\":[{\"@type\":\"ReadAction\",\"target\":[\"https:\\\/\\\/sysmatec.ch\\\/de\\\/produit\\\/temperatur-feuchtigkeits-und-lichtdatenlogger-mit-4g-kommunikation-ws1pro4g\\\/\"]}]},{\"@type\":\"ImageObject\",\"inLanguage\":\"de\",\"@id\":\"https:\\\/\\\/sysmatec.ch\\\/de\\\/produit\\\/temperatur-feuchtigkeits-und-lichtdatenlogger-mit-4g-kommunikation-ws1pro4g\\\/#primaryimage\",\"url\":\"https:\\\/\\\/sysmatec.ch\\\/wp-content\\\/uploads\\\/2019\\\/02\\\/TemperatureDataloggerWS1-Pro-4G.jpg\",\"contentUrl\":\"https:\\\/\\\/sysmatec.ch\\\/wp-content\\\/uploads\\\/2019\\\/02\\\/TemperatureDataloggerWS1-Pro-4G.jpg\",\"width\":368,\"height\":257},{\"@type\":\"BreadcrumbList\",\"@id\":\"https:\\\/\\\/sysmatec.ch\\\/de\\\/produit\\\/temperatur-feuchtigkeits-und-lichtdatenlogger-mit-4g-kommunikation-ws1pro4g\\\/#breadcrumb\",\"itemListElement\":[{\"@type\":\"ListItem\",\"position\":1,\"name\":\"Accueil\",\"item\":\"https:\\\/\\\/sysmatec.ch\\\/de\\\/\"},{\"@type\":\"ListItem\",\"position\":2,\"name\":\"Die Aktivit\u00e4t von Sysmatec\",\"item\":\"https:\\\/\\\/sysmatec.ch\\\/de\\\/\"},{\"@type\":\"ListItem\",\"position\":3,\"name\":\"Temperatur-, Feuchtigkeits- und Lichtdatenlogger mit 4G-Kommunikation WS1Pro4G\"}]},{\"@type\":\"WebSite\",\"@id\":\"https:\\\/\\\/sysmatec.ch\\\/de\\\/#website\",\"url\":\"https:\\\/\\\/sysmatec.ch\\\/de\\\/\",\"name\":\"Sysmatec\",\"description\":\"Equipement de laboratoire et logiciels\",\"publisher\":{\"@id\":\"https:\\\/\\\/sysmatec.ch\\\/de\\\/#organization\"},\"potentialAction\":[{\"@type\":\"SearchAction\",\"target\":{\"@type\":\"EntryPoint\",\"urlTemplate\":\"https:\\\/\\\/sysmatec.ch\\\/de\\\/?s={search_term_string}\"},\"query-input\":{\"@type\":\"PropertyValueSpecification\",\"valueRequired\":true,\"valueName\":\"search_term_string\"}}],\"inLanguage\":\"de\"},{\"@type\":\"Organization\",\"@id\":\"https:\\\/\\\/sysmatec.ch\\\/de\\\/#organization\",\"name\":\"Sysmatec\",\"url\":\"https:\\\/\\\/sysmatec.ch\\\/de\\\/\",\"logo\":{\"@type\":\"ImageObject\",\"inLanguage\":\"de\",\"@id\":\"https:\\\/\\\/sysmatec.ch\\\/de\\\/#\\\/schema\\\/logo\\\/image\\\/\",\"url\":\"https:\\\/\\\/sysmatec.ch\\\/wp-content\\\/uploads\\\/2018\\\/11\\\/LogoSysmatec.jpg\",\"contentUrl\":\"https:\\\/\\\/sysmatec.ch\\\/wp-content\\\/uploads\\\/2018\\\/11\\\/LogoSysmatec.jpg\",\"width\":301,\"height\":297,\"caption\":\"Sysmatec\"},\"image\":{\"@id\":\"https:\\\/\\\/sysmatec.ch\\\/de\\\/#\\\/schema\\\/logo\\\/image\\\/\"}}]}<\/script>\n<!-- \/ Yoast SEO plugin. -->","yoast_head_json":{"title":"Temperatur-, Feuchtigkeits- und Lichtdatenlogger mit 4G-Kommunikation WS1Pro4G - Sysmatec","description":"Kabelloser Temperatur-, Feuchtigkeits- und Lichtrekorder. Die Daten werden in einer Cloud \u00fcber das GPRS- oder 4G-Netzwerk aufgezeichnet.","robots":{"index":"index","follow":"follow","max-snippet":"max-snippet:-1","max-image-preview":"max-image-preview:large","max-video-preview":"max-video-preview:-1"},"canonical":"https:\/\/sysmatec.ch\/de\/produit\/temperatur-feuchtigkeits-und-lichtdatenlogger-mit-4g-kommunikation-ws1pro4g\/","og_locale":"de_DE","og_type":"article","og_title":"Temperatur-, Feuchtigkeits- und Lichtdatenlogger mit 4G-Kommunikation WS1Pro4G - Sysmatec","og_description":"Kabelloser Temperatur-, Feuchtigkeits- und Lichtrekorder. Die Daten werden in einer Cloud \u00fcber das GPRS- oder 4G-Netzwerk aufgezeichnet.","og_url":"https:\/\/sysmatec.ch\/de\/produit\/temperatur-feuchtigkeits-und-lichtdatenlogger-mit-4g-kommunikation-ws1pro4g\/","og_site_name":"Sysmatec","article_modified_time":"2022-02-26T16:36:19+00:00","og_image":[{"width":368,"height":257,"url":"https:\/\/sysmatec.ch\/wp-content\/uploads\/2019\/02\/TemperatureDataloggerWS1-Pro-4G.jpg","type":"image\/jpeg"}],"twitter_card":"summary_large_image","twitter_misc":{"Gesch\u00e4tzte Lesezeit":"1\u00a0Minute"},"schema":{"@context":"https:\/\/schema.org","@graph":[{"@type":"WebPage","@id":"https:\/\/sysmatec.ch\/de\/produit\/temperatur-feuchtigkeits-und-lichtdatenlogger-mit-4g-kommunikation-ws1pro4g\/","url":"https:\/\/sysmatec.ch\/de\/produit\/temperatur-feuchtigkeits-und-lichtdatenlogger-mit-4g-kommunikation-ws1pro4g\/","name":"Temperatur-, Feuchtigkeits- und Lichtdatenlogger mit 4G-Kommunikation WS1Pro4G - Sysmatec","isPartOf":{"@id":"https:\/\/sysmatec.ch\/de\/#website"},"primaryImageOfPage":{"@id":"https:\/\/sysmatec.ch\/de\/produit\/temperatur-feuchtigkeits-und-lichtdatenlogger-mit-4g-kommunikation-ws1pro4g\/#primaryimage"},"image":{"@id":"https:\/\/sysmatec.ch\/de\/produit\/temperatur-feuchtigkeits-und-lichtdatenlogger-mit-4g-kommunikation-ws1pro4g\/#primaryimage"},"thumbnailUrl":"https:\/\/sysmatec.ch\/wp-content\/uploads\/2019\/02\/TemperatureDataloggerWS1-Pro-4G.jpg","datePublished":"2019-02-17T08:52:18+00:00","dateModified":"2022-02-26T16:36:19+00:00","description":"Kabelloser Temperatur-, Feuchtigkeits- und Lichtrekorder. Die Daten werden in einer Cloud \u00fcber das GPRS- oder 4G-Netzwerk aufgezeichnet.","breadcrumb":{"@id":"https:\/\/sysmatec.ch\/de\/produit\/temperatur-feuchtigkeits-und-lichtdatenlogger-mit-4g-kommunikation-ws1pro4g\/#breadcrumb"},"inLanguage":"de","potentialAction":[{"@type":"ReadAction","target":["https:\/\/sysmatec.ch\/de\/produit\/temperatur-feuchtigkeits-und-lichtdatenlogger-mit-4g-kommunikation-ws1pro4g\/"]}]},{"@type":"ImageObject","inLanguage":"de","@id":"https:\/\/sysmatec.ch\/de\/produit\/temperatur-feuchtigkeits-und-lichtdatenlogger-mit-4g-kommunikation-ws1pro4g\/#primaryimage","url":"https:\/\/sysmatec.ch\/wp-content\/uploads\/2019\/02\/TemperatureDataloggerWS1-Pro-4G.jpg","contentUrl":"https:\/\/sysmatec.ch\/wp-content\/uploads\/2019\/02\/TemperatureDataloggerWS1-Pro-4G.jpg","width":368,"height":257},{"@type":"BreadcrumbList","@id":"https:\/\/sysmatec.ch\/de\/produit\/temperatur-feuchtigkeits-und-lichtdatenlogger-mit-4g-kommunikation-ws1pro4g\/#breadcrumb","itemListElement":[{"@type":"ListItem","position":1,"name":"Accueil","item":"https:\/\/sysmatec.ch\/de\/"},{"@type":"ListItem","position":2,"name":"Die Aktivit\u00e4t von Sysmatec","item":"https:\/\/sysmatec.ch\/de\/"},{"@type":"ListItem","position":3,"name":"Temperatur-, Feuchtigkeits- und Lichtdatenlogger mit 4G-Kommunikation WS1Pro4G"}]},{"@type":"WebSite","@id":"https:\/\/sysmatec.ch\/de\/#website","url":"https:\/\/sysmatec.ch\/de\/","name":"Sysmatec","description":"Equipement de laboratoire et logiciels","publisher":{"@id":"https:\/\/sysmatec.ch\/de\/#organization"},"potentialAction":[{"@type":"SearchAction","target":{"@type":"EntryPoint","urlTemplate":"https:\/\/sysmatec.ch\/de\/?s={search_term_string}"},"query-input":{"@type":"PropertyValueSpecification","valueRequired":true,"valueName":"search_term_string"}}],"inLanguage":"de"},{"@type":"Organization","@id":"https:\/\/sysmatec.ch\/de\/#organization","name":"Sysmatec","url":"https:\/\/sysmatec.ch\/de\/","logo":{"@type":"ImageObject","inLanguage":"de","@id":"https:\/\/sysmatec.ch\/de\/#\/schema\/logo\/image\/","url":"https:\/\/sysmatec.ch\/wp-content\/uploads\/2018\/11\/LogoSysmatec.jpg","contentUrl":"https:\/\/sysmatec.ch\/wp-content\/uploads\/2018\/11\/LogoSysmatec.jpg","width":301,"height":297,"caption":"Sysmatec"},"image":{"@id":"https:\/\/sysmatec.ch\/de\/#\/schema\/logo\/image\/"}}]}},"_links":{"self":[{"href":"https:\/\/sysmatec.ch\/de\/wp-json\/wp\/v2\/product\/3178","targetHints":{"allow":["GET"]}}],"collection":[{"href":"https:\/\/sysmatec.ch\/de\/wp-json\/wp\/v2\/product"}],"about":[{"href":"https:\/\/sysmatec.ch\/de\/wp-json\/wp\/v2\/types\/product"}],"wp:featuredmedia":[{"embeddable":true,"href":"https:\/\/sysmatec.ch\/de\/wp-json\/wp\/v2\/media\/25242"}],"wp:attachment":[{"href":"https:\/\/sysmatec.ch\/de\/wp-json\/wp\/v2\/media?parent=3178"}],"wp:term":[{"taxonomy":"product_brand","embeddable":true,"href":"https:\/\/sysmatec.ch\/de\/wp-json\/wp\/v2\/product_brand?post=3178"},{"taxonomy":"product_cat","embeddable":true,"href":"https:\/\/sysmatec.ch\/de\/wp-json\/wp\/v2\/product_cat?post=3178"},{"taxonomy":"product_tag","embeddable":true,"href":"https:\/\/sysmatec.ch\/de\/wp-json\/wp\/v2\/product_tag?post=3178"}],"curies":[{"name":"wp","href":"https:\/\/api.w.org\/{rel}","templated":true}]}}