{"id":31775,"date":"2026-01-24T14:43:53","date_gmt":"2026-01-24T13:43:53","guid":{"rendered":"https:\/\/sysmatec.ch\/?post_type=product&#038;p=31775"},"modified":"2026-01-24T15:17:03","modified_gmt":"2026-01-24T14:17:03","slug":"farbmessgeraet-jcs","status":"publish","type":"product","link":"https:\/\/sysmatec.ch\/de\/Produkt\/farbmessgeraet-jcs\/","title":{"rendered":"Farbmessger\u00e4t\u00a0JCS"},"content":{"rendered":"<p>Mit einem\u00a0Farbmessger\u00e4t\u00a0f\u00fchren Sie\u00a0pr\u00e4zise Farbpr\u00fcfung und Qualit\u00e4tskontrolle\u00a0schnell, objektiv und normgerecht durch. Die Ger\u00e4te sind ideal f\u00fcr den Einsatz in Industrie, Labor und Produktion. Je nach Modell stehen station\u00e4re L\u00f6sungen oder mobile Varianten f\u00fcr maximale Flexibilit\u00e4t zur Verf\u00fcgung.<\/p>\n<p>DieseFarbmessger\u00e4te erm\u00f6glichen:<\/p>\n<ul>\n<li>Objektive Farbanalyse nach CIE LAB, RGB, HEX, \u0394E u.\u202fv.\u202fm.<\/li>\n<li>Farbwertanalyse\u00a0auf verschiedenen Oberfl\u00e4chen und Materialien<\/li>\n<li>Digitale Farbkontrolle\u00a0f\u00fcr Wareneingang, Produktion, Endkontrolle<\/li>\n<li>Farbmessung nach LAB-System\u00a0f\u00fcr internationale Standardisierung<\/li>\n<li>Mobiler Einsatz dank\u00a0tragbarer Farbmessger\u00e4te\u00a0mit Akku- oder Batteriebetrieb<\/li>\n<li>Anbindung an Softwarel\u00f6sungen zur Daten\u00fcbertragung und Archivierung<\/li>\n<\/ul>\n<p>Der Nutzer w\u00e4hlt vorab den Mess-Standard seiner Messobjekte (z. B. Textilien, metallische Produkte, Kunststoffprodukte, Kosmetik etc.). Als Ergebnis der Messung gibt das Ger\u00e4t mehrere Kennwerte aus, mit denen Farbunterschiede klar erkannt und dokumentiert werden k\u00f6nnen. Diese Kennwerte dr\u00fccken keinen spezifischen Farbcode aus, erm\u00f6glichen jedoch pr\u00e4zise und objektive vergleichende Messungen<\/p>\n<p>Standardbeobachterwinkel wahlweise 2 oder 10 Grad, mehrere Lichtquellenmodi, mehrere Farbr\u00e4ume<\/p>\n<p>Geometrischer optischer Aufbau D\/8, d. h. der Winkel, in dem das von der Probe zur\u00fcckgeworfene Licht erfasst wird, betr\u00e4gt 8 Grad. Dieser Aufbau eignet sich f\u00fcr die unterschiedlichsten Materialien und Oberfl\u00e4chen<\/p>\n<p>Messverfahren: das duale optische Pfadsystem erfasst gleichzeitig das SCI- sowie das SCE-Spektrum einer Probe. Diese Kombination erm\u00f6glicht eine pr\u00e4zise und umfassende Charakterisierung der Farbe sowohl unter Ber\u00fccksichtigung des Glanzes als auch unabh\u00e4ngig davon<\/p>\n<p>Mit LED-Lichtquelle zur Unterst\u00fctzung von Fluoreszenzmessungen<\/p>\n<p>Die als Referenz integrierte wei\u00dfe Tafel ist vor Verschmutzung gesch\u00fctzt und gew\u00e4hrleistet die\u00a0Messgenauigkeit<\/p>\n<p>Tragbares Design, robuste Konstruktion<\/p>\n<p>Wackelfest, staubdicht und sto\u00dffest<\/p>\n<p>Volles Spektrum mit hoher Lebensdauer und geringem Stromverbrauch<\/p>\n<p>Entwickelt f\u00fcr die Qualit\u00e4tskontrolle von Farben, u. a. in Textil-, Druck-, Keramik-, Lebensmittel-, und Kosmetikindustrie<\/p>\n<p>Ideal f\u00fcr den Einsatz in Labor und Industrie:<br \/>\n&#8211;\u00a0Datenschnittstelle\u00a0USB, serienm\u00e4\u00dfig<br \/>\n&#8211; schnelle und pr\u00e4zise Messung des SCI- und SCE-Spektrums, gleichzeitig innerhalb von nur einer Sekunde<br \/>\n&#8211; Farbdisplay mit einfacher Touch-Bedienung<\/p>\n<p>Bietet unterschiedlichste Kalibrieralgorithmen<\/p>\n<p>Unterst\u00fctzt mehrere nationale und internationale Standards und Parameter, u. a. den spektralen Reflexionsgrad, WI (ASTM E313, CIE\/ISO, AATCC und Hunter), YI (ASTM 01925, ASTM 313), Farbspektrumindex von Mt, Touch Farbechtheit, Farbechtheit, St\u00e4rke, Deckungsgrad, 555 Farbklassifizierung sowie Munsell (C2)<\/p>\n<table width=\"621\">\n<tbody>\n<tr>\n<td width=\"80\">Modell<\/td>\n<td width=\"412\">Messblende<\/td>\n<td width=\"129\">Beobachtungswinkel<\/td>\n<\/tr>\n<tr>\n<td>JCS 100<\/td>\n<td>MAV : \u2205 8 mm \/ \u2205 10 mm, SAV : \u2205 4 mm \/ \u2205 5 mm, LAV : 1\u2009\u00d7\u20093 mm<\/td>\n<td>2\u00b0, 10 \u00b0<\/td>\n<\/tr>\n<tr>\n<td>JCS 200<\/td>\n<td>MAV : \u2205 8 mm \/ \u2205 10 mm, SAV : \u2205 4 mm \/ \u2205 5 mm<\/td>\n<td>2\u00b0, 10 \u00b0<\/td>\n<\/tr>\n<\/tbody>\n<\/table>\n","protected":false},"excerpt":{"rendered":"<p>Handkolorimeter zur Messung von Farben<\/p>\n","protected":false},"featured_media":31779,"template":"","meta":{"_crdt_document":""},"product_brand":[],"product_cat":[224],"product_tag":[],"class_list":{"0":"post-31775","1":"product","2":"type-product","3":"status-publish","4":"has-post-thumbnail","6":"product_cat-spektrophotometer","8":"first","9":"instock","10":"taxable","11":"shipping-taxable","12":"product-type-simple"},"yoast_head":"<!-- This site is optimized with the Yoast SEO plugin v27.4 - https:\/\/yoast.com\/product\/yoast-seo-wordpress\/ -->\n<title>Farbmessger\u00e4t\u00a0JCS - Sysmatec<\/title>\n<meta name=\"description\" content=\"Tragbares Kolorimeter, speziell entwickelt zur Messung von Oberfl\u00e4chenfarben (Farben, Textilien usw.).\" \/>\n<meta name=\"robots\" content=\"index, follow, max-snippet:-1, max-image-preview:large, max-video-preview:-1\" \/>\n<link rel=\"canonical\" href=\"https:\/\/sysmatec.ch\/de\/Produkt\/farbmessgeraet-jcs\/\" \/>\n<meta property=\"og:locale\" content=\"de_DE\" \/>\n<meta property=\"og:type\" content=\"article\" \/>\n<meta property=\"og:title\" content=\"Farbmessger\u00e4t\u00a0JCS - Sysmatec\" \/>\n<meta property=\"og:description\" content=\"Tragbares Kolorimeter, speziell entwickelt zur Messung von Oberfl\u00e4chenfarben (Farben, Textilien usw.).\" \/>\n<meta property=\"og:url\" content=\"https:\/\/sysmatec.ch\/de\/Produkt\/farbmessgeraet-jcs\/\" \/>\n<meta property=\"og:site_name\" content=\"Sysmatec\" \/>\n<meta property=\"article:modified_time\" content=\"2026-01-24T14:17:03+00:00\" \/>\n<meta property=\"og:image\" content=\"https:\/\/sysmatec.ch\/wp-content\/uploads\/2026\/01\/Colorimetre-KernJCS1.jpg\" \/>\n\t<meta property=\"og:image:width\" content=\"479\" \/>\n\t<meta property=\"og:image:height\" content=\"547\" \/>\n\t<meta property=\"og:image:type\" content=\"image\/jpeg\" \/>\n<meta name=\"twitter:card\" content=\"summary_large_image\" \/>\n<meta name=\"twitter:label1\" content=\"Gesch\u00e4tzte Lesezeit\" \/>\n\t<meta name=\"twitter:data1\" content=\"3\u00a0Minuten\" \/>\n<script type=\"application\/ld+json\" class=\"yoast-schema-graph\">{\"@context\":\"https:\\\/\\\/schema.org\",\"@graph\":[{\"@type\":\"WebPage\",\"@id\":\"https:\\\/\\\/sysmatec.ch\\\/de\\\/Produkt\\\/farbmessgeraet-jcs\\\/\",\"url\":\"https:\\\/\\\/sysmatec.ch\\\/de\\\/Produkt\\\/farbmessgeraet-jcs\\\/\",\"name\":\"Farbmessger\u00e4t\u00a0JCS - Sysmatec\",\"isPartOf\":{\"@id\":\"https:\\\/\\\/sysmatec.ch\\\/de\\\/#website\"},\"primaryImageOfPage\":{\"@id\":\"https:\\\/\\\/sysmatec.ch\\\/de\\\/Produkt\\\/farbmessgeraet-jcs\\\/#primaryimage\"},\"image\":{\"@id\":\"https:\\\/\\\/sysmatec.ch\\\/de\\\/Produkt\\\/farbmessgeraet-jcs\\\/#primaryimage\"},\"thumbnailUrl\":\"https:\\\/\\\/sysmatec.ch\\\/wp-content\\\/uploads\\\/2026\\\/01\\\/Colorimetre-KernJCS1.jpg\",\"datePublished\":\"2026-01-24T13:43:53+00:00\",\"dateModified\":\"2026-01-24T14:17:03+00:00\",\"description\":\"Tragbares Kolorimeter, speziell entwickelt zur Messung von Oberfl\u00e4chenfarben (Farben, Textilien usw.).\",\"breadcrumb\":{\"@id\":\"https:\\\/\\\/sysmatec.ch\\\/de\\\/Produkt\\\/farbmessgeraet-jcs\\\/#breadcrumb\"},\"inLanguage\":\"de\",\"potentialAction\":[{\"@type\":\"ReadAction\",\"target\":[\"https:\\\/\\\/sysmatec.ch\\\/de\\\/Produkt\\\/farbmessgeraet-jcs\\\/\"]}]},{\"@type\":\"ImageObject\",\"inLanguage\":\"de\",\"@id\":\"https:\\\/\\\/sysmatec.ch\\\/de\\\/Produkt\\\/farbmessgeraet-jcs\\\/#primaryimage\",\"url\":\"https:\\\/\\\/sysmatec.ch\\\/wp-content\\\/uploads\\\/2026\\\/01\\\/Colorimetre-KernJCS1.jpg\",\"contentUrl\":\"https:\\\/\\\/sysmatec.ch\\\/wp-content\\\/uploads\\\/2026\\\/01\\\/Colorimetre-KernJCS1.jpg\",\"width\":479,\"height\":547},{\"@type\":\"BreadcrumbList\",\"@id\":\"https:\\\/\\\/sysmatec.ch\\\/de\\\/Produkt\\\/farbmessgeraet-jcs\\\/#breadcrumb\",\"itemListElement\":[{\"@type\":\"ListItem\",\"position\":1,\"name\":\"Accueil\",\"item\":\"https:\\\/\\\/sysmatec.ch\\\/de\\\/\"},{\"@type\":\"ListItem\",\"position\":2,\"name\":\"Die Aktivit\u00e4t von Sysmatec\",\"item\":\"https:\\\/\\\/sysmatec.ch\\\/de\\\/\"},{\"@type\":\"ListItem\",\"position\":3,\"name\":\"Farbmessger\u00e4t\u00a0JCS\"}]},{\"@type\":\"WebSite\",\"@id\":\"https:\\\/\\\/sysmatec.ch\\\/de\\\/#website\",\"url\":\"https:\\\/\\\/sysmatec.ch\\\/de\\\/\",\"name\":\"Sysmatec\",\"description\":\"Equipement de laboratoire et logiciels\",\"publisher\":{\"@id\":\"https:\\\/\\\/sysmatec.ch\\\/de\\\/#organization\"},\"potentialAction\":[{\"@type\":\"SearchAction\",\"target\":{\"@type\":\"EntryPoint\",\"urlTemplate\":\"https:\\\/\\\/sysmatec.ch\\\/de\\\/?s={search_term_string}\"},\"query-input\":{\"@type\":\"PropertyValueSpecification\",\"valueRequired\":true,\"valueName\":\"search_term_string\"}}],\"inLanguage\":\"de\"},{\"@type\":\"Organization\",\"@id\":\"https:\\\/\\\/sysmatec.ch\\\/de\\\/#organization\",\"name\":\"Sysmatec\",\"url\":\"https:\\\/\\\/sysmatec.ch\\\/de\\\/\",\"logo\":{\"@type\":\"ImageObject\",\"inLanguage\":\"de\",\"@id\":\"https:\\\/\\\/sysmatec.ch\\\/de\\\/#\\\/schema\\\/logo\\\/image\\\/\",\"url\":\"https:\\\/\\\/sysmatec.ch\\\/wp-content\\\/uploads\\\/2018\\\/11\\\/LogoSysmatec.jpg\",\"contentUrl\":\"https:\\\/\\\/sysmatec.ch\\\/wp-content\\\/uploads\\\/2018\\\/11\\\/LogoSysmatec.jpg\",\"width\":301,\"height\":297,\"caption\":\"Sysmatec\"},\"image\":{\"@id\":\"https:\\\/\\\/sysmatec.ch\\\/de\\\/#\\\/schema\\\/logo\\\/image\\\/\"}}]}<\/script>\n<!-- \/ Yoast SEO plugin. -->","yoast_head_json":{"title":"Farbmessger\u00e4t\u00a0JCS - Sysmatec","description":"Tragbares Kolorimeter, speziell entwickelt zur Messung von Oberfl\u00e4chenfarben (Farben, Textilien usw.).","robots":{"index":"index","follow":"follow","max-snippet":"max-snippet:-1","max-image-preview":"max-image-preview:large","max-video-preview":"max-video-preview:-1"},"canonical":"https:\/\/sysmatec.ch\/de\/Produkt\/farbmessgeraet-jcs\/","og_locale":"de_DE","og_type":"article","og_title":"Farbmessger\u00e4t\u00a0JCS - Sysmatec","og_description":"Tragbares Kolorimeter, speziell entwickelt zur Messung von Oberfl\u00e4chenfarben (Farben, Textilien usw.).","og_url":"https:\/\/sysmatec.ch\/de\/Produkt\/farbmessgeraet-jcs\/","og_site_name":"Sysmatec","article_modified_time":"2026-01-24T14:17:03+00:00","og_image":[{"width":479,"height":547,"url":"https:\/\/sysmatec.ch\/wp-content\/uploads\/2026\/01\/Colorimetre-KernJCS1.jpg","type":"image\/jpeg"}],"twitter_card":"summary_large_image","twitter_misc":{"Gesch\u00e4tzte Lesezeit":"3\u00a0Minuten"},"schema":{"@context":"https:\/\/schema.org","@graph":[{"@type":"WebPage","@id":"https:\/\/sysmatec.ch\/de\/Produkt\/farbmessgeraet-jcs\/","url":"https:\/\/sysmatec.ch\/de\/Produkt\/farbmessgeraet-jcs\/","name":"Farbmessger\u00e4t\u00a0JCS - Sysmatec","isPartOf":{"@id":"https:\/\/sysmatec.ch\/de\/#website"},"primaryImageOfPage":{"@id":"https:\/\/sysmatec.ch\/de\/Produkt\/farbmessgeraet-jcs\/#primaryimage"},"image":{"@id":"https:\/\/sysmatec.ch\/de\/Produkt\/farbmessgeraet-jcs\/#primaryimage"},"thumbnailUrl":"https:\/\/sysmatec.ch\/wp-content\/uploads\/2026\/01\/Colorimetre-KernJCS1.jpg","datePublished":"2026-01-24T13:43:53+00:00","dateModified":"2026-01-24T14:17:03+00:00","description":"Tragbares Kolorimeter, speziell entwickelt zur Messung von Oberfl\u00e4chenfarben (Farben, Textilien usw.).","breadcrumb":{"@id":"https:\/\/sysmatec.ch\/de\/Produkt\/farbmessgeraet-jcs\/#breadcrumb"},"inLanguage":"de","potentialAction":[{"@type":"ReadAction","target":["https:\/\/sysmatec.ch\/de\/Produkt\/farbmessgeraet-jcs\/"]}]},{"@type":"ImageObject","inLanguage":"de","@id":"https:\/\/sysmatec.ch\/de\/Produkt\/farbmessgeraet-jcs\/#primaryimage","url":"https:\/\/sysmatec.ch\/wp-content\/uploads\/2026\/01\/Colorimetre-KernJCS1.jpg","contentUrl":"https:\/\/sysmatec.ch\/wp-content\/uploads\/2026\/01\/Colorimetre-KernJCS1.jpg","width":479,"height":547},{"@type":"BreadcrumbList","@id":"https:\/\/sysmatec.ch\/de\/Produkt\/farbmessgeraet-jcs\/#breadcrumb","itemListElement":[{"@type":"ListItem","position":1,"name":"Accueil","item":"https:\/\/sysmatec.ch\/de\/"},{"@type":"ListItem","position":2,"name":"Die Aktivit\u00e4t von Sysmatec","item":"https:\/\/sysmatec.ch\/de\/"},{"@type":"ListItem","position":3,"name":"Farbmessger\u00e4t\u00a0JCS"}]},{"@type":"WebSite","@id":"https:\/\/sysmatec.ch\/de\/#website","url":"https:\/\/sysmatec.ch\/de\/","name":"Sysmatec","description":"Equipement de laboratoire et logiciels","publisher":{"@id":"https:\/\/sysmatec.ch\/de\/#organization"},"potentialAction":[{"@type":"SearchAction","target":{"@type":"EntryPoint","urlTemplate":"https:\/\/sysmatec.ch\/de\/?s={search_term_string}"},"query-input":{"@type":"PropertyValueSpecification","valueRequired":true,"valueName":"search_term_string"}}],"inLanguage":"de"},{"@type":"Organization","@id":"https:\/\/sysmatec.ch\/de\/#organization","name":"Sysmatec","url":"https:\/\/sysmatec.ch\/de\/","logo":{"@type":"ImageObject","inLanguage":"de","@id":"https:\/\/sysmatec.ch\/de\/#\/schema\/logo\/image\/","url":"https:\/\/sysmatec.ch\/wp-content\/uploads\/2018\/11\/LogoSysmatec.jpg","contentUrl":"https:\/\/sysmatec.ch\/wp-content\/uploads\/2018\/11\/LogoSysmatec.jpg","width":301,"height":297,"caption":"Sysmatec"},"image":{"@id":"https:\/\/sysmatec.ch\/de\/#\/schema\/logo\/image\/"}}]}},"_links":{"self":[{"href":"https:\/\/sysmatec.ch\/de\/wp-json\/wp\/v2\/product\/31775","targetHints":{"allow":["GET"]}}],"collection":[{"href":"https:\/\/sysmatec.ch\/de\/wp-json\/wp\/v2\/product"}],"about":[{"href":"https:\/\/sysmatec.ch\/de\/wp-json\/wp\/v2\/types\/product"}],"wp:featuredmedia":[{"embeddable":true,"href":"https:\/\/sysmatec.ch\/de\/wp-json\/wp\/v2\/media\/31779"}],"wp:attachment":[{"href":"https:\/\/sysmatec.ch\/de\/wp-json\/wp\/v2\/media?parent=31775"}],"wp:term":[{"taxonomy":"product_brand","embeddable":true,"href":"https:\/\/sysmatec.ch\/de\/wp-json\/wp\/v2\/product_brand?post=31775"},{"taxonomy":"product_cat","embeddable":true,"href":"https:\/\/sysmatec.ch\/de\/wp-json\/wp\/v2\/product_cat?post=31775"},{"taxonomy":"product_tag","embeddable":true,"href":"https:\/\/sysmatec.ch\/de\/wp-json\/wp\/v2\/product_tag?post=31775"}],"curies":[{"name":"wp","href":"https:\/\/api.w.org\/{rel}","templated":true}]}}